{"id":1486,"date":"2026-04-07T10:12:35","date_gmt":"2026-04-07T10:12:35","guid":{"rendered":"https:\/\/nhatnam.libion.me\/index.php\/product\/tu-bep-khung-inox-canh-nhom\/"},"modified":"2026-04-07T10:12:35","modified_gmt":"2026-04-07T10:12:35","slug":"tu-bep-khung-inox-canh-nhom","status":"publish","type":"product","link":"https:\/\/nhatnam.libion.me\/index.php\/product\/tu-bep-khung-inox-canh-nhom\/","title":{"rendered":"T\u1ee7 B\u1ebfp Khung Inox C\u00e1nh Nh\u00f4m"},"content":{"rendered":"<p style=\"text-align: justify;\"><span style=\"font-weight: 400;\">Trong xu h\u01b0\u1edbng thi\u1ebft k\u1ebf n\u1ed9i th\u1ea5t hi\u1ec7n \u0111\u1ea1i, <\/span>t\u1ee7 b\u1ebfp khung Inox c\u00e1nh nh\u00f4m<span style=\"font-weight: 400;\"> \u0111ang tr\u1edf th\u00e0nh s\u1ef1 l\u1ef1a ch\u1ecdn h\u00e0ng \u0111\u1ea7u c\u1ee7a nhi\u1ec1u gia \u0111\u00ecnh. V\u1edbi s\u1ef1 k\u1ebft h\u1ee3p ho\u00e0n h\u1ea3o gi\u1eefa khung Inox b\u1ec1n b\u1ec9 v\u00e0 c\u00e1nh nh\u00f4m sang tr\u1ecdng, s\u1ea3n ph\u1ea9m n\u00e0y kh\u00f4ng ch\u1ec9 mang l\u1ea1i t\u00ednh th\u1ea9m m\u1ef9 cao m\u00e0 c\u00f2n \u0111\u00e1p \u1ee9ng nhu c\u1ea7u s\u1eed d\u1ee5ng l\u00e2u d\u00e0i. <\/span><\/p>\n<p style=\"text-align: justify;\"><span style=\"font-weight: 400;\">H\u00e3y c\u00f9ng Nh\u1ea5t Nam kh\u00e1m ph\u00e1 nh\u1eefng \u01b0u \u0111i\u1ec3m n\u1ed5i b\u1eadt v\u00e0 l\u00fd do b\u1ea1n n\u00ean s\u1edf h\u1eefu ngay m\u1ed9t b\u1ed9 t\u1ee7 b\u1ebfp khung Inox c\u00e1nh nh\u00f4m cho c\u0103n b\u1ebfp c\u1ee7a m\u00ecnh.<\/span><\/p>\n<h2 style=\"text-align: justify;\"><b>1. S\u01a1 l\u01b0\u1ee3c t\u1ee7 b\u1ebfp khung Inox c\u00e1nh nh\u00f4m<br \/>\n<img loading=\"lazy\" decoding=\"async\" class=\"aligncenter wp-image-5087 size-full\" src=\"https:\/\/nhatnam.org\/wp-content\/uploads\/2025\/03\/IMG_20220705_102200nhom_hop_kim.jpg\" alt=\"T\u1ee7 B\u1ebfp Khung Inox C\u00e1nh Nh\u00f4m\" width=\"1280\" height=\"960\" \/><br \/>\n<\/b><\/h2>\n<p style=\"text-align: justify;\"><strong>Kh\u00e1i ni\u1ec7m t\u1ee7 b\u1ebfp khung Inox c\u00e1nh nh\u00f4m<\/strong><\/p>\n<p style=\"text-align: justify;\"><span style=\"font-weight: 400;\">T\u1ee7 b\u1ebfp khung Inox c\u00e1nh nh\u00f4m l\u00e0 s\u1ea3n ph\u1ea9m \u0111\u01b0\u1ee3c thi\u1ebft k\u1ebf t\u1eeb 2 nguy\u00ean li\u1ec7u ch\u00ednh l\u00e0 Inox v\u00e0 nh\u00f4m, mang l\u1ea1i s\u1ef1 k\u1ebft h\u1ee3p l\u00fd t\u01b0\u1edfng gi\u1eefa \u0111\u1ed9 b\u1ec1n v\u00e0 t\u00ednh th\u1ea9m m\u1ef9. Khung Inox kh\u00f4ng ch\u1ec9 mang l\u1ea1i \u0111\u1ed9 ch\u1eafc ch\u1eafn cho t\u1ee7 m\u00e0 c\u00f2n gi\u00fap t\u1ee7 b\u1ebfp ch\u1ed1ng g\u1ec9, ch\u1ed1ng \u0103n m\u00f2n khi ti\u1ebfp x\u00fac v\u1edbi m\u00f4i tr\u01b0\u1eddng \u1ea9m \u01b0\u1edbt c\u1ee7a b\u1ebfp. C\u00e1nh nh\u00f4m, m\u1eb7c d\u00f9 nh\u1eb9 h\u01a1n Inox nh\u01b0ng kh\u00f4ng k\u00e9m ph\u1ea7n b\u1ec1n b\u1ec9 v\u00e0 c\u00f3 kh\u1ea3 n\u0103ng ch\u1ed1ng l\u1ea1i nh\u1eefng t\u00e1c \u0111\u1ed9ng t\u1eeb b\u00ean ngo\u00e0i.<\/span><\/p>\n<p style=\"text-align: justify;\"><strong>L\u00fd do t\u1ee7 b\u1ebfp khung Inox c\u00e1nh nh\u00f4m l\u1ef1a ch\u1ecdn ph\u1ed5 bi\u1ebfn<\/strong><\/p>\n<p style=\"text-align: justify;\"><span style=\"font-weight: 400;\">L\u00fd do t\u1ee7 b\u1ebfp khung Inox c\u00e1nh nh\u00f4m \u0111\u01b0\u1ee3c y\u00eau th\u00edch l\u00e0 do s\u1ef1 k\u1ebft h\u1ee3p ho\u00e0n h\u1ea3o gi\u1eefa th\u1ea9m m\u1ef9, c\u00f4ng n\u0103ng v\u00e0 \u0111\u1ed9 b\u1ec1n. S\u1ea3n ph\u1ea9m \u0111\u01b0\u1ee3c l\u00e0m t\u1eeb Inox cao c\u1ea5p c\u00f3 kh\u1ea3 n\u0103ng ch\u1ecbu l\u1ef1c t\u1ed1t v\u00e0 ch\u1ed1ng l\u1ea1i s\u1ef1 \u0103n m\u00f2n, trong khi\u00a0 c\u00e1nh nh\u00f4m gi\u00fap gi\u1ea3m tr\u1ecdng l\u01b0\u1ee3ng, d\u1ec5 d\u00e0ng m\u1edf \u0111\u00f3ng m\u00e0 v\u1eabn b\u1ea3o \u0111\u1ea3m \u0111\u1ed9 b\u1ec1n l\u00e2u d\u00e0i. \u0110\u00e2y l\u00e0 s\u1ef1 l\u1ef1a ch\u1ecdn ho\u00e0n h\u1ea3o cho nh\u1eefng kh\u00f4ng gian b\u1ebfp hi\u1ec7n \u0111\u1ea1i, \u0111\u1ed3ng th\u1eddi c\u0169ng d\u1ec5 d\u00e0ng k\u1ebft h\u1ee3p v\u1edbi c\u00e1c thi\u1ebft b\u1ecb v\u00e0 n\u1ed9i th\u1ea5t kh\u00e1c.<\/span><\/p>\n<p>[block id=&#8221;7478&#8243;]<\/p>\n<h2 style=\"text-align: justify;\"><b>2. C\u1ea5u t\u1ea1o t\u1ee7 b\u1ebfp khung Inox c\u00e1nh nh\u00f4m<\/b><\/h2>\n<h3 style=\"text-align: justify;\"><strong>Khung, th\u00f9ng Inox 304<br \/>\n<\/strong><\/h3>\n<figure id=\"attachment_4617\" aria-describedby=\"caption-attachment-4617\" style=\"width: 1280px\" class=\"wp-caption aligncenter\"><img loading=\"lazy\" decoding=\"async\" class=\"wp-image-4617 size-full\" src=\"https:\/\/nhatnam.org\/wp-content\/uploads\/2025\/02\/inox_NHAT_NAM124.jpg\" alt=\"T\u1ee7 B\u1ebfp Khung Inox C\u00e1nh Nh\u00f4m\" width=\"1280\" height=\"960\" \/><figcaption id=\"caption-attachment-4617\" class=\"wp-caption-text\">Th\u00f9ng t\u1ee7 b\u1ebfp Inox 304 cao c\u1ea5p, kh\u00f4ng m\u1ed1i h\u00e0n<\/figcaption><\/figure>\n<p style=\"text-align: justify;\"><span style=\"font-weight: 400;\">Khung t\u1ee7 b\u1ebfp Inox \u0111\u00f3ng vai tr\u00f2 quan tr\u1ecdng trong vi\u1ec7c \u0111\u1ea3m b\u1ea3o \u0111\u1ed9 b\u1ec1n v\u00e0 s\u1ef1 v\u1eefng ch\u1eafc c\u1ee7a t\u1ee7 b\u1ebfp. \u0110\u01b0\u1ee3c gia c\u00f4ng t\u1eeb Inox 304 cao c\u1ea5p v\u1edbi c\u00e1c t\u1ea5m Inox c\u00f3 \u0111\u1ed9 d\u00e0y kho\u1ea3ng 0,5mm, b\u1ec1 m\u1eb7t Inox th\u01b0\u1eddng \u0111\u01b0\u1ee3c x\u1eed l\u00fd d\u1eadp v\u00e2n s\u1ea7n Caro ho\u1eb7c S\u1ecdc Hairline, gi\u00fap t\u0103ng kh\u1ea3 n\u0103ng ch\u1ed1ng \u0103n m\u00f2n v\u00e0 ch\u1ed1ng g\u1ec9 s\u00e9t hi\u1ec7u qu\u1ea3. Nh\u1edd \u0111\u00f3, khung Inox \u0111\u1eb7c bi\u1ec7t ph\u00f9 h\u1ee3p v\u1edbi m\u00f4i tr\u01b0\u1eddng b\u1ebfp c\u00f3 \u0111\u1ed9 \u1ea9m cao. B\u00ean c\u1ea1nh \u0111\u00f3, ch\u1ea5t li\u1ec7u n\u00e0y c\u00f2n c\u00f3 \u0111\u1ed9 ch\u1ecbu l\u1ef1c v\u01b0\u1ee3t tr\u1ed9i, gi\u00fap t\u1ee7 b\u1ebfp lu\u00f4n gi\u1eef \u0111\u01b0\u1ee3c form d\u00e1ng b\u1ec1n v\u1eefng theo th\u1eddi gian<\/span><span style=\"font-weight: 400;\">.<\/span><\/p>\n<h3 style=\"text-align: justify;\"><strong>C\u00e1nh nh\u00f4m k\u00ednh<br \/>\n<\/strong><\/h3>\n<p style=\"text-align: justify;\"><span style=\"font-weight: 400;\">C\u00e1nh t\u1ee7 nh\u00f4m c\u00f3 th\u1ec3 \u0111\u01b0\u1ee3c s\u01a1n ph\u1ee7 l\u1edbp s\u01a1n t\u0129nh \u0111i\u1ec7n ho\u1eb7c anodized, t\u1ea1o ra m\u1ed9t l\u1edbp b\u1ea3o v\u1ec7 ngo\u00e0i c\u00f9ng, gi\u00fap nh\u00f4m kh\u00f4ng b\u1ecb phai m\u00e0u v\u00e0 duy tr\u00ec v\u1ebb \u0111\u1eb9p l\u00e2u d\u00e0i. M\u00e0u s\u1eafc c\u1ee7a c\u00e1nh nh\u00f4m c\u0169ng r\u1ea5t \u0111a d\u1ea1ng, t\u1eeb m\u00e0u s\u00e1ng nh\u01b0 tr\u1eafng, b\u1ea1c, \u0111\u1ebfn c\u00e1c m\u00e0u t\u1ed1i nh\u01b0 \u0111en, x\u00e1m, gi\u00fap d\u1ec5 d\u00e0ng k\u1ebft h\u1ee3p v\u1edbi c\u00e1c n\u1ed9i th\u1ea5t kh\u00e1c.<\/span><\/p>\n<p style=\"text-align: justify;\"><span style=\"font-weight: 400;\">C\u00e1nh t\u1ee7 \u0111\u01b0\u1ee3c l\u00e0m t\u1eeb nh\u00f4m mang \u0111\u1ebfn m\u1ed9t s\u1ed1 \u01b0u \u0111i\u1ec3m n\u1ed5i b\u1eadt. Nh\u00f4m l\u00e0 m\u1ed9t v\u1eadt li\u1ec7u nh\u1eb9, d\u1ec5 gia c\u00f4ng v\u00e0 c\u00f3 th\u1ec3 t\u1ea1o h\u00ecnh linh ho\u1ea1t, t\u1eeb \u0111\u00f3 t\u1ea1o n\u00ean nh\u1eefng c\u00e1nh t\u1ee7 hi\u1ec7n \u0111\u1ea1i v\u00e0 tinh t\u1ebf. C\u00e1nh nh\u00f4m kh\u00f4ng ch\u1ec9 d\u1ec5 d\u00e0ng m\u1edf ra, \u0111\u00f3ng v\u00e0o m\u00e0 c\u00f2n kh\u00f4ng b\u1ecb bi\u1ebfn d\u1ea1ng hay cong v\u00eanh theo th\u1eddi gian, gi\u00fap duy tr\u00ec t\u00ednh th\u1ea9m m\u1ef9 c\u1ee7a t\u1ee7 b\u1ebfp.<\/span><\/p>\n<h3 style=\"text-align: justify;\"><strong>Ph\u1ee5 ki\u1ec7n t\u1ee7 b\u1ebfp<br \/>\n<\/strong><\/h3>\n<p style=\"text-align: justify;\"><span style=\"font-weight: 400;\">B\u1ed9 t\u1ee7 b\u1ebfp c\u00f3 th\u1ec3 \u0111i k\u00e8m nhi\u1ec1u ph\u1ee5 ki\u1ec7n nh\u01b0 ch\u1eadu r\u1eeda, k\u1ec7 \u00fap ch\u00e9n b\u00e1t, gi\u00e1 \u0111\u1ec3 dao k\u00e9o, k\u1ec7 \u0111\u1ef1ng \u0111\u0129a, th\u00f9ng \u0111\u1ef1ng g\u1ea1o, th\u00f9ng r\u00e1c\u2026 t\u00f9y theo nhu c\u1ea7u s\u1eed d\u1ee5ng v\u00e0 s\u1edf th\u00edch c\u1ee7a t\u1eebng kh\u00e1ch h\u00e0ng.<\/span><\/p>\n<p style=\"text-align: justify;\"><span style=\"font-weight: 400;\">Nh\u1ea5t Nam s\u1ebd t\u01b0 v\u1ea5n v\u00e0 \u0111\u1ec1 xu\u1ea5t gi\u1ea3i ph\u00e1p ph\u00f9 h\u1ee3p, \u0111\u1ea3m b\u1ea3o t\u00ednh ti\u1ec7n \u00edch v\u00e0 c\u00f4ng n\u0103ng, gi\u00fap kh\u00f4ng gian b\u1ebfp tr\u1edf n\u00ean g\u1ecdn g\u00e0ng, ti\u1ec7n nghi h\u01a1n.<\/span><\/p>\n<p>[block id=&#8221;7478&#8243;]<\/p>\n<h2 style=\"text-align: justify;\"><b>3. \u01afu \u0111i\u1ec3m n\u1ed5i b\u1eadt c\u1ee7a t\u1ee7 b\u1ebfp khung Inox c\u00e1nh nh\u00f4m<br \/>\n<\/b><\/h2>\n<figure id=\"attachment_5063\" aria-describedby=\"caption-attachment-5063\" style=\"width: 1280px\" class=\"wp-caption aligncenter\"><img loading=\"lazy\" decoding=\"async\" class=\"wp-image-5063 size-full\" src=\"https:\/\/nhatnam.org\/wp-content\/uploads\/2025\/03\/Inox_canh_kinh_son_mau02.jpg\" alt=\"T\u1ee7 B\u1ebfp Khung Inox C\u00e1nh Nh\u00f4m\" width=\"1280\" height=\"960\" \/><figcaption id=\"caption-attachment-5063\" class=\"wp-caption-text\">M\u1eabu t\u1ee7 b\u1ebfp khung Inox c\u00e1nh nh\u00f4m k\u00ednh<\/figcaption><\/figure>\n<p style=\"text-align: justify;\"><strong>\u0110\u1ed9 b\u1ec1n v\u01b0\u1ee3t tr\u1ed9i<\/strong><\/p>\n<p style=\"text-align: justify;\"><span style=\"font-weight: 400;\">Khung Inox l\u00e0 v\u1eadt li\u1ec7u n\u1ed5i ti\u1ebfng v\u1edbi kh\u1ea3 n\u0103ng ch\u1ed1ng g\u1ec9, ch\u1ecbu l\u1ef1c t\u1ed1t v\u00e0 kh\u00f4ng b\u1ecb bi\u1ebfn d\u1ea1ng theo th\u1eddi gian. \u0110\u1eb7c bi\u1ec7t, trong m\u00f4i tr\u01b0\u1eddng \u1ea9m \u01b0\u1edbt nh\u01b0 nh\u00e0 b\u1ebfp, Inox gi\u00fap t\u1ee7 b\u1ebfp kh\u00f4ng b\u1ecb \u1ea9m m\u1ed1c hay xu\u1ed1ng c\u1ea5p. K\u1ebft h\u1ee3p v\u1edbi c\u00e1nh nh\u00f4m cao c\u1ea5p, t\u1ee7 b\u1ebfp khung Inox c\u00e1nh nh\u00f4m mang \u0111\u1ebfn \u0111\u1ed9 b\u1ec1n v\u01b0\u1ee3t tr\u1ed9i, \u0111\u1ea3m b\u1ea3o s\u1eed d\u1ee5ng l\u00e2u d\u00e0i m\u00e0 kh\u00f4ng lo h\u1ecfng h\u00f3c.<\/span><\/p>\n<p style=\"text-align: justify;\"><strong>Thi\u1ebft k\u1ebf sang tr\u1ecdng, hi\u1ec7n \u0111\u1ea1i<\/strong><\/p>\n<p style=\"text-align: justify;\">C\u00e1nh nh\u00f4m \u0111\u01b0\u1ee3c thi\u1ebft k\u1ebf \u0111a d\u1ea1ng v\u1ec1 m\u00e0u s\u1eafc v\u00e0 ki\u1ec3u d\u00e1ng, t\u1eeb t\u1ed1i gi\u1ea3n \u0111\u1ebfn hi\u1ec7n \u0111\u1ea1i, d\u1ec5 d\u00e0ng h\u00e0i h\u00f2a v\u1edbi m\u1ecdi kh\u00f4ng gian b\u1ebfp. B\u1ec1 m\u1eb7t c\u00f3 th\u1ec3 \u0111\u01b0\u1ee3c ph\u1ee7 s\u01a1n t\u0129nh \u0111i\u1ec7n ho\u1eb7c laminate, gi\u00fap t\u0103ng \u0111\u1ed9 b\u1ec1n, t\u1ea1o v\u1ebb b\u00f3ng \u0111\u1eb9p v\u00e0 sang tr\u1ecdng. Khi k\u1ebft h\u1ee3p c\u00f9ng k\u00ednh c\u01b0\u1eddng l\u1ef1c, t\u1ee7 b\u1ebfp khung inox c\u00e1nh nh\u00f4m kh\u00f4ng ch\u1ec9 b\u1ec1n ch\u1eafc m\u00e0 c\u00f2n to\u00e1t l\u00ean n\u00e9t tinh t\u1ebf, hi\u1ec7n \u0111\u1ea1i, mang \u0111\u1ebfn kh\u00f4ng gian b\u1ebfp sang tr\u1ecdng v\u00e0 ti\u1ec7n nghi.<\/p>\n<p style=\"text-align: justify;\"><strong>D\u1ec5 d\u00e0ng v\u1ec7 sinh v\u00e0 b\u1ea3o d\u01b0\u1ee1ng<\/strong><\/p>\n<p style=\"text-align: justify;\"><span style=\"font-weight: 400;\">M\u1ed9t trong nh\u1eefng \u01b0u \u0111i\u1ec3m l\u1edbn nh\u1ea5t c\u1ee7a t\u1ee7 b\u1ebfp khung Inox c\u00e1nh nh\u00f4m l\u00e0 kh\u1ea3 n\u0103ng ch\u1ed1ng b\u00e1m b\u1ee5i v\u00e0 d\u1ec5 d\u00e0ng v\u1ec7 sinh. B\u1ec1 m\u1eb7t Inox v\u00e0 nh\u00f4m kh\u00f4ng th\u1ea5m n\u01b0\u1edbc, kh\u00f4ng b\u1ecb \u1ed1 v\u00e0ng hay b\u00e1m d\u1ea7u m\u1ee1, gi\u00fap vi\u1ec7c lau ch\u00f9i tr\u1edf n\u00ean nhanh ch\u00f3ng v\u00e0 ti\u1ec7n l\u1ee3i. \u0110i\u1ec1u n\u00e0y \u0111\u1eb7c bi\u1ec7t ph\u00f9 h\u1ee3p v\u1edbi nh\u1eefng gia \u0111\u00ecnh b\u1eadn r\u1ed9n, kh\u00f4ng c\u00f3 nhi\u1ec1u th\u1eddi gian d\u1ecdn d\u1eb9p.<\/span><\/p>\n<p style=\"text-align: justify;\"><strong>Ti\u1ebft ki\u1ec7m chi ph\u00ed l\u00e2u d\u00e0i<\/strong><\/p>\n<p style=\"text-align: justify;\"><span style=\"font-weight: 400;\">M\u1eb7c d\u00f9 chi ph\u00ed \u0111\u1ea7u t\u01b0 ban \u0111\u1ea7u c\u00f3 th\u1ec3 cao h\u01a1n so v\u1edbi c\u00e1c lo\u1ea1i t\u1ee7 b\u1ebfp th\u00f4ng th\u01b0\u1eddng, nh\u01b0ng t\u1ee7 b\u1ebfp khung Inox c\u00e1nh nh\u00f4m l\u1ea1i gi\u00fap b\u1ea1n ti\u1ebft ki\u1ec7m chi ph\u00ed trong th\u1eddi gian d\u00e0i. Nh\u1edd \u0111\u1ed9 b\u1ec1n cao v\u00e0 \u00edt h\u1ecfng h\u00f3c, b\u1ea1n s\u1ebd kh\u00f4ng c\u1ea7n t\u1ed1n k\u00e9m cho vi\u1ec7c s\u1eeda ch\u1eefa hay thay th\u1ebf.<\/span><\/p>\n<p style=\"text-align: justify;\"><strong>An to\u00e0n cho s\u1ee9c kh\u1ecfe<\/strong><\/p>\n<p style=\"text-align: justify;\"><span style=\"font-weight: 400;\">Inox v\u00e0 nh\u00f4m l\u00e0 hai v\u1eadt li\u1ec7u an to\u00e0n, kh\u00f4ng ch\u1ee9a ch\u1ea5t \u0111\u1ed9c h\u1ea1i, \u0111\u1ea3m b\u1ea3o an to\u00e0n cho s\u1ee9c kh\u1ecfe ng\u01b0\u1eddi s\u1eed d\u1ee5ng. \u0110\u1eb7c bi\u1ec7t, b\u1ec1 m\u1eb7t Inox kh\u00f4ng b\u1ecb oxy h\u00f3a, kh\u00f4ng sinh ra c\u00e1c ch\u1ea5t c\u00f3 h\u1ea1i khi ti\u1ebfp x\u00fac v\u1edbi nhi\u1ec7t \u0111\u1ed9 cao, gi\u00fap b\u1ea1n y\u00ean t\u00e2m h\u01a1n khi s\u1eed d\u1ee5ng.<\/span><\/p>\n<h2 style=\"text-align: justify;\"><b>4. B\u00e1o gi\u00e1 t\u1ee7 b\u1ebfp khung Inox c\u00e1nh nh\u00f4m<\/b><\/h2>\n<p style=\"text-align: justify;\"><span style=\"font-weight: 400;\">Gi\u00e1 th\u00e0nh c\u1ee7a t\u1ee7 b\u1ebfp khung Inox c\u00e1nh nh\u00f4m ph\u1ee5 thu\u1ed9c v\u00e0o nhi\u1ec1u y\u1ebfu t\u1ed1 nh\u01b0 k\u00edch th\u01b0\u1edbc, ki\u1ec3u d\u00e1ng, ch\u1ea5t li\u1ec7u v\u00e0 th\u01b0\u01a1ng hi\u1ec7u. Gi\u00e1 t\u1ee7 b\u1ebfp Inox s\u1ebd thay \u0111\u1ed5i t\u00f9y theo thi\u1ebft k\u1ebf, quy tr\u00ecnh s\u1ea3n xu\u1ea5t, thi c\u00f4ng v\u00e0 l\u1eafp \u0111\u1eb7t. M\u1ee9c gi\u00e1 c\u00f3 th\u1ec3 \u0111i\u1ec1u ch\u1ec9nh linh ho\u1ea1t d\u1ef1a tr\u00ean di\u1ec7n t\u00edch c\u0169ng nh\u01b0 y\u00eau c\u1ea7u ri\u00eang c\u1ee7a t\u1eebng kh\u00e1ch h\u00e0ng.<\/span><\/p>\n<p style=\"text-align: justify;\"><span style=\"font-weight: 400;\">\u0110\u1ec3 nh\u1eadn b\u00e1o gi\u00e1 chi ti\u1ebft c\u00f9ng c\u00e1c ch\u01b0\u01a1ng tr\u00ecnh \u01b0u \u0111\u00e3i m\u1edbi nh\u1ea5t, qu\u00fd kh\u00e1ch vui l\u00f2ng li\u00ean h\u1ec7 v\u1edbi Nh\u1ea5t Nam \u0111\u1ec3 \u0111\u01b0\u1ee3c t\u01b0 v\u1ea5n t\u1eadn t\u00ecnh ho\u1eb7c truy c\u1eadp (link).<\/span><\/p>\n<p>[block id=&#8221;7478&#8243;]<\/p>\n<h2 style=\"text-align: justify;\"><b>5. M\u1ed9t s\u1ed1 m\u1eabu t\u1ee7 b\u1ebfp khung Inox c\u00e1nh nh\u00f4m \u0111\u1eb9p, hi\u1ec7n \u0111\u1ea1i<\/b><\/h2>\n<p>D\u01b0\u1edbi \u0111\u00e2y l\u00e0 nh\u1eefng m\u1eabu t\u1ee7 b\u1ebfp khung Inox c\u00e1nh nh\u00f4m \u0111\u1eb9p, hi\u1ec7n \u0111\u1ea1i:<\/p>\n<p><img loading=\"lazy\" decoding=\"async\" class=\"aligncenter wp-image-3376 size-full\" src=\"https:\/\/nhatnam.org\/wp-content\/uploads\/2024\/12\/tu-bep-inox-Nhat-Nam-70.jpg\" alt=\"Xu H\u01b0\u1edbng Thi\u1ebft K\u1ebf T\u1ee7 B\u1ebfp 2025\" width=\"1280\" height=\"846\" \/><\/p>\n<p><img loading=\"lazy\" decoding=\"async\" class=\"aligncenter wp-image-3364 size-full\" src=\"https:\/\/nhatnam.org\/wp-content\/uploads\/2024\/12\/tu-bep-inox-Nhat-Nam-58.jpg\" alt=\"\" width=\"1280\" height=\"720\" \/><\/p>\n<p><img loading=\"lazy\" decoding=\"async\" class=\"aligncenter wp-image-3361 size-full\" src=\"https:\/\/nhatnam.org\/wp-content\/uploads\/2024\/12\/tu-bep-inox-Nhat-Nam-55.jpg\" alt=\"D\u00f2ng T\u1ee7 B\u1ebfp Nh\u00f4m K\u00ednh Gi\u00e1 R\u1ebb, Ch\u1ea5t L\u01b0\u1ee3ng T\u1ed1t\u00a0\" width=\"1280\" height=\"1280\" \/><\/p>\n<p><img loading=\"lazy\" decoding=\"async\" class=\"aligncenter wp-image-3324 size-full\" src=\"https:\/\/nhatnam.org\/wp-content\/uploads\/2024\/12\/tu-bep-inox-Nhat-Nam-18.jpg\" alt=\" t\u1ee7 b\u1ebfp khung Inox c\u00e1nh nh\u00f4m \" width=\"1280\" height=\"720\" \/><\/p>\n<p><img loading=\"lazy\" decoding=\"async\" class=\"aligncenter wp-image-4757 size-full\" src=\"https:\/\/nhatnam.org\/wp-content\/uploads\/2025\/02\/21-7.jpg\" alt=\"T\u1ee7 b\u1ebfp khung inox c\u00e1nh nh\u00f4m\" width=\"1280\" height=\"960\" \/><\/p>\n<h2 style=\"text-align: justify;\"><b>6. \u0110\u1ecba ch\u1ec9 thi\u1ebft k\u1ebf thi c\u00f4ng t\u1ee7 b\u1ebfp khung Inox c\u00e1nh nh\u00f4m uy t\u00edn<\/b><\/h2>\n<figure id=\"attachment_4618\" aria-describedby=\"caption-attachment-4618\" style=\"width: 1280px\" class=\"wp-caption aligncenter\"><img loading=\"lazy\" decoding=\"async\" class=\"wp-image-4618 size-full\" src=\"https:\/\/nhatnam.org\/wp-content\/uploads\/2025\/02\/inox_NHAT_NAM125.jpg\" alt=\"T\u1ee7 b\u1ebfp khung Inox c\u00e1nh nh\u00f4m\" width=\"1280\" height=\"960\" \/><figcaption id=\"caption-attachment-4618\" class=\"wp-caption-text\">Nh\u1ea5t Nam s\u1edf h\u1eefu h\u1ec7 th\u1ed1ng nh\u00e0 x\u01b0\u1edfng v\u1edbi trang thi\u1ebft b\u1ecb m\u00e1y m\u00f3c hi\u1ec7n \u0111\u1ea1i.<\/figcaption><\/figure>\n<p style=\"text-align: justify;\"><span style=\"font-weight: 400;\">N\u1ebfu b\u1ea1n \u0111ang t\u00ecm ki\u1ebfm m\u1ed9t \u0111\u01a1n v\u1ecb uy t\u00edn chuy\u00ean thi\u1ebft k\u1ebf v\u00e0 thi c\u00f4ng t\u1ee7 b\u1ebfp khung Inox c\u00e1nh nh\u00f4m ch\u1ea5t l\u01b0\u1ee3ng, Nh\u1ea5t Nam ch\u00ednh l\u00e0 l\u1ef1a ch\u1ecdn l\u00fd t\u01b0\u1edfng. V\u1edbi nhi\u1ec1u n\u0103m kinh nghi\u1ec7m trong ng\u00e0nh n\u1ed9i th\u1ea5t, ch\u00fang t\u00f4i cam k\u1ebft mang \u0111\u1ebfn nh\u1eefng s\u1ea3n ph\u1ea9m kh\u00f4ng ch\u1ec9 b\u1ec1n \u0111\u1eb9p m\u00e0 c\u00f2n \u0111\u00e1p \u1ee9ng m\u1ecdi ti\u00eau chu\u1ea9n kh\u1eaft khe v\u1ec1 ch\u1ea5t l\u01b0\u1ee3ng v\u00e0 th\u1ea9m m\u1ef9.<\/span><\/p>\n<p>[block id=&#8221;7478&#8243;]<\/p>\n<p style=\"text-align: justify;\"><span style=\"font-weight: 400;\">Ch\u00fang t\u00f4i kh\u00f4ng ch\u1ec9 ch\u00fa tr\u1ecdng \u0111\u1ebfn ch\u1ea5t l\u01b0\u1ee3ng s\u1ea3n ph\u1ea9m, m\u00e0 c\u00f2n \u0111\u1ea3m b\u1ea3o d\u1ecbch v\u1ee5 thi c\u00f4ng chuy\u00ean nghi\u1ec7p, ho\u00e0n thi\u1ec7n t\u1eebng chi ti\u1ebft theo y\u00eau c\u1ea7u c\u1ee7a kh\u00e1ch h\u00e0ng. D\u01b0\u1edbi \u0111\u00e2y l\u00e0 l\u00fd do t\u1ea1i sao kh\u00e1ch h\u00e0ng lu\u00f4n tin t\u01b0\u1edfng l\u1ef1a ch\u1ecdn Nh\u1ea5t Nam:<\/span><\/p>\n<ul style=\"text-align: justify;\">\n<li style=\"font-weight: 400;\" aria-level=\"1\"><b>S\u1ea3n ph\u1ea9m ch\u1ea5t l\u01b0\u1ee3ng cao<\/b><span style=\"font-weight: 400;\">: T\u1ee7 b\u1ebfp c\u1ee7a ch\u00fang t\u00f4i c\u00f3 \u0111\u1ed9 b\u1ec1n v\u01b0\u1ee3t tr\u1ed9i, ch\u1ecbu l\u1ef1c t\u1ed1t, ch\u1ed1ng m\u1ed1i m\u1ecdt, \u1ea9m m\u1ed1c v\u00e0 b\u1ea3o \u0111\u1ea3m \u0111\u1ed9 b\u1ec1n l\u00e2u d\u00e0i theo th\u1eddi gian.<\/span><\/li>\n<li style=\"font-weight: 400;\" aria-level=\"1\"><b>Thi\u1ebft k\u1ebf hi\u1ec7n \u0111\u1ea1i, \u0111a d\u1ea1ng m\u1eabu m\u00e3<\/b><span style=\"font-weight: 400;\">: Ch\u00fang t\u00f4i cung c\u1ea5p c\u00e1c m\u1eabu t\u1ee7 b\u1ebfp phong ph\u00fa, ph\u00f9 h\u1ee3p v\u1edbi m\u1ecdi kh\u00f4ng gian b\u1ebfp, t\u1eeb c\u1ed5 \u0111i\u1ec3n \u0111\u1ebfn hi\u1ec7n \u0111\u1ea1i.<\/span><\/li>\n<li style=\"font-weight: 400;\" aria-level=\"1\"><b>Thi c\u00f4ng nhanh ch\u00f3ng, \u0111\u00fang ti\u1ebfn \u0111\u1ed9<\/b><span style=\"font-weight: 400;\">: \u0110\u1ea3m b\u1ea3o ho\u00e0n th\u00e0nh c\u00f4ng tr\u00ecnh \u0111\u00fang k\u1ebf ho\u1ea1ch, v\u1eeba t\u1ed1i \u01b0u th\u1ea9m m\u1ef9 v\u1eeba \u0111\u1ea1t \u0111\u1ed9 b\u1ec1n v\u1eefng.<\/span><\/li>\n<li style=\"font-weight: 400;\" aria-level=\"1\"><b>Gi\u00e1 c\u1ea3 h\u1ee3p l\u00fd<\/b><span style=\"font-weight: 400;\">: Ch\u00fang t\u00f4i lu\u00f4n mang \u0111\u1ebfn gi\u1ea3i ph\u00e1p t\u1ed1i \u01b0u cho t\u1eebng ng\u00e2n s\u00e1ch, gi\u00fap kh\u00e1ch h\u00e0ng ti\u1ebft ki\u1ec7m m\u00e0 v\u1eabn s\u1edf h\u1eefu s\u1ea3n ph\u1ea9m ch\u1ea5t l\u01b0\u1ee3ng.<\/span><\/li>\n<li style=\"font-weight: 400;\" aria-level=\"1\"><b>D\u1ecbch v\u1ee5 chuy\u00ean nghi\u1ec7p<\/b><span style=\"font-weight: 400;\">: V\u1edbi \u0111\u1ed9i ng\u0169 nh\u00e2n vi\u00ean nhi\u1ec7t t\u00ecnh, t\u01b0 v\u1ea5n chi ti\u1ebft v\u1ec1 thi\u1ebft k\u1ebf, v\u1eadt li\u1ec7u v\u00e0 ph\u01b0\u01a1ng \u00e1n thi c\u00f4ng, c\u00f9ng ch\u00ednh s\u00e1ch b\u1ea3o h\u00e0nh r\u00f5 r\u00e0ng, ch\u00fang t\u00f4i cam k\u1ebft mang l\u1ea1i s\u1ef1 h\u00e0i l\u00f2ng tuy\u1ec7t \u0111\u1ed1i.<\/span><\/li>\n<\/ul>\n<p style=\"text-align: justify;\"><span style=\"font-weight: 400;\">Nh\u1ea5t Nam \u0111\u00e3 v\u00e0 \u0111ang nh\u1eadn \u0111\u01b0\u1ee3c s\u1ef1 tin t\u01b0\u1edfng t\u1eeb h\u00e0ng ngh\u00ecn kh\u00e1ch h\u00e0ng nh\u1edd v\u00e0o ch\u1ea5t l\u01b0\u1ee3ng s\u1ea3n ph\u1ea9m v\u01b0\u1ee3t tr\u1ed9i v\u00e0 d\u1ecbch v\u1ee5 chuy\u00ean nghi\u1ec7p. Khi l\u1ef1a ch\u1ecdn ch\u00fang t\u00f4i, qu\u00fd kh\u00e1ch s\u1ebd \u0111\u01b0\u1ee3c t\u01b0 v\u1ea5n t\u1eadn t\u00ecnh v\u00e0 tr\u1ea3i nghi\u1ec7m nh\u1eefng m\u1eabu t\u1ee7 b\u1ebfp \u0111\u1eb9p, ti\u1ec7n d\u1ee5ng, b\u1ec1n l\u00e2u.<\/span><\/p>\n<p style=\"text-align: justify;\"><span style=\"font-weight: 400;\">\u0110\u1ec3 nh\u1eadn th\u00eam th\u00f4ng tin chi ti\u1ebft v\u00e0 b\u00e1o gi\u00e1 \u01b0u \u0111\u00e3i, vui l\u00f2ng li\u00ean h\u1ec7 qua hotline ho\u1eb7c gh\u00e9 th\u0103m showroom: <strong>TP HCM: S\u1ed1 19 KDC CityLand Park Hill, \u0110\u01b0\u1eddng s\u1ed1 1, Ph\u01b0\u1eddng 10, Qu\u1eadn G\u00f2 V\u1ea5p<\/strong> \u0111\u1ec3 tham kh\u1ea3o tr\u1ef1c ti\u1ebfp c\u00e1c m\u1eabu t\u1ee7 b\u1ebfp ch\u1ea5t l\u01b0\u1ee3ng.<\/span><\/p>\n","protected":false},"excerpt":{"rendered":"<p style=\"text-align: justify;\"><span style=\"font-weight: 400;\">Trong xu h\u01b0\u1edbng thi\u1ebft k\u1ebf n\u1ed9i th\u1ea5t hi\u1ec7n \u0111\u1ea1i, <\/span><strong>t\u1ee7 b\u1ebfp khung Inox c\u00e1nh nh\u00f4m<\/strong><span style=\"font-weight: 400;\"> \u0111ang tr\u1edf th\u00e0nh s\u1ef1 l\u1ef1a ch\u1ecdn h\u00e0ng \u0111\u1ea7u c\u1ee7a nhi\u1ec1u gia \u0111\u00ecnh. V\u1edbi s\u1ef1 k\u1ebft h\u1ee3p ho\u00e0n h\u1ea3o gi\u1eefa khung Inox b\u1ec1n b\u1ec9 v\u00e0 c\u00e1nh nh\u00f4m sang tr\u1ecdng, s\u1ea3n ph\u1ea9m n\u00e0y kh\u00f4ng ch\u1ec9 mang l\u1ea1i t\u00ednh th\u1ea9m m\u1ef9 cao m\u00e0 c\u00f2n \u0111\u00e1p \u1ee9ng nhu c\u1ea7u s\u1eed d\u1ee5ng l\u00e2u d\u00e0i.<\/span><\/p>\n","protected":false},"featured_media":1485,"comment_status":"open","ping_status":"closed","template":"","meta":{"_acf_changed":false,"_gspb_post_css":""},"book-author":[],"product_brand":[],"product_cat":[109,112,121],"product_tag":[],"class_list":{"0":"post-1486","1":"product","2":"type-product","3":"status-publish","4":"has-post-thumbnail","6":"product_cat-tu-bep-inox","7":"product_cat-tu-bep-inox-canh-kinh","8":"product_cat-tu-bep-inox-he-module","10":"first","11":"instock","12":"shipping-taxable","13":"product-type-simple"},"acf":[],"_links":{"self":[{"href":"https:\/\/nhatnam.libion.me\/index.php\/wp-json\/wp\/v2\/product\/1486","targetHints":{"allow":["GET"]}}],"collection":[{"href":"https:\/\/nhatnam.libion.me\/index.php\/wp-json\/wp\/v2\/product"}],"about":[{"href":"https:\/\/nhatnam.libion.me\/index.php\/wp-json\/wp\/v2\/types\/product"}],"replies":[{"embeddable":true,"href":"https:\/\/nhatnam.libion.me\/index.php\/wp-json\/wp\/v2\/comments?post=1486"}],"wp:featuredmedia":[{"embeddable":true,"href":"https:\/\/nhatnam.libion.me\/index.php\/wp-json\/wp\/v2\/media\/1485"}],"wp:attachment":[{"href":"https:\/\/nhatnam.libion.me\/index.php\/wp-json\/wp\/v2\/media?parent=1486"}],"wp:term":[{"taxonomy":"book-author","embeddable":true,"href":"https:\/\/nhatnam.libion.me\/index.php\/wp-json\/wp\/v2\/book-author?post=1486"},{"taxonomy":"product_brand","embeddable":true,"href":"https:\/\/nhatnam.libion.me\/index.php\/wp-json\/wp\/v2\/product_brand?post=1486"},{"taxonomy":"product_cat","embeddable":true,"href":"https:\/\/nhatnam.libion.me\/index.php\/wp-json\/wp\/v2\/product_cat?post=1486"},{"taxonomy":"product_tag","embeddable":true,"href":"https:\/\/nhatnam.libion.me\/index.php\/wp-json\/wp\/v2\/product_tag?post=1486"}],"curies":[{"name":"wp","href":"https:\/\/api.w.org\/{rel}","templated":true}]}}