{"id":1451,"date":"2026-04-07T10:10:11","date_gmt":"2026-04-07T10:10:11","guid":{"rendered":"https:\/\/nhatnam.libion.me\/index.php\/product\/tu-bep-inox-nhap-khau\/"},"modified":"2026-04-07T10:10:11","modified_gmt":"2026-04-07T10:10:11","slug":"tu-bep-inox-nhap-khau","status":"publish","type":"product","link":"https:\/\/nhatnam.libion.me\/index.php\/product\/tu-bep-inox-nhap-khau\/","title":{"rendered":"T\u1ee7 B\u1ebfp Inox Nh\u1eadp Kh\u1ea9u"},"content":{"rendered":"<p style=\"text-align: justify;\"><span style=\"font-weight: 400;\">T\u1ee7 b\u1ebfp Inox nh\u1eadp kh\u1ea9u ng\u00e0y c\u00e0ng tr\u1edf th\u00e0nh s\u1ef1 l\u1ef1a ch\u1ecdn \u01b0a chu\u1ed9ng cho c\u00e1c gia \u0111\u00ecnh v\u00e0 c\u0103n b\u1ebfp hi\u1ec7n \u0111\u1ea1i. V\u1edbi thi\u1ebft k\u1ebf sang tr\u1ecdng, ch\u1ea5t li\u1ec7u b\u1ec1n b\u1ec9 v\u00e0 t\u00ednh n\u0103ng v\u01b0\u1ee3t tr\u1ed9i, s\u1ea3n ph\u1ea9m n\u00e0y kh\u00f4ng ch\u1ec9 gi\u00fap kh\u00f4ng gian b\u1ebfp th\u00eam ph\u1ea7n tinh t\u1ebf m\u00e0 c\u00f2n t\u1ed1i \u01b0u h\u00f3a vi\u1ec7c s\u1eed d\u1ee5ng. Trong b\u00e0i vi\u1ebft n\u00e0y, ch\u00fang ta s\u1ebd c\u00f9ng t\u00ecm hi\u1ec3u chi ti\u1ebft v\u1ec1 t\u1ee7 b\u1ebfp Inox nh\u1eadp kh\u1ea9u, \u01b0u \u0111i\u1ec3m n\u1ed5i b\u1eadt c\u1ee7a ch\u1ea5t li\u1ec7u Inox, l\u00fd do v\u00ec sao n\u00ean s\u1eed d\u1ee5ng t\u1ee7 b\u1ebfp Inox nh\u1eadp kh\u1ea9u v\u00e0 \u0111\u1ecba ch\u1ec9 cung c\u1ea5p t\u1ee7 b\u1ebfp Inox nh\u1eadp kh\u1ea9u uy t\u00edn.<\/span><\/p>\n<h2 style=\"text-align: justify;\"><b>1. T\u00ecm hi\u1ec3u v\u1ec1 t\u1ee7 b\u1ebfp Inox nh\u1eadp kh\u1ea9u<\/b><b><\/b><\/h2>\n<figure id=\"attachment_4784\" aria-describedby=\"caption-attachment-4784\" style=\"width: 1280px\" class=\"wp-caption aligncenter\"><img loading=\"lazy\" decoding=\"async\" class=\"wp-image-4784 size-full\" src=\"https:\/\/nhatnam.org\/wp-content\/uploads\/2025\/02\/25-2.jpg\" alt=\"T\u1ee7 B\u1ebfp Inox Nh\u1eadp Kh\u1ea9u\" width=\"1280\" height=\"960\" \/><figcaption id=\"caption-attachment-4784\" class=\"wp-caption-text\">M\u1eabu t\u1ee7 b\u1ebfp Inox cao c\u1ea5p ch\u1eef L \u0111\u1eb9p<\/figcaption><\/figure>\n<h3 style=\"text-align: justify;\"><b>1.1. Kh\u00e1i ni\u1ec7m t\u1ee7 b\u1ebfp Inox nh\u1eadp kh\u1ea9u<\/b><\/h3>\n<p style=\"text-align: justify;\"><span style=\"font-weight: 400;\">T\u1ee7 b\u1ebfp Inox nh\u1eadp kh\u1ea9u l\u00e0 d\u00f2ng t\u1ee7 s\u1eed d\u1ee5ng ch\u1ea5t li\u1ec7u Inox 304 cao c\u1ea5p, \u0111\u01b0\u1ee3c nh\u1eadp kh\u1ea9u t\u1eeb c\u00e1c qu\u1ed1c gia c\u00f3 n\u1ec1n c\u00f4ng nghi\u1ec7p ph\u00e1t tri\u1ec3n, \u0111\u01b0\u1ee3c thi\u1ebft k\u1ebf \u0111\u1ec3 \u0111\u00e1p \u1ee9ng nhu c\u1ea7u s\u1eed d\u1ee5ng v\u00e0 th\u1ea9m m\u1ef9 trong kh\u00f4ng gian b\u1ebfp hi\u1ec7n \u0111\u1ea1i. V\u00ec v\u1eady, s\u1ea3n ph\u1ea9m n\u00e0y c\u00f2n \u0111\u01b0\u1ee3c g\u1ecdi l\u00e0 t\u1ee7 b\u1ebfp Inox 304 ho\u1eb7c t\u1ee7 b\u1ebfp Inox nh\u1eadp kh\u1ea9u.<\/span><\/p>\n<p style=\"text-align: justify;\"><span style=\"font-weight: 400;\">T\u1ee7 b\u1ebfp Inox nh\u1eadp kh\u1ea9u th\u01b0\u1eddng \u0111\u01b0\u1ee3c s\u1ea3n xu\u1ea5t t\u1eeb c\u00e1c lo\u1ea1i kim lo\u1ea1i cao c\u1ea5p, c\u00f3 b\u1ec1 m\u1eb7t nh\u1eb5n m\u1ecbn, ch\u1ed1ng b\u00e1m b\u1ea9n v\u00e0 d\u1ec5 d\u00e0ng v\u1ec7 sinh. Nh\u1edd \u0111\u1eb7c t\u00ednh kh\u00f4ng th\u1ea5m n\u01b0\u1edbc v\u00e0 kh\u00f4ng b\u1ecb oxy h\u00f3a, lo\u1ea1i t\u1ee7 n\u00e0y \u0111\u1ea3m b\u1ea3o an to\u00e0n v\u1ec7 sinh th\u1ef1c ph\u1ea9m, ph\u00f9 h\u1ee3p v\u1edbi kh\u00f4ng gian b\u1ebfp hi\u1ec7n \u0111\u1ea1i.<\/span><\/p>\n<p style=\"text-align: justify;\"><span style=\"font-weight: 400;\">So v\u1edbi t\u1ee7 b\u1ebfp Inox trong n\u01b0\u1edbc, t\u1ee7 b\u1ebfp Inox nh\u1eadp kh\u1ea9u c\u00f3 th\u1ec3 s\u1edf h\u1eefu ch\u1ea5t l\u01b0\u1ee3ng v\u01b0\u1ee3t tr\u1ed9i h\u01a1n nh\u1edd quy tr\u00ecnh s\u1ea3n xu\u1ea5t, ki\u1ec3m \u0111\u1ecbnh nghi\u00eam ng\u1eb7t v\u00e0 c\u00f4ng ngh\u1ec7 ti\u00ean ti\u1ebfn. Ngo\u00e0i ra, m\u1eabu m\u00e3 \u0111a d\u1ea1ng v\u00e0 thi\u1ebft k\u1ebf tinh t\u1ebf c\u0169ng l\u00e0 \u0111i\u1ec3m c\u1ed9ng gi\u00fap lo\u1ea1i t\u1ee7 n\u00e0y tr\u1edf th\u00e0nh l\u1ef1a ch\u1ecdn ph\u1ed5 bi\u1ebfn trong ph\u00e2n kh\u00fac cao c\u1ea5p. \u0110\u1eb7c bi\u1ec7t, nhi\u1ec1u th\u01b0\u01a1ng hi\u1ec7u t\u1ee7 b\u1ebfp nh\u1eadp kh\u1ea9u c\u00f2n cung c\u1ea5p ch\u1ebf \u0111\u1ed9 b\u1ea3o h\u00e0nh d\u00e0i h\u1ea1n v\u00e0 d\u1ecbch v\u1ee5 h\u1eadu m\u00e3i chuy\u00ean nghi\u1ec7p, mang \u0111\u1ebfn s\u1ef1 y\u00ean t\u00e2m cho ng\u01b0\u1eddi d\u00f9ng.<\/span><\/p>\n<h3 style=\"text-align: justify;\"><b>1.2. C\u1ea5u t\u1ea1o c\u1ee7a t\u1ee7 b\u1ebfp Inox nh\u1eadp kh\u1ea9u<\/b><\/h3>\n<p style=\"text-align: justify;\"><span style=\"font-weight: 400;\">T\u1ee7 b\u1ebfp Inox nh\u1eadp kh\u1ea9u c\u00f3 c\u1ea5u t\u1ea1o c\u01a1 b\u1ea3n g\u1ed3m c\u00e1c ph\u1ea7n nh\u01b0:<\/span><\/p>\n<p style=\"text-align: justify;\"><b>Khung &#8211; th\u00f9ng t\u1ee7 b\u1ebfp Inox nh\u1eadp kh\u1ea9u: <\/b><span style=\"font-weight: 400;\">Khung \u2013 th\u00f9ng t\u1ee7 b\u1ebfp Inox l\u00e0 b\u1ed9 ph\u1eadn quan tr\u1ecdng, \u1ea3nh h\u01b0\u1edfng tr\u1ef1c ti\u1ebfp \u0111\u1ebfn \u0111\u1ed9 b\u1ec1n v\u00e0 t\u00ednh th\u1ea9m m\u1ef9 c\u1ee7a t\u1ee7 b\u1ebfp. Hi\u1ec7n nay, c\u00f3 ba lo\u1ea1i khung th\u00f9ng ph\u1ed5 bi\u1ebfn tr\u00ean th\u1ecb tr\u01b0\u1eddng: Th\u00f9ng Inox h\u1ec7 module 3 l\u1edbp, module 2 l\u1edbp v\u00e0 th\u00f9ng t\u1ee7 h\u1ec7 d\u00e0n d\u00e0i chung h\u00f4ng (hay c\u00f2n g\u1ecdi l\u00e0 module li\u1ec1n). C\u00e1c m\u1eabu thi\u1ebft k\u1ebf m\u1edbi nh\u1ea5t lu\u00f4n \u0111\u01b0\u1ee3c c\u1eadp nh\u1eadt th\u01b0\u1eddng xuy\u00ean, mang \u0111\u1ebfn nhi\u1ec1u l\u1ef1a ch\u1ecdn hi\u1ec7n \u0111\u1ea1i v\u00e0 ti\u1ec7n \u00edch cho ng\u01b0\u1eddi d\u00f9ng.<\/span><\/p>\n<p style=\"text-align: justify;\"><b>C\u00e1nh t\u1ee7 b\u1ebfp inox<\/b><span style=\"font-weight: 400;\">: C\u00f3 th\u1ec3 k\u1ebft h\u1ee3p v\u1edbi nhi\u1ec1u ch\u1ea5t li\u1ec7u kh\u00e1c nh\u01b0 k\u00ednh c\u01b0\u1eddng l\u1ef1c, acrylic, laminate ho\u1eb7c g\u1ed7 t\u1ef1 nhi\u00ean, gi\u00fap t\u0103ng t\u00ednh th\u1ea9m m\u1ef9 v\u00e0 ph\u00f9 h\u1ee3p v\u1edbi nhi\u1ec1u phong c\u00e1ch n\u1ed9i th\u1ea5t.<\/span><\/p>\n<p style=\"text-align: justify;\"><b>M\u1eb7t b\u00e0n b\u1ebfp<\/b><span style=\"font-weight: 400;\">: S\u1eed d\u1ee5ng \u0111\u00e1 t\u1ef1 nhi\u00ean ho\u1eb7c \u0111\u00e1 nh\u00e2n t\u1ea1o, c\u00f3 kh\u1ea3 n\u0103ng ch\u1ecbu l\u1ef1c, ch\u1ed1ng tr\u1ea7y x\u01b0\u1edbc v\u00e0 d\u1ec5 d\u00e0ng v\u1ec7 sinh.<\/span><\/p>\n<p style=\"text-align: justify;\"><b>H\u1ec7 th\u1ed1ng ph\u1ee5 ki\u1ec7n<\/b><span style=\"font-weight: 400;\">: G\u1ed3m b\u1ea3n l\u1ec1, ray tr\u01b0\u1ee3t, tay n\u1eafm v\u00e0 c\u00e1c ph\u1ee5 ki\u1ec7n kh\u00e1c, th\u01b0\u1eddng \u0111\u01b0\u1ee3c nh\u1eadp kh\u1ea9u t\u1eeb c\u00e1c th\u01b0\u01a1ng hi\u1ec7u l\u1edbn \u0111\u1ec3 \u0111\u1ea3m b\u1ea3o \u0111\u1ed9 b\u1ec1n v\u00e0 t\u00ednh ti\u1ec7n d\u1ee5ng.<\/span><\/p>\n<p style=\"text-align: justify;\"><span style=\"font-weight: 400;\">T\u1ee7 b\u1ebfp Inox nh\u1eadp kh\u1ea9u th\u01b0\u1eddng c\u00f3 thi\u1ebft k\u1ebf hi\u1ec7n \u0111\u1ea1i, \u0111a d\u1ea1ng ki\u1ec3u d\u00e1ng t\u1eeb t\u1ee7 b\u1ebfp ch\u1eef L, ch\u1eef U \u0111\u1ebfn c\u00e1c ki\u1ec3u t\u1ee7 c\u00f3 b\u00e0n \u0111\u1ea3o, d\u1ec5 d\u00e0ng l\u1eafp \u0111\u1eb7t trong nhi\u1ec1u kh\u00f4ng gian b\u1ebfp kh\u00e1c nhau.<\/span><\/p>\n<h3 style=\"text-align: justify;\"><b>1.3. V\u00ec sao n\u00ean ch\u1ecdn t\u1ee7 b\u1ebfp Inox nh\u1eadp kh\u1ea9u cho kh\u00f4ng gian b\u1ebfp hi\u1ec7n \u0111\u1ea1i?<\/b><\/h3>\n<p style=\"text-align: justify;\"><span style=\"font-weight: 400;\">V\u1edbi s\u1ef1 ph\u00e1t tri\u1ec3n c\u1ee7a c\u00f4ng ngh\u1ec7 v\u00e0 xu h\u01b0\u1edbng n\u1ed9i th\u1ea5t hi\u1ec7n \u0111\u1ea1i, t\u1ee7 b\u1ebfp Inox \u0111ang ng\u00e0y c\u00e0ng tr\u1edf th\u00e0nh l\u1ef1a ch\u1ecdn ph\u1ed5 bi\u1ebfn c\u1ee7a nhi\u1ec1u gia \u0111\u00ecnh. S\u1ea3n ph\u1ea9m n\u00e0y kh\u00f4ng ch\u1ec9 s\u1edf h\u1eefu \u0111\u1ed9 b\u1ec1n v\u01b0\u1ee3t tr\u1ed9i, thi\u1ebft k\u1ebf \u0111\u1eb9p m\u1eaft m\u00e0 c\u00f2n mang \u0111\u1ebfn s\u1ef1 ti\u1ec7n nghi t\u1ed1i \u0111a cho ng\u01b0\u1eddi s\u1eed d\u1ee5ng.<\/span><\/p>\n<p style=\"text-align: justify;\"><b>Ch\u1ea5t li\u1ec7u Inox si\u00eau b\u1ec1n<\/b><\/p>\n<p style=\"text-align: justify;\"><span style=\"font-weight: 400;\">M\u1ed9t trong nh\u1eefng l\u00fd do ch\u00ednh khi\u1ebfn nhi\u1ec1u ng\u01b0\u1eddi l\u1ef1a ch\u1ecdn t\u1ee7 b\u1ebfp Inox ch\u00ednh l\u00e0 kh\u1ea3 n\u0103ng ch\u1ed1ng \u1ea9m m\u1ed1c, m\u1ed1i m\u1ecdt, cong v\u00eanh v\u01b0\u1ee3t tr\u1ed9i so v\u1edbi c\u00e1c ch\u1ea5t li\u1ec7u kh\u00e1c. Inox c\u00f3 \u0111\u1ed9 c\u1ee9ng cao, kh\u00f4ng b\u1ecb \u1ea3nh h\u01b0\u1edfng b\u1edfi \u0111\u1ed9 \u1ea9m hay nhi\u1ec7t \u0111\u1ed9, \u0111\u1ea3m b\u1ea3o gi\u1eef \u0111\u01b0\u1ee3c ch\u1ea5t l\u01b0\u1ee3ng trong th\u1eddi gian d\u00e0i m\u00e0 kh\u00f4ng c\u1ea7n b\u1ea3o tr\u00ec th\u01b0\u1eddng xuy\u00ean.<\/span><\/p>\n<p style=\"text-align: justify;\"><span style=\"font-weight: 400;\">Ngo\u00e0i ra, v\u1edbi l\u1edbp b\u1ec1 m\u1eb7t tr\u01a1n nh\u1eb5n, t\u1ee7 b\u1ebfp Inox c\u0169ng d\u1ec5 d\u00e0ng v\u1ec7 sinh, gi\u00fap cho kh\u00f4ng gian b\u1ebfp lu\u00f4n s\u1ea1ch s\u1ebd, \u0111\u1ea3m b\u1ea3o an to\u00e0n v\u1ec7 sinh th\u1ef1c ph\u1ea9m.<\/span><\/p>\n<p style=\"text-align: justify;\"><b>T\u00ednh th\u1ea9m m\u1ef9 v\u00e0 \u0111a d\u1ea1ng phong c\u00e1ch thi\u1ebft k\u1ebf<\/b><\/p>\n<p style=\"text-align: justify;\"><span style=\"font-weight: 400;\">T\u1ee7 b\u1ebfp Inox ng\u00e0y nay kh\u00f4ng ch\u1ec9 t\u1eadp trung v\u00e0o \u0111\u1ed9 b\u1ec1n m\u00e0 c\u00f2n \u0111\u01b0\u1ee3c c\u1ea3i ti\u1ebfn v\u1ec1 thi\u1ebft k\u1ebf, ph\u00f9 h\u1ee3p v\u1edbi nhi\u1ec1u phong c\u00e1ch n\u1ed9i th\u1ea5t kh\u00e1c nhau nh\u01b0 hi\u1ec7n \u0111\u1ea1i, sang tr\u1ecdng, t\u1ed1i gi\u1ea3n ho\u1eb7c \u1ea5m c\u00fang.<\/span><\/p>\n<p style=\"text-align: justify;\"><span style=\"font-weight: 400;\">C\u00e1c m\u1eabu t\u1ee7 b\u1ebfp Inox nh\u1eadp kh\u1ea9u c\u00f3 th\u1ec3 k\u1ebft h\u1ee3p v\u1edbi c\u00e1nh k\u00ednh c\u01b0\u1eddng l\u1ef1c, acrylic ho\u1eb7c g\u1ed7 t\u1ef1 nhi\u00ean, t\u1ea1o n\u00ean s\u1ef1 h\u00e0i h\u00f2a v\u00e0 t\u0103ng t\u00ednh th\u1ea9m m\u1ef9 cho kh\u00f4ng gian b\u1ebfp.<\/span><\/p>\n<p style=\"text-align: justify;\"><b>T\u00ednh hi\u1ec7n \u0111\u1ea1i v\u00e0 c\u00f4ng ngh\u1ec7 s\u1ea3n xu\u1ea5t ti\u00ean ti\u1ebfn<\/b><\/p>\n<p style=\"text-align: justify;\"><span style=\"font-weight: 400;\">T\u1ee7 b\u1ebfp Inox \u0111\u01b0\u1ee3c s\u1ea3n xu\u1ea5t tr\u00ean d\u00e2y chuy\u1ec1n c\u00f4ng ngh\u1ec7 hi\u1ec7n \u0111\u1ea1i, \u0111\u1ea3m b\u1ea3o \u0111\u1ed9 ch\u00ednh x\u00e1c cao trong t\u1eebng chi ti\u1ebft. C\u00e1c ph\u1ee5 ki\u1ec7n \u0111i k\u00e8m nh\u01b0 b\u1ea3n l\u1ec1 gi\u1ea3m ch\u1ea5n, ray tr\u01b0\u1ee3t cao c\u1ea5p, h\u1ec7 th\u1ed1ng ng\u0103n k\u00e9o th\u00f4ng minh gi\u00fap t\u1ed1i \u01b0u h\u00f3a kh\u00f4ng gian v\u00e0 n\u00e2ng cao tr\u1ea3i nghi\u1ec7m s\u1eed d\u1ee5ng.<\/span><\/p>\n<p style=\"text-align: justify;\"><span style=\"font-weight: 400;\">H\u01a1n th\u1ebf n\u1eefa, vi\u1ec7c s\u1edf h\u1eefu m\u1ed9t gian b\u1ebfp hi\u1ec7n \u0111\u1ea1i v\u1edbi h\u1ec7 t\u1ee7 b\u1ebfp Inox ch\u1ea5t l\u01b0\u1ee3ng s\u1ebd gi\u00fap c\u00e1c ch\u1ecb em n\u1ed9i tr\u1ee3 c\u00f3 th\u00eam c\u1ea3m h\u1ee9ng s\u00e1ng t\u1ea1o trong vi\u1ec7c ch\u1ebf bi\u1ebfn nh\u1eefng m\u00f3n \u0103n ngon cho gia \u0111\u00ecnh.<\/span><\/p>\n<h2 style=\"text-align: justify;\"><b>2. \u01afu \u0111i\u1ec3m c\u1ee7a t\u1ee7 b\u1ebfp Inox nh\u1eadp kh\u1ea9u<\/b><\/h2>\n<figure id=\"attachment_4692\" aria-describedby=\"caption-attachment-4692\" style=\"width: 1280px\" class=\"wp-caption aligncenter\"><img loading=\"lazy\" decoding=\"async\" class=\"wp-image-4692 size-full\" src=\"https:\/\/nhatnam.org\/wp-content\/uploads\/2025\/02\/13-2.jpg\" alt=\"T\u1ee7 B\u1ebfp Inox Nh\u1eadp Kh\u1ea9u\" width=\"1280\" height=\"960\" \/><figcaption id=\"caption-attachment-4692\" class=\"wp-caption-text\">M\u1eabu t\u1ee7 b\u1ebfp Inox nh\u1eadp kh\u1ea9u ch\u1eef I k\u1ebft h\u1ee3p b\u00e0n \u0111\u1ea3o b\u1ebfp<\/figcaption><\/figure>\n<p style=\"text-align: justify;\"><span style=\"font-weight: 400;\">T\u1ee7 b\u1ebfp Inox nh\u1eadp kh\u1ea9u ng\u00e0y c\u00e0ng \u0111\u01b0\u1ee3c \u01b0a chu\u1ed9ng nh\u1edd v\u00e0o ch\u1ea5t l\u01b0\u1ee3ng cao, \u0111\u1ed9 b\u1ec1n v\u01b0\u1ee3t tr\u1ed9i v\u00e0 kh\u1ea3 n\u0103ng th\u00edch nghi v\u1edbi nhi\u1ec1u m\u00f4i tr\u01b0\u1eddng kh\u00e1c nhau. Khi \u0111\u01b0\u1ee3c nh\u1eadp kh\u1ea9u v\u00e0o Vi\u1ec7t Nam, c\u00e1c s\u1ea3n ph\u1ea9m n\u00e0y ph\u1ea3i tr\u1ea3i qua quy tr\u00ecnh ki\u1ec3m tra nghi\u00eam ng\u1eb7t, \u0111\u1ea3m b\u1ea3o \u0111\u00e1p \u1ee9ng \u0111\u1ea7y \u0111\u1ee7 ti\u00eau chu\u1ea9n v\u1ec1 ch\u1ea5t l\u01b0\u1ee3ng v\u00e0 \u0111\u1ed9 an to\u00e0n.<\/span><\/p>\n<ul style=\"text-align: justify;\">\n<li style=\"font-weight: 400;\" aria-level=\"1\"><span style=\"font-weight: 400;\">C\u00e1c m\u1eabu t\u1ee7 b\u1ebfp Inox nh\u1eadp kh\u1ea9u \u0111\u01b0\u1ee3c s\u1ea3n xu\u1ea5t theo c\u00f4ng ngh\u1ec7 hi\u1ec7n \u0111\u1ea1i t\u1eeb nh\u1eefng qu\u1ed1c gia h\u00e0ng \u0111\u1ea7u trong l\u0129nh v\u1ef1c n\u1ed9i th\u1ea5t, \u0111\u1ea3m b\u1ea3o \u0111\u1ed9 ch\u00ednh x\u00e1c cao trong t\u1eebng chi ti\u1ebft. Quy tr\u00ecnh gia c\u00f4ng t\u1ec9 m\u1ec9 gi\u00fap s\u1ea3n ph\u1ea9m \u0111\u1ea1t \u0111\u01b0\u1ee3c \u0111\u1ed9 ho\u00e0n thi\u1ec7n cao, kh\u00f4ng ch\u1ec9 b\u1ec1n b\u1ec9 m\u00e0 c\u00f2n c\u00f3 t\u00ednh th\u1ea9m m\u1ef9 v\u01b0\u1ee3t tr\u1ed9i.<\/span><\/li>\n<li style=\"font-weight: 400;\" aria-level=\"1\"><span style=\"font-weight: 400;\">M\u1ed9t trong nh\u1eefng \u01b0u \u0111i\u1ec3m n\u1ed5i b\u1eadt nh\u1ea5t c\u1ee7a t\u1ee7 b\u1ebfp Inox ch\u00ednh l\u00e0 kh\u1ea3 n\u0103ng ch\u1ed1ng \u0103n m\u00f2n hi\u1ec7u qu\u1ea3, nh\u1edd v\u00e0o th\u00e0nh ph\u1ea7n crom trong Inox. Ch\u1ea5t li\u1ec7u n\u00e0y gi\u00fap t\u1ea1o n\u00ean m\u1ed9t l\u1edbp m\u00e0ng b\u1ea3o v\u1ec7 b\u1ec1 m\u1eb7t, ng\u0103n ch\u1eb7n t\u00ecnh tr\u1ea1ng g\u1ec9 s\u00e9t, \u0103n m\u00f2n ngay c\u1ea3 trong m\u00f4i tr\u01b0\u1eddng \u1ea9m \u01b0\u1edbt, nhi\u1ec7t \u0111\u1ed9 cao. V\u00ec v\u1eady, s\u1ea3n ph\u1ea9m lu\u00f4n gi\u1eef \u0111\u01b0\u1ee3c \u0111\u1ed9 b\u1ec1n \u0111\u1eb9p m\u00e0 kh\u00f4ng b\u1ecb bi\u1ebfn d\u1ea1ng theo th\u1eddi gian.<\/span><\/li>\n<li style=\"font-weight: 400;\" aria-level=\"1\"><span style=\"font-weight: 400;\">T\u1ee7 b\u1ebfp Inox nh\u1eadp kh\u1ea9u c\u00f3 b\u1ec1 m\u1eb7t s\u00e1ng b\u00f3ng, hi\u1ec7n \u0111\u1ea1i, ph\u00f9 h\u1ee3p v\u1edbi nhi\u1ec1u phong c\u00e1ch thi\u1ebft k\u1ebf t\u1eeb t\u1ed1i gi\u1ea3n \u0111\u1ebfn cao c\u1ea5p. Kh\u00f4ng ch\u1ec9 gi\u00fap kh\u00f4ng gian b\u1ebfp tr\u1edf n\u00ean sang tr\u1ecdng, Inox c\u00f2n c\u00f3 \u0111\u1ed9 b\u1ec1n m\u00e0u cao, gi\u00fap s\u1ea3n ph\u1ea9m gi\u1eef \u0111\u01b0\u1ee3c v\u1ebb \u0111\u1eb9p nh\u01b0 m\u1edbi sau th\u1eddi gian s\u1eed d\u1ee5ng.<\/span><\/li>\n<li style=\"font-weight: 400;\" aria-level=\"1\"><span style=\"font-weight: 400;\">V\u1edbi b\u1ec1 m\u1eb7t nh\u1eb5n m\u1ecbn, kh\u00f4ng b\u00e1m b\u1ee5i v\u00e0 d\u1ea7u m\u1ee1, vi\u1ec7c v\u1ec7 sinh t\u1ee7 b\u1ebfp Inox v\u00f4 c\u00f9ng \u0111\u01a1n gi\u1ea3n. Ch\u1ec9 c\u1ea7n d\u00f9ng kh\u0103n \u1ea9m lau nh\u1eb9, t\u1ee7 b\u1ebfp s\u1ebd s\u1ea1ch b\u00f3ng nh\u01b0 m\u1edbi m\u00e0 kh\u00f4ng c\u1ea7n s\u1eed d\u1ee5ng h\u00f3a ch\u1ea5t t\u1ea9y r\u1eeda m\u1ea1nh. \u0110i\u1ec1u n\u00e0y gi\u00fap gia ch\u1ee7 ti\u1ebft ki\u1ec7m \u0111\u00e1ng k\u1ec3 th\u1eddi gian v\u00e0 chi ph\u00ed b\u1ea3o tr\u00ec.<\/span><\/li>\n<li style=\"font-weight: 400;\" aria-level=\"1\"><span style=\"font-weight: 400;\">T\u1ee7 b\u1ebfp Inox nh\u1eadp kh\u1ea9u c\u00f3 kh\u1ea3 n\u0103ng ch\u1ecbu nhi\u1ec7t cao, ch\u1ed1ng ch\u00e1y n\u1ed5, \u0111\u1ea3m b\u1ea3o an to\u00e0n khi s\u1eed d\u1ee5ng trong khu v\u1ef1c b\u1ebfp. Ngo\u00e0i ra, Inox kh\u00f4ng b\u1ecb m\u1ed1i m\u1ecdt t\u1ea5n c\u00f4ng, gi\u00fap s\u1ea3n ph\u1ea9m duy tr\u00ec \u0111\u1ed9 b\u1ec1n ch\u1eafc l\u00e2u d\u00e0i m\u00e0 kh\u00f4ng c\u1ea7n lo l\u1eafng v\u1ec1 c\u00e1c y\u1ebfu t\u1ed1 g\u00e2y h\u01b0 h\u1ea1i t\u1eeb m\u00f4i tr\u01b0\u1eddng.<\/span><\/li>\n<\/ul>\n<p style=\"text-align: justify;\"><span style=\"font-weight: 400;\">Ngo\u00e0i nh\u1eefng \u01b0u \u0111i\u1ec3m th\u00ec t\u1ee7 b\u1ebfp Inox nh\u1eadp kh\u1ea9u c\u00f3 gi\u00e1 th\u00e0nh cao h\u01a1n so v\u1edbi t\u1ee7 b\u1ebfp truy\u1ec1n th\u1ed1ng kh\u00e1c nh\u01b0ng \u0111\u1ed5i l\u1ea1i ch\u1ea5t l\u01b0\u1ee3ng \u0111\u1ea3m b\u1ea3o c\u0169ng l\u00e0 \u0111i\u1ec1u \u0111\u00e1ng c\u00e2n nh\u1eafc.<\/span><\/p>\n<h2 style=\"text-align: justify;\"><b>3. B\u00e1o gi\u00e1 t\u1ee7 b\u1ebfp Inox nh\u1eadp kh\u1ea9u<\/b><\/h2>\n<figure id=\"attachment_5079\" aria-describedby=\"caption-attachment-5079\" style=\"width: 1280px\" class=\"wp-caption aligncenter\"><img loading=\"lazy\" decoding=\"async\" class=\"wp-image-5079 size-full\" src=\"https:\/\/nhatnam.org\/wp-content\/uploads\/2025\/03\/inox_module06.jpg\" alt=\"t\u1ee7 b\u1ebfp inox nh\u1eadp kh\u1ea9u\" width=\"1280\" height=\"960\" \/><figcaption id=\"caption-attachment-5079\" class=\"wp-caption-text\">Nh\u1ea5t Nam _ \u0110\u01a1n v\u1ecb c\u00f3 nhi\u1ec1u n\u0103m kinh nghi\u1ec7m gia c\u00f4ng t\u1ee7 b\u1ebfp<\/figcaption><\/figure>\n<p style=\"text-align: justify;\"><span style=\"font-weight: 400;\">Gi\u00e1 t\u1ee7 b\u1ebfp Inox ph\u1ee5 thu\u1ed9c v\u00e0o nhi\u1ec1u y\u1ebfu t\u1ed1 nh\u01b0 ch\u1ea5t li\u1ec7u, ki\u1ec3u d\u00e1ng, k\u00edch th\u01b0\u1edbc v\u00e0 y\u00eau c\u1ea7u thi\u1ebft k\u1ebf c\u1ee7a t\u1eebng kh\u00e1ch h\u00e0ng. \u0110\u1eb7c bi\u1ec7t, lo\u1ea1i Inox s\u1eed d\u1ee5ng, ki\u1ec3u c\u00e1nh t\u1ee7 (k\u00ednh c\u01b0\u1eddng l\u1ef1c, acrylic, g\u1ed7 t\u1ef1 nhi\u00ean\u2026) c\u00f9ng c\u00e1c ph\u1ee5 ki\u1ec7n \u0111i k\u00e8m c\u0169ng t\u00e1c \u0111\u1ed9ng \u0111\u1ebfn m\u1ee9c gi\u00e1 cu\u1ed1i c\u00f9ng.<\/span><\/p>\n<p style=\"text-align: justify;\"><span style=\"font-weight: 400;\">T\u1ea1i Nh\u1ea5t Nam, ch\u00fang t\u00f4i cung c\u1ea5p \u0111a d\u1ea1ng m\u1eabu t\u1ee7 b\u1ebfp Inox nh\u1eadp kh\u1ea9u v\u1edbi m\u1ee9c gi\u00e1 h\u1ee3p l\u00fd, \u0111\u1ea3m b\u1ea3o ch\u1ea5t l\u01b0\u1ee3ng v\u00e0 t\u00ednh th\u1ea9m m\u1ef9 cao. Gi\u00e1 th\u00e0nh c\u00f3 th\u1ec3 \u0111i\u1ec1u ch\u1ec9nh linh ho\u1ea1t theo di\u1ec7n t\u00edch v\u00e0 nhu c\u1ea7u thi\u1ebft k\u1ebf ri\u00eang.<\/span><\/p>\n<p style=\"text-align: justify;\"><span style=\"font-weight: 400;\">\u0110\u1ec3 nh\u1eadn b\u00e1o gi\u00e1 chi ti\u1ebft v\u00e0 t\u01b0 v\u1ea5n m\u1eabu m\u00e3 ph\u00f9 h\u1ee3p, h\u00e3y li\u00ean h\u1ec7 tr\u1ef1c ti\u1ebfp v\u1edbi Nh\u1ea5t Nam \u0111\u1ec3 \u0111\u01b0\u1ee3c h\u1ed7 tr\u1ee3 nhanh ch\u00f3ng v\u00e0 t\u1eadn t\u00ecnh.<\/span><\/p>\n<h2 style=\"text-align: justify;\"><b>4. M\u1ed9t s\u1ed1 m\u1eabu t\u1ee7 b\u1ebfp Inox nh\u1eadp kh\u1ea9u<\/b><\/h2>\n<p style=\"text-align: justify;\">T\u1ee7 b\u1ebfp inox nh\u1eadp kh\u1ea9u l\u00e0 s\u1ef1 l\u1ef1a ch\u1ecdn ho\u00e0n h\u1ea3o cho nh\u1eefng ai \u0111ang t\u00ecm ki\u1ebfm s\u1ea3n ph\u1ea9m ch\u1ea5t l\u01b0\u1ee3ng cao, \u0111\u1ed9 b\u1ec1n v\u01b0\u1ee3t tr\u1ed9i v\u00e0 thi\u1ebft k\u1ebf hi\u1ec7n \u0111\u1ea1i. C\u00e1c m\u1eabu t\u1ee7 b\u1ebfp n\u00e0y th\u01b0\u1eddng \u0111\u01b0\u1ee3c s\u1ea3n xu\u1ea5t theo c\u00f4ng ngh\u1ec7 ti\u00ean ti\u1ebfn, \u0111\u1ea3m b\u1ea3o \u0111\u1ed9 ch\u00ednh x\u00e1c cao trong t\u1eebng chi ti\u1ebft v\u00e0 kh\u1ea3 n\u0103ng ch\u1ecbu l\u1ef1c, ch\u1ecbu nhi\u1ec7t t\u1ed1t. D\u01b0\u1edbi \u0111\u00e2y l\u00e0 m\u1ed9t s\u1ed1 m\u1eabu :<\/p>\n<figure id=\"attachment_5418\" aria-describedby=\"caption-attachment-5418\" style=\"width: 1280px\" class=\"wp-caption aligncenter\"><img loading=\"lazy\" decoding=\"async\" class=\"wp-image-5418 size-full\" src=\"https:\/\/nhatnam.org\/wp-content\/uploads\/2025\/03\/TB_inox_nhap_khau-6-1.jpg\" alt=\"t\u1ee7 b\u1ebfp inox nh\u1eadp kh\u1ea9u\" width=\"1280\" height=\"960\" \/><figcaption id=\"caption-attachment-5418\" class=\"wp-caption-text\">M\u1eabu t\u1ee7 b\u1ebfp inox nh\u1eadp kh\u1ea9u c\u00e1nh k\u00ednh c\u01b0\u1eddng l\u1ef1c<\/figcaption><\/figure>\n<figure id=\"attachment_5417\" aria-describedby=\"caption-attachment-5417\" style=\"width: 1280px\" class=\"wp-caption aligncenter\"><img loading=\"lazy\" decoding=\"async\" class=\"wp-image-5417 size-full\" src=\"https:\/\/nhatnam.org\/wp-content\/uploads\/2025\/03\/TB_inox_nhap_khau-5-1.jpg\" alt=\"t\u1ee7 b\u1ebfp inox nh\u1eadp kh\u1ea9u\" width=\"1280\" height=\"960\" \/><figcaption id=\"caption-attachment-5417\" class=\"wp-caption-text\">T\u1ee7 b\u1ebfp inox nh\u1eadp kh\u1ea9u nguy\u00ean kh\u1ed1i<\/figcaption><\/figure>\n<figure id=\"attachment_5416\" aria-describedby=\"caption-attachment-5416\" style=\"width: 1280px\" class=\"wp-caption aligncenter\"><img loading=\"lazy\" decoding=\"async\" class=\"wp-image-5416 size-full\" src=\"https:\/\/nhatnam.org\/wp-content\/uploads\/2025\/03\/TB_inox_nhap_khau-4-1.jpg\" alt=\"t\u1ee7 b\u1ebfp inox nh\u1eadp kh\u1ea9u\" width=\"1280\" height=\"960\" \/><figcaption id=\"caption-attachment-5416\" class=\"wp-caption-text\">T\u1ee7 b\u1ebfp inox nh\u1eadp kh\u1ea9u s\u01a1n t\u0129nh \u0111i\u1ec7n<\/figcaption><\/figure>\n<figure id=\"attachment_5415\" aria-describedby=\"caption-attachment-5415\" style=\"width: 1280px\" class=\"wp-caption aligncenter\"><img loading=\"lazy\" decoding=\"async\" class=\"wp-image-5415 size-full\" src=\"https:\/\/nhatnam.org\/wp-content\/uploads\/2025\/03\/TB_inox_nhap_khau-3-1.jpg\" alt=\"T\u1ee7 b\u1ebfp inox nh\u1eadp kh\u1ea9u\" width=\"1280\" height=\"960\" \/><figcaption id=\"caption-attachment-5415\" class=\"wp-caption-text\">T\u1ee7 b\u1ebfp Inox nh\u1eadp kh\u1ea9u k\u1ebft h\u1ee3p b\u00e0n \u0111\u1ea3o b\u1ebfp<\/figcaption><\/figure>\n<figure id=\"attachment_5414\" aria-describedby=\"caption-attachment-5414\" style=\"width: 1280px\" class=\"wp-caption aligncenter\"><img loading=\"lazy\" decoding=\"async\" class=\"wp-image-5414 size-full\" src=\"https:\/\/nhatnam.org\/wp-content\/uploads\/2025\/03\/TB_inox_nhap_khau-2-1.jpg\" alt=\"T\u1ee7 b\u1ebfp inox nh\u1eadp kh\u1ea9u\" width=\"1280\" height=\"960\" \/><figcaption id=\"caption-attachment-5414\" class=\"wp-caption-text\">M\u1eabu t\u1ee7 b\u1ebfp inox nh\u1eadp kh\u1ea9u hi\u1ec7n \u0111\u1ea1i, sang tr\u1ecdng<\/figcaption><\/figure>\n<h2 style=\"text-align: justify;\"><b>5. \u0110\u1ecba ch\u1ec9 t\u1ee7 b\u1ebfp Inox nh\u1eadp kh\u1ea9u \u1edf \u0111\u00e2u t\u1ed1t nh\u1ea5t<\/b><\/h2>\n<p style=\"text-align: justify;\"><span style=\"font-weight: 400;\">Nhi\u1ec1u kh\u00e1ch h\u00e0ng th\u01b0\u1eddng lo ng\u1ea1i v\u1ec1 ch\u1ea5t l\u01b0\u1ee3ng, gi\u00e1 th\u00e0nh v\u00e0 b\u1ea3o h\u00e0nh khi ch\u1ecdn mua t\u1ee7 b\u1ebfp Inox nh\u1eadp kh\u1ea9u. Nh\u1eefng lo ng\u1ea1i n\u00e0y c\u00f3 th\u1ec3 \u0111\u01b0\u1ee3c gi\u1ea3i quy\u1ebft b\u1eb1ng c\u00e1ch l\u1ef1a ch\u1ecdn \u0111\u01a1n v\u1ecb cung c\u1ea5p uy t\u00edn, c\u00f3 cam k\u1ebft v\u1ec1 ch\u1ea5t l\u01b0\u1ee3ng v\u00e0 ch\u1ebf \u0111\u1ed9 b\u1ea3o h\u00e0nh r\u00f5 r\u00e0ng.<\/span><\/p>\n<p style=\"text-align: justify;\"><span style=\"font-weight: 400;\">Nh\u1ea5t Nam l\u00e0 m\u1ed9t trong nh\u1eefng \u0111\u01a1n v\u1ecb cung c\u1ea5p t\u1ee7 b\u1ebfp Inox nh\u1eadp kh\u1ea9u uy t\u00edn h\u00e0ng \u0111\u1ea7u t\u1ea1i Vi\u1ec7t Nam. V\u1edbi nhi\u1ec1u n\u0103m kinh nghi\u1ec7m trong ng\u00e0nh thi\u1ebft k\u1ebf v\u00e0 thi c\u00f4ng n\u1ed9i th\u1ea5t, Nh\u1ea5t Nam cam k\u1ebft cung c\u1ea5p nh\u1eefng s\u1ea3n ph\u1ea9m t\u1ee7 b\u1ebfp Inox nh\u1eadp kh\u1ea9u ch\u1ea5t l\u01b0\u1ee3ng cao, v\u1edbi thi\u1ebft k\u1ebf \u0111a d\u1ea1ng v\u00e0 ph\u00f9 h\u1ee3p v\u1edbi m\u1ecdi kh\u00f4ng gian b\u1ebfp. B\u00ean c\u1ea1nh \u0111\u00f3, Nh\u1ea5t Nam c\u0169ng cung c\u1ea5p c\u00e1c d\u1ecbch v\u1ee5 t\u01b0 v\u1ea5n, l\u1eafp \u0111\u1eb7t v\u00e0 b\u1ea3o h\u00e0nh chuy\u00ean nghi\u1ec7p, \u0111\u1ea3m b\u1ea3o mang l\u1ea1i s\u1ef1 h\u00e0i l\u00f2ng tuy\u1ec7t \u0111\u1ed1i cho kh\u00e1ch h\u00e0ng. <\/span><span style=\"font-weight: 400;\"><br \/>\n<\/span><span style=\"font-weight: 400;\">N\u1ebfu Qu\u00fd Kh\u00e1ch \u0111ang t\u00ecm ki\u1ebfm m\u1ed9t m\u1eabu t\u1ee7 b\u1ebfp Inox nh\u1eadp kh\u1ea9u b\u1ec1n \u0111\u1eb9p, ch\u1ea5t l\u01b0\u1ee3ng cao v\u00e0 ph\u00f9 h\u1ee3p v\u1edbi kh\u00f4ng gian b\u1ebfp hi\u1ec7n \u0111\u1ea1i, h\u00e3y li\u00ean h\u1ec7 ngay v\u1edbi <\/span><b>Nh\u1ea5t Nam<\/b><span style=\"font-weight: 400;\">. Ch\u00fang t\u00f4i s\u1eb5n s\u00e0ng t\u01b0 v\u1ea5n, thi\u1ebft k\u1ebf v\u00e0 thi c\u00f4ng tr\u1ecdn g\u00f3i, \u0111\u1ea3m b\u1ea3o mang \u0111\u1ebfn gi\u1ea3i ph\u00e1p t\u1ed1i \u01b0u.\u00a0<\/span><\/p>\n","protected":false},"excerpt":{"rendered":"<p style=\"text-align: justify;\"><span style=\"font-weight: 400;\">T\u1ee7 b\u1ebfp Inox nh\u1eadp kh\u1ea9u ng\u00e0y c\u00e0ng tr\u1edf th\u00e0nh s\u1ef1 l\u1ef1a ch\u1ecdn \u01b0a chu\u1ed9ng cho c\u00e1c gia \u0111\u00ecnh v\u00e0 c\u0103n b\u1ebfp hi\u1ec7n \u0111\u1ea1i. V\u1edbi thi\u1ebft k\u1ebf sang tr\u1ecdng, ch\u1ea5t li\u1ec7u Inox b\u1ec1n b\u1ec9 v\u00e0 t\u00ednh n\u0103ng v\u01b0\u1ee3t tr\u1ed9i, s\u1ea3n ph\u1ea9m n\u00e0y kh\u00f4ng ch\u1ec9 gi\u00fap kh\u00f4ng gian b\u1ebfp th\u00eam ph\u1ea7n tinh t\u1ebf m\u00e0 c\u00f2n t\u1ed1i \u01b0u h\u00f3a vi\u1ec7c s\u1eed d\u1ee5ng.<\/span><\/p>\n","protected":false},"featured_media":1450,"comment_status":"open","ping_status":"closed","template":"","meta":{"_acf_changed":false,"_gspb_post_css":""},"book-author":[],"product_brand":[],"product_cat":[109],"product_tag":[],"class_list":{"0":"post-1451","1":"product","2":"type-product","3":"status-publish","4":"has-post-thumbnail","6":"product_cat-tu-bep-inox","8":"first","9":"instock","10":"shipping-taxable","11":"product-type-simple"},"acf":[],"_links":{"self":[{"href":"https:\/\/nhatnam.libion.me\/index.php\/wp-json\/wp\/v2\/product\/1451","targetHints":{"allow":["GET"]}}],"collection":[{"href":"https:\/\/nhatnam.libion.me\/index.php\/wp-json\/wp\/v2\/product"}],"about":[{"href":"https:\/\/nhatnam.libion.me\/index.php\/wp-json\/wp\/v2\/types\/product"}],"replies":[{"embeddable":true,"href":"https:\/\/nhatnam.libion.me\/index.php\/wp-json\/wp\/v2\/comments?post=1451"}],"wp:featuredmedia":[{"embeddable":true,"href":"https:\/\/nhatnam.libion.me\/index.php\/wp-json\/wp\/v2\/media\/1450"}],"wp:attachment":[{"href":"https:\/\/nhatnam.libion.me\/index.php\/wp-json\/wp\/v2\/media?parent=1451"}],"wp:term":[{"taxonomy":"book-author","embeddable":true,"href":"https:\/\/nhatnam.libion.me\/index.php\/wp-json\/wp\/v2\/book-author?post=1451"},{"taxonomy":"product_brand","embeddable":true,"href":"https:\/\/nhatnam.libion.me\/index.php\/wp-json\/wp\/v2\/product_brand?post=1451"},{"taxonomy":"product_cat","embeddable":true,"href":"https:\/\/nhatnam.libion.me\/index.php\/wp-json\/wp\/v2\/product_cat?post=1451"},{"taxonomy":"product_tag","embeddable":true,"href":"https:\/\/nhatnam.libion.me\/index.php\/wp-json\/wp\/v2\/product_tag?post=1451"}],"curies":[{"name":"wp","href":"https:\/\/api.w.org\/{rel}","templated":true}]}}