{"id":1446,"date":"2026-04-07T10:09:38","date_gmt":"2026-04-07T10:09:38","guid":{"rendered":"https:\/\/nhatnam.libion.me\/index.php\/product\/tu-bep-inox-module-lap-ghep\/"},"modified":"2026-04-07T10:09:38","modified_gmt":"2026-04-07T10:09:38","slug":"tu-bep-inox-module-lap-ghep","status":"publish","type":"product","link":"https:\/\/nhatnam.libion.me\/index.php\/product\/tu-bep-inox-module-lap-ghep\/","title":{"rendered":"T\u1ee7 B\u1ebfp Inox Module L\u1eafp Gh\u00e9p"},"content":{"rendered":"<p style=\"text-align: justify;\"><span style=\"font-weight: 400;\">T\u1ee7 b\u1ebfp Inox module l\u1eafp gh\u00e9p \u0111ang tr\u1edf th\u00e0nh m\u1ed9t trong nh\u1eefng l\u1ef1a ch\u1ecdn ph\u1ed5 bi\u1ebfn trong thi\u1ebft k\u1ebf b\u1ebfp hi\u1ec7n \u0111\u1ea1i nh\u1edd v\u00e0o t\u00ednh linh ho\u1ea1t, \u0111\u1ed9 b\u1ec1n cao v\u00e0 kh\u1ea3 n\u0103ng ti\u1ebft ki\u1ec7m kh\u00f4ng gian. N\u1ebfu b\u1ea1n \u0111ang t\u00ecm ki\u1ebfm m\u1ed9t gi\u1ea3i ph\u00e1p b\u1ec1n v\u1eefng v\u00e0 \u0111\u1eb9p m\u1eaft cho c\u0103n b\u1ebfp c\u1ee7a m\u00ecnh, b\u00e0i vi\u1ebft d\u01b0\u1edbi \u0111\u00e2y s\u1ebd cung c\u1ea5p \u0111\u1ea7y \u0111\u1ee7 th\u00f4ng tin v\u1ec1 t\u1ee7 b\u1ebfp Inox module l\u1eafp gh\u00e9p, gi\u00fap b\u1ea1n c\u00f3 s\u1ef1 l\u1ef1a ch\u1ecdn ho\u00e0n h\u1ea3o.<\/span><\/p>\n<h2 style=\"text-align: justify;\"><b>1. T\u1ee7 b\u1ebfp Inox module l\u1eafp gh\u00e9p l\u00e0 g\u00ec?<br \/>\n<\/b><\/h2>\n<figure id=\"attachment_5022\" aria-describedby=\"caption-attachment-5022\" style=\"width: 1280px\" class=\"wp-caption aligncenter\"><img loading=\"lazy\" decoding=\"async\" class=\"wp-image-5022 size-full\" src=\"https:\/\/nhatnam.org\/wp-content\/uploads\/2025\/03\/Tu_bep_Nhat_Nam88.jpg\" alt=\"T\u1ee7 B\u1ebfp Inox Module L\u1eafp Gh\u00e9p\" width=\"1280\" height=\"960\" \/><figcaption id=\"caption-attachment-5022\" class=\"wp-caption-text\">Thi\u1ebft k\u1ebf module t\u1ee7 b\u1ebfp hi\u1ec7n \u0111\u1ea1i<\/figcaption><\/figure>\n<p style=\"text-align: justify;\"><span style=\"font-weight: 400;\">T\u1ee7 b\u1ebfp Inox module l\u1eafp gh\u00e9p l\u00e0 lo\u1ea1i t\u1ee7 b\u1ebfp \u0111\u01b0\u1ee3c c\u1ea5u th\u00e0nh t\u1eeb nhi\u1ec1u module ri\u00eang bi\u1ec7t. T\u1eeb c\u00e1c kh\u1ed1i module ri\u00eang bi\u1ec7t v\u00e0 \u0111\u1ed9c l\u1eadp, ng\u01b0\u1eddi ta s\u1eed d\u1ee5ng c\u00e1c m\u1ed1i n\u1ed1i chuy\u00ean d\u1ee5ng \u0111\u1ec3 g\u1eafn k\u1ebft ch\u00fang l\u1ea1i. Khi ho\u00e0n th\u00e0nh, ch\u00fang t\u1ea1o th\u00e0nh m\u1ed9t b\u1ed9 t\u1ee7 b\u1ebfp v\u1edbi c\u1ea5u tr\u00fac v\u1eefng ch\u1eafc v\u00e0 ho\u00e0n ch\u1ec9nh. M\u1ed7i module \u0111\u01b0\u1ee3c s\u1ea3n xu\u1ea5t s\u1eb5n theo k\u00edch th\u01b0\u1edbc ti\u00eau chu\u1ea9n, gi\u00fap qu\u00e1 tr\u00ecnh l\u1eafp \u0111\u1eb7t tr\u1edf n\u00ean d\u1ec5 d\u00e0ng, ti\u1ebft ki\u1ec7m th\u1eddi gian v\u00e0 chi ph\u00ed.<\/span><\/p>\n<p style=\"text-align: justify;\"><span style=\"font-weight: 400;\">Kh\u00f4ng gi\u1ed1ng nh\u01b0 t\u1ee7 b\u1ebfp truy\u1ec1n th\u1ed1ng, t\u1ee7 b\u1ebfp Inox module c\u00f3 th\u1ec3 th\u00e1o r\u1eddi, di chuy\u1ec3n ho\u1eb7c n\u00e2ng c\u1ea5p t\u1eebng ph\u1ea7n m\u00e0 kh\u00f4ng \u1ea3nh h\u01b0\u1edfng \u0111\u1ebfn t\u1ed5ng th\u1ec3. \u0110i\u1ec1u n\u00e0y gi\u00fap gia ch\u1ee7 linh ho\u1ea1t trong qu\u00e1 tr\u00ecnh s\u1eed d\u1ee5ng, \u0111\u1eb7c bi\u1ec7t ph\u00f9 h\u1ee3p v\u1edbi nh\u1eefng kh\u00f4ng gian b\u1ebfp hi\u1ec7n \u0111\u1ea1i.<\/span><\/p>\n<h2 style=\"text-align: justify;\"><b><\/b><b>2. C\u1ea5u t\u1ea1o t\u1ee7 b\u1ebfp Inox module l\u1eafp gh\u00e9p<br \/>\n<\/b><\/h2>\n<figure id=\"attachment_4931\" aria-describedby=\"caption-attachment-4931\" style=\"width: 1280px\" class=\"wp-caption aligncenter\"><img loading=\"lazy\" decoding=\"async\" class=\"wp-image-4931 size-full\" src=\"https:\/\/nhatnam.org\/wp-content\/uploads\/2025\/03\/Nhat_Nam09.jpg\" alt=\"T\u1ee7 B\u1ebfp Inox Module L\u1eafp Gh\u00e9p\" width=\"1280\" height=\"1280\" \/><figcaption id=\"caption-attachment-4931\" class=\"wp-caption-text\">Khoang t\u1ee7 b\u1ebfp Inox h\u1ec7 module \u0111\u00f3ng s\u1eb5n<\/figcaption><\/figure>\n<h2 style=\"text-align: justify;\"><b>\u00a0<\/b><\/h2>\n<p style=\"text-align: justify;\"><span style=\"font-weight: 400;\">T\u1ee7 b\u1ebfp Inox module l\u1eafp gh\u00e9p \u0111\u01b0\u1ee3c l\u00e0m t\u1eeb Inox 304 cao c\u1ea5p, thi\u1ebft k\u1ebf t\u1eeb c\u00e1c khoang t\u1ee7 ri\u00eang bi\u1ec7t, gi\u00fap d\u1ec5 d\u00e0ng l\u1eafp \u0111\u1eb7t, thay th\u1ebf v\u00e0 n\u00e2ng c\u1ea5p. C\u1ea5u t\u1ea1o bao g\u1ed3m:<\/span><\/p>\n<h4 style=\"text-align: justify;\"><b>C\u00e1c khoang t\u1ee7 module \u0111\u00f3ng s\u1eb5n t\u1ee7 b\u1ebfp: <\/b><b><br \/>\n<\/b><span style=\"font-weight: 400;\">C\u00e1c khoang module \u0111\u01b0\u1ee3c thi\u1ebft k\u1ebf theo t\u1eebng ch\u1ee9c n\u0103ng ri\u00eang bi\u1ec7t, gi\u00fap vi\u1ec7c l\u1eafp \u0111\u1eb7t tr\u1edf n\u00ean d\u1ec5 d\u00e0ng v\u00e0 thu\u1eadn ti\u1ec7n h\u01a1n. M\u1ed9t s\u1ed1 khoang quan tr\u1ecdng g\u1ed3m:<\/span><\/h4>\n<ul style=\"text-align: justify;\">\n<li style=\"font-weight: 400;\" aria-level=\"1\">\n<h4><span style=\"font-weight: 400;\">Khoang ch\u1eadu r\u1eeda: \u0110\u01b0\u1ee3c b\u1ed1 tr\u00ed \u0111\u1ec3 l\u1eafp \u0111\u1eb7t b\u1ed3n r\u1eeda ch\u00e9n, th\u01b0\u1eddng c\u00f3 kh\u00f4ng gian tr\u1ed1ng b\u00ean d\u01b0\u1edbi \u0111\u1ec3 ch\u1ee9a th\u00f9ng r\u00e1c ho\u1eb7c \u0111\u1ed3 v\u1ec7 sinh.<\/span><\/h4>\n<\/li>\n<li style=\"font-weight: 400;\" aria-level=\"1\">\n<h4><span style=\"font-weight: 400;\">Khoang g\u00f3c t\u1ee7 b\u1ebfp: T\u1eadn d\u1ee5ng t\u1ed1i \u0111a kh\u00f4ng gian g\u00f3c, c\u00f3 th\u1ec3 t\u00edch h\u1ee3p k\u1ec7 xoay ho\u1eb7c k\u1ec7 g\u00f3c li\u00ean ho\u00e0n \u0111\u1ec3 t\u0103ng kh\u1ea3 n\u0103ng l\u01b0u tr\u1eef.<\/span><\/h4>\n<\/li>\n<li style=\"font-weight: 400;\" aria-level=\"1\">\n<h4><span style=\"font-weight: 400;\">Khoang b\u1ebfp n\u1ea5u: Thi\u1ebft k\u1ebf d\u00e0nh ri\u00eang \u0111\u1ec3 \u0111\u1eb7t b\u1ebfp gas ho\u1eb7c b\u1ebfp t\u1eeb, \u0111\u1ea3m b\u1ea3o kho\u1ea3ng c\u00e1ch an to\u00e0n gi\u1eefa khu v\u1ef1c n\u1ea5u v\u00e0 khu v\u1ef1c r\u1eeda.<\/span><\/h4>\n<\/li>\n<li style=\"font-weight: 400;\" aria-level=\"1\">\n<h4><span style=\"font-weight: 400;\">Khoang k\u1ec7 t\u00edch h\u1ee3p: Bao g\u1ed3m gi\u00e1 \u00fap b\u00e1t \u0111\u0129a, gi\u00e1 \u0111\u1ec3 xoong n\u1ed3i, gi\u00e1 dao th\u1edbt v\u00e0 c\u00e1c ph\u1ee5 ki\u1ec7n b\u1ebfp kh\u00e1c gi\u00fap t\u1ed5 ch\u1ee9c kh\u00f4ng gian khoa h\u1ecdc.<\/span><\/h4>\n<\/li>\n<li style=\"font-weight: 400;\" aria-level=\"1\">\n<h4><span style=\"font-weight: 400;\">Khoang l\u00f2 vi s\u00f3ng: \u0110\u01b0\u1ee3c thi\u1ebft k\u1ebf \u0111\u1ec3 l\u1eafp \u00e2m l\u00f2 vi s\u00f3ng ho\u1eb7c l\u00f2 n\u01b0\u1edbng, c\u00f3 khe tho\u00e1t nhi\u1ec7t \u0111\u1ea3m b\u1ea3o thi\u1ebft b\u1ecb ho\u1ea1t \u0111\u1ed9ng an to\u00e0n.<\/span><\/h4>\n<\/li>\n<li style=\"font-weight: 400;\" aria-level=\"1\">\n<h4><span style=\"font-weight: 400;\">Khoang m\u00e1y h\u00fat m\u00f9i: Th\u01b0\u1eddng \u0111\u1eb7t \u1edf ph\u1ea7n t\u1ee7 tr\u00ean, gi\u00fap che gi\u1ea5u h\u1ec7 th\u1ed1ng h\u00fat m\u00f9i m\u1ed9t c\u00e1ch tinh t\u1ebf m\u00e0 v\u1eabn \u0111\u1ea3m b\u1ea3o hi\u1ec7u su\u1ea5t ho\u1ea1t \u0111\u1ed9ng<\/span><b>.<\/b><\/h4>\n<\/li>\n<\/ul>\n<h4 style=\"text-align: justify;\"><b>H\u1ec7 li\u00ean k\u1ebft v\u00e0 ph\u1ee5 ki\u1ec7n \u0111i k\u00e8m<\/b><\/h4>\n<ul style=\"text-align: justify;\">\n<li style=\"font-weight: 400;\" aria-level=\"1\"><b>M\u1eb7t \u0111\u00e1<\/b><span style=\"font-weight: 400;\">: Th\u01b0\u1eddng s\u1eed d\u1ee5ng \u0111\u00e1 granite ho\u1eb7c \u0111\u00e1 nh\u00e2n t\u1ea1o, \u0111\u1ea3m b\u1ea3o \u0111\u1ed9 b\u1ec1n v\u00e0 th\u1ea9m m\u1ef9.<\/span><\/li>\n<li style=\"font-weight: 400;\" aria-level=\"1\"><b>H\u1ec7 k\u1ebft c\u1ea5u li\u00ean k\u1ebft<\/b><span style=\"font-weight: 400;\">: S\u1eed d\u1ee5ng c\u00e1c thanh d\u00e0i \u0111\u1ec3 c\u1ed1 \u0111\u1ecbnh v\u00e0 li\u00ean k\u1ebft c\u00e1c module l\u1ea1i th\u00e0nh m\u1ed9t b\u1ed9 t\u1ee7 ho\u00e0n ch\u1ec9nh.<\/span><\/li>\n<li style=\"font-weight: 400;\" aria-level=\"1\"><b>Ph\u1ee5 ki\u1ec7n l\u1eafp r\u00e1p<\/b><span style=\"font-weight: 400;\">: Bao g\u1ed3m bulong, \u1ed1c v\u00edt, bas treo v\u00e0 ch\u00e2n t\u1ee7 n\u00e2ng h\u1ea1, gi\u00fap \u0111i\u1ec1u ch\u1ec9nh \u0111\u1ed9 cao v\u00e0 t\u1ea1o s\u1ef1 ch\u1eafc ch\u1eafn cho h\u1ec7 t\u1ee7.<\/span><\/li>\n<\/ul>\n<p style=\"text-align: justify;\"><span style=\"font-weight: 400;\">V\u1edbi thi\u1ebft k\u1ebf th\u00f4ng minh, t\u1ee7 b\u1ebfp Inox module l\u1eafp gh\u00e9p mang l\u1ea1i s\u1ef1 ti\u1ec7n l\u1ee3i, d\u1ec5 d\u00e0ng thi c\u00f4ng v\u00e0 \u0111\u00e1p \u1ee9ng t\u1ed1t nhu c\u1ea7u s\u1eed d\u1ee5ng trong kh\u00f4ng gian b\u1ebfp hi\u1ec7n \u0111\u1ea1i.<\/span><\/p>\n<h2 style=\"text-align: justify;\"><b>3. \u01afu \u0111i\u1ec3m t\u1ee7 b\u1ebfp Inox module l\u1eafp gh\u00e9p<br \/>\n<\/b><\/h2>\n<figure id=\"attachment_4932\" aria-describedby=\"caption-attachment-4932\" style=\"width: 1280px\" class=\"wp-caption aligncenter\"><img loading=\"lazy\" decoding=\"async\" class=\"wp-image-4932 size-full\" src=\"https:\/\/nhatnam.org\/wp-content\/uploads\/2025\/03\/Nhat_Nam10.jpg\" alt=\"T\u1ee7 B\u1ebfp Inox Module L\u1eafp Gh\u00e9p\" width=\"1280\" height=\"960\" \/><figcaption id=\"caption-attachment-4932\" class=\"wp-caption-text\">T\u1ee7 b\u1ebfp module \u0111\u01b0\u1ee3c thi\u1ebft k\u1ebf th\u00e0nh nhi\u1ec1u khoang ri\u00eang bi\u1ec7t<\/figcaption><\/figure>\n<p style=\"text-align: justify;\"><b>Linh ho\u1ea1t, d\u1ec5 d\u00e0ng th\u00e1o l\u1eafp<\/b><\/p>\n<p style=\"text-align: justify;\"><span style=\"font-weight: 400;\">T\u1ee7 b\u1ebfp module c\u00f3 thi\u1ebft k\u1ebf r\u1eddi, gi\u00fap vi\u1ec7c l\u1eafp \u0111\u1eb7t ho\u1eb7c th\u00e1o d\u1ee1 tr\u1edf n\u00ean nhanh ch\u00f3ng, kh\u00f4ng m\u1ea5t nhi\u1ec1u c\u00f4ng s\u1ee9c. B\u1ea1n c\u00f3 th\u1ec3 thay \u0111\u1ed5i ki\u1ec3u d\u00e1ng v\u00e0 k\u00edch th\u01b0\u1edbc b\u1eb1ng c\u00e1ch t\u0103ng ho\u1eb7c gi\u1ea3m s\u1ed1 l\u01b0\u1ee3ng module theo nhu c\u1ea7u. T\u1eeb thi\u1ebft k\u1ebf ch\u1eef I \u0111\u01a1n gi\u1ea3n, t\u1ee7 c\u00f3 th\u1ec3 bi\u1ebfn \u0111\u1ed5i th\u00e0nh ch\u1eef L, ch\u1eef U,&#8230; linh ho\u1ea1t v\u1edbi t\u1eebng kh\u00f4ng gian. N\u1ebfu m\u1ed9t khoang t\u1ee7 b\u1ecb h\u01b0 h\u1ecfng, b\u1ea1n ch\u1ec9 c\u1ea7n thay th\u1ebf ri\u00eang l\u1ebb m\u00e0 kh\u00f4ng \u1ea3nh h\u01b0\u1edfng \u0111\u1ebfn t\u1ed5ng th\u1ec3.<\/span><\/p>\n<p style=\"text-align: justify;\"><b>Kh\u1ea3 n\u0103ng ch\u1ecbu l\u1ef1c v\u01b0\u1ee3t tr\u1ed9i<\/b><\/p>\n<p style=\"text-align: justify;\"><span style=\"font-weight: 400;\">M\u1ed7i module \u0111\u01b0\u1ee3c thi\u1ebft k\u1ebf theo ti\u00eau chu\u1ea9n ri\u00eang, \u0111\u1ea3m nh\u1eadn m\u1ed9t ch\u1ee9c n\u0103ng c\u1ee5 th\u1ec3 nh\u01b0 \u0111\u1ef1ng xoong n\u1ed3i, b\u00e1t \u0111\u0129a, th\u1ef1c ph\u1ea9m,&#8230; Nh\u1edd \u0111\u00f3, \u0111\u1ed9 ch\u1ecbu l\u1ef1c c\u1ee7a t\u1eebng khoang \u0111\u01b0\u1ee3c t\u00ednh to\u00e1n c\u1ea9n th\u1eadn, \u0111\u1ea3m b\u1ea3o an to\u00e0n khi s\u1eed d\u1ee5ng. Ngo\u00e0i ra, c\u00e1c module \u0111\u01b0\u1ee3c x\u1ebfp li\u1ec1n k\u1ec1 t\u1ea1o th\u00e0nh k\u1ebft c\u1ea5u b\u1ec1n ch\u1eafc, gi\u00fap t\u1ee7 b\u1ebfp c\u00f3 \u0111\u1ed9 \u1ed5n \u0111\u1ecbnh cao.<\/span><\/p>\n<p style=\"text-align: justify;\"><b>T\u00ednh th\u1ea9m m\u1ef9 cao, ph\u00f9 h\u1ee3p nhi\u1ec1u phong c\u00e1ch n\u1ed9i th\u1ea5t<\/b><\/p>\n<p style=\"text-align: justify;\"><span style=\"font-weight: 400;\">T\u1ee7 b\u1ebfp module c\u00f3 thi\u1ebft k\u1ebf hi\u1ec7n \u0111\u1ea1i, b\u1eaft k\u1ecbp xu h\u01b0\u1edbng n\u1ed9i th\u1ea5t m\u1edbi. V\u1edbi m\u00e0u s\u1eafc \u0111a d\u1ea1ng, b\u1ea1n c\u00f3 th\u1ec3 d\u1ec5 d\u00e0ng l\u1ef1a ch\u1ecdn m\u1eabu ph\u00f9 h\u1ee3p v\u1edbi phong c\u00e1ch t\u1eeb t\u1ed1i gi\u1ea3n \u0111\u1ebfn sang tr\u1ecdng. \u0110i\u1ec1u n\u00e0y gi\u00fap kh\u00f4ng gian b\u1ebfp lu\u00f4n h\u00e0i h\u00f2a, \u0111\u1eb9p m\u1eaft v\u00e0 ti\u1ec7n nghi.<\/span><\/p>\n<p style=\"text-align: justify;\"><b>C\u1ea5u tr\u00fac li\u00ean k\u1ebft ch\u1eafc ch\u1eafn, th\u1ed1ng nh\u1ea5t<\/b><\/p>\n<p style=\"text-align: justify;\"><span style=\"font-weight: 400;\">M\u1eb7c d\u00f9 \u0111\u01b0\u1ee3c t\u1ea1o th\u00e0nh t\u1eeb nhi\u1ec1u khoang ri\u00eang l\u1ebb, nh\u01b0ng khi l\u1eafp r\u00e1p, c\u00e1c module li\u00ean k\u1ebft ch\u1eb7t ch\u1ebd, t\u1ea1o n\u00ean t\u1ed5ng th\u1ec3 th\u1ed1ng nh\u1ea5t. \u0110i\u1ec1u n\u00e0y gi\u00fap t\u1ed1i \u01b0u di\u1ec7n t\u00edch, t\u1eadn d\u1ee5ng t\u1ed1t c\u00e1c g\u00f3c b\u1ebfp. K\u00edch th\u01b0\u1edbc module tu\u00e2n theo ti\u00eau chu\u1ea9n qu\u1ed1c t\u1ebf, \u0111\u1ea3m b\u1ea3o v\u1eeba v\u1eb7n v\u1edbi c\u00e1c ph\u1ee5 ki\u1ec7n v\u00e0 thi\u1ebft b\u1ecb b\u1ebfp hi\u1ec7n \u0111\u1ea1i.<\/span><\/p>\n<p style=\"text-align: justify;\"><b>Ti\u1ebft ki\u1ec7m th\u1eddi gian v\u00e0 c\u00f4ng s\u1ee9c l\u1eafp \u0111\u1eb7t<\/b><\/p>\n<p style=\"text-align: justify;\"><span style=\"font-weight: 400;\">Nh\u1edd thi\u1ebft k\u1ebf r\u1eddi, vi\u1ec7c l\u1eafp \u0111\u1eb7t v\u00e0 di chuy\u1ec3n t\u1ee7 b\u1ebfp module tr\u1edf n\u00ean \u0111\u01a1n gi\u1ea3n h\u01a1n. Ng\u01b0\u1eddi d\u00f9ng c\u00f3 th\u1ec3 t\u1ef1 th\u1ef1c hi\u1ec7n m\u00e0 kh\u00f4ng c\u1ea7n th\u1ee3 chuy\u00ean nghi\u1ec7p, gi\u00fap ti\u1ebft ki\u1ec7m th\u1eddi gian v\u00e0 chi ph\u00ed \u0111\u00e1ng k\u1ec3.<\/span><\/p>\n<p style=\"text-align: justify;\"><span style=\"font-weight: 400;\">V\u1edbi nh\u1eefng \u01b0u \u0111i\u1ec3m tr\u00ean, t\u1ee7 b\u1ebfp module l\u1eafp gh\u00e9p l\u00e0 l\u1ef1a ch\u1ecdn l\u00fd t\u01b0\u1edfng cho kh\u00f4ng gian b\u1ebfp hi\u1ec7n \u0111\u1ea1i, mang \u0111\u1ebfn s\u1ef1 ti\u1ec7n l\u1ee3i, b\u1ec1n b\u1ec9 v\u00e0 t\u00ednh th\u1ea9m m\u1ef9 cao.<\/span><\/p>\n<p style=\"text-align: justify;\"><b>Ph\u00f9 h\u1ee3p v\u1edbi c\u00e1c m\u00f4 h\u00ecnh kinh doanh linh ho\u1ea1t<\/b><\/p>\n<p style=\"text-align: justify;\"><span style=\"font-weight: 400;\">\u0110\u1eb7c bi\u1ec7t l\u00e0 trong l\u0129nh v\u1ef1c \u1ea9m th\u1ef1c c\u00f3 s\u1eed d\u1ee5ng b\u1ebfp. H\u1ec7 t\u1ee7 b\u1ebfp module gi\u00fap qu\u00e1 tr\u00ecnh setup m\u1eb7t b\u1eb1ng di\u1ec5n ra nhanh ch\u00f3ng, d\u1ec5 d\u00e0ng m\u1edf r\u1ed9ng ho\u1eb7c thu g\u1ecdn khi c\u1ea7n thi\u1ebft. \u0110\u1ed3ng th\u1eddi, vi\u1ec7c di d\u1eddi v\u00e0 l\u1eafp \u0111\u1eb7t \u1edf \u0111\u1ecba \u0111i\u1ec3m kh\u00e1c c\u0169ng tr\u1edf n\u00ean thu\u1eadn ti\u1ec7n h\u01a1n.<\/span><\/p>\n<h2 style=\"text-align: justify;\"><strong>4. B\u00e1o gi\u00e1 t\u1ee7 b\u1ebfp Inox module l\u1eafp gh\u00e9p<\/strong><\/h2>\n<p style=\"text-align: justify;\"><span style=\"font-weight: 400;\">Gi\u00e1 t\u1ee7 b\u1ebfp module c\u00f3 s\u1ef1 dao \u0111\u1ed9ng t\u00f9y theo k\u00edch th\u01b0\u1edbc, ch\u1ea5t li\u1ec7u v\u00e0 thi\u1ebft k\u1ebf v\u00e0 y\u00eau c\u1ea7u thi\u1ebft k\u1ebf ri\u00eang c\u1ee7a t\u1eebng Kh\u00e1ch H\u00e0ng. C\u00e1c m\u1eabu c\u01a1 b\u1ea3n c\u00f3 m\u1ee9c gi\u00e1 h\u1ee3p l\u00fd, trong khi nh\u1eefng phi\u00ean b\u1ea3n cao c\u1ea5p h\u01a1n s\u1ebd c\u00f3 chi ph\u00ed cao h\u01a1n. \u0110\u1ec3 nh\u1eadn b\u00e1o gi\u00e1 chi ti\u1ebft v\u00e0 t\u01b0 v\u1ea5n m\u1eabu ph\u00f9 h\u1ee3p, vui l\u00f2ng li\u00ean h\u1ec7 <\/span><b>Nh\u1ea5t Nam.<\/b><\/p>\n<h2 style=\"text-align: justify;\"><strong>5. Nh\u1eefng tr\u01b0\u1eddng h\u1ee3p n\u00ean l\u1eafp \u0111\u1eb7t t\u1ee7 b\u1ebfp Inox h\u1ec7 module<\/strong><\/h2>\n<figure id=\"attachment_4968\" aria-describedby=\"caption-attachment-4968\" style=\"width: 1280px\" class=\"wp-caption aligncenter\"><img loading=\"lazy\" decoding=\"async\" class=\"wp-image-4968 size-full\" src=\"https:\/\/nhatnam.org\/wp-content\/uploads\/2025\/03\/Tu_bep_Nhat_Nam35.jpg\" alt=\"T\u1ee7 B\u1ebfp Inox Module L\u1eafp Gh\u00e9p\" width=\"1280\" height=\"960\" \/><figcaption id=\"caption-attachment-4968\" class=\"wp-caption-text\">Nh\u1ea5t Nam &#8211; \u0110\u01a1n v\u1ecb thi\u1ebft k\u1ebf thi c\u00f4ng t\u1ee7 b\u1ebfp Inox uy t\u00edn th\u1ecb tr\u01b0\u1eddng<\/figcaption><\/figure>\n<p style=\"text-align: justify;\"><span style=\"font-weight: 400;\">\u0110\u1ec3 gi\u00fap qu\u00fd kh\u00e1ch h\u00e0ng d\u1ec5 d\u00e0ng l\u1ef1a ch\u1ecdn, d\u01b0\u1edbi \u0111\u00e2y l\u00e0 nh\u1eefng tr\u01b0\u1eddng h\u1ee3p n\u00ean s\u1eed d\u1ee5ng t\u1ee7 b\u1ebfp Inox module nh\u1eb1m t\u1eadn d\u1ee5ng t\u1ed1i \u0111a \u01b0u \u0111i\u1ec3m c\u1ee7a d\u00f2ng s\u1ea3n ph\u1ea9m n\u00e0y.<\/span><\/p>\n<p style=\"text-align: justify;\"><strong>B\u1ebfp chung c\u01b0, b\u1ebfp d\u01b0\u1edbi c\u1ea7u thang, b\u1ebfp t\u1ea7ng l\u1eedng<\/strong><span style=\"font-weight: 400;\"><br \/>\n<\/span><span style=\"font-weight: 400;\">\u0110\u00e2y th\u01b0\u1eddng l\u00e0 nh\u1eefng khu v\u1ef1c b\u1ebfp c\u00f3 di\u1ec7n t\u00edch h\u1ea1n ch\u1ebf ho\u1eb7c c\u1ea7n d\u1ec5 d\u00e0ng th\u00e1o l\u1eafp, di chuy\u1ec3n. \u0110\u1eb7c bi\u1ec7t, v\u1edbi b\u1ebfp d\u01b0\u1edbi c\u1ea7u thang, t\u1ee7 b\u1ebfp Inox module s\u1ebd gi\u00fap t\u1ed1i \u01b0u kh\u00f4ng gian, ch\u1ed1ng \u1ea9m hi\u1ec7u qu\u1ea3 v\u00e0 thu\u1eadn ti\u1ec7n cho vi\u1ec7c b\u1ea3o tr\u00ec.<\/span><\/p>\n<p style=\"text-align: justify;\"><strong>B\u1ebfp trong c\u00e1c m\u00f4 h\u00ecnh kinh doanh \u0103n u\u1ed1ng<\/strong><span style=\"font-weight: 400;\"><br \/>\n<\/span><span style=\"font-weight: 400;\">V\u1edbi nh\u1eefng nh\u00e0 h\u00e0ng, qu\u00e1n \u0103n ho\u1eb7c b\u1ebfp c\u00f4ng nghi\u1ec7p, vi\u1ec7c s\u1eed d\u1ee5ng t\u1ee7 b\u1ebfp module gi\u00fap linh ho\u1ea1t m\u1edf r\u1ed9ng ho\u1eb7c thu h\u1eb9p t\u00f9y theo nhu c\u1ea7u kinh doanh. Ngo\u00e0i ra, kh\u1ea3 n\u0103ng th\u00e1o l\u1eafp d\u1ec5 d\u00e0ng c\u0169ng h\u1ed7 tr\u1ee3 t\u1ed1i \u01b0u khi c\u1ea7n di d\u1eddi \u0111\u1ecba \u0111i\u1ec3m.<\/span><\/p>\n<p style=\"text-align: justify;\"><strong>Nh\u00e0 b\u1ebfp r\u1ed9ng r\u00e3i, c\u1ea7n thi\u1ebft k\u1ebf \u0111a n\u0103ng<\/strong><span style=\"font-weight: 400;\"><br \/>\n<\/span><span style=\"font-weight: 400;\">Trong nh\u1eefng kh\u00f4ng gian b\u1ebfp l\u1edbn, vi\u1ec7c s\u1eed d\u1ee5ng h\u1ec7 module gi\u00fap ph\u00e2n chia khu v\u1ef1c ch\u1ee9c n\u0103ng khoa h\u1ecdc h\u01a1n. C\u00e1c khoang t\u1ee7 ri\u00eang bi\u1ec7t c\u00f3 th\u1ec3 t\u00f9y ch\u1ec9nh linh ho\u1ea1t, mang \u0111\u1ebfn tr\u1ea3i nghi\u1ec7m s\u1eed d\u1ee5ng ti\u1ec7n l\u1ee3i v\u00e0 t\u1ed1i \u01b0u h\u01a1n.<\/span><\/p>\n<p style=\"text-align: justify;\"><span style=\"font-weight: 400;\">Li\u00ean h\u1ec7 <strong>Nh\u1ea5t Nam<\/strong> \u0111\u1ec3 \u0111\u01b0\u1ee3c t\u01b0 v\u1ea5n chi ti\u1ebft v\u1ec1 t\u1ee7 b\u1ebfp Inox module ph\u00f9 h\u1ee3p v\u1edbi kh\u00f4ng gian c\u1ee7a b\u1ea1n!<\/span><\/p>\n<h2 style=\"text-align: justify;\"><b>6. M\u1ed9t s\u1ed1 m\u1eabu t\u1ee7 b\u1ebfp Inox module l\u1eafp gh\u00e9p \u0111\u1eb9p<\/b><\/h2>\n<p style=\"text-align: justify;\"><img loading=\"lazy\" decoding=\"async\" class=\"aligncenter wp-image-4961 size-full\" src=\"https:\/\/nhatnam.org\/wp-content\/uploads\/2025\/03\/Tu_bep_Nhat_Nam28.jpg\" alt=\"T\u1ee7 B\u1ebfp Inox Module L\u1eafp Gh\u00e9p\" width=\"1280\" height=\"960\" \/><\/p>\n<p style=\"text-align: justify;\"><img loading=\"lazy\" decoding=\"async\" class=\"aligncenter wp-image-4933\" src=\"https:\/\/nhatnam.org\/wp-content\/uploads\/2025\/03\/Tu_bep_Nhat_Nam01-300x180.jpg\" alt=\"T\u1ee7 B\u1ebfp Inox Module L\u1eafp Gh\u00e9p\" width=\"1280\" height=\"768\" \/><\/p>\n<p style=\"text-align: justify;\"><img loading=\"lazy\" decoding=\"async\" class=\"aligncenter wp-image-4815 size-full\" src=\"https:\/\/nhatnam.org\/wp-content\/uploads\/2025\/02\/28-6.jpg\" alt=\"T\u1ee7 B\u1ebfp Inox Module L\u1eafp Gh\u00e9p\" width=\"1280\" height=\"960\" \/><\/p>\n<p style=\"text-align: justify;\"><img loading=\"lazy\" decoding=\"async\" class=\"aligncenter wp-image-4993\" src=\"https:\/\/nhatnam.org\/wp-content\/uploads\/2025\/03\/Tu_bep_Nhat_Nam59.jpg\" alt=\"T\u1ee7 B\u1ebfp Inox Module L\u1eafp Gh\u00e9p\" width=\"1280\" height=\"1707\" \/><\/p>\n<p style=\"text-align: justify;\"><img loading=\"lazy\" decoding=\"async\" class=\"aligncenter wp-image-4997 size-full\" src=\"https:\/\/nhatnam.org\/wp-content\/uploads\/2025\/03\/Tu_bep_Nhat_Nam63.jpg\" alt=\"T\u1ee7 B\u1ebfp Inox Module L\u1eafp Gh\u00e9p\" width=\"1280\" height=\"854\" \/><\/p>\n<p style=\"text-align: justify;\"><img loading=\"lazy\" decoding=\"async\" class=\"aligncenter wp-image-5011 size-full\" src=\"https:\/\/nhatnam.org\/wp-content\/uploads\/2025\/03\/Tu_bep_Nhat_Nam77.jpg\" alt=\"T\u1ee7 B\u1ebfp Inox Module L\u1eafp Gh\u00e9p\" width=\"1280\" height=\"960\" \/><\/p>\n<p style=\"text-align: justify;\"><span style=\"font-weight: 400;\">T\u1ee7 b\u1ebfp Inox module l\u1eafp gh\u00e9p l\u00e0 l\u1ef1a ch\u1ecdn t\u1ed1i \u01b0u cho nh\u1eefng ai mong mu\u1ed1n s\u1edf h\u1eefu m\u1ed9t kh\u00f4ng gian b\u1ebfp \u0111\u1eb9p, b\u1ec1n v\u00e0 ti\u1ec7n l\u1ee3i. V\u1edbi nhi\u1ec1u \u01b0u \u0111i\u1ec3m v\u01b0\u1ee3t tr\u1ed9i, kh\u1ea3 n\u0103ng l\u1eafp r\u00e1p linh ho\u1ea1t v\u00e0 d\u1ec5 d\u00e0ng v\u1ec7 sinh, \u0111\u00e2y ch\u1eafc ch\u1eafn l\u00e0 gi\u1ea3i ph\u00e1p ho\u00e0n h\u1ea3o cho c\u0103n b\u1ebfp hi\u1ec7n \u0111\u1ea1i. N\u1ebfu b\u1ea1n \u0111ang t\u00ecm ki\u1ebfm m\u1ed9t m\u1eabu t\u1ee7 b\u1ebfp Inox module ch\u1ea5t l\u01b0\u1ee3ng, h\u00e3y li\u00ean h\u1ec7 ngay v\u1edbi <strong>Nh\u1ea5t Nam<\/strong> \u0111\u1ec3 nh\u1eadn b\u00e1o gi\u00e1 v\u00e0 t\u01b0 v\u1ea5n mi\u1ec5n ph\u00ed!<\/span><\/p>\n","protected":false},"excerpt":{"rendered":"<p style=\"text-align: justify;\"><span style=\"font-weight: 400;\">T\u1ee7 b\u1ebfp Inox module l\u1eafp gh\u00e9p \u0111ang tr\u1edf th\u00e0nh m\u1ed9t trong nh\u1eefng l\u1ef1a ch\u1ecdn ph\u1ed5 bi\u1ebfn trong thi\u1ebft k\u1ebf b\u1ebfp hi\u1ec7n \u0111\u1ea1i nh\u1edd v\u00e0o t\u00ednh linh ho\u1ea1t, \u0111\u1ed9 b\u1ec1n cao v\u00e0 kh\u1ea3 n\u0103ng ti\u1ebft ki\u1ec7m kh\u00f4ng gian. N\u1ebfu b\u1ea1n \u0111ang t\u00ecm ki\u1ebfm m\u1ed9t gi\u1ea3i ph\u00e1p b\u1ec1n v\u1eefng v\u00e0 \u0111\u1eb9p m\u1eaft cho c\u0103n b\u1ebfp c\u1ee7a m\u00ecnh, b\u00e0i vi\u1ebft d\u01b0\u1edbi \u0111\u00e2y s\u1ebd cung c\u1ea5p \u0111\u1ea7y \u0111\u1ee7 th\u00f4ng tin v\u1ec1 t\u1ee7 b\u1ebfp Inox module l\u1eafp gh\u00e9p, gi\u00fap b\u1ea1n c\u00f3 s\u1ef1 l\u1ef1a ch\u1ecdn ho\u00e0n h\u1ea3o.<\/span><\/p>\n","protected":false},"featured_media":1313,"comment_status":"open","ping_status":"closed","template":"","meta":{"_acf_changed":false,"_gspb_post_css":""},"book-author":[],"product_brand":[],"product_cat":[109,121],"product_tag":[],"class_list":{"0":"post-1446","1":"product","2":"type-product","3":"status-publish","4":"has-post-thumbnail","6":"product_cat-tu-bep-inox","7":"product_cat-tu-bep-inox-he-module","9":"first","10":"instock","11":"shipping-taxable","12":"product-type-simple"},"acf":[],"_links":{"self":[{"href":"https:\/\/nhatnam.libion.me\/index.php\/wp-json\/wp\/v2\/product\/1446","targetHints":{"allow":["GET"]}}],"collection":[{"href":"https:\/\/nhatnam.libion.me\/index.php\/wp-json\/wp\/v2\/product"}],"about":[{"href":"https:\/\/nhatnam.libion.me\/index.php\/wp-json\/wp\/v2\/types\/product"}],"replies":[{"embeddable":true,"href":"https:\/\/nhatnam.libion.me\/index.php\/wp-json\/wp\/v2\/comments?post=1446"}],"wp:featuredmedia":[{"embeddable":true,"href":"https:\/\/nhatnam.libion.me\/index.php\/wp-json\/wp\/v2\/media\/1313"}],"wp:attachment":[{"href":"https:\/\/nhatnam.libion.me\/index.php\/wp-json\/wp\/v2\/media?parent=1446"}],"wp:term":[{"taxonomy":"book-author","embeddable":true,"href":"https:\/\/nhatnam.libion.me\/index.php\/wp-json\/wp\/v2\/book-author?post=1446"},{"taxonomy":"product_brand","embeddable":true,"href":"https:\/\/nhatnam.libion.me\/index.php\/wp-json\/wp\/v2\/product_brand?post=1446"},{"taxonomy":"product_cat","embeddable":true,"href":"https:\/\/nhatnam.libion.me\/index.php\/wp-json\/wp\/v2\/product_cat?post=1446"},{"taxonomy":"product_tag","embeddable":true,"href":"https:\/\/nhatnam.libion.me\/index.php\/wp-json\/wp\/v2\/product_tag?post=1446"}],"curies":[{"name":"wp","href":"https:\/\/api.w.org\/{rel}","templated":true}]}}