{"id":1423,"date":"2026-04-07T10:08:41","date_gmt":"2026-04-07T10:08:41","guid":{"rendered":"https:\/\/nhatnam.libion.me\/index.php\/product\/tu-bep-nhom-kinh\/"},"modified":"2026-04-07T10:08:48","modified_gmt":"2026-04-07T10:08:48","slug":"tu-bep-nhom-kinh","status":"publish","type":"product","link":"https:\/\/nhatnam.libion.me\/product\/tu-bep-nhom-kinh\/","title":{"rendered":"T\u1ee7 B\u1ebfp Nh\u00f4m K\u00ednh"},"content":{"rendered":"<p style=\"text-align: justify;\"><span style=\"font-weight: 400;\">T\u1ee7 b\u1ebfp nh\u00f4m k\u00ednh \u0111ang l\u00e0 s\u1ef1 l\u1ef1a ch\u1ecdn h\u00e0ng \u0111\u1ea7u c\u1ee7a kh\u00e1ch h\u00e0ng v\u1edbi s\u1ef1 \u0111a d\u1ea1ng v\u1ec1 m\u1eabu m\u00e3 v\u00e0 m\u00e0u s\u1eafc c\u00f9ng v\u1edbi ch\u1ea5t l\u01b0\u1ee3ng cao v\u00e0 gi\u00e1 th\u00e0nh ph\u1ea3i ch\u0103ng. \u0110\u1ec3 hi\u1ec3u r\u00f5 h\u01a1n v\u1ec1 nh\u1eefng \u01b0u \u0111i\u1ec3m n\u00e0y, h\u00e3y c\u00f9ng N\u1ed9i Th\u1ea5t Nh\u1ea5t Nam t\u00ecm hi\u1ec3u th\u00f4ng tin chi ti\u1ebft qua b\u00e0i vi\u1ebft d\u01b0\u1edbi \u0111\u00e2y nh\u00e9.<\/span><\/p>\n<h2 style=\"text-align: justify;\"><b>1. T\u00ecm hi\u1ec3u v\u1ec1 t\u1ee7 b\u1ebfp nh\u00f4m k\u00ednh<br \/>\n<img loading=\"lazy\" decoding=\"async\" class=\"aligncenter wp-image-4642 size-full\" src=\"https:\/\/nhatnam.org\/wp-content\/uploads\/2025\/02\/Nhom_hop_kim07.jpg\" alt=\"\" width=\"1276\" height=\"956\" \/><br \/>\n<\/b><\/h2>\n<p style=\"text-align: justify;\"><span style=\"font-weight: 400;\">T\u1ee7 b\u1ebfp nh\u00f4m k\u00ednh l\u00e0 s\u1ef1 k\u1ebft h\u1ee3p \u0111\u1ed9c \u0111\u00e1o gi\u1eefa khung nh\u00f4m v\u00e0 c\u00e1nh k\u00ednh c\u01b0\u1eddng l\u1ef1c, t\u1ea1o ra s\u1ea3n ph\u1ea9m mang \u0111\u1eadm phong c\u00e1ch hi\u1ec7n \u0111\u1ea1i v\u00e0 t\u00ednh ti\u1ec7n \u00edch cao. V\u1edbi c\u1ea5u tr\u00fac ch\u1eafc ch\u1eafn t\u1eeb khung nh\u00f4m\u00a0 k\u1ebft h\u1ee3p v\u1edbi c\u00e1c ph\u1ee5 ki\u1ec7n nh\u01b0 b\u1ea3n l\u1ec1, tay n\u1eafm, kh\u00f3a v\u00e0 gi\u00e1 inox kh\u00f4ng g\u1ec9 t\u1ea1o n\u00ean b\u1ed9 t\u1ee7 b\u1ebfp ho\u00e0n ch\u1ec9nh. \u0110\u1eb7c bi\u1ec7t, t\u1ee7 b\u1ebfp nh\u00f4m k\u00ednh kh\u00f4ng b\u1ecb cong v\u00eanh, m\u1ed1i m\u1ecdt v\u00e0 c\u00f3 kh\u1ea3 n\u0103ng ch\u1ed1ng n\u01b0\u1edbc t\u1ed1t, d\u1ec5 d\u00e0ng v\u1ec7 sinh, gi\u00fap ti\u1ebft ki\u1ec7m th\u1eddi gian v\u00e0 c\u00f4ng s\u1ee9c cho vi\u1ec7c b\u1ea3o qu\u1ea3n v\u00e0 s\u1eed d\u1ee5ng.<\/span><\/p>\n<p>[block id=&#8221;7478&#8243;]<\/p>\n<h2 style=\"text-align: justify;\"><b>2. C\u1ea5u t\u1ea1o c\u1ee7a t\u1ee7 b\u1ebfp nh\u00f4m k\u00ednh<br \/>\n<\/b><\/h2>\n<figure id=\"attachment_4466\" aria-describedby=\"caption-attachment-4466\" style=\"width: 1280px\" class=\"wp-caption aligncenter\"><img loading=\"lazy\" decoding=\"async\" class=\"wp-image-4466 size-full\" src=\"https:\/\/nhatnam.org\/wp-content\/uploads\/2025\/02\/nhom_hop_kim_NHAT_NAM07.jpg\" alt=\"t\u1ee7 b\u1ebfp nh\u00f4m k\u00ednh\" width=\"1280\" height=\"960\" \/><figcaption id=\"caption-attachment-4466\" class=\"wp-caption-text\">Khung, th\u00f9ng t\u1ee7 \u0111\u01b0\u1ee3c l\u00e0m t\u1eeb nh\u00f4m h\u1ee3p kim cao c\u1ea5p<\/figcaption><\/figure>\n<p style=\"text-align: justify;\"><span style=\"font-weight: 400;\">T\u1ee7 b\u1ebfp nh\u00f4m k\u00ednh bao g\u1ed3m c\u00e1c th\u00e0nh ph\u1ea7n sau:\u00a0<\/span><\/p>\n<p style=\"text-align: justify;\"><span style=\"font-weight: 400;\">Khung nh\u00f4m ch\u1eafc ch\u1eafn<\/span><\/p>\n<ul style=\"text-align: justify;\">\n<li style=\"font-weight: 400;\"><span style=\"font-weight: 400;\">T\u1ee7 b\u1ebfp nh\u00f4m \u0111\u01b0\u1ee3c thi\u1ebft k\u1ebf v\u1edbi khung b\u1eb1ng nh\u00f4m kh\u00f4ng g\u1ec9, nh\u00f4m cao c\u1ea5p, hay nh\u00f4m Xingfa, gi\u00fap t\u1ea1o n\u00ean s\u1ef1 nh\u1eb9 nh\u00e0ng v\u00e0 ch\u1eafc ch\u1eafn cho s\u1ea3n ph\u1ea9m.<\/span><\/li>\n<li style=\"font-weight: 400;\"><span style=\"font-weight: 400;\">Kh\u1ea3 n\u0103ng ch\u1ed1ng \u1ea9m, ch\u1ecbu va \u0111\u1eadp c\u1ee7a khung nh\u00f4m cung c\u1ea5p n\u1ec1n m\u00f3ng v\u1eefng ch\u1eafc cho c\u1ea3 k\u1ebft c\u1ea5u b\u00ean trong v\u00e0 b\u00ean ngo\u00e0i c\u1ee7a t\u1ee7 b\u1ebfp.<\/span><\/li>\n<\/ul>\n<p style=\"text-align: justify;\"><span style=\"font-weight: 400;\">\u0110a d\u1ea1ng lo\u1ea1i k\u00ednh s\u1eed d\u1ee5ng<\/span><\/p>\n<ul style=\"text-align: justify;\">\n<li style=\"font-weight: 400;\"><span style=\"font-weight: 400;\">T\u1ee7 b\u1ebfp nh\u00f4m k\u00ednh \u0111\u01b0\u1ee3c trang b\u1ecb v\u1edbi nhi\u1ec1u lo\u1ea1i k\u00ednh kh\u00e1c nhau nh\u01b0 k\u00ednh c\u01b0\u1eddng l\u1ef1c, k\u00ednh ch\u1ed1ng tr\u1ea7y, k\u00ednh hai l\u1edbp, v\u00e0 k\u00ednh an to\u00e0n, t\u1ea1o n\u00ean n\u00e9t \u0111\u1eb7c tr\u01b0ng v\u00e0 t\u00ednh th\u1ea9m m\u1ef9 cho s\u1ea3n ph\u1ea9m.<\/span><\/li>\n<li style=\"font-weight: 400;\"><span style=\"font-weight: 400;\">C\u00e1c lo\u1ea1i k\u00ednh n\u00e0y c\u0169ng ph\u00f9 h\u1ee3p v\u1edbi nhi\u1ec1u c\u00f4ng tr\u00ecnh trong nh\u00e0 nh\u01b0 c\u1eeda s\u1ed5, c\u1eeda ra v\u00e0o ch\u00ednh, t\u1ea1o \u0111i\u1ec3m nh\u1ea5n \u0111\u1ed9c \u0111\u00e1o cho kh\u00f4ng gian s\u1ed1ng.<\/span><\/li>\n<\/ul>\n<p style=\"text-align: justify;\"><span style=\"font-weight: 400;\">T\u1ea5m \u1ed1p nh\u00f4m Aluminium<\/span><\/p>\n<ul style=\"text-align: justify;\">\n<li style=\"font-weight: 400;\"><span style=\"font-weight: 400;\">T\u1ea5m \u1ed1p nh\u00f4m Aluminium \u0111\u01b0\u1ee3c s\u1eed d\u1ee5ng \u1edf m\u1eb7t sau c\u1ee7a t\u1ee7 nh\u1eb1m t\u0103ng c\u01b0\u1eddng kh\u1ea3 n\u0103ng ch\u1ecbu l\u1ef1c, gi\u1ea3m nguy c\u01a1 ch\u00e1y n\u1ed5 v\u00e0 m\u1ed1i m\u1ecdt, \u0111\u1ed3ng th\u1eddi b\u1ea3o v\u1ec7 s\u1ea3n ph\u1ea9m kh\u1ecfi s\u1ef1 t\u00e1c \u0111\u1ed9ng c\u1ee7a m\u00f4i tr\u01b0\u1eddng b\u00ean ngo\u00e0i.<\/span><\/li>\n<\/ul>\n<p style=\"text-align: justify;\"><span style=\"font-weight: 400;\">H\u1ec7 ph\u1ee5 ki\u1ec7n v\u1eadt t\u01b0 \u0111a d\u1ea1ng<\/span><\/p>\n<ul style=\"text-align: justify;\">\n<li style=\"font-weight: 400;\"><span style=\"font-weight: 400;\">M\u1ed7i s\u1ea3n ph\u1ea9m nh\u00f4m k\u00ednh \u0111\u1ec1u \u0111i k\u00e8m v\u1edbi c\u00e1c ph\u1ee5 ki\u1ec7n nh\u01b0 h\u1ec7 gio\u0103ng k\u00e9p, ch\u1ed1t \u0111a \u0111i\u1ec3m, b\u1ea3n l\u1ec1, tay n\u1eafm, kh\u00f3a\u2026 \u0111\u1ea3m b\u1ea3o t\u00ednh ti\u1ec7n d\u1ee5ng v\u00e0 s\u1ef1 ho\u00e0n thi\u1ec7n c\u1ee7a t\u1ee7.<\/span><\/li>\n<li style=\"font-weight: 400;\"><span style=\"font-weight: 400;\">\u0110\u1ed3ng th\u1eddi, vi\u1ec7c s\u1eed d\u1ee5ng c\u00e1c lo\u1ea1i ghim, \u0111inh v\u00e0 v\u00edt ph\u00f9 h\u1ee3p gi\u00fap t\u0103ng t\u00ednh th\u1ea9m m\u1ef9 v\u00e0 \u0111\u1ed9 b\u1ec1n cho s\u1ea3n ph\u1ea9m.<\/span><\/li>\n<\/ul>\n<p style=\"text-align: justify;\"><span style=\"font-weight: 400;\">Ph\u1ee5 ki\u1ec7n t\u1ee7 b\u1ebfp bao g\u1ed3m b\u1ea3n l\u1ec1, tay n\u1eafm, kh\u00f3a, gi\u00e1 n\u00e2ng h\u1ea1, gi\u00e1 \u0111\u1ef1ng b\u00e1t \u0111\u0169a dao th\u00eca, th\u00f9ng g\u1ea1o th\u00f4ng minh, m\u00e1y h\u00fat m\u00f9i, m\u00e1y r\u1eeda ch\u00e9n\u2026 t\u00f9y theo nhu c\u1ea7u s\u1eed d\u1ee5ng c\u1ee7a t\u1eebng gia \u0111\u00ecnh.<\/span><\/p>\n<p>[block id=&#8221;7478&#8243;]<\/p>\n<h2 style=\"text-align: justify;\"><b>3. V\u00ec sao kh\u00e1ch h\u00e0ng \u01b0u ti\u00ean l\u1ef1a ch\u1ecdn t\u1ee7 b\u1ebfp nh\u00f4m k\u00ednh<br \/>\n<\/b><\/h2>\n<figure id=\"attachment_4524\" aria-describedby=\"caption-attachment-4524\" style=\"width: 1280px\" class=\"wp-caption aligncenter\"><img loading=\"lazy\" decoding=\"async\" class=\"wp-image-4524 size-full\" src=\"https:\/\/nhatnam.org\/wp-content\/uploads\/2025\/02\/inox_NHAT_NAM31.jpg\" alt=\"T\u1ee7 b\u1ebfp nh\u00f4m k\u00ednh\" width=\"1280\" height=\"960\" \/><figcaption id=\"caption-attachment-4524\" class=\"wp-caption-text\">Nh\u1ea5t Nam &#8211; C\u00f4ng ngh\u1ec7 gia c\u00f4ng t\u1ee7 b\u1ebfp nh\u00f4m k\u00ednh d\u1ef1a tr\u00ean d\u00e2y truy\u1ec1n hi\u1ec7n \u0111\u1ea1i<\/figcaption><\/figure>\n<p style=\"text-align: justify;\"><span style=\"font-weight: 400;\">T\u1ee7 b\u1ebfp nh\u00f4m k\u00ednh l\u00e0 d\u00f2ng s\u1ea3n ph\u1ea9m t\u1ee7 b\u1ebfp cao c\u1ea5p ch\u1ee9a nhi\u1ec1u \u01b0u \u0111i\u1ec3m n\u1ed5i b\u1eadt:<\/span><\/p>\n<ul style=\"text-align: justify;\">\n<li style=\"font-weight: 400;\"><span style=\"font-weight: 400;\">D\u1ec5 d\u00e0ng v\u1ec7 sinh, lau ch\u00f9i: Kh\u1ea3 n\u0103ng ch\u1ed1ng th\u1ea5m d\u1ea7u m\u1ee1, \u00edt b\u00e1m b\u1ee5i, kh\u00f4ng \u00e1m m\u00f9i gi\u00fap t\u1ee7 lu\u00f4n s\u1ea1ch s\u1ebd v\u00e0 d\u1ec5 d\u00e0ng lau ch\u00f9i. B\u00ean c\u1ea1nh \u0111\u00f3 kh\u1ea3 n\u0103ng ch\u1ed1ng oxy h\u00f3a v\u00e0 ch\u1ed1ng n\u01b0\u1edbc kh\u00e1 t\u1ed1t n\u00ean b\u1ea1n s\u1ebd kh\u00f4ng lo v\u1ea5n \u0111\u1ec1 m\u1ed1i m\u1ecdt, \u1ea9m m\u1ed1c hay vi khu\u1ea9n ph\u00e1t tri\u1ec3n trong c\u0103n b\u1ebfp.<\/span><\/li>\n<li style=\"font-weight: 400;\"><span style=\"font-weight: 400;\">Ch\u1eafc ch\u1eafn, c\u1ee9ng c\u00e1p: V\u1edbi kh\u1ea3 n\u0103ng ch\u1ecbu l\u1ef1c t\u1ed1t, t\u1ee7 b\u1ebfp nh\u00f4m k\u00ednh c\u00f3 th\u1ec3 ch\u1ecbu \u0111\u01b0\u1ee3c t\u1ea3i tr\u1ecdng l\u1edbn l\u00ean \u0111\u1ebfn 300kg, \u0111\u1ea3m b\u1ea3o s\u1ef1 an to\u00e0n v\u00e0 \u1ed5n \u0111\u1ecbnh cho kh\u00f4ng gian b\u1ebfp.<\/span><\/li>\n<li style=\"font-weight: 400;\"><span style=\"font-weight: 400;\">\u0110\u1ed9 b\u1ec1n cao: Kh\u1ea3 n\u0103ng ch\u1ed1ng oxy h\u00f3a, ch\u1ed1ng m\u1ed1i m\u1ecdt, cong v\u00eanh, kh\u00f4ng b\u1ecb \u1ea3nh h\u01b0\u1edfng b\u1edfi t\u00e1c \u0111\u1ed9ng c\u1ee7a th\u1eddi ti\u1ebft gi\u00fap t\u1ee7 b\u1ebfp nh\u00f4m k\u00ednh lu\u00f4n gi\u1eef \u0111\u01b0\u1ee3c v\u1ebb \u0111\u1eb9p v\u00e0 \u0111\u1ed9 b\u1ec1n nh\u01b0 m\u1edbi su\u1ed1t th\u1eddi gian d\u00e0i s\u1eed d\u1ee5ng.<\/span><\/li>\n<li style=\"font-weight: 400;\"><span style=\"font-weight: 400;\">T\u00ednh th\u1ea9m m\u1ef9 cao: V\u1edbi m\u1eabu m\u00e3 \u0111a d\u1ea1ng nh\u01b0 t\u1ee7 b\u1ebfp ch\u1eef L, ch\u1eef I, ch\u1eef U\u2026 t\u1ee7 b\u1ebfp nh\u00f4m k\u00ednh ph\u00f9 h\u1ee3p v\u1edbi m\u1ecdi phong c\u00e1ch t\u1eeb c\u1ed5 \u0111i\u1ec3n \u0111\u1ebfn hi\u1ec7n \u0111\u1ea1i, t\u1eeb nh\u1eb9 nh\u00e0ng \u0111\u1ebfn c\u00e1 t\u00ednh.<\/span><\/li>\n<li style=\"font-weight: 400;\"><span style=\"font-weight: 400;\">Gi\u00e1 c\u1ea3 ph\u1ea3i ch\u0103ng: So v\u1edbi c\u00e1c ch\u1ea5t li\u1ec7u kh\u00e1c, t\u1ee7 b\u1ebfp nh\u00f4m k\u00ednh c\u00f3 gi\u00e1 h\u1ee3p l\u00fd h\u01a1n r\u1ea5t nhi\u1ec1u ph\u1ee5c v\u1ee5 \u0111\u01b0\u1ee3c cho m\u1ecdi ph\u00e2n kh\u00fac kh\u00e1ch h\u00e0ng.<\/span><\/li>\n<\/ul>\n<p>[block id=&#8221;7478&#8243;]<\/p>\n<h2 style=\"text-align: justify;\"><b>4. \u0110i\u1ec3m kh\u00e1c bi\u1ec7t gi\u1eefa hai d\u00f2ng t\u1ee7 cao c\u1ea5p v\u00e0 th\u00f4ng th\u01b0\u1eddng<br \/>\n<\/b><\/h2>\n<figure id=\"attachment_2393\" aria-describedby=\"caption-attachment-2393\" style=\"width: 1280px\" class=\"wp-caption aligncenter\"><img loading=\"lazy\" decoding=\"async\" class=\"wp-image-2393\" src=\"https:\/\/nhatnam.org\/wp-content\/uploads\/2024\/12\/z6148408908477_a06e75eb2d8745463bbdb5ad79583b31-300x142.jpg\" alt=\"t\u1ee7 b\u1ebfp nh\u00f4m k\u00ednh\" width=\"1280\" height=\"607\" \/><figcaption id=\"caption-attachment-2393\" class=\"wp-caption-text\">M\u1eabu t\u1ee7 b\u1ebfp nh\u00f4m k\u00ednh \u0111\u1eb9p<\/figcaption><\/figure>\n<ul style=\"text-align: justify;\">\n<li style=\"font-weight: 400;\"><span style=\"font-weight: 400;\">T\u1ee7 b\u1ebfp nh\u00f4m k\u00ednh cao c\u1ea5p: S\u1eed d\u1ee5ng v\u1eadt li\u1ec7u nh\u00f4m n\u1ed9i th\u1ea5t cao c\u1ea5p v\u1edbi thi\u1ebft k\u1ebf tinh t\u1ebf v\u00e0 sang tr\u1ecdng. C\u00e1nh k\u00ednh th\u01b0\u1eddng l\u00e0 k\u00ednh c\u01b0\u1eddng l\u1ef1c \u0111\u01b0\u1ee3c b\u1ea3o v\u1ec7 b\u1eb1ng khung nh\u00f4m xi m\u1ea1 anode gi\u00fap t\u0103ng \u0111\u1ed9 b\u1ec1n v\u00e0 t\u00ednh th\u1ea9m m\u1ef9. T\u00ednh n\u0103ng v\u00e0 c\u00f4ng ngh\u1ec7 ti\u00ean ti\u1ebfn t\u00edch h\u1ee3p v\u1edbi c\u00e1c ph\u1ee5 ki\u1ec7n th\u00f4ng minh gi\u00fap t\u1ed1i \u01b0u h\u00f3a c\u00f4ng n\u0103ng s\u1eed d\u1ee5ng.<\/span><\/li>\n<li style=\"font-weight: 400;\"><span style=\"font-weight: 400;\">T\u1ee7 b\u1ebfp nh\u00f4m k\u00ednh th\u00f4ng th\u01b0\u1eddng: S\u1eed d\u1ee5ng v\u1eadt li\u1ec7u nh\u00f4m \u0110\u00e0i Loan (d\u00f2ng nh\u00f4m c\u0169) m\u1ecfng ph\u1ea7n k\u00ednh \u1ed1p kh\u00f4ng c\u00f3 khung nh\u00f4m b\u1ea3o v\u1ec7, d\u1ec5 b\u1ecb h\u1ecfng khi va ch\u1ea1m, \u0111\u1ed9 b\u1ec1n th\u1ea5p h\u01a1n so v\u1edbi d\u00f2ng cao c\u1ea5p.<\/span><\/li>\n<\/ul>\n<p style=\"text-align: justify;\"><span style=\"font-weight: 400;\">D\u00f2ng t\u1ee7 b\u1ebfp nh\u00f4m k\u00ednh cao c\u1ea5p hi\u1ec7n \u0111\u1ea1i \u0111ang \u0111\u01b0\u1ee3c nhi\u1ec1u kh\u00e1ch h\u00e0ng l\u1ef1a ch\u1ecdn v\u1edbi gi\u00e1 trung b\u00ecnh v\u00e0 ch\u1ea5t l\u01b0\u1ee3ng \u0111\u00e1ng \u0111\u1ea7u t\u01b0. Ch\u00fang \u0111\u00e1p \u1ee9ng \u0111\u1ea7y \u0111\u1ee7 m\u1ecdi ti\u00eau ch\u00ed v\u1ec1 s\u1ea3n ph\u1ea9m t\u1ee7 b\u1ebfp trong trang tr\u00ed n\u1ed9i th\u1ea5t hi\u1ec7n \u0111\u1ea1i.<\/span><\/p>\n<p>[block id=&#8221;7478&#8243;]<\/p>\n<h2 style=\"text-align: justify;\"><b>5. \u0110a d\u1ea1ng d\u00f2ng s\u1ea3n ph\u1ea9m t\u1ee7 b\u1ebfp nh\u00f4m k\u00ednh t\u1ea1i Nh\u1ea5t Nam<\/b><\/h2>\n<h3 style=\"text-align: justify;\"><span style=\"font-weight: 400;\"><strong>5.1 T\u1ee7 b\u1ebfp nh\u00f4m k\u00ednh v\u00e2n g\u1ed7<\/strong><br \/>\n<img loading=\"lazy\" decoding=\"async\" class=\"aligncenter wp-image-4623 size-full\" src=\"https:\/\/nhatnam.org\/wp-content\/uploads\/2025\/02\/Nhom_van_go04.jpg\" alt=\"t\u1ee7 b\u1ebfp nh\u00f4m k\u00ednh\" width=\"1280\" height=\"960\" \/><br \/>\n<\/span><\/h3>\n<p style=\"text-align: justify;\"><span style=\"font-weight: 400;\">D\u00f2ng n\u00e0y c\u00f3 m\u1ee9c gi\u00e1 ph\u1ea3i ch\u0103ng h\u01a1n nh\u01b0ng v\u1eabn mang l\u1ea1i s\u1ef1 \u0111\u1eb9p m\u1eaft v\u00e0 th\u1ea9m m\u1ef9 cao. M\u00e0u v\u00e2n g\u1ed7 \u0111a d\u1ea1ng, t\u1eeb v\u00e2n g\u1ed7 \u0111\u1ecf \u0111\u1ebfn v\u00e2n g\u1ed7 nh\u1ea1t, ph\u00f9 h\u1ee3p v\u1edbi m\u1ecdi kh\u00f4ng gian.<\/span><\/p>\n<h3 style=\"text-align: justify;\"><span style=\"font-weight: 400;\"><strong>5.2 T\u1ee7 b\u1ebfp h\u1ee3p kim nh\u00f4m c\u00e1nh k\u00ednh<\/strong><br \/>\n<img loading=\"lazy\" decoding=\"async\" class=\"aligncenter wp-image-4644 size-full\" src=\"https:\/\/nhatnam.org\/wp-content\/uploads\/2025\/02\/Nhom_hop_kim09.jpg\" alt=\"t\u1ee7 b\u1ebfp nh\u00f4m k\u00ednh\" width=\"1280\" height=\"720\" \/><br \/>\n<\/span><\/h3>\n<p style=\"text-align: justify;\"><span style=\"font-weight: 400;\">D\u00f2ng t\u1ee7 b\u1ebfp cao c\u1ea5p nh\u1ea5t, ch\u1ed1ng n\u01b0\u1edbc tuy\u1ec7t \u0111\u1ed1i v\u00e0 c\u00f3 \u0111\u1ed9 b\u1ec1n l\u00ean \u0111\u1ebfn cao. Mang l\u1ea1i v\u1ebb \u0111\u1eb3ng c\u1ea5p v\u00e0 sang tr\u1ecdng cho kh\u00f4ng gian b\u1ebfp c\u1ee7a b\u1ea1n.<\/span><\/p>\n<h3 style=\"text-align: justify;\"><span style=\"font-weight: 400;\"><strong>5.3 T\u1ee7 b\u1ebfp nh\u00f4m k\u00ednh s\u01a1n t\u0129nh \u0111i\u1ec7n<\/strong><br \/>\n<img loading=\"lazy\" decoding=\"async\" class=\"aligncenter wp-image-4641 size-full\" src=\"https:\/\/nhatnam.org\/wp-content\/uploads\/2025\/02\/Nhom_hop_kim06.jpg\" alt=\"t\u1ee7 b\u1ebfp nh\u00f4m k\u00ednh\" width=\"1280\" height=\"960\" \/><br \/>\n<\/span><\/h3>\n<p style=\"text-align: justify;\"><span style=\"font-weight: 400;\">S\u1eed d\u1ee5ng c\u00f4ng ngh\u1ec7 phun s\u01a1n hi\u1ec7n \u0111\u1ea1i, \u0111\u1ea3m b\u1ea3o \u0111\u1ed9 b\u1ec1n m\u00e0u. M\u1ee9c gi\u00e1 v\u1eeba ph\u1ea3i nh\u01b0ng v\u1eabn \u0111\u1ea3m b\u1ea3o ch\u1ea5t l\u01b0\u1ee3ng v\u00e0 th\u1ea9m m\u1ef9.<\/span><\/p>\n<h3 style=\"text-align: justify;\"><span style=\"font-weight: 400;\">5.4 T\u1ee7 b\u1ebfp nh\u00f4m k\u00ednh treo t\u01b0\u1eddng<br \/>\n<img loading=\"lazy\" decoding=\"async\" class=\"aligncenter wp-image-4637 size-full\" src=\"https:\/\/nhatnam.org\/wp-content\/uploads\/2025\/02\/Nhom_hop_kim02.jpg\" alt=\"t\u1ee7 b\u1ebfp nh\u00f4m k\u00ednh\" width=\"1280\" height=\"959\" \/><br \/>\n<\/span><\/h3>\n<p style=\"text-align: justify;\"><span style=\"font-weight: 400;\">Th\u00edch h\u1ee3p cho nh\u1eefng c\u0103n b\u1ebfp nh\u1ecf, kh\u00f4ng c\u00f3 nhi\u1ec1u di\u1ec7n t\u00edch d\u01b0\u1edbi. L\u1eafp \u0111\u1eb7t t\u1ee7 n\u00e0y gi\u00fap t\u1ed1i \u01b0u h\u00f3a kh\u00f4ng gian l\u01b0u tr\u1eef.<\/span><\/p>\n<h3 style=\"text-align: justify;\"><span style=\"font-weight: 400;\"><strong>5.5 T\u1ee7 b\u1ebfp k\u00ednh c\u01b0\u1eddng l\u1ef1c s\u01a1n m\u00e0u<\/strong><br \/>\n<img loading=\"lazy\" decoding=\"async\" class=\"aligncenter wp-image-4634 size-full\" src=\"https:\/\/nhatnam.org\/wp-content\/uploads\/2025\/02\/Nhom_la_ghep08.jpg\" alt=\"t\u1ee7 b\u1ebfp nh\u00f4m k\u00ednh\" width=\"1276\" height=\"956\" \/><br \/>\n<\/span><\/h3>\n<p style=\"text-align: justify;\"><span style=\"font-weight: 400;\">\u0110\u00e2y l\u00e0 d\u00f2ng t\u1ee7 b\u1ebfp nh\u00f4m k\u00ednh cao c\u1ea5p k\u1ebft h\u1ee3p v\u1edbi k\u00ednh c\u01b0\u1eddng l\u1ef1c m\u00e0u, mang \u0111\u1ebfn s\u1ef1 \u0111a d\u1ea1ng v\u1ec1 m\u00e0u s\u1eafc v\u00e0 s\u1ef1 sang tr\u1ecdng. \u0110\u1ed9 c\u1ee9ng c\u1ee7a k\u00ednh c\u01b0\u1eddng l\u1ef1c g\u1ea5p 3-4 l\u1ea7n so v\u1edbi k\u00ednh th\u01b0\u1eddng.<\/span><\/p>\n<h2 style=\"text-align: justify;\"><b>6. B\u00e1o gi\u00e1 t\u1ee7 b\u1ebfp nh\u00f4m k\u00ednh, gi\u00e1 t\u1ed1t nh\u1ea5t &#8211; Nh\u1ea5t Nam<\/b><\/h2>\n<p style=\"text-align: justify;\"><span style=\"font-weight: 400;\">Hi\u1ec7n nay, t\u00f9y thu\u1ed9c v\u00e0o h\u1ec7 nh\u00f4m v\u00e0 \u0111\u1ed9 d\u00e0y k\u00ednh m\u00e0 t\u1ee7 b\u1ebfp c\u00f3 c\u00e1c m\u1ee9c gi\u00e1 kh\u00e1c nhau. Qu\u00fd kh\u00e1ch h\u00e0ng quan t\u00e2m \u0111\u1ebfn vi\u1ec7c l\u1eafp \u0111\u1eb7t t\u1ee7 b\u1ebfp nh\u00f4m k\u00ednh c\u00f3 th\u1ec3 li\u00ean h\u1ec7 ngay v\u1edbi s\u1ed1 <\/span><b>hotline<\/b><span style=\"font-weight: 400;\"> c\u1ee7a Nh\u1ea5t Nam \u0111\u1ec3 nh\u1eadn \u0111\u01b0\u1ee3c t\u01b0 v\u1ea5n v\u00e0 b\u00e1o gi\u00e1 chi ti\u1ebft.<\/span><\/p>\n<p>[block id=&#8221;7478&#8243;]<\/p>\n<h2 style=\"text-align: justify;\"><b>7. M\u1ed9t s\u1ed1 m\u1eabu t\u1ee7 b\u1ebfp nh\u00f4m k\u00ednh \u0111\u1eb9p<\/b><\/h2>\n<p style=\"text-align: justify;\"><img loading=\"lazy\" decoding=\"async\" class=\"aligncenter wp-image-4325 size-full\" src=\"https:\/\/nhatnam.org\/wp-content\/uploads\/2025\/02\/tubepinox-15.jpg\" alt=\"T\u1ee7 b\u1ebfp nh\u00f4m k\u00ednh\" width=\"1280\" height=\"720\" \/><\/p>\n<p style=\"text-align: justify;\"><img loading=\"lazy\" decoding=\"async\" class=\"aligncenter wp-image-4324 size-full\" src=\"https:\/\/nhatnam.org\/wp-content\/uploads\/2025\/02\/tubepinox-14.jpg\" alt=\"T\u1ee7 b\u1ebfp nh\u00f4m k\u00ednh\" width=\"1280\" height=\"720\" \/><\/p>\n<p style=\"text-align: justify;\"><img loading=\"lazy\" decoding=\"async\" class=\"aligncenter wp-image-4323 size-full\" src=\"https:\/\/nhatnam.org\/wp-content\/uploads\/2025\/02\/tubepinox-13.jpg\" alt=\"T\u1ee7 b\u1ebfp nh\u00f4m k\u00ednh\" width=\"1280\" height=\"720\" \/><\/p>\n<p style=\"text-align: justify;\"><img loading=\"lazy\" decoding=\"async\" class=\"aligncenter wp-image-3956 size-large\" src=\"https:\/\/nhatnam.org\/wp-content\/uploads\/2024\/12\/about4-1024x768.jpg\" alt=\"T\u1ee7 b\u1ebfp nh\u00f4m k\u00ednh\" width=\"1024\" height=\"768\" \/><\/p>\n<p style=\"text-align: justify;\"><img loading=\"lazy\" decoding=\"async\" class=\"aligncenter wp-image-4067\" src=\"https:\/\/nhatnam.org\/wp-content\/uploads\/2024\/12\/tu-bep-chu-u-4-300x234.jpg\" alt=\"t\u1ee7 b\u1ebfp nh\u00f4m k\u00ednh gi\u00e1 r\u1ebb\" width=\"1280\" height=\"1000\" \/><\/p>\n<p style=\"text-align: justify;\"><img loading=\"lazy\" decoding=\"async\" class=\"aligncenter wp-image-3173 size-full\" src=\"https:\/\/nhatnam.org\/wp-content\/uploads\/2024\/12\/z6157890669313_d51e06fbb79c398bcb0542a4e200a0c6.jpg\" alt=\"T\u00ecm hi\u1ec3u m\u1eabu B\u00e0n \u0110\u1ea3o B\u1ebfp H\u1ee3p Kim Nh\u00f4m\" width=\"1280\" height=\"960\" \/><\/p>\n<p style=\"text-align: justify;\"><img loading=\"lazy\" decoding=\"async\" class=\"aligncenter wp-image-3735 size-full\" src=\"https:\/\/nhatnam.org\/wp-content\/uploads\/2024\/12\/BV-Kinh-Sieu-Trongtk-.jpg\" alt=\"\" width=\"1280\" height=\"960\" \/><\/p>\n<p style=\"text-align: justify;\"><img loading=\"lazy\" decoding=\"async\" class=\"aligncenter wp-image-3376 size-full\" src=\"https:\/\/nhatnam.org\/wp-content\/uploads\/2024\/12\/tu-bep-inox-Nhat-Nam-70.jpg\" alt=\"Xu H\u01b0\u1edbng Thi\u1ebft K\u1ebf T\u1ee7 B\u1ebfp 2025\" width=\"1280\" height=\"846\" \/><\/p>\n<p style=\"text-align: justify;\"><img loading=\"lazy\" decoding=\"async\" class=\"aligncenter wp-image-3374 size-full\" src=\"https:\/\/nhatnam.org\/wp-content\/uploads\/2024\/12\/tu-bep-inox-Nhat-Nam-68.jpg\" alt=\"\" width=\"1280\" height=\"720\" \/><\/p>\n<p style=\"text-align: justify;\">\n","protected":false},"excerpt":{"rendered":"<p><span style=\"font-weight: 400;\">T\u1ee7 b\u1ebfp nh\u00f4m k\u00ednh \u0111ang l\u00e0 s\u1ef1 l\u1ef1a ch\u1ecdn h\u00e0ng \u0111\u1ea7u c\u1ee7a kh\u00e1ch h\u00e0ng v\u1edbi s\u1ef1 \u0111a d\u1ea1ng v\u1ec1 m\u1eabu m\u00e3 v\u00e0 m\u00e0u s\u1eafc c\u00f9ng v\u1edbi ch\u1ea5t l\u01b0\u1ee3ng cao v\u00e0 gi\u00e1 th\u00e0nh ph\u1ea3i ch\u0103ng. \u0110\u1ec3 hi\u1ec3u r\u00f5 h\u01a1n v\u1ec1 nh\u1eefng \u01b0u \u0111i\u1ec3m n\u00e0y, h\u00e3y c\u00f9ng Nh\u1ea5t Nam t\u00ecm hi\u1ec3u th\u00f4ng tin chi ti\u1ebft qua b\u00e0i vi\u1ebft d\u01b0\u1edbi \u0111\u00e2y nh\u00e9.<\/span><\/p>\n","protected":false},"featured_media":1422,"comment_status":"open","ping_status":"closed","template":"","meta":{"_acf_changed":false,"_gspb_post_css":""},"book-author":[],"product_brand":[],"product_cat":[113,117,116],"product_tag":[],"class_list":{"0":"post-1423","1":"product","2":"type-product","3":"status-publish","4":"has-post-thumbnail","6":"product_cat-tu-bep-nhom","7":"product_cat-tu-bep-nhom-canh-kinh","8":"product_cat-tu-bep-nhom-kinh","10":"first","11":"instock","12":"shipping-taxable","13":"product-type-simple"},"acf":[],"_links":{"self":[{"href":"https:\/\/nhatnam.libion.me\/wp-json\/wp\/v2\/product\/1423","targetHints":{"allow":["GET"]}}],"collection":[{"href":"https:\/\/nhatnam.libion.me\/wp-json\/wp\/v2\/product"}],"about":[{"href":"https:\/\/nhatnam.libion.me\/wp-json\/wp\/v2\/types\/product"}],"replies":[{"embeddable":true,"href":"https:\/\/nhatnam.libion.me\/wp-json\/wp\/v2\/comments?post=1423"}],"wp:featuredmedia":[{"embeddable":true,"href":"https:\/\/nhatnam.libion.me\/wp-json\/wp\/v2\/media\/1422"}],"wp:attachment":[{"href":"https:\/\/nhatnam.libion.me\/wp-json\/wp\/v2\/media?parent=1423"}],"wp:term":[{"taxonomy":"book-author","embeddable":true,"href":"https:\/\/nhatnam.libion.me\/wp-json\/wp\/v2\/book-author?post=1423"},{"taxonomy":"product_brand","embeddable":true,"href":"https:\/\/nhatnam.libion.me\/wp-json\/wp\/v2\/product_brand?post=1423"},{"taxonomy":"product_cat","embeddable":true,"href":"https:\/\/nhatnam.libion.me\/wp-json\/wp\/v2\/product_cat?post=1423"},{"taxonomy":"product_tag","embeddable":true,"href":"https:\/\/nhatnam.libion.me\/wp-json\/wp\/v2\/product_tag?post=1423"}],"curies":[{"name":"wp","href":"https:\/\/api.w.org\/{rel}","templated":true}]}}