{"id":1409,"date":"2026-04-07T10:08:08","date_gmt":"2026-04-07T10:08:08","guid":{"rendered":"https:\/\/nhatnam.libion.me\/index.php\/product\/tu-bep-nhom-trang-su\/"},"modified":"2026-04-07T10:08:12","modified_gmt":"2026-04-07T10:08:12","slug":"tu-bep-nhom-trang-su","status":"publish","type":"product","link":"https:\/\/nhatnam.libion.me\/product\/tu-bep-nhom-trang-su\/","title":{"rendered":"T\u1ee7 B\u1ebfp Nh\u00f4m Tr\u1eafng S\u1ee9"},"content":{"rendered":"<p style=\"text-align: justify;\"><span style=\"font-weight: 400;\">T\u1ee7 b\u1ebfp nh\u00f4m tr\u1eafng s\u1ee9 \u0111ang tr\u1edf th\u00e0nh xu h\u01b0\u1edbng \u0111\u01b0\u1ee3c \u01b0a chu\u1ed9ng trong thi\u1ebft k\u1ebf n\u1ed9i th\u1ea5t b\u1ebfp hi\u1ec7n \u0111\u1ea1i. V\u1edbi v\u1ebb \u0111\u1eb9p thanh l\u1ecbch v\u00e0 tinh t\u1ebf, t\u1ee7 b\u1ebfp nh\u00f4m tr\u1eafng s\u1ee9 kh\u00f4ng ch\u1ec9 mang l\u1ea1i s\u1ef1 ti\u1ec7n nghi m\u00e0 c\u00f2n t\u1ea1o \u0111i\u1ec3m nh\u1ea5n th\u1ea9m m\u1ef9 cho kh\u00f4ng gian b\u1ebfp. D\u01b0\u1edbi \u0111\u00e2y l\u00e0 nh\u1eefng \u0111\u1eb7c \u0111i\u1ec3m v\u00e0 l\u1ee3i \u00edch khi ch\u1ecdn t\u1ee7 b\u1ebfp nh\u00f4m tr\u1eafng cho c\u0103n b\u1ebfp c\u1ee7a b\u1ea1n.<\/span><\/p>\n<h2 style=\"text-align: justify;\"><strong>1. Kh\u00e1i ni\u1ec7m t\u1ee7 b\u1ebfp nh\u00f4m tr\u1eafng s\u1ee9<\/strong><\/h2>\n<p><img loading=\"lazy\" decoding=\"async\" class=\"aligncenter wp-image-3734 size-full\" src=\"https:\/\/nhatnam.org\/wp-content\/uploads\/2024\/12\/1tk-.jpg\" alt=\"T\u1ee7 B\u1ebfp Nh\u00f4m Tr\u1eafng S\u1ee9\" width=\"1280\" height=\"960\" \/><\/p>\n<p style=\"text-align: justify;\"><span style=\"font-weight: 400;\">T\u1ee7 b\u1ebfp nh\u00f4m tr\u1eafng s\u1ee9 l\u00e0 s\u1ef1 k\u1ebft h\u1ee3p ho\u00e0n h\u1ea3o gi\u1eefa ch\u1ea5t li\u1ec7u nh\u00f4m b\u1ec1n b\u1ec9 v\u00e0 m\u00e0u tr\u1eafng s\u1ee9 tinh t\u1ebf. Lo\u1ea1i t\u1ee7 b\u1ebfp n\u00e0y kh\u00f4ng ch\u1ec9 mang l\u1ea1i v\u1ebb \u0111\u1eb9p sang tr\u1ecdng cho kh\u00f4ng gian b\u1ebfp m\u00e0 c\u00f2n \u0111\u00e1p \u1ee9ng \u0111\u01b0\u1ee3c c\u00e1c y\u00eau c\u1ea7u v\u1ec1 \u0111\u1ed9 b\u1ec1n v\u00e0 t\u00ednh th\u1ef1c ti\u1ec5n trong s\u1eed d\u1ee5ng.<\/span><\/p>\n<h2 style=\"text-align: justify;\"><strong>2. L\u1ee3i \u00edch khi s\u1eed d\u1ee5ng t\u1ee7 b\u1ebfp nh\u00f4m tr\u1eafng<\/strong><\/h2>\n<p><img loading=\"lazy\" decoding=\"async\" class=\"aligncenter wp-image-3324 size-full\" src=\"https:\/\/nhatnam.org\/wp-content\/uploads\/2024\/12\/tu-bep-inox-Nhat-Nam-18.jpg\" alt=\"T\u1ee7 B\u1ebfp Nh\u00f4m Tr\u1eafng S\u1ee9\" width=\"1280\" height=\"720\" \/><\/p>\n<h3 style=\"text-align: justify;\"><b>2.1 T\u1ed1i \u01b0u kh\u00f4ng gian<\/b><\/h3>\n<p style=\"text-align: justify;\"><span style=\"font-weight: 400;\">Thi\u1ebft k\u1ebf t\u1ee7 b\u1ebfp nh\u00f4m tr\u1eafng gi\u00fap t\u1eadn d\u1ee5ng t\u1ed1i \u0111a di\u1ec7n t\u00edch kh\u00f4ng gian b\u1ebfp, t\u1ea1o n\u00ean s\u1ef1 g\u1ecdn g\u00e0ng v\u00e0 ng\u0103n n\u1eafp. \u0110\u1eb7c bi\u1ec7t, t\u1ee7 nh\u00f4m tr\u1eafng v\u00e0 t\u1ee7 b\u1ebfp nh\u00f4m k\u00ednh m\u00e0u tr\u1eafng l\u00e0m kh\u00f4ng gian b\u1ebfp tr\u1edf n\u00ean r\u1ed9ng r\u00e3i v\u00e0 tho\u00e1ng \u0111\u00e3ng h\u01a1n. M\u00e0u tr\u1eafng kh\u00f4ng ch\u1ec9 mang l\u1ea1i c\u1ea3m gi\u00e1c s\u1ea1ch s\u1ebd m\u00e0 c\u00f2n gi\u00fap ph\u1ea3n chi\u1ebfu \u00e1nh s\u00e1ng t\u1ed1t h\u01a1n, l\u00e0m cho c\u0103n b\u1ebfp lu\u00f4n s\u00e1ng s\u1ee7a v\u00e0 tho\u00e1ng \u0111\u00e3ng.<\/span><\/p>\n<h3 style=\"text-align: justify;\"><b>2.2 D\u1ec5 d\u00e0ng v\u1ec7 sinh<\/b><span style=\"font-weight: 400;\">:<\/span><\/h3>\n<p style=\"text-align: justify;\"><span style=\"font-weight: 400;\">B\u1ec1 m\u1eb7t nh\u00f4m v\u00e0 k\u00ednh d\u1ec5 d\u00e0ng lau ch\u00f9i v\u00e0 kh\u00f4ng b\u00e1m b\u1ea9n, gi\u00fap b\u1ea1n ti\u1ebft ki\u1ec7m th\u1eddi gian v\u00e0 c\u00f4ng s\u1ee9c trong vi\u1ec7c v\u1ec7 sinh b\u1ebfp. T\u1ee7 b\u1ebfp nh\u00f4m m\u00e0u tr\u1eafng v\u00e0 t\u1ee7 b\u1ebfp nh\u00f4m tr\u1eafng s\u1eefa lu\u00f4n gi\u1eef \u0111\u01b0\u1ee3c v\u1ebb s\u00e1ng b\u00f3ng v\u00e0 s\u1ea1ch s\u1ebd. Ch\u1ec9 c\u1ea7n m\u1ed9t \u00edt n\u01b0\u1edbc lau k\u00ednh ho\u1eb7c dung d\u1ecbch t\u1ea9y r\u1eeda nh\u1eb9 l\u00e0 b\u1ea1n c\u00f3 th\u1ec3 d\u1ec5 d\u00e0ng l\u00e0m s\u1ea1ch b\u1ec1 m\u1eb7t t\u1ee7 b\u1ebfp m\u1ed9t c\u00e1ch nhanh ch\u00f3ng.<\/span><\/p>\n<h3 style=\"text-align: justify;\"><b>2.3 An to\u00e0n\u00a0<\/b><\/h3>\n<p style=\"text-align: justify;\"><span style=\"font-weight: 400;\">K\u00ednh c\u01b0\u1eddng l\u1ef1c v\u00e0 nh\u00f4m kh\u00f4ng ch\u1ee9a ch\u1ea5t \u0111\u1ed9c h\u1ea1i, an to\u00e0n cho s\u1ee9c kh\u1ecfe. Nh\u00f4m kh\u00f4ng b\u1ecb \u0103n m\u00f2n v\u00e0 kh\u00f4ng ph\u00e1t sinh vi khu\u1ea9n, \u0111\u1ea3m b\u1ea3o v\u1ec7 sinh an to\u00e0n th\u1ef1c ph\u1ea9m. \u0110i\u1ec1u n\u00e0y \u0111\u1eb7c bi\u1ec7t quan tr\u1ecdng khi b\u1ea1n l\u01b0u tr\u1eef th\u1ef1c ph\u1ea9m v\u00e0 c\u00e1c d\u1ee5ng c\u1ee5 nh\u00e0 b\u1ebfp tr\u1ef1c ti\u1ebfp tr\u00ean c\u00e1c b\u1ec1 m\u1eb7t t\u1ee7.<\/span><\/p>\n<h3 style=\"text-align: justify;\"><b>2.4 Th\u1ea9m m\u1ef9 cao<\/b><\/h3>\n<p style=\"text-align: justify;\"><span style=\"font-weight: 400;\">V\u1edbi nhi\u1ec1u m\u1eabu m\u00e3 v\u00e0 ki\u1ec3u d\u00e1ng \u0111a d\u1ea1ng, t\u1ee7 b\u1ebfp nh\u00f4m tr\u1eafng ph\u00f9 h\u1ee3p v\u1edbi nhi\u1ec1u phong c\u00e1ch n\u1ed9i th\u1ea5t, t\u1eeb hi\u1ec7n \u0111\u1ea1i \u0111\u1ebfn c\u1ed5 \u0111i\u1ec3n. B\u1ea1n c\u00f3 th\u1ec3 d\u1ec5 d\u00e0ng l\u1ef1a ch\u1ecdn t\u1ee7 b\u1ebfp nh\u00f4m k\u00ednh m\u00e0u tr\u1eafng s\u1ee9 ho\u1eb7c t\u1ee7 b\u1ebfp nh\u00f4m k\u00ednh tr\u1eafng t\u00f9y thu\u1ed9c v\u00e0o s\u1edf th\u00edch v\u00e0 phong c\u00e1ch c\u1ee7a c\u0103n nh\u00e0.<\/span><\/p>\n<h2 style=\"text-align: justify;\"><strong>3. C\u00e1c m\u1eabu t\u1ee7 b\u1ebfp nh\u00f4m tr\u1eafng ph\u1ed5 bi\u1ebfn<\/strong><\/h2>\n<h3 style=\"text-align: justify;\"><b>3.1 T\u1ee7 b\u1ebfp nh\u00f4m tr\u1eafng Omega<\/b><\/h3>\n<p><img loading=\"lazy\" decoding=\"async\" class=\"aligncenter wp-image-2426\" src=\"https:\/\/nhatnam.org\/wp-content\/uploads\/2024\/12\/tu-bep-nhom-omega-9-300x225.jpg\" alt=\"T\u1ee7 B\u1ebfp Nh\u00f4m Tr\u1eafng S\u1ee9\" width=\"1280\" height=\"959\" \/><\/p>\n<p style=\"text-align: justify;\"><span style=\"font-weight: 400;\">T\u1ee7 b\u1ebfp nh\u00f4m omega m\u00e0u tr\u1eafng n\u1ed5i b\u1eadt v\u1edbi thi\u1ebft k\u1ebf ch\u1eafc ch\u1eafn, sang tr\u1ecdng v\u00e0 \u0111\u1ea7y \u0111\u1ee7 t\u00ednh n\u0103ng ti\u1ec7n \u00edch. \u0110\u00e2y l\u00e0 l\u1ef1a ch\u1ecdn l\u00fd t\u01b0\u1edfng cho nh\u1eefng c\u0103n b\u1ebfp hi\u1ec7n \u0111\u1ea1i v\u1edbi s\u1ef1 k\u1ebft h\u1ee3p gi\u1eefa t\u00ednh n\u0103ng ti\u1ec7n nghi v\u00e0 v\u1ebb \u0111\u1eb9p th\u1ea9m m\u1ef9. Thi\u1ebft k\u1ebf t\u1ee7 b\u1ebfp Omega th\u01b0\u1eddng r\u1ea5t linh ho\u1ea1t v\u1edbi c\u00e1c ph\u1ee5 ki\u1ec7n th\u00f4ng minh, gi\u00fap t\u1ed1i \u01b0u h\u00f3a kh\u00f4ng gian l\u01b0u tr\u1eef v\u00e0 s\u1eed d\u1ee5ng.<\/span><\/p>\n<h3 style=\"text-align: justify;\"><b>3.2 T\u1ee7 b\u1ebfp nh\u00f4m k\u00ednh m\u00e0u tr\u1eafng<\/b><\/h3>\n<p><img loading=\"lazy\" decoding=\"async\" class=\"aligncenter wp-image-3064\" src=\"https:\/\/nhatnam.org\/wp-content\/uploads\/2024\/12\/5-2-300x240.jpg\" alt=\"\" width=\"1280\" height=\"1024\" \/><\/p>\n<p style=\"text-align: justify;\"><span style=\"font-weight: 400;\">T\u1ee7 b\u1ebfp nh\u00f4m k\u00ednh m\u00e0u tr\u1eafng s\u1ee9 v\u00e0 t\u1ee7 b\u1ebfp nh\u00f4m k\u00ednh tr\u1eafng kh\u00f4ng ch\u1ec9 mang l\u1ea1i v\u1ebb \u0111\u1eb9p hi\u1ec7n \u0111\u1ea1i m\u00e0 c\u00f2n r\u1ea5t d\u1ec5 d\u00e0ng v\u1ec7 sinh. S\u1ef1 k\u1ebft h\u1ee3p gi\u1eefa nh\u00f4m v\u00e0 k\u00ednh t\u1ea1o n\u00ean m\u1ed9t thi\u1ebft k\u1ebf v\u1eeba ch\u1eafc ch\u1eafn v\u1eeba tinh t\u1ebf. M\u1eb7t k\u00ednh c\u01b0\u1eddng l\u1ef1c kh\u00f4ng ch\u1ec9 c\u00f3 kh\u1ea3 n\u0103ng ch\u1ecbu l\u1ef1c t\u1ed1t m\u00e0 c\u00f2n gi\u00fap ph\u1ea3n chi\u1ebfu \u00e1nh s\u00e1ng, l\u00e0m kh\u00f4ng gian b\u1ebfp tr\u1edf n\u00ean s\u00e1ng s\u1ee7a v\u00e0 r\u1ed9ng r\u00e3i h\u01a1n.<\/span><\/p>\n<h3 style=\"text-align: justify;\"><b>3.3 T\u1ee7 b\u1ebfp nh\u00f4m tr\u1eafng s\u01a1n t\u0129nh \u0111i\u1ec7n<\/b><\/h3>\n<p><img loading=\"lazy\" decoding=\"async\" class=\"aligncenter wp-image-2602\" src=\"https:\/\/nhatnam.org\/wp-content\/uploads\/2024\/12\/image9-300x140.png\" alt=\"T\u1ee7 B\u1ebfp Nh\u00f4m Tr\u1eafng S\u1ee9\" width=\"1280\" height=\"599\" \/><\/p>\n<p style=\"text-align: justify;\"><span style=\"font-weight: 400;\">V\u1edbi ch\u1ea5t l\u01b0\u1ee3ng v\u00e0 \u0111\u1ed9 b\u1ec1n v\u01b0\u1ee3t tr\u1ed9i, t\u1ee7 b\u1ebfp nh\u00f4m xingfa tr\u1eafng l\u00e0 l\u1ef1a ch\u1ecdn h\u00e0ng \u0111\u1ea7u cho kh\u00f4ng gian b\u1ebfp \u0111\u1eb3ng c\u1ea5p. T\u1ee7 b\u1ebfp nh\u00f4m h\u1ec7 Xingfa kh\u00f4ng ch\u1ec9 n\u1ed5i b\u1eadt v\u1edbi \u0111\u1ed9 b\u1ec1n ch\u1eafc m\u00e0 c\u00f2n c\u00f3 thi\u1ebft k\u1ebf hi\u1ec7n \u0111\u1ea1i, mang l\u1ea1i v\u1ebb \u0111\u1eb9p sang tr\u1ecdng v\u00e0 tinh t\u1ebf cho kh\u00f4ng gian b\u1ebfp c\u1ee7a b\u1ea1n.<\/span><\/p>\n<h2 style=\"text-align: justify;\"><strong>4. T\u1ea1i sao n\u00ean ch\u1ecdn t\u1ee7 b\u1ebfp nh\u00f4m k\u00ednh m\u00e0u tr\u1eafng s\u1ee9\u00a0<\/strong><\/h2>\n<p style=\"text-align: justify;\"><b>V\u1ebb ngo\u00e0i sang tr\u1ecdng v\u00e0 tinh t\u1ebf<\/b><\/p>\n<p style=\"text-align: justify;\"><span style=\"font-weight: 400;\">M\u00e0u tr\u1eafng s\u1ee9 kh\u00f4ng bao gi\u1edd l\u1ed7i m\u1ed1t v\u00e0 lu\u00f4n to\u00e1t l\u00ean v\u1ebb \u0111\u1eb9p sang tr\u1ecdng, tinh t\u1ebf. Khi k\u1ebft h\u1ee3p v\u1edbi ch\u1ea5t li\u1ec7u nh\u00f4m k\u00ednh, t\u1ee7 b\u1ebfp tr\u1edf n\u00ean nh\u1eb9 nh\u00e0ng v\u00e0 hi\u1ec7n \u0111\u1ea1i, d\u1ec5 d\u00e0ng h\u00f2a nh\u1eadp v\u00e0o m\u1ecdi phong c\u00e1ch thi\u1ebft k\u1ebf t\u1eeb c\u1ed5 \u0111i\u1ec3n \u0111\u1ebfn hi\u1ec7n \u0111\u1ea1i, t\u1eeb t\u1ed1i gi\u1ea3n \u0111\u1ebfn ph\u1ee9c t\u1ea1p.<\/span><\/p>\n<p style=\"text-align: justify;\"><b>D\u1ec5 d\u00e0ng ph\u1ed1i h\u1ee3p v\u1edbi c\u00e1c lo\u1ea1i n\u1ed9i th\u1ea5t kh\u00e1c<\/b><\/p>\n<p style=\"text-align: justify;\"><span style=\"font-weight: 400;\">M\u00e0u tr\u1eafng s\u1ee9 l\u00e0 m\u1ed9t t\u00f4ng m\u00e0u trung t\u00ednh, c\u00f3 kh\u1ea3 n\u0103ng ph\u1ed1i h\u1ee3p t\u1ed1t v\u1edbi m\u1ecdi m\u00e0u s\u1eafc, t\u1ea1o n\u00ean m\u1ed9t t\u1ed5ng th\u1ec3 h\u00e0i h\u00f2a v\u00e0 \u1ea5n t\u01b0\u1ee3ng. D\u00f9 b\u1ea1n ch\u1ecdn phong c\u00e1ch n\u1ed9i th\u1ea5t n\u00e0o, t\u1ee7 b\u1ebfp nh\u00f4m k\u00ednh m\u00e0u tr\u1eafng s\u1ee9 v\u1eabn lu\u00f4n ph\u00f9 h\u1ee3p v\u00e0 t\u00f4n l\u00ean v\u1ebb \u0111\u1eb9p c\u1ee7a to\u00e0n b\u1ed9 kh\u00f4ng gian b\u1ebfp.<\/span><\/p>\n<p style=\"text-align: justify;\"><b>B\u1ec1n b\u1ec9 v\u00e0 d\u1ec5 b\u1ea3o d\u01b0\u1ee1ng, v\u1ec7 sinh<\/b><\/p>\n<p style=\"text-align: justify;\"><span style=\"font-weight: 400;\">Nh\u00f4m k\u00ednh l\u00e0 v\u1eadt li\u1ec7u c\u00f3 \u0111\u1ed9 b\u1ec1n cao, kh\u00f4ng b\u1ecb \u1ea3nh h\u01b0\u1edfng b\u1edfi nhi\u1ec7t \u0111\u1ed9 v\u00e0 \u0111\u1ed9 \u1ea9m, \u0111\u1ed3ng th\u1eddi d\u1ec5 d\u00e0ng lau ch\u00f9i v\u00e0 b\u1ea3o d\u01b0\u1ee1ng. \u0110i\u1ec1u n\u00e0y gi\u00fap t\u1ee7 b\u1ebfp nh\u00f4m k\u00ednh m\u00e0u tr\u1eafng s\u1ee9 lu\u00f4n m\u1edbi v\u00e0 s\u1ea1ch s\u1ebd theo th\u1eddi gian, gi\u1eef \u0111\u01b0\u1ee3c v\u1ebb \u0111\u1eb9p l\u00e2u d\u00e0i. B\u1ea1n s\u1ebd kh\u00f4ng c\u1ea7n lo l\u1eafng v\u1ec1 vi\u1ec7c t\u1ee7 b\u1ebfp b\u1ecb xu\u1ed1ng c\u1ea5p hay m\u1ea5t \u0111i v\u1ebb \u0111\u1eb9p ban \u0111\u1ea7u.<\/span><\/p>\n<p style=\"text-align: justify;\"><b>L\u00e0m cho kh\u00f4ng gian b\u1ebfp r\u1ed9ng r\u00e3i v\u00e0 s\u00e1ng s\u1eed h\u01a1n<\/b><\/p>\n<p style=\"text-align: justify;\"><span style=\"font-weight: 400;\">M\u00e0u tr\u1eafng s\u1ee9 c\u00f3 kh\u1ea3 n\u0103ng ph\u1ea3n chi\u1ebfu \u00e1nh s\u00e1ng t\u1ed1t, gi\u00fap kh\u00f4ng gian b\u1ebfp tr\u1edf n\u00ean s\u00e1ng v\u00e0 r\u1ed9ng r\u00e3i h\u01a1n. \u0110i\u1ec1u n\u00e0y kh\u00f4ng ch\u1ec9 t\u1ea1o c\u1ea3m gi\u00e1c tho\u1ea3i m\u00e1i m\u00e0 c\u00f2n l\u00e0m cho b\u1ebfp tr\u1edf th\u00e0nh n\u01a1i l\u00fd t\u01b0\u1edfng \u0111\u1ec3 n\u1ea5u n\u01b0\u1edbng v\u00e0 sum v\u1ea7y c\u00f9ng gia \u0111\u00ecnh.<\/span><\/p>\n<p style=\"text-align: justify;\"><span style=\"font-weight: 400;\">Tr\u00ean \u0111\u00e2y l\u00e0 nh\u1eefng th\u00f4ng tin v\u1ec1 c\u00e1c lo\u1ea1i t\u1ee7 b\u1ebfp nh\u00f4m tr\u1eafng ph\u1ed5 bi\u1ebfn v\u00e0 c\u00e1ch b\u1ea3o qu\u1ea3n, v\u1ec7 sinh ch\u00fang. Vi\u1ec7c l\u1ef1a ch\u1ecdn t\u1ee7 b\u1ebfp nh\u00f4m tr\u1eafng kh\u00f4ng ch\u1ec9 mang l\u1ea1i v\u1ebb \u0111\u1eb9p cho kh\u00f4ng gian b\u1ebfp m\u00e0 c\u00f2n ti\u1ec7n \u00edch v\u00e0 d\u1ec5 d\u00e0ng b\u1ea3o qu\u1ea3n. Hy v\u1ecdng r\u1eb1ng nh\u1eefng th\u00f4ng tin n\u00e0y s\u1ebd gi\u00fap b\u1ea1n c\u00f3 s\u1ef1 l\u1ef1a ch\u1ecdn \u0111\u00fang \u0111\u1eafn cho kh\u00f4ng gian b\u1ebfp c\u1ee7a m\u00ecnh.<\/span><\/p>\n","protected":false},"excerpt":{"rendered":"<p><span style=\"font-weight: 400;\">T\u1ee7 b\u1ebfp nh\u00f4m tr\u1eafng s\u1ee9 \u0111ang tr\u1edf th\u00e0nh xu h\u01b0\u1edbng \u0111\u01b0\u1ee3c \u01b0a chu\u1ed9ng trong thi\u1ebft k\u1ebf n\u1ed9i th\u1ea5t b\u1ebfp hi\u1ec7n \u0111\u1ea1i. V\u1edbi v\u1ebb \u0111\u1eb9p thanh l\u1ecbch v\u00e0 tinh t\u1ebf, t\u1ee7 b\u1ebfp nh\u00f4m tr\u1eafng s\u1ee9 kh\u00f4ng ch\u1ec9 mang l\u1ea1i s\u1ef1 ti\u1ec7n nghi m\u00e0 c\u00f2n t\u1ea1o \u0111i\u1ec3m nh\u1ea5n th\u1ea9m m\u1ef9 cho kh\u00f4ng gian b\u1ebfp. D\u01b0\u1edbi \u0111\u00e2y l\u00e0 nh\u1eefng \u0111\u1eb7c \u0111i\u1ec3m v\u00e0 l\u1ee3i \u00edch khi ch\u1ecdn t\u1ee7 b\u1ebfp nh\u00f4m tr\u1eafng cho c\u0103n b\u1ebfp c\u1ee7a b\u1ea1n.<\/span><\/p>\n","protected":false},"featured_media":1408,"comment_status":"open","ping_status":"closed","template":"","meta":{"_acf_changed":false,"_gspb_post_css":""},"book-author":[],"product_brand":[],"product_cat":[113,115,119],"product_tag":[],"class_list":{"0":"post-1409","1":"product","2":"type-product","3":"status-publish","4":"has-post-thumbnail","6":"product_cat-tu-bep-nhom","7":"product_cat-tu-bep-nhom-hop-kim","8":"product_cat-tu-bep-nhom-kinh-mau","10":"first","11":"instock","12":"shipping-taxable","13":"product-type-simple"},"acf":[],"_links":{"self":[{"href":"https:\/\/nhatnam.libion.me\/wp-json\/wp\/v2\/product\/1409","targetHints":{"allow":["GET"]}}],"collection":[{"href":"https:\/\/nhatnam.libion.me\/wp-json\/wp\/v2\/product"}],"about":[{"href":"https:\/\/nhatnam.libion.me\/wp-json\/wp\/v2\/types\/product"}],"replies":[{"embeddable":true,"href":"https:\/\/nhatnam.libion.me\/wp-json\/wp\/v2\/comments?post=1409"}],"wp:featuredmedia":[{"embeddable":true,"href":"https:\/\/nhatnam.libion.me\/wp-json\/wp\/v2\/media\/1408"}],"wp:attachment":[{"href":"https:\/\/nhatnam.libion.me\/wp-json\/wp\/v2\/media?parent=1409"}],"wp:term":[{"taxonomy":"book-author","embeddable":true,"href":"https:\/\/nhatnam.libion.me\/wp-json\/wp\/v2\/book-author?post=1409"},{"taxonomy":"product_brand","embeddable":true,"href":"https:\/\/nhatnam.libion.me\/wp-json\/wp\/v2\/product_brand?post=1409"},{"taxonomy":"product_cat","embeddable":true,"href":"https:\/\/nhatnam.libion.me\/wp-json\/wp\/v2\/product_cat?post=1409"},{"taxonomy":"product_tag","embeddable":true,"href":"https:\/\/nhatnam.libion.me\/wp-json\/wp\/v2\/product_tag?post=1409"}],"curies":[{"name":"wp","href":"https:\/\/api.w.org\/{rel}","templated":true}]}}