{"id":1407,"date":"2026-04-07T10:07:53","date_gmt":"2026-04-07T10:07:53","guid":{"rendered":"https:\/\/nhatnam.libion.me\/index.php\/product\/tu-bep-nhom-kinh-treo-tuong\/"},"modified":"2026-04-07T10:07:53","modified_gmt":"2026-04-07T10:07:53","slug":"tu-bep-nhom-kinh-treo-tuong","status":"publish","type":"product","link":"https:\/\/nhatnam.libion.me\/index.php\/product\/tu-bep-nhom-kinh-treo-tuong\/","title":{"rendered":"T\u1ee7 B\u1ebfp Nh\u00f4m K\u00ednh Treo T\u01b0\u1eddng"},"content":{"rendered":"<p><span style=\"font-weight: 400;\">T\u1ee7 b\u1ebfp nh\u00f4m k\u00ednh treo t\u01b0\u1eddng \u0111ang ng\u00e0y c\u00e0ng tr\u1edf n\u00ean ph\u1ed5 bi\u1ebfn trong c\u00e1c c\u0103n b\u1ebfp hi\u1ec7n \u0111\u1ea1i. S\u1ef1 k\u1ebft h\u1ee3p gi\u1eefa nh\u00f4m v\u00e0 k\u00ednh kh\u00f4ng ch\u1ec9 mang l\u1ea1i v\u1ebb \u0111\u1eb9p tinh t\u1ebf, sang tr\u1ecdng m\u00e0 c\u00f2n \u0111\u1ea3m b\u1ea3o t\u00ednh n\u0103ng s\u1eed d\u1ee5ng v\u00e0 \u0111\u1ed9 b\u1ec1n cao.<\/span><\/p>\n<h2><b>1. T\u1ee7 b\u1ebfp nh\u00f4m k\u00ednh treo t\u01b0\u1eddng l\u00e0 g\u00ec?<\/b><\/h2>\n<p><img loading=\"lazy\" decoding=\"async\" class=\"aligncenter wp-image-2607 size-full\" src=\"https:\/\/nhatnam.org\/wp-content\/uploads\/2024\/12\/image5-1.png\" alt=\"T\u1ee7 B\u1ebfp Nh\u00f4m K\u00ednh Treo T\u01b0\u1eddng\" width=\"1024\" height=\"746\" \/><\/p>\n<p><span style=\"font-weight: 400;\">T\u1ee7 b\u1ebfp nh\u00f4m k\u00ednh treo t\u01b0\u1eddng, hay c\u00f2n g\u1ecdi l\u00e0 t\u1ee7 b\u1ebfp g\u1eafn t\u01b0\u1eddng, l\u00e0 l\u1ef1a ch\u1ecdn ng\u00e0y c\u00e0ng \u0111\u01b0\u1ee3c \u01b0a chu\u1ed9ng nh\u1edd v\u00e0o ch\u1ea5t li\u1ec7u nh\u00f4m k\u00ednh c\u00f3 \u0111\u1ed9 b\u1ec1n cao v\u00e0 kh\u1ea3 n\u0103ng ch\u1ed1ng ch\u1ecbu t\u1ed1t. \u0110\u00e2y l\u00e0 s\u1ea3n ph\u1ea9m l\u00fd t\u01b0\u1edfng d\u00e0nh cho nhi\u1ec1u ph\u00e2n kh\u00fac kh\u00e1ch h\u00e0ng, t\u1eeb trung c\u1ea5p \u0111\u1ebfn cao c\u1ea5p, mang \u0111\u1ebfn s\u1ef1 \u0111a d\u1ea1ng v\u00e0 linh ho\u1ea1t trong thi\u1ebft k\u1ebf. T\u1ee7 b\u1ebfp nh\u00f4m k\u00ednh n\u1ed5i b\u1eadt v\u1edbi kh\u1ea3 n\u0103ng ch\u1ed1ng n\u1ea5m m\u1ed1c v\u00e0 m\u1ed1i m\u1ecdt, \u0111i\u1ec1u m\u00e0 c\u00e1c lo\u1ea1i t\u1ee7 g\u1ed7 th\u01b0\u1eddng g\u1eb7p ph\u1ea3i. D\u01b0\u1edbi \u0111\u00e2y l\u00e0 nh\u1eefng \u0111i\u1ec3m n\u1ed5i b\u1eadt c\u1ee7a s\u1ea3n ph\u1ea9m:<\/span><\/p>\n<ul>\n<li style=\"font-weight: 400;\" aria-level=\"1\"><span style=\"font-weight: 400;\">\u0110a d\u1ea1ng v\u1ec1 ch\u1ea5t li\u1ec7u v\u00e0 ki\u1ec3u d\u00e1ng, d\u1ec5 d\u00e0ng t\u00f9y ch\u1ec9nh \u0111\u1ec3 \u0111\u00e1p \u1ee9ng c\u00e1c y\u00eau c\u1ea7u v\u00e0 s\u1edf th\u00edch ri\u00eang bi\u1ec7t c\u1ee7a kh\u00e1ch h\u00e0ng. Gi\u00e1 c\u1ea3 ph\u1ea3i ch\u0103ng h\u01a1n so v\u1edbi c\u00e1c lo\u1ea1i t\u1ee7 b\u1ebfp l\u00e0m t\u1eeb g\u1ed7 hay inox.<\/span><\/li>\n<li style=\"font-weight: 400;\" aria-level=\"1\"><span style=\"font-weight: 400;\">\u0110\u1ed9 b\u1ec1n cao, c\u00f3 kh\u1ea3 n\u0103ng ch\u1ecbu l\u1ef1c t\u1ed1t v\u00e0 kh\u00f4ng b\u1ecb \u1ea3nh h\u01b0\u1edfng b\u1edfi n\u1ea5m m\u1ed1c hay m\u1ed1i m\u1ecdt nh\u01b0 t\u1ee7 g\u1ed7.<\/span><\/li>\n<li style=\"font-weight: 400;\" aria-level=\"1\"><span style=\"font-weight: 400;\">T\u00ednh linh ho\u1ea1t cao, c\u00f3 th\u1ec3 k\u1ebft h\u1ee3p v\u1edbi nhi\u1ec1u ph\u1ee5 ki\u1ec7n th\u00f4ng minh \u0111\u1ec3 t\u1ed1i \u01b0u h\u00f3a kh\u00f4ng gian v\u00e0 ti\u1ec7n \u00edch s\u1eed d\u1ee5ng.<\/span><\/li>\n<li style=\"font-weight: 400;\" aria-level=\"1\"><span style=\"font-weight: 400;\">Ph\u00e2n kh\u00fac cao c\u1ea5p c\u1ee7a t\u1ee7 b\u1ebfp nh\u00f4m k\u00ednh mang l\u1ea1i t\u00ednh n\u0103ng v\u01b0\u1ee3t tr\u1ed9i h\u01a1n c\u1ea3 t\u1ee7 b\u1ebfp g\u1ed7, nh\u01b0ng v\u1edbi m\u1ee9c gi\u00e1 h\u1ee3p l\u00fd h\u01a1n, l\u00e0 s\u1ef1 thay th\u1ebf ho\u00e0n h\u1ea3o cho nh\u1eefng ai y\u00eau th\u00edch v\u1ebb \u0111\u1eb9p c\u1ee7a g\u1ed7 nh\u01b0ng l\u1ea1i lo ng\u1ea1i v\u1ea5n \u0111\u1ec1 n\u1ea5m m\u1ed1c.<\/span><\/li>\n<\/ul>\n<h2><b>2. S\u01a1 l\u01b0\u1ee3c v\u1ec1 c\u1ea5u t\u1ea1o c\u1ee7a t\u1ee7 b\u1ebfp nh\u00f4m k\u00ednh treo t\u01b0\u1eddng<\/b><\/h2>\n<p><img loading=\"lazy\" decoding=\"async\" class=\"aligncenter wp-image-2614 size-large\" src=\"https:\/\/nhatnam.org\/wp-content\/uploads\/2024\/12\/image6-1024x768.jpg\" alt=\"T\u1ee7 B\u1ebfp Nh\u00f4m K\u00ednh Treo T\u01b0\u1eddng\" width=\"1024\" height=\"768\" \/><\/p>\n<p><span style=\"font-weight: 400;\">T\u1ee7 b\u1ebfp nh\u00f4m k\u00ednh treo t\u01b0\u1eddng bao g\u1ed3m c\u00e1c th\u00e0nh ph\u1ea7n ch\u00ednh nh\u01b0 sau:<\/span><\/p>\n<ul>\n<li style=\"font-weight: 400;\" aria-level=\"1\"><b>Khung v\u00e0 th\u00f9ng t\u1ee7:<\/b><span style=\"font-weight: 400;\"> Khung t\u1ee7 \u0111\u01b0\u1ee3c l\u00e0m t\u1eeb nh\u00f4m cao c\u1ea5p ph\u1ee7 s\u01a1n t\u0129nh \u0111i\u1ec7n, v\u1edbi nhi\u1ec1u l\u1ef1a ch\u1ecdn nh\u01b0 nh\u00f4m h\u1ee3p kim, nh\u00f4m n\u1ed9i th\u1ea5t Omega gi\u1ea3 g\u1ed7, ho\u1eb7c nh\u00f4m k\u00ednh s\u01a1n m\u00e0u.<\/span><\/li>\n<li style=\"font-weight: 400;\" aria-level=\"1\"><b>C\u00e1nh t\u1ee7:<\/b><span style=\"font-weight: 400;\"> C\u00f3 th\u1ec3 ch\u1ecdn c\u00e1nh nh\u00f4m \u0111\u1ed3ng b\u1ed9 v\u1edbi th\u00f9ng t\u1ee7 ho\u1eb7c s\u1eed d\u1ee5ng c\u00e1nh k\u00ednh s\u01a1n m\u00e0u, mang \u0111\u1ebfn v\u1ebb \u0111\u1eb9p sang tr\u1ecdng v\u00e0 s\u1ef1 kh\u00e1c bi\u1ec7t cho kh\u00f4ng gian b\u1ebfp.<\/span><\/li>\n<li style=\"font-weight: 400;\" aria-level=\"1\"><b>Ph\u1ee5 ki\u1ec7n:<\/b><span style=\"font-weight: 400;\"> Bao g\u1ed3m c\u00e1c ph\u1ee5 ki\u1ec7n c\u1ed1 \u0111\u1ecbnh v\u00e0 t\u00f9y ch\u1ecdn nh\u01b0 b\u1ea3n l\u1ec1, tay n\u1eafm, b\u1ed3n r\u1eeda, khung k\u1ec7 gia v\u1ecb, k\u1ec7 ch\u00e9n b\u00e1t, v\u00e0 c\u00e1c ph\u1ee5 ki\u1ec7n t\u00edch h\u1ee3p kh\u00e1c theo y\u00eau c\u1ea7u c\u1ee7a kh\u00e1ch h\u00e0ng.<\/span><\/li>\n<li style=\"font-weight: 400;\" aria-level=\"1\"><b>M\u1eb7t \u0111\u00e1 \u1ed1p t\u1ee7 b\u1ebfp:<\/b><span style=\"font-weight: 400;\"> L\u00e0m t\u0103ng t\u00ednh th\u1ea9m m\u1ef9 v\u00e0 \u0111\u1ed9 b\u1ec1n cho t\u1ee7 b\u1ebfp.<\/span><\/li>\n<li style=\"font-weight: 400;\" aria-level=\"1\"><b>K\u00ednh \u1ed1p b\u1ebfp:<\/b><span style=\"font-weight: 400;\"> C\u00f3 th\u1ec3 ch\u1ecdn k\u00ednh \u1ed1p b\u1ebfp \u0111\u1ec3 ch\u1ed1ng \u1ea9m m\u1ed1c hi\u1ec7u qu\u1ea3. Ngo\u00e0i ra, kh\u00e1ch h\u00e0ng c\u00f3 th\u1ec3 ch\u1ecdn ph\u01b0\u01a1ng \u00e1n \u1ed1p \u0111\u00e1, g\u1ea1ch, ho\u1eb7c d\u00e1n decal t\u00f9y theo nhu c\u1ea7u.<\/span><\/li>\n<\/ul>\n<p><span style=\"font-weight: 400;\">Ngo\u00e0i ra, khi thi\u1ebft k\u1ebf t\u1ee7 b\u1ebfp treo t\u01b0\u1eddng, kh\u00e1ch h\u00e0ng c\u0169ng c\u1ea7n l\u01b0u \u00fd \u0111\u1ebfn k\u00edch th\u01b0\u1edbc sao cho ph\u00f9 h\u1ee3p v\u1edbi chi\u1ec1u cao c\u1ee7a ng\u01b0\u1eddi s\u1eed d\u1ee5ng, \u0111\u1ea3m b\u1ea3o s\u1ef1 ti\u1ec7n nghi khi n\u1ea5u n\u01b0\u1edbng v\u00e0 t\u00ednh th\u1ea9m m\u1ef9 cho kh\u00f4ng gian b\u1ebfp.<\/span><\/p>\n<h2><b>3. C\u00e1c lo\u1ea1i t\u1ee7 b\u1ebfp treo t\u01b0\u1eddng nh\u00f4m k\u00ednh t\u1ea1i Nh\u1ea5t Nam<\/b><\/h2>\n<p><span style=\"font-weight: 400;\">T\u1ea1i <\/span><b>Nh\u1ea5t Nam<\/b><span style=\"font-weight: 400;\">, ch\u00fang t\u00f4i cung c\u1ea5p c\u00e1c d\u00f2ng t\u1ee7 b\u1ebfp nh\u00f4m k\u00ednh treo t\u01b0\u1eddng v\u1edbi thi\u1ebft k\u1ebf v\u00e0 t\u00ednh n\u0103ng \u0111a d\u1ea1ng, ph\u00f9 h\u1ee3p v\u1edbi nhi\u1ec1u phong c\u00e1ch v\u00e0 nhu c\u1ea7u s\u1eed d\u1ee5ng. D\u01b0\u1edbi \u0111\u00e2y l\u00e0 nh\u1eefng m\u1eabu t\u1ee7 b\u1ebfp nh\u00f4m k\u00ednh ph\u1ed5 bi\u1ebfn:<\/span><\/p>\n<h3><b>T\u1ee7 b\u1ebfp nh\u00f4m k\u00ednh s\u01a1n t\u0129nh \u0111i\u1ec7n<\/b><\/h3>\n<p><span style=\"font-weight: 400;\">T\u1ee7 b\u1ebfp nh\u00f4m k\u00ednh s\u01a1n t\u0129nh \u0111i\u1ec7n l\u00e0 s\u1ef1 k\u1ebft h\u1ee3p ho\u00e0n h\u1ea3o gi\u1eefa khung nh\u00f4m v\u00e0 k\u00ednh c\u01b0\u1eddng l\u1ef1c, \u0111\u01b0\u1ee3c ph\u1ee7 l\u1edbp s\u01a1n t\u0129nh \u0111i\u1ec7n b\u1ec1n \u0111\u1eb9p, gi\u00fap b\u1ea3o v\u1ec7 t\u1ee7 kh\u1ecfi c\u00e1c y\u1ebfu t\u1ed1 b\u00ean ngo\u00e0i nh\u01b0 nhi\u1ec7t \u0111\u1ed9, \u0111\u1ed9 \u1ea9m v\u00e0 t\u00e1c \u0111\u1ed9ng c\u01a1 h\u1ecdc.<\/span><\/p>\n<h3><b>T\u1ee7 b\u1ebfp nh\u00f4m k\u00ednh m\u00e0u<\/b><\/h3>\n<p><span style=\"font-weight: 400;\">T\u1ee7 b\u1ebfp nh\u00f4m k\u00ednh m\u00e0u t\u1ea1i Nh\u1ea5t Nam mang \u0111\u1ebfn s\u1ef1 m\u1edbi m\u1ebb v\u00e0 n\u1ed5i b\u1eadt cho kh\u00f4ng gian b\u1ebfp c\u1ee7a b\u1ea1n. Khung nh\u00f4m k\u1ebft h\u1ee3p v\u1edbi k\u00ednh m\u00e0u kh\u00f4ng ch\u1ec9 t\u1ea1o n\u00ean v\u1ebb \u0111\u1eb9p hi\u1ec7n \u0111\u1ea1i m\u00e0 c\u00f2n gi\u00fap kh\u00f4ng gian b\u1ebfp th\u00eam sinh \u0111\u1ed9ng v\u00e0 \u1ea5n t\u01b0\u1ee3ng.<\/span><\/p>\n<h3><b>T\u1ee7 b\u1ebfp nh\u00f4m k\u00ednh v\u00e2n g\u1ed7<\/b><\/h3>\n<p><span style=\"font-weight: 400;\">T\u1ee7 b\u1ebfp nh\u00f4m k\u00ednh v\u00e2n g\u1ed7 l\u00e0 s\u1ef1 l\u1ef1a ch\u1ecdn l\u00fd t\u01b0\u1edfng cho nh\u1eefng ai y\u00eau th\u00edch v\u1ebb \u0111\u1eb9p t\u1ef1 nhi\u00ean nh\u01b0ng v\u1eabn mu\u1ed1n gi\u1eef \u0111\u01b0\u1ee3c \u0111\u1ed9 b\u1ec1n v\u00e0 s\u1ef1 ti\u1ec7n d\u1ee5ng c\u1ee7a v\u1eadt li\u1ec7u nh\u00f4m k\u00ednh. B\u1ec1 m\u1eb7t k\u00ednh \u0111\u01b0\u1ee3c in v\u00e2n g\u1ed7 tinh t\u1ebf, mang l\u1ea1i c\u1ea3m gi\u00e1c \u1ea5m c\u00fang v\u00e0 g\u1ea7n g\u0169i cho kh\u00f4ng gian b\u1ebfp.<\/span><\/p>\n<h3><b>T\u1ee7 b\u1ebfp nh\u00f4m h\u1ee3p kim<\/b><\/h3>\n<p><span style=\"font-weight: 400;\">T\u1ee7 b\u1ebfp nh\u00f4m h\u1ee3p kim l\u00e0 m\u1ed9t trong nh\u1eefng l\u1ef1a ch\u1ecdn ph\u1ed5 bi\u1ebfn v\u00e0 \u0111\u01b0\u1ee3c \u01b0a chu\u1ed9ng trong c\u00e1c kh\u00f4ng gian b\u1ebfp hi\u1ec7n \u0111\u1ea1i. V\u1edbi kh\u1ea3 n\u0103ng ch\u1ecbu l\u1ef1c t\u1ed1t, b\u1ec1n b\u1ec9 v\u1edbi th\u1eddi gian v\u00e0 t\u00ednh th\u1ea9m m\u1ef9 cao, t\u1ee7 b\u1ebfp nh\u00f4m h\u1ee3p kim mang \u0111\u1ebfn s\u1ef1 ti\u1ec7n nghi v\u00e0 sang tr\u1ecdng cho ng\u00f4i nh\u00e0.\u00a0<\/span><\/p>\n<h2><b>4. B\u00e1o gi\u00e1 t\u1ee7 b\u1ebfp treo t\u01b0\u1eddng nh\u00f4m k\u00ednh<\/b><\/h2>\n<p><span style=\"font-weight: 400;\">B\u00e1o gi\u00e1 t\u1ee7 b\u1ebfp treo t\u01b0\u1eddng nh\u00f4m k\u00ednh ph\u1ee5 thu\u1ed9c v\u00e0o nhi\u1ec1u y\u1ebfu t\u1ed1 nh\u01b0 ch\u1ea5t li\u1ec7u, k\u00edch th\u01b0\u1edbc, thi\u1ebft k\u1ebf v\u00e0 ph\u1ee5 ki\u1ec7n \u0111i k\u00e8m. T\u1ee7 b\u1ebfp nh\u00f4m k\u00ednh th\u01b0\u1eddng c\u00f3 nhi\u1ec1u l\u1ef1a ch\u1ecdn v\u1ec1 h\u1ec7 nh\u00f4m, m\u00e0u s\u1eafc v\u00e0 ki\u1ec3u d\u00e1ng c\u00e1nh t\u1ee7, t\u1eeb nh\u00f4m h\u1ee3p kim, nh\u00f4m n\u1ed9i th\u1ea5t \u0111\u1ebfn k\u00ednh s\u01a1n m\u00e0u ho\u1eb7c k\u00ednh c\u01b0\u1eddng l\u1ef1c. C\u00e1c ph\u1ee5 ki\u1ec7n nh\u01b0 b\u1ea3n l\u1ec1, tay n\u1eafm, k\u1ec7 gia v\u1ecb, k\u1ec7 ch\u00e9n b\u00e1t c\u0169ng c\u00f3 th\u1ec3 \u0111\u01b0\u1ee3c l\u1ef1a ch\u1ecdn t\u00f9y theo nhu c\u1ea7u s\u1eed d\u1ee5ng.<\/span><\/p>\n<p><span style=\"font-weight: 400;\">\u0110\u1ec3 c\u00f3 b\u00e1o gi\u00e1 ch\u00ednh x\u00e1c v\u00e0 chi ti\u1ebft nh\u1ea5t, vui l\u00f2ng li\u00ean h\u1ec7 tr\u1ef1c ti\u1ebfp v\u1edbi N\u1ed9i Th\u1ea5t Nh\u1ea5t Nam \u0111\u1ec3 nh\u1eadn t\u01b0 v\u1ea5n v\u00e0 b\u00e1o gi\u00e1 ph\u00f9 h\u1ee3p v\u1edbi y\u00eau c\u1ea7u c\u1ee7a m\u00ecnh. H\u00e3y nh\u1edb r\u1eb1ng vi\u1ec7c l\u1ef1a ch\u1ecdn ch\u1ea5t li\u1ec7u v\u00e0 thi\u1ebft k\u1ebf s\u1ebd \u1ea3nh h\u01b0\u1edfng \u0111\u1ebfn chi ph\u00ed, nh\u01b0ng t\u1ee7 b\u1ebfp nh\u00f4m k\u00ednh lu\u00f4n mang \u0111\u1ebfn s\u1ef1 b\u1ec1n b\u1ec9, hi\u1ec7n \u0111\u1ea1i v\u00e0 t\u00ednh th\u1ea9m m\u1ef9 cao cho kh\u00f4ng gian b\u1ebfp c\u1ee7a b\u1ea1n.<\/span><\/p>\n<p><span style=\"font-weight: 400;\">H\u00e3y li\u00ean h\u1ec7 ngay v\u1edbi N\u1ed9i Th\u1ea5t Nh\u1ea5t Nam! V\u1edbi x\u01b0\u1edfng s\u1ea3n xu\u1ea5t quy m\u00f4 l\u1edbn v\u00e0 h\u1ec7 th\u1ed1ng m\u00e1y m\u00f3c hi\u1ec7n \u0111\u1ea1i, ch\u00fang t\u00f4i tr\u1ef1c ti\u1ebfp gia c\u00f4ng s\u1ea3n ph\u1ea9m, gi\u00fap gi\u1ea3m thi\u1ec3u chi ph\u00ed trung gian v\u00e0 mang \u0111\u1ebfn cho b\u1ea1n m\u1ee9c gi\u00e1 \u01b0u \u0111\u00e3i, c\u1ea1nh tranh nh\u1ea5t tr\u00ean th\u1ecb tr\u01b0\u1eddng.<\/span><\/p>\n<h2><strong>5. M\u1ed9t s\u1ed1 l\u01b0u \u00fd khi s\u1eed d\u1ee5ng t\u1ee7 b\u1ebfp nh\u00f4m k\u00ednh treo t\u01b0\u1eddng<\/strong><\/h2>\n<p><span style=\"font-weight: 400;\">\u0110\u1ec3 s\u1eed d\u1ee5ng t\u1ee7 b\u1ebfp nh\u00f4m k\u00ednh treo t\u01b0\u1eddng hi\u1ec7u qu\u1ea3 v\u00e0 b\u1ec1n l\u00e2u, b\u1ea1n c\u1ea7n l\u01b0u \u00fd m\u1ed9t s\u1ed1 \u0111i\u1ec3m sau:<\/span><\/p>\n<h4><strong>\u00a0V\u1ec7 sinh th\u01b0\u1eddng xuy\u00ean<\/strong><\/h4>\n<p><span style=\"font-weight: 400;\">Lau ch\u00f9i b\u1ec1 m\u1eb7t t\u1ee7 \u0111\u1ecbnh k\u1ef3 \u0111\u1ec3 tr\u00e1nh b\u1ee5i b\u1ea9n v\u00e0 d\u1ea7u m\u1ee1 b\u00e1m l\u00e2u ng\u00e0y. B\u1ec1 m\u1eb7t nh\u00f4m c\u00f3 th\u1ec3 b\u1ecb \u1ed1 ho\u1eb7c b\u00e1m b\u1ea9n n\u1ebfu kh\u00f4ng \u0111\u01b0\u1ee3c v\u1ec7 sinh \u0111\u1ecbnh k\u1ef3. S\u1eed d\u1ee5ng kh\u0103n m\u1ec1m \u1ea9m v\u00e0 ch\u1ea5t t\u1ea9y r\u1eeda nh\u1eb9 \u0111\u1ec3 lau ch\u00f9i, tr\u00e1nh d\u00f9ng ch\u1ea5t t\u1ea9y r\u1eeda m\u1ea1nh c\u00f3 th\u1ec3 l\u00e0m h\u1ecfng b\u1ec1 m\u1eb7t nh\u00f4m.<\/span><\/p>\n<h4><strong>Kh\u00f4ng \u0111\u1eb7t v\u1eadt n\u1eb7ng\u00a0<\/strong><\/h4>\n<p><span style=\"font-weight: 400;\">Tr\u00e1nh \u0111\u1eb7t c\u00e1c v\u1eadt d\u1ee5ng qu\u00e1 n\u1eb7ng trong t\u1ee7 \u0111\u1ec3 \u0111\u1ea3m b\u1ea3o an to\u00e0n. S\u1eafp x\u1ebfp c\u00e1c \u0111\u1ed3 d\u00f9ng b\u1ebfp m\u1ed9t c\u00e1ch h\u1ee3p l\u00fd \u0111\u1ec3 d\u1ec5 d\u00e0ng t\u00ecm ki\u1ebfm v\u00e0 s\u1eed d\u1ee5ng, \u0111\u1ed3ng th\u1eddi gi\u1eef cho t\u1ee7 lu\u00f4n g\u1ecdn g\u00e0ng v\u00e0 ng\u0103n n\u1eafp.<\/span><\/p>\n<h4><strong>Ki\u1ec3m tra b\u1ea3n l\u1ec1<\/strong><\/h4>\n<p><span style=\"font-weight: 400;\">\u0110\u1ecbnh k\u1ef3 ki\u1ec3m tra v\u00e0 b\u00f4i tr\u01a1n b\u1ea3n l\u1ec1 \u0111\u1ec3 \u0111\u1ea3m b\u1ea3o t\u1ee7 ho\u1ea1t \u0111\u1ed9ng tr\u01a1n tru. B\u00f4i tr\u01a1n b\u1ea3n l\u1ec1 khi c\u1ea7n thi\u1ebft \u0111\u1ec3 tr\u00e1nh t\u00ecnh tr\u1ea1ng k\u00eau c\u00f3t k\u00e9t ho\u1eb7c kh\u00f3 m\u1edf. Th\u01b0\u1eddng xuy\u00ean ki\u1ec3m tra \u0111\u1ed9 ch\u1eafc ch\u1eafn c\u1ee7a t\u1ee7 v\u00e0 gi\u00e1 \u0111\u1ee1, \u0111\u1eb7c bi\u1ec7t l\u00e0 sau khi b\u1ea1n \u0111\u00e3 s\u1eafp x\u1ebfp l\u1ea1i ho\u1eb7c th\u00eam m\u1edbi \u0111\u1ed3 d\u00f9ng v\u00e0o t\u1ee7.<\/span><\/p>\n<h4><strong>C\u1ea9n th\u1eadn v\u1edbi c\u1eeda k\u00ednh v\u00e0 s\u1eed d\u1ee5ng \u0111\u00fang c\u00e1ch<\/strong><\/h4>\n<p><span style=\"font-weight: 400;\">Tr\u00e1nh va \u0111\u1eadp m\u1ea1nh v\u00e0o c\u1eeda k\u00ednh \u0111\u1ec3 tr\u00e1nh g\u00e2y v\u1ee1 ho\u1eb7c n\u1ee9t. Kh\u00f4ng treo ho\u1eb7c \u0111u ng\u01b0\u1eddi l\u00ean t\u1ee7, \u0111\u1eb7c bi\u1ec7t l\u00e0 v\u1edbi tr\u1ebb em.<\/span><\/p>\n<p><span style=\"font-weight: 400;\">B\u1eb1ng c\u00e1ch tu\u00e2n th\u1ee7 nh\u1eefng l\u01b0u \u00fd n\u00e0y, b\u1ea1n c\u00f3 th\u1ec3 k\u00e9o d\u00e0i tu\u1ed5i th\u1ecd v\u00e0 duy tr\u00ec v\u1ebb \u0111\u1eb9p c\u1ee7a t\u1ee7 b\u1ebfp nh\u00f4m k\u00ednh treo t\u01b0\u1eddng trong th\u1eddi gian d\u00e0i.<\/span><\/p>\n<h2><b>6. M\u1ed9t s\u1ed1 m\u1eabu t\u1ee7 b\u1ebfp nh\u00f4m k\u00ednh treo t\u01b0\u1eddng \u0111\u1eb9p t\u1ea1i Nh\u1ea5t Nam<\/b><\/h2>\n<figure id=\"attachment_2603\" aria-describedby=\"caption-attachment-2603\" style=\"width: 1024px\" class=\"wp-caption aligncenter\"><img loading=\"lazy\" decoding=\"async\" class=\"wp-image-2603 size-large\" src=\"https:\/\/nhatnam.org\/wp-content\/uploads\/2024\/12\/image1-3-1024x683.png\" alt=\"T\u1ee7 B\u1ebfp Nh\u00f4m K\u00ednh Treo T\u01b0\u1eddng\" width=\"1024\" height=\"683\" \/><figcaption id=\"caption-attachment-2603\" class=\"wp-caption-text\">T\u1ee7 b\u1ebfp nh\u00f4m k\u00ednh s\u01a1n t\u0129nh \u0111i\u1ec7n<\/figcaption><\/figure>\n<figure id=\"attachment_2240\" aria-describedby=\"caption-attachment-2240\" style=\"width: 1024px\" class=\"wp-caption aligncenter\"><img loading=\"lazy\" decoding=\"async\" class=\"wp-image-2240 size-large\" src=\"https:\/\/nhatnam.org\/wp-content\/uploads\/2024\/12\/Tu-bep-inox-nhat-nam-08-1024x638.jpg\" alt=\"T\u1ee7 B\u1ebfp Nh\u00f4m K\u00ednh Treo T\u01b0\u1eddng\" width=\"1024\" height=\"638\" \/><figcaption id=\"caption-attachment-2240\" class=\"wp-caption-text\">T\u1ee7 b\u1ebfp nh\u00f4m k\u00ednh m\u00e0u<\/figcaption><\/figure>\n<figure id=\"attachment_2610\" aria-describedby=\"caption-attachment-2610\" style=\"width: 1024px\" class=\"wp-caption aligncenter\"><img loading=\"lazy\" decoding=\"async\" class=\"wp-image-2610 size-large\" src=\"https:\/\/nhatnam.org\/wp-content\/uploads\/2024\/12\/image2-1-1024x765.jpg\" alt=\"T\u1ee7 B\u1ebfp Nh\u00f4m K\u00ednh Treo T\u01b0\u1eddng\" width=\"1024\" height=\"765\" \/><figcaption id=\"caption-attachment-2610\" class=\"wp-caption-text\">T\u1ee7 b\u1ebfp nh\u00f4m k\u00ednh v\u00e2n g\u1ed7<\/figcaption><\/figure>\n<figure id=\"attachment_2612\" aria-describedby=\"caption-attachment-2612\" style=\"width: 1024px\" class=\"wp-caption aligncenter\"><img loading=\"lazy\" decoding=\"async\" class=\"wp-image-2612 size-large\" src=\"https:\/\/nhatnam.org\/wp-content\/uploads\/2024\/12\/image4-1024x523.jpg\" alt=\"T\u1ee7 B\u1ebfp Nh\u00f4m K\u00ednh Treo T\u01b0\u1eddng\" width=\"1024\" height=\"523\" \/><figcaption id=\"caption-attachment-2612\" class=\"wp-caption-text\">T\u1ee7 b\u1ebfp nh\u00f4m h\u1ee3p kim<\/figcaption><\/figure>\n<p>&nbsp;<\/p>\n","protected":false},"excerpt":{"rendered":"<p>T\u1ee7 b\u1ebfp nh\u00f4m k\u00ednh treo t\u01b0\u1eddng \u0111ang ng\u00e0y c\u00e0ng tr\u1edf n\u00ean ph\u1ed5 bi\u1ebfn trong c\u00e1c c\u0103n b\u1ebfp hi\u1ec7n \u0111\u1ea1i. S\u1ef1 k\u1ebft h\u1ee3p gi\u1eefa nh\u00f4m v\u00e0 k\u00ednh kh\u00f4ng ch\u1ec9 mang l\u1ea1i v\u1ebb \u0111\u1eb9p tinh t\u1ebf, sang tr\u1ecdng m\u00e0 c\u00f2n \u0111\u1ea3m b\u1ea3o t\u00ednh n\u0103ng s\u1eed d\u1ee5ng v\u00e0 \u0111\u1ed9 b\u1ec1n cao. 1. T\u1ee7 b\u1ebfp nh\u00f4m k\u00ednh treo t\u01b0\u1eddng [&hellip;]<\/p>\n","protected":false},"featured_media":1406,"comment_status":"open","ping_status":"closed","template":"","meta":{"_acf_changed":false,"_gspb_post_css":""},"book-author":[],"product_brand":[],"product_cat":[113,117,118,115,116,119],"product_tag":[],"class_list":{"0":"post-1407","1":"product","2":"type-product","3":"status-publish","4":"has-post-thumbnail","6":"product_cat-tu-bep-nhom","7":"product_cat-tu-bep-nhom-canh-kinh","8":"product_cat-tu-bep-nhom-cao-cap","9":"product_cat-tu-bep-nhom-hop-kim","10":"product_cat-tu-bep-nhom-kinh","11":"product_cat-tu-bep-nhom-kinh-mau","13":"first","14":"instock","15":"shipping-taxable","16":"product-type-simple"},"acf":[],"_links":{"self":[{"href":"https:\/\/nhatnam.libion.me\/index.php\/wp-json\/wp\/v2\/product\/1407","targetHints":{"allow":["GET"]}}],"collection":[{"href":"https:\/\/nhatnam.libion.me\/index.php\/wp-json\/wp\/v2\/product"}],"about":[{"href":"https:\/\/nhatnam.libion.me\/index.php\/wp-json\/wp\/v2\/types\/product"}],"replies":[{"embeddable":true,"href":"https:\/\/nhatnam.libion.me\/index.php\/wp-json\/wp\/v2\/comments?post=1407"}],"wp:featuredmedia":[{"embeddable":true,"href":"https:\/\/nhatnam.libion.me\/index.php\/wp-json\/wp\/v2\/media\/1406"}],"wp:attachment":[{"href":"https:\/\/nhatnam.libion.me\/index.php\/wp-json\/wp\/v2\/media?parent=1407"}],"wp:term":[{"taxonomy":"book-author","embeddable":true,"href":"https:\/\/nhatnam.libion.me\/index.php\/wp-json\/wp\/v2\/book-author?post=1407"},{"taxonomy":"product_brand","embeddable":true,"href":"https:\/\/nhatnam.libion.me\/index.php\/wp-json\/wp\/v2\/product_brand?post=1407"},{"taxonomy":"product_cat","embeddable":true,"href":"https:\/\/nhatnam.libion.me\/index.php\/wp-json\/wp\/v2\/product_cat?post=1407"},{"taxonomy":"product_tag","embeddable":true,"href":"https:\/\/nhatnam.libion.me\/index.php\/wp-json\/wp\/v2\/product_tag?post=1407"}],"curies":[{"name":"wp","href":"https:\/\/api.w.org\/{rel}","templated":true}]}}