{"id":1396,"date":"2026-04-07T10:07:18","date_gmt":"2026-04-07T10:07:18","guid":{"rendered":"https:\/\/nhatnam.libion.me\/index.php\/product\/dao-bep\/"},"modified":"2026-04-07T10:07:18","modified_gmt":"2026-04-07T10:07:18","slug":"dao-bep","status":"publish","type":"product","link":"https:\/\/nhatnam.libion.me\/index.php\/product\/dao-bep\/","title":{"rendered":"\u0110\u1ea3o B\u1ebfp"},"content":{"rendered":"<p style=\"text-align: justify;\"><span style=\"font-weight: 400;\">\u0110\u1ea3o b\u1ebfp kh\u00f4ng ch\u1ec9 l\u00e0 n\u01a1i n\u1ea5u n\u01b0\u1edbng, m\u00e0 c\u00f2n l\u00e0 trung t\u00e2m ho\u1ea1t \u0111\u1ed9ng gi\u00fap n\u00e2ng cao c\u00f4ng n\u0103ng cho ng\u01b0\u1eddi s\u1eed d\u1ee5ng. T\u1ea1i Nh\u1ea5t Nam, ch\u00fang t\u00f4i mang \u0111\u1ebfn nh\u1eefng m\u1eabu \u0111\u1ea3o b\u1ebfp \u0111\u1ed9c \u0111\u00e1o, t\u1eeb nh\u1eefng thi\u1ebft k\u1ebf k\u1ebft h\u1ee3p b\u00e0n \u0103n \u0111\u1ebfn nh\u1eefng l\u1ef1a ch\u1ecdn nh\u1ecf g\u1ecdn d\u00e0nh cho kh\u00f4ng gian nh\u00e0 b\u1ebfp.\u00a0<\/span><\/p>\n<p style=\"text-align: justify;\"><span style=\"font-weight: 400;\">C\u00f9ng Nh\u1ea5t Nam kh\u00e1m ph\u00e1 \u0111\u1ec3 t\u00ecm hi\u1ec3u v\u1ec1 nh\u1eefng c\u00e1ch t\u1ed1i \u01b0u h\u00f3a kh\u00f4ng gian v\u00e0 s\u1ef1 ti\u1ec7n nghi m\u00e0 \u0111\u1ea3o b\u1ebfp c\u00f3 th\u1ec3 mang l\u1ea1i!\u00a0<\/span><\/p>\n<h2 style=\"text-align: justify;\"><strong>1. \u0110\u1ea3o b\u1ebfp l\u00e0 g\u00ec?<\/strong><\/h2>\n<p style=\"text-align: justify;\"><img loading=\"lazy\" decoding=\"async\" class=\"aligncenter wp-image-3335 size-full\" src=\"https:\/\/nhatnam.org\/wp-content\/uploads\/2024\/12\/tu-bep-inox-Nhat-Nam-29.jpg\" alt=\"T\u00ecm hi\u1ec3u m\u1eabu B\u00e0n \u0110\u1ea3o B\u1ebfp H\u1ee3p Kim Nh\u00f4m\" width=\"1280\" height=\"720\" \/><\/p>\n<p style=\"text-align: justify;\"><span style=\"font-weight: 400;\">\u0110\u1ea3o b\u1ebfp, hay c\u00f2n g\u1ecdi l\u00e0 b\u1ebfp \u0111\u1ea3o ho\u1eb7c b\u00e0n \u0111\u1ea3o, th\u01b0\u1eddng \u0111\u01b0\u1ee3c \u0111\u1eb7t \u1edf trung t\u00e2m c\u1ee7a kh\u00f4ng gian b\u1ebfp, \u0111\u00f3ng vai tr\u00f2 quan tr\u1ecdng trong vi\u1ec7c t\u0103ng c\u01b0\u1eddng t\u00ednh ti\u1ec7n \u00edch v\u00e0 s\u1ef1 hi\u1ec7u qu\u1ea3 c\u1ee7a vi\u1ec7c s\u1eed d\u1ee5ng b\u1ebfp.\u00a0<\/span><\/p>\n<p style=\"text-align: justify;\"><span style=\"font-weight: 400;\">Trong thi\u1ebft k\u1ebf b\u1ebfp, b\u00e0n \u0111\u1ea3o kh\u00f4ng ch\u1ec9 l\u00e0 m\u1ed9t ph\u1ea7n c\u1ee7a t\u1ee7 b\u1ebfp, m\u00e0 c\u00f2n l\u00e0 m\u1ed9t \u0111i\u1ec3m nh\u1ea5n quan tr\u1ecdng trong trang tr\u00ed ph\u00f2ng b\u1ebfp. \u0110\u1ed3ng th\u1eddi, \u0111\u1ea3o b\u1ebfp c\u0169ng cung c\u1ea5p th\u00eam kh\u00f4ng gian l\u01b0u tr\u1eef v\u00e0 s\u1eed d\u1ee5ng linh ho\u1ea1t khi n\u1ea5u n\u01b0\u1edbng.<\/span><\/p>\n<h2 style=\"text-align: justify;\"><strong>2. C\u00f4ng d\u1ee5ng c\u1ee7a \u0111\u1ea3o b\u1ebfp<\/strong><\/h2>\n<p><img loading=\"lazy\" decoding=\"async\" class=\"aligncenter wp-image-3307 size-full\" src=\"https:\/\/nhatnam.org\/wp-content\/uploads\/2024\/12\/tu-bep-inox-Nhat-Nam-1.jpg\" alt=\"\u0110\u1ea3o B\u1ebfp\" width=\"1280\" height=\"960\" \/><\/p>\n<p style=\"text-align: justify;\"><span style=\"font-weight: 400;\">\u0110\u1ea3o b\u1ebfp kh\u00f4ng ch\u1ec9 l\u00e0 m\u1ed9t ph\u1ea7n c\u1ee7a thi\u1ebft k\u1ebf n\u1ed9i th\u1ea5t, m\u00e0 c\u00f2n l\u00e0 trung t\u00e2m ho\u1ea1t \u0111\u1ed9ng trong kh\u00f4ng gian b\u1ebfp. D\u01b0\u1edbi \u0111\u00e2y l\u00e0 m\u1ed9t s\u1ed1 c\u00f4ng d\u1ee5ng quan tr\u1ecdng c\u1ee7a \u0111\u1ea3o b\u1ebfp:<\/span><\/p>\n<ul style=\"text-align: justify;\">\n<li style=\"font-weight: 400;\" aria-level=\"1\"><span style=\"font-weight: 400;\">T\u0103ng kh\u00f4ng gian l\u00e0m vi\u1ec7c: \u0110\u1ea3o b\u1ebfp cung c\u1ea5p m\u1ed9t kh\u00f4ng gian l\u00e0m vi\u1ec7c r\u1ed9ng r\u00e3i gi\u1eefa kh\u00f4ng gian b\u1ebfp, gi\u00fap t\u1ea1o \u0111i\u1ec1u ki\u1ec7n thu\u1eadn l\u1ee3i cho vi\u1ec7c chu\u1ea9n b\u1ecb th\u1ef1c ph\u1ea9m v\u00e0 n\u1ea5u n\u01b0\u1edbng.<\/span><\/li>\n<li style=\"font-weight: 400;\" aria-level=\"1\"><span style=\"font-weight: 400;\">T\u0103ng t\u00ednh ti\u1ec7n \u00edch: \u0110\u1ea3o b\u1ebfp th\u01b0\u1eddng \u0111\u01b0\u1ee3c trang b\u1ecb \u0111\u1ee7 c\u00e1c ch\u1ee9c n\u0103ng c\u1ea7n thi\u1ebft nh\u01b0 b\u1ebfp n\u1ea5u, ch\u1eadu r\u1eeda, v\u00e0 kh\u00f4ng gian l\u01b0u tr\u1eef, gi\u00fap t\u1ed1i \u01b0u h\u00f3a vi\u1ec7c s\u1eed d\u1ee5ng kh\u00f4ng gian b\u1ebfp.<\/span><\/li>\n<li style=\"font-weight: 400;\" aria-level=\"1\"><span style=\"font-weight: 400;\">T\u1ea1o \u0111i\u1ec3m nh\u1ea5n trang tr\u00ed: V\u1edbi thi\u1ebft k\u1ebf v\u00e0 ch\u1ea5t li\u1ec7u \u0111a d\u1ea1ng, \u0111\u1ea3o b\u1ebfp l\u00e0 m\u1ed9t \u0111i\u1ec3m nh\u1ea5n trang tr\u00ed cho kh\u00f4ng gian b\u1ebfp, t\u1ea1o n\u00ean s\u1ef1 sang tr\u1ecdng v\u00e0 hi\u1ec7n \u0111\u1ea1i.<\/span><\/li>\n<li style=\"font-weight: 400;\" aria-level=\"1\"><span style=\"font-weight: 400;\">T\u0103ng t\u00ednh giao l\u01b0u: \u0110\u1ea3o b\u1ebfp c\u00f3 th\u1ec3 \u0111\u01b0\u1ee3c s\u1eed d\u1ee5ng nh\u01b0 m\u1ed9t b\u00e0n \u0103n ph\u1ee5 ho\u1eb7c qu\u1ea7y bar, t\u1ea1o ra kh\u00f4ng gian giao l\u01b0u v\u00e0 \u1ea9m th\u1ef1c tuy\u1ec7t v\u1eddi cho gia \u0111\u00ecnh v\u00e0 b\u1ea1n b\u00e8.<\/span><\/li>\n<li style=\"font-weight: 400;\" aria-level=\"1\"><span style=\"font-weight: 400;\">Ph\u00e2n chia kh\u00f4ng gian: Trong nh\u1eefng kh\u00f4ng gian b\u1ebfp m\u1edf, \u0111\u1ea3o b\u1ebfp c\u00f3 th\u1ec3 \u0111\u01b0\u1ee3c s\u1eed d\u1ee5ng \u0111\u1ec3 ph\u00e2n chia kh\u00f4ng gian v\u00e0 t\u1ea1o ra c\u00e1c khu v\u1ef1c ch\u1ee9c n\u0103ng ri\u00eang bi\u1ec7t.<\/span><\/li>\n<\/ul>\n<h2 style=\"text-align: justify;\"><strong>3. K\u00edch th\u01b0\u1edbc ti\u00eau chu\u1ea9n c\u1ee7a b\u00e0n \u0111\u1ea3o k\u1ebft h\u1ee3p v\u1edbi b\u00e0n \u0103n<\/strong><\/h2>\n<p style=\"text-align: justify;\"><span style=\"font-weight: 400;\">K\u00edch th\u01b0\u1edbc c\u1ee7a \u0111\u1ea3o b\u1ebfp k\u1ebft h\u1ee3p b\u00e0n \u0103n \u0111\u00f3ng vai tr\u00f2 quan tr\u1ecdng trong vi\u1ec7c t\u1ea1o ra m\u1ed9t kh\u00f4ng gian b\u1ebfp linh ho\u1ea1t v\u00e0 ti\u1ec7n nghi. D\u01b0\u1edbi \u0111\u00e2y l\u00e0 nh\u1eefng g\u1ee3i \u00fd v\u1ec1 k\u00edch th\u01b0\u1edbc ti\u00eau chu\u1ea9n \u0111\u1ec3 thi\u1ebft k\u1ebf \u0111\u1ea3o b\u1ebfp k\u1ebft h\u1ee3p b\u00e0n \u0103n m\u1ed9t c\u00e1ch hi\u1ec7u qu\u1ea3:<\/span><\/p>\n<p style=\"text-align: justify;\"><b>K\u00edch th\u01b0\u1edbc c\u1ee7a \u0111\u1ea3o b\u1ebfp<\/b><\/p>\n<p style=\"text-align: justify;\"><span style=\"font-weight: 400;\">Chi\u1ec1u cao ti\u00eau chu\u1ea9n c\u1ee7a \u0111\u1ea3o b\u1ebfp th\u01b0\u1eddng kho\u1ea3ng 36 inch (t\u01b0\u01a1ng \u0111\u01b0\u01a1ng 91 cm), ph\u00f9 h\u1ee3p v\u1edbi h\u1ea7u h\u1ebft c\u00e1c b\u1ebfp th\u00f4ng th\u01b0\u1eddng. B\u1ec1 m\u1eb7t c\u1ee7a \u0111\u1ea3o b\u1ebfp c\u1ea7n \u0111\u1ee7 r\u1ed9ng \u0111\u1ec3 ch\u1ee9a c\u00e1c d\u1ee5ng c\u1ee5 n\u1ea5u n\u01b0\u1edbng v\u00e0 cung c\u1ea5p kh\u00f4ng gian l\u00e0m vi\u1ec7c thu\u1eadn ti\u1ec7n. Chi\u1ec1u r\u1ed9ng t\u1ed1i thi\u1ec3u c\u1ee7a \u0111\u1ea3o b\u1ebfp l\u00e0 kho\u1ea3ng 24 inch (61 cm), nh\u01b0ng c\u00f3 th\u1ec3 \u0111i\u1ec1u ch\u1ec9nh t\u00f9y theo kh\u00f4ng gian c\u1ee5 th\u1ec3.<\/span><\/p>\n<p style=\"text-align: justify;\"><b>K\u00edch th\u01b0\u1edbc c\u1ee7a b\u00e0n \u0103n<\/b><\/p>\n<p style=\"text-align: justify;\"><span style=\"font-weight: 400;\">B\u00e0n \u0103n t\u00edch h\u1ee3p v\u00e0o \u0111\u1ea3o b\u1ebfp th\u01b0\u1eddng c\u00f3 chi\u1ec1u cao t\u1eeb 28 \u0111\u1ebfn 30 inch (t\u01b0\u01a1ng \u0111\u01b0\u01a1ng 71-76 cm). \u0110\u1ed1i v\u1edbi \u0111\u1ea3o b\u1ebfp k\u1ebft h\u1ee3p b\u00e0n \u0103n, chi\u1ec1u r\u1ed9ng c\u1ee7a b\u00e0n \u0103n n\u00ean t\u1eeb 24 \u0111\u1ebfn 30 inch (t\u01b0\u01a1ng \u0111\u01b0\u01a1ng 61-76 cm) \u0111\u1ec3 t\u1ea1o kh\u00f4ng gian tho\u1ea3i m\u00e1i cho vi\u1ec7c \u0103n u\u1ed1ng.<\/span><\/p>\n<p style=\"text-align: justify;\"><strong>Kho\u1ea3ng c\u00e1ch xung quanh<\/strong><\/p>\n<p style=\"text-align: justify;\"><span style=\"font-weight: 400;\">\u0110\u1ec3 \u0111\u1ea3m b\u1ea3o kh\u00f4ng gian l\u01b0u th\u00f4ng tho\u1ea3i m\u00e1i, b\u1ea1n n\u00ean \u0111\u1ec3 m\u1ed9t kho\u1ea3ng tr\u1ed1ng t\u1ed1i thi\u1ec3u l\u00e0 36 inch (kho\u1ea3ng 91 cm) gi\u1eefa b\u00e0n \u0103n v\u00e0 c\u00e1c ph\u1ea7n kh\u00e1c c\u1ee7a nh\u00e0 b\u1ebfp. \u0110i\u1ec1u n\u00e0y gi\u00fap t\u1ea1o ra m\u1ed9t kh\u00f4ng gian linh ho\u1ea1t v\u00e0 d\u1ec5 d\u00e0ng di chuy\u1ec3n trong qu\u00e1 tr\u00ecnh s\u1eed d\u1ee5ng.<\/span><\/p>\n<h2 style=\"text-align: justify;\"><strong>4. M\u1ed9t s\u1ed1 l\u01b0u \u00fd khi thi c\u00f4ng v\u00e0 l\u1eafp \u0111\u1eb7t \u0111\u1ea3o b\u1ebfp<\/strong><\/h2>\n<figure id=\"attachment_3158\" aria-describedby=\"caption-attachment-3158\" style=\"width: 1280px\" class=\"wp-caption aligncenter\"><img loading=\"lazy\" decoding=\"async\" class=\"wp-image-3158 size-full\" src=\"https:\/\/nhatnam.org\/wp-content\/uploads\/2024\/12\/z6157833621697_908604d3ab337f70182909ba574e97f9.jpg\" alt=\"\u0110\u1ea3o B\u1ebfp\" width=\"1280\" height=\"960\" \/><figcaption id=\"caption-attachment-3158\" class=\"wp-caption-text\">N\u1ed9i Th\u1ea5t Nh\u1ea5t Nam &#8211; d\u1ecba ch\u1ec9 uy t\u00edn chuy\u00ean t\u01b0 v\u1ea5n thi\u1ebft k\u1ebf thi c\u00f4ng n\u1ed9i th\u1ea5t uy t\u00edn<\/figcaption><\/figure>\n<p style=\"text-align: justify;\"><span style=\"font-weight: 400;\">\u0110\u1ec3 \u0111\u1ea3m b\u1ea3o r\u1eb1ng k\u00edch th\u01b0\u1edbc b\u1ebfp \u0111\u01b0\u1ee3c b\u1ed1 tr\u00ed m\u1ed9t c\u00e1ch h\u1ee3p l\u00fd, b\u1ea1n c\u1ea7n xem x\u00e9t m\u1ed9t s\u1ed1 y\u1ebfu t\u1ed1 sau:<\/span><\/p>\n<ul style=\"text-align: justify;\">\n<li style=\"font-weight: 400;\" aria-level=\"1\"><span style=\"font-weight: 400;\">L\u1ef1a ch\u1ecdn k\u00edch th\u01b0\u1edbc ph\u00f9 h\u1ee3p: Kho\u1ea3ng c\u00e1ch gi\u1eefa t\u1ee7 b\u1ebfp v\u00e0 b\u00e0n \u0111\u1ea3o b\u1ebfp n\u00ean t\u1eeb 90cm \u0111\u1ebfn 150cm, t\u1ea1o ra s\u1ef1 linh ho\u1ea1t trong vi\u1ec7c di chuy\u1ec3n. Kho\u1ea3ng kh\u00f4ng gian xung quanh \u0111\u1ea3o b\u1ebfp c\u0169ng c\u1ea7n \u0111\u01b0\u1ee3c gi\u1eef t\u1eeb 1m \u0111\u1ec3 thu\u1eadn ti\u1ec7n cho vi\u1ec7c s\u1eed d\u1ee5ng m\u00e0 kh\u00f4ng g\u00e2y c\u1ea3m gi\u00e1c ch\u1eadt ch\u1ed9i.<\/span><\/li>\n<li style=\"font-weight: 400;\" aria-level=\"1\"><span style=\"font-weight: 400;\">B\u1ed1 tr\u00ed thi\u1ebft b\u1ecb \u0111\u00fang c\u00e1ch: C\u1ea7n s\u1eafp x\u1ebfp c\u00e1c thi\u1ebft b\u1ecb v\u00e0 \u0111\u1ed3 d\u00f9ng trong b\u1ebfp m\u1ed9t c\u00e1ch khoa h\u1ecdc \u0111\u1ec3 thu\u1eadn ti\u1ec7n trong vi\u1ec7c s\u1eed d\u1ee5ng, ch\u1ebf bi\u1ebfn v\u00e0 d\u1ecdn d\u1eb9p. \u0110\u1ed3ng th\u1eddi, c\u00e2n nh\u1eafc c\u00e1c y\u1ebfu t\u1ed1 nh\u01b0 h\u1ec7 th\u1ed1ng tho\u00e1t n\u01b0\u1edbc, \u0111\u01b0\u1eddng \u0111i\u1ec7n v\u00e0 gas, \u0111\u1ea3m b\u1ea3o an to\u00e0n v\u00e0 ti\u1ec7n l\u1ee3i.<\/span><\/li>\n<li style=\"font-weight: 400;\" aria-level=\"1\"><span style=\"font-weight: 400;\">Ch\u1ecdn ch\u1ea5t li\u1ec7u v\u00e0 m\u1eabu m\u00e3 ph\u00f9 h\u1ee3p: C\u1ea7n t\u00ecm ch\u1ea5t li\u1ec7u v\u00e0 m\u1eabu m\u00e3 ph\u00f9 h\u1ee3p v\u1edbi c\u1ea3nh quan chung c\u1ee7a n\u1ed9i th\u1ea5t c\u0103n nh\u00e0. Ch\u1ea5t li\u1ec7u nh\u00f4m n\u1ed9i th\u1ea5t ho\u1eb7c ch\u1ea5t li\u1ec7u inox th\u01b0\u1eddng \u0111\u01b0\u1ee3c \u01b0a chu\u1ed9ng nh\u1edd t\u00ednh \u0111a d\u1ea1ng v\u1ec1 m\u00e0u s\u1eafc, ki\u1ec3u d\u00e1ng v\u00e0 \u0111\u1ed9 b\u1ec1n cao. M\u1eb7t \u0111\u00e1 c\u0169ng l\u00e0 l\u1ef1a ch\u1ecdn ph\u1ed5 bi\u1ebfn v\u1edbi nhi\u1ec1u ki\u1ec3u d\u00e1ng \u0111\u1eb9p m\u1eaft v\u00e0 \u0111\u1ed9 b\u1ec1n cao.<\/span><\/li>\n<li style=\"font-weight: 400;\" aria-level=\"1\"><span style=\"font-weight: 400;\">Chu\u1ea9n b\u1ecb thi\u1ebft b\u1ecb b\u1ed5 sung: T\u00f9y v\u00e0o m\u1ee5c \u0111\u00edch s\u1eed d\u1ee5ng, b\u1ea1n c\u1ea7n chu\u1ea9n b\u1ecb c\u00e1c thi\u1ebft b\u1ecb t\u1ee7 b\u1ebfp h\u1ee3p l\u00fd \u0111\u1ec3 t\u1ed1i \u01b0u h\u00f3a c\u00f4ng n\u0103ng s\u1eed d\u1ee5ng. \u0110i\u1ec1u n\u00e0y \u0111\u1eb7c bi\u1ec7t quan tr\u1ecdng khi l\u1eafp \u0111\u1eb7t \u0111\u1ea3o b\u1ebfp, gi\u00fap b\u1ea1n t\u1eadn d\u1ee5ng t\u1ed1i \u0111a kh\u00f4ng gian v\u00e0 ti\u1ec7n \u00edch c\u1ee7a b\u1ebfp.<\/span><\/li>\n<\/ul>\n<h2 style=\"text-align: justify;\"><strong>5. M\u1ed9t s\u1ed1 m\u1eabu b\u00e0n \u0111\u1ea3o b\u1ebfp \u0111\u1eb9p hi\u1ec7n nay<\/strong><\/h2>\n<figure id=\"attachment_3235\" aria-describedby=\"caption-attachment-3235\" style=\"width: 1280px\" class=\"wp-caption aligncenter\"><img loading=\"lazy\" decoding=\"async\" class=\"wp-image-3235 size-full\" src=\"https:\/\/nhatnam.org\/wp-content\/uploads\/2024\/12\/z6157913144709_c8bee81b5af7c13570fdf07e19265ed0.jpg\" alt=\"\u0110\u1ea3o B\u1ebfp\" width=\"1280\" height=\"960\" \/><figcaption id=\"caption-attachment-3235\" class=\"wp-caption-text\">B\u00e0n \u0111\u1ea3o t\u1ee7 b\u1ebfp nh\u00f4m k\u00ednh<\/figcaption><\/figure>\n<figure id=\"attachment_3222\" aria-describedby=\"caption-attachment-3222\" style=\"width: 1280px\" class=\"wp-caption aligncenter\"><img loading=\"lazy\" decoding=\"async\" class=\"wp-image-3222 size-full\" src=\"https:\/\/nhatnam.org\/wp-content\/uploads\/2024\/12\/z6157910389872_75eadf4b6b52751c1a3dcae2b3e33c23.jpg\" alt=\"\u0111\u1ea3o b\u1ebfp\" width=\"1280\" height=\"960\" \/><figcaption id=\"caption-attachment-3222\" class=\"wp-caption-text\">B\u00e0n \u0111\u1ea3o t\u1ee7 b\u1ebfp inox c\u00e1nh k\u00ednh<\/figcaption><\/figure>\n<figure id=\"attachment_3265\" aria-describedby=\"caption-attachment-3265\" style=\"width: 1280px\" class=\"wp-caption aligncenter\"><img loading=\"lazy\" decoding=\"async\" class=\"wp-image-3265 size-full\" src=\"https:\/\/nhatnam.org\/wp-content\/uploads\/2024\/12\/z6157881059651_31a193deae850b80ac9d42dc71d2e267.jpg\" alt=\"\u0110\u1ea3o B\u1ebfp\" width=\"1280\" height=\"720\" \/><figcaption id=\"caption-attachment-3265\" class=\"wp-caption-text\">B\u00e0n \u0111\u1ea3o t\u1ee7 b\u1ebfp k\u1ebft h\u1ee3p b\u00e0n \u0103n<\/figcaption><\/figure>\n<figure id=\"attachment_2613\" aria-describedby=\"caption-attachment-2613\" style=\"width: 1280px\" class=\"wp-caption aligncenter\"><img loading=\"lazy\" decoding=\"async\" class=\"wp-image-2613\" src=\"https:\/\/nhatnam.org\/wp-content\/uploads\/2024\/12\/image5-300x201.jpg\" alt=\"\u0111\u1ea3o b\u1ebfp\" width=\"1280\" height=\"858\" \/><figcaption id=\"caption-attachment-2613\" class=\"wp-caption-text\">M\u1eabu b\u00e0n \u0111\u1ea3o t\u1ee7 b\u1ebfp thi\u1ebft k\u1ebf \u0111\u01a1n gi\u1ea3n<\/figcaption><\/figure>\n<h2 style=\"text-align: justify;\"><strong>6. N\u1ed9i Th\u1ea5t Nh\u1ea5t Nam- \u0110\u01a1n v\u1ecb t\u01b0 v\u1ea5n, thi\u1ebft k\u1ebf, thi c\u00f4ng \u0111\u1ea3o b\u1ebfp uy t\u00edn ch\u1ea5t l\u01b0\u1ee3ng<\/strong><\/h2>\n<p style=\"text-align: justify;\"><span style=\"font-weight: 400;\">Nh\u1ea5t Nam l\u00e0 \u0111\u1ecba ch\u1ec9 tin c\u1eady d\u00e0nh cho nh\u1eefng ai \u0111ang t\u00ecm ki\u1ebfm gi\u1ea3i ph\u00e1p thi\u1ebft k\u1ebf v\u00e0 l\u1eafp \u0111\u1eb7t \u0111\u1ea3o b\u1ebfp ch\u1ea5t l\u01b0\u1ee3ng cao t\u1ea1i TP.HCM &amp; B\u00ecnh D\u01b0\u01a1ng.<\/span><\/p>\n<p style=\"text-align: justify;\"><span style=\"font-weight: 400;\">V\u1edbi \u0111\u1ed9i ng\u0169 chuy\u00ean gia gi\u00e0u kinh nghi\u1ec7m, ch\u00fang t\u00f4i cam k\u1ebft mang \u0111\u1ebfn cho b\u1ea1n tr\u1ea3i nghi\u1ec7m t\u1ed1i \u01b0u nh\u1ea5t v\u00e0 s\u1ef1 h\u00e0i l\u00f2ng tuy\u1ec7t \u0111\u1ed1i.<\/span><\/p>\n<p style=\"text-align: justify;\"><span style=\"font-weight: 400;\">D\u01b0\u1edbi \u0111\u00e2y l\u00e0 m\u1ed9t s\u1ed1 d\u1ecbch v\u1ee5 m\u00e0 ch\u00fang t\u00f4i cung c\u1ea5p:<\/span><\/p>\n<ul style=\"text-align: justify;\">\n<li style=\"font-weight: 400;\" aria-level=\"1\"><span style=\"font-weight: 400;\">Thi\u1ebft k\u1ebf v\u00e0 l\u1eafp \u0111\u1eb7t \u0111\u1ea3o b\u1ebfp \u0111a d\u1ea1ng: t\u1eeb nh\u1eefng m\u1eabu t\u1ee7 b\u1ebfp nh\u1ecf \u0111\u01a1n gi\u1ea3n, m\u1eabu di \u0111\u1ed9ng linh ho\u1ea1t cho \u0111\u1ebfn nh\u1eefng thi\u1ebft k\u1ebf hi\u1ec7n \u0111\u1ea1i d\u00e0nh cho c\u00e1c c\u0103n nh\u00e0 cao t\u1ea7ng hay nh\u00e0 nh\u1ecf.<\/span><\/li>\n<li style=\"font-weight: 400;\" aria-level=\"1\"><span style=\"font-weight: 400;\">S\u1eed d\u1ee5ng ch\u1ea5t li\u1ec7u n\u1ed9i th\u1ea5t cao c\u1ea5p: Ch\u00fang t\u00f4i s\u1ebd t\u01b0 v\u1ea5n v\u00e0 h\u1ed7 tr\u1ee3 b\u1ea1n ch\u1ecdn l\u1ef1a k\u00edch th\u01b0\u1edbc v\u00e0 m\u1eabu m\u00e3 ph\u00f9 h\u1ee3p nh\u1ea5t, mang l\u1ea1i s\u1ef1 ti\u1ec7n \u00edch v\u00e0 th\u1ea9m m\u1ef9 t\u1ed1i \u0111a cho kh\u00f4ng gian b\u1ebfp c\u1ee7a b\u1ea1n.<\/span><\/li>\n<\/ul>\n<p style=\"text-align: justify;\"><span style=\"font-weight: 400;\">V\u1edbi s\u1ef1 t\u1eadn t\u00e2m v\u00e0 chuy\u00ean nghi\u1ec7p, Nh\u1ea5t Nam cam k\u1ebft mang \u0111\u1ebfn cho b\u1ea1n kh\u00f4ng ch\u1ec9 l\u00e0 m\u1ed9t kh\u00f4ng gian b\u1ebfp \u0111\u1eb9p m\u1eaft m\u00e0 c\u00f2n l\u00e0 n\u01a1i th\u1ec3 hi\u1ec7n phong c\u00e1ch v\u00e0 \u0111\u1eb3ng c\u1ea5p c\u1ee7a gia ch\u1ee7. H\u00e3y li\u00ean h\u1ec7 ngay v\u1edbi ch\u00fang t\u00f4i \u0111\u1ec3 nh\u1eadn \u0111\u01b0\u1ee3c s\u1ef1 t\u01b0 v\u1ea5n v\u00e0 gi\u1ea3i ph\u00e1p t\u1ed1i \u01b0u cho kh\u00f4ng gian b\u1ebfp c\u1ee7a b\u1ea1n!<\/span><\/p>\n","protected":false},"excerpt":{"rendered":"<p>\u0110\u1ea3o b\u1ebfp kh\u00f4ng ch\u1ec9 l\u00e0 n\u01a1i n\u1ea5u n\u01b0\u1edbng, m\u00e0 c\u00f2n l\u00e0 trung t\u00e2m ho\u1ea1t \u0111\u1ed9ng gi\u00fap n\u00e2ng cao c\u00f4ng n\u0103ng cho ng\u01b0\u1eddi s\u1eed d\u1ee5ng. T\u1ea1i Nh\u1ea5t Nam, ch\u00fang t\u00f4i mang \u0111\u1ebfn nh\u1eefng m\u1eabu \u0111\u1ea3o b\u1ebfp \u0111\u1ed9c \u0111\u00e1o, t\u1eeb nh\u1eefng thi\u1ebft k\u1ebf k\u1ebft h\u1ee3p b\u00e0n \u0103n \u0111\u1ebfn nh\u1eefng l\u1ef1a ch\u1ecdn nh\u1ecf g\u1ecdn d\u00e0nh cho kh\u00f4ng gian [&hellip;]<\/p>\n","protected":false},"featured_media":1395,"comment_status":"open","ping_status":"closed","template":"","meta":{"_acf_changed":false,"_gspb_post_css":""},"book-author":[],"product_brand":[],"product_cat":[109],"product_tag":[],"class_list":{"0":"post-1396","1":"product","2":"type-product","3":"status-publish","4":"has-post-thumbnail","6":"product_cat-tu-bep-inox","8":"first","9":"instock","10":"shipping-taxable","11":"product-type-simple"},"acf":[],"_links":{"self":[{"href":"https:\/\/nhatnam.libion.me\/index.php\/wp-json\/wp\/v2\/product\/1396","targetHints":{"allow":["GET"]}}],"collection":[{"href":"https:\/\/nhatnam.libion.me\/index.php\/wp-json\/wp\/v2\/product"}],"about":[{"href":"https:\/\/nhatnam.libion.me\/index.php\/wp-json\/wp\/v2\/types\/product"}],"replies":[{"embeddable":true,"href":"https:\/\/nhatnam.libion.me\/index.php\/wp-json\/wp\/v2\/comments?post=1396"}],"wp:featuredmedia":[{"embeddable":true,"href":"https:\/\/nhatnam.libion.me\/index.php\/wp-json\/wp\/v2\/media\/1395"}],"wp:attachment":[{"href":"https:\/\/nhatnam.libion.me\/index.php\/wp-json\/wp\/v2\/media?parent=1396"}],"wp:term":[{"taxonomy":"book-author","embeddable":true,"href":"https:\/\/nhatnam.libion.me\/index.php\/wp-json\/wp\/v2\/book-author?post=1396"},{"taxonomy":"product_brand","embeddable":true,"href":"https:\/\/nhatnam.libion.me\/index.php\/wp-json\/wp\/v2\/product_brand?post=1396"},{"taxonomy":"product_cat","embeddable":true,"href":"https:\/\/nhatnam.libion.me\/index.php\/wp-json\/wp\/v2\/product_cat?post=1396"},{"taxonomy":"product_tag","embeddable":true,"href":"https:\/\/nhatnam.libion.me\/index.php\/wp-json\/wp\/v2\/product_tag?post=1396"}],"curies":[{"name":"wp","href":"https:\/\/api.w.org\/{rel}","templated":true}]}}