{"id":1384,"date":"2026-04-07T10:06:45","date_gmt":"2026-04-07T10:06:45","guid":{"rendered":"https:\/\/nhatnam.libion.me\/index.php\/product\/tu-quan-ao-chu-u\/"},"modified":"2026-04-07T10:07:15","modified_gmt":"2026-04-07T10:07:15","slug":"tu-quan-ao-chu-u","status":"publish","type":"product","link":"https:\/\/nhatnam.libion.me\/index.php\/product\/tu-quan-ao-chu-u\/","title":{"rendered":"T\u1ee7 Qu\u1ea7n \u00c1o Ch\u1eef U"},"content":{"rendered":"<p style=\"text-align: justify;\">T\u1ee7 qu\u1ea7n \u00e1o ch\u1eef U l\u00e0 l\u1ef1a ch\u1ecdn l\u00fd t\u01b0\u1edfng cho nh\u1eefng kh\u00f4ng gian r\u1ed9ng r\u00e3i, gi\u00fap t\u1ed1i \u01b0u h\u00f3a di\u1ec7n t\u00edch l\u01b0u tr\u1eef v\u00e0 t\u1ea1o s\u1ef1 g\u1ecdn g\u00e0ng, ng\u0103n n\u1eafp. V\u1edbi thi\u1ebft k\u1ebf bao quanh \u0111\u1ed9c \u0111\u00e1o, m\u1eabu t\u1ee7 n\u00e0y mang \u0111\u1ebfn s\u1ef1 ti\u1ec7n nghi, hi\u1ec7n \u0111\u1ea1i v\u00e0 kh\u1ea3 n\u0103ng l\u01b0u tr\u1eef v\u01b0\u1ee3t tr\u1ed9i. D\u00f9 \u0111\u01b0\u1ee3c s\u1eed d\u1ee5ng cho ph\u00f2ng thay \u0111\u1ed3, showroom hay c\u00e1c kh\u00f4ng gian ri\u00eang bi\u1ec7t, t\u1ee7 qu\u1ea7n \u00e1o ch\u1eef U lu\u00f4n l\u00e0 \u0111i\u1ec3m nh\u1ea5n n\u1ed5i b\u1eadt, th\u1ec3 hi\u1ec7n phong c\u00e1ch v\u00e0 gu th\u1ea9m m\u1ef9 c\u1ee7a ng\u01b0\u1eddi s\u1eed d\u1ee5ng.<\/p>\n<h2 style=\"text-align: justify;\"><strong>1. T\u1ee7 qu\u1ea7n \u00e1o ch\u1eef U l\u00e0 g\u00ec?<\/strong><\/h2>\n<p><img loading=\"lazy\" decoding=\"async\" class=\"aligncenter wp-image-4916 size-full\" src=\"https:\/\/nhatnam.org\/wp-content\/uploads\/2024\/12\/ef8d1591a952274844b483aa85cb5d9f.jpg\" alt=\"\" width=\"736\" height=\"491\" \/><\/p>\n<p style=\"text-align: justify;\"><span style=\"font-weight: 300;\">T\u1ee7 qu\u1ea7n \u00e1o ch\u1eef U l\u00e0 gi\u1ea3i ph\u00e1p t\u1ed1i \u01b0u cho vi\u1ec7c t\u1eadn d\u1ee5ng kh\u00f4ng gian g\u00f3c t\u01b0\u1eddng trong ph\u00f2ng ng\u1ee7. V\u1edbi thi\u1ebft k\u1ebf n\u00e0y, b\u1ea1n c\u00f3 th\u1ec3 s\u1eafp x\u1ebfp qu\u1ea7n \u00e1o v\u00e0 ph\u1ee5 ki\u1ec7n m\u1ed9t c\u00e1ch th\u00f4ng minh v\u00e0 ti\u1ec7n l\u1ee3i, gi\u00fap kh\u00f4ng gian ph\u00f2ng ng\u1ee7 tr\u1edf n\u00ean g\u1ecdn g\u00e0ng h\u01a1n.<\/span><\/p>\n<p style=\"text-align: justify;\"><span style=\"font-weight: 300;\">Ch\u1ea5t li\u1ec7u ch\u00ednh th\u01b0\u1eddng l\u00e0 g\u1ed7 c\u00f4ng nghi\u1ec7p, mang l\u1ea1i s\u1ef1 b\u1ec1n ch\u1eafc v\u00e0 \u0111\u1ed9 b\u1ec1n cao trong qu\u00e1 tr\u00ecnh s\u1eed d\u1ee5ng. \u0110\u1ed3ng th\u1eddi, vi\u1ec7c s\u1eed d\u1ee5ng g\u1ed7 c\u00f4ng nghi\u1ec7p c\u0169ng gi\u00fap gi\u1ea3m thi\u1ec3u t\u00ecnh tr\u1ea1ng cong v\u00eanh, m\u1ed1i m\u1ecdt, v\u00e0 t\u1ea1o n\u00ean v\u1ebb \u0111\u1eb9p th\u1ea9m m\u1ef9 cho t\u1ee7.<\/span><\/p>\n<p style=\"text-align: justify;\"><span style=\"font-weight: 300;\">V\u1edbi m\u1ee9c gi\u00e1 ph\u1ea3i ch\u0103ng, t\u1ee7 qu\u1ea7n \u00e1o ch\u1eef U t\u1eeb g\u1ed7 c\u00f4ng nghi\u1ec7p kh\u00f4ng ch\u1ec9 \u0111\u00e1p \u1ee9ng \u0111\u01b0\u1ee3c nhu c\u1ea7u s\u1eed d\u1ee5ng m\u00e0 c\u00f2n mang l\u1ea1i s\u1ef1 ti\u1ebft ki\u1ec7m cho ng\u01b0\u1eddi ti\u00eau d\u00f9ng. \u0110\u00e2y th\u1ef1c s\u1ef1 l\u00e0 l\u1ef1a ch\u1ecdn th\u00f4ng minh cho kh\u00f4ng gian ph\u00f2ng ng\u1ee7 c\u1ee7a b\u1ea1n.<\/span><\/p>\n<h2 style=\"text-align: justify;\"><strong>2. \u01afu v\u00e0 nh\u01b0\u1ee3c \u0111i\u1ec3m c\u1ee7a thi\u1ebft k\u1ebf t\u1ee7 qu\u1ea7n \u00e1o ch\u1eef U<br \/>\n<img loading=\"lazy\" decoding=\"async\" class=\"aligncenter wp-image-4917 size-full\" src=\"https:\/\/nhatnam.org\/wp-content\/uploads\/2024\/12\/f97fd26c121373e0621cbf05178c239e.jpg\" alt=\"T\u1ee7 Qu\u1ea7n \u00c1o Ch\u1eef U\" width=\"736\" height=\"736\" \/><br \/>\n<\/strong><\/h2>\n<h3 style=\"text-align: justify;\"><span style=\"font-weight: 400;\">2.1 \u01afu \u0111i\u1ec3m<\/span><\/h3>\n<ul style=\"text-align: justify;\">\n<li style=\"font-weight: 400;\" aria-level=\"1\"><span style=\"font-weight: 300;\">T\u1ee7 qu\u1ea7n \u00e1o ch\u1eef U C\u00f3 s\u1ee9c ch\u1ee9a l\u1edbn, <\/span><span style=\"font-weight: 300;\">v\u1edbi thi\u1ebft k\u1ebf th\u00f4ng minh, b\u1ea1n c\u00f3 th\u1ec3 d\u1ec5 d\u00e0ng s\u1eafp x\u1ebfp v\u00e0 b\u00e0y tr\u00ed qu\u1ea7n \u00e1o, t\u00fai x\u00e1ch, gi\u00e0y d\u00e9p m\u1ed9t c\u00e1ch ti\u1ec7n l\u1ee3i v\u00e0 ng\u0103n n\u1eafp, t\u1ed1i \u01b0u h\u00f3a kh\u00f4ng gian cho c\u0103n ph\u00f2ng.<\/span><\/li>\n<li style=\"font-weight: 300;\" aria-level=\"1\"><span style=\"font-weight: 300;\">D\u1ec5 ph\u00e2n chia, l\u01b0u tr\u1eef, t\u00ecm ki\u1ebfm \u0111\u1ed3 \u0111\u1ea1c trong t\u1ee7 gi\u00fap t\u0103ng t\u00ednh th\u1ea9m m\u1ef9<\/span><\/li>\n<li style=\"font-weight: 300;\" aria-level=\"1\"><span style=\"font-weight: 300;\">Ti\u1ebft ki\u1ec7m kh\u00f4ng gian, t\u1eadn d\u1ee5ng t\u1ed1i \u0111a kh\u00f4ng gian trong ph\u00f2ng ng\u1ee7<\/span><\/li>\n<\/ul>\n<h3 style=\"text-align: justify;\"><span style=\"font-weight: 400;\">2.2 Nh\u01b0\u1ee3c \u0111i\u1ec3m<\/span><\/h3>\n<ul style=\"text-align: justify;\">\n<li style=\"font-weight: 300;\" aria-level=\"1\"><span style=\"font-weight: 300;\">N\u00ean ch\u00fa \u00fd \u0111\u1ebfn k\u00edch th\u01b0\u1edbc, v\u00ec n\u1ebfu s\u1eed d\u1ee5ng k\u00edch th\u01b0\u1edbc kh\u00f4ng ph\u00f9 h\u1ee3p s\u1ebd g\u00e2y m\u1ea5t th\u1ea9m m\u1ef9, m\u1ea5t \u0111i nhi\u1ec1u c\u00f4ng n\u0103ng c\u1ee7a n\u00f3.<\/span><\/li>\n<li style=\"font-weight: 300;\" aria-level=\"1\"><span style=\"font-weight: 300;\">N\u1ebfu k\u00edch th\u01b0\u1edbc qu\u00e1 l\u1edbn l\u00e0m cho c\u0103n ph\u00f2ng tr\u1edf n\u00ean ch\u1eadt ch\u1ed9i, chi\u1ebfm nhi\u1ec1u di\u1ec7n t\u00edch<\/span><\/li>\n<li style=\"font-weight: 300;\" aria-level=\"1\"><span style=\"font-weight: 300;\">L\u1ef1a ch\u1ecdn m\u00e0u t\u1ee7 ph\u00f9 h\u1ee3p, n\u00ean ch\u1ecdn nh\u1eefng gam m\u00e0u ph\u00f9 h\u1ee3p v\u1edbi kh\u00f4ng gian n\u1ed9i th\u1ea5t, \u0111\u1eb7c bi\u1ec7t l\u00e0 nh\u1eefng gam m\u00e0u s\u00e1ng, tr\u00e1nh c\u00e1c gam m\u00e0u t\u1ed1i.<\/span><\/li>\n<\/ul>\n<h2 style=\"text-align: justify;\"><strong>3. T\u1ea1i sao n\u00ean ch\u1ecdn t\u1ee7 qu\u1ea7n \u00e1o h\u00ecnh ch\u1eef U<br \/>\n<img loading=\"lazy\" decoding=\"async\" class=\"aligncenter wp-image-4915 size-full\" src=\"https:\/\/nhatnam.org\/wp-content\/uploads\/2024\/12\/cec38d62a2e5b60f2d0e68cf912cf70d.jpg\" alt=\"\" width=\"736\" height=\"1104\" \/><br \/>\n<\/strong><\/h2>\n<h3 style=\"text-align: justify;\"><strong>3.1 M\u1eabu m\u00e3 \u0111a d\u1ea1ng<\/strong><\/h3>\n<p style=\"text-align: justify;\"><span style=\"font-weight: 300;\">V\u1edbi t\u1ee7 qu\u1ea7n \u00e1o ch\u1eef U, b\u1ea1n s\u1ebd kh\u00e1m ph\u00e1 m\u1ed9t lo\u1ea1t c\u00e1c m\u1eabu m\u00e3 \u0111a d\u1ea1ng phong ph\u00fa \u0111\u1ec3 l\u1ef1a ch\u1ecdn. T\u1eeb c\u00e1c ki\u1ec3u d\u00e1ng hi\u1ec7n \u0111\u1ea1i \u0111\u1ebfn truy\u1ec1n th\u1ed1ng, t\u1ee7 qu\u1ea7n \u00e1o ch\u1eef U mang \u0111\u1ebfn s\u1ef1 \u0111a d\u1ea1ng v\u1ec1 thi\u1ebft k\u1ebf, ch\u1ea5t li\u1ec7u v\u00e0 m\u00e0u s\u1eafc. B\u1ea1n c\u00f3 th\u1ec3 d\u1ec5 d\u00e0ng t\u00ecm th\u1ea5y m\u1eabu t\u1ee7 ph\u1ea3n \u00e1nh phong c\u00e1ch c\u00e1 nh\u00e2n v\u00e0 ph\u00f9 h\u1ee3p v\u1edbi kh\u00f4ng gian n\u1ed9i th\u1ea5t c\u1ee7a b\u1ea1n m\u1ed9t c\u00e1ch ho\u00e0n h\u1ea3o. \u0110\u1eebng ng\u1ea7n ng\u1ea1i kh\u00e1m ph\u00e1 c\u00e1c t\u00f9y ch\u1ecdn \u0111a d\u1ea1ng n\u00e0y \u0111\u1ec3 bi\u1ebfn ph\u00f2ng ng\u1ee7 c\u1ee7a b\u1ea1n tr\u1edf n\u00ean \u0111\u1eb9p m\u1eaft v\u00e0 ti\u1ec7n nghi.<\/span><\/p>\n<h3 style=\"text-align: justify;\"><strong>3.2 S\u1ee9c ch\u1ee9a l\u1edbn<\/strong><\/h3>\n<p style=\"text-align: justify;\"><span style=\"font-weight: 300;\">V\u1edbi t\u1ee7 qu\u1ea7n \u00e1o ch\u1eef U, s\u1ee9c ch\u1ee9a l\u1edbn l\u00e0 m\u1ed9t trong nh\u1eefng \u0111i\u1ec3m n\u1ed5i b\u1eadt thu h\u00fat ng\u01b0\u1eddi ti\u00eau d\u00f9ng. Thi\u1ebft k\u1ebf th\u00f4ng minh c\u1ee7a t\u1ee7 gi\u00fap t\u1ed1i \u01b0u h\u00f3a kh\u00f4ng gian l\u01b0u tr\u1eef, cho ph\u00e9p b\u1ea1n s\u1eafp x\u1ebfp m\u1ed9t c\u00e1ch ng\u0103n n\u1eafp v\u00e0 hi\u1ec7u qu\u1ea3. \u0110i\u1ec1u n\u00e0y gi\u00fap b\u1ea1n d\u1ec5 d\u00e0ng l\u01b0u tr\u1eef v\u00e0 b\u1ea3o qu\u1ea3n qu\u1ea7n \u00e1o, ph\u1ee5 ki\u1ec7n v\u00e0 \u0111\u1ed3 d\u00f9ng c\u00e1 nh\u00e2n m\u00e0 kh\u00f4ng lo l\u1eafng v\u1ec1 vi\u1ec7c thi\u1ebfu kh\u00f4ng gian.<\/span><\/p>\n<h3 style=\"text-align: justify;\"><strong>3.3 T\u00ednh th\u1ea9m m\u1ef9 cao<\/strong><\/h3>\n<p style=\"text-align: justify;\"><span style=\"font-weight: 300;\">T\u1ee7 qu\u1ea7n \u00e1o ch\u1eef U kh\u00f4ng ch\u1ec9 l\u00e0 m\u1ed9t gi\u1ea3i ph\u00e1p l\u01b0u tr\u1eef th\u00f4ng minh m\u00e0 c\u00f2n mang l\u1ea1i t\u00ednh th\u1ea9m m\u1ef9 cao cho kh\u00f4ng gian n\u1ed9i th\u1ea5t. V\u1edbi thi\u1ebft k\u1ebf \u0111\u1ed9c \u0111\u00e1o v\u00e0 hi\u1ec7n \u0111\u1ea1i, t\u1ee7 ch\u1eef U t\u1ea1o \u0111i\u1ec3m nh\u1ea5n \u0111\u1eb9p m\u1eaft cho ph\u00f2ng ng\u1ee7. S\u1ef1 k\u1ebft h\u1ee3p h\u00e0i h\u00f2a gi\u1eefa c\u00e1c \u0111\u01b0\u1eddng cong v\u00e0 g\u00f3c c\u1ea1nh t\u1ea1o n\u00ean m\u1ed9t v\u1ebb \u0111\u1eb9p thanh l\u1ecbch v\u00e0 sang tr\u1ecdng, l\u00e0m t\u00f4n l\u00ean n\u00e9t \u0111\u1eb9p t\u1ef1 nhi\u00ean c\u1ee7a kh\u00f4ng gian s\u1ed1ng.<\/span><\/p>\n<h2 style=\"text-align: justify;\"><strong>4. \u0110\u01a1n v\u1ecb thi c\u00f4ng t\u1ee7 qu\u1ea7n \u00e1o ch\u1eef U uy t\u00edn<br \/>\n<\/strong><\/h2>\n<p style=\"text-align: justify;\"><span style=\"font-weight: 300;\">B\u1ea1n \u0111ang t\u00ecm ki\u1ebfm \u0111\u01a1n v\u1ecb thi c\u00f4ng t\u1ee7 qu\u1ea7n \u00e1o ch\u1eef U n\u1ed9i th\u1ea5t h\u00e0ng \u0111\u1ea7u? V\u1edbi nhi\u1ec1u n\u0103m kinh nghi\u1ec7m v\u00e0 chuy\u00ean m\u00f4n, <strong>N\u1ed9i Th\u1ea5t Nh\u1ea5t Nam<\/strong> cam k\u1ebft mang \u0111\u1ebfn cho b\u1ea1n nh\u1eefng s\u1ea3n ph\u1ea9m ch\u1ea5t l\u01b0\u1ee3ng v\u00e0 d\u1ecbch v\u1ee5 t\u1ed1t nh\u1ea5t. V\u1edbi \u0111\u1ed9i ng\u0169 th\u1ee3 l\u00e0nh ngh\u1ec1 v\u00e0 s\u1ef1 t\u1eadn t\u00e2m, ch\u00fang t\u00f4i s\u1ebd bi\u1ebfn \u00fd t\u01b0\u1edfng c\u1ee7a b\u1ea1n th\u00e0nh hi\u1ec7n th\u1ef1c, t\u1ea1o ra kh\u00f4ng gian l\u01b0u tr\u1eef t\u1ed1i \u01b0u v\u00e0 th\u1ea9m m\u1ef9 cho c\u0103n ph\u00f2ng c\u1ee7a b\u1ea1n. H\u00e3y li\u00ean h\u1ec7 v\u1edbi ch\u00fang t\u00f4i ngay h\u00f4m nay \u0111\u1ec3 \u0111\u01b0\u1ee3c t\u01b0 v\u1ea5n v\u00e0 h\u1ed7 tr\u1ee3 t\u1ed1t nh\u1ea5t!<\/span><\/p>\n<h2 style=\"text-align: justify;\"><strong>5. Tham kh\u1ea3o m\u1ed9t s\u1ed1 m\u1eabu t\u1ee7 qu\u1ea7n \u00e1o h\u00ecnh ch\u1eef U \u0111\u1eb9p<\/strong><\/h2>\n<p>T\u1ee7 qu\u1ea7n \u00e1o h\u00ecnh ch\u1eef U l\u00e0 l\u1ef1a ch\u1ecdn l\u00fd t\u01b0\u1edfng cho kh\u00f4ng gian r\u1ed9ng, gi\u00fap t\u1ed1i \u01b0u di\u1ec7n t\u00edch l\u01b0u tr\u1eef v\u00e0 t\u1ea1o s\u1ef1 sang tr\u1ecdng, ti\u1ec7n nghi. D\u01b0\u1edbi \u0111\u00e2y l\u00e0 m\u1ed9t s\u1ed1 m\u1eabu \u0111\u1eb9p, hi\u1ec7n \u0111\u1ea1i:<br \/>\n<img loading=\"lazy\" decoding=\"async\" class=\"aligncenter wp-image-4914 size-full\" src=\"https:\/\/nhatnam.org\/wp-content\/uploads\/2024\/12\/a000da02de1cfb885c804a480972d19f.jpg\" alt=\"\" width=\"736\" height=\"920\" \/><\/p>\n<p><img loading=\"lazy\" decoding=\"async\" class=\"aligncenter wp-image-4913 size-full\" src=\"https:\/\/nhatnam.org\/wp-content\/uploads\/2024\/12\/286384c70fb8da0e716e32ff716ef415.jpg\" alt=\"\" width=\"736\" height=\"736\" \/><\/p>\n<p><img loading=\"lazy\" decoding=\"async\" class=\"aligncenter wp-image-4912 size-full\" src=\"https:\/\/nhatnam.org\/wp-content\/uploads\/2024\/12\/02311baeab1eb0406b717684dc27d750.jpg\" alt=\"\" width=\"736\" height=\"824\" \/><\/p>\n<p><img loading=\"lazy\" decoding=\"async\" class=\"aligncenter wp-image-4911 size-full\" src=\"https:\/\/nhatnam.org\/wp-content\/uploads\/2024\/12\/1263c8b7948dea0467dc19e0bf4cd6ba.jpg\" alt=\"\" width=\"736\" height=\"736\" \/><\/p>\n<p><img loading=\"lazy\" decoding=\"async\" class=\"aligncenter wp-image-4910 size-full\" src=\"https:\/\/nhatnam.org\/wp-content\/uploads\/2024\/12\/38d9d743b572dcb3ad4613fab372ef30.jpg\" alt=\"\" width=\"736\" height=\"736\" \/><\/p>\n<p><img loading=\"lazy\" decoding=\"async\" class=\"aligncenter wp-image-4909 size-full\" src=\"https:\/\/nhatnam.org\/wp-content\/uploads\/2024\/12\/30dd6bbd1e21163433741b92aae421e9.jpg\" alt=\"\" width=\"736\" height=\"720\" \/><\/p>\n<p><img loading=\"lazy\" decoding=\"async\" class=\"aligncenter wp-image-4908 size-full\" src=\"https:\/\/nhatnam.org\/wp-content\/uploads\/2024\/12\/1f7e8c0c1efeed1d4ec46752816d0fc8.jpg\" alt=\"T\u1ee7 qu\u1ea7n \u00e1o h\u00ecnh ch\u1eef U\" width=\"736\" height=\"736\" \/><\/p>\n<p style=\"text-align: justify;\">\n","protected":false},"excerpt":{"rendered":"<p style=\"text-align: justify;\">T\u1ee7 qu\u1ea7n \u00e1o ch\u1eef U l\u00e0 l\u1ef1a ch\u1ecdn l\u00fd t\u01b0\u1edfng cho nh\u1eefng kh\u00f4ng gian r\u1ed9ng r\u00e3i, gi\u00fap t\u1ed1i \u01b0u h\u00f3a di\u1ec7n t\u00edch l\u01b0u tr\u1eef v\u00e0 t\u1ea1o s\u1ef1 g\u1ecdn g\u00e0ng, ng\u0103n n\u1eafp. V\u1edbi thi\u1ebft k\u1ebf bao quanh \u0111\u1ed9c \u0111\u00e1o, m\u1eabu t\u1ee7 n\u00e0y mang \u0111\u1ebfn s\u1ef1 ti\u1ec7n nghi, hi\u1ec7n \u0111\u1ea1i v\u00e0 kh\u1ea3 n\u0103ng l\u01b0u tr\u1eef v\u01b0\u1ee3t tr\u1ed9i. D\u00f9 \u0111\u01b0\u1ee3c s\u1eed d\u1ee5ng cho ph\u00f2ng thay \u0111\u1ed3, showroom hay c\u00e1c kh\u00f4ng gian ri\u00eang bi\u1ec7t, t\u1ee7 qu\u1ea7n \u00e1o ch\u1eef U lu\u00f4n l\u00e0 \u0111i\u1ec3m nh\u1ea5n n\u1ed5i b\u1eadt, th\u1ec3 hi\u1ec7n phong c\u00e1ch v\u00e0 gu th\u1ea9m m\u1ef9 c\u1ee7a ng\u01b0\u1eddi s\u1eed d\u1ee5ng<\/p>\n","protected":false},"featured_media":1383,"comment_status":"open","ping_status":"closed","template":"","meta":{"_acf_changed":false,"_gspb_post_css":""},"book-author":[],"product_brand":[],"product_cat":[104,105,106,107,108],"product_tag":[],"class_list":{"0":"post-1384","1":"product","2":"type-product","3":"status-publish","4":"has-post-thumbnail","6":"product_cat-noi-that-phong-ngu","7":"product_cat-tu-ao-canh-kinh-cua-lua","8":"product_cat-tu-ao-canh-kinh-cua-mo","9":"product_cat-tu-quan-ao-go-mdf","10":"product_cat-tu-quan-ao-nhom-hop-kim","12":"first","13":"instock","14":"shipping-taxable","15":"product-type-simple"},"acf":[],"_links":{"self":[{"href":"https:\/\/nhatnam.libion.me\/index.php\/wp-json\/wp\/v2\/product\/1384","targetHints":{"allow":["GET"]}}],"collection":[{"href":"https:\/\/nhatnam.libion.me\/index.php\/wp-json\/wp\/v2\/product"}],"about":[{"href":"https:\/\/nhatnam.libion.me\/index.php\/wp-json\/wp\/v2\/types\/product"}],"replies":[{"embeddable":true,"href":"https:\/\/nhatnam.libion.me\/index.php\/wp-json\/wp\/v2\/comments?post=1384"}],"wp:featuredmedia":[{"embeddable":true,"href":"https:\/\/nhatnam.libion.me\/index.php\/wp-json\/wp\/v2\/media\/1383"}],"wp:attachment":[{"href":"https:\/\/nhatnam.libion.me\/index.php\/wp-json\/wp\/v2\/media?parent=1384"}],"wp:term":[{"taxonomy":"book-author","embeddable":true,"href":"https:\/\/nhatnam.libion.me\/index.php\/wp-json\/wp\/v2\/book-author?post=1384"},{"taxonomy":"product_brand","embeddable":true,"href":"https:\/\/nhatnam.libion.me\/index.php\/wp-json\/wp\/v2\/product_brand?post=1384"},{"taxonomy":"product_cat","embeddable":true,"href":"https:\/\/nhatnam.libion.me\/index.php\/wp-json\/wp\/v2\/product_cat?post=1384"},{"taxonomy":"product_tag","embeddable":true,"href":"https:\/\/nhatnam.libion.me\/index.php\/wp-json\/wp\/v2\/product_tag?post=1384"}],"curies":[{"name":"wp","href":"https:\/\/api.w.org\/{rel}","templated":true}]}}