{"id":1378,"date":"2026-04-07T10:06:29","date_gmt":"2026-04-07T10:06:29","guid":{"rendered":"https:\/\/nhatnam.libion.me\/index.php\/product\/tu-bep-inox-caro-3-lop-he-module\/"},"modified":"2026-04-07T10:06:44","modified_gmt":"2026-04-07T10:06:44","slug":"tu-bep-inox-caro-3-lop-he-module","status":"publish","type":"product","link":"https:\/\/nhatnam.libion.me\/product\/tu-bep-inox-caro-3-lop-he-module\/","title":{"rendered":"T\u1ee7 b\u1ebfp Inox caro 3 l\u1edbp h\u1ec7 module"},"content":{"rendered":"<p style=\"text-align: justify;\">T\u1ee7 b\u1ebfp inox Caro 3 l\u1edbp h\u1ec7 module l\u00e0 \u0111i\u1ec3m nh\u1ea5n ti\u1ec7n \u00edch v\u00e0 th\u1ea9m m\u1ef9 trong kh\u00f4ng gian b\u1ebfp. Trong b\u00e0i vi\u1ebft n\u00e0y, ch\u00fang t\u00f4i s\u1ebd gi\u1edbi thi\u1ec7u s\u1ea3n ph\u1ea9m t\u1eeb th\u01b0\u01a1ng hi\u1ec7u uy t\u00edn N\u1ed9i Th\u1ea5t Nh\u1ea5t Nam.<\/p>\n<h2 style=\"text-align: justify;\"><b>1. T\u1ee7 b\u1ebfp Inox Caro 3 l\u1edbp h\u1ec7 module l\u00e0 g\u00ec? <\/b><img loading=\"lazy\" decoding=\"async\" class=\"aligncenter wp-image-3111 size-full\" src=\"https:\/\/nhatnam.org\/wp-content\/uploads\/2024\/12\/tu-bep-inox-2.jpg\" alt=\"T\u1ee7 b\u1ebfp Inox caro 3 l\u1edbp h\u1ec7 module\" width=\"1200\" height=\"630\" \/><\/h2>\n<p style=\"text-align: justify;\"><span style=\"font-weight: 400;\">T\u1ee7 b\u1ebfp Caro 3 l\u1edbp h\u1ec7 module l\u00e0 m\u1ed9t s\u1ea3n ph\u1ea9m t\u1ee7 b\u1ebfp cao c\u1ea5p, n\u1ed5i b\u1eadt v\u1edbi b\u1ec1 m\u1eb7t inox c\u00f3 v\u00e2n caro \u0111\u1ed9c \u0111\u00e1o, t\u1ea1o \u0111i\u1ec3m nh\u1ea5n th\u1ea9m m\u1ef9 v\u00e0 phong c\u00e1ch cho kh\u00f4ng gian b\u1ebfp. \u0110\u01b0\u1ee3c thi\u1ebft k\u1ebf v\u1edbi ba l\u1edbp t\u1ee7, s\u1ea3n ph\u1ea9m n\u00e0y mang l\u1ea1i kh\u00f4ng gian l\u01b0u tr\u1eef linh ho\u1ea1t v\u00e0 ti\u1ec7n \u00edch. C\u1ea5u tr\u00fac c\u1ee7a n\u00f3 bao g\u1ed3m c\u00e1c module t\u1ee7 \u0111\u1ed9c l\u1eadp c\u00f3 th\u1ec3 k\u1ebft h\u1ee3p v\u00e0 s\u1eafp x\u1ebfp t\u00f9y theo nhu c\u1ea7u s\u1eed d\u1ee5ng v\u00e0 kh\u00f4ng gian b\u1ebfp.<\/span><\/p>\n<h2 style=\"text-align: justify;\"><b>2. C\u1ea5u tr\u00fac c\u1ee7a T\u1ee7 b\u1ebfp Inox caro 3 l\u1edbp h\u1ec7 module<\/b><\/h2>\n<p style=\"text-align: justify;\"><span style=\"font-weight: 400;\">T\u1ee7 b\u1ebfp Caro 3 l\u1edbp h\u1ec7 module \u0111\u01b0\u1ee3c thi\u1ebft k\u1ebf v\u1edbi ba l\u1edbp ch\u00ednh:<\/span><\/p>\n<ul style=\"text-align: justify;\">\n<li style=\"font-weight: 400;\" aria-level=\"1\"><span style=\"font-weight: 400;\">L\u1edbp tr\u00ean: Ph\u1ea7n n\u00e0y l\u00e0 l\u1edbp g\u1ea7n nh\u1ea5t v\u1edbi ng\u01b0\u1eddi s\u1eed d\u1ee5ng v\u00e0 th\u01b0\u1eddng \u0111\u01b0\u1ee3c l\u00e0m t\u1eeb inox v\u1edbi m\u1ed9t l\u1edbp ph\u1ee7 v\u00e2n caro \u0111\u1ed9c \u0111\u00e1o. \u0110i\u1ec1u n\u00e0y kh\u00f4ng ch\u1ec9 t\u1ea1o \u0111i\u1ec3m nh\u1ea5n th\u1ea9m m\u1ef9 m\u00e0 c\u00f2n l\u00e0m cho b\u1ec1 m\u1eb7t c\u1ee7a t\u1ee7 b\u1ebfp tr\u1edf n\u00ean ch\u1ed1ng x\u01b0\u1edbc v\u00e0 d\u1ec5 lau ch\u00f9i h\u01a1n. L\u00e0 kh\u00f4ng gian l\u01b0u tr\u1eef ch\u00ednh cho c\u00e1c v\u1eadt d\u1ee5ng nh\u01b0 ch\u00e9n \u0111\u0129a, ly c\u1ed1c v\u00e0 \u0111\u1ed3 d\u00f9ng nh\u00e0 b\u1ebfp nh\u1ecf.\u00a0<\/span><\/li>\n<li style=\"font-weight: 400;\" aria-level=\"1\"><span style=\"font-weight: 400;\">L\u1edbp gi\u1eefa: Bao g\u1ed3m c\u00e1c ng\u0103n k\u00e9o v\u00e0 k\u1ec7 d\u00e0nh cho c\u00e1c v\u1eadt d\u1ee5ng n\u1eb7ng h\u01a1n nh\u01b0 n\u1ed3i, ch\u1ea3o v\u00e0 d\u1ee5ng c\u1ee5 n\u1ea5u n\u01b0\u1edbng. C\u1ea5u tr\u00fac ch\u1eafc ch\u1eafn v\u00e0 \u0111a d\u1ea1ng c\u1ee7a c\u00e1c ng\u0103n k\u00e9o v\u00e0 k\u1ec7 gi\u00fap t\u1ed5 ch\u1ee9c v\u00e0 b\u1ea3o qu\u1ea3n d\u1ee5ng c\u1ee5 n\u1ea5u n\u01b0\u1edbng m\u1ed9t c\u00e1ch hi\u1ec7u qu\u1ea3.<\/span><\/li>\n<li style=\"font-weight: 400;\" aria-level=\"1\"><span style=\"font-weight: 400;\">L\u1edbp d\u01b0\u1edbi: L\u00e0 kh\u00f4ng gian l\u01b0u tr\u1eef cho c\u00e1c thi\u1ebft b\u1ecb \u0111i\u1ec7n t\u1eed l\u1edbn nh\u01b0 l\u00f2 n\u01b0\u1edbng, l\u00f2 vi s\u00f3ng v\u00e0 m\u00e1y r\u1eeda b\u00e1t. Ngo\u00e0i ra, l\u1edbp d\u01b0\u1edbi c\u00f2n c\u00f3 th\u1ec3 bao g\u1ed3m khoang v\u00e0 h\u1ec7 th\u1ed1ng l\u01b0u tr\u1eef linh ho\u1ea1t \u0111\u1ec3 t\u1ed5 ch\u1ee9c c\u00e1c v\u1eadt d\u1ee5ng l\u1edbn v\u00e0 nh\u1ecf kh\u00e1c nhau.<\/span><\/li>\n<\/ul>\n<p style=\"text-align: justify;\"><span style=\"font-weight: 400;\">C\u1ea5u tr\u00fac h\u1ec7 module linh ho\u1ea1t cho ph\u00e9p ng\u01b0\u1eddi d\u00f9ng t\u00f9y ch\u1ec9nh v\u00e0 s\u1eafp x\u1ebfp c\u00e1c module theo nhu c\u1ea7u v\u00e0 kh\u00f4ng gian s\u1eed d\u1ee5ng c\u1ee5 th\u1ec3 c\u1ee7a h\u1ecd. \u0110i\u1ec1u n\u00e0y gi\u00fap t\u1ed1i \u01b0u h\u00f3a kh\u00f4ng gian b\u1ebfp v\u00e0 t\u1ea1o ra m\u1ed9t kh\u00f4ng gian l\u01b0u tr\u1eef ti\u1ec7n \u00edch v\u00e0 hi\u1ec7n \u0111\u1ea1i.<\/span><\/p>\n<h2 style=\"text-align: justify;\"><b>3. \u01afu \u0111i\u1ec3m<\/b><\/h2>\n<ul style=\"text-align: justify;\">\n<li style=\"font-weight: 400;\" aria-level=\"1\"><span style=\"font-weight: 400;\">T\u00ednh linh ho\u1ea1t cao: V\u1edbi c\u1ea5u tr\u00fac module, t\u1ee7 b\u1ebfp Caro 3 l\u1edbp cho ph\u00e9p ng\u01b0\u1eddi d\u00f9ng t\u1ef1 do l\u1ef1a ch\u1ecdn v\u00e0 s\u1eafp x\u1ebfp kh\u00f4ng gian b\u1ebfp theo \u00fd mu\u1ed1n.<\/span><\/li>\n<li style=\"font-weight: 400;\" aria-level=\"1\"><span style=\"font-weight: 400;\">Thi\u1ebft k\u1ebf hi\u1ec7n \u0111\u1ea1i, \u0111\u01b0\u1ee3c ch\u0103m ch\u00fat trong t\u1eebng chi ti\u1ebft, mang l\u1ea1i v\u1ebb \u0111\u1eb9p hi\u1ec7n \u0111\u1ea1i v\u00e0 sang tr\u1ecdng cho c\u0103n b\u1ebfp.<\/span><\/li>\n<li style=\"font-weight: 400;\" aria-level=\"1\"><span style=\"font-weight: 400;\">B\u1ec1n b\u1ec9 v\u00e0 \u0111\u1eb9p b\u1ec1n v\u1eefng: V\u1edbi inox v\u00e0 v\u00e2n caro \u0111\u1ed9c \u0111\u00e1o, t\u1ee7 b\u1ebfp Caro 3 l\u1edbp kh\u00f4ng ch\u1ec9 b\u1ec1n b\u1ec9 m\u00e0 c\u00f2n gi\u1eef \u0111\u01b0\u1ee3c v\u1ebb \u0111\u1eb9p s\u00e1ng b\u00f3ng qua th\u1eddi gian.<\/span><\/li>\n<li style=\"font-weight: 400;\" aria-level=\"1\"><span style=\"font-weight: 400;\">Ch\u1ed1ng \u0103n m\u00f2n v\u00e0 kh\u00f4ng g\u1ec9: Inox ch\u1ed1ng \u0103n m\u00f2n v\u00e0 kh\u00f4ng g\u1ec9, gi\u1eef cho t\u1ee7 b\u1ebfp lu\u00f4n m\u1edbi m\u1ebb v\u00e0 b\u1ec1n \u0111\u1eb9p.<\/span><\/li>\n<li style=\"font-weight: 400;\" aria-level=\"1\"><span style=\"font-weight: 400;\">D\u1ec5 v\u1ec7 sinh v\u00e0 b\u1ea3o d\u01b0\u1ee1ng: B\u1ec1 m\u1eb7t inox gi\u00fap t\u1ee7 b\u1ebfp d\u1ec5 d\u00e0ng v\u1ec7 sinh v\u00e0 ng\u0103n ng\u1eeba s\u1ef1 ph\u00e1t tri\u1ec3n c\u1ee7a vi khu\u1ea9n.<\/span><\/li>\n<li style=\"font-weight: 400;\" aria-level=\"1\"><span style=\"font-weight: 400;\">Ch\u1ecbu nhi\u1ec7t cao v\u00e0 kh\u00f4ng ch\u00e1y: T\u1ee7 b\u1ebfp Caro 3 l\u1edbp h\u1ec7 module ch\u1ecbu nhi\u1ec7t t\u1ed1t v\u00e0 kh\u00f4ng ch\u00e1y, \u0111\u1ea3m b\u1ea3o an to\u00e0n khi s\u1eed d\u1ee5ng.<\/span><\/li>\n<li style=\"font-weight: 400;\" aria-level=\"1\"><span style=\"font-weight: 400;\">Kh\u00f4ng m\u1ed1i m\u1ecdt: Inox kh\u00f4ng m\u1ed1i m\u1ecdt, gi\u1eef cho t\u1ee7 b\u1ebfp lu\u00f4n s\u1ea1ch s\u1ebd v\u00e0 an to\u00e0n cho s\u1ee9c kh\u1ecfe.<\/span><\/li>\n<\/ul>\n<h2 style=\"text-align: justify;\"><b>4. Nh\u01b0\u1ee3c \u0111i\u1ec3m<\/b><\/h2>\n<ul style=\"text-align: justify;\">\n<li style=\"font-weight: 400;\" aria-level=\"1\"><span style=\"font-weight: 400;\">Gi\u00e1 th\u00e0nh cao: Do t\u00ednh n\u0103ng linh ho\u1ea1t v\u00e0 ch\u1ea5t l\u01b0\u1ee3ng cao, t\u1ee7 b\u1ebfp Caro 3 l\u1edbp c\u00f3 gi\u00e1 th\u00e0nh cao h\u01a1n so v\u1edbi c\u00e1c lo\u1ea1i t\u1ee7 b\u1ebfp kh\u00e1c. \u0110i\u1ec1u n\u00e0y c\u00f3 th\u1ec3 l\u00e0 m\u1ed9t r\u00e0o c\u1ea3n \u0111\u1ed1i v\u1edbi nh\u1eefng gia \u0111\u00ecnh c\u00f3 ng\u00e2n s\u00e1ch h\u1ea1n ch\u1ebf.<\/span><\/li>\n<li style=\"font-weight: 400;\" aria-level=\"1\"><span style=\"font-weight: 400;\">D\u1ec5 b\u00e1m v\u00e2n tay v\u00e0 b\u1ea9n: B\u1ec1 m\u1eb7t inox c\u00f3 kh\u1ea3 n\u0103ng b\u00e1m d\u1ea5u v\u00e2n tay v\u00e0 b\u1ee5i b\u1ea9n kh\u00e1 cao, \u0111\u00f2i h\u1ecfi vi\u1ec7c lau ch\u00f9i th\u01b0\u1eddng xuy\u00ean \u0111\u1ec3 duy tr\u00ec v\u1ebb \u0111\u1eb9p c\u1ee7a b\u1ec1 m\u1eb7t.<\/span><\/li>\n<li style=\"font-weight: 400;\" aria-level=\"1\"><span style=\"font-weight: 400;\">D\u1ec5 b\u00e1m v\u1ebft n\u01b0\u1edbc v\u00e0 v\u1ebft c\u1ee9ng: B\u1ec1 m\u1eb7t inox c\u00f3 th\u1ec3 d\u1ec5 b\u00e1m v\u1ebft n\u01b0\u1edbc v\u00e0 v\u1ebft c\u1ee9ng khi \u0111\u1ec3 l\u00e2u kh\u00f4ng lau ch\u00f9i, l\u00e0m gi\u1ea3m v\u1ebb \u0111\u1eb9p v\u00e0 s\u1ef1 s\u1ea1ch s\u1ebd c\u1ee7a t\u1ee7 b\u1ebfp.<\/span><\/li>\n<li style=\"font-weight: 400;\" aria-level=\"1\"><span style=\"font-weight: 400;\">D\u1ec5 b\u1ecb x\u01b0\u1edbc v\u00e0 tr\u1ea7y: Inox c\u00f3 \u0111\u1ed9 c\u1ee9ng kh\u00f4ng cao, d\u1ec5 b\u1ecb x\u01b0\u1edbc khi ti\u1ebfp x\u00fac v\u1edbi v\u1eadt d\u1ee5ng nh\u1ecdn ho\u1eb7c ch\u1ea5t li\u1ec7u c\u1ee9ng.<\/span><\/li>\n<\/ul>\n<h2 style=\"text-align: justify;\"><b>5. M\u1ed9t s\u1ed1 s\u1ea3n ph\u1ea9m t\u1ee7 b\u1ebfp inox caro 3 l\u1edbp h\u1ec7 Module<\/b><\/h2>\n<figure id=\"attachment_3109\" aria-describedby=\"caption-attachment-3109\" style=\"width: 1200px\" class=\"wp-caption aligncenter\"><img loading=\"lazy\" decoding=\"async\" class=\"wp-image-3109\" src=\"https:\/\/nhatnam.org\/wp-content\/uploads\/2024\/12\/image5c-phuong-300x157.jpg\" alt=\"T\u1ee7 b\u1ebfp Inox caro 3 l\u1edbp h\u1ec7 module\" width=\"1200\" height=\"629\" \/><figcaption id=\"caption-attachment-3109\" class=\"wp-caption-text\">T\u1ee7 b\u1ebfp Inox caro 3 l\u1edbp ch\u1eef L<\/figcaption><\/figure>\n<figure id=\"attachment_3110\" aria-describedby=\"caption-attachment-3110\" style=\"width: 1200px\" class=\"wp-caption aligncenter\"><img loading=\"lazy\" decoding=\"async\" class=\"wp-image-3110 size-full\" src=\"https:\/\/nhatnam.org\/wp-content\/uploads\/2024\/12\/tu-bep-inox.jpg\" alt=\"T\u1ee7 b\u1ebfp Inox caro 3 l\u1edbp h\u1ec7 module\" width=\"1200\" height=\"630\" \/><figcaption id=\"caption-attachment-3110\" class=\"wp-caption-text\">M\u1eabu t\u1ee7 b\u1ebfp Inox caro 3 l\u1edbp h\u1ec7 module \u0111\u1eb9p<\/figcaption><\/figure>\n<figure id=\"attachment_2240\" aria-describedby=\"caption-attachment-2240\" style=\"width: 1200px\" class=\"wp-caption aligncenter\"><img loading=\"lazy\" decoding=\"async\" class=\"wp-image-2240\" src=\"https:\/\/nhatnam.org\/wp-content\/uploads\/2024\/12\/Tu-bep-inox-nhat-nam-08-300x187.jpg\" alt=\"T\u1ee7 b\u1ebfp Inox caro 3 l\u1edbp h\u1ec7 module\" width=\"1200\" height=\"748\" \/><figcaption id=\"caption-attachment-2240\" class=\"wp-caption-text\">T\u1ee7 b\u1ebfp Inox caro 3 l\u1edbp h\u1ec7 module h\u00ecnh ch\u1eef U<\/figcaption><\/figure>\n<h2 style=\"text-align: justify;\"><b>6. B\u00e1o gi\u00e1<\/b><\/h2>\n<p style=\"text-align: justify;\"><span style=\"font-weight: 400;\">Gi\u00e1 c\u1ee7a t\u1ee7 b\u1ebfp Caro 3 l\u1edbp h\u1ec7 module t\u1eeb N\u1ed9i Th\u1ea5t Nh\u1ea5t Nam dao \u0111\u1ed9ng t\u00f9y thu\u1ed9c v\u00e0o k\u00edch th\u01b0\u1edbc, ch\u1ea5t li\u1ec7u v\u00e0 t\u00ednh n\u0103ng c\u1ee5 th\u1ec3 c\u1ee7a s\u1ea3n ph\u1ea9m. \u0110\u1ec3 bi\u1ebft th\u00f4ng tin chi ti\u1ebft. Qu\u00fd kh\u00e1ch h\u00e0ng vui l\u00f2ng li\u00ean h\u1ec7 tr\u1ef1c ti\u1ebfp v\u1edbi ch\u00fang t\u00f4i \u0111\u1ec3 nh\u1eadn \u0111\u01b0\u1ee3c b\u00e1o gi\u00e1 \u01b0u \u0111\u00e3i v\u00e0 chi ti\u1ebft nh\u1ea5t nh\u00e9.<\/span><\/p>\n<p style=\"text-align: justify;\"><span style=\"font-weight: 400;\">T\u1ee7 b\u1ebfp Caro 3 l\u1edbp h\u1ec7 module t\u1eeb N\u1ed9i Th\u1ea5t Nh\u1ea5t Nam kh\u00f4ng ch\u1ec9 l\u00e0 n\u01a1i l\u01b0u tr\u1eef m\u00e0 c\u00f2n l\u00e0 bi\u1ec3u t\u01b0\u1ee3ng c\u1ee7a s\u1ef1 ti\u1ec7n nghi v\u00e0 sang tr\u1ecdng trong kh\u00f4ng gian b\u1ebfp c\u1ee7a b\u1ea1n. H\u00e3y li\u00ean h\u1ec7 ngay v\u1edbi ch\u00fang t\u00f4i \u0111\u1ec3 \u0111\u01b0\u1ee3c t\u01b0 v\u1ea5n v\u00e0 h\u1ed7 tr\u1ee3 ch\u1ecdn l\u1ef1a s\u1ea3n ph\u1ea9m ph\u00f9 h\u1ee3p nh\u1ea5t!<\/span><\/p>\n","protected":false},"excerpt":{"rendered":"<p>T\u1ee7 b\u1ebfp inox Caro 3 l\u1edbp h\u1ec7 module l\u00e0 \u0111i\u1ec3m nh\u1ea5n ti\u1ec7n \u00edch v\u00e0 th\u1ea9m m\u1ef9 trong kh\u00f4ng gian b\u1ebfp. Trong b\u00e0i vi\u1ebft n\u00e0y, ch\u00fang t\u00f4i s\u1ebd gi\u1edbi thi\u1ec7u s\u1ea3n ph\u1ea9m t\u1eeb th\u01b0\u01a1ng hi\u1ec7u uy t\u00edn N\u1ed9i Th\u1ea5t Nh\u1ea5t Nam. 1. T\u1ee7 b\u1ebfp Inox Caro 3 l\u1edbp h\u1ec7 module l\u00e0 g\u00ec? T\u1ee7 b\u1ebfp Caro 3 [&hellip;]<\/p>\n","protected":false},"featured_media":1377,"comment_status":"open","ping_status":"closed","template":"","meta":{"_acf_changed":false,"_gspb_post_css":""},"book-author":[],"product_brand":[],"product_cat":[109,110],"product_tag":[],"class_list":{"0":"post-1378","1":"product","2":"type-product","3":"status-publish","4":"has-post-thumbnail","6":"product_cat-tu-bep-inox","7":"product_cat-tu-bep-inox-caro-chong-bam-van-tay","9":"first","10":"instock","11":"shipping-taxable","12":"product-type-simple"},"acf":[],"_links":{"self":[{"href":"https:\/\/nhatnam.libion.me\/wp-json\/wp\/v2\/product\/1378","targetHints":{"allow":["GET"]}}],"collection":[{"href":"https:\/\/nhatnam.libion.me\/wp-json\/wp\/v2\/product"}],"about":[{"href":"https:\/\/nhatnam.libion.me\/wp-json\/wp\/v2\/types\/product"}],"replies":[{"embeddable":true,"href":"https:\/\/nhatnam.libion.me\/wp-json\/wp\/v2\/comments?post=1378"}],"wp:featuredmedia":[{"embeddable":true,"href":"https:\/\/nhatnam.libion.me\/wp-json\/wp\/v2\/media\/1377"}],"wp:attachment":[{"href":"https:\/\/nhatnam.libion.me\/wp-json\/wp\/v2\/media?parent=1378"}],"wp:term":[{"taxonomy":"book-author","embeddable":true,"href":"https:\/\/nhatnam.libion.me\/wp-json\/wp\/v2\/book-author?post=1378"},{"taxonomy":"product_brand","embeddable":true,"href":"https:\/\/nhatnam.libion.me\/wp-json\/wp\/v2\/product_brand?post=1378"},{"taxonomy":"product_cat","embeddable":true,"href":"https:\/\/nhatnam.libion.me\/wp-json\/wp\/v2\/product_cat?post=1378"},{"taxonomy":"product_tag","embeddable":true,"href":"https:\/\/nhatnam.libion.me\/wp-json\/wp\/v2\/product_tag?post=1378"}],"curies":[{"name":"wp","href":"https:\/\/api.w.org\/{rel}","templated":true}]}}