{"id":1352,"date":"2026-04-07T10:06:03","date_gmt":"2026-04-07T10:06:03","guid":{"rendered":"https:\/\/nhatnam.libion.me\/index.php\/product\/tu-ao-canh-kinh\/"},"modified":"2026-04-07T10:06:03","modified_gmt":"2026-04-07T10:06:03","slug":"tu-ao-canh-kinh","status":"publish","type":"product","link":"https:\/\/nhatnam.libion.me\/index.php\/product\/tu-ao-canh-kinh\/","title":{"rendered":"T\u1ee7 \u00c1o C\u00e1nh K\u00ednh"},"content":{"rendered":"<p style=\"text-align: justify;\">T\u1ee7 \u00e1o c\u00e1nh k\u00ednh kh\u00f4ng ch\u1ec9 l\u00e0 m\u00f3n \u0111\u1ed3 n\u1ed9i th\u1ea5t th\u00f4ng th\u01b0\u1eddng m\u00e0 c\u00f2n l\u00e0 \u0111i\u1ec3m nh\u1ea5n tinh t\u1ebf, gi\u00fap kh\u00f4ng gian s\u1ed1ng tr\u1edf n\u00ean hi\u1ec7n \u0111\u1ea1i v\u00e0 \u0111\u1eb3ng c\u1ea5p h\u01a1n. V\u1edbi thi\u1ebft k\u1ebf c\u00e1nh k\u00ednh trong su\u1ed1t ho\u1eb7c m\u1edd, s\u1ea3n ph\u1ea9m mang l\u1ea1i c\u1ea3m gi\u00e1c th\u00f4ng tho\u00e1ng, gi\u00fap d\u1ec5 d\u00e0ng tr\u01b0ng b\u00e0y v\u00e0 s\u1eafp x\u1ebfp qu\u1ea7n \u00e1o g\u1ecdn g\u00e0ng. S\u1ea3n ph\u1ea9m kh\u00f4ng ch\u1ec9 \u0111\u00e1p \u1ee9ng nhu c\u1ea7u l\u01b0u tr\u1eef m\u00e0 c\u00f2n n\u00e2ng t\u1ea7m gi\u00e1 tr\u1ecb th\u1ea9m m\u1ef9, ph\u00f9 h\u1ee3p v\u1edbi nhi\u1ec1u phong c\u00e1ch n\u1ed9i th\u1ea5t.<\/p>\n<h2 style=\"text-align: justify;\"><strong>1. T\u1ee7 qu\u1ea7n \u00e1o c\u00e1nh k\u00ednh l\u00e0 g\u00ec?<\/strong><\/h2>\n<p><img loading=\"lazy\" decoding=\"async\" class=\"aligncenter wp-image-2497\" src=\"https:\/\/nhatnam.org\/wp-content\/uploads\/2024\/12\/tu-ao13-300x225.jpg\" alt=\"T\u1ee7 \u00c1o C\u00e1nh K\u00ednh\" width=\"1200\" height=\"900\" \/><\/p>\n<p style=\"text-align: justify;\"><span style=\"font-weight: 400;\">T\u1ee7 \u00e1o c\u00e1nh k\u00ednh, hay c\u00f2n \u0111\u01b0\u1ee3c g\u1ecdi l\u00e0 t\u1ee7 qu\u1ea7n \u00e1o k\u00ednh, l\u00e0 m\u1ed9t gi\u1ea3i ph\u00e1p tr\u01b0ng b\u00e0y v\u00e0 l\u01b0u tr\u1eef qu\u1ea7n \u00e1o ph\u1ed5 bi\u1ebfn cho c\u00e1c gia \u0111\u00ecnh v\u00e0 c\u1eeda h\u00e0ng qu\u1ea7n \u00e1o. \u0110\u1eb7c \u0111i\u1ec3m n\u1ed5i b\u1eadt c\u1ee7a lo\u1ea1i t\u1ee7 n\u00e0y l\u00e0 c\u00e1nh t\u1ee7 \u0111\u01b0\u1ee3c l\u00e0m t\u1eeb k\u00ednh c\u01b0\u1eddng l\u1ef1c gi\u00fap t\u1ea1o ra m\u1ed9t kh\u00f4ng gian l\u01b0u tr\u1eef m\u1edf v\u00e0 tho\u00e1ng \u0111\u00e3ng m\u00e0 c\u00f2n t\u1ea1o \u0111i\u1ec3m nh\u1ea5n v\u1ec1 s\u1ef1 tinh t\u1ebf v\u00e0 \u0111\u1ed9c \u0111\u00e1o.<\/span><\/p>\n<p style=\"text-align: justify;\"><span style=\"font-weight: 400;\">T\u1ee7 qu\u1ea7n \u00e1o c\u00e1nh k\u00ednh cho ph\u00e9p tr\u01b0ng b\u00e0y to\u00e0n b\u1ed9 kh\u00f4ng gian b\u00ean trong m\u1ed9t c\u00e1ch t\u1ef1 nhi\u00ean v\u00e0 \u1ea5n t\u01b0\u1ee3ng, t\u1ea1o \u0111i\u1ec3m nh\u1ea5n th\u1ea9m m\u1ef9 hi\u1ec7n \u0111\u1ea1i v\u00e0 sang tr\u1ecdng cho ph\u00f2ng ng\u1ee7. Vi\u1ec7c s\u1eed d\u1ee5ng c\u00e1nh k\u00ednh t\u1ee7 qu\u1ea7n \u00e1o gi\u00fap ng\u01b0\u1eddi d\u00f9ng d\u1ec5 d\u00e0ng t\u00ecm ki\u1ebfm trang ph\u1ee5c v\u00e0 ph\u1ee5 ki\u1ec7n m\u1ed9t c\u00e1ch thu\u1eadn ti\u1ec7n. \u0110\u1ed3ng th\u1eddi, \u00e1nh s\u00e1ng chi\u1ebfu v\u00e0o l\u00e0m cho qu\u1ea7n \u00e1o b\u00ean trong tr\u1edf n\u00ean lung linh h\u01a1n. V\u1edbi \u0111a d\u1ea1ng v\u1ec1 ki\u1ec3u d\u00e1ng v\u00e0 m\u00e0u s\u1eafc, t\u1ee7 \u00e1o c\u00e1nh k\u00ednh ph\u00f9 h\u1ee3p v\u1edbi m\u1ecdi phong c\u00e1ch trang tr\u00ed n\u1ed9i th\u1ea5t, t\u1eeb hi\u1ec7n \u0111\u1ea1i \u0111\u1ebfn truy\u1ec1n th\u1ed1ng.<\/span><\/p>\n<h3 style=\"text-align: justify;\"><strong>C\u1ea5u t\u1ea1o c\u1ee7a t\u1ee7 qu\u1ea7n \u00e1o c\u00e1nh k\u00ednh<\/strong><\/h3>\n<h4 style=\"text-align: justify;\"><strong>Khung v\u00e0 th\u00f9ng t\u1ee7:\u00a0<\/strong><\/h4>\n<p style=\"text-align: justify;\"><span style=\"font-weight: 400;\">T\u1ee7 qu\u1ea7n \u00e1o c\u00e1nh k\u00ednh th\u01b0\u1eddng \u0111\u01b0\u1ee3c l\u00e0m b\u1eb1ng nh\u00f4m cao c\u1ea5p, s\u1eed d\u1ee5ng nh\u00f4m m\u1ea1 anode ho\u1eb7c s\u01a1n t\u0129nh \u0111i\u1ec7n. Ch\u1ea5t li\u1ec7u nh\u00f4m kh\u00f4ng ch\u1ec9 mang l\u1ea1i \u0111\u1ed9 b\u1ec1n cao m\u00e0 c\u00f2n kh\u00f4ng b\u1ecb cong v\u00eanh, tr\u1ea7y x\u01b0\u1edbc, v\u00e0 c\u00f3 kh\u1ea3 n\u0103ng ch\u1ed1ng th\u1ea5m n\u01b0\u1edbc, ch\u1ed1ng ch\u00e1y v\u00e0 ch\u1ed1ng m\u1ed1i m\u1ecdt. \u0110i\u1ec1u n\u00e0y gi\u00fap t\u1ee7 c\u00f3 th\u1ec3 s\u1eed d\u1ee5ng trong th\u1eddi gian d\u00e0i m\u00e0 kh\u00f4ng g\u1eb7p v\u1ea5n \u0111\u1ec1.<\/span><\/p>\n<h4 style=\"text-align: justify;\"><strong>C\u00e1nh k\u00ednh t\u1ee7 qu\u1ea7n \u00e1o:<\/strong><\/h4>\n<p style=\"text-align: justify;\"><span style=\"font-weight: 400;\">C\u00e1nh k\u00ednh c\u1ee7a t\u1ee7 qu\u1ea7n \u00e1o \u0111\u01b0\u1ee3c l\u00e0m t\u1eeb k\u00ednh c\u01b0\u1eddng l\u1ef1c d\u00e0y 5mm, c\u00f3 s\u1eb5n trong nhi\u1ec1u m\u00e0u s\u1eafc nh\u01b0 x\u00e1m kh\u00f3i, xanh \u0111en, m\u00e0u tr\u00e0, v\u00e0 nhi\u1ec1u m\u00e0u kh\u00e1c. C\u00e1nh t\u1ee7 cung c\u1ea5p kh\u1ea3 n\u0103ng tr\u01b0ng b\u00e0y qu\u1ea7n \u00e1o b\u00ean trong t\u1ee7 v\u00e0 t\u1ea1o \u0111i\u1ec3m nh\u1ea5n th\u1ea9m m\u1ef9 cho kh\u00f4ng gian.<\/span><\/p>\n<p style=\"text-align: justify;\"><span style=\"font-weight: 400;\">Khung nh\u00f4m c\u00e1nh k\u00ednh t\u1ee7 qu\u1ea7n \u00e1o c\u00f3 s\u1eb5n trong nhi\u1ec1u m\u00e0u s\u1eafc kh\u00e1c nhau nh\u01b0 \u0111en, v\u00e0ng \u0111\u1ed3ng, socola x\u01b0\u1edbc, inox, v\u00e0 c\u00e1c t\u00f9y ch\u1ecdn m\u00e0u kh\u00e1c. V\u1ec1 ch\u1ea5t li\u1ec7u, khung c\u00f3 th\u1ec3 l\u00e0 nh\u00f4m s\u01a1n t\u0129nh \u0111i\u1ec7n ho\u1eb7c inox, t\u00f9y thu\u1ed9c v\u00e0o s\u1edf th\u00edch v\u00e0 nhu c\u1ea7u s\u1eed d\u1ee5ng c\u1ee7a t\u1eebng gia \u0111\u00ecnh.<\/span><\/p>\n<h4 style=\"text-align: justify;\"><strong>Ph\u1ee5 ki\u1ec7n c\u00e1nh k\u00ednh t\u1ee7 qu\u1ea7n \u00e1o:<\/strong><\/h4>\n<p style=\"text-align: justify;\"><span style=\"font-weight: 400;\">Bao g\u1ed3m c\u00e1c ph\u1ee5 ki\u1ec7n nh\u01b0 \u0111inh, \u1ed1c v\u00edt, v\u00e0 ray tr\u01b0\u1ee3t (n\u1ebfu c\u00f3), b\u1ea3n l\u1ec1, tay n\u1eafm. Trong \u0111\u00f3 b\u1ea3n l\u1ec1 th\u01b0\u1eddng \u0111\u01b0\u1ee3c s\u1eed d\u1ee5ng l\u00e0 b\u1ea3n l\u1ec1 gi\u1ea3m ch\u1ea5n gi\u00fap gi\u1ea3m t\u1ee7 ho\u1ea1t \u0111\u1ed9ng m\u01b0\u1ee3t m\u00e0 v\u00e0 tr\u00e1nh va \u0111\u1eadp.<\/span><\/p>\n<p style=\"text-align: justify;\"><span style=\"font-weight: 400;\">T\u00f9y thu\u1ed9c v\u00e0o thi\u1ebft k\u1ebf v\u00e0 m\u1ee5c \u0111\u00edch s\u1eed d\u1ee5ng c\u1ee5 th\u1ec3, c\u1ea5u t\u1ea1o c\u1ee7a t\u1ee7 qu\u1ea7n \u00e1o c\u00e1nh k\u00ednh c\u00f3 th\u1ec3 c\u00f3 s\u1ef1 bi\u1ebfn th\u1ec3 nh\u01b0ng nh\u1eefng ph\u1ea7n c\u01a1 b\u1ea3n tr\u00ean th\u01b0\u1eddng kh\u00f4ng thay \u0111\u1ed5i.<\/span><\/p>\n<h2 style=\"text-align: justify;\"><strong>2. T\u1ee7 qu\u1ea7n \u00e1o c\u00e1nh k\u00ednh c\u00f3 m\u1ea5y lo\u1ea1i<\/strong><\/h2>\n<p style=\"text-align: justify;\"><span style=\"font-weight: 400;\">D\u1ef1a theo thi\u1ebft k\u1ebf \u0111\u00f3ng m\u1edf t\u1ee7 qu\u1ea7n \u00e1o chia l\u00e0m hai lo\u1ea1i\u00a0<\/span><\/p>\n<h3 style=\"text-align: justify;\"><strong>T\u1ee7 \u00e1o c\u00e1nh k\u00ednh c\u1eeda m\u1edf<\/strong><\/h3>\n<p><img loading=\"lazy\" decoding=\"async\" class=\"aligncenter wp-image-2317\" src=\"https:\/\/nhatnam.org\/wp-content\/uploads\/2024\/12\/z6148420925112_221ff016049e26d598e797a5989888cf-240x300.jpg\" alt=\"T\u1ee7 \u00c1o C\u00e1nh K\u00ednh\" width=\"1200\" height=\"1500\" \/><\/p>\n<p style=\"text-align: justify;\"><span style=\"font-weight: 400;\">C\u00e1nh k\u00ednh c\u1ee7a t\u1ee7 \u00e1o m\u1edf th\u00f4ng th\u01b0\u1eddng \u0111\u01b0\u1ee3c thi\u1ebft k\u1ebf \u0111\u1ec3 m\u1edf v\u00e0 \u0111\u00f3ng nh\u01b0 c\u00e1nh c\u1eeda th\u00f4ng th\u01b0\u1eddng. Ng\u01b0\u1eddi d\u00f9ng c\u00f3 th\u1ec3 m\u1edf c\u00e1nh c\u1eeda ra ph\u00eda tr\u01b0\u1edbc ho\u1eb7c ph\u00eda sau \u0111\u1ec3 ti\u1ec7n l\u1ee3i trong vi\u1ec7c s\u1eed d\u1ee5ng. C\u00e1c c\u00e1nh c\u1eeda n\u00e0y th\u01b0\u1eddng \u0111\u01b0\u1ee3c g\u1eafn tr\u00ean b\u1ea3n l\u1ec1 ho\u1eb7c ray tr\u01b0\u1ee3t \u0111\u1ec3 m\u1edf v\u00e0 \u0111\u00f3ng m\u1ed9t c\u00e1ch m\u01b0\u1ee3t m\u00e0 v\u00e0 d\u1ec5 d\u00e0ng. \u0110i\u1ec1u n\u00e0y gi\u00fap t\u1ea1o ra m\u1ed9t kh\u00f4ng gian l\u01b0u tr\u1eef linh ho\u1ea1t v\u00e0 ti\u1ec7n \u00edch cho ng\u01b0\u1eddi d\u00f9ng.<\/span><\/p>\n<h3 style=\"text-align: justify;\"><strong>T\u1ee7 \u00e1o c\u00e1nh k\u00ednh l\u00f9a<\/strong><\/h3>\n<p><img loading=\"lazy\" decoding=\"async\" class=\"aligncenter wp-image-2299\" src=\"https:\/\/nhatnam.org\/wp-content\/uploads\/2024\/12\/z6148420740550_29a6200ad75985d6c1c5b63043ff32c8-300x225.jpg\" alt=\"\" width=\"1200\" height=\"900\" \/><\/p>\n<p style=\"text-align: justify;\"><span style=\"font-weight: 400;\">Thi\u1ebft k\u1ebf ki\u1ec3u c\u1eeda l\u00f9a gi\u00fap t\u1ed1i \u01b0u h\u00f3a kh\u00f4ng gian m\u1ed9t c\u00e1ch t\u1ed1i \u0111a. Thay v\u00ec m\u1edf ra ngo\u00e0i tr\u1ef1c ti\u1ebfp, h\u1ec7 th\u1ed1ng c\u00e1nh c\u1eeda s\u1ebd m\u1edf theo d\u1ea1ng tr\u01b0\u1ee3t.<\/span><\/p>\n<p style=\"text-align: justify;\"><span style=\"font-weight: 400;\">Ng\u01b0\u1eddi d\u00f9ng ch\u1ec9 c\u1ea7n th\u1ef1c hi\u1ec7n \u0111\u1ed9ng t\u00e1c k\u00e9o \u0111\u1ea9y nh\u1eb9 \u0111\u1ec3 m\u1edf c\u1eeda. Tuy nhi\u00ean, v\u1edbi ki\u1ec3u c\u1eeda l\u00f9a, c\u00e1c c\u00e1nh c\u1eeda th\u01b0\u1eddng kh\u00f4ng m\u1edf ho\u00e0n to\u00e0n. Tuy v\u1eady, \u0111i\u1ec1u n\u00e0y \u0111\u1ed3ng ngh\u0129a v\u1edbi vi\u1ec7c kh\u00f4ng chi\u1ebfm qu\u00e1 nhi\u1ec1u di\u1ec7n t\u00edch trong kh\u00f4ng gian ph\u00f2ng.<\/span><\/p>\n<h2 style=\"text-align: justify;\"><strong>3. \u01afu nh\u01b0\u1ee3c \u0111i\u1ec3m c\u1ee7a t\u1ee7 \u00e1o c\u00e1nh k\u00ednh<\/strong><\/h2>\n<p style=\"text-align: justify;\"><strong>\u01afu \u0111i\u1ec3m:<\/strong><\/p>\n<ul style=\"text-align: justify;\">\n<li style=\"font-weight: 400;\" aria-level=\"1\"><span style=\"font-weight: 400;\">T\u00ednh th\u1ea9m m\u1ef9 v\u00e0 t\u1ea1o s\u1ef1 sang tr\u1ecdng v\u00e0 hi\u1ec7n \u0111\u1ea1i trong thi\u1ebft k\u1ebf n\u1ed9i th\u1ea5t ph\u00f2ng ng\u1ee7<\/span><\/li>\n<li style=\"font-weight: 400;\" aria-level=\"1\"><span style=\"font-weight: 400;\">V\u1edbi s\u1ef1 trong su\u1ed1t c\u1ee7a k\u00ednh, t\u1ee7 \u00e1o c\u00e1nh k\u00ednh t\u1ea1o ra m\u1ed9t kh\u00f4ng gian m\u1edf v\u00e0 tho\u1ea3i m\u00e1i cho c\u0103n ph\u00f2ng.<\/span><\/li>\n<li style=\"font-weight: 400;\" aria-level=\"1\"><span style=\"font-weight: 400;\">V\u1edbi c\u00e1nh t\u1ee7 l\u00e0m b\u1eb1ng k\u00ednh gi\u00fap d\u1ec5 d\u00e0ng t\u00ecm th\u1ea5y \u0111\u1ed3 \u0111\u1ea1c b\u00ean trong t\u1ee7.<\/span><\/li>\n<li style=\"font-weight: 400;\" aria-level=\"1\"><span style=\"font-weight: 400;\">T\u1ee7 qu\u1ea7n \u00e1o b\u1eb1ng k\u00ednh d\u1ec5 d\u00e0ng lau ch\u00f9i v\u00e0 kh\u00f4ng b\u1ecb \u1ed1 v\u00e0ng nh\u01b0 c\u00e1c lo\u1ea1i v\u1eadt li\u1ec7u kh\u00e1c.<\/span><\/li>\n<li style=\"font-weight: 400;\" aria-level=\"1\"><span style=\"font-weight: 400;\">Khung c\u1ee7a t\u1ee7 qu\u1ea7n \u00e1o c\u00e1nh k\u00ednh th\u01b0\u1eddng l\u00e0m t\u1eeb v\u1eadt li\u1ec7u c\u00f3 \u0111\u1ed9 b\u1ec1n cao, kh\u00f4ng b\u1ecb cong v\u00eanh m\u1ed1i m\u1ecdt h\u01a1n so v\u1edbi t\u1ee7 qu\u1ea7n \u00e1o g\u1ed7 c\u00e1nh k\u00ednh .<\/span><\/li>\n<li style=\"font-weight: 400;\" aria-level=\"1\"><span style=\"font-weight: 400;\">\u0110a d\u1ea1ng v\u1ec1 thi\u1ebft k\u1ebf. T\u00f9y v\u00e0o nhu c\u1ea7u c\u1ee7a kh\u00e1ch h\u00e0ng N\u1ed9i Th\u1ea5t Nh\u1ea5t Nam s\u1ebd t\u01b0 v\u1ea5n v\u00e0 thi\u1ebft k\u1ebf nh\u1eefng m\u1eabu t\u1ee7 ph\u00f9 h\u1ee3p.<\/span><\/li>\n<\/ul>\n<p style=\"text-align: justify;\"><strong>Nh\u01b0\u1ee3c \u0111i\u1ec3m:<\/strong><\/p>\n<ul style=\"text-align: justify;\">\n<li style=\"font-weight: 400;\" aria-level=\"1\"><span style=\"font-weight: 400;\">Gi\u00e1 th\u00e0nh kh\u00e1 cao n\u00ean s\u1ebd h\u1ea1n ch\u1ebf \u0111\u1ed1i t\u01b0\u1ee3ng kh\u00e1ch h\u00e0ng ti\u1ebfp c\u1eadn v\u00e0 s\u1eed d\u1ee5ng<\/span><\/li>\n<li style=\"font-weight: 400;\" aria-level=\"1\"><span style=\"font-weight: 400;\">V\u00ec c\u00e1nh k\u00ednh t\u1ee7 \u00e1o n\u00ean d\u1ec5 d\u00e0ng nh\u00ecn th\u1ea5y \u0111\u1ed3 \u0111\u1ea1c b\u00ean trong t\u1ee7 n\u00ean c\u1ea7n s\u1eafp x\u1ebfp ch\u00fang g\u1ecdn g\u00e0ng, ng\u0103n n\u1eafp tr\u00e1nh b\u1eeba b\u1ed9n.<\/span><\/li>\n<\/ul>\n<h2 style=\"text-align: justify;\"><strong>4. C\u00f3 n\u00ean l\u1eafp \u0111\u1eb7t t\u1ee7 qu\u1ea7n \u00e1o c\u00e1nh k\u00ednh?<\/strong><\/h2>\n<p style=\"text-align: justify;\"><span style=\"font-weight: 400;\">Vi\u1ec7c l\u1eafp \u0111\u1eb7t t\u1ee7 qu\u1ea7n \u00e1o c\u00e1nh k\u00ednh ph\u1ee5 thu\u1ed9c v\u00e0o nhu c\u1ea7u v\u00e0 s\u1edf th\u00edch c\u00e1 nh\u00e2n c\u1ee7a m\u1ed7i ng\u01b0\u1eddi, c\u0169ng nh\u01b0 \u0111i\u1ec1u ki\u1ec7n c\u1ee5 th\u1ec3 c\u1ee7a c\u0103n ph\u00f2ng v\u00e0 ng\u00e2n s\u00e1ch<\/span><span style=\"font-weight: 400;\">.<\/span><\/p>\n<p style=\"text-align: justify;\"><span style=\"font-weight: 400;\">Tuy nhi\u00ean<\/span> <span style=\"font-weight: 400;\">t\u1ee7 qu\u1ea7n \u00e1o k\u00ednh l\u00e0 m\u1ed9t trong nh\u1eefng l\u1ef1a ch\u1ecdn n\u1ed9i th\u1ea5t cao c\u1ea5p, \u0111em l\u1ea1i v\u1ebb \u0111\u1eb9p hi\u1ec7n \u0111\u1ea1i v\u00e0 s\u1ef1 sang tr\u1ecdng cho kh\u00f4ng gian ph\u00f2ng ng\u1ee7. Thi\u1ebft k\u1ebf m\u1edbi c\u1ee7a t\u1ee7 qu\u1ea7n \u00e1o n\u00e0y t\u00edch h\u1ee3p c\u00e1c module c\u00e1nh t\u1ee7 k\u00ednh v\u1edbi khung nh\u00f4m, t\u1ea1o n\u00ean s\u1ef1 linh ho\u1ea1t cho ng\u01b0\u1eddi d\u00f9ng khi s\u1eafp x\u1ebfp kh\u00f4ng gian.<\/span><\/p>\n<h2 style=\"text-align: justify;\"><strong>5. B\u00e1o gi\u00e1 t\u1ee7 qu\u1ea7n \u00e1o c\u00e1nh k\u00ednh 2024 t\u1ea1i Nh\u1ea5t Nam<\/strong><\/h2>\n<p style=\"text-align: justify;\"><span style=\"font-weight: 400;\">V\u1edbi cam k\u1ebft mang \u0111\u1ebfn s\u1ea3n ph\u1ea9m ch\u1ea5t l\u01b0\u1ee3ng v\u00e0 d\u1ecbch v\u1ee5 t\u1ed1t nh\u1ea5t. Nh\u1ea5t Nam t\u1ef1 h\u00e0o l\u00e0 \u0111\u01a1n v\u1ecb cung c\u1ea5p c\u00e1c m\u1eabu t\u1ee7 \u00e1o c\u00e1nh k\u00ednh \u0111a d\u1ea1ng, t\u1eeb thi\u1ebft k\u1ebf hi\u1ec7n \u0111\u1ea1i \u0111\u1ebfn c\u1ed5 \u0111i\u1ec3n, ph\u00f9 h\u1ee3p v\u1edbi m\u1ecdi phong c\u00e1ch trang tr\u00ed. Vui l\u00f2ng li\u00ean h\u1ec7 v\u1edbi ch\u00fang t\u00f4i ngay h\u00f4m nay \u0111\u1ec3 nh\u1eadn \u0111\u01b0\u1ee3c t\u01b0 v\u1ea5n v\u00e0 b\u00e1o gi\u00e1 t\u1ed1t nh\u1ea5t.<\/span><\/p>\n<h2 style=\"text-align: justify;\"><strong>6. M\u1ed9t s\u1ed1 m\u1eabu t\u1ee7 qu\u1ea7n \u00e1o c\u00e1nh k\u00ednh \u0111\u1eb9p t\u1ea1i Nh\u1ea5t Nam<\/strong><\/h2>\n<p style=\"text-align: justify;\"><img loading=\"lazy\" decoding=\"async\" class=\"aligncenter wp-image-2319\" src=\"https:\/\/nhatnam.org\/wp-content\/uploads\/2024\/12\/z6148420990902_31ea01841c0b6bcbc1f76fac47b45772-300x300.jpg\" alt=\"T\u1ee7 \u00c1o C\u00e1nh K\u00ednh\" width=\"1200\" height=\"1200\" \/><\/p>\n<p style=\"text-align: justify;\"><img loading=\"lazy\" decoding=\"async\" class=\"aligncenter wp-image-2317\" src=\"https:\/\/nhatnam.org\/wp-content\/uploads\/2024\/12\/z6148420925112_221ff016049e26d598e797a5989888cf-240x300.jpg\" alt=\"T\u1ee7 \u00c1o C\u00e1nh K\u00ednh\" width=\"1200\" height=\"1500\" \/><\/p>\n<p style=\"text-align: justify;\"><img loading=\"lazy\" decoding=\"async\" class=\"aligncenter wp-image-2309\" src=\"https:\/\/nhatnam.org\/wp-content\/uploads\/2024\/12\/z6148420868118_fda196d2d557b0f86de8967a39b318a8-300x300.jpg\" alt=\"T\u1ee7 \u00c1o C\u00e1nh K\u00ednh\" width=\"1200\" height=\"1200\" \/><\/p>\n<p style=\"text-align: justify;\"><img loading=\"lazy\" decoding=\"async\" class=\"aligncenter wp-image-2306\" src=\"https:\/\/nhatnam.org\/wp-content\/uploads\/2024\/12\/z6148420835677_7aa845d4f526324db0559b1d6bdb8981-300x300.jpg\" alt=\"\" width=\"1200\" height=\"1200\" \/><\/p>\n<p style=\"text-align: justify;\"><img loading=\"lazy\" decoding=\"async\" class=\"aligncenter wp-image-2301\" src=\"https:\/\/nhatnam.org\/wp-content\/uploads\/2024\/12\/z6148420774365_63903fb9b5d45db3c424ec3fecdf2ce9-300x240.jpg\" alt=\"T\u1ee7 \u00c1o C\u00e1nh K\u00ednh\" width=\"1200\" height=\"961\" \/> <img loading=\"lazy\" decoding=\"async\" class=\"aligncenter wp-image-2300\" src=\"https:\/\/nhatnam.org\/wp-content\/uploads\/2024\/12\/z6148420774186_ec67a56ddd0003149de99bd354323bcc-300x300.jpg\" alt=\"T\u1ee7 \u00c1o C\u00e1nh K\u00ednh\" width=\"1200\" height=\"1200\" \/><\/p>\n","protected":false},"excerpt":{"rendered":"<p>T\u1ee7 \u00e1o c\u00e1nh k\u00ednh kh\u00f4ng ch\u1ec9 l\u00e0 m\u00f3n \u0111\u1ed3 n\u1ed9i th\u1ea5t th\u00f4ng th\u01b0\u1eddng m\u00e0 c\u00f2n l\u00e0 \u0111i\u1ec3m nh\u1ea5n tinh t\u1ebf, gi\u00fap kh\u00f4ng gian s\u1ed1ng tr\u1edf n\u00ean hi\u1ec7n \u0111\u1ea1i v\u00e0 \u0111\u1eb3ng c\u1ea5p h\u01a1n. V\u1edbi thi\u1ebft k\u1ebf c\u00e1nh k\u00ednh trong su\u1ed1t ho\u1eb7c m\u1edd, s\u1ea3n ph\u1ea9m mang l\u1ea1i c\u1ea3m gi\u00e1c th\u00f4ng tho\u00e1ng, gi\u00fap d\u1ec5 d\u00e0ng tr\u01b0ng b\u00e0y v\u00e0 s\u1eafp x\u1ebfp qu\u1ea7n \u00e1o g\u1ecdn g\u00e0ng. S\u1ea3n ph\u1ea9m kh\u00f4ng ch\u1ec9 \u0111\u00e1p \u1ee9ng nhu c\u1ea7u l\u01b0u tr\u1eef m\u00e0 c\u00f2n n\u00e2ng t\u1ea7m gi\u00e1 tr\u1ecb th\u1ea9m m\u1ef9, ph\u00f9 h\u1ee3p v\u1edbi nhi\u1ec1u phong c\u00e1ch n\u1ed9i th\u1ea5t.<\/p>\n","protected":false},"featured_media":1173,"comment_status":"open","ping_status":"closed","template":"","meta":{"_acf_changed":false,"_gspb_post_css":""},"book-author":[],"product_brand":[],"product_cat":[104,105,106,108],"product_tag":[],"class_list":{"0":"post-1352","1":"product","2":"type-product","3":"status-publish","4":"has-post-thumbnail","6":"product_cat-noi-that-phong-ngu","7":"product_cat-tu-ao-canh-kinh-cua-lua","8":"product_cat-tu-ao-canh-kinh-cua-mo","9":"product_cat-tu-quan-ao-nhom-hop-kim","11":"first","12":"instock","13":"shipping-taxable","14":"product-type-simple"},"acf":[],"_links":{"self":[{"href":"https:\/\/nhatnam.libion.me\/index.php\/wp-json\/wp\/v2\/product\/1352","targetHints":{"allow":["GET"]}}],"collection":[{"href":"https:\/\/nhatnam.libion.me\/index.php\/wp-json\/wp\/v2\/product"}],"about":[{"href":"https:\/\/nhatnam.libion.me\/index.php\/wp-json\/wp\/v2\/types\/product"}],"replies":[{"embeddable":true,"href":"https:\/\/nhatnam.libion.me\/index.php\/wp-json\/wp\/v2\/comments?post=1352"}],"wp:featuredmedia":[{"embeddable":true,"href":"https:\/\/nhatnam.libion.me\/index.php\/wp-json\/wp\/v2\/media\/1173"}],"wp:attachment":[{"href":"https:\/\/nhatnam.libion.me\/index.php\/wp-json\/wp\/v2\/media?parent=1352"}],"wp:term":[{"taxonomy":"book-author","embeddable":true,"href":"https:\/\/nhatnam.libion.me\/index.php\/wp-json\/wp\/v2\/book-author?post=1352"},{"taxonomy":"product_brand","embeddable":true,"href":"https:\/\/nhatnam.libion.me\/index.php\/wp-json\/wp\/v2\/product_brand?post=1352"},{"taxonomy":"product_cat","embeddable":true,"href":"https:\/\/nhatnam.libion.me\/index.php\/wp-json\/wp\/v2\/product_cat?post=1352"},{"taxonomy":"product_tag","embeddable":true,"href":"https:\/\/nhatnam.libion.me\/index.php\/wp-json\/wp\/v2\/product_tag?post=1352"}],"curies":[{"name":"wp","href":"https:\/\/api.w.org\/{rel}","templated":true}]}}