{"id":1351,"date":"2026-04-07T10:06:03","date_gmt":"2026-04-07T10:06:03","guid":{"rendered":"https:\/\/nhatnam.libion.me\/index.php\/product\/tu-quan-ao-am-tuong\/"},"modified":"2026-04-07T10:06:03","modified_gmt":"2026-04-07T10:06:03","slug":"tu-quan-ao-am-tuong","status":"publish","type":"product","link":"https:\/\/nhatnam.libion.me\/product\/tu-quan-ao-am-tuong\/","title":{"rendered":"T\u1ee7 Qu\u1ea7n \u00c1o \u00c2m T\u01b0\u1eddng"},"content":{"rendered":"<p style=\"text-align: justify;\">T\u1ee7 qu\u1ea7n \u00e1o \u00e2m t\u01b0\u1eddng l\u00e0 l\u1ef1a ch\u1ecdn l\u00fd t\u01b0\u1edfng \u0111\u1ec3 t\u1ed1i \u01b0u h\u00f3a kh\u00f4ng gian s\u1ed1ng, \u0111\u1eb7c bi\u1ec7t ph\u00f9 h\u1ee3p v\u1edbi nh\u1eefng c\u0103n h\u1ed9 ho\u1eb7c ng\u00f4i nh\u00e0 c\u00f3 di\u1ec7n t\u00edch h\u1ea1n ch\u1ebf. V\u1edbi thi\u1ebft k\u1ebf ch\u00ecm g\u1ecdn g\u00e0ng trong t\u01b0\u1eddng, s\u1ea3n ph\u1ea9m kh\u00f4ng ch\u1ec9 ti\u1ebft ki\u1ec7m di\u1ec7n t\u00edch m\u00e0 c\u00f2n mang l\u1ea1i v\u1ebb \u0111\u1eb9p tinh t\u1ebf v\u00e0 hi\u1ec7n \u0111\u1ea1i.<\/p>\n<h2 style=\"text-align: justify;\"><strong>1. T\u1ee7 qu\u1ea7n \u00e1o \u00e2m t\u01b0\u1eddng l\u00e0 g\u00ec? S\u01a1 l\u01b0\u1ee3c v\u1ec1 t\u1ee7 qu\u1ea7n \u00e1o \u00e2m t\u01b0\u1eddng nh\u00f4m k\u00ednh<\/strong><\/h2>\n<p><img loading=\"lazy\" decoding=\"async\" class=\"aligncenter wp-image-2298\" src=\"https:\/\/nhatnam.org\/wp-content\/uploads\/2024\/12\/z6148420705394_e9116a643759362e5f429e3168d98995-225x300.jpg\" alt=\"\" width=\"1200\" height=\"1602\" \/><\/p>\n<h3 style=\"text-align: justify;\"><strong>1.1 T\u1ee7 qu\u1ea7n \u00e1o \u00e2m t\u01b0\u1eddng l\u00e0 g\u00ec?<\/strong><\/h3>\n<p style=\"text-align: justify;\"><span style=\"font-weight: 400;\">T\u1ee7 qu\u1ea7n \u00e1o \u00e2m t\u01b0\u1eddng l\u00e0 m\u1ed9t s\u1ef1 k\u1ebft h\u1ee3p ho\u00e0n h\u1ea3o gi\u1eefa c\u00f4ng n\u0103ng v\u00e0 th\u1ea9m m\u1ef9 th\u1ec3 hi\u1ec7n s\u1ef1 s\u00e1ng t\u1ea1o v\u00e0 t\u00ednh ch\u1ea5t \u0111\u1ed9c \u0111\u00e1o trong thi\u1ebft k\u1ebf. Thay v\u00ec \u0111\u1ee9ng ri\u00eang bi\u1ec7t nh\u01b0 c\u00e1c chi\u1ebfc t\u1ee7 th\u00f4ng th\u01b0\u1eddng, t\u1ee7 \u00e2m t\u01b0\u1eddng \u0111\u01b0\u1ee3c t\u00edch h\u1ee3p s\u00e2u v\u00e0o b\u1ee9c t\u01b0\u1eddng kh\u00f4ng ch\u1ec9 gi\u00fap t\u1ed1i \u01b0u h\u00f3a kh\u00f4ng gian m\u00e0 c\u00f2n t\u1ea1o c\u1ea3m gi\u00e1c g\u1ecdn g\u00e0ng, th\u00f4ng tho\u00e1ng cho c\u0103n ph\u00f2ng.<\/span><\/p>\n<h3 style=\"text-align: justify;\"><strong>1.2 S\u01a1 l\u01b0\u1ee3c v\u1ec1 t\u1ee7 qu\u1ea7n \u00e1o \u00e2m t\u01b0\u1eddng nh\u00f4m k\u00ednh<\/strong><\/h3>\n<p style=\"text-align: justify;\"><span style=\"font-weight: 400;\">T\u1ee7 qu\u1ea7n \u00e1o \u00e2m t\u01b0\u1eddng nh\u00f4m k\u00ednh l\u00e0 phi\u00ean b\u1ea3n hi\u1ec7n \u0111\u1ea1i c\u1ee7a t\u1ee7 qu\u1ea7n \u00e1o \u00e2m t\u01b0\u1eddng, s\u1eed d\u1ee5ng ch\u1ea5t li\u1ec7u nh\u00f4m k\u1ebft h\u1ee3p v\u1edbi k\u00ednh c\u01b0\u1eddng l\u1ef1c. Thi\u1ebft k\u1ebf n\u00e0y mang l\u1ea1i s\u1ef1 hi\u1ec7n \u0111\u1ea1i, sang tr\u1ecdng v\u00e0 t\u00ednh th\u1ea9m m\u1ef9 cho kh\u00f4ng gian l\u01b0u tr\u1eef.<\/span><\/p>\n<h2 style=\"text-align: justify;\"><strong>2. L\u1ee3i \u00edch c\u1ee7a vi\u1ec7c thi\u1ebft k\u1ebf t\u1ee7 qu\u1ea7n \u00e1o \u00e2m t\u01b0\u1eddng<\/strong><\/h2>\n<p><img loading=\"lazy\" decoding=\"async\" class=\"aligncenter wp-image-2306\" src=\"https:\/\/nhatnam.org\/wp-content\/uploads\/2024\/12\/z6148420835677_7aa845d4f526324db0559b1d6bdb8981-300x300.jpg\" alt=\"T\u1ee7 Qu\u1ea7n \u00c1o \u00c2m T\u01b0\u1eddng\" width=\"1200\" height=\"1200\" \/><\/p>\n<ul style=\"text-align: justify;\">\n<li style=\"font-weight: 400;\" aria-level=\"1\"><span style=\"font-weight: 400;\">Ti\u1ebft ki\u1ec7m di\u1ec7n t\u00edch: T\u1ee7 qu\u1ea7n \u00e1o \u00e2m t\u01b0\u1eddng \u0111\u01b0\u1ee3c t\u00edch h\u1ee3p v\u00e0o kh\u00f4ng gian t\u01b0\u1eddng, gi\u00fap ti\u1ebft ki\u1ec7m di\u1ec7n t\u00edch s\u00e0n ph\u00f2ng. \u0110i\u1ec1u n\u00e0y \u0111\u1eb7c bi\u1ec7t h\u1eefu \u00edch trong c\u00e1c c\u0103n ph\u00f2ng c\u00f3 di\u1ec7n t\u00edch nh\u1ecf ho\u1eb7c h\u1ea1n ch\u1ebf v\u1ec1 kh\u00f4ng gian.<\/span><\/li>\n<li style=\"font-weight: 400;\" aria-level=\"1\"><span style=\"font-weight: 400;\">T\u1ea1o c\u1ea3m gi\u00e1c r\u1ed9ng r\u00e3i: Vi\u1ec7c t\u00edch h\u1ee3p t\u1ee7 v\u00e0o t\u01b0\u1eddng gi\u00fap t\u1ea1o ra m\u1ed9t kh\u00f4ng gian m\u1edf r\u1ed9ng, t\u1ea1o c\u1ea3m gi\u00e1c tho\u1ea3i m\u00e1i v\u00e0 th\u00f4ng tho\u00e1ng h\u01a1n cho c\u0103n ph\u00f2ng.<\/span><\/li>\n<li style=\"font-weight: 400;\" aria-level=\"1\"><span style=\"font-weight: 400;\">T\u0103ng t\u00ednh th\u1ea9m m\u1ef9: Thi\u1ebft k\u1ebf \u00e2m t\u01b0\u1eddng mang l\u1ea1i s\u1ef1 h\u00e0i h\u00f2a v\u00e0 th\u1ea9m m\u1ef9 cho c\u0103n ph\u00f2ng. T\u1ee7 \u0111\u01b0\u1ee3c t\u00edch h\u1ee3p s\u00e2u v\u00e0o t\u01b0\u1eddng t\u1ea1o c\u1ea3m gi\u00e1c g\u1ecdn g\u00e0ng v\u00e0 sang tr\u1ecdng.<\/span><\/li>\n<li style=\"font-weight: 400;\" aria-level=\"1\"><span style=\"font-weight: 400;\">T\u1ee7 \u00e2m t\u01b0\u1eddng gi\u00fap kh\u1eafc ph\u1ee5c nh\u1eefng h\u1ea1n ch\u1ebf c\u1ee7a g\u00f3c t\u01b0\u1eddng v\u00e0 kho\u1ea3ng kh\u00f4ng gian tr\u1ed1ng \u00edt \u0111\u01b0\u1ee3c s\u1eed d\u1ee5ng trong ph\u00f2ng.<\/span><\/li>\n<li style=\"font-weight: 400;\" aria-level=\"1\"><span style=\"font-weight: 400;\">\u0110a d\u1ea1ng v\u1ec1 thi\u1ebft k\u1ebf v\u00e0 m\u00e0u s\u1eafc: T\u1ee7 qu\u1ea7n \u00e1o nh\u00f4m v\u00e0 t\u1ee7 qu\u1ea7n \u00e1o nh\u00f4m c\u00e1nh k\u00ednh l\u00e0 2 d\u00f2ng t\u1ee7 \u0111\u01b0\u1ee3c \u01b0a chu\u1ed9ng nhi\u1ec1u hi\u1ec7n nay. Trong \u0111\u00f3, t\u1ee7 qu\u1ea7n \u00e1o nh\u00f4m c\u00e1nh k\u00ednh th\u01b0\u1eddng c\u00f3 c\u00e1c m\u00e0u s\u1eafc nh\u01b0 x\u00e1m kh\u00f3i, xanh \u0111en, v\u00e0 m\u00e0u tr\u00e0. Nh\u1eefng thanh profile nh\u00f4m \u0111\u01b0\u1ee3c s\u1eed d\u1ee5ng th\u01b0\u1eddng mang l\u1ea1i v\u1ebb sang tr\u1ecdng, v\u1edbi c\u00e1c m\u00e0u s\u1eafc \u0111a d\u1ea1ng nh\u01b0 \u0111en, v\u00e0ng \u0111\u1ed3ng v\u00e0 x\u01b0\u1edbc inox.<\/span><\/li>\n<\/ul>\n<h2 style=\"text-align: justify;\"><strong>3. Ph\u00e2n lo\u1ea1i t\u1ee7 qu\u1ea7n \u00e1o \u00e2m t\u01b0\u1eddng<\/strong><\/h2>\n<p style=\"text-align: justify;\"><span style=\"font-weight: 400;\">T\u1ee7 qu\u1ea7n \u00e1o \u00e2m t\u01b0\u1eddng \u0111\u01b0\u1ee3c ph\u00e2n lo\u1ea1i d\u1ef1a tr\u00ean k\u00edch th\u01b0\u1edbc, ki\u1ec3u d\u00e1ng v\u00e0 ch\u1ea5t li\u1ec7u. Trong s\u1ed1 \u0111\u00f3, ph\u00e2n lo\u1ea1i theo ch\u1ea5t li\u1ec7u bao g\u1ed3m c\u00e1c lo\u1ea1i sau:<\/span><\/p>\n<h3 style=\"text-align: justify;\"><strong>T\u1ee7 qu\u1ea7n \u00e1o \u00e2m t\u01b0\u1eddng g\u1ed7 t\u1ef1 nhi\u00ean<\/strong><\/h3>\n<p style=\"text-align: justify;\"><span style=\"font-weight: 400;\">Thi\u1ebft k\u1ebf t\u1ee7 qu\u1ea7n \u00e1o \u00e2m b\u1eb1ng g\u1ed7 t\u1ef1 nhi\u00ean kh\u00f4ng ch\u1ec9 \u0111\u1ea3m b\u1ea3o t\u00ednh th\u00e2n thi\u1ec7n v\u00e0 an to\u00e0n cho ng\u01b0\u1eddi d\u00f9ng m\u00e0 c\u00f2n mang \u0111\u1ebfn s\u1ef1 \u0111a d\u1ea1ng v\u1ec1 ki\u1ec3u d\u00e1ng. Tuy nhi\u00ean, trong m\u00f4i tr\u01b0\u1eddng th\u1eddi ti\u1ebft kh\u1eafc nghi\u1ec7t nh\u01b0 \u1edf Vi\u1ec7t Nam, s\u1ef1 \u01b0a chu\u1ed9ng \u0111\u1ed1i v\u1edbi d\u00f2ng s\u1ea3n ph\u1ea9m n\u00e0y \u0111\u00e3 gi\u1ea3m \u0111i \u0111\u00e1ng k\u1ec3. Ch\u1ea5t li\u1ec7u g\u1ed7 t\u1ef1 nhi\u00ean c\u00f3 th\u1ec3 d\u1ec5 b\u1ecb t\u00e1c \u0111\u1ed9ng b\u1edfi m\u1ed1i m\u1ecdt v\u00e0 \u1ea9m m\u1ed1c, \u0111\u1eb7c bi\u1ec7t c\u00e1nh t\u1ee7 c\u00f3 th\u1ec3 d\u1ec5 b\u1ecb cong v\u00e0 x\u1ec7 \u0111i sau th\u1eddi gian s\u1eed d\u1ee5ng.<\/span><\/p>\n<h3 style=\"text-align: justify;\"><strong>T\u1ee7 qu\u1ea7n \u00e1o \u00e2m t\u01b0\u1eddng g\u1ed7 c\u00f4ng nghi\u1ec7p<\/strong><\/h3>\n<p style=\"text-align: justify;\"><span style=\"font-weight: 400;\">T\u1ee7 qu\u1ea7n \u00e1o \u00e2m t\u01b0\u1eddng t\u1eeb g\u1ed7 c\u00f4ng nghi\u1ec7p l\u00e0 s\u1ef1 k\u1ebft h\u1ee3p ho\u00e0n h\u1ea3o gi\u1eefa phong c\u00e1ch hi\u1ec7n \u0111\u1ea1i v\u00e0 t\u00ednh \u1ee9ng d\u1ee5ng cao trong vi\u1ec7c t\u1ed5 ch\u1ee9c kh\u00f4ng gian l\u01b0u tr\u1eef. V\u1edbi ch\u1ea5t li\u1ec7u g\u1ed7 c\u00f4ng nghi\u1ec7p ch\u1ea5t l\u01b0\u1ee3ng, t\u1ee7 n\u00e0y kh\u00f4ng ch\u1ec9 \u0111\u1ea3m b\u1ea3o t\u00ednh th\u1ea9m m\u1ef9 m\u00e0 c\u00f2n c\u00f3 kh\u1ea3 n\u0103ng ch\u1ed1ng th\u1ea5m, ch\u1ed1ng cong v\u00eanh v\u00e0 ch\u1ed1ng m\u1ed1i m\u1ecdt, t\u1eeb \u0111\u00f3 n\u00e2ng cao tu\u1ed5i th\u1ecd v\u00e0 gi\u00e1 tr\u1ecb s\u1eed d\u1ee5ng c\u1ee7a s\u1ea3n ph\u1ea9m.<\/span><\/p>\n<h3 style=\"text-align: justify;\"><strong>T\u1ee7 qu\u1ea7n \u00e1o \u00e2m t\u01b0\u1eddng nh\u00f4m k\u00ednh<\/strong><\/h3>\n<p style=\"text-align: justify;\"><span style=\"font-weight: 400;\">T\u1ee7 qu\u1ea7n \u00e1o \u00e2m ph\u00f2ng ng\u1ee7 b\u1eb1ng nh\u00f4m v\u00e0 c\u00e1nh k\u00ednh \u0111ang tr\u1edf th\u00e0nh l\u1ef1a ch\u1ecdn h\u00e0ng \u0111\u1ea7u trong c\u00e1c kh\u00f4ng gian n\u1ed9i th\u1ea5t hi\u1ec7n \u0111\u1ea1i. S\u1ef1 \u01b0a chu\u1ed9ng n\u00e0y kh\u00f4ng ch\u1ec9 \u0111\u1ebfn t\u1eeb v\u1ebb \u0111\u1eb9p m\u00e0 c\u00f2n t\u1eeb t\u00ednh \u0111a n\u0103ng v\u00e0 \u0111\u1ed9 b\u1ec1n c\u1ee7a s\u1ea3n ph\u1ea9m. T\u1ee7 qu\u1ea7n \u00e1o nh\u00f4m kh\u00f4ng ch\u1ec9 ch\u1ed1ng m\u1ed1i m\u1ecdt v\u00e0 kh\u00f4ng cong v\u00eanh nh\u01b0 t\u1ee7 g\u1ed7, m\u00e0 c\u00f2n \u0111\u1ea3m b\u1ea3o an to\u00e0n cho s\u1ee9c kh\u1ecfe c\u1ee7a ng\u01b0\u1eddi d\u00f9ng. \u0110i\u1ec1u n\u00e0y gi\u00fap kh\u1eafc ph\u1ee5c nh\u1eefng nh\u01b0\u1ee3c \u0111i\u1ec3m th\u01b0\u1eddng g\u1eb7p c\u1ee7a c\u00e1c lo\u1ea1i t\u1ee7 qu\u1ea7n \u00e1o truy\u1ec1n th\u1ed1ng.<\/span><\/p>\n<h2 style=\"text-align: justify;\"><strong>4. K\u00edch th\u01b0\u1edbc t\u1ee7 qu\u1ea7n \u00e1o \u00e2m t\u01b0\u1eddng<\/strong><\/h2>\n<p style=\"text-align: justify;\"><span style=\"font-weight: 400;\">K\u00edch th\u01b0\u1edbc c\u1ee7a t\u1ee7 qu\u1ea7n \u00e1o \u00e2m t\u01b0\u1eddng c\u00f3 th\u1ec3 \u0111\u01b0\u1ee3c t\u00f9y ch\u1ec9nh theo y\u00eau c\u1ea7u c\u1ee7a t\u1eebng kh\u00f4ng gian ph\u00f2ng ng\u1ee7 c\u1ee5 th\u1ec3, t\u1eeb nh\u1ecf cho \u0111\u1ebfn l\u1edbn. D\u01b0\u1edbi \u0111\u00e2y l\u00e0 m\u1ed9t s\u1ed1 k\u00edch th\u01b0\u1edbc tham kh\u1ea3o:<\/span><\/p>\n<ul style=\"text-align: justify;\">\n<li><span style=\"font-weight: 400;\"> Chi\u1ec1u cao: Th\u01b0\u1eddng dao \u0111\u1ed9ng t\u1eeb 200cm \u0111\u1ebfn 240cm, ph\u1ee5 thu\u1ed9c v\u00e0o kh\u00f4ng gian v\u00e0 ng\u01b0\u1eddi s\u1eed d\u1ee5ng. Quan tr\u1ecdng l\u00e0 t\u1ea1o \u0111\u1ee7 kh\u00f4ng gian cho vi\u1ec7c treo qu\u1ea7n \u00e1o m\u00e0 kh\u00f4ng g\u00e2y ra s\u1ef1 ch\u1eadt ch\u1ed9i.<\/span><\/li>\n<li><span style=\"font-weight: 400;\"> Chi\u1ec1u r\u1ed9ng: Th\u01b0\u1eddng l\u00e0 t\u1eeb 120cm \u0111\u1ebfn 240cm, ph\u1ee5 thu\u1ed9c v\u00e0o kh\u00f4ng gian v\u00e0 nhu c\u1ea7u l\u01b0u tr\u1eef. \u0110\u1ea3m b\u1ea3o r\u1eb1ng t\u1ee7 c\u00f3 \u0111\u1ee7 chi\u1ec1u r\u1ed9ng \u0111\u1ec3 ch\u1ee9a qu\u1ea7n \u00e1o v\u00e0 ph\u1ee5 ki\u1ec7n.<\/span><\/li>\n<li><span style=\"font-weight: 400;\"> \u0110\u1ed9 s\u00e2u: Th\u01b0\u1eddng t\u1eeb 50cm \u0111\u1ebfn 60cm, \u0111\u1ea3m b\u1ea3o t\u1ee7 cung c\u1ea5p \u0111\u1ee7 kh\u00f4ng gian cho vi\u1ec7c treo v\u00e0 g\u1ea5p qu\u1ea7n \u00e1o.<\/span><\/li>\n<li><span style=\"font-weight: 400;\"> K\u00edch th\u01b0\u1edbc c\u00e1nh c\u1eeda: N\u1ebfu c\u00f3, th\u01b0\u1eddng t\u1eeb 40cm \u0111\u1ebfn 60cm m\u1ed7i c\u00e1nh, c\u00f3 th\u1ec3 \u0111i\u1ec1u ch\u1ec9nh t\u00f9y thu\u1ed9c v\u00e0o thi\u1ebft k\u1ebf.<\/span><\/li>\n<li><span style=\"font-weight: 400;\"> K\u00edch th\u01b0\u1edbc ng\u0103n k\u00e9o v\u00e0 k\u1ec7: Linh ho\u1ea1t v\u00e0 c\u00f3 th\u1ec3 \u0111i\u1ec1u ch\u1ec9nh t\u00f9y thu\u1ed9c v\u00e0o nhu c\u1ea7u l\u01b0u tr\u1eef. Th\u00f4ng th\u01b0\u1eddng, ng\u0103n k\u00e9o c\u00f3 \u0111\u1ed9 cao t\u1eeb 15cm \u0111\u1ebfn 30cm, k\u1ec7 c\u00f3 \u0111\u1ed9 cao t\u1eeb 30cm \u0111\u1ebfn 40cm.<\/span><\/li>\n<li><span style=\"font-weight: 400;\"> Kho\u1ea3ng c\u00e1ch gi\u1eefa c\u00e1c ng\u0103n k\u00e9o v\u00e0 k\u1ec7: Th\u01b0\u1eddng t\u1eeb 30cm \u0111\u1ebfn 40cm, t\u00f9y thu\u1ed9c v\u00e0o lo\u1ea1i \u0111\u1ed3 \u0111\u1ea1c c\u1ea7n l\u01b0u tr\u1eef.<\/span><\/li>\n<li><span style=\"font-weight: 400;\"> Chi\u1ec1u cao c\u00e1nh c\u1eeda n\u1ebfu c\u00f3: Th\u01b0\u1eddng dao \u0111\u1ed9ng t\u1eeb 100cm \u0111\u1ebfn 180cm, t\u00f9y thu\u1ed9c v\u00e0o y\u00eau c\u1ea7u c\u1ee5 th\u1ec3 c\u1ee7a thi\u1ebft k\u1ebf.<\/span><\/li>\n<\/ul>\n<h2 style=\"text-align: justify;\"><strong>5. M\u1ed9t s\u1ed1 l\u01b0u \u00fd khi thi\u1ebft k\u1ebf thi c\u00f4ng t\u1ee7 \u00e2m t\u01b0\u1eddng\u00a0<\/strong><\/h2>\n<ul style=\"text-align: justify;\">\n<li style=\"font-weight: 400;\" aria-level=\"1\"><span style=\"font-weight: 400;\">X\u00e1c \u0111\u1ecbnh ch\u00ednh x\u00e1c v\u1ecb tr\u00ed l\u1eafp \u0111\u1eb7t v\u00e0 k\u00edch th\u01b0\u1edbc c\u1ee7a t\u1ee7 trong ph\u00f2ng ng\u1ee7 ho\u1eb7c ph\u00f2ng thay \u0111\u1ed3 v\u00ec m\u1ed9t khi \u0111\u00e3 \u0111\u01b0a t\u1ee7 v\u00e0o \u00e2m t\u01b0\u1eddng, vi\u1ec7c \u0111i\u1ec1u ch\u1ec9nh sau n\u00e0y s\u1ebd r\u1ea5t kh\u00f3 kh\u0103n.<\/span><\/li>\n<li style=\"font-weight: 400;\" aria-level=\"1\"><span style=\"font-weight: 400;\">H\u1ea1n ch\u1ebf l\u1eafp \u0111\u1eb7t c\u00e1c t\u1ee7 \u00e2m t\u01b0\u1eddng \u1edf nh\u1eefng n\u01a1i d\u1ec5 \u1ea9m \u01b0\u1edbt ho\u1eb7c g\u1ea7n ph\u00f2ng t\u1eafm \u0111\u1ec3 tr\u00e1nh \u1ea3nh h\u01b0\u1edfng \u0111\u1ebfn ch\u1ea5t l\u01b0\u1ee3ng c\u1ee7a t\u1ee7 qu\u1ea7n \u00e1o.<\/span><\/li>\n<li style=\"font-weight: 400;\" aria-level=\"1\"><span style=\"font-weight: 400;\">N\u00ean t\u00ecm hi\u1ec3u v\u1ec1 c\u00e1c ch\u1ea5t li\u1ec7u \u0111\u01b0\u1ee3c s\u1eed d\u1ee5ng trong thi\u1ebft k\u1ebf t\u1ee7 \u00e2m t\u01b0\u1eddng \u0111\u1ec3 \u0111\u1ea3m b\u1ea3o ch\u00fang c\u00f3 kh\u1ea3 n\u0103ng ch\u1ed1ng \u1ea9m m\u1ed1c, m\u1ed1i m\u1ecdt t\u1ed1t nh\u1ea5t.<\/span><\/li>\n<li style=\"font-weight: 400;\" aria-level=\"1\"><span style=\"font-weight: 400;\">X\u00e1c \u0111\u1ecbnh nhu c\u1ea7u l\u01b0u tr\u1eef, s\u1eafp x\u1ebfp \u0111\u1ed3 \u0111\u1ea1c \u0111\u1ec3 ch\u1ecdn s\u1ed1 bu\u1ed3ng v\u00e0 c\u00e1nh t\u1ee7 ph\u00f9 h\u1ee3p.<\/span><\/li>\n<li style=\"font-weight: 400;\" aria-level=\"1\"><span style=\"font-weight: 400;\">N\u1ebfu t\u1ee7 c\u00f3 c\u00e1nh c\u1eeda, x\u00e1c \u0111\u1ecbnh lo\u1ea1i c\u00e1nh c\u1eeda (c\u00e1nh tr\u01b0\u1ee3t, c\u00e1nh l\u00f9a, c\u00e1nh m\u1edf), c\u00e1ch m\u1edf \u0111\u00f3ng, v\u00e0 chi\u1ec1u cao c\u1ea7n thi\u1ebft.<\/span><\/li>\n<li style=\"font-weight: 400;\" aria-level=\"1\"><span style=\"font-weight: 400;\">X\u00e1c \u0111\u1ecbnh ng\u00e2n s\u00e1ch d\u00e0nh cho vi\u1ec7c thi\u1ebft k\u1ebf v\u00e0 thi c\u00f4ng t\u1ee7. \u0110i\u1ec1u n\u00e0y gi\u00fap b\u1ea1n l\u1ef1a ch\u1ecdn v\u1eadt li\u1ec7u v\u00e0 t\u00ednh n\u0103ng ph\u00f9 h\u1ee3p.<\/span><\/li>\n<li style=\"font-weight: 400;\" aria-level=\"1\"><span style=\"font-weight: 400;\">Cu\u1ed1i c\u00f9ng, t\u00ecm ki\u1ebfm m\u1ed9t \u0111\u01a1n v\u1ecb gia c\u00f4ng l\u1eafp \u0111\u1eb7t t\u1ee7 qu\u1ea7n \u00e1o uy t\u00edn v\u00e0 chuy\u00ean nghi\u1ec7p. V\u00ec t\u1ee7 qu\u1ea7n \u00e1o th\u01b0\u1eddng \u0111\u01b0\u1ee3c \u0111\u1eb7t trong ph\u00f2ng ng\u1ee7, vi\u1ec7c l\u00e0m k\u00e9m ch\u1ea5t l\u01b0\u1ee3ng c\u00f3 th\u1ec3 \u1ea3nh h\u01b0\u1edfng \u0111\u1ebfn s\u1ee9c kh\u1ecfe v\u00e0 an to\u00e0n c\u1ee7a ng\u01b0\u1eddi s\u1eed d\u1ee5ng.<\/span><\/li>\n<\/ul>\n<h2 style=\"text-align: justify;\"><strong>6. M\u1eabu t\u1ee7 qu\u1ea7n \u00e1o \u00e2m t\u01b0\u1eddng nh\u00f4m k\u00ednh \u0111\u01b0\u1ee3c \u01b0a chu\u1ed9ng hi\u1ec7n nay<\/strong><\/h2>\n<p style=\"text-align: justify;\"><span style=\"font-weight: 400;\">N\u1ed9i Th\u1ea5t Nh\u1ea5t Nam t\u1ef1 h\u00e0o l\u00e0 \u0111\u1ecba ch\u1ec9 tin c\u1eady cung c\u1ea5p c\u00e1c m\u1eabu t\u1ee7 qu\u1ea7n \u00e1o \u00e2m t\u01b0\u1eddng nh\u00f4m k\u00ednh phong ph\u00fa v\u00e0 \u0111a d\u1ea1ng. V\u1edbi s\u1ef1 tinh t\u1ebf v\u00e0 sang tr\u1ecdng trong t\u1eebng thi\u1ebft k\u1ebf, ch\u00fang t\u00f4i cam k\u1ebft mang \u0111\u1ebfn cho kh\u00e1ch h\u00e0ng nh\u1eefng gi\u1ea3i ph\u00e1p l\u01b0u tr\u1eef \u0111\u1ed3 \u0111\u1ea1c hi\u1ec7n \u0111\u1ea1i v\u00e0 th\u1ea9m m\u1ef9, ph\u1ea3n \u00e1nh phong c\u00e1ch c\u00e1 nh\u00e2n c\u1ee7a m\u1ed7i kh\u00f4ng gian s\u1ed1ng. D\u01b0\u1edbi \u0111\u00e2y l\u00e0 m\u1ed9t s\u1ed1 m\u1eabu t\u1ee7 \u0111\u01b0\u1ee3c \u01b0a chu\u1ed9ng.<\/span><\/p>\n<figure id=\"attachment_2278\" aria-describedby=\"caption-attachment-2278\" style=\"width: 1200px\" class=\"wp-caption aligncenter\"><img loading=\"lazy\" decoding=\"async\" class=\"wp-image-2278\" src=\"https:\/\/nhatnam.org\/wp-content\/uploads\/2024\/12\/z6148420055655_8f9032cb17dbc34892174baba56082ac-225x300.jpg\" alt=\"T\u1ee7 Qu\u1ea7n \u00c1o \u00c2m T\u01b0\u1eddng\" width=\"1200\" height=\"1600\" \/><figcaption id=\"caption-attachment-2278\" class=\"wp-caption-text\">T\u1ee7 qu\u1ea7n \u00e1o \u00e2m t\u01b0\u1eddng nh\u00f4m k\u00ednh c\u00e1nh m\u1edf<\/figcaption><\/figure>\n<figure id=\"attachment_2270\" aria-describedby=\"caption-attachment-2270\" style=\"width: 1200px\" class=\"wp-caption aligncenter\"><img loading=\"lazy\" decoding=\"async\" class=\"wp-image-2270\" src=\"https:\/\/nhatnam.org\/wp-content\/uploads\/2024\/12\/z6148419870828_2202bf8247b09db297ab3c6f31db1ca7-300x300.jpg\" alt=\"t\u1ee7 qu\u1ea7n \u00e1o \u00e2m t\u01b0\u1eddng\" width=\"1200\" height=\"1200\" \/><figcaption id=\"caption-attachment-2270\" class=\"wp-caption-text\">T\u1ee7 \u00e2m t\u01b0\u1eddng nh\u00f4m k\u00ednh ch\u1eef L<\/figcaption><\/figure>\n<figure id=\"attachment_2304\" aria-describedby=\"caption-attachment-2304\" style=\"width: 1200px\" class=\"wp-caption aligncenter\"><img loading=\"lazy\" decoding=\"async\" class=\"wp-image-2304\" src=\"https:\/\/nhatnam.org\/wp-content\/uploads\/2024\/12\/z6148420801817_ff95f362f45bde7385baeefd9a25cb26-196x300.jpg\" alt=\"T\u1ee7 Qu\u1ea7n \u00c1o \u00c2m T\u01b0\u1eddng\" width=\"1200\" height=\"1834\" \/><figcaption id=\"caption-attachment-2304\" class=\"wp-caption-text\">M\u1eabu t\u1ee7 \u00e1o \u00e2m t\u01b0\u1eddng nh\u00f4m k\u00ednh \u0111\u1eb9p<\/figcaption><\/figure>\n<figure id=\"attachment_2492\" aria-describedby=\"caption-attachment-2492\" style=\"width: 1200px\" class=\"wp-caption aligncenter\"><img loading=\"lazy\" decoding=\"async\" class=\"wp-image-2492\" src=\"https:\/\/nhatnam.org\/wp-content\/uploads\/2024\/12\/tu-ao07-300x225.jpg\" alt=\"T\u1ee7 Qu\u1ea7n \u00c1o \u00c2m T\u01b0\u1eddng\" width=\"1200\" height=\"900\" \/><figcaption id=\"caption-attachment-2492\" class=\"wp-caption-text\">T\u1ee7 \u00e1o \u00e2m t\u01b0\u1eddng \u0111a n\u0103ng<\/figcaption><\/figure>\n<h2 style=\"text-align: justify;\"><strong>7. N\u1ed9i th\u1ea5t Nh\u1ea5t Nam &#8211; \u0110\u01a1n v\u1ecb thi\u1ebft k\u1ebf thi c\u00f4ng t\u1ee7 qu\u1ea7n \u00e1o \u00e2m t\u01b0\u1eddng chuy\u00ean nghi\u1ec7p<\/strong><\/h2>\n<p style=\"text-align: justify;\"><span style=\"font-weight: 400;\">N\u1ed9i th\u1ea5t Nh\u1ea5t Nam l\u00e0 \u0111\u1ecba ch\u1ec9 uy t\u00edn v\u00e0 chuy\u00ean nghi\u1ec7p trong l\u0129nh v\u1ef1c thi\u1ebft k\u1ebf v\u00e0 thi c\u00f4ng t\u1ee7 qu\u1ea7n \u00e1o \u00e2m t\u01b0\u1eddng nh\u00f4m k\u00ednh. V\u1edbi \u0111\u1ed9i ng\u0169 k\u1ef9 thu\u1eadt vi\u00ean gi\u00e0u kinh nghi\u1ec7m v\u00e0 s\u1ef1 chuy\u00ean nghi\u1ec7p, ch\u00fang t\u00f4i cam k\u1ebft mang l\u1ea1i s\u1ea3n ph\u1ea9m ch\u1ea5t l\u01b0\u1ee3ng v\u00e0 d\u1ecbch v\u1ee5 t\u1ed1t nh\u1ea5t cho kh\u00e1ch h\u00e0ng.<\/span><\/p>\n<p style=\"text-align: justify;\"><span style=\"font-weight: 400;\">H\u00e3y \u0111\u1ec3 N\u1ed9i Th\u1ea5t Nh\u1ea5t Nam tr\u1edf th\u00e0nh \u0111i\u1ec3m \u0111\u1ebfn l\u00fd t\u01b0\u1edfng cho kh\u00f4ng gian s\u1ed1ng ho\u00e0n h\u1ea3o c\u1ee7a Qu\u00fd kh\u00e1ch h\u00e0ng v\u1edbi c\u00e1c d\u00f2ng s\u1ea3n ph\u1ea9m t\u1ee7 qu\u1ea7n \u00e1o \u00e2m t\u01b0\u1eddng v\u00e0 nhi\u1ec1u s\u1ea3n ph\u1ea9m n\u1ed9i th\u1ea5t kh\u00e1c. Ch\u00fang t\u00f4i cam k\u1ebft bi\u1ebfn m\u1ecdi \u00fd t\u01b0\u1edfng c\u1ee7a Q\u00fay kh\u00e1ch h\u00e0ng th\u00e0nh hi\u1ec7n th\u1ef1c v\u00e0 mang l\u1ea1i s\u1ef1 h\u00e0i l\u00f2ng tuy\u1ec7t \u0111\u1ed1i.<\/span><\/p>\n","protected":false},"excerpt":{"rendered":"<p>T\u1ee7 qu\u1ea7n \u00e1o \u00e2m t\u01b0\u1eddng l\u00e0 l\u1ef1a ch\u1ecdn l\u00fd t\u01b0\u1edfng \u0111\u1ec3 t\u1ed1i \u01b0u h\u00f3a kh\u00f4ng gian s\u1ed1ng, \u0111\u1eb7c bi\u1ec7t ph\u00f9 h\u1ee3p v\u1edbi nh\u1eefng c\u0103n h\u1ed9 ho\u1eb7c ng\u00f4i nh\u00e0 c\u00f3 di\u1ec7n t\u00edch h\u1ea1n ch\u1ebf. V\u1edbi thi\u1ebft k\u1ebf ch\u00ecm g\u1ecdn g\u00e0ng trong t\u01b0\u1eddng, s\u1ea3n ph\u1ea9m kh\u00f4ng ch\u1ec9 ti\u1ebft ki\u1ec7m di\u1ec7n t\u00edch m\u00e0 c\u00f2n mang l\u1ea1i v\u1ebb \u0111\u1eb9p tinh t\u1ebf v\u00e0 hi\u1ec7n \u0111\u1ea1i.<\/p>\n","protected":false},"featured_media":1275,"comment_status":"open","ping_status":"closed","template":"","meta":{"_acf_changed":false,"_gspb_post_css":""},"book-author":[],"product_brand":[],"product_cat":[104,105,106,108],"product_tag":[],"class_list":{"0":"post-1351","1":"product","2":"type-product","3":"status-publish","4":"has-post-thumbnail","6":"product_cat-noi-that-phong-ngu","7":"product_cat-tu-ao-canh-kinh-cua-lua","8":"product_cat-tu-ao-canh-kinh-cua-mo","9":"product_cat-tu-quan-ao-nhom-hop-kim","11":"first","12":"instock","13":"shipping-taxable","14":"product-type-simple"},"acf":[],"_links":{"self":[{"href":"https:\/\/nhatnam.libion.me\/wp-json\/wp\/v2\/product\/1351","targetHints":{"allow":["GET"]}}],"collection":[{"href":"https:\/\/nhatnam.libion.me\/wp-json\/wp\/v2\/product"}],"about":[{"href":"https:\/\/nhatnam.libion.me\/wp-json\/wp\/v2\/types\/product"}],"replies":[{"embeddable":true,"href":"https:\/\/nhatnam.libion.me\/wp-json\/wp\/v2\/comments?post=1351"}],"wp:featuredmedia":[{"embeddable":true,"href":"https:\/\/nhatnam.libion.me\/wp-json\/wp\/v2\/media\/1275"}],"wp:attachment":[{"href":"https:\/\/nhatnam.libion.me\/wp-json\/wp\/v2\/media?parent=1351"}],"wp:term":[{"taxonomy":"book-author","embeddable":true,"href":"https:\/\/nhatnam.libion.me\/wp-json\/wp\/v2\/book-author?post=1351"},{"taxonomy":"product_brand","embeddable":true,"href":"https:\/\/nhatnam.libion.me\/wp-json\/wp\/v2\/product_brand?post=1351"},{"taxonomy":"product_cat","embeddable":true,"href":"https:\/\/nhatnam.libion.me\/wp-json\/wp\/v2\/product_cat?post=1351"},{"taxonomy":"product_tag","embeddable":true,"href":"https:\/\/nhatnam.libion.me\/wp-json\/wp\/v2\/product_tag?post=1351"}],"curies":[{"name":"wp","href":"https:\/\/api.w.org\/{rel}","templated":true}]}}