{"id":1350,"date":"2026-04-07T10:06:03","date_gmt":"2026-04-07T10:06:03","guid":{"rendered":"https:\/\/nhatnam.libion.me\/index.php\/product\/tu-quan-ao-chu-l\/"},"modified":"2026-04-07T10:06:03","modified_gmt":"2026-04-07T10:06:03","slug":"tu-quan-ao-chu-l","status":"publish","type":"product","link":"https:\/\/nhatnam.libion.me\/index.php\/product\/tu-quan-ao-chu-l\/","title":{"rendered":"T\u1ee7 Qu\u1ea7n \u00c1o Ch\u1eef L"},"content":{"rendered":"<p style=\"text-align: justify;\"><span style=\"font-weight: 400;\">T\u1ee7 qu\u1ea7n \u00e1o ch\u1eef L kh\u00e1 ph\u1ed5 bi\u1ebfn tr\u00ean th\u1ecb tr\u01b0\u1eddng n\u1ed9i th\u1ea5t. V\u1edbi thi\u1ebft k\u1ebf linh ho\u1ea1t v\u00e0 s\u00e1ng t\u1ea1o, t\u1eadn d\u1ee5ng t\u1ed1i \u0111a g\u00f3c vu\u00f4ng, t\u1ee7 n\u00e0y kh\u00f4ng ch\u1ec9 gi\u00fap ti\u1ebft ki\u1ec7m kh\u00f4ng gian m\u00e0 c\u00f2n t\u1ea1o \u0111i\u1ec3m nh\u1ea5n th\u1ea9m m\u1ef9 cho ph\u00f2ng ng\u1ee7. N\u00f3 kh\u00f4ng ch\u1ec9 l\u00e0 n\u01a1i \u0111\u1ec3 s\u1eafp x\u1ebfp qu\u1ea7n \u00e1o m\u00e0 c\u00f2n l\u00e0 m\u1ed9t ph\u1ea7n kh\u00f4ng th\u1ec3 thi\u1ebfu trong trang tr\u00ed n\u1ed9i th\u1ea5t, mang l\u1ea1i kh\u00f4ng gian s\u1ed1ng ti\u1ec7n nghi v\u00e0 \u0111\u1eb9p m\u1eaft. <\/span><\/p>\n<p style=\"text-align: justify;\"><span style=\"font-weight: 400;\">H\u00e3y kh\u00e1m ph\u00e1 c\u00e1c m\u1eabu t\u1ee7 qu\u1ea7n \u00e1o ch\u1eef L t\u1ea1i Nh\u1ea5t Nam \u0111\u1ec3 t\u00ecm s\u1ea3n ph\u1ea9m ph\u00f9 h\u1ee3p nh\u1ea5t cho kh\u00f4ng gian s\u1ed1ng c\u1ee7a b\u1ea1n.<\/span><\/p>\n<h2 style=\"text-align: justify;\"><strong>1. S\u01a1 l\u01b0\u1ee3c v\u1ec1 t\u1ee7 qu\u1ea7n \u00e1o ch\u1eef L<\/strong><\/h2>\n<p><img loading=\"lazy\" decoding=\"async\" class=\"aligncenter wp-image-2319\" src=\"https:\/\/nhatnam.org\/wp-content\/uploads\/2024\/12\/z6148420990902_31ea01841c0b6bcbc1f76fac47b45772-300x300.jpg\" alt=\"\" width=\"1200\" height=\"1200\" \/><\/p>\n<p style=\"text-align: justify;\"><span style=\"font-weight: 400;\">T\u1ee7 qu\u1ea7n \u00e1o ch\u1eef L l\u00e0 m\u1ed9t gi\u1ea3i ph\u00e1p thi\u1ebft th\u1ef1c cho kh\u00f4ng gian nh\u1ecf v\u00e0 h\u1ea1n ch\u1ebf. V\u1edbi c\u1ea5u tr\u00fac h\u00ecnh d\u00e1ng \u0111\u1eb7c bi\u1ec7t, t\u1ee7 n\u00e0y t\u1eadn d\u1ee5ng hi\u1ec7u qu\u1ea3 g\u00f3c ph\u00f2ng, t\u1ed1i \u01b0u h\u00f3a vi\u1ec7c l\u01b0u tr\u1eef qu\u1ea7n \u00e1o v\u00e0 \u0111\u1ed3 d\u00f9ng. N\u00f3 th\u01b0\u1eddng \u0111\u01b0\u1ee3c \u1ee9ng d\u1ee5ng trong c\u00e1c c\u0103n h\u1ed9 hay ph\u00f2ng ng\u1ee7 c\u00f3 di\u1ec7n t\u00edch khi\u00eam t\u1ed1n.<\/span><\/p>\n<p style=\"text-align: justify;\"><span style=\"font-weight: 400;\">\u0110\u1eb7c bi\u1ec7t, t\u1ee7 qu\u1ea7n \u00e1o ch\u1eef L c\u00f3 th\u1ec3 \u0111\u01b0\u1ee3c c\u00e1 nh\u00e2n h\u00f3a v\u1edbi c\u00e1c t\u00ednh n\u0103ng b\u1ed5 sung nh\u01b0 ng\u0103n k\u00e9o, ng\u0103n \u0111\u1ef1ng gi\u00e0y, k\u1ec7 \u0111\u1ec3 ph\u1ee5 ki\u1ec7n, linh ho\u1ea1t \u0111\u00e1p \u1ee9ng nhu c\u1ea7u s\u1eed d\u1ee5ng v\u00e0 th\u1ea9m m\u1ef9 ri\u00eang bi\u1ec7t c\u1ee7a m\u1ed7i gia \u0111\u00ecnh. Kh\u00e1m ph\u00e1 c\u00e1c m\u1eabu t\u1ee7 qu\u1ea7n \u00e1o ch\u1eef L t\u1ea1i \u0111\u1ecba ch\u1ec9 uy t\u00edn \u0111\u1ec3 t\u1ed1i \u0111a h\u00f3a ti\u1ec7n \u00edch cho kh\u00f4ng gian s\u1ed1ng c\u1ee7a b\u1ea1n.<\/span><\/p>\n<h2 style=\"text-align: justify;\"><strong>2. \u01afu v\u00e0 nh\u01b0\u1ee3c \u0111i\u1ec3m c\u1ee7a t\u1ee7 \u00e1o ch\u1eef L<\/strong><\/h2>\n<p><img loading=\"lazy\" decoding=\"async\" class=\"aligncenter wp-image-2299\" src=\"https:\/\/nhatnam.org\/wp-content\/uploads\/2024\/12\/z6148420740550_29a6200ad75985d6c1c5b63043ff32c8-300x225.jpg\" alt=\"t\u1ee7 \u00e1o c\u00e1nh k\u00ednh\" width=\"1200\" height=\"900\" \/><\/p>\n<h3 style=\"text-align: justify;\"><strong>\u01afu \u0111i\u1ec3m c\u1ee7a t\u1ee7 qu\u1ea7n \u00e1o ch\u1eef L:<\/strong><\/h3>\n<ul style=\"text-align: justify;\">\n<li style=\"font-weight: 400;\" aria-level=\"1\"><span style=\"font-weight: 400;\">T\u1eadn d\u1ee5ng kh\u00f4ng gian g\u00f3c hi\u1ec7u qu\u1ea3: Thi\u1ebft k\u1ebf h\u00ecnh ch\u1eef L gi\u00fap t\u1ed1i \u01b0u h\u00f3a di\u1ec7n t\u00edch s\u1eed d\u1ee5ng, \u0111\u1eb7c bi\u1ec7t l\u00e0 trong c\u00e1c kh\u00f4ng gian nh\u1ecf.<\/span><\/li>\n<li style=\"font-weight: 400;\" aria-level=\"1\"><span style=\"font-weight: 400;\">Ti\u1ec7n \u00edch l\u01b0u tr\u1eef: T\u1ee7 ch\u1eef L th\u01b0\u1eddng c\u00f3 nhi\u1ec1u t\u00ednh n\u0103ng nh\u01b0 ng\u0103n k\u00e9o, k\u1ec7, gi\u00e0y, treo \u00e1o, gi\u00fap t\u1ed5 ch\u1ee9c \u0111\u1ed3 d\u00f9ng m\u1ed9t c\u00e1ch ng\u0103n n\u1eafp v\u00e0 ti\u1ec7n l\u1ee3i.<\/span><\/li>\n<li style=\"font-weight: 400;\" aria-level=\"1\"><span style=\"font-weight: 400;\">T\u1ea1o \u0111i\u1ec3m nh\u1ea5n th\u1ea9m m\u1ef9: Thi\u1ebft k\u1ebf \u0111\u1ed9c \u0111\u00e1o c\u1ee7a t\u1ee7 ch\u1eef L c\u00f3 th\u1ec3 l\u00e0m \u0111i\u1ec3m nh\u1ea5n th\u1ea9m m\u1ef9 cho kh\u00f4ng gian n\u1ed9i th\u1ea5t.<\/span><\/li>\n<li style=\"font-weight: 400;\" aria-level=\"1\"><span style=\"font-weight: 400;\">T\u00f9y ch\u1ec9nh linh ho\u1ea1t: T\u00f9y ch\u1ec9nh s\u1ed1 l\u01b0\u1ee3ng v\u00e0 c\u1ea5u tr\u00fac c\u1ee7a t\u1ee7 ph\u00f9 h\u1ee3p v\u1edbi nhu c\u1ea7u c\u00e1 nh\u00e2n.<\/span><\/li>\n<li style=\"font-weight: 400;\" aria-level=\"1\"><span style=\"font-weight: 400;\">Ti\u1ebft ki\u1ec7m di\u1ec7n t\u00edch: Gi\u00fap ti\u1ebft ki\u1ec7m di\u1ec7n t\u00edch so v\u1edbi c\u00e1c lo\u1ea1i t\u1ee7 qu\u1ea7n \u00e1o truy\u1ec1n th\u1ed1ng.<\/span><\/li>\n<li style=\"font-weight: 400;\" aria-level=\"1\"><span style=\"font-weight: 400;\">T\u1ee7 qu\u1ea7n \u00e1o g\u00f3c ch\u1eef L th\u01b0\u1eddng \u0111\u01b0\u1ee3c t\u00edch h\u1ee3p m\u1ed9t c\u00e1ch ho\u00e0n h\u1ea3o v\u1edbi c\u00e1c lo\u1ea1i n\u1ed9i th\u1ea5t kh\u00e1c trong ph\u00f2ng ng\u1ee7 nh\u01b0: B\u00e0n l\u00e0m vi\u1ec7c, b\u00e0n trang \u0111i\u1ec3m, k\u1ec7 trang tr\u00ed, v\u00e0 k\u1ec7 s\u00e1ch.<\/span><\/li>\n<\/ul>\n<h3 style=\"text-align: justify;\"><strong>Nh\u01b0\u1ee3c \u0111i\u1ec3m c\u1ee7a t\u1ee7 qu\u1ea7n \u00e1o ch\u1eef L:<\/strong><\/h3>\n<ul style=\"text-align: justify;\">\n<li style=\"font-weight: 400;\" aria-level=\"1\"><span style=\"font-weight: 400;\">Kh\u1ea3 n\u0103ng t\u01b0\u01a1ng th\u00edch: Thi\u1ebft k\u1ebf ch\u1eef L kh\u00f4ng ph\u00f9 h\u1ee3p v\u1edbi m\u1ecdi lo\u1ea1i ph\u00f2ng ho\u1eb7c kh\u00f4ng gian.<\/span><\/li>\n<li style=\"font-weight: 400;\" aria-level=\"1\"><span style=\"font-weight: 400;\">Ph\u1ee5 thu\u1ed9c v\u00e0o thi\u1ebft k\u1ebf ph\u00f2ng: C\u00f3 th\u1ec3 h\u1ea1n ch\u1ebf v\u1ec1 v\u1ecb tr\u00ed l\u1eafp \u0111\u1eb7t t\u00f9y thu\u1ed9c v\u00e0o c\u1ea5u tr\u00fac c\u1ee7a ph\u00f2ng.<\/span><\/li>\n<li style=\"font-weight: 400;\" aria-level=\"1\"><span style=\"font-weight: 400;\">H\u1ea1n ch\u1ebf di chuy\u1ec3n: Vi\u1ec7c di chuy\u1ec3n t\u1ee7 sau khi l\u1eafp \u0111\u1eb7t c\u00f3 th\u1ec3 g\u1eb7p kh\u00f3 kh\u0103n h\u01a1n so v\u1edbi c\u00e1c lo\u1ea1i t\u1ee7 kh\u00e1c.<\/span><\/li>\n<\/ul>\n<h2 style=\"text-align: justify;\"><strong>3. M\u1ed9t s\u1ed1 l\u01b0u \u00fd khi ch\u1ecdn mua t\u1ee7 qu\u1ea7n \u00e1o g\u00f3c t\u01b0\u1eddng ch\u1eef L<\/strong><\/h2>\n<p><img loading=\"lazy\" decoding=\"async\" class=\"aligncenter wp-image-2300\" src=\"https:\/\/nhatnam.org\/wp-content\/uploads\/2024\/12\/z6148420774186_ec67a56ddd0003149de99bd354323bcc-300x300.jpg\" alt=\"t\u1ee7 qu\u1ea7n \u00e1o ch\u1eef l\" width=\"1200\" height=\"1200\" \/><\/p>\n<p style=\"text-align: justify;\"><strong>3.1 Ch\u1ecdn k\u00edch th\u01b0\u1edbc t\u1ee7 ph\u00f9 h\u1ee3p<\/strong><\/p>\n<p style=\"text-align: justify;\"><span style=\"font-weight: 400;\">Vi\u1ec7c ch\u1ecdn k\u00edch th\u01b0\u1edbc t\u1ee7 \u00e1o qu\u1ea7n ph\u00f9 h\u1ee3p v\u1edbi di\u1ec7n t\u00edch ph\u00f2ng l\u00e0 m\u1ed9t y\u1ebfu t\u1ed1 quan tr\u1ecdng. Q\u00fay kh\u00e1ch c\u1ea7n c\u00e2n nh\u1eafc k\u1ef9 l\u01b0\u1ee1ng \u0111\u1ec3 tr\u00e1nh t\u00ecnh tr\u1ea1ng t\u1ee7 qu\u00e1 l\u1edbn l\u00e0m c\u1ea3m gi\u00e1c c\u0103ng th\u1eb3ng v\u00e0 t\u00f9 t\u00fang, ho\u1eb7c qu\u00e1 nh\u1ecf kh\u00f4ng \u0111\u1ee7 s\u1ee9c ch\u1ee9a \u0111\u1ed3 \u0111\u1ea1c. K\u00edch th\u01b0\u1edbc ph\u1ea3i \u0111i\u1ec1u ch\u1ec9nh sao cho v\u1eeba v\u1eb7n v\u00e0 h\u00e0i h\u00f2a v\u1edbi kh\u00f4ng gian ph\u00f2ng ng\u1ee7.<\/span><\/p>\n<p style=\"text-align: justify;\"><strong>3.2 L\u1ef1a ch\u1ecdn ki\u1ec3u d\u00e1ng v\u00e0 thi\u1ebft k\u1ebf<\/strong><\/p>\n<p style=\"text-align: justify;\"><span style=\"font-weight: 400;\">C\u00f3 nhi\u1ec1u m\u1eabu m\u00e3 v\u00e0 ki\u1ec3u d\u00e1ng t\u1ee7 qu\u1ea7n \u00e1o g\u00f3c t\u01b0\u1eddng nh\u01b0 t\u1ee7 \u00e1o k\u1ecbch tr\u1ea7n, t\u1ee7 c\u00e1nh l\u00f9a, c\u00e1nh k\u00e9o,&#8230; Q\u00fay kh\u00e1ch n\u00ean ch\u1ecdn ki\u1ec3u d\u00e1ng ph\u00f9 h\u1ee3p v\u1edbi nhu c\u1ea7u v\u00e0 kh\u00f4ng gian s\u1eed d\u1ee5ng.\u00a0<\/span><\/p>\n<p style=\"text-align: justify;\"><span style=\"font-weight: 400;\">Thi\u1ebft k\u1ebf t\u1ee7 k\u1ebft h\u1ee3p nhi\u1ec1u c\u00f4ng n\u0103ng nh\u01b0 g\u01b0\u01a1ng to\u00e0n th\u00e2n hay b\u00e0n trang \u0111i\u1ec3m c\u0169ng l\u00e0 m\u1ed9t ph\u01b0\u01a1ng ph\u00e1p t\u1ed1i \u01b0u kh\u00f4ng gian v\u00e0 chi ph\u00ed.<\/span><\/p>\n<p style=\"text-align: justify;\"><strong>3.3 L\u1ef1a ch\u1ecdn ch\u1ea5t li\u1ec7u s\u1ea3n ph\u1ea9m<\/strong><\/p>\n<p style=\"text-align: justify;\"><span style=\"font-weight: 400;\">H\u00e3y l\u1ef1a ch\u1ecdn ch\u1ea5t li\u1ec7u ph\u00f9 h\u1ee3p v\u1edbi phong c\u00e1ch n\u1ed9i th\u1ea5t v\u00e0 s\u1edf th\u00edch c\u00e1 nh\u00e2n c\u1ee7a qu\u00fd kh\u00e1ch. T\u00f9y thu\u1ed9c v\u00e0o s\u1edf th\u00edch v\u00e0 y\u00eau c\u1ea7u v\u1ec1 t\u00ednh th\u1ea9m m\u1ef9, qu\u00fd kh\u00e1ch c\u00f3 th\u1ec3 ch\u1ecdn t\u1eeb g\u1ed7 t\u1ef1 nhi\u00ean, g\u1ed7 c\u00f4ng nghi\u1ec7p, g\u1ed7 nh\u00f4m ho\u1eb7c c\u00e1c v\u1eadt li\u1ec7u kh\u00e1c \u0111\u1ec3 t\u1ea1o ra m\u1ed9t chi\u1ebfc t\u1ee7 qu\u1ea7n \u00e1o ch\u1eef L \u0111\u1ed9c \u0111\u00e1o v\u00e0 ph\u1ea3n \u00e1nh phong c\u00e1ch ri\u00eang c\u1ee7a m\u00ecnh.<\/span><\/p>\n<h2 style=\"text-align: justify;\"><strong>4. B\u00e1o gi\u00e1 t\u1ee7 qu\u1ea7n \u00e1o ch\u1eef L tr\u1ecdn g\u00f3i m\u1edbi nh\u1ea5t t\u1ea1i N\u1ed9i Th\u1ea5t Nh\u1ea5t Nam<\/strong><\/h2>\n<p style=\"text-align: justify;\"><span style=\"font-weight: 400;\">Gi\u00e1 c\u1ee7a t\u1ee7 qu\u1ea7n \u00e1o ch\u1eef L th\u01b0\u1eddng ph\u1ee5 thu\u1ed9c v\u00e0o nhi\u1ec1u y\u1ebfu t\u1ed1, bao g\u1ed3m ch\u1ea5t li\u1ec7u, thi\u1ebft k\u1ebf, k\u00edch th\u01b0\u1edbc v\u00e0 c\u00e1c t\u00ednh n\u0103ng b\u1ed5 sung\u00a0 v\u00e0 y\u00eau c\u1ea7u thi\u1ebft k\u1ebfc\u1ee7a gia ch\u1ee7<\/span><\/p>\n<p style=\"text-align: justify;\"><span style=\"font-weight: 400;\">\u0110\u1ec3 bi\u1ebft th\u00f4ng tin chi ti\u1ebft vui l\u00f2ng li\u00ean h\u1ec7 v\u1edbi N\u1ed9i Th\u1ea5t Nh\u1ea5t Nam \u0111\u1ec3 \u0111\u01b0\u1ee3c t\u01b0 v\u1ea5n mi\u1ec5n ph\u00ed v\u00e0 nh\u1eadn nhi\u1ec1u \u01b0u \u0111\u00e3i.<\/span><\/p>\n<h2 style=\"text-align: justify;\"><strong>5. M\u1ed9t s\u1ed1 m\u1eabu t\u1ee7 qu\u1ea7n \u00e1o ch\u1eef L \u0111\u1eb9p<\/strong><\/h2>\n<p style=\"text-align: justify;\"><img loading=\"lazy\" decoding=\"async\" class=\"aligncenter wp-image-2284\" src=\"https:\/\/nhatnam.org\/wp-content\/uploads\/2024\/12\/z6148420373474_9b6aebd9a640f34a1452113f0fdfef5e-300x225.jpg\" alt=\"T\u1ee7 Qu\u1ea7n \u00c1o Ch\u1eef L\" width=\"1200\" height=\"900\" \/><\/p>\n<p style=\"text-align: justify;\"><img loading=\"lazy\" decoding=\"async\" class=\"aligncenter wp-image-2852 size-full\" src=\"https:\/\/nhatnam.org\/wp-content\/uploads\/2024\/12\/1-1.jpg\" alt=\"\" width=\"1200\" height=\"630\" \/><\/p>\n<p style=\"text-align: justify;\"><img loading=\"lazy\" decoding=\"async\" class=\"aligncenter wp-image-2853 size-full\" src=\"https:\/\/nhatnam.org\/wp-content\/uploads\/2024\/12\/2-1.jpg\" alt=\"\" width=\"1200\" height=\"630\" \/><\/p>\n<p style=\"text-align: justify;\"><img loading=\"lazy\" decoding=\"async\" class=\"aligncenter wp-image-2854 size-full\" src=\"https:\/\/nhatnam.org\/wp-content\/uploads\/2024\/12\/3-1.jpg\" alt=\"\" width=\"1200\" height=\"630\" \/><\/p>\n<p style=\"text-align: justify;\"><img loading=\"lazy\" decoding=\"async\" class=\"aligncenter wp-image-2855 size-full\" src=\"https:\/\/nhatnam.org\/wp-content\/uploads\/2024\/12\/4.jpg\" alt=\"\" width=\"1200\" height=\"630\" \/><\/p>\n","protected":false},"excerpt":{"rendered":"<p style=\"text-align: justify;\"><span style=\"font-weight: 400;\">T\u1ee7 qu\u1ea7n \u00e1o ch\u1eef L kh\u00e1 ph\u1ed5 bi\u1ebfn tr\u00ean th\u1ecb tr\u01b0\u1eddng n\u1ed9i th\u1ea5t\u00a0 V\u1edbi thi\u1ebft k\u1ebf linh ho\u1ea1t v\u00e0 s\u00e1ng t\u1ea1o, t\u1eadn d\u1ee5ng t\u1ed1i \u0111a g\u00f3c vu\u00f4ng, t\u1ee7 n\u00e0y kh\u00f4ng ch\u1ec9 gi\u00fap ti\u1ebft ki\u1ec7m kh\u00f4ng gian m\u00e0 c\u00f2n t\u1ea1o \u0111i\u1ec3m nh\u1ea5n th\u1ea9m m\u1ef9 cho ph\u00f2ng ng\u1ee7. N\u00f3 kh\u00f4ng ch\u1ec9 l\u00e0 n\u01a1i \u0111\u1ec3 s\u1eafp x\u1ebfp qu\u1ea7n \u00e1o m\u00e0 c\u00f2n l\u00e0 m\u1ed9t ph\u1ea7n kh\u00f4ng th\u1ec3 thi\u1ebfu trong trang tr\u00ed n\u1ed9i th\u1ea5t, mang l\u1ea1i kh\u00f4ng gian s\u1ed1ng ti\u1ec7n nghi v\u00e0 \u0111\u1eb9p m\u1eaft. <\/span><\/p>\n<p style=\"text-align: justify;\"><span style=\"font-weight: 400;\">H\u00e3y kh\u00e1m ph\u00e1 c\u00e1c m\u1eabu t\u1ee7 qu\u1ea7n \u00e1o ch\u1eef L t\u1ea1i Nh\u1ea5t Nam \u0111\u1ec3 t\u00ecm s\u1ea3n ph\u1ea9m ph\u00f9 h\u1ee3p nh\u1ea5t cho kh\u00f4ng gian s\u1ed1ng c\u1ee7a b\u1ea1n.<\/span><\/p>\n","protected":false},"featured_media":1302,"comment_status":"open","ping_status":"closed","template":"","meta":{"_acf_changed":false,"_gspb_post_css":""},"book-author":[],"product_brand":[],"product_cat":[104,105,106,107,108],"product_tag":[],"class_list":{"0":"post-1350","1":"product","2":"type-product","3":"status-publish","4":"has-post-thumbnail","6":"product_cat-noi-that-phong-ngu","7":"product_cat-tu-ao-canh-kinh-cua-lua","8":"product_cat-tu-ao-canh-kinh-cua-mo","9":"product_cat-tu-quan-ao-go-mdf","10":"product_cat-tu-quan-ao-nhom-hop-kim","12":"first","13":"instock","14":"shipping-taxable","15":"product-type-simple"},"acf":[],"_links":{"self":[{"href":"https:\/\/nhatnam.libion.me\/index.php\/wp-json\/wp\/v2\/product\/1350","targetHints":{"allow":["GET"]}}],"collection":[{"href":"https:\/\/nhatnam.libion.me\/index.php\/wp-json\/wp\/v2\/product"}],"about":[{"href":"https:\/\/nhatnam.libion.me\/index.php\/wp-json\/wp\/v2\/types\/product"}],"replies":[{"embeddable":true,"href":"https:\/\/nhatnam.libion.me\/index.php\/wp-json\/wp\/v2\/comments?post=1350"}],"wp:featuredmedia":[{"embeddable":true,"href":"https:\/\/nhatnam.libion.me\/index.php\/wp-json\/wp\/v2\/media\/1302"}],"wp:attachment":[{"href":"https:\/\/nhatnam.libion.me\/index.php\/wp-json\/wp\/v2\/media?parent=1350"}],"wp:term":[{"taxonomy":"book-author","embeddable":true,"href":"https:\/\/nhatnam.libion.me\/index.php\/wp-json\/wp\/v2\/book-author?post=1350"},{"taxonomy":"product_brand","embeddable":true,"href":"https:\/\/nhatnam.libion.me\/index.php\/wp-json\/wp\/v2\/product_brand?post=1350"},{"taxonomy":"product_cat","embeddable":true,"href":"https:\/\/nhatnam.libion.me\/index.php\/wp-json\/wp\/v2\/product_cat?post=1350"},{"taxonomy":"product_tag","embeddable":true,"href":"https:\/\/nhatnam.libion.me\/index.php\/wp-json\/wp\/v2\/product_tag?post=1350"}],"curies":[{"name":"wp","href":"https:\/\/api.w.org\/{rel}","templated":true}]}}