{"id":1348,"date":"2026-04-07T10:06:00","date_gmt":"2026-04-07T10:06:00","guid":{"rendered":"https:\/\/nhatnam.libion.me\/index.php\/product\/tu-ao-canh-kinh-cua-mo\/"},"modified":"2026-04-07T10:06:00","modified_gmt":"2026-04-07T10:06:00","slug":"tu-ao-canh-kinh-cua-mo","status":"publish","type":"product","link":"https:\/\/nhatnam.libion.me\/index.php\/product\/tu-ao-canh-kinh-cua-mo\/","title":{"rendered":"T\u1ee7 \u00c1o C\u00e1nh K\u00ednh C\u1eeda M\u1edf"},"content":{"rendered":"<p style=\"text-align: justify;\"><span style=\"font-weight: 400;\">T\u1ee7 \u00e1o c\u00e1nh k\u00ednh c\u1eeda m\u1edf \u0111ang l\u00e0 xu th\u1ebf m\u1edbi trong thi\u1ebft k\u1ebf n\u1ed9i th\u1ea5t hi\u1ec7n \u0111\u1ea1i, sang tr\u1ecdng, \u0111\u1eb3ng c\u1ea5p. S\u1ebd ra sao khi b\u1ea1n b\u01b0\u1edbc v\u00e0o c\u0103n ph\u00f2ng v\u00e0 c\u00f3 c\u1ea3m gi\u00e1c kh\u00f4ng kh\u00e1c g\u00ec \u0111\u1ebfn c\u00e1c c\u1eeda h\u00e0ng tr\u01b0ng b\u00e0y h\u00e0ng th\u1eddi trang cao c\u1ea5p \u1edf n\u01b0\u1edbc ngo\u00e0i hay khu tr\u01b0ng b\u00e0y h\u00e0ng th\u1eddi trang cao c\u1ea5p ngay t\u1ea1i nh\u00e0 m\u00ecnh. V\u1eady \u0111\u1eb7c \u0111i\u1ec3m n\u1ed5i b\u1eadt c\u1ee7a t\u1ee7 \u00e1o c\u00e1nh k\u00ednh c\u1eeda m\u1edf l\u00e0 g\u00ec? C\u00f9ng t\u00ecm hi\u1ec3u qua b\u00e0i vi\u1ebft d\u01b0\u1edbi \u0111\u00e2y nh\u00e9.<\/span><\/p>\n<h2 style=\"text-align: justify;\"><strong>1. V\u00e0i n\u00e9t v\u1ec1 t\u1ee7 \u00e1o c\u00e1nh k\u00ednh c\u1eeda m\u1edf<\/strong><\/h2>\n<p><img loading=\"lazy\" decoding=\"async\" class=\"aligncenter wp-image-2317\" src=\"https:\/\/nhatnam.org\/wp-content\/uploads\/2024\/12\/z6148420925112_221ff016049e26d598e797a5989888cf-240x300.jpg\" alt=\"T\u1ee7 Qu\u1ea7n \u00c1o C\u00e1nh K\u00ednh C\u1eeda M\u1edf\" width=\"1200\" height=\"1500\" \/><\/p>\n<p style=\"text-align: justify;\"><span style=\"font-weight: 400;\">T\u1ee7 qu\u1ea7n \u00e1o c\u00e1nh k\u00ednh m\u1edf l\u00e0 ki\u1ec3u t\u1ee7 truy\u1ec1n th\u1ed1ng, l\u00e0 m\u1ed9t lo\u1ea1i t\u1ee7 \u00e1o \u0111\u01b0\u1ee3c thi\u1ebft k\u1ebf v\u1edbi c\u00e1nh t\u1ee7 l\u00e0m t\u1eeb k\u00ednh c\u01b0\u1eddng l\u1ef1c. \u0110\u1eb7c \u0111i\u1ec3m n\u00e0y kh\u00f4ng ch\u1ec9 t\u1ea1o \u0111i\u1ec3m nh\u1ea5n th\u1ea9m m\u1ef9 cho kh\u00f4ng gian n\u1ed9i th\u1ea5t m\u00e0 c\u00f2n gi\u00fap t\u1ed1i \u01b0u h\u00f3a kh\u00f4ng gian l\u01b0u tr\u1eef v\u00e0 t\u1ea1o c\u1ea3m gi\u00e1c tho\u00e1ng \u0111\u00e3ng cho ph\u00f2ng. V\u1edbi thi\u1ebft k\u1ebf c\u1eeda \u0111\u01b0\u1ee3c k\u00e9o m\u1edf sang 2 b\u00ean nh\u1edd h\u1ec7 th\u1ed1ng b\u1ea3n l\u1ec1 li\u00ean k\u1ebft c\u00e1nh c\u1eeda v\u1edbi th\u00e2n t\u1ee7.\u00a0<\/span><\/p>\n<h3 style=\"text-align: justify;\"><strong>C\u1ea5u t\u1ea1o c\u1ee7a t\u1ee7 \u00e1o c\u00e1nh k\u00ednh c\u1eeda m\u1edf:<\/strong><\/h3>\n<ul style=\"text-align: justify;\">\n<li style=\"font-weight: 400;\" aria-level=\"1\"><span style=\"font-weight: 400;\">Khung t\u1ee7 v\u00e0 th\u00f9ng t\u1ee7: Th\u01b0\u1eddng \u0111\u01b0\u1ee3c l\u00e0m t\u1eeb nh\u00f4m ho\u1eb7c c\u00e1c lo\u1ea1i g\u1ed7 ch\u1ea5t l\u01b0\u1ee3ng cao, khung t\u1ee7 v\u00e0 th\u00f9ng t\u1ee7 \u0111\u1ea3m b\u1ea3o \u0111\u1ed9 ch\u1eafc ch\u1eafn v\u00e0 \u1ed5n \u0111\u1ecbnh cho to\u00e0n b\u1ed9 t\u1ee7.<\/span><\/li>\n<li style=\"font-weight: 400;\" aria-level=\"1\"><span style=\"font-weight: 400;\">K\u00ednh: K\u00ednh \u0111\u01b0\u1ee3c s\u1eed d\u1ee5ng \u1edf m\u1eabu t\u1ee7 n\u00e0y v\u00f4 c\u00f9ng b\u1ec1n, \u0111\u1eb9p v\u00e0 c\u00f3 t\u00ednh th\u1ea9m m\u1ef9 cao. C\u00e1nh k\u00ednh l\u00e0 k\u00ednh c\u01b0\u1eddng l\u1ef1c c\u00f3 \u0111\u1ed9 d\u00e0y ph\u00f9 h\u1ee3p v\u00e0 ch\u1ecbu l\u1ef1c t\u1ed1t.<\/span><\/li>\n<li style=\"font-weight: 400;\" aria-level=\"1\"><span style=\"font-weight: 400;\">Tay n\u1eafm: Th\u00eam m\u1ed9t ph\u1ee5 ki\u1ec7n \u0111i k\u00e8m \u0111\u00f3 l\u00e0 tay n\u1eafm c\u1eeda t\u1ee7. V\u1edbi nhi\u1ec1u ki\u1ec3u d\u00e1ng v\u00e0 m\u00e0u s\u1eafc, tay n\u1eafm c\u1eeda t\u1ee7 k\u1ebft h\u1ee3p v\u1edbi k\u00ednh c\u01b0\u1eddng l\u1ef1c.\u00a0<\/span><\/li>\n<li style=\"font-weight: 400;\" aria-level=\"1\"><span style=\"font-weight: 400;\">Ph\u1ee5 ki\u1ec7n c\u00e1nh k\u00ednh t\u1ee7 \u00e1o: C\u00e1c ph\u1ee5 ki\u1ec7n \u0111i k\u00e8m nh\u01b0: ke g\u00f3c t\u1ee7, \u1ed1c v\u00edt, gio\u0103ng cao su,&#8230; Gi\u00fap s\u1ea3n ph\u1ea9m c\u1eeda k\u00ednh t\u1ee7 qu\u1ea7n \u00e1o th\u00eam ph\u1ea7n ch\u1eafc ch\u1eafn. B\u1ea3n l\u1ec1 c\u00e1nh k\u00ednh t\u1ee7 \u00e1o gi\u00fap c\u1eeda t\u1ee7 \u0111\u00f3ng m\u1edf r\u1ea5t \u00eam \u00e1i, gi\u00fap t\u0103ng tu\u1ed5i th\u1ecd cho c\u1eeda t\u1ee7.<\/span><\/li>\n<\/ul>\n<h2 style=\"text-align: justify;\"><strong>2. V\u00ec sao n\u00ean ch\u1ecdn t\u1ee7 \u00e1o c\u00e1nh k\u00ednh c\u1eeda m\u1edf<\/strong><\/h2>\n<p><img loading=\"lazy\" decoding=\"async\" class=\"aligncenter wp-image-2300\" src=\"https:\/\/nhatnam.org\/wp-content\/uploads\/2024\/12\/z6148420774186_ec67a56ddd0003149de99bd354323bcc-300x300.jpg\" alt=\"T\u1ee7 Qu\u1ea7n \u00c1o C\u00e1nh K\u00ednh C\u1eeda M\u1edf\" width=\"1200\" height=\"1200\" \/><\/p>\n<p style=\"text-align: justify;\"><span style=\"font-weight: 400;\">T\u1ee7 \u00e1o c\u00e1nh k\u00ednh c\u1eeda m\u1edf l\u00e0 d\u00f2ng s\u1ea3n ph\u1ea9m t\u1ee7 \u00e1o c\u00e1nh k\u00ednh cao c\u1ea5p r\u1ea5t \u0111\u01b0\u1ee3c \u01b0a chu\u1ed9ng trong thi\u1ebft k\u1ebf n\u1ed9i th\u1ea5t theo phong c\u00e1ch hi\u1ec7n \u0111\u1ea1i. \u0110\u1eb7c bi\u1ec7t thi\u1ebft k\u1ebf n\u1ed9i th\u1ea5t chung c\u01b0, nh\u00e0 ph\u1ed1, bi\u1ec7t th\u1ef1, resort hay kh\u00e1ch s\u1ea1n b\u1edfi:<\/span><\/p>\n<ul style=\"text-align: justify;\">\n<li style=\"font-weight: 400;\" aria-level=\"1\"><span style=\"font-weight: 400;\">T\u1ee7 \u00e1o c\u00e1nh k\u00ednh kh\u00f4ng ch\u1ec9 c\u00f3 c\u00e1c m\u1eabu c\u00e1nh nh\u00f4m k\u00ednh \u0111a d\u1ea1ng m\u00e0 c\u00f2n c\u00f3 nhi\u1ec1u t\u00f9y ch\u1ecdn v\u1ec1 m\u00e0u s\u1eafc, t\u1eeb m\u00e0u s\u1eafc c\u1ee7a khung nh\u00f4m \u0111\u1ebfn m\u00e0u c\u1ee7a c\u00e1nh k\u00ednh. \u0110i\u1ec1u n\u00e0y gi\u00fap ph\u00f9 h\u1ee3p v\u1edbi m\u1ecdi kh\u00f4ng gian n\u1ed9i th\u1ea5t v\u00e0 t\u1ea1o n\u00ean s\u1ef1 \u0111\u1ed3ng nh\u1ea5t v\u1edbi t\u00f4ng m\u00e0u m\u00e0 b\u1ea1n mong mu\u1ed1n.<\/span><\/li>\n<li style=\"font-weight: 400;\" aria-level=\"1\"><span style=\"font-weight: 400;\">\u00a0N\u1ebfu nh\u01b0 d\u00f2ng t\u1ee7 g\u1ed7 c\u00f4ng nghi\u1ec7p b\u1ea1n ch\u1ec9 \u0111\u01b0\u1ee3c ch\u1ecdn m\u00e0u c\u00f3 s\u1eb5n. Th\u00ec lo\u1ea1i t\u1ee7 c\u00e1nh k\u00ednh c\u01b0\u1eddng l\u1ef1c gi\u00fap b\u1ea1n c\u00f3 th\u1ec3 tho\u1ea3i m\u00e1i l\u1ef1a ch\u1ecdn m\u00e0u s\u1eafc, hoa v\u0103n v\u00f4 c\u00f9ng hi\u1ec7n \u0111\u1ea1i. B\u1ea1n c\u00f3 th\u1ec3 ch\u1ecdn theo s\u1edf th\u00edch c\u00e1 nh\u00e2n ho\u1eb7c m\u00e0u s\u1eafc phong th\u1ee7y.<\/span><\/li>\n<li style=\"font-weight: 400;\" aria-level=\"1\"><span style=\"font-weight: 400;\">Khung nh\u00f4m k\u00ednh c\u1ee7a t\u1ee7 \u00e1o \u0111\u1ea3m b\u1ea3o t\u00ednh b\u1ec1n b\u1ec9 h\u01a1n so v\u1edbi c\u00e1c lo\u1ea1i v\u1eadt li\u1ec7u kh\u00e1c. B\u1ea1n kh\u00f4ng c\u1ea7n lo l\u1eafng v\u1ec1 m\u1ed1i m\u1ecdt hay cong v\u00eanh nh\u01b0 v\u1edbi t\u1ee7 g\u1ed7. S\u1ef1 \u1ed5n \u0111\u1ecbnh c\u1ee7a nh\u00f4m k\u00ednh c\u0169ng \u0111\u1ea3m b\u1ea3o r\u1eb1ng c\u1eeda t\u1ee7 kh\u00f4ng b\u1ecb h\u01b0 h\u1ecfng ho\u1eb7c k\u1eb9t c\u00e1nh trong qu\u00e1 tr\u00ecnh s\u1eed d\u1ee5ng.<\/span><\/li>\n<li style=\"font-weight: 400;\" aria-level=\"1\"><span style=\"font-weight: 400;\">B\u1ec1 m\u1eb7t nh\u1eb5n b\u00f3ng c\u1ee7a khung nh\u00f4m v\u00e0 k\u00ednh gi\u00fap vi\u1ec7c v\u1ec7 sinh v\u00e0 lau ch\u00f9i tr\u1edf n\u00ean \u0111\u01a1n gi\u1ea3n h\u01a1n bao gi\u1edd h\u1ebft. \u0110i\u1ec1u n\u00e0y kh\u00f4ng ch\u1ec9 ti\u1ebft ki\u1ec7m th\u1eddi gian m\u00e0 c\u00f2n \u0111\u1ea3m b\u1ea3o r\u1eb1ng s\u1ea3n ph\u1ea9m lu\u00f4n gi\u1eef \u0111\u01b0\u1ee3c v\u1ebb \u0111\u1eb9p ban \u0111\u1ea7u v\u00e0 kh\u00f4ng b\u1ecb b\u00e1m b\u1ee5i, \u1ed1 m\u00e0u.<\/span><\/li>\n<li style=\"font-weight: 400;\" aria-level=\"1\"><span style=\"font-weight: 400;\">Vi\u1ec7c c\u00f3 th\u1ec3 nh\u00ecn th\u1ea5y \u0111\u1ed3 b\u00ean trong t\u1ee7 th\u00f4ng qua l\u1edbp c\u1eeda k\u00ednh gi\u00fap b\u1ea1n ti\u1ebft ki\u1ec7m th\u1eddi gian trong vi\u1ec7c t\u00ecm ki\u1ebfm v\u00e0 l\u1ef1a ch\u1ecdn trang ph\u1ee5c. D\u1ec5 d\u00e0ng s\u1eafp x\u1ebfp \u0111\u1ed3 \u0111\u1ea1c m\u1ed9t c\u00e1ch h\u1ee3p l\u00fd.<\/span><\/li>\n<li style=\"font-weight: 400;\" aria-level=\"1\"><span style=\"font-weight: 400;\">Ch\u1ee9c n\u0103ng t\u1ed1t, \u1ee9ng d\u1ee5ng t\u1ed1t: T\u1ee7 v\u1edbi thi\u1ebft k\u1ebf c\u1eeda k\u00ednh c\u01b0\u1eddng l\u1ef1c \u0111\u01b0\u1ee3c s\u1eed d\u1ee5ng r\u1ed9ng r\u00e3i v\u00e0 c\u00f3 nhi\u1ec1u ch\u1ee9c n\u0103ng.<\/span><\/li>\n<\/ul>\n<p style=\"text-align: justify;\"><span style=\"font-weight: 400;\">Tuy nhi\u00ean, tr\u01b0\u1edbc khi l\u1ef1a ch\u1ecdn l\u1eafp \u0111\u1eb7t t\u1ee7 qu\u1ea7n \u00e1o c\u00e1nh k\u00ednh c\u1ea7n c\u00e2n nh\u1eafc v\u00ec gi\u00e1 th\u00e0nh kh\u00e1 cao.<\/span><\/p>\n<h2 style=\"text-align: justify;\"><strong>3. L\u1ee3i \u00edch khi kh\u00e1ch h\u00e0ng l\u1eafp \u0111\u1eb7t t\u1ea1i N\u1ed9i Th\u1ea5t Nh\u1ea5t Nam<\/strong><\/h2>\n<p style=\"text-align: justify;\"><span style=\"font-weight: 400;\">T\u1ea1i N\u1ed9i Th\u1ea5t Nh\u1ea5t Nam, ch\u00fang t\u00f4i cam k\u1ebft mang \u0111\u1ebfn cho kh\u00e1ch h\u00e0ng nh\u1eefng s\u1ea3n ph\u1ea9m t\u1ee7 qu\u1ea7n \u00e1o c\u00e1nh k\u00ednh ch\u1ea5t l\u01b0\u1ee3ng cao c\u00f9ng d\u1ecbch v\u1ee5 thi c\u00f4ng uy t\u00edn, \u0111\u1ea3m b\u1ea3o s\u1ef1 h\u00e0i l\u00f2ng v\u00e0 tin t\u01b0\u1edfng:<\/span><\/p>\n<ul style=\"text-align: justify;\">\n<li style=\"font-weight: 400;\" aria-level=\"1\"><span style=\"font-weight: 400;\">\u0110\u1ed9i ng\u0169 t\u01b0 v\u1ea5n gi\u00e0u kinh nghi\u1ec7m s\u1ebd h\u1ed7 tr\u1ee3 b\u1ea1n trong vi\u1ec7c l\u1ef1a ch\u1ecdn m\u1eabu m\u00e3 v\u00e0 phong c\u00e1ch ph\u00f9 h\u1ee3p v\u1edbi kh\u00f4ng gian v\u00e0 ng\u00e2n s\u00e1ch c\u1ee7a b\u1ea1n.<\/span><\/li>\n<li style=\"font-weight: 400;\" aria-level=\"1\"><span style=\"font-weight: 400;\">Ch\u00fang t\u00f4i cam k\u1ebft cung c\u1ea5p c\u00e1c s\u1ea3n ph\u1ea9m t\u1ee7 qu\u1ea7n \u00e1o c\u00e1nh k\u00ednh ch\u1ea5t l\u01b0\u1ee3ng cao, \u0111\u1ea3m b\u1ea3o t\u00ednh th\u1ea9m m\u1ef9 v\u00e0 \u0111\u1ed9 b\u1ec1n b\u1ec9 theo th\u1eddi gian.<\/span><\/li>\n<li style=\"font-weight: 400;\" aria-level=\"1\"><span style=\"font-weight: 400;\">\u0110\u1ed9i ng\u0169 k\u1ef9 thu\u1eadt vi\u00ean gi\u00e0u kinh nghi\u1ec7m s\u1ebd thi c\u00f4ng nhanh ch\u00f3ng, ch\u00ednh x\u00e1c v\u00e0 \u0111\u1ea3m b\u1ea3o s\u1ef1 ho\u00e0n thi\u1ec7n t\u1ed1i \u01b0u cho s\u1ea3n ph\u1ea9m c\u1ee7a b\u1ea1n.<\/span><\/li>\n<li style=\"font-weight: 400;\" aria-level=\"1\"><span style=\"font-weight: 400;\">Ch\u00ednh s\u00e1ch b\u1ea3o h\u00e0nh sau l\u1eafp \u0111\u1eb7t s\u1ea3n ph\u1ea9m<\/span><\/li>\n<\/ul>\n<h2 style=\"text-align: justify;\"><strong>4. M\u1ed9t s\u1ed1 m\u1eabu t\u1ee7 qu\u1ea7n \u00e1o c\u1eeda m\u1edf \u0111\u1eb9p<\/strong><\/h2>\n<p><img loading=\"lazy\" decoding=\"async\" class=\"aligncenter wp-image-2302\" src=\"https:\/\/nhatnam.org\/wp-content\/uploads\/2024\/12\/z6148420774366_b0e2893d9f7bb8b3c105e8a7da3af437-300x300.jpg\" alt=\"\" width=\"1200\" height=\"1200\" \/><\/p>\n<p><img loading=\"lazy\" decoding=\"async\" class=\"aligncenter wp-image-2280\" src=\"https:\/\/nhatnam.org\/wp-content\/uploads\/2024\/12\/z6148420185254_3c1cf216a3477c00f18db67df6f1c871-225x300.jpg\" alt=\"\" width=\"1200\" height=\"1600\" \/><\/p>\n<p><img loading=\"lazy\" decoding=\"async\" class=\"aligncenter wp-image-2279\" src=\"https:\/\/nhatnam.org\/wp-content\/uploads\/2024\/12\/z6148420185186_c492b7450c5f2b7d5016cefe46ee5b79-300x300.jpg\" alt=\"\" width=\"1200\" height=\"1200\" \/><\/p>\n<p style=\"text-align: justify;\"><img loading=\"lazy\" decoding=\"async\" class=\"aligncenter wp-image-2275\" src=\"https:\/\/nhatnam.org\/wp-content\/uploads\/2024\/12\/z6148419901351_4e4dccdf6a6f5dd47fefeea35b8d4a9d-300x266.jpg\" alt=\"\" width=\"1200\" height=\"1066\" \/><\/p>\n<p style=\"text-align: justify;\"><img loading=\"lazy\" decoding=\"async\" class=\"aligncenter wp-image-2488\" src=\"https:\/\/nhatnam.org\/wp-content\/uploads\/2024\/12\/tu-ao03-300x225.jpg\" alt=\"\" width=\"1200\" height=\"900\" \/><\/p>\n","protected":false},"excerpt":{"rendered":"<p><span style=\"font-weight: 400;\">T\u1ee7 \u00e1o c\u00e1nh k\u00ednh c\u1eeda m\u1edf \u0111ang l\u00e0 xu th\u1ebf m\u1edbi trong thi\u1ebft k\u1ebf n\u1ed9i th\u1ea5t hi\u1ec7n \u0111\u1ea1i, sang tr\u1ecdng, \u0111\u1eb3ng c\u1ea5p. S\u1ebd ra sao khi b\u1ea1n b\u01b0\u1edbc v\u00e0o c\u0103n ph\u00f2ng v\u00e0 c\u00f3 c\u1ea3m gi\u00e1c kh\u00f4ng kh\u00e1c g\u00ec \u0111\u1ebfn c\u00e1c c\u1eeda h\u00e0ng tr\u01b0ng b\u00e0y h\u00e0ng th\u1eddi trang cao c\u1ea5p \u1edf n\u01b0\u1edbc ngo\u00e0i hay khu tr\u01b0ng b\u00e0y h\u00e0ng th\u1eddi trang cao c\u1ea5p ngay t\u1ea1i nh\u00e0 m\u00ecnh. V\u1eady \u0111\u1eb7c \u0111i\u1ec3m n\u1ed5i b\u1eadt c\u1ee7a t\u1ee7 \u00e1o c\u00e1nh k\u00ednh c\u1eeda m\u1edf l\u00e0 g\u00ec? C\u00f9ng t\u00ecm hi\u1ec3u qua b\u00e0i vi\u1ebft d\u01b0\u1edbi \u0111\u00e2y nh\u00e9.<\/span><\/p>\n","protected":false},"featured_media":1298,"comment_status":"open","ping_status":"closed","template":"","meta":{"_acf_changed":false,"_gspb_post_css":""},"book-author":[],"product_brand":[],"product_cat":[104,106],"product_tag":[],"class_list":{"0":"post-1348","1":"product","2":"type-product","3":"status-publish","4":"has-post-thumbnail","6":"product_cat-noi-that-phong-ngu","7":"product_cat-tu-ao-canh-kinh-cua-mo","9":"first","10":"instock","11":"shipping-taxable","12":"product-type-simple"},"acf":[],"_links":{"self":[{"href":"https:\/\/nhatnam.libion.me\/index.php\/wp-json\/wp\/v2\/product\/1348","targetHints":{"allow":["GET"]}}],"collection":[{"href":"https:\/\/nhatnam.libion.me\/index.php\/wp-json\/wp\/v2\/product"}],"about":[{"href":"https:\/\/nhatnam.libion.me\/index.php\/wp-json\/wp\/v2\/types\/product"}],"replies":[{"embeddable":true,"href":"https:\/\/nhatnam.libion.me\/index.php\/wp-json\/wp\/v2\/comments?post=1348"}],"wp:featuredmedia":[{"embeddable":true,"href":"https:\/\/nhatnam.libion.me\/index.php\/wp-json\/wp\/v2\/media\/1298"}],"wp:attachment":[{"href":"https:\/\/nhatnam.libion.me\/index.php\/wp-json\/wp\/v2\/media?parent=1348"}],"wp:term":[{"taxonomy":"book-author","embeddable":true,"href":"https:\/\/nhatnam.libion.me\/index.php\/wp-json\/wp\/v2\/book-author?post=1348"},{"taxonomy":"product_brand","embeddable":true,"href":"https:\/\/nhatnam.libion.me\/index.php\/wp-json\/wp\/v2\/product_brand?post=1348"},{"taxonomy":"product_cat","embeddable":true,"href":"https:\/\/nhatnam.libion.me\/index.php\/wp-json\/wp\/v2\/product_cat?post=1348"},{"taxonomy":"product_tag","embeddable":true,"href":"https:\/\/nhatnam.libion.me\/index.php\/wp-json\/wp\/v2\/product_tag?post=1348"}],"curies":[{"name":"wp","href":"https:\/\/api.w.org\/{rel}","templated":true}]}}