{"id":1347,"date":"2026-04-07T10:06:00","date_gmt":"2026-04-07T10:06:00","guid":{"rendered":"https:\/\/nhatnam.libion.me\/index.php\/product\/tu-ao-canh-kinh-cua-lua\/"},"modified":"2026-04-07T10:06:00","modified_gmt":"2026-04-07T10:06:00","slug":"tu-ao-canh-kinh-cua-lua","status":"publish","type":"product","link":"https:\/\/nhatnam.libion.me\/index.php\/product\/tu-ao-canh-kinh-cua-lua\/","title":{"rendered":"T\u1ee7 \u00c1o C\u00e1nh K\u00ednh C\u1eeda L\u00f9a"},"content":{"rendered":"<div class=\"flex-shrink-0 flex flex-col relative items-end\">\n<div>\n<div class=\"pt-0\">\n<div class=\"gizmo-bot-avatar flex h-8 w-8 items-center justify-center overflow-hidden rounded-full\">\n<div class=\"relative p-1 rounded-sm flex items-center justify-center bg-token-main-surface-primary text-token-text-primary h-8 w-8\" style=\"text-align: justify;\">T\u1ee7 \u00e1o c\u00e1nh k\u00ednh c\u1eeda l\u00f9a mang \u0111\u1ebfn s\u1ef1 ti\u1ec7n nghi v\u00e0 v\u1ebb \u0111\u1eb9p hi\u1ec7n \u0111\u1ea1i cho kh\u00f4ng gian s\u1ed1ng. Thi\u1ebft k\u1ebf c\u1eeda l\u00f9a th\u00f4ng minh gi\u00fap ti\u1ebft ki\u1ec7m di\u1ec7n t\u00edch v\u00e0 t\u0103ng t\u00ednh th\u1ea9m m\u1ef9 cho c\u0103n ph\u00f2ng. V\u1edbi s\u1ef1 k\u1ebft h\u1ee3p tinh t\u1ebf gi\u1eefa phong c\u00e1ch thi\u1ebft k\u1ebf v\u00e0 c\u00f4ng n\u0103ng, t\u1ee7 \u00e1o n\u00e0y kh\u00f4ng ch\u1ec9 l\u00e0 gi\u1ea3i ph\u00e1p l\u01b0u tr\u1eef hi\u1ec7u qu\u1ea3 m\u00e0 c\u00f2n l\u00e0 \u0111i\u1ec3m nh\u1ea5n n\u1ed5i b\u1eadt, ph\u00f9 h\u1ee3p v\u1edbi nhi\u1ec1u phong c\u00e1ch n\u1ed9i th\u1ea5t kh\u00e1c nhau.<\/div>\n<\/div>\n<\/div>\n<\/div>\n<\/div>\n<h2 style=\"text-align: justify;\"><strong>1. Th\u1ebf n\u00e0o l\u00e0 t\u1ee7 \u00e1o c\u00e1nh k\u00ednh c\u1eeda l\u00f9a?\u00a0<\/strong><\/h2>\n<p style=\"text-align: justify;\"><img loading=\"lazy\" decoding=\"async\" class=\"aligncenter wp-image-2277\" src=\"https:\/\/nhatnam.org\/wp-content\/uploads\/2024\/12\/z6148420055648_7dc09e19cfcb5bb49e12c000ef78c220-300x300.jpg\" alt=\"T\u1ee7 \u00e1o c\u00e1nh k\u00ednh c\u1eeda l\u00f9a\" width=\"1200\" height=\"1200\" \/><\/p>\n<p style=\"text-align: justify;\"><span style=\"font-weight: 400;\">T\u1ee7 \u00c1o C\u00e1nh K\u00ednh l\u00e0 m\u1ed9t lo\u1ea1i t\u1ee7 l\u01b0u tr\u1eef qu\u1ea7n \u00e1o \u0111\u01b0\u1ee3c thi\u1ebft k\u1ebf v\u1edbi c\u00e1nh t\u1ee7 l\u00e0m t\u1eeb k\u00ednh c\u01b0\u1eddng l\u1ef1c, th\u01b0\u1eddng c\u00f3 thi\u1ebft k\u1ebf t\u1ee7 v\u1edbi c\u00e1nh t\u1ee7 k\u00ednh c\u00f3 d\u1ea1ng tr\u01b0\u1ee3t \u0111\u1ea9y v\u00e0 l\u00f9a. V\u1edbi c\u1eeda l\u00f9a c\u1ee7a t\u1ee7 qu\u1ea7n \u00e1o c\u00e1nh k\u00ednh s\u1ebd \u0111\u01b0\u1ee3c l\u1eafp \u0111\u1eb7t \u00edt nh\u1ea5t 2 c\u00e1nh t\u1ee7 v\u00e0 thi\u1ebft k\u1ebf th\u00eam thanh ray tr\u01b0\u1ee3t gi\u00fap ng\u01b0\u1eddi d\u00f9ng thu\u1eadn ti\u1ec7n h\u01a1n trong vi\u1ec7c \u0111\u00f3ng m\u1edf c\u1eeda. C\u00e1nh k\u00ednh l\u00f9a n\u00e0y gi\u00fap t\u1ea1o \u0111i\u1ec3m nh\u1ea5n th\u1ea9m m\u1ef9 cho kh\u00f4ng gian n\u1ed9i th\u1ea5t, \u0111\u1ed3ng th\u1eddi mang l\u1ea1i s\u1ef1 th\u00f4ng tho\u00e1ng v\u00e0 \u00e1nh s\u00e1ng cho ph\u00f2ng. C\u00e1c t\u1ee7 \u00e1o c\u00e1nh k\u00ednh th\u01b0\u1eddng \u0111\u01b0\u1ee3c l\u00e0m t\u1eeb c\u00e1c ch\u1ea5t li\u1ec7u ch\u1eafc ch\u1eafn nh\u01b0 g\u1ed7, MDF ho\u1eb7c h\u1ee3p kim nh\u00f4m, \u0111i k\u00e8m v\u1edbi c\u00e1c ph\u1ee5 ki\u1ec7n nh\u01b0 b\u1ea3n l\u1ec1, tay n\u1eafm v\u00e0 b\u00e1nh xe gi\u00fap vi\u1ec7c m\u1edf v\u00e0 \u0111\u00f3ng c\u00e1nh t\u1ee7 tr\u1edf n\u00ean thu\u1eadn ti\u1ec7n v\u00e0 d\u1ec5 d\u00e0ng h\u01a1n.<\/span><\/p>\n<h2 style=\"text-align: justify;\"><strong>2. C\u1ea5u t\u1ea1o c\u1ee7a t\u1ee7 \u00e1o c\u00e1nh k\u00ednh c\u1eeda l\u00f9a<\/strong><\/h2>\n<figure id=\"attachment_2291\" aria-describedby=\"caption-attachment-2291\" style=\"width: 1200px\" class=\"wp-caption aligncenter\"><img loading=\"lazy\" decoding=\"async\" class=\"wp-image-2291\" src=\"https:\/\/nhatnam.org\/wp-content\/uploads\/2024\/12\/z6148420578023_925ce2a00c50b28877efe50759a74e4b-225x300.jpg\" alt=\"T\u1ee7 \u00e1o c\u00e1nh k\u00ednh c\u1eeda l\u00f9a\" width=\"1200\" height=\"1602\" \/><figcaption id=\"caption-attachment-2291\" class=\"wp-caption-text\">C\u00e1nh k\u00ednh khung nh\u00f4m t\u1ee7 qu\u1ea7n \u00e1o<\/figcaption><\/figure>\n<ul style=\"text-align: justify;\">\n<li style=\"font-weight: 400;\" aria-level=\"1\"><span style=\"font-weight: 400;\">Khung t\u1ee7 v\u00e0 th\u00f9ng t\u1ee7: Th\u01b0\u1eddng \u0111\u01b0\u1ee3c l\u00e0m t\u1eeb c\u00e1c ch\u1ea5t li\u1ec7u nh\u01b0 g\u1ed7, MDF (Fiber Medium Density) ho\u1eb7c nh\u00f4m gi\u1ea3 g\u1ed7, khung t\u1ee7 \u0111\u1ea3m b\u1ea3o \u0111\u1ed9 ch\u1eafc ch\u1eafn v\u00e0 c\u1ee9ng c\u00e1p \u0111\u1ec3 ch\u1ecbu \u0111\u01b0\u1ee3c tr\u1ecdng l\u01b0\u1ee3ng c\u1ee7a c\u00e1nh k\u00ednh v\u00e0 c\u00e1c v\u1eadt d\u1ee5ng b\u00ean trong.<\/span><\/li>\n<li style=\"font-weight: 400;\" aria-level=\"1\"><span style=\"font-weight: 400;\">C\u00e1nh k\u00ednh: \u0110\u01b0\u1ee3c l\u00e0m t\u1eeb k\u00ednh c\u01b0\u1eddng l\u1ef1c d\u00e0y, ch\u1ecbu l\u1ef1c v\u00e0 ch\u1ecbu nhi\u1ec7t t\u1ed1t<\/span><\/li>\n<li style=\"font-weight: 400;\" aria-level=\"1\"><span style=\"font-weight: 400;\">H\u1ec7 th\u1ed1ng ray tr\u01b0\u1ee3t: T\u1ee7 \u00e1o c\u00e1nh k\u00ednh th\u01b0\u1eddng \u0111\u01b0\u1ee3c trang b\u1ecb h\u1ec7 th\u1ed1ng ray tr\u01b0\u1ee3t, gi\u00fap c\u00e1nh t\u1ee7 m\u1edf v\u00e0 \u0111\u00f3ng d\u1ec5 d\u00e0ng.<\/span><\/li>\n<li style=\"font-weight: 400;\" aria-level=\"1\"><span style=\"font-weight: 400;\">B\u1ea3n l\u1ec1 v\u00e0 b\u00e1nh xe : \u0110\u00e2y l\u00e0 c\u00e1c ph\u1ee5 ki\u1ec7n quan tr\u1ecdng gi\u00fap c\u00e1nh k\u00ednh di chuy\u1ec3n m\u01b0\u1ee3t m\u00e0, gi\u1ea3m thi\u1ec3u sang ch\u1ea5n gi\u00fap t\u1ee7 tr\u1edf n\u00ean \u00eam h\u01a1n v\u00e0 tr\u00e1nh t\u00ecnh tr\u1ea1ng b\u1ecb va \u0111\u1eadp m\u1ea1nh. B\u1ea3n l\u1ec1 v\u00e0 b\u00e1nh xe th\u01b0\u1eddng \u0111\u01b0\u1ee3c l\u00e0m t\u1eeb c\u00e1c ch\u1ea5t li\u1ec7u b\u1ec1n b\u1ec9 nh\u01b0 th\u00e9p kh\u00f4ng g\u1ec9 ho\u1eb7c nh\u1ef1a ch\u1ea5t l\u01b0\u1ee3ng cao.<\/span><\/li>\n<li style=\"font-weight: 400;\" aria-level=\"1\"><span style=\"font-weight: 400;\">Tay n\u1eafm: \u0110a d\u1ea1ng v\u1ec1 ki\u1ec3u d\u00e1ng v\u00e0 ch\u1ea5t li\u1ec7u nh\u01b0 inox, nh\u00f4m, ho\u1eb7c nh\u1ef1a, tay n\u1eafm gi\u00fap d\u1ec5 d\u00e0ng thao t\u00e1c m\u1edf v\u00e0 \u0111\u00f3ng c\u1eeda t\u1ee7 m\u1ed9t c\u00e1ch nhanh ch\u00f3ng v\u00e0 ti\u1ec7n l\u1ee3i.<\/span><\/li>\n<li style=\"font-weight: 400;\" aria-level=\"1\"><span style=\"font-weight: 400;\">Ph\u1ee5 ki\u1ec7n b\u1ed5 tr\u1ee3: Bao g\u1ed3m c\u00e1c ph\u1ee5 ki\u1ec7n nh\u01b0 \u1ed5 kh\u00f3a, thanh treo qu\u1ea7n \u00e1o, h\u1ed9p \u0111\u1ef1ng ph\u1ee5 ki\u1ec7n, gi\u00fap t\u1ed1i \u01b0u h\u00f3a kh\u00f4ng gian l\u01b0u tr\u1eef v\u00e0 s\u1eafp x\u1ebfp \u0111\u1ed3 v\u1eadt b\u00ean trong t\u1ee7.<\/span><\/li>\n<\/ul>\n<h2 style=\"text-align: justify;\"><strong>3. \u01afu v\u00e0 nh\u01b0\u1ee3c \u0111i\u1ec3m c\u1ee7a t\u1ee7 \u00e1o c\u00e1nh k\u00ednh c\u1eeda l\u00f9a<\/strong><\/h2>\n<p style=\"text-align: justify;\"><strong>\u01afu \u0111i\u1ec3m:<\/strong><\/p>\n<ul style=\"text-align: justify;\">\n<li style=\"font-weight: 400;\" aria-level=\"1\"><span style=\"font-weight: 400;\">V\u1edbi k\u00ednh trong su\u1ed1t, t\u1ee7 \u00e1o c\u00e1nh k\u00ednh t\u1ea1o s\u1ef1 m\u1edf c\u1eeda kh\u00f4ng gian, gi\u00fap c\u0103n ph\u00f2ng tr\u1edf n\u00ean tho\u00e1ng \u0111\u00e3ng v\u00e0 r\u1ed9ng r\u00e3i h\u01a1n.<\/span><\/li>\n<li style=\"font-weight: 400;\" aria-level=\"1\"><span style=\"font-weight: 400;\">Thi\u1ebft k\u1ebf tinh t\u1ebf v\u00e0 hi\u1ec7n \u0111\u1ea1i c\u1ee7a t\u1ee7 \u00e1o c\u00e1nh k\u00ednh mang l\u1ea1i v\u1ebb \u0111\u1eb9p sang tr\u1ecdng v\u00e0 \u0111\u1eb3ng c\u1ea5p cho kh\u00f4ng gian s\u1ed1ng.<\/span><\/li>\n<li style=\"font-weight: 400;\" aria-level=\"1\"><span style=\"font-weight: 400;\">V\u1edbi kh\u1ea3 n\u0103ng hi\u1ec3n th\u1ecb n\u1ed9i dung b\u00ean trong t\u1ee7, t\u1ee7 \u00e1o c\u00e1nh k\u00ednh c\u1eeda l\u00f9a gi\u00fap ng\u01b0\u1eddi d\u00f9ng d\u1ec5 d\u00e0ng s\u1eafp x\u1ebfp v\u00e0 t\u1ed5 ch\u1ee9c c\u00e1c v\u1eadt d\u1ee5ng, \u0111\u1ed3 v\u1eadt m\u1ed9t c\u00e1ch g\u1ecdn g\u00e0ng v\u00e0 ti\u1ec7n l\u1ee3i.<\/span><\/li>\n<li style=\"font-weight: 400;\" aria-level=\"1\"><span style=\"font-weight: 400;\">C\u00e1nh t\u1ee7 k\u00ednh gi\u00fap t\u1ea1o t\u01b0\u01a1ng ph\u1ea3n c\u1ee7a \u00e1nh \u0111\u00e8n, gi\u00fap c\u0103n ph\u00f2ng h\u00e0i h\u00f2a m\u00e0u s\u1eafc; kh\u00f4ng gian trong ph\u00f2ng tr\u1edf n\u00ean l\u00e3ng m\u1ea1n v\u00e0 huy\u1ec1n b\u00ed h\u01a1n.<\/span><\/li>\n<li style=\"font-weight: 400;\" aria-level=\"1\"><span style=\"font-weight: 400;\">Ch\u1ea5t li\u1ec7u \u0111\u01b0\u1ee3c ch\u1ecdn l\u00e0m t\u1ee7 qu\u1ea7n \u00e1o c\u00e1nh k\u00ednh th\u01b0\u1eddng c\u00f3 \u0111\u1ed9 b\u1ec1n cao. Th\u01b0\u1eddng \u0111\u01b0\u1ee3c k\u1ebft h\u1ee3p: g\u1ed7 v\u00e0 k\u00ednh c\u01b0\u1eddng l\u1ef1c, gi\u00fap s\u1ea3n ph\u1ea9m kh\u00f4ng b\u1ecb cong v\u00eanh, m\u1ed1i m\u1ecdt,&#8230;\u00a0<\/span><\/li>\n<li style=\"font-weight: 400;\" aria-level=\"1\"><span style=\"font-weight: 400;\">B\u1ec1 m\u1eb7t t\u1ee7 g\u1ed7 v\u00e0 k\u00ednh th\u01b0\u1eddng c\u00f3 kh\u1ea3 n\u0103ng ch\u1ed1ng tr\u1ea7y x\u01b0\u1edbc t\u1ed1t, ch\u1ed1ng \u0111\u01b0\u1ee3c l\u1ef1c va \u0111\u1eadp c\u1ee7a tr\u1ebb con.\u00a0<\/span><\/li>\n<li style=\"font-weight: 400;\" aria-level=\"1\"><span style=\"font-weight: 400;\">T\u1ee7 qu\u1ea7n \u00e1o c\u00e1nh k\u00ednh d\u1ec5 d\u00e0ng &#8211; thu\u1eadn ti\u1ec7n \u0111\u1ec3 lau ch\u00f9i, v\u1ec7 sinh<\/span><\/li>\n<li style=\"font-weight: 400;\" aria-level=\"1\"><span style=\"font-weight: 400;\">D\u1ec5 d\u00e0ng s\u1eed d\u1ee5ng v\u00e0 ti\u1ebft ki\u1ec7m th\u1eddi gian t\u00ecm ki\u1ebfm \u0111\u1ed3 m\u1ed7i ng\u00e0y<\/span><\/li>\n<\/ul>\n<p style=\"text-align: justify;\"><strong>Nh\u01b0\u1ee3c \u0111i\u1ec3m:<\/strong><\/p>\n<ul style=\"text-align: justify;\">\n<li style=\"font-weight: 400;\" aria-level=\"1\"><span style=\"font-weight: 400;\">Gi\u00e1 th\u00e0nh cao: V\u00ec c\u1eeda t\u1ee7 l\u00e0 k\u00ednh c\u01b0\u1eddng l\u1ef1c, n\u00ean gi\u00e1 th\u00e0nh c\u1ee7a t\u1ee7 kh\u00e1 \u0111\u1eaft \u0111\u1ecf.<\/span><\/li>\n<li style=\"font-weight: 400;\" aria-level=\"1\"><span style=\"font-weight: 400;\">Thi\u1ebfu s\u1ef1 ri\u00eang t\u01b0: K\u00ednh trong su\u1ed1t ho\u1eb7c m\u1edd n\u00ean \u0111\u00f4i khi thi\u1ebfu s\u1ef1 ri\u00eang t\u01b0 \u0111\u1ed1i v\u1edbi ng\u01b0\u1eddi kh\u00f4ng th\u00edch b\u1ecb l\u1ed9 trang ph\u1ee5c, \u0111\u1ed3 \u0111\u1ea1c ph\u00eda trong t\u1ee7.<\/span><\/li>\n<li style=\"font-weight: 400;\" aria-level=\"1\"><span style=\"font-weight: 400;\">K\u00ednh c\u01b0\u1eddng l\u1ef1c, m\u1eb7c d\u00f9 ch\u1ecbu l\u1ef1c t\u1ed1t, nh\u01b0ng v\u1eabn d\u1ec5 b\u1ecb tr\u1ea7y x\u01b0\u1edbc n\u1ebfu va \u0111\u1eadp m\u1ea1nh ho\u1eb7c va ch\u1ea1m v\u1edbi c\u00e1c v\u1eadt c\u1ee9ng kh\u00e1c<\/span><\/li>\n<li style=\"font-weight: 400;\" aria-level=\"1\"><span style=\"font-weight: 400;\">B\u1ec1 m\u1eb7t k\u00ednh d\u1ec5 b\u00e1m b\u1ee5i v\u00e0 d\u1ea5u v\u00e2n tay, \u0111\u1eb7c bi\u1ec7t l\u00e0 khi s\u1eed d\u1ee5ng \u1edf c\u00e1c khu v\u1ef1c c\u00f3 nhi\u1ec1u \u00f4 nhi\u1ec5m kh\u00f4ng kh\u00ed.<\/span><\/li>\n<\/ul>\n<h2 style=\"text-align: justify;\"><strong>4. B\u00e1o gi\u00e1 t\u1ee7 \u00e1o c\u00e1nh k\u00ednh c\u1eeda l\u00f9a gi\u00e1 t\u1ed1t\u00a0<\/strong><\/h2>\n<p style=\"text-align: justify;\"><span style=\"font-weight: 400;\">Gi\u00e1 c\u1ea3 cho m\u1ed9t t\u1ee7 \u00e1o c\u00e1nh k\u00ednh c\u1eeda l\u00f9a c\u00f3 th\u1ec3 bi\u1ebfn \u0111\u1ed9ng t\u00f9y thu\u1ed9c v\u00e0o ch\u1ea5t li\u1ec7u, k\u00edch th\u01b0\u1edbc v\u00e0 th\u01b0\u01a1ng hi\u1ec7u. Tuy nhi\u00ean, vi\u1ec7c \u0111\u1ea7u t\u01b0 v\u00e0o m\u1ed9t s\u1ea3n ph\u1ea9m ch\u1ea5t l\u01b0\u1ee3ng s\u1ebd mang l\u1ea1i gi\u00e1 tr\u1ecb l\u00e2u d\u00e0i cho ng\u00f4i nh\u00e0 c\u1ee7a b\u1ea1n. Vui l\u00f2ng li\u00ean h\u1ec7 Nh\u1ea5t Nam \u0111\u1ec3 \u0111\u01b0\u1ee3c t\u01b0 v\u1ea5n mi\u1ec5n ph\u00ed v\u00e0\u00a0 nh\u1eadn b\u00e1o gi\u00e1 chi ti\u1ebft<\/span><\/p>\n<h2 style=\"text-align: justify;\"><strong>5. M\u1ed9t s\u1ed1 m\u1eabu t\u1ee7 \u00e1o c\u00e1nh k\u00ednh c\u1eeda l\u00f9a \u0111\u1eb9p<\/strong><\/h2>\n<p style=\"text-align: justify;\">T\u1ee7 \u00e1o c\u00e1nh k\u00ednh c\u1eeda l\u00f9a mang \u0111\u1ebfn s\u1ef1 \u0111a d\u1ea1ng v\u1ec1 m\u1eabu m\u00e3 v\u00e0 phong c\u00e1ch, t\u1eeb n\u00e9t \u0111\u1eb9p c\u1ed5 \u0111i\u1ec3n tinh t\u1ebf \u0111\u1ebfn thi\u1ebft k\u1ebf hi\u1ec7n \u0111\u1ea1i sang tr\u1ecdng. Ng\u01b0\u1eddi d\u00f9ng d\u1ec5 d\u00e0ng l\u1ef1a ch\u1ecdn ki\u1ec3u d\u00e1ng ph\u00f9 h\u1ee3p v\u1edbi kh\u00f4ng gian s\u1ed1ng v\u00e0 gu th\u1ea9m m\u1ef9 c\u00e1 nh\u00e2n, t\u1ea1o n\u00ean s\u1ef1 h\u00e0i h\u00f2a v\u00e0 \u0111i\u1ec3m nh\u1ea5n \u0111\u1ed9c \u0111\u00e1o cho c\u0103n ph\u00f2ng.<\/p>\n<p style=\"text-align: justify;\"><span style=\"font-weight: 400;\">M\u1eabu thi\u1ebft k\u1ebf t\u1ee7 \u00e1o c\u00e1nh k\u00ednh cao k\u1ecbch tr\u1ea7n<\/span><\/p>\n<figure id=\"attachment_2288\" aria-describedby=\"caption-attachment-2288\" style=\"width: 1200px\" class=\"wp-caption aligncenter\"><img loading=\"lazy\" decoding=\"async\" class=\"wp-image-2288\" src=\"https:\/\/nhatnam.org\/wp-content\/uploads\/2024\/12\/z6148420541789_f04a2333523773e8ae05b92eb6f66351-225x300.jpg\" alt=\"T\u1ee7 \u00e1o c\u00e1nh k\u00ednh c\u1eeda l\u00f9a\" width=\"1200\" height=\"1602\" \/><figcaption id=\"caption-attachment-2288\" class=\"wp-caption-text\">T\u1ee7 \u00e1o c\u00e1nh k\u00ednh k\u1ebft h\u1ee3p \u0111\u00e8n led sang tr\u1ecdng<\/figcaption><\/figure>\n<figure id=\"attachment_2310\" aria-describedby=\"caption-attachment-2310\" style=\"width: 1200px\" class=\"wp-caption aligncenter\"><img loading=\"lazy\" decoding=\"async\" class=\"wp-image-2310\" src=\"https:\/\/nhatnam.org\/wp-content\/uploads\/2024\/12\/z6148420868267_c77df227f37688a744d23984784b0e31-300x225.jpg\" alt=\"T\u1ee7 \u00e1o c\u00e1nh k\u00ednh c\u1eeda l\u00f9a\" width=\"1200\" height=\"900\" \/><figcaption id=\"caption-attachment-2310\" class=\"wp-caption-text\">M\u1eabu t\u1ee7 \u00e1o c\u00e1nh k\u00ednh c\u1eeda l\u00f9a kinh m\u00e0u<\/figcaption><\/figure>\n<figure id=\"attachment_2319\" aria-describedby=\"caption-attachment-2319\" style=\"width: 1200px\" class=\"wp-caption aligncenter\"><img loading=\"lazy\" decoding=\"async\" class=\"wp-image-2319\" src=\"https:\/\/nhatnam.org\/wp-content\/uploads\/2024\/12\/z6148420990902_31ea01841c0b6bcbc1f76fac47b45772-300x300.jpg\" alt=\"T\u1ee7 \u00e1o c\u00e1nh k\u00ednh c\u1eeda l\u00f9a\" width=\"1200\" height=\"1200\" \/><figcaption id=\"caption-attachment-2319\" class=\"wp-caption-text\">M\u1eabu t\u1ee7 \u00e1o c\u00e1nh k\u00ednh c\u1eeda l\u00f9a ch\u1eef L<\/figcaption><\/figure>\n<figure id=\"attachment_2308\" aria-describedby=\"caption-attachment-2308\" style=\"width: 1200px\" class=\"wp-caption aligncenter\"><img loading=\"lazy\" decoding=\"async\" class=\"wp-image-2308\" src=\"https:\/\/nhatnam.org\/wp-content\/uploads\/2024\/12\/z6148420868117_ae4a712d87e75b40ad920a9187cfabaa-225x300.jpg\" alt=\"t\u1ee7 \u00e1o c\u00e1nh k\u00ednh c\u1eeda l\u00f9a\" width=\"1200\" height=\"1600\" \/><figcaption id=\"caption-attachment-2308\" class=\"wp-caption-text\">M\u1eabu t\u1ee7 \u00e1o c\u1eeda l\u00f9a ph\u00f2ng ng\u1ee7<\/figcaption><\/figure>\n<figure id=\"attachment_2301\" aria-describedby=\"caption-attachment-2301\" style=\"width: 1200px\" class=\"wp-caption aligncenter\"><img loading=\"lazy\" decoding=\"async\" class=\"wp-image-2301\" src=\"https:\/\/nhatnam.org\/wp-content\/uploads\/2024\/12\/z6148420774365_63903fb9b5d45db3c424ec3fecdf2ce9-300x240.jpg\" alt=\"t\u1ee7 \u00e1o c\u00e1nh k\u00ednh c\u1eeda l\u00f9a\" width=\"1200\" height=\"961\" \/><figcaption id=\"caption-attachment-2301\" class=\"wp-caption-text\">M\u1eabu t\u1ee7 \u00e1o c\u00e1nh k\u00ednh c\u1eeda l\u00f9a \u0111\u1eb9p<\/figcaption><\/figure>\n","protected":false},"excerpt":{"rendered":"<p><span style=\"font-weight: 400;\">T\u1ee7 qu\u1ea7n \u00e1o c\u00e1nh k\u00ednh c\u1eeda l\u00f9a l\u00e0 m\u1ed9t gi\u1ea3i ph\u00e1p l\u01b0u tr\u1eef hi\u1ec7n \u0111\u1ea1i v\u00e0 th\u1ea9m m\u1ef9 trong trang tr\u00ed n\u1ed9i th\u1ea5t<\/span><span style=\"font-weight: 400;\">. \u0110\u01b0\u1ee3c thi\u1ebft k\u1ebf v\u1edbi s\u1ef1 k\u1ebft h\u1ee3p h\u00e0i h\u00f2a gi\u1eefa k\u00ednh v\u00e0 g\u1ed7, t\u1ee7 qu\u1ea7n \u00e1o c\u00e1nh k\u00ednh kh\u00f4ng ch\u1ec9 mang l\u1ea1i v\u1ebb \u0111\u1eb9p tinh t\u1ebf m\u00e0 c\u00f2n t\u1ea1o c\u1ea3m gi\u00e1c r\u1ed9ng r\u00e3i cho kh\u00f4ng gian.\u00a0<\/span><\/p>\n","protected":false},"featured_media":1293,"comment_status":"open","ping_status":"closed","template":"","meta":{"_acf_changed":false,"_gspb_post_css":""},"book-author":[],"product_brand":[],"product_cat":[104,105],"product_tag":[],"class_list":{"0":"post-1347","1":"product","2":"type-product","3":"status-publish","4":"has-post-thumbnail","6":"product_cat-noi-that-phong-ngu","7":"product_cat-tu-ao-canh-kinh-cua-lua","9":"first","10":"instock","11":"shipping-taxable","12":"product-type-simple"},"acf":[],"_links":{"self":[{"href":"https:\/\/nhatnam.libion.me\/index.php\/wp-json\/wp\/v2\/product\/1347","targetHints":{"allow":["GET"]}}],"collection":[{"href":"https:\/\/nhatnam.libion.me\/index.php\/wp-json\/wp\/v2\/product"}],"about":[{"href":"https:\/\/nhatnam.libion.me\/index.php\/wp-json\/wp\/v2\/types\/product"}],"replies":[{"embeddable":true,"href":"https:\/\/nhatnam.libion.me\/index.php\/wp-json\/wp\/v2\/comments?post=1347"}],"wp:featuredmedia":[{"embeddable":true,"href":"https:\/\/nhatnam.libion.me\/index.php\/wp-json\/wp\/v2\/media\/1293"}],"wp:attachment":[{"href":"https:\/\/nhatnam.libion.me\/index.php\/wp-json\/wp\/v2\/media?parent=1347"}],"wp:term":[{"taxonomy":"book-author","embeddable":true,"href":"https:\/\/nhatnam.libion.me\/index.php\/wp-json\/wp\/v2\/book-author?post=1347"},{"taxonomy":"product_brand","embeddable":true,"href":"https:\/\/nhatnam.libion.me\/index.php\/wp-json\/wp\/v2\/product_brand?post=1347"},{"taxonomy":"product_cat","embeddable":true,"href":"https:\/\/nhatnam.libion.me\/index.php\/wp-json\/wp\/v2\/product_cat?post=1347"},{"taxonomy":"product_tag","embeddable":true,"href":"https:\/\/nhatnam.libion.me\/index.php\/wp-json\/wp\/v2\/product_tag?post=1347"}],"curies":[{"name":"wp","href":"https:\/\/api.w.org\/{rel}","templated":true}]}}