{"id":1343,"date":"2026-04-07T10:05:55","date_gmt":"2026-04-07T10:05:55","guid":{"rendered":"https:\/\/nhatnam.libion.me\/index.php\/product\/tu-bep-nhom-cao-cap\/"},"modified":"2026-04-07T10:06:00","modified_gmt":"2026-04-07T10:06:00","slug":"tu-bep-nhom-cao-cap","status":"publish","type":"product","link":"https:\/\/nhatnam.libion.me\/product\/tu-bep-nhom-cao-cap\/","title":{"rendered":"T\u1ee7 B\u1ebfp Nh\u00f4m Cao C\u1ea5p"},"content":{"rendered":"<p style=\"text-align: justify;\"><span style=\"font-weight: 300;\">\u0110\u1eafm ch\u00ecm trong s\u1ef1 \u0111\u1eb3ng c\u1ea5p v\u1edbi t\u1ee7 b\u1ebfp nh\u00f4m c\u00e1nh k\u00ednh, mang l\u1ea1i v\u1ebb \u0111\u1eb9p hi\u1ec7n \u0111\u1ea1i v\u00e0 sang tr\u1ecdng cho kh\u00f4ng gian b\u1ebfp c\u1ee7a b\u1ea1n. Kh\u00e1m ph\u00e1 b\u1ed9 s\u01b0u t\u1eadp t\u1ee7 b\u1ebfp nh\u00f4m c\u00e1nh k\u00ednh cao c\u1ea5p, l\u00e0 \u0111i\u1ec3m nh\u1ea5n ho\u00e0n h\u1ea3o cho ng\u00f4i nh\u00e0 c\u1ee7a b\u1ea1n.<\/span><\/p>\n<h2 style=\"text-align: justify;\"><b>1. T\u1ee7 b\u1ebfp nh\u00f4m cao c\u1ea5p l\u00e0 g\u00ec?\u00a0<\/b><\/h2>\n<figure id=\"attachment_4818\" aria-describedby=\"caption-attachment-4818\" style=\"width: 1280px\" class=\"wp-caption aligncenter\"><img loading=\"lazy\" decoding=\"async\" class=\"wp-image-4818 size-full\" src=\"https:\/\/nhatnam.org\/wp-content\/uploads\/2025\/02\/28-9.jpg\" alt=\"T\u1ee7 B\u1ebfp Nh\u00f4m Cao C\u1ea5p\" width=\"1280\" height=\"960\" \/><figcaption id=\"caption-attachment-4818\" class=\"wp-caption-text\">M\u1eabu t\u1ee7 b\u1ebfp nh\u00f4m cao c\u1ea5p ch\u1eef I<\/figcaption><\/figure>\n<p style=\"text-align: justify;\"><span style=\"font-weight: 300;\">Kh\u00e1c v\u1edbi c\u00e1c lo\u1ea1i t\u1ee7 b\u1ebfp th\u00f4ng th\u01b0\u1eddng kh\u00e1c, t\u1ee7 b\u1ebfp nh\u00f4m cao c\u1ea5p \u0111\u01b0\u1ee3c thi\u1ebft k\u1ebf hi\u1ec7n \u0111\u1ea1i v\u00e0 \u0111a d\u1ea1ng m\u1eabu m\u00e3. T\u1ee7 b\u1ebfp nh\u00f4m c\u00e1nh k\u00ednh cao c\u1ea5p l\u00e0 m\u1ed9t l\u1ef1a ch\u1ecdn t\u1ed1i \u01b0u cho kh\u00f4ng gian b\u1ebfp hi\u1ec7n \u0111\u1ea1i. V\u1edbi s\u1ef1 k\u1ebft h\u1ee3p gi\u1eefa ch\u1ea5t li\u1ec7u nh\u00f4m v\u00e0 k\u00ednh, c\u00e1c s\u1ea3n ph\u1ea9m n\u00e0y kh\u00f4ng ch\u1ec9 mang l\u1ea1i v\u1ebb \u0111\u1eb9p sang tr\u1ecdng m\u00e0 c\u00f3 \u0111\u1ed9 b\u1ec1n cao v\u00e0 t\u00ednh th\u1ea9m m\u1ef9 tinh t\u1ebf.\u00a0 D\u00f9 l\u00e0 t\u1ee7 b\u1ebfp nh\u00f4m k\u00ednh nh\u1ecf d\u00e0nh cho c\u0103n b\u1ebfp nh\u1ecf h\u1eb9p hay t\u1ee7 b\u1ebfp nh\u00f4m k\u00ednh \u0111\u1eb9p cho kh\u00f4ng gian r\u1ed9ng l\u1edbn, \u0111\u1ec1u \u0111\u1ea3m b\u1ea3o \u0111\u00e1p \u1ee9ng m\u1ecdi nhu c\u1ea7u s\u1eed d\u1ee5ng v\u00e0 th\u1ea9m m\u1ef9 c\u1ee7a ng\u01b0\u1eddi d\u00f9ng.<\/span><\/p>\n<p>[block id=&#8221;7478&#8243;]<\/p>\n<h2 style=\"text-align: justify;\"><b>2. Nh\u1eefng v\u1eadt li\u1ec7u d\u00f9ng \u0111\u1ec3 thi c\u00f4ng t\u1ee7 b\u1ebfp nh\u00f4m k\u00ednh cao c\u1ea5p<br \/>\n<\/b><\/h2>\n<figure id=\"attachment_4444\" aria-describedby=\"caption-attachment-4444\" style=\"width: 1280px\" class=\"wp-caption aligncenter\"><img loading=\"lazy\" decoding=\"async\" class=\"wp-image-4444 size-full\" src=\"https:\/\/nhatnam.org\/wp-content\/uploads\/2025\/02\/nhom_la_ghep_NHAT_NAM23.jpg\" alt=\"t\u1ee7 b\u1ebfp nh\u00f4m cao c\u1ea5p\" width=\"1280\" height=\"960\" \/><figcaption id=\"caption-attachment-4444\" class=\"wp-caption-text\">Th\u00f9ng t\u1ee7 thi\u1ebft k\u1ebf theo h\u1ec7 module, nguy\u00ean li\u1ec7u ch\u00ednh l\u00e0 nh\u00f4m h\u1ee3p kim<\/figcaption><\/figure>\n<p style=\"text-align: justify;\"><span style=\"font-weight: 300;\">T\u1ee7 b\u1ebfp nh\u00f4m k\u00ednh cao c\u1ea5p \u0111\u01b0\u1ee3c thi\u1ebft k\u1ebf v\u1edbi s\u1ef1 k\u1ebft h\u1ee3p tinh t\u1ebf gi\u1eefa ch\u1ea5t li\u1ec7u nh\u00f4m v\u00e0 k\u00ednh, t\u1ea1o n\u00ean kh\u00f4ng gian b\u1ebfp hi\u1ec7n \u0111\u1ea1i v\u00e0 sang tr\u1ecdng. Chi ti\u1ebft c\u1ea5u t\u1ea1o c\u1ee7a t\u1ee7 b\u1ebfp n\u00e0y th\u01b0\u1eddng bao g\u1ed3m c\u00e1c th\u00e0nh ph\u1ea7n sau:<\/span><\/p>\n<ul style=\"text-align: justify;\">\n<li style=\"font-weight: 300;\"><span style=\"font-weight: 300;\">Khung nh\u00f4m: B\u1ec1 m\u1eb7t t\u1ee7 b\u1ebfp \u0111\u01b0\u1ee3c l\u00e0m t\u1eeb h\u1ee3p kim nh\u00f4m cao c\u1ea5p, \u0111\u1ea3m b\u1ea3o \u0111\u1ed9 b\u1ec1n v\u00e0 \u0111\u1ed9 \u1ed5n \u0111\u1ecbnh.<\/span><\/li>\n<li style=\"font-weight: 300;\"><span style=\"font-weight: 300;\">C\u00e1nh k\u00ednh: C\u00e1nh c\u1eeda c\u1ee7a t\u1ee7 th\u01b0\u1eddng \u0111\u01b0\u1ee3c l\u00e0m t\u1eeb k\u00ednh c\u01b0\u1eddng l\u1ef1c, c\u00f3 th\u1ec3 trong ho\u1eb7c m\u1edd t\u00f9y thu\u1ed9c v\u00e0o y\u00eau c\u1ea7u c\u1ee7a kh\u00e1ch h\u00e0ng.<\/span><\/li>\n<li style=\"font-weight: 300;\"><span style=\"font-weight: 300;\">B\u1ea3n l\u1ec1 v\u00e0 ray tr\u01b0\u1ee3t: S\u1eed d\u1ee5ng b\u1ea3n l\u1ec1 v\u00e0 ray tr\u01b0\u1ee3t ch\u1ea5t l\u01b0\u1ee3ng cao gi\u00fap m\u1edf c\u1eeda m\u01b0\u1ee3t m\u00e0 v\u00e0 kh\u00f4ng g\u00e2y ti\u1ebfng \u1ed3n.<\/span><\/li>\n<li style=\"font-weight: 300;\"><span style=\"font-weight: 300;\">Ph\u1ee5 ki\u1ec7n b\u00ean trong: T\u1ee7 b\u1ebfp nh\u00f4m c\u00e1nh k\u00ednh th\u01b0\u1eddng \u0111\u01b0\u1ee3c trang b\u1ecb c\u00e1c ph\u1ee5 ki\u1ec7n nh\u01b0 k\u1ec7 \u0111\u1ef1ng ch\u00e9n \u0111\u0129a, h\u1ed9p \u0111\u1ef1ng \u0111\u1ed3 d\u00f9ng nh\u1ecf, gi\u00fap t\u1ed1i \u01b0u h\u00f3a kh\u00f4ng gian l\u01b0u tr\u1eef v\u00e0 s\u1eafp x\u1ebfp \u0111\u1ed3 d\u00f9ng b\u1ebfp m\u1ed9t c\u00e1ch hi\u1ec7u qu\u1ea3.<\/span><\/li>\n<li style=\"font-weight: 300;\"><span style=\"font-weight: 300;\">T\u00f9y ch\u1ecdn treo t\u01b0\u1eddng: Ngo\u00e0i c\u00e1c m\u1eabu t\u1ee7 \u0111\u1ee9ng, t\u1ee7 b\u1ebfp nh\u00f4m c\u0169ng c\u00f3 th\u1ec3 \u0111\u01b0\u1ee3c thi\u1ebft k\u1ebf \u0111\u1ec3 treo t\u01b0\u1eddng, t\u1ea1o kh\u00f4ng gian m\u1edf r\u1ed9ng v\u00e0 ti\u1ec7n l\u1ee3i cho nh\u00e0 b\u1ebfp.<\/span><\/li>\n<\/ul>\n<h2 style=\"text-align: justify;\"><b>3. Ph\u01b0\u01a1ng ph\u00e1p thi\u1ebft k\u1ebf t\u1ee7 b\u1ebfp nh\u00f4m k\u00ednh \u0111\u1eb9p v\u00e0 t\u1ed1i \u01b0u kh\u00f4ng gian<\/b><\/h2>\n<h3 style=\"text-align: justify;\"><b>3.1 S\u1eed d\u1ee5ng thi\u1ebft b\u1ecb v\u00e0 ph\u1ee5 ki\u1ec7n nh\u00e0 b\u1ebfp th\u00f4ng minh hi\u1ec7n \u0111\u1ea1i<br \/>\n<\/b><\/h3>\n<figure id=\"attachment_4826\" aria-describedby=\"caption-attachment-4826\" style=\"width: 1280px\" class=\"wp-caption aligncenter\"><img loading=\"lazy\" decoding=\"async\" class=\"wp-image-4826 size-full\" src=\"https:\/\/nhatnam.org\/wp-content\/uploads\/2025\/02\/29-3.jpg\" alt=\"t\u1ee7 b\u1ebfp nh\u00f4m cao c\u1ea5p\" width=\"1280\" height=\"960\" \/><figcaption id=\"caption-attachment-4826\" class=\"wp-caption-text\">M\u1eabu t\u1ee7 b\u1ebfp nh\u00f4m cao c\u1ea5p c\u00f3 b\u00e0n \u0111\u1ea3o<\/figcaption><\/figure>\n<p style=\"text-align: justify;\"><span style=\"font-weight: 300;\">V\u1edbi ph\u01b0\u01a1ng ph\u00e1p n\u00e0y s\u1ebd gi\u00fap cho kh\u00f4ng gian b\u1ebfp nh\u00e0 b\u1ea1n \u0111\u01b0\u1ee3c ti\u1ebft ki\u1ec7m m\u1ed9t \u00edt kh\u00f4ng gian t\u0103ng t\u00ednh th\u1ea9m m\u1ef9 v\u00e0 s\u1ef1 sang tr\u1ecdng trong ng\u00f4i nh\u00e0. T\u00f9y v\u00e0o kh\u00f4ng gian b\u1ebfp c\u1ee7a kh\u00e1ch h\u00e0ng \u0111\u1ec3 \u0111\u01b0a ra l\u1ef1a ch\u1ecdn th\u00edch h\u1ee3p h\u01a1n. M\u1ed9t c\u0103n b\u1ebfp \u0111\u1eb9p th\u1ec3 hi\u1ec7n s\u1ef1 sang ch\u1ea3nh v\u00e0 hi\u1ec7n \u0111\u1ea1i t\u00f9y thu\u1ed9c v\u00e0o c\u00e1ch l\u1ef1a ch\u1ecdn m\u1eabu m\u00e3 v\u00e0 thi\u1ebft k\u1ebf ph\u00f9 h\u1ee3p.<\/span><\/p>\n<h3 style=\"text-align: justify;\"><b>3.2\u00a0 Thi\u1ebft k\u1ebf t\u1ee7 b\u1ebfp nh\u00f4m k\u00ednh cao c\u1ea5p theo d\u1ea1ng ch\u1eef U ho\u1eb7c ch\u1eef L<br \/>\n<\/b><\/h3>\n<figure id=\"attachment_4787\" aria-describedby=\"caption-attachment-4787\" style=\"width: 1280px\" class=\"wp-caption aligncenter\"><img loading=\"lazy\" decoding=\"async\" class=\"wp-image-4787 size-full\" src=\"https:\/\/nhatnam.org\/wp-content\/uploads\/2025\/02\/25-5.jpg\" alt=\"\" width=\"1280\" height=\"960\" \/><figcaption id=\"caption-attachment-4787\" class=\"wp-caption-text\">M\u1eabu t\u1ee7 b\u1ebfp nh\u00f4m k\u00ednh cao c\u1ea5p ch\u1eef L \u0111\u1eb9p<\/figcaption><\/figure>\n<p style=\"text-align: justify;\"><span style=\"font-weight: 300;\">\u0110\u1ec3 t\u1ed1i \u01b0u h\u00f3a kh\u00f4ng gian nh\u00e0 b\u1ebfp, h\u00e3y l\u1ef1a ch\u1ecdn m\u1eabu t\u1ee7 b\u1ebfp khung nh\u00f4m k\u00ednh h\u00ecnh ch\u1eef L ho\u1eb7c U. Thi\u1ebft k\u1ebf n\u00e0y kh\u00f4ng ch\u1ec9 mang l\u1ea1i kh\u00f4ng gian l\u01b0u tr\u1eef r\u1ed9ng r\u00e3i m\u00e0 c\u00f2n gi\u00fap c\u0103n b\u1ebfp tr\u1edf n\u00ean g\u1ecdn g\u00e0ng v\u00e0 ti\u1ec7n nghi h\u01a1n. Kh\u00e1m ph\u00e1 ngay c\u00e1c m\u1eabu t\u1ee7 b\u1ebfp nh\u00f4m hi\u1ec7n \u0111\u1ea1i \u0111\u1ec3 bi\u1ebfn \u01b0\u1edbc m\u01a1 v\u1ec1 m\u1ed9t kh\u00f4ng gian b\u1ebfp ho\u00e0n h\u1ea3o th\u00e0nh hi\u1ec7n th\u1ef1c!<\/span><\/p>\n<h3 style=\"text-align: justify;\"><b>3.3 L\u1ef1a ch\u1ecdn t\u1ee7 b\u1ebfp nh\u00f4m c\u00e1nh k\u00ednh cao c\u1ea5p s\u00e1t tr\u1ea7n<br \/>\n<\/b><\/h3>\n<figure id=\"attachment_4677\" aria-describedby=\"caption-attachment-4677\" style=\"width: 1276px\" class=\"wp-caption aligncenter\"><img loading=\"lazy\" decoding=\"async\" class=\"wp-image-4677 size-full\" src=\"https:\/\/nhatnam.org\/wp-content\/uploads\/2025\/02\/477605399_1052494380235983_8980987260121240546_n.jpg\" alt=\"t\u1ee7 b\u1ebfp nh\u00f4m cao c\u1ea5p\" width=\"1276\" height=\"956\" \/><figcaption id=\"caption-attachment-4677\" class=\"wp-caption-text\">T\u1ee7 b\u1ebfp nh\u00f4m c\u00e1nh k\u00ednh k\u1ecbch tr\u1ea7n<\/figcaption><\/figure>\n<p style=\"text-align: justify;\"><span style=\"font-weight: 300;\">V\u1edbi kh\u00f4ng gian nh\u00e0 b\u1ebfp nh\u1ecf, t\u00f9y ch\u1ecdn m\u1eabu t\u1ee7 b\u1ebfp nh\u00f4m l\u00e0 gi\u1ea3i ph\u00e1p t\u1ed1i \u01b0u \u0111\u1ec3 t\u1eadn d\u1ee5ng kh\u00f4ng gian. Qu\u00fd kh\u00e1ch c\u00f3 th\u1ec3 tham kh\u1ea3o c\u00e1c m\u1eabu t\u1ee7 b\u1ebfp k\u1ecbch tr\u1ea7n, t\u1ee7 b\u1ebfp thi\u1ebft k\u1ebf 2 t\u1ea7ng ho\u1eb7c 3 t\u1ea7ng s\u00e1t tr\u1ea7n \u0111\u1ec3 t\u1ea1o ra kh\u00f4ng gian l\u01b0u tr\u1eef hi\u1ec7u qu\u1ea3 v\u00e0 \u0111\u1eb9p m\u1eaft cho c\u0103n b\u1ebfp c\u1ee7a m\u00ecnh.<\/span><\/p>\n<p>[block id=&#8221;7478&#8243;]<\/p>\n<h2 style=\"text-align: justify;\"><b>4. Nh\u1eefng \u0111i\u1ec3m n\u1ed5i b\u1eadt v\u00e0 nh\u01b0\u1ee3c \u0111i\u1ec3m c\u1ee7a t\u1ee7 b\u1ebfp nh\u00f4m k\u00ednh cao c\u1ea5p<\/b><\/h2>\n<h3 style=\"text-align: justify;\"><strong>4.1 \u01afu \u0111i\u1ec3m:\u00a0<\/strong><\/h3>\n<ul style=\"text-align: justify;\">\n<li style=\"font-weight: 300;\"><span style=\"font-weight: 300;\">D\u1ec5 v\u1ec7 sinh, d\u1ec5 lau ch\u00f9i v\u00e0 r\u1ea5t b\u1ec1n b\u1ec9, r\u1ea5t \u00edt b\u00e1m b\u1ee5i b\u1ea9n.<\/span><\/li>\n<li style=\"font-weight: 300;\"><span style=\"font-weight: 300;\">M\u1eabu m\u00e3 \u0111\u1eb9p, \u0111a d\u1ea1ng c\u00f3 nhi\u1ec1u s\u1ef1 l\u1ef1a ch\u1ecdn cho kh\u00e1ch h\u00e0ng, c\u00e1c chi ti\u1ebft \u0111\u01b0\u1ee3c x\u1eed l\u00fd r\u1ea5t t\u1ec9 m\u1ec9 v\u1edbi \u0111\u1ed9 ch\u00ednh x\u00e1c kh\u00e1 cao. V\u1eady n\u00ean \u0111\u00e2y ch\u00ednh l\u00e0 l\u00fd do m\u00e0 kh\u00e1ch h\u00e0ng l\u1ef1a ch\u1ecdn v\u00e0 s\u1eed d\u1ee5ng nhi\u1ec1u h\u01a1n c\u00e1c lo\u1ea1i t\u1ee7 kh\u00e1c.<\/span><\/li>\n<li style=\"font-weight: 300;\"><span style=\"font-weight: 300;\">Kh\u00f4ng nh\u1eefng v\u1eady t\u1ee7 b\u1ebfp \u0111\u01b0\u1ee3c s\u1eed d\u1ee5ng c\u00e1nh k\u00ednh t\u1ea1o th\u00eam ph\u1ea7n s\u00e1ng s\u1ee7a h\u01a1n cho ng\u00f4i nh\u00e0, khi bi\u1ebft c\u00e1ch k\u1ebft h\u1ee3p v\u1edbi \u0111\u00e8n b\u1ebfp t\u1ea1o hi\u1ec7u \u1ee9ng khu\u1ebfch t\u00e1n v\u00f4 c\u00f9ng \u0111\u1eb9p m\u1eaft.\u00a0<\/span><\/li>\n<li style=\"font-weight: 300;\"><span style=\"font-weight: 300;\">T\u1ee7 b\u1ebfp nh\u00f4m c\u00e1nh k\u00ednh cao c\u1ea5p \u0111\u01b0\u1ee3c l\u00e0m t\u1eeb nh\u1eefng v\u1eadt li\u1ec7u ch\u1ea5t l\u01b0\u1ee3ng n\u00ean kh\u00e1ch h\u00e0ng y\u00ean t\u00e2m s\u1eed d\u1ee5ng, kh\u00f4ng g\u00e2y \u0111\u1ed9c h\u1ea1i \u0111\u1ebfn s\u1ee9c kh\u1ecfe kh\u00e1ch h\u00e0ng.<\/span><\/li>\n<\/ul>\n<h3 style=\"text-align: justify;\"><strong>4.2 Nh\u01b0\u1ee3c \u0111i\u1ec3m:<\/strong><\/h3>\n<ul style=\"text-align: justify;\">\n<li style=\"font-weight: 300;\"><span style=\"font-weight: 300;\">Gi\u00e1 th\u00e0nh cao h\u01a1n so v\u1edbi c\u00e1c t\u1ee7 b\u1ebfp nh\u00f4m k\u00ednh kh\u00e1c<\/span><\/li>\n<li style=\"font-weight: 300;\"><span style=\"font-weight: 300;\">M\u1eb7t k\u00ednh s\u1ebd r\u1ea5t d\u1ec5 b\u1ecb tr\u1ea7y x\u01b0\u1edbc n\u1ebfu nh\u01b0 kh\u00f4ng bi\u1ebft b\u1ea3o qu\u1ea3n v\u00e0 s\u1eed d\u1ee5ng \u0111\u00fang c\u00e1ch<\/span><\/li>\n<li style=\"font-weight: 300;\"><span style=\"font-weight: 300;\">N\u1ebfu va \u0111\u1eadp qu\u00e1 m\u1ea1nh v\u00e0o c\u1ea1nh k\u00ednh s\u1ebd g\u00e2y ra v\u1ee1 v\u00e0 h\u1ecfng k\u00ednh.<\/span><\/li>\n<\/ul>\n<h2 style=\"text-align: justify;\"><b>5. M\u1ed9t s\u1ed1 m\u1eabu t\u1ee7 b\u1ebfp c\u00e1nh k\u00ednh cao c\u1ea5p \u0111\u01b0\u1ee3c thi c\u00f4ng b\u1edfi Nh\u1ea5t Nam<\/b><\/h2>\n<p>[block id=&#8221;7478&#8243;]<\/p>\n<p style=\"text-align: justify;\"><img loading=\"lazy\" decoding=\"async\" class=\"aligncenter wp-image-4556 size-full\" src=\"https:\/\/nhatnam.org\/wp-content\/uploads\/2025\/02\/inox_NHAT_NAM63.jpg\" alt=\"\" width=\"1280\" height=\"960\" \/><\/p>\n<p style=\"text-align: justify;\"><img loading=\"lazy\" decoding=\"async\" class=\"aligncenter wp-image-3356 size-full\" src=\"https:\/\/nhatnam.org\/wp-content\/uploads\/2024\/12\/tu-bep-inox-Nhat-Nam-50.jpg\" alt=\"Xu H\u01b0\u1edbng Thi\u1ebft K\u1ebf T\u1ee7 B\u1ebfp 2025\" width=\"1280\" height=\"960\" \/><\/p>\n<p style=\"text-align: justify;\"><img loading=\"lazy\" decoding=\"async\" class=\"aligncenter wp-image-3327 size-full\" src=\"https:\/\/nhatnam.org\/wp-content\/uploads\/2024\/12\/tu-bep-inox-Nhat-Nam-21.jpg\" alt=\"\" width=\"1280\" height=\"720\" \/><\/p>\n<p style=\"text-align: justify;\"><img loading=\"lazy\" decoding=\"async\" class=\"aligncenter wp-image-3263 size-full\" src=\"https:\/\/nhatnam.org\/wp-content\/uploads\/2024\/12\/z6157871416344_9520d68da823b8476427ed97e6522cae.jpg\" alt=\"T\u1ee7 B\u1ebfp H\u1ee3p Kim Nh\u00f4m V\u00e0 T\u1ee7 B\u1ebfp Inox: N\u00ean Ch\u1ecdn Lo\u1ea1i T\u1ee7 B\u1ebfp N\u00e0o\" width=\"1280\" height=\"960\" \/><\/p>\n<p style=\"text-align: justify;\"><img loading=\"lazy\" decoding=\"async\" class=\"aligncenter wp-image-3214 size-full\" src=\"https:\/\/nhatnam.org\/wp-content\/uploads\/2024\/12\/z6157902377942_fc14b676f61751c96ca649231c75fa3b-1.jpg\" alt=\"\" width=\"1280\" height=\"720\" \/><\/p>\n<p><img loading=\"lazy\" decoding=\"async\" class=\"wp-image-2237 aligncenter\" src=\"https:\/\/nhatnam.org\/wp-content\/uploads\/2024\/12\/Tu-bep-inox-nhat-nam-05-300x225.jpg\" alt=\"T\u1ee7 b\u1ebfp nh\u00f4m c\u00e1nh k\u00ednh cao c\u1ea5p\" width=\"1200\" height=\"900\" \/><\/p>\n<p><img loading=\"lazy\" decoding=\"async\" class=\"wp-image-2198 size-full aligncenter\" src=\"https:\/\/nhatnam.org\/wp-content\/uploads\/2024\/12\/Tu-bep-inox-canh-kinh-nhat-nam-19.jpg\" alt=\"\" width=\"1200\" height=\"630\" \/><\/p>\n<p><img loading=\"lazy\" decoding=\"async\" class=\"wp-image-2193 size-full aligncenter\" src=\"https:\/\/nhatnam.org\/wp-content\/uploads\/2024\/12\/Tu-bep-inox-canh-kinh-nhat-nam-14.jpg\" alt=\"\" width=\"1200\" height=\"630\" \/><\/p>\n","protected":false},"excerpt":{"rendered":"<p style=\"text-align: justify;\">T\u1ee7 b\u1ebfp nh\u00f4m cao c\u1ea5p mang \u0111\u1ebfn s\u1ef1 h\u00e0i h\u00f2a gi\u1eefa v\u1ebb \u0111\u1eb9p tinh t\u1ebf v\u00e0 t\u00ednh ti\u1ec7n d\u1ee5ng cho kh\u00f4ng gian b\u1ebfp. V\u1edbi thi\u1ebft k\u1ebf hi\u1ec7n \u0111\u1ea1i c\u00f9ng ch\u1ea5t li\u1ec7u b\u1ec1n b\u1ec9, \u0111\u00e2y l\u00e0 l\u1ef1a ch\u1ecdn l\u00fd t\u01b0\u1edfng \u0111\u1ec3 t\u1ea1o n\u00ean m\u1ed9t gian b\u1ebfp \u1ea5m c\u00fang v\u00e0 sang tr\u1ecdng.<\/p>\n","protected":false},"featured_media":1285,"comment_status":"open","ping_status":"closed","template":"","meta":{"_acf_changed":false,"_gspb_post_css":""},"book-author":[],"product_brand":[],"product_cat":[113,117,118],"product_tag":[],"class_list":{"0":"post-1343","1":"product","2":"type-product","3":"status-publish","4":"has-post-thumbnail","6":"product_cat-tu-bep-nhom","7":"product_cat-tu-bep-nhom-canh-kinh","8":"product_cat-tu-bep-nhom-cao-cap","10":"first","11":"instock","12":"shipping-taxable","13":"product-type-simple"},"acf":[],"_links":{"self":[{"href":"https:\/\/nhatnam.libion.me\/wp-json\/wp\/v2\/product\/1343","targetHints":{"allow":["GET"]}}],"collection":[{"href":"https:\/\/nhatnam.libion.me\/wp-json\/wp\/v2\/product"}],"about":[{"href":"https:\/\/nhatnam.libion.me\/wp-json\/wp\/v2\/types\/product"}],"replies":[{"embeddable":true,"href":"https:\/\/nhatnam.libion.me\/wp-json\/wp\/v2\/comments?post=1343"}],"wp:featuredmedia":[{"embeddable":true,"href":"https:\/\/nhatnam.libion.me\/wp-json\/wp\/v2\/media\/1285"}],"wp:attachment":[{"href":"https:\/\/nhatnam.libion.me\/wp-json\/wp\/v2\/media?parent=1343"}],"wp:term":[{"taxonomy":"book-author","embeddable":true,"href":"https:\/\/nhatnam.libion.me\/wp-json\/wp\/v2\/book-author?post=1343"},{"taxonomy":"product_brand","embeddable":true,"href":"https:\/\/nhatnam.libion.me\/wp-json\/wp\/v2\/product_brand?post=1343"},{"taxonomy":"product_cat","embeddable":true,"href":"https:\/\/nhatnam.libion.me\/wp-json\/wp\/v2\/product_cat?post=1343"},{"taxonomy":"product_tag","embeddable":true,"href":"https:\/\/nhatnam.libion.me\/wp-json\/wp\/v2\/product_tag?post=1343"}],"curies":[{"name":"wp","href":"https:\/\/api.w.org\/{rel}","templated":true}]}}