{"id":1342,"date":"2026-04-07T10:05:55","date_gmt":"2026-04-07T10:05:55","guid":{"rendered":"https:\/\/nhatnam.libion.me\/index.php\/product\/tu-bep-inox\/"},"modified":"2026-04-07T10:05:55","modified_gmt":"2026-04-07T10:05:55","slug":"tu-bep-inox","status":"publish","type":"product","link":"https:\/\/nhatnam.libion.me\/index.php\/product\/tu-bep-inox\/","title":{"rendered":"T\u1ee7 B\u1ebfp Inox"},"content":{"rendered":"<p style=\"text-align: justify;\"><span style=\"font-weight: 400;\">\u0110\u1ebfn v\u1edbi kh\u00f4ng gian b\u1ebfp hi\u1ec7n \u0111\u1ea1i, t\u1ee7 b\u1ebfp inox kh\u00f4ng ch\u1ec9 l\u00e0 m\u1ed9t ph\u1ea7n c\u1ee7a n\u1ed9i th\u1ea5t m\u00e0 c\u00f2n l\u00e0 bi\u1ec3u t\u01b0\u1ee3ng c\u1ee7a s\u1ef1 sang tr\u1ecdng v\u00e0 ti\u1ec7n nghi. V\u1edbi s\u1ef1 k\u1ebft h\u1ee3p ho\u00e0n h\u1ea3o gi\u1eefa ch\u1ea5t li\u1ec7u inox ch\u1ea5t l\u01b0\u1ee3ng cao v\u00e0 thi\u1ebft k\u1ebf tinh t\u1ebf, t\u1ee7 b\u1ebfp inox l\u00e0 l\u1ef1a ch\u1ecdn h\u00e0ng \u0111\u1ea7u cho nh\u1eefng ai \u0111ang t\u00ecm ki\u1ebfm s\u1ef1 \u0111\u1eb3ng c\u1ea5p v\u00e0 ti\u1ec7n \u00edch cho kh\u00f4ng gian b\u1ebfp c\u1ee7a m\u00ecnh.<\/span><\/p>\n<h2 style=\"text-align: justify;\"><strong>1. S\u01a1 l\u01b0\u1ee3c v\u1ec1 t\u1ee7 b\u1ebfp inox<\/strong><\/h2>\n<p><img loading=\"lazy\" decoding=\"async\" class=\"aligncenter wp-image-2238\" src=\"https:\/\/nhatnam.org\/wp-content\/uploads\/2024\/12\/Tu-bep-inox-nhat-nam-06-300x231.jpg\" alt=\"\" width=\"1200\" height=\"923\" \/><\/p>\n<h3 style=\"text-align: justify;\"><strong>1.1 T\u1ee7 b\u1ebfp inox l\u00e0 g\u00ec?<\/strong><\/h3>\n<p style=\"text-align: justify;\"><span style=\"font-weight: 400;\">T\u1ee7 b\u1ebfp inox l\u00e0 s\u1ea3n ph\u1ea9m n\u1ed9i th\u1ea5t \u0111\u01b0\u1ee3c l\u00e0m t\u1eeb ch\u1ea5t li\u1ec7u inox, \u0111\u1eb7c bi\u1ec7t l\u00e0 inox 304 &#8211; lo\u1ea1i inox ch\u1ea5t l\u01b0\u1ee3ng cao v\u1edbi kh\u1ea3 n\u0103ng ch\u1ed1ng g\u1ec9 s\u00e9t v\u00e0 \u0111\u1ed9 b\u1ec1n cao. Ch\u1ea5t li\u1ec7u n\u00e0y kh\u00f4ng ch\u1ec9 mang l\u1ea1i v\u1ebb \u0111\u1eb9p sang tr\u1ecdng m\u00e0 c\u00f2n \u0111\u1ea3m b\u1ea3o s\u1ef1 an to\u00e0n v\u00e0 ti\u1ec7n nghi cho kh\u00f4ng gian b\u1ebfp.<\/span><\/p>\n<h3 style=\"text-align: justify;\"><strong>1.2 C\u1ea5u t\u1ea1o c\u1ee7a t\u1ee7 b\u1ebfp inox<\/strong><\/h3>\n<p style=\"text-align: justify;\"><span style=\"font-weight: 400;\">Ch\u1ea5t li\u1ec7u ch\u00ednh c\u1ee7a t\u1ee7 b\u1ebfp inox l\u00e0 inox, \u0111\u1eb7c bi\u1ec7t l\u00e0 inox 304. \u0110\u00e2y l\u00e0 m\u1ed9t lo\u1ea1i kh\u00f4ng g\u1ec9 c\u00f3 \u0111\u1ed9 b\u1ec1n cao, kh\u1ea3 n\u0103ng ch\u1ed1ng \u0103n m\u00f2n v\u00e0 oxy h\u00f3a, \u0111\u1ed3ng th\u1eddi d\u1ec5 d\u00e0ng v\u1ec7 sinh v\u00e0 b\u1ea3o qu\u1ea3n. V\u1edbi \u0111\u1eb7c t\u00ednh n\u00e0y, t\u1ee7 b\u1ebfp inox kh\u00f4ng ch\u1ec9 l\u00e0 s\u1ef1 l\u1ef1a ch\u1ecdn v\u1eefng ch\u1eafc m\u00e0 c\u00f2n l\u00e0 bi\u1ec3u t\u01b0\u1ee3ng c\u1ee7a s\u1ef1 sang tr\u1ecdng v\u00e0 \u0111\u1eb3ng c\u1ea5p trong kh\u00f4ng gian b\u1ebfp.<\/span><\/p>\n<h4 style=\"text-align: justify;\"><strong>Khung, th\u00f9ng t\u1ee7 b\u1ebfp inox:\u00a0<\/strong><\/h4>\n<p style=\"text-align: justify;\"><span style=\"font-weight: 400;\">T\u1ee7 b\u1ebfp inox \u0111\u01b0\u1ee3c thi\u1ebft k\u1ebf theo h\u1ec7 module, c\u00f3 ngh\u0129a l\u00e0 c\u00e1c ph\u1ea7n c\u1ee7a t\u1ee7 c\u00f3 th\u1ec3 t\u00f9y ch\u1ec9nh k\u00edch th\u01b0\u1edbc v\u00e0 ch\u1ee9c n\u0103ng \u0111\u1ec3 ph\u00f9 h\u1ee3p v\u1edbi nhu c\u1ea7u s\u1eed d\u1ee5ng t\u1ea1o n\u00ean c\u1ea5u tr\u00fac ch\u1eafc ch\u1eafn.<\/span> <span style=\"font-weight: 400;\">Ch\u00fang th\u01b0\u1eddng \u0111\u01b0\u1ee3c l\u00e0m t\u1eeb inox ch\u1ea5t l\u01b0\u1ee3ng cao kh\u00f4ng g\u1ec9 \u0111\u1ec3 \u0111\u1ea3m b\u1ea3o \u0111\u1ed9 b\u1ec1n v\u00e0 kh\u1ea3 n\u0103ng ch\u1ed1ng oxy h\u00f3a.<\/span><\/p>\n<h4 style=\"text-align: justify;\"><strong>C\u00e1nh t\u1ee7 b\u1ebfp inox:<\/strong><\/h4>\n<p style=\"text-align: justify;\"><span style=\"font-weight: 400;\">C\u00e1nh t\u1ee7 b\u1ebfp inox c\u00f3 th\u1ec3 \u0111\u01b0\u1ee3c thi\u1ebft k\u1ebf d\u01b0\u1edbi d\u1ea1ng c\u00e1nh m\u1edf ho\u1eb7c c\u00e1nh tr\u01b0\u1ee3t, ph\u1ee5 thu\u1ed9c v\u00e0o s\u1edf th\u00edch v\u00e0 y\u00eau c\u1ea7u c\u1ee5 th\u1ec3 c\u1ee7a ng\u01b0\u1eddi s\u1eed d\u1ee5ng. \u0110\u1eb7c \u0111i\u1ec3m chung c\u1ee7a c\u00e1nh t\u1ee7 inox l\u00e0 \u0111\u1ed9 d\u00e0y \u0111\u00e1ng k\u1ec3, nh\u1eb1m \u0111\u1ea3m b\u1ea3o t\u00ednh ch\u1eafc ch\u1eafn v\u00e0 \u0111\u1ed9 c\u1ee9ng c\u1ee7a s\u1ea3n ph\u1ea9m. C\u00e1nh t\u1ee7 inox \u0111\u01b0\u1ee3c l\u00e0m t\u1eeb c\u00e1c v\u1eadt li\u1ec7u \u0111a d\u1ea1ng nh\u01b0 c\u00e1nh Acrylic, c\u00e1nh k\u00ednh c\u01b0\u1eddng l\u1ef1c ho\u1eb7c c\u00e1nh Melamine, t\u00f9y thu\u1ed9c v\u00e0o nhu c\u1ea7u v\u00e0 phong c\u00e1ch thi\u1ebft k\u1ebf c\u1ee7a kh\u00f4ng gian b\u1ebfp.<\/span><\/p>\n<h4 style=\"text-align: justify;\"><strong>Ph\u1ee5 ki\u1ec7n t\u1ee7 b\u1ebfp inox:<\/strong><\/h4>\n<p style=\"text-align: justify;\"><span style=\"font-weight: 400;\">T\u1ee7 b\u1ebfp \u0111\u01b0\u1ee3c trang b\u1ecb \u0111\u1ea7y \u0111\u1ee7 ph\u1ee5 ki\u1ec7n v\u00e0 thi\u1ebft b\u1ecb nh\u01b0 gi\u00e1 \u0111\u1ef1ng gia v\u1ecb, gi\u00e1 \u0111\u1ec3 b\u00e1t t\u1ee7 b\u1ebfp n\u00e2ng h\u1ea1, m\u00e2m xoay, tay n\u00e2ng t\u1ee7 b\u1ebfp,&#8230; \u0111\u1ec3 t\u1ed1i \u01b0u h\u00f3a kh\u00f4ng gian v\u00e0 ti\u1ec7n \u00edch trong vi\u1ec7c s\u1eed d\u1ee5ng.<\/span><\/p>\n<h3 style=\"text-align: justify;\"><strong>1.3 \u01afu v\u00e0 nh\u01b0\u1ee3c \u0111i\u1ec3m c\u1ee7a t\u1ee7 b\u1ebfp inox<\/strong><\/h3>\n<p style=\"text-align: justify;\"><span style=\"font-weight: 400;\">\u01afu \u0111i\u1ec3m:<\/span><\/p>\n<ul style=\"text-align: justify;\">\n<li style=\"font-weight: 400;\" aria-level=\"1\"><span style=\"font-weight: 400;\">\u0110\u1ed9 b\u1ec1n v\u1eefng: Inox 304 \u0111em l\u1ea1i \u0111\u1ed9 b\u1ec1n v\u00e0 \u0111\u1ed9 \u1ed5n \u0111\u1ecbnh cao, gi\u00fap b\u1ebfp inox c\u00f3 tu\u1ed5i th\u1ecd l\u00e2u d\u00e0i v\u00e0 kh\u1ea3 n\u0103ng ch\u1ed1ng \u0103n m\u00f2n v\u01b0\u1ee3t tr\u1ed9i.<\/span><\/li>\n<li style=\"font-weight: 400;\" aria-level=\"1\"><span style=\"font-weight: 400;\">T\u00ednh ch\u1ed1ng tr\u1ea7y x\u01b0\u1edbc: B\u1ec1 m\u1eb7t inox c\u1ee7a t\u1ee7 b\u1ebfp kh\u00f3 b\u1ecb tr\u1ea7y x\u01b0\u1edbc, gi\u1eef cho s\u1ea3n ph\u1ea9m lu\u00f4n m\u1edbi m\u1ebb v\u00e0 b\u00f3ng b\u1ea9y theo th\u1eddi gian.<\/span><\/li>\n<li style=\"font-weight: 400;\" aria-level=\"1\"><span style=\"font-weight: 400;\">D\u1ec5 d\u00e0ng v\u1ec7 sinh: Inox d\u1ec5 d\u00e0ng v\u1ec7 sinh v\u00e0 lau ch\u00f9i, gi\u00fap t\u1ee7 b\u1ebfp lu\u00f4n s\u1ea1ch s\u1ebd v\u00e0 hygienic cho kh\u00f4ng gian n\u1ea5u n\u01b0\u1edbng.<\/span><\/li>\n<\/ul>\n<p style=\"text-align: justify;\"><span style=\"font-weight: 400;\">Nh\u01b0\u1ee3c \u0110i\u1ec3m: G\u00eda th\u00e0nh cao h\u01a1n so v\u1edbi m\u1eabu t\u1ee7 b\u1ebfp g\u1ed7 truy\u1ec1n th\u1ed1ng nh\u01b0ng \u0111\u1ed5i l\u1ea1i v\u1ec1 gi\u00e1 tr\u1ecb th\u00ec t\u1ee7 b\u1ebfp inox l\u00e0 m\u1ed9t s\u1ef1 \u0111\u1ea7u t\u01b0 x\u1ee9ng \u0111\u00e1ng<\/span><\/p>\n<h2 style=\"text-align: justify;\"><strong>2. \u0110a d\u1ea1ng d\u00f2ng s\u1ea3n ph\u1ea9m t\u1ee7 b\u1ebfp inox t\u1ea1i Nh\u1ea5t Nam<\/strong><\/h2>\n<p><img loading=\"lazy\" decoding=\"async\" class=\"aligncenter wp-image-2198 size-full\" src=\"https:\/\/nhatnam.org\/wp-content\/uploads\/2024\/12\/Tu-bep-inox-canh-kinh-nhat-nam-19.jpg\" alt=\"\" width=\"1200\" height=\"630\" \/><\/p>\n<h3 style=\"text-align: justify;\"><strong>2.1 T\u1ee7 b\u1ebfp inox c\u00e1nh Acrylic<\/strong><\/h3>\n<p style=\"text-align: justify;\"><span style=\"font-weight: 400;\">T\u1ee7 b\u1ebfp inox c\u00e1nh Acrylic l\u00e0 m\u1ed9t s\u1ef1 k\u1ebft h\u1ee3p \u0111\u1ed9c \u0111\u00e1o gi\u1eefa ch\u1ea5t li\u1ec7u inox v\u00e0 c\u00e1nh t\u1ee7 b\u1eb1ng Acrylic. Ch\u1ea5t li\u1ec7u Acrylic mang \u0111\u1ebfn v\u1ebb \u0111\u1eb9p tinh t\u1ebf v\u00e0 s\u1ef1 trong su\u1ed1t, t\u1ea1o \u0111i\u1ec3m nh\u1ea5n cho kh\u00f4ng gian b\u1ebfp. V\u1edbi t\u1ee7 b\u1ebfp inox c\u00e1nh Acrylic, b\u1ea1n c\u00f3 th\u1ec3 t\u1eadn h\u01b0\u1edfng s\u1ef1 sang tr\u1ecdng v\u00e0 \u0111a d\u1ea1ng m\u00e0u s\u1eafc c\u1ee7a c\u00e1nh t\u1ee7, \u0111\u1ed3ng th\u1eddi t\u1eadn d\u1ee5ng \u0111\u01b0\u1ee3c \u01b0u \u0111i\u1ec3m v\u1ec1 \u0111\u1ed9 b\u1ec1n v\u00e0 kh\u1ea3 n\u0103ng ch\u1ed1ng oxy h\u00f3a c\u1ee7a inox.<\/span><\/p>\n<h3 style=\"text-align: justify;\"><strong>2.2 T\u1ee7 b\u1ebfp inox c\u00e1nh k\u00ednh<\/strong><\/h3>\n<p style=\"text-align: justify;\"><span style=\"font-weight: 400;\">T\u1ee7 b\u1ebfp inox c\u00e1nh k\u00ednh l\u00e0 d\u00f2ng t\u1ee7 b\u1ebfp cao c\u1ea5p k\u1ebft h\u1ee3p ho\u00e0n h\u1ea3o gi\u1eefa ch\u1ea5t li\u1ec7u inox v\u00e0 k\u00ednh. V\u1edbi c\u00e1nh t\u1ee7 b\u1eb1ng k\u00ednh trong su\u1ed1t, t\u1ee7 b\u1ebfp inox c\u00e1nh k\u00ednh t\u1ea1o ra s\u1ef1 nh\u1eb9 nh\u00e0ng v\u00e0 tinh t\u1ebf cho kh\u00f4ng gian b\u1ebfp. K\u00ednh th\u01b0\u1eddng \u0111\u01b0\u1ee3c s\u1eed d\u1ee5ng l\u00e0 k\u00ednh c\u01b0\u1eddng l\u1ef1c, ch\u1ecbu va \u0111\u1eadp t\u1ed1t v\u00e0 an to\u00e0n. T\u1ee7 b\u1ebfp c\u00e1nh k\u00ednh kh\u00f4ng ch\u1ec9 mang \u0111\u1ebfn v\u1ebb \u0111\u1eb9p hi\u1ec7n \u0111\u1ea1i m\u00e0 c\u00f2n t\u1ea1o c\u1ea3m gi\u00e1c r\u1ed9ng r\u00e3i v\u00e0 tho\u00e1ng \u0111\u00e3ng cho kh\u00f4ng gian b\u1ebfp.<\/span><\/p>\n<h3 style=\"text-align: justify;\"><strong>2.3 T\u1ee7 b\u1ebfp inox caro 3 l\u1edbp h\u1ec7 module<\/strong><\/h3>\n<p style=\"text-align: justify;\"><span style=\"font-weight: 400;\">T\u1ee7 b\u1ebfp inox Caro 3 l\u1edbp h\u1ec7 module l\u00e0 s\u1ef1 k\u1ebft h\u1ee3p ho\u00e0n h\u1ea3o gi\u1eefa ti\u1ec7n \u00edch v\u00e0 linh ho\u1ea1t trong thi\u1ebft k\u1ebf n\u1ed9i th\u1ea5t. V\u1edbi c\u1ea5u tr\u00fac 3 l\u1edbp, t\u1ee7 b\u1ebfp n\u00e0y mang l\u1ea1i kh\u00f4ng gian l\u01b0u tr\u1eef r\u1ed9ng r\u00e3i v\u00e0 ti\u1ec7n d\u1ee5ng cho m\u1ecdi nhu c\u1ea7u s\u1eed d\u1ee5ng.\u00a0<\/span><\/p>\n<h3 style=\"text-align: justify;\"><strong>2.4 T\u1ee7 b\u1ebfp inox caro 1 l\u1edbp h\u1ec7 module<\/strong><\/h3>\n<p style=\"text-align: justify;\"><span style=\"font-weight: 400;\">T\u1ee7 b\u1ebfp inox Caro 1 l\u1edbp h\u1ec7 module l\u00e0 s\u1ef1 l\u1ef1a ch\u1ecdn ho\u00e0n h\u1ea3o cho nh\u1eefng kh\u00f4ng gian b\u1ebfp nh\u1ecf h\u1eb9p. V\u1edbi c\u1ea5u tr\u00fac 1 l\u1edbp, t\u1ee7 b\u1ebfp h\u1ec7 module mang l\u1ea1i s\u1ef1 ti\u1ec7n d\u1ee5ng v\u00e0 thanh l\u1ecbch trong thi\u1ebft k\u1ebf n\u1ed9i th\u1ea5t. Thi\u1ebft k\u1ebf \u0111\u01a1n l\u1edbp c\u1ee7a t\u1ee7 b\u1ebfp inox Caro 1 l\u1edbp h\u1ec7 module mang \u0111\u1ebfn s\u1ef1 ti\u1ec7n \u00edch v\u00e0 thu\u1eadn ti\u1ec7n trong vi\u1ec7c s\u1eafp x\u1ebfp \u0111\u1ed3 d\u00f9ng b\u1ebfp, \u0111\u1ed3ng th\u1eddi t\u1ea1o n\u00ean m\u1ed9t di\u1ec7n m\u1ea1o \u0111\u1eb9p v\u00e0 hi\u1ec7n \u0111\u1ea1i cho kh\u00f4ng gian b\u1ebfp.<\/span><\/p>\n<h3 style=\"text-align: justify;\"><strong>2.5 T\u1ee7 b\u1ebfp inox x\u01b0\u1edbc 1 l\u1edbp h\u1ec7 module<\/strong><\/h3>\n<p style=\"text-align: justify;\"><span style=\"font-weight: 400;\">T\u1ee7 b\u1ebfp Inox x\u01b0\u1edbc 1 l\u1edbp h\u1ec7 module, l\u00e0 s\u1ef1 k\u1ebft h\u1ee3p ho\u00e0n h\u1ea3o gi\u1eefa ch\u1ea5t li\u1ec7u inox 304 cao c\u1ea5p v\u00e0 thi\u1ebft k\u1ebf linh ho\u1ea1t theo h\u1ec7 module kh\u00e1c nhau c\u00f3 th\u1ec3 l\u1eafp r\u00e1p l\u1ea1i v\u1edbi nhau \u0111\u1ec3 t\u1ea1o th\u00e0nh m\u1ed9t t\u1ee7 b\u1ebfp ho\u00e0n ch\u1ec9nh. V\u1edbi thi\u1ebft k\u1ebf h\u1ec7 module, t\u1ee7 b\u1ebfp\u00a0 X\u01b0\u1edbc 1 l\u1edbp mang \u0111\u1ebfn kh\u00f4ng gian b\u1ebfp g\u1ecdn g\u00e0ng v\u00e0 t\u1ed5 ch\u1ee9c, \u0111\u1ed3ng th\u1eddi t\u1ea1o \u0111i\u1ec3m nh\u1ea5n th\u1ea9m m\u1ef9 \u0111\u1eb7c bi\u1ec7t cho kh\u00f4ng gian n\u1ea5u n\u01b0\u1edbng c\u1ee7a b\u1ea1n.<\/span><\/p>\n<h3 style=\"text-align: justify;\"><strong>2.6 T\u1ee7 b\u1ebfp inox x\u01b0\u1edbc 3 l\u1edbp h\u1ec7 module<\/strong><\/h3>\n<p style=\"text-align: justify;\"><span style=\"font-weight: 400;\">V\u1edbi c\u1ea5u tr\u00fac 3 l\u1edbp, t\u1ee7 b\u1ebfp n\u00e0y mang l\u1ea1i s\u1ef1 ti\u1ec7n \u00edch v\u00e0 linh ho\u1ea1t cho kh\u00f4ng gian b\u1ebfp. H\u1ec7 module linh ho\u1ea1t cho ph\u00e9p ng\u01b0\u1eddi d\u00f9ng t\u00f9y ch\u1ec9nh v\u00e0 s\u1eafp x\u1ebfp t\u1ee7 b\u1ebfp theo nhu c\u1ea7u s\u1eed d\u1ee5ng. T\u1ee7 b\u1ebfp inox X\u01b0\u1edbc 3 l\u1edbp h\u1ec7 module mang \u0111\u1ebfn v\u1ebb \u0111\u1eb9p sang tr\u1ecdng v\u00e0 \u0111\u1ed9c \u0111\u00e1o cho kh\u00f4ng gian b\u1ebfp c\u1ee7a b\u1ea1n, \u0111\u1ed3ng th\u1eddi cung c\u1ea5p s\u1ef1 ti\u1ec7n nghi v\u00e0 s\u1eafp x\u1ebfp th\u00f4ng minh cho c\u00e1c \u0111\u1ed3 d\u00f9ng b\u1ebfp.<\/span><\/p>\n<h3 style=\"text-align: justify;\"><strong>2.7 T\u1ee7 b\u1ebfp inox ch\u1ed1ng b\u00e1m v\u00e2n tay<\/strong><\/h3>\n<p style=\"text-align: justify;\"><span style=\"font-weight: 400;\">T\u1ee7 b\u1ebfp <\/span>ch\u1ed1ng b\u00e1m v\u00e2n tay l\u00e0 m\u1ed9t d\u00f2ng s\u1ea3n ph\u1ea9m t\u1ee7 b\u1ebfp inox \u0111\u01b0\u1ee3c x\u1eed l\u00fd b\u1ec1 m\u1eb7t \u0111\u1eb7c bi\u1ec7t \u0111\u1ec3 ch\u1ed1ng b\u00e1m v\u00e2n tay v\u00e0 d\u1ea5u v\u1ebft. V\u1edbi c\u00f4ng ngh\u1ec7 ch\u1ed1ng b\u00e1m v\u00e2n tay, t\u1ee7 b\u1ebfp inox gi\u1eef \u0111\u01b0\u1ee3c v\u1ebb \u0111\u1eb9p s\u00e1ng b\u00f3ng v\u00e0 kh\u00f4ng b\u1ecb \u1ed1 m\u00e0u do v\u00e2n tay hay d\u1ea5u v\u1ebft b\u1ea9n. \u0110i\u1ec1u n\u00e0y gi\u00fap gi\u1eef cho t\u1ee7 b\u1ebfp lu\u00f4n s\u1ea1ch s\u1ebd v\u00e0 d\u1ec5 d\u00e0ng v\u1ec7 sinh. T\u1ee7 b\u1ebfp ch\u1ed1ng b\u00e1m v\u00e2n tay kh\u00f4ng ch\u1ec9 mang \u0111\u1ebfn v\u1ebb \u0111\u1eb9p m\u00e0 c\u00f2n gi\u00fap duy tr\u00ec s\u1ef1 s\u1ea1ch s\u1ebd v\u00e0 ch\u1ea5t l\u01b0\u1ee3ng c\u1ee7a kh\u00f4ng gian b\u1ebfp.<\/p>\n<h2 style=\"text-align: justify;\"><strong>3. B\u00e1o gi\u00e1 t\u1ee7 b\u1ebfp inox gi\u00e1 t\u1ed1t<\/strong><\/h2>\n<p style=\"text-align: justify;\"><span style=\"font-weight: 400;\">Nh\u1ea5t Nam cam k\u1ebft mang \u0111\u1ebfn cho kh\u00e1ch h\u00e0ng b\u00e1o gi\u00e1 t\u1ee7 b\u1ebfp inox\u00a0 v\u1edbi m\u1ee9c gi\u00e1 t\u1ed1t nh\u1ea5t tr\u00ean th\u1ecb tr\u01b0\u1eddng, \u0111\u1ed3ng th\u1eddi \u0111\u1ea3m b\u1ea3o ch\u1ea5t l\u01b0\u1ee3ng v\u00e0 d\u1ecbch v\u1ee5 sau b\u00e1n h\u00e0ng t\u1eadn t\u00ecnh. Li\u00ean h\u1ec7 hotline N\u1ed9i Th\u1ea5t Nh\u1ea5t Nam \u0111\u1ec3 \u0111\u01b0\u1ee3c h\u1ed7 tr\u1ee3 v\u00e0 nh\u1eadn b\u00e1o gi\u00e1 \u01b0u \u0111\u00e3i nh\u1ea5t<\/span><\/p>\n<h2 style=\"text-align: justify;\"><strong>4. M\u1ed9t s\u1ed1 m\u1eabu t\u1ee7 b\u1ebfp inox \u0111\u1eb9p<\/strong><\/h2>\n<p><img loading=\"lazy\" decoding=\"async\" class=\"aligncenter wp-image-2171 size-full\" src=\"https:\/\/nhatnam.org\/wp-content\/uploads\/2024\/12\/NTNN02.jpg\" alt=\"\" width=\"1200\" height=\"630\" \/><\/p>\n<p><img loading=\"lazy\" decoding=\"async\" class=\"aligncenter wp-image-2178 size-full\" src=\"https:\/\/nhatnam.org\/wp-content\/uploads\/2024\/12\/NTNN09.jpg\" alt=\"\" width=\"1200\" height=\"630\" \/><\/p>\n<p><img loading=\"lazy\" decoding=\"async\" class=\"aligncenter wp-image-2177 size-full\" src=\"https:\/\/nhatnam.org\/wp-content\/uploads\/2024\/12\/NTNN08.jpg\" alt=\"\" width=\"1200\" height=\"630\" \/><\/p>\n<p><img loading=\"lazy\" decoding=\"async\" class=\"aligncenter wp-image-2173\" src=\"https:\/\/nhatnam.org\/wp-content\/uploads\/2024\/12\/NTNN04-300x157.jpg\" alt=\"\" width=\"1200\" height=\"629\" \/><\/p>\n<p style=\"text-align: justify;\"><span style=\"font-weight: 400;\">T\u1ee7 b\u1ebfp inox kh\u00f4ng ch\u1ec9 \u0111\u01a1n thu\u1ea7n l\u00e0 s\u1ea3n ph\u1ea9m n\u1ed9i th\u1ea5t m\u00e0 c\u00f2n l\u00e0 bi\u1ec3u t\u01b0\u1ee3ng c\u1ee7a s\u1ef1 sang tr\u1ecdng v\u00e0 ti\u1ec7n nghi trong kh\u00f4ng gian n\u1ed9i th\u1ea5t. V\u1edbi s\u1ef1 \u0111a d\u1ea1ng v\u1ec1 c\u00e1c d\u00f2ng s\u1ea3n ph\u1ea9m v\u00e0 cam k\u1ebft v\u1ec1 gi\u00e1 c\u1ea3 h\u1ee3p l\u00fd, Nh\u1ea5t Nam t\u1ef1 tin l\u00e0 \u0111\u1ecba ch\u1ec9 \u0111\u00e1ng tin c\u1eady cho m\u1ecdi gia \u0111\u00ecnh trong vi\u1ec7c trang tr\u00ed v\u00e0 n\u00e2ng c\u1ea5p kh\u00f4ng gian b\u1ebfp.<\/span><\/p>\n","protected":false},"excerpt":{"rendered":"<p><span style=\"font-weight: 400;\">\u0110\u1ebfn v\u1edbi kh\u00f4ng gian b\u1ebfp hi\u1ec7n \u0111\u1ea1i, t\u1ee7 b\u1ebfp inox kh\u00f4ng ch\u1ec9 l\u00e0 m\u1ed9t ph\u1ea7n c\u1ee7a n\u1ed9i th\u1ea5t m\u00e0 c\u00f2n l\u00e0 bi\u1ec3u t\u01b0\u1ee3ng c\u1ee7a s\u1ef1 sang tr\u1ecdng v\u00e0 ti\u1ec7n nghi. V\u1edbi s\u1ef1 k\u1ebft h\u1ee3p ho\u00e0n h\u1ea3o gi\u1eefa ch\u1ea5t li\u1ec7u inox ch\u1ea5t l\u01b0\u1ee3ng cao v\u00e0 thi\u1ebft k\u1ebf tinh t\u1ebf, t\u1ee7 b\u1ebfp inox l\u00e0 l\u1ef1a ch\u1ecdn h\u00e0ng \u0111\u1ea7u cho nh\u1eefng ai \u0111ang t\u00ecm ki\u1ebfm s\u1ef1 \u0111\u1eb3ng c\u1ea5p v\u00e0 ti\u1ec7n \u00edch cho kh\u00f4ng gian b\u1ebfp c\u1ee7a m\u00ecnh.<\/span><\/p>\n","protected":false},"featured_media":1204,"comment_status":"open","ping_status":"closed","template":"","meta":{"_acf_changed":false,"_gspb_post_css":""},"book-author":[],"product_brand":[],"product_cat":[109],"product_tag":[],"class_list":{"0":"post-1342","1":"product","2":"type-product","3":"status-publish","4":"has-post-thumbnail","6":"product_cat-tu-bep-inox","8":"first","9":"instock","10":"shipping-taxable","11":"product-type-simple"},"acf":[],"_links":{"self":[{"href":"https:\/\/nhatnam.libion.me\/index.php\/wp-json\/wp\/v2\/product\/1342","targetHints":{"allow":["GET"]}}],"collection":[{"href":"https:\/\/nhatnam.libion.me\/index.php\/wp-json\/wp\/v2\/product"}],"about":[{"href":"https:\/\/nhatnam.libion.me\/index.php\/wp-json\/wp\/v2\/types\/product"}],"replies":[{"embeddable":true,"href":"https:\/\/nhatnam.libion.me\/index.php\/wp-json\/wp\/v2\/comments?post=1342"}],"wp:featuredmedia":[{"embeddable":true,"href":"https:\/\/nhatnam.libion.me\/index.php\/wp-json\/wp\/v2\/media\/1204"}],"wp:attachment":[{"href":"https:\/\/nhatnam.libion.me\/index.php\/wp-json\/wp\/v2\/media?parent=1342"}],"wp:term":[{"taxonomy":"book-author","embeddable":true,"href":"https:\/\/nhatnam.libion.me\/index.php\/wp-json\/wp\/v2\/book-author?post=1342"},{"taxonomy":"product_brand","embeddable":true,"href":"https:\/\/nhatnam.libion.me\/index.php\/wp-json\/wp\/v2\/product_brand?post=1342"},{"taxonomy":"product_cat","embeddable":true,"href":"https:\/\/nhatnam.libion.me\/index.php\/wp-json\/wp\/v2\/product_cat?post=1342"},{"taxonomy":"product_tag","embeddable":true,"href":"https:\/\/nhatnam.libion.me\/index.php\/wp-json\/wp\/v2\/product_tag?post=1342"}],"curies":[{"name":"wp","href":"https:\/\/api.w.org\/{rel}","templated":true}]}}