{"id":1341,"date":"2026-04-07T10:05:55","date_gmt":"2026-04-07T10:05:55","guid":{"rendered":"https:\/\/nhatnam.libion.me\/index.php\/product\/tu-quan-ao-go-mdf-canh-melamin\/"},"modified":"2026-04-07T10:05:55","modified_gmt":"2026-04-07T10:05:55","slug":"tu-quan-ao-go-mdf-canh-melamin","status":"publish","type":"product","link":"https:\/\/nhatnam.libion.me\/index.php\/product\/tu-quan-ao-go-mdf-canh-melamin\/","title":{"rendered":"T\u1ee7 Qu\u1ea7n \u00c1o G\u1ed7 MDF C\u00e1nh Melamin"},"content":{"rendered":"<p style=\"text-align: justify;\"><span style=\"font-weight: 300;\">T\u1ee7 qu\u1ea7n \u00e1o g\u1ed7 MDF c\u00e1nh Melamine \u0111\u01b0\u1ee3c bi\u1ebft \u0111\u1ebfn l\u00e0 m\u1ed9t m\u1eabu t\u1ee7 qu\u1ea7n \u00e1o g\u1ed7 c\u00f4ng nghi\u1ec7p v\u1edbi thi\u1ebft k\u1ebf \u0111\u1eb9p m\u1eaft v\u00e0 gi\u00e1 c\u1ea3 ph\u1ea3i ch\u0103ng \u0111\u00e3 tr\u1edf th\u00e0nh m\u1ed9t trong nh\u1eefng l\u1ef1a ch\u1ecdn ph\u1ed5 bi\u1ebfn cho vi\u1ec7c trang tr\u00ed n\u1ed9i th\u1ea5t ph\u00f2ng ng\u1ee7 hi\u1ec7n \u0111\u1ea1i. T\u1ee7 qu\u1ea7n \u00e1o MDF c\u00e1nh Melamin\u00a0 kh\u00f4ng ch\u1ec9 \u0111\u00e1p \u1ee9ng m\u1ecdi nhu c\u1ea7u s\u1eed d\u1ee5ng m\u00e0 c\u00f2n mang l\u1ea1i v\u1ebb \u0111\u1eb9p v\u00e0 s\u1ef1 sang tr\u1ecdng cho c\u0103n ph\u00f2ng. C\u00f9ng Nh\u1ea5t Nam t\u00ecm hi\u1ec3u v\u1ec1 nh\u1eefng \u0111\u1eb7c \u0111i\u1ec3m n\u1ed5i b\u1eadt c\u1ee7a d\u00f2ng t\u1ee7 n\u00e0y qua b\u00e0i vi\u1ebft d\u01b0\u1edbi \u0111\u00e2y nh\u00e9.<\/span><\/p>\n<h2 style=\"text-align: justify;\"><strong>1. S\u01a1 l\u01b0\u1ee3c v\u1ec1 t\u1ee7 qu\u1ea7n \u00e1o g\u1ed7 MDF c\u00e1nh Melamine<\/strong><\/h2>\n<p><img loading=\"lazy\" decoding=\"async\" class=\"aligncenter wp-image-2494 size-full\" src=\"https:\/\/nhatnam.org\/wp-content\/uploads\/2024\/12\/tu-ao10.jpg\" alt=\"T\u1ee7 Qu\u1ea7n \u00c1o G\u1ed7 MDF C\u00e1nh Melamin\" width=\"1280\" height=\"960\" \/><\/p>\n<p style=\"text-align: justify;\"><span style=\"font-weight: 300;\">Kh\u00e1m ph\u00e1 s\u1ef1 ti\u1ec7n \u00edch v\u00e0 \u0111\u1ed9 b\u1ec1n c\u1ee7a t\u1ee7 qu\u1ea7n \u00e1o t\u1eeb g\u1ed7 MDF c\u00e1nh Melamine. V\u1edbi thi\u1ebft k\u1ebf ch\u1eafc ch\u1eafn v\u00e0 ch\u1ea5t li\u1ec7u cao c\u1ea5p, t\u1ee7 n\u00e0y kh\u00f4ng ch\u1ec9 mang l\u1ea1i kh\u00f4ng gian l\u01b0u tr\u1eef r\u1ed9ng r\u00e3i m\u00e0 c\u00f2n t\u1ea1o \u0111i\u1ec3m nh\u1ea5n th\u1ea9m m\u1ef9 cho ph\u00f2ng ng\u1ee7 c\u1ee7a b\u1ea1n. Kh\u00f4ng gian s\u1eafp x\u1ebfp th\u00f4ng minh v\u00e0 \u0111a d\u1ea1ng m\u00e0 t\u1ee7 qu\u1ea7n \u00e1o n\u00e0y mang l\u1ea1i s\u1ebd khi\u1ebfn cho vi\u1ec7c t\u1ed5 ch\u1ee9c v\u00e0 b\u1ea3o qu\u1ea3n qu\u1ea7n \u00e1o tr\u1edf n\u00ean d\u1ec5 d\u00e0ng h\u01a1n bao gi\u1edd h\u1ebft.<\/span><\/p>\n<h2 style=\"text-align: justify;\"><strong>2. C\u1ea5u t\u1ea1o t\u1ee7 qu\u1ea7n \u00e1o g\u1ed7 MDF c\u00e1nh Melamine<\/strong><\/h2>\n<ul style=\"text-align: justify;\">\n<li style=\"font-weight: 300;\" aria-level=\"1\"><span style=\"font-weight: 300;\">Th\u00f9ng g\u1ed7 \u0111\u01b0\u1ee3c l\u00e0m b\u1eb1ng g\u1ed7 MDF ch\u1ed1ng \u1ea9m l\u00f5i xanh k\u1ebft h\u1ee3p v\u1edbi c\u00e1nh c\u1eeda MDF ph\u1ee7 melamine.<\/span><\/li>\n<li style=\"font-weight: 300;\" aria-level=\"1\"><span style=\"font-weight: 300;\">C\u00e1c ng\u0103n \u0111\u1ee3t t\u1ee7 \u0111\u01b0\u1ee3c li\u00ean k\u1ebft b\u1eb1ng ch\u1ed1t cam ho\u1eb7c ch\u1ed1t l\u00f2 xo, gi\u00fap vi\u1ec7c thi c\u00f4ng tr\u1edf n\u00ean nhanh ch\u00f3ng v\u00e0 ch\u00ednh x\u00e1c.<\/span><\/li>\n<li style=\"font-weight: 300;\" aria-level=\"1\"><span style=\"font-weight: 300;\">S\u1ef1 k\u1ebft h\u1ee3p gi\u1eefa g\u1ed7 MDF v\u00e0 ph\u1ee7 melamine t\u1ea1o ra m\u1ed9t s\u1ea3n ph\u1ea9m t\u1ee7 qu\u1ea7n \u00e1o g\u1ed7 MDF c\u00e1nh Melamine d\u1ec5 d\u00e0ng b\u1ea3o qu\u1ea3n<\/span><\/li>\n<li style=\"font-weight: 300;\" aria-level=\"1\"><span style=\"font-weight: 300;\">Ph\u1ee5 ki\u1ec7n cho t\u1ee7 \u00e1o s\u1eed d\u1ee5ng h\u1ec7 b\u1ea3n l\u1ec1 v\u00e0 ray h\u1ed9c k\u00e9o gi\u1ea3m ch\u1ea5n.<\/span><\/li>\n<\/ul>\n<h2 style=\"text-align: justify;\"><strong>3. \u01afu \u0111i\u1ec3m v\u00e0 nh\u01b0\u1ee3c \u0111i\u1ec3m t\u1ee7 qu\u1ea7n \u00e1o g\u1ed7 MDF c\u00e1nh melamine<\/strong><\/h2>\n<p style=\"text-align: justify;\"><span style=\"font-weight: 300;\">T\u1ee7 qu\u1ea7n \u00e1o g\u1ed7 MDF c\u00e1nh melamine l\u00e0 m\u1ed9t trong nh\u1eefng v\u1eadt li\u1ec7u \u0111\u01b0\u1ee3c s\u1eed d\u1ee5ng r\u1ed9ng r\u00e3i nh\u1ea5t trong c\u00e1c c\u0103n nh\u00e0<\/span><\/p>\n<h3 style=\"text-align: justify;\"><strong>3.1 \u01afu \u0111i\u1ec3m<\/strong><\/h3>\n<ul style=\"text-align: justify;\">\n<li style=\"font-weight: 300;\" aria-level=\"1\"><span style=\"font-weight: 300;\">\u0110\u1ed9 b\u1ec1n cao: V\u1edbi c\u00f4ng ngh\u1ec7 hi\u1ec7n \u0111\u1ea1i k\u1ebft h\u1ee3p v\u1edbi c\u00e1c ch\u1ea5t ph\u1ee5 gia l\u00e0m cho g\u1ed7 MDF c\u00f3 tu\u1ed5i th\u1ecd cao v\u00e0 kh\u1ea3 n\u0103ng ch\u1ed1ng \u1ea9m t\u1ed1t.<\/span><\/li>\n<li style=\"font-weight: 300;\" aria-level=\"1\"><span style=\"font-weight: 300;\">Ch\u1ed1ng tr\u1ea7y x\u01b0\u1edbc: B\u1ec1 m\u1eb7t g\u1ed7 \u0111\u01b0\u1ee3c ph\u1ee7 m\u1ed9t l\u1edbp melamine t\u0103ng kh\u1ea3 n\u0103ng ch\u1ed1ng x\u01b0\u1edbc<\/span><\/li>\n<li style=\"font-weight: 300;\" aria-level=\"1\"><span style=\"font-weight: 300;\">V\u1ec7 sinh d\u1ec5 d\u00e0ng: B\u1ec1 m\u1eb7t ph\u1ee7 melamin gi\u00fap cho vi\u1ec7c v\u1ec7 sinh v\u00e0 lau ch\u00f9i tr\u1edf n\u00ean d\u1ec5 d\u00e0ng h\u01a1n bao gi\u1edd h\u1ebft.<\/span><\/li>\n<li style=\"font-weight: 300;\" aria-level=\"1\"><span style=\"font-weight: 300;\">Gi\u00e1 c\u1ea3 h\u1ee3p l\u00fd: T\u1ee7 qu\u1ea7n \u00e1o g\u1ed7 MDF c\u00e1nh melamine th\u01b0\u1eddng c\u00f3 gi\u00e1 c\u1ea3 h\u1ee3p l\u00fd h\u01a1n so v\u1edbi nh\u1eefng lo\u1ea1i t\u1ee7 \u00e1o \u0111\u01b0\u1ee3c l\u00e0m t\u1eeb g\u1ed7 t\u1ef1 nhi\u00ean ho\u1eb7c t\u1ee7 qu\u1ea7n \u00e1o g\u1ed7 MDF c\u00e1nh k\u00ednh. \u0110i\u1ec1u n\u00e0y l\u00e0m cho ch\u00fang tr\u1edf th\u00e0nh l\u1ef1a ch\u1ecdn ph\u1ed5 bi\u1ebfn cho nhi\u1ec1u gia \u0111\u00ecnh.<\/span><\/li>\n<li style=\"font-weight: 300;\" aria-level=\"1\"><span style=\"font-weight: 300;\">D\u1ec5 l\u1eafp \u0111\u1eb7t v\u00e0 di chuy\u1ec3n: Do MDF l\u00e0 m\u1ed9t v\u1eadt li\u1ec7u nh\u1eb9, t\u1ee7 qu\u1ea7n \u00e1o g\u1ed7 MDF c\u00e1nh melamine th\u01b0\u1eddng d\u1ec5 d\u00e0ng l\u1eafp \u0111\u1eb7t v\u00e0 di chuy\u1ec3n trong ph\u00f2ng ng\u1ee7 ho\u1eb7c c\u0103n h\u1ed9 c\u1ee7a b\u1ea1n, \u0111\u1eb7c bi\u1ec7t khi \u0111\u01b0\u1ee3c li\u00ean k\u1ebft b\u1eb1ng c\u00e1c module gi\u00fap vi\u1ec7c th\u00e1o r\u1eddi d\u1ec5 d\u00e0ng h\u01a1n.<\/span><\/li>\n<\/ul>\n<p style=\"text-align: justify;\">Ngo\u00e0i \u01b0u \u0111i\u1ec3m t\u1ee7 qu\u1ea7n \u00e1o MDF c\u00e1nh Melamin t\u1ed3n t\u1ea1i m\u1ed9t s\u1ed1 nh\u01b0\u1ee3c \u0111i\u1ec3m nh\u01b0: <span style=\"font-weight: 300;\">G\u1ed7 MDF c\u00f3 th\u1ec3 b\u1ecb \u1ea9m v\u00e0 ph\u1ed3ng n\u1ebfu ti\u1ebfp x\u00fac v\u1edbi n\u01b0\u1edbc trong th\u1eddi gian d\u00e0i, l\u00e0m h\u1ecfng t\u1ee7<\/span><\/p>\n<h2 style=\"text-align: justify;\"><strong>4. M\u1eabu t\u1ee7 \u00e1o g\u1ed7 MDF c\u00e1nh melamine \u0111\u01b0\u1ee3c \u01b0a chu\u1ed9ng<\/strong><\/h2>\n<p style=\"text-align: justify;\"><span style=\"font-weight: 300;\">D\u01b0\u1edbi \u0111\u00e2y l\u00e0 m\u1ed9t s\u1ed1 m\u1eabu t\u1ee7 \u0111\u1eb9p \u0111\u01b0\u1ee3c nhi\u1ec1u kh\u00e1ch h\u00e0ng l\u1ef1a ch\u1ecdn, m\u1eddi qu\u00fd kh\u00e1ch h\u00e0ng c\u00f9ng tham kh\u1ea3o.<\/span><\/p>\n<p><img loading=\"lazy\" decoding=\"async\" class=\"aligncenter wp-image-2853 size-full\" src=\"https:\/\/nhatnam.org\/wp-content\/uploads\/2024\/12\/2-1.jpg\" alt=\"T\u1ee7 Qu\u1ea7n \u00c1o G\u1ed7 MDF C\u00e1nh Melamin\" width=\"1200\" height=\"630\" \/><\/p>\n<p><img loading=\"lazy\" decoding=\"async\" class=\"aligncenter wp-image-2855 size-full\" src=\"https:\/\/nhatnam.org\/wp-content\/uploads\/2024\/12\/4.jpg\" alt=\"T\u1ee7 Qu\u1ea7n \u00c1o G\u1ed7 MDF C\u00e1nh Melamin\" width=\"1200\" height=\"630\" \/><\/p>\n<p><img loading=\"lazy\" decoding=\"async\" class=\"aligncenter wp-image-2854 size-full\" src=\"https:\/\/nhatnam.org\/wp-content\/uploads\/2024\/12\/3-1.jpg\" alt=\"T\u1ee7 Qu\u1ea7n \u00c1o G\u1ed7 MDF C\u00e1nh Melamin\" width=\"1200\" height=\"630\" \/><\/p>\n<p><img loading=\"lazy\" decoding=\"async\" class=\"aligncenter wp-image-2283\" src=\"https:\/\/nhatnam.org\/wp-content\/uploads\/2024\/12\/z6148420373413_8eba2d0a55d7e3b8e1092bfd630a5f3e-300x225.jpg\" alt=\"T\u1ee7 Qu\u1ea7n \u00c1o G\u1ed7 MDF C\u00e1nh Melamin\" width=\"1200\" height=\"900\" \/><\/p>\n<p><img loading=\"lazy\" decoding=\"async\" class=\"aligncenter wp-image-2282\" src=\"https:\/\/nhatnam.org\/wp-content\/uploads\/2024\/12\/z6148420343672_ef8bf182a2c2263088f613dcff46bd1c-300x208.jpg\" alt=\"T\u1ee7 Qu\u1ea7n \u00c1o G\u1ed7 MDF C\u00e1nh Melamin\" width=\"1200\" height=\"832\" \/><\/p>\n","protected":false},"excerpt":{"rendered":"<p><span style=\"font-weight: 300;\">T\u1ee7 qu\u1ea7n \u00e1o g\u1ed7 MDF c\u00e1nh Melamine \u0111\u01b0\u1ee3c bi\u1ebft \u0111\u1ebfn l\u00e0 m\u1ed9t m\u1eabu t\u1ee7 qu\u1ea7n \u00e1o g\u1ed7 c\u00f4ng nghi\u1ec7p v\u1edbi thi\u1ebft k\u1ebf \u0111\u1eb9p m\u1eaft v\u00e0 gi\u00e1 c\u1ea3 ph\u1ea3i ch\u0103ng \u0111\u00e3 tr\u1edf th\u00e0nh m\u1ed9t trong nh\u1eefng l\u1ef1a ch\u1ecdn ph\u1ed5 bi\u1ebfn cho vi\u1ec7c trang tr\u00ed n\u1ed9i th\u1ea5t ph\u00f2ng ng\u1ee7 hi\u1ec7n \u0111\u1ea1i. T\u1ee7 qu\u1ea7n \u00e1o MDF c\u00e1nh Melamin\u00a0 kh\u00f4ng ch\u1ec9 \u0111\u00e1p \u1ee9ng m\u1ecdi nhu c\u1ea7u s\u1eed d\u1ee5ng m\u00e0 c\u00f2n mang l\u1ea1i v\u1ebb \u0111\u1eb9p v\u00e0 s\u1ef1 sang tr\u1ecdng cho c\u0103n ph\u00f2ng. C\u00f9ng Nh\u1ea5t Nam t\u00ecm hi\u1ec3u v\u1ec1 nh\u1eefng \u0111\u1eb7c \u0111i\u1ec3m n\u1ed5i b\u1eadt c\u1ee7a d\u00f2ng t\u1ee7 n\u00e0y qua b\u00e0i vi\u1ebft d\u01b0\u1edbi \u0111\u00e2y nh\u00e9.<\/span><\/p>\n","protected":false},"featured_media":1276,"comment_status":"open","ping_status":"closed","template":"","meta":{"_acf_changed":false,"_gspb_post_css":""},"book-author":[],"product_brand":[],"product_cat":[104,107],"product_tag":[],"class_list":{"0":"post-1341","1":"product","2":"type-product","3":"status-publish","4":"has-post-thumbnail","6":"product_cat-noi-that-phong-ngu","7":"product_cat-tu-quan-ao-go-mdf","9":"first","10":"instock","11":"shipping-taxable","12":"product-type-simple"},"acf":[],"_links":{"self":[{"href":"https:\/\/nhatnam.libion.me\/index.php\/wp-json\/wp\/v2\/product\/1341","targetHints":{"allow":["GET"]}}],"collection":[{"href":"https:\/\/nhatnam.libion.me\/index.php\/wp-json\/wp\/v2\/product"}],"about":[{"href":"https:\/\/nhatnam.libion.me\/index.php\/wp-json\/wp\/v2\/types\/product"}],"replies":[{"embeddable":true,"href":"https:\/\/nhatnam.libion.me\/index.php\/wp-json\/wp\/v2\/comments?post=1341"}],"wp:featuredmedia":[{"embeddable":true,"href":"https:\/\/nhatnam.libion.me\/index.php\/wp-json\/wp\/v2\/media\/1276"}],"wp:attachment":[{"href":"https:\/\/nhatnam.libion.me\/index.php\/wp-json\/wp\/v2\/media?parent=1341"}],"wp:term":[{"taxonomy":"book-author","embeddable":true,"href":"https:\/\/nhatnam.libion.me\/index.php\/wp-json\/wp\/v2\/book-author?post=1341"},{"taxonomy":"product_brand","embeddable":true,"href":"https:\/\/nhatnam.libion.me\/index.php\/wp-json\/wp\/v2\/product_brand?post=1341"},{"taxonomy":"product_cat","embeddable":true,"href":"https:\/\/nhatnam.libion.me\/index.php\/wp-json\/wp\/v2\/product_cat?post=1341"},{"taxonomy":"product_tag","embeddable":true,"href":"https:\/\/nhatnam.libion.me\/index.php\/wp-json\/wp\/v2\/product_tag?post=1341"}],"curies":[{"name":"wp","href":"https:\/\/api.w.org\/{rel}","templated":true}]}}