{"id":1340,"date":"2026-04-07T10:05:54","date_gmt":"2026-04-07T10:05:54","guid":{"rendered":"https:\/\/nhatnam.libion.me\/index.php\/product\/tu-quan-ao-mdf-canh-kinh\/"},"modified":"2026-04-07T10:05:55","modified_gmt":"2026-04-07T10:05:55","slug":"tu-quan-ao-mdf-canh-kinh","status":"publish","type":"product","link":"https:\/\/nhatnam.libion.me\/index.php\/product\/tu-quan-ao-mdf-canh-kinh\/","title":{"rendered":"T\u1ee7 Qu\u1ea7n \u00c1o MDF C\u00e1nh K\u00ednh"},"content":{"rendered":"<p style=\"text-align: justify;\">T\u1ee7 qu\u1ea7n \u00e1o MDF c\u00e1nh k\u00ednh l\u00e0 gi\u1ea3i ph\u00e1p ho\u00e0n h\u1ea3o cho kh\u00f4ng gian s\u1ed1ng hi\u1ec7n \u0111\u1ea1i, k\u1ebft h\u1ee3p h\u00e0i h\u00f2a gi\u1eefa t\u00ednh th\u1ea9m m\u1ef9 v\u00e0 c\u00f4ng n\u0103ng s\u1eed d\u1ee5ng. V\u1edbi thi\u1ebft k\u1ebf c\u00e1nh k\u00ednh sang tr\u1ecdng c\u00f9ng ch\u1ea5t li\u1ec7u MDF b\u1ec1n \u0111\u1eb9p, s\u1ea3n ph\u1ea9m kh\u00f4ng ch\u1ec9 t\u1ed1i \u01b0u h\u00f3a di\u1ec7n t\u00edch m\u00e0 c\u00f2n t\u1ea1o \u0111i\u1ec3m nh\u1ea5n tinh t\u1ebf cho c\u0103n ph\u00f2ng. H\u00e3y c\u00f9ng kh\u00e1m ph\u00e1 l\u00fd do v\u00ec sao t\u1ee7 qu\u1ea7n \u00e1o MDF c\u00e1nh k\u00ednh ng\u00e0y c\u00e0ng \u0111\u01b0\u1ee3c \u01b0a chu\u1ed9ng trong c\u00e1c gia \u0111\u00ecnh hi\u1ec7n nay!<\/p>\n<h2 style=\"text-align: justify;\">1. \u0110\u00f4i n\u00e9t v\u1ec1 t\u1ee7 qu\u1ea7n \u00e1o MDF c\u00e1nh k\u00ednh<\/h2>\n<p><img loading=\"lazy\" decoding=\"async\" class=\"aligncenter wp-image-2488\" src=\"https:\/\/nhatnam.org\/wp-content\/uploads\/2024\/12\/tu-ao03.jpg\" alt=\"T\u1ee7 Qu\u1ea7n \u00c1o MDF C\u00e1nh K\u00ednh\" width=\"1200\" height=\"900\" \/><\/p>\n<p>&nbsp;<\/p>\n<p style=\"text-align: justify;\"><span style=\"font-weight: 400;\">T\u1ee7 qu\u1ea7n \u00e1o MDF l\u00e0 lo\u1ea1i t\u1ee7 l\u01b0u tr\u1eef qu\u1ea7n \u00e1o \u0111\u01b0\u1ee3c l\u00e0m t\u1eeb ch\u1ea5t li\u1ec7u g\u1ed7 MDF (Medium Density Fiberboard), v\u1edbi b\u1ec1 m\u1eb7t \u0111\u01b0\u1ee3c ph\u1ee7 l\u1edbp s\u01a1n PU m\u00e0u ho\u1eb7c c\u00e1c lo\u1ea1i v\u1eadt li\u1ec7u nh\u01b0 Melamine, Laminate, Acrylic&#8230; L\u1edbp ph\u1ee7 n\u00e0y kh\u00f4ng ch\u1ec9 t\u0103ng \u0111\u1ed9 b\u1ec1n m\u00e0 c\u00f2n n\u00e2ng cao t\u00ednh th\u1ea9m m\u1ef9 c\u1ee7a t\u1ee7.<\/span><\/p>\n<p style=\"text-align: justify;\"><span style=\"font-weight: 400;\">G\u1ed7 MDF th\u01b0\u1eddng \u0111\u01b0\u1ee3c s\u1ea3n xu\u1ea5t t\u1eeb b\u1ed9t g\u1ed7 v\u1ee5n v\u00e0 nh\u00e1nh c\u00e2y, sau \u0111\u00f3 k\u1ebft d\u00ednh b\u1eb1ng ch\u1ea5t k\u1ebft d\u00ednh \u0111\u1eb7c bi\u1ec7t v\u00e0 \u0111\u01b0\u1ee3c \u00e9p \u1edf \u00e1p su\u1ea5t l\u1edbn \u0111\u1ec3 t\u1ea1o th\u00e0nh t\u1ea5m g\u1ed7 c\u00f4ng nghi\u1ec7p. T\u00f9y thu\u1ed9c v\u00e0o t\u1ec9 l\u1ec7 b\u1ed9t g\u1ed7 v\u00e0 ch\u1ea5t k\u1ebft d\u00ednh, c\u00f3 hai lo\u1ea1i g\u1ed7 MDF:<\/span><\/p>\n<p style=\"text-align: justify;\"><span style=\"font-weight: 400;\">G\u1ed7 MDF th\u01b0\u1eddng: c\u00f3 m\u00e0u v\u00e0ng, kh\u00f4ng ch\u1ed1ng \u1ea9m, nh\u01b0ng gi\u00e1 th\u00e0nh ph\u1ea3i ch\u0103ng.<\/span><\/p>\n<p style=\"text-align: justify;\"><span style=\"font-weight: 400;\">C\u1ed1t g\u1ed7 MDF ch\u1ed1ng \u1ea9m: c\u00f3 m\u00e0u xanh, c\u00f3 kh\u1ea3 n\u0103ng ch\u1ed1ng \u1ea9m t\u1ed1t v\u00e0 \u0111\u1ed9 b\u1ec1n cao, th\u00edch h\u1ee3p cho vi\u1ec7c s\u1ea3n xu\u1ea5t t\u1ee7 qu\u1ea7n \u00e1o v\u00e0 n\u1ed9i th\u1ea5t.<\/span><\/p>\n<h2 style=\"text-align: justify;\"><strong>2. \u01afu \u0111i\u1ec3m c\u1ee7a t\u1ee7 qu\u1ea7n \u00e1o g\u1ed7 MDF c\u00e1nh k\u00ednh<\/strong><\/h2>\n<p style=\"text-align: justify;\"><span style=\"font-weight: 400;\">Hi\u1ec7n nay, ch\u1ea5t li\u1ec7u MDF \u0111ang thu h\u00fat s\u1ef1 quan t\u00e2m \u0111\u1eb7c bi\u1ec7t c\u1ee7a ng\u01b0\u1eddi ti\u00eau d\u00f9ng nh\u1edd nh\u1eefng \u01b0u \u0111i\u1ec3m v\u01b0\u1ee3t tr\u1ed9i:<\/span><\/p>\n<ul style=\"text-align: justify;\">\n<li style=\"font-weight: 400;\" aria-level=\"1\"><span style=\"font-weight: 400;\">Ch\u1ed1ng cong v\u00eanh, co ng\u00f3t, m\u1ed1i m\u1ecdt: G\u1ed7 MDF \u0111\u01b0\u1ee3c t\u1ea1o th\u00e0nh t\u1eeb s\u1ee3i b\u1ed9t g\u1ed7 v\u00e0 c\u00e1c ch\u1ea5t ph\u1ee5 gia c\u00f4ng nghi\u1ec7p, qua qu\u00e1 tr\u00ecnh n\u00e9n \u1edf nhi\u1ec7t \u0111\u1ed9 cao, gi\u00fap kh\u1eafc ph\u1ee5c t\u00ecnh tr\u1ea1ng cong v\u00eanh, co ng\u00f3t hi\u1ec7u qu\u1ea3.<\/span><\/li>\n<li style=\"font-weight: 400;\" aria-level=\"1\"><span style=\"font-weight: 400;\">Kh\u1ea3 n\u0103ng ch\u1ed1ng \u1ea9m, c\u00e1ch nhi\u1ec7t, ch\u1ecbu l\u1ef1c: M\u1ed7i lo\u1ea1i b\u1ec1 m\u1eb7t ph\u1ee7 l\u00ean MDF mang l\u1ea1i kh\u1ea3 n\u0103ng ch\u1ed1ng \u1ea9m, c\u00e1ch nhi\u1ec7t, ch\u1ecbu l\u1ef1c t\u1ed1t, ph\u1ea3n \u00e1nh \u0111\u00fang gi\u00e1 tr\u1ecb t\u01b0\u01a1ng \u1ee9ng v\u1edbi m\u1ee9c gi\u00e1.<\/span><\/li>\n<li style=\"font-weight: 400;\" aria-level=\"1\"><span style=\"font-weight: 400;\">B\u1ec1 m\u1eb7t \u0111a d\u1ea1ng: B\u1ec1 m\u1eb7t g\u1ed7 MDF th\u01b0\u1eddng \u0111\u01b0\u1ee3c ph\u1ee7 v\u1edbi c\u00e1c v\u1eadt li\u1ec7u nh\u01b0 Melamine, Laminate, Veneer, Acrylic, t\u1ea1o ra nhi\u1ec1u m\u00e0u s\u1eafc v\u00e0 hoa v\u0103n \u0111a d\u1ea1ng, l\u00e0m t\u0103ng t\u00ednh th\u1ea9m m\u1ef9 cho s\u1ea3n ph\u1ea9m.<\/span><\/li>\n<li style=\"font-weight: 400;\" aria-level=\"1\"><span style=\"font-weight: 400;\">Qu\u00e1 tr\u00ecnh s\u1ea3n xu\u1ea5t v\u00e0 gia c\u00f4ng nhanh: \u0110\u1eb7c t\u00ednh nh\u1eb9 v\u00e0 d\u1ec5 c\u1eaft c\u1ee7a MDF gi\u00fap r\u00fat ng\u1eafn th\u1eddi gian s\u1ea3n xu\u1ea5t v\u00e0 gia c\u00f4ng t\u1ee7 qu\u1ea7n \u00e1o.<\/span><\/li>\n<li style=\"font-weight: 400;\" aria-level=\"1\"><span style=\"font-weight: 400;\">Thi\u1ebft k\u1ebf hi\u1ec7n \u0111\u1ea1i: B\u1ec1 m\u1eb7t ph\u1eb3ng m\u1ecbn v\u00e0 m\u00e0u s\u1eafc \u0111a d\u1ea1ng c\u1ee7a MDF th\u00edch h\u1ee3p v\u1edbi nhi\u1ec1u phong c\u00e1ch thi\u1ebft k\u1ebf hi\u1ec7n \u0111\u1ea1i, t\u1ea1o n\u00ean kh\u00f4ng gian sang tr\u1ecdng v\u00e0 ti\u1ec7n nghi cho c\u0103n ph\u00f2ng<\/span><\/li>\n<\/ul>\n<h2 style=\"text-align: justify;\"><strong>3. B\u1ea3ng gi\u00e1 t\u1ee7 qu\u1ea7n \u00e1o g\u1ed7 MDF c\u00e1nh k\u00ednh t\u1ea1i Nh\u1ea5t Nam<\/strong><\/h2>\n<p style=\"text-align: justify;\"><span style=\"font-weight: 400;\">Gi\u00e1 c\u1ea3 c\u1ee7a t\u1ee7 qu\u1ea7n \u00e1o MDF th\u01b0\u1eddng bi\u1ebfn \u0111\u1ed5i ph\u1ee5 thu\u1ed9c v\u00e0o nhi\u1ec1u y\u1ebfu t\u1ed1 nh\u01b0 k\u00edch th\u01b0\u1edbc s\u1ea3n ph\u1ea9m, \u0111\u01a1n v\u1ecb gia c\u00f4ng v\u00e0 c\u00e1c y\u1ebfu t\u1ed1 kh\u00e1c.<\/span><\/p>\n<p style=\"text-align: justify;\"><span style=\"font-weight: 400;\">T\u1ea1i Nh\u1ea5t Nam, ch\u00fang t\u00f4i cam k\u1ebft cung c\u1ea5p c\u00e1c s\u1ea3n ph\u1ea9m ch\u1ea5t l\u01b0\u1ee3ng v\u1edbi m\u1ee9c gi\u00e1 c\u1ea1nh tranh nh\u1ea5t tr\u00ean th\u1ecb tr\u01b0\u1eddng. Qu\u00fd kh\u00e1ch h\u00e0ng c\u00f3 nhu c\u1ea7u t\u01b0 v\u1ea5n v\u00e0 b\u00e1o gi\u00e1 chi ti\u1ebft c\u00f3 th\u1ec3 li\u00ean h\u1ec7 ngay v\u1edbi ch\u00fang t\u00f4i \u0111\u1ec3 \u0111\u01b0\u1ee3c h\u1ed7 tr\u1ee3 t\u1eadn t\u00ecnh v\u00e0 chuy\u00ean nghi\u1ec7p.<\/span><\/p>\n<h2 style=\"text-align: justify;\"><strong>4. H\u01b0\u1edbng d\u1eabn s\u1eed d\u1ee5ng t\u1ee7 qu\u1ea7n \u00e1o g\u1ed7 MDF c\u00e1nh k\u00ednh b\u1ec1n, \u0111\u1eb9p<\/strong><\/h2>\n<p style=\"text-align: justify;\"><span style=\"font-weight: 400;\">\u0110\u1ec3 b\u1ea3o qu\u1ea3n v\u00e0 duy tr\u00ec \u0111\u1ed9 b\u1ec1n \u0111\u1eb9p c\u1ee7a t\u1ee7 qu\u1ea7n \u00e1o g\u1ed7 c\u00f4ng nghi\u1ec7p MDF, b\u1ea1n c\u1ea7n l\u01b0u \u00fd nh\u1eefng \u0111i\u1ec1u sau:<\/span><\/p>\n<ul style=\"text-align: justify;\">\n<li style=\"font-weight: 400;\" aria-level=\"1\"><span style=\"font-weight: 400;\">\u0110\u1eb7t t\u1ee7 \u1edf nh\u1eefng v\u1ecb tr\u00ed tho\u00e1ng m\u00e1t \u0111\u1ec3 h\u1ea1n ch\u1ebf \u0111\u1ed9 \u1ea9m, gi\u00fap g\u1ed7 MDF kh\u00f4ng b\u1ecb \u1ea3nh h\u01b0\u1edfng b\u1edfi m\u00f4i tr\u01b0\u1eddng \u1ea9m \u01b0\u1edbt.<\/span><\/li>\n<li style=\"font-weight: 400;\" aria-level=\"1\"><span style=\"font-weight: 400;\">Th\u01b0\u1eddng xuy\u00ean v\u1ec7 sinh t\u1ee7 \u0111\u1ec3 lo\u1ea1i b\u1ecf b\u1ee5i b\u1ea9n v\u00e0 ng\u0103n ng\u1eeba s\u1ef1 ph\u00e1t tri\u1ec3n c\u1ee7a n\u1ea5m m\u1ed1c, t\u1eeb \u0111\u00f3 gi\u1eef cho b\u1ec1 m\u1eb7t t\u1ee7 lu\u00f4n s\u1ea1ch s\u1ebd v\u00e0 b\u1ec1n b\u1ec9.<\/span><\/li>\n<li style=\"font-weight: 400;\" aria-level=\"1\"><span style=\"font-weight: 400;\">N\u00ean s\u01a1n l\u1ea1i b\u1ec1 m\u1eb7t c\u1ee7a t\u1ee7 sau m\u1ed9t kho\u1ea3ng th\u1eddi gian s\u1eed d\u1ee5ng, gi\u00fap t\u1ea1o l\u1edbp b\u1ea3o v\u1ec7 v\u00e0 duy tr\u00ec v\u1ebb \u0111\u1eb9p s\u00e1ng b\u00f3ng c\u1ee7a t\u1ee7.<\/span><\/li>\n<\/ul>\n<h2 style=\"text-align: justify;\"><strong>5. M\u1ed9t s\u1ed1 m\u1eabu t\u1ee7 qu\u1ea7n \u00e1o MDF c\u00e1nh k\u00ednh ph\u1ed5 bi\u1ebfn tr\u00ean th\u1ecb tr\u01b0\u1eddng hi\u1ec7n nay<\/strong><\/h2>\n<p><img loading=\"lazy\" decoding=\"async\" class=\"aligncenter wp-image-2306\" src=\"https:\/\/nhatnam.org\/wp-content\/uploads\/2024\/12\/z6148420835677_7aa845d4f526324db0559b1d6bdb8981-300x300.jpg\" alt=\"t\u1ee7 qu\u1ea7n \u00e1o \u00e2m t\u01b0\u1eddng\" width=\"1200\" height=\"1200\" \/><\/p>\n<p><img loading=\"lazy\" decoding=\"async\" class=\"aligncenter wp-image-2289\" src=\"https:\/\/nhatnam.org\/wp-content\/uploads\/2024\/12\/z6148420541874_f390c44698a317e23bfbf6dd09e069c1-300x214.jpg\" alt=\"T\u1ee7 Qu\u1ea7n \u00c1o MDF C\u00e1nh K\u00ednh\" width=\"1200\" height=\"857\" \/><\/p>\n<p><img loading=\"lazy\" decoding=\"async\" class=\"aligncenter wp-image-2286\" src=\"https:\/\/nhatnam.org\/wp-content\/uploads\/2024\/12\/z6148420511246_213250531ee4877c183d1663e1e011a7-300x225.jpg\" alt=\"T\u1ee7 Qu\u1ea7n \u00c1o MDF C\u00e1nh K\u00ednh\" width=\"1200\" height=\"900\" \/><\/p>\n<p><img loading=\"lazy\" decoding=\"async\" class=\"aligncenter wp-image-2288\" src=\"https:\/\/nhatnam.org\/wp-content\/uploads\/2024\/12\/z6148420541789_f04a2333523773e8ae05b92eb6f66351-225x300.jpg\" alt=\"\" width=\"1200\" height=\"1602\" \/><\/p>\n<p><img loading=\"lazy\" decoding=\"async\" class=\"aligncenter wp-image-2275\" src=\"https:\/\/nhatnam.org\/wp-content\/uploads\/2024\/12\/z6148419901351_4e4dccdf6a6f5dd47fefeea35b8d4a9d-300x266.jpg\" alt=\"\" width=\"1200\" height=\"1066\" \/><\/p>\n<h2 style=\"text-align: justify;\"><strong>6. N\u1ed9i Th\u1ea5t Nh\u1ea5t Nam &#8211; \u0111\u01a1n v\u1ecb cung c\u1ea5p t\u1ee7 qu\u1ea7n \u00e1o MDF ch\u1ea5t l\u01b0\u1ee3ng<\/strong><\/h2>\n<p style=\"text-align: justify;\"><span style=\"font-weight: 400;\">N\u1ed9i th\u1ea5t Nh\u1ea5t Nam t\u1ef1 tin l\u00e0 m\u1ed9t \u0111\u1ecba ch\u1ec9 quen thu\u1ed9c v\u00e0 uy t\u00edn trong l\u0129nh v\u1ef1c thi\u1ebft k\u1ebf v\u00e0 thi c\u00f4ng n\u1ed9i th\u1ea5t ng\u00e0y nay. Ch\u00fang t\u00f4i chuy\u00ean cung c\u1ea5p c\u00e1c s\u1ea3n ph\u1ea9m n\u1ed9i th\u1ea5t gia \u0111\u00ecnh, v\u0103n ph\u00f2ng v\u1edbi cam k\u1ebft v\u1ec1 gi\u00e1 c\u1ea3 h\u1ee3p l\u00fd v\u00e0 ch\u1ea5t l\u01b0\u1ee3ng \u0111\u1ea3m b\u1ea3o<\/span><\/p>\n<p style=\"text-align: justify;\"><span style=\"font-weight: 400;\">Nh\u1ea5t Nam t\u1ef1 h\u00e0o s\u1edf h\u1eefu \u0111\u1ed9i ng\u0169 nh\u00e2n vi\u00ean gi\u00e0u kinh nghi\u1ec7m v\u00e0 tr\u00ecnh \u0111\u1ed9 chuy\u00ean m\u00f4n cao, lu\u00f4n s\u1eb5n l\u00f2ng h\u1ed7 tr\u1ee3 v\u00e0 t\u01b0 v\u1ea5n kh\u00e1ch h\u00e0ng m\u1ed9t c\u00e1ch t\u1eadn t\u00e2m.\u00a0<\/span><\/p>\n<p style=\"text-align: justify;\"><span style=\"font-weight: 400;\">M\u1ee9c gi\u00e1 t\u1ea1i Nh\u1ea5t Nam lu\u00f4n c\u1ea1nh tranh v\u00e0 ph\u00f9 h\u1ee3p v\u1edbi m\u1ecdi \u0111\u1ed1i t\u01b0\u1ee3ng kh\u00e1ch h\u00e0ng. Ch\u00fang t\u00f4i cam k\u1ebft thi\u1ebft k\u1ebf v\u00e0 giao h\u00e0ng \u0111\u00fang h\u1eb9n, \u0111\u1ea3m b\u1ea3o s\u1ef1 h\u00e0i l\u00f2ng c\u1ee7a kh\u00e1ch h\u00e0ng.<\/span><\/p>\n<p style=\"text-align: justify;\"><span style=\"font-weight: 400;\">S\u1eed d\u1ee5ng thi\u1ebft b\u1ecb v\u00e0 m\u00e1y m\u00f3c s\u1ea3n xu\u1ea5t hi\u1ec7n \u0111\u1ea1i, \u0111\u1ea1t chu\u1ea9n Ch\u00e2u \u00c2u, Nh\u1ea5t Nam lu\u00f4n mang \u0111\u1ebfn s\u1ea3n ph\u1ea9m ch\u1ea5t l\u01b0\u1ee3ng cao v\u00e0 \u0111a d\u1ea1ng m\u1eabu m\u00e3 cho kh\u00e1ch h\u00e0ng l\u1ef1a ch\u1ecdn.<\/span><\/p>\n<p style=\"text-align: justify;\"><span style=\"font-weight: 400;\">Tr\u00ean \u0111\u00e2y l\u00e0 nh\u1eefng th\u00f4ng tin chia s\u1ebb c\u1ee7a N\u1ed9i th\u1ea5t Nh\u1ea5t Nam v\u1ec1 nh\u1eefng m\u1eabu t\u1ee7 qu\u1ea7n \u00e1o MDF ph\u1ed5 bi\u1ebfn hi\u1ec7n nay. Hy v\u1ecdng r\u1eb1ng nh\u1eefng g\u1ee3i \u00fd tr\u00ean s\u1ebd gi\u00fap b\u1ea1n t\u00ecm \u0111\u01b0\u1ee3c s\u1ea3n ph\u1ea9m ph\u00f9 h\u1ee3p nh\u1ea5t. N\u1ebfu c\u00f3 b\u1ea5t k\u1ef3 th\u1eafc m\u1eafc n\u00e0o, \u0111\u1eebng ng\u1ea7n ng\u1ea1i li\u00ean h\u1ec7 v\u1edbi ch\u00fang t\u00f4i qua HOTLINE nh\u00e9<\/span><\/p>\n","protected":false},"excerpt":{"rendered":"<p style=\"text-align: justify;\">T\u1ee7 qu\u1ea7n \u00e1o MDF c\u00e1nh k\u00ednh l\u00e0 gi\u1ea3i ph\u00e1p ho\u00e0n h\u1ea3o cho kh\u00f4ng gian s\u1ed1ng hi\u1ec7n \u0111\u1ea1i, k\u1ebft h\u1ee3p h\u00e0i h\u00f2a gi\u1eefa t\u00ednh th\u1ea9m m\u1ef9 v\u00e0 c\u00f4ng n\u0103ng s\u1eed d\u1ee5ng. V\u1edbi thi\u1ebft k\u1ebf c\u00e1nh k\u00ednh sang tr\u1ecdng c\u00f9ng ch\u1ea5t li\u1ec7u MDF b\u1ec1n \u0111\u1eb9p, s\u1ea3n ph\u1ea9m kh\u00f4ng ch\u1ec9 t\u1ed1i \u01b0u h\u00f3a di\u1ec7n t\u00edch m\u00e0 c\u00f2n t\u1ea1o \u0111i\u1ec3m nh\u1ea5n tinh t\u1ebf cho c\u0103n ph\u00f2ng. H\u00e3y c\u00f9ng kh\u00e1m ph\u00e1 l\u00fd do v\u00ec sao t\u1ee7 qu\u1ea7n \u00e1o MDF c\u00e1nh k\u00ednh ng\u00e0y c\u00e0ng \u0111\u01b0\u1ee3c \u01b0a chu\u1ed9ng trong c\u00e1c gia \u0111\u00ecnh hi\u1ec7n nay!<\/p>\n","protected":false},"featured_media":1274,"comment_status":"open","ping_status":"closed","template":"","meta":{"_acf_changed":false,"_gspb_post_css":""},"book-author":[],"product_brand":[],"product_cat":[104,105,106,107],"product_tag":[],"class_list":{"0":"post-1340","1":"product","2":"type-product","3":"status-publish","4":"has-post-thumbnail","6":"product_cat-noi-that-phong-ngu","7":"product_cat-tu-ao-canh-kinh-cua-lua","8":"product_cat-tu-ao-canh-kinh-cua-mo","9":"product_cat-tu-quan-ao-go-mdf","11":"first","12":"instock","13":"shipping-taxable","14":"product-type-simple"},"acf":[],"_links":{"self":[{"href":"https:\/\/nhatnam.libion.me\/index.php\/wp-json\/wp\/v2\/product\/1340","targetHints":{"allow":["GET"]}}],"collection":[{"href":"https:\/\/nhatnam.libion.me\/index.php\/wp-json\/wp\/v2\/product"}],"about":[{"href":"https:\/\/nhatnam.libion.me\/index.php\/wp-json\/wp\/v2\/types\/product"}],"replies":[{"embeddable":true,"href":"https:\/\/nhatnam.libion.me\/index.php\/wp-json\/wp\/v2\/comments?post=1340"}],"wp:featuredmedia":[{"embeddable":true,"href":"https:\/\/nhatnam.libion.me\/index.php\/wp-json\/wp\/v2\/media\/1274"}],"wp:attachment":[{"href":"https:\/\/nhatnam.libion.me\/index.php\/wp-json\/wp\/v2\/media?parent=1340"}],"wp:term":[{"taxonomy":"book-author","embeddable":true,"href":"https:\/\/nhatnam.libion.me\/index.php\/wp-json\/wp\/v2\/book-author?post=1340"},{"taxonomy":"product_brand","embeddable":true,"href":"https:\/\/nhatnam.libion.me\/index.php\/wp-json\/wp\/v2\/product_brand?post=1340"},{"taxonomy":"product_cat","embeddable":true,"href":"https:\/\/nhatnam.libion.me\/index.php\/wp-json\/wp\/v2\/product_cat?post=1340"},{"taxonomy":"product_tag","embeddable":true,"href":"https:\/\/nhatnam.libion.me\/index.php\/wp-json\/wp\/v2\/product_tag?post=1340"}],"curies":[{"name":"wp","href":"https:\/\/api.w.org\/{rel}","templated":true}]}}