{"id":1339,"date":"2026-04-07T10:05:54","date_gmt":"2026-04-07T10:05:54","guid":{"rendered":"https:\/\/nhatnam.libion.me\/index.php\/product\/tu-bep-nhom-kinh-son-tinh-dien\/"},"modified":"2026-04-07T10:05:54","modified_gmt":"2026-04-07T10:05:54","slug":"tu-bep-nhom-kinh-son-tinh-dien","status":"publish","type":"product","link":"https:\/\/nhatnam.libion.me\/index.php\/product\/tu-bep-nhom-kinh-son-tinh-dien\/","title":{"rendered":"T\u1ee7 B\u1ebfp Nh\u00f4m K\u00ednh S\u01a1n T\u0129nh \u0110i\u1ec7n"},"content":{"rendered":"<p style=\"text-align: justify;\"><span style=\"font-weight: 400;\">B\u1ea1n \u0111ang t\u00ecm ki\u1ebfm gi\u1ea3i ph\u00e1p t\u1ed1i \u01b0u cho c\u0103n b\u1ebfp c\u1ee7a m\u00ecnh? B\u1ea1n \u0111\u00e3 nghe \u0111\u1ebfn s\u1ea3n ph\u1ea9m t\u1ee7 b\u1ebfp nh\u00f4m k\u00ednh s\u01a1n t\u0129nh \u0111i\u1ec7n ch\u01b0a?<\/span><span style=\"font-weight: 400;\"> H\u00e3y c\u00f9ng Nh\u1ea5t Nam kh\u00e1m ph\u00e1 nh\u1eefng \u0111\u1eb7c \u0111i\u1ec3m n\u1ed5i b\u1eadt v\u00e0 \u01b0u \u0111i\u1ec3m c\u1ee7a s\u1ea3n ph\u1ea9m n\u00e0y qua b\u00e0i vi\u1ebft d\u01b0\u1edbi \u0111\u00e2y nh\u00e9!<\/span><\/p>\n<h2 style=\"text-align: justify;\"><b>1. T\u1ee7 b\u1ebfp nh\u00f4m k\u00ednh s\u01a1n t\u0129nh \u0111i\u1ec7n l\u00e0 g\u00ec?\u00a0 \u00a0\u00a0<\/b><\/h2>\n<p><img loading=\"lazy\" decoding=\"async\" class=\"aligncenter wp-image-2386\" src=\"https:\/\/nhatnam.org\/wp-content\/uploads\/2024\/12\/z6148408683106_41808acbab65bbff3959ca82805446a5-300x225.jpg\" alt=\"\" width=\"1200\" height=\"900\" \/><\/p>\n<p style=\"text-align: justify;\"><span style=\"font-weight: 400;\">T\u1ee7 b\u1ebfp nh\u00f4m s\u01a1n t\u0129nh \u0111i\u1ec7n l\u00e0 h\u1ec7 t\u1ee7 b\u1ebfp \u0111\u01b0\u1ee3c c\u1ea5u t\u1ea1o t\u1eeb nh\u00f4m s\u01a1n t\u0129nh \u0111i\u1ec7n v\u00e0 k\u00ednh c\u01b0\u1eddng l\u1ef1c phun m\u1edd ho\u1eb7c d\u00e1n decal t\u1ea1o ra m\u1ed9t s\u1ea3n ph\u1ea9m ch\u1ea5t l\u01b0\u1ee3ng v\u00e0 \u0111\u1ed9 b\u1ec1n m\u00e0u cao, <\/span><span style=\"font-weight: 400;\">ho\u00e0n to\u00e0n kh\u00f4ng lo s\u1ee3 r\u1ec9 s\u00e9t, tr\u00f3c s\u01a1n hay \u1ea9m m\u1ed1c m\u1ed1i m\u1ecdt trong su\u1ed1t qu\u00e1 tr\u00ecnh s\u1eed d\u1ee5ng.<\/span><\/p>\n<p style=\"text-align: justify;\"><span style=\"font-weight: 400;\">Vi\u1ec7c s\u1eed d\u1ee5ng k\u00ednh trong thi\u1ebft k\u1ebf, t\u1ee7 b\u1ebfp nh\u00f4m s\u01a1n t\u0129nh \u0111i\u1ec7n t\u1ea1o n\u00ean kh\u00f4ng gian b\u1ebfp m\u1edf mang l\u1ea1i c\u1ea3m gi\u00e1c tho\u1ea3i m\u00e1i m\u00e0 c\u00f2n t\u1ea1o \u0111i\u1ec3m nh\u1ea5n \u0111\u1eb9p m\u1eaft cho c\u0103n b\u1ebfp. L\u1edbp s\u01a1n t\u0129nh \u0111i\u1ec7n kh\u00f4ng ch\u1ec9 b\u1ea3o v\u1ec7 t\u1ee7 kh\u1ecfi \u1ea3nh h\u01b0\u1edfng m\u00f4i tr\u01b0\u1eddng m\u00e0 c\u00f2n \u0111\u1ea3m b\u1ea3o \u0111\u1ed9 b\u1ec1n m\u00e0u v\u00e0 ch\u1ed1ng tr\u1ea7y x\u01b0\u1edbc.<\/span><\/p>\n<p style=\"text-align: justify;\"><span style=\"font-weight: 400;\">T\u00ean g\u1ecdi t\u1ee7 b\u1ebfp nh\u00f4m s\u01a1n t\u0129nh \u0111i\u1ec7n th\u1ef1c ch\u1ea5t l\u00e0 t\u00ean g\u1ecdi chung c\u1ee7a c\u00e1c d\u00f2ng h\u1ec7 t\u1ee7 b\u1ebfp v\u1edbi nhi\u1ec1u lo\u1ea1i khung nh\u00f4m \u0111a d\u1ea1ng, c\u00f3 s\u1eed d\u1ee5ng c\u00f4ng ngh\u1ec7 phun s\u01a1n t\u0129nh \u0111i\u1ec7n.<\/span><\/p>\n<p style=\"text-align: justify;\"><span style=\"font-weight: 400;\">C\u00e1c lo\u1ea1i t\u1ee7 b\u1ebfp s\u01a1n t\u0129nh \u0111i\u1ec7n gi\u1ea3 v\u00e2n g\u1ed7, m\u00e0u s\u1eafc \u0111a d\u1ea1ng\u2026l\u00e0 nh\u1eefng lo\u1ea1i \u0111\u01b0\u1ee3c kh\u00e1ch h\u00e0ng \u01b0a chu\u1ed9ng trong thi\u1ebft k\u1ebf n\u1ed9i th\u1ea5t hi\u1ec7n \u0111\u1ea1i.<\/span><\/p>\n<h2 style=\"text-align: justify;\"><b>2. C\u1ea5u t\u1ea1o c\u1ee7a t\u1ee7 b\u1ebfp nh\u00f4m k\u00ednh s\u01a1n t\u0129nh \u0111i\u1ec7n<\/b><\/h2>\n<p><img loading=\"lazy\" decoding=\"async\" class=\"aligncenter wp-image-2750\" src=\"https:\/\/nhatnam.org\/wp-content\/uploads\/2024\/12\/z6154723208706_ebbf51fbc17712427c525dc4cc95c00e-300x207.jpg\" alt=\"T\u1ee7 b\u1ebfp nh\u00f4m k\u00ednh s\u01a1n t\u0129nh \u0111i\u1ec7n\" width=\"1200\" height=\"828\" \/><\/p>\n<ul style=\"text-align: justify;\">\n<li style=\"font-weight: 400;\" aria-level=\"1\"><span style=\"font-weight: 400;\">Khung &amp; th\u00f9ng t\u1ee7 b\u1ebfp : <\/span> <span style=\"font-weight: 400;\">\u0110\u01b0\u1ee3c l\u00e0m b\u1eb1ng nh\u00f4m s\u01a1n t\u0129nh \u0111i\u1ec7n cao c\u1ea5p ho\u1eb7c b\u1eb1ng khung nh\u00f4m h\u1ee3p kim s\u01a1n t\u0129nh \u0111i\u1ec7n.<\/span><\/li>\n<li style=\"font-weight: 400;\" aria-level=\"1\"><span style=\"font-weight: 400;\">Ch\u1ea5t li\u1ec7u c\u00e1nh: T\u00f9y ch\u1ecdn gi\u1eefa c\u00e1c lo\u1ea1i c\u00e1nh g\u1ed3m c\u00e1nh nh\u00f4m ch\u1ea5t li\u1ec7u t\u01b0\u01a1ng t\u1ef1 th\u00f9ng t\u1ee7, c\u00e1nh k\u00ednh s\u01a1n m\u00e0u, c\u00e1nh k\u00ednh khung nh\u00f4m cao c\u1ea5p ho\u1eb7c c\u00e1nh h\u1ee3p kim nh\u00f4m t\u00f9y theo nhu c\u1ea7u s\u1eed d\u1ee5ng c\u1ee7a kh\u00e1ch h\u00e0ng.<\/span><\/li>\n<li style=\"font-weight: 400;\" aria-level=\"1\"><span style=\"font-weight: 400;\">Ph\u1ee5 ki\u1ec7n &amp; b\u1ea3n l\u1ec1: <\/span><span style=\"font-weight: 400;\">C\u00e1c ph\u1ee5 ki\u1ec7n nh\u01b0 tay n\u1eafm, b\u1ea3n l\u1ec1 v\u00e0 ray tr\u01b0\u1ee3t th\u01b0\u1eddng \u0111\u01b0\u1ee3c t\u00edch h\u1ee3p v\u00e0o t\u1ee7 \u0111\u1ec3 t\u0103ng t\u00ednh ti\u1ec7n d\u1ee5ng v\u00e0 d\u1ec5 s\u1eed d\u1ee5ng.<\/span><\/li>\n<li style=\"font-weight: 400;\" aria-level=\"1\"><span style=\"font-weight: 400;\">\u0110\u1ec7m c\u00e1ch nhi\u1ec7t: M\u1ed9t s\u1ed1 m\u00f4 h\u00ecnh t\u1ee7 c\u00f3 th\u1ec3 \u0111\u01b0\u1ee3c trang b\u1ecb \u0111\u1ec7m c\u00e1ch nhi\u1ec7t \u0111\u1ec3 gi\u1eef nhi\u1ec7t \u0111\u1ed9 \u1ed5n \u0111\u1ecbnh trong c\u00e1c ng\u0103n l\u1ea1nh ho\u1eb7c ng\u0103n ch\u1ee9a th\u1ef1c ph\u1ea9m.<\/span><\/li>\n<\/ul>\n<h2 style=\"text-align: justify;\"><b>3. \u01afu \u0111i\u1ec3m c\u1ee7a t\u1ee7 b\u1ebfp nh\u00f4m k\u00ednh s\u01a1n t\u0129nh \u0111i\u1ec7n\u00a0<\/b><\/h2>\n<p><img loading=\"lazy\" decoding=\"async\" class=\"aligncenter wp-image-2747\" src=\"https:\/\/nhatnam.org\/wp-content\/uploads\/2024\/12\/z6154723173675_142d442dd5c0351a1bcf23dbc5008740-300x195.jpg\" alt=\"T\u1ee7 b\u1ebfp nh\u00f4m k\u00ednh s\u01a1n t\u0129nh \u0111i\u1ec7n\" width=\"1200\" height=\"780\" \/><\/p>\n<ul style=\"text-align: justify;\">\n<li style=\"font-weight: 400;\" aria-level=\"1\"><span style=\"font-weight: 400;\">\u0110\u1ed9 b\u1ec1n cao: <\/span><span style=\"font-weight: 400;\">T\u1ee7 b\u1ebfp nh\u00f4m k\u00ednh s\u01a1n t\u0129nh \u0111i\u1ec7n c\u00f3 \u0111\u1ed9 b\u1ec1n cao b\u1edfi th\u00e0nh ph\u1ea7n c\u1ea5u t\u1ea1o v\u00e0 l\u1edbp nh\u00f4m \u0111\u00e3 \u0111\u01b0\u1ee3c phun s\u01a1n t\u0129nh \u0111i\u1ec7n kh\u00f4ng b\u1ecb tr\u1ea7y x\u01b0\u1edbc, cong v\u00eanh, kh\u00f4ng lo m\u1ed1i m\u1ecdt, c\u00f4n tr\u00f9ng c\u1eafn. M\u00e0u s\u1eafc s\u01a1n t\u0129nh \u0111i\u1ec7n b\u1ec1n m\u00e0u kh\u00f4ng lo b\u1ecb phai nh\u1ea1t theo th\u1eddi gian<\/span><\/li>\n<li style=\"font-weight: 400;\" aria-level=\"1\"><span style=\"font-weight: 400;\">D\u1ec5 d\u00e0ng v\u1ec7 sinh: B\u1ec1 m\u1eb7t nh\u00f4m k\u00ednh s\u01a1n t\u0129nh \u0111i\u1ec7n d\u1ec5 d\u00e0ng lau ch\u00f9i v\u00e0 v\u1ec7 sinh, <\/span><span style=\"font-weight: 400;\">kh\u00f4ng g\u00e2y kh\u00f3 kh\u0103n trong vi\u1ec7c b\u1ea3o qu\u1ea3n v\u00e0 duy tr\u00ec s\u1ef1 s\u1ea1ch s\u1ebd cho kh\u00f4ng gian b\u1ebfp.<\/span><\/li>\n<li style=\"font-weight: 400;\" aria-level=\"1\"><span style=\"font-weight: 400;\">Th\u1ea9m m\u1ef9 v\u00e0 hi\u1ec7n \u0111\u1ea1i<\/span><span style=\"font-weight: 400;\">: Thi\u1ebft k\u1ebf k\u1ebft h\u1ee3p gi\u1eefa nh\u00f4m v\u00e0 k\u00ednh t\u1ea1o ra m\u1ed9t kh\u00f4ng gian b\u1ebfp m\u1edf, r\u1ed9ng r\u00e3i v\u00e0 sang tr\u1ecdng. L\u1edbp s\u01a1n t\u0129nh \u0111i\u1ec7n kh\u00f4ng ch\u1ec9 b\u1ea3o v\u1ec7 t\u1ee7 m\u00e0 c\u00f2n gi\u1eef cho m\u00e0u s\u1eafc lu\u00f4n m\u1edbi m\u1ebb v\u00e0 b\u1ec1n b\u1ec9.<\/span><\/li>\n<li style=\"font-weight: 400;\" aria-level=\"1\"><span style=\"font-weight: 400;\">\u0110a d\u1ea1ng v\u1ec1 ki\u1ec3u d\u00e1ng v\u00e0 m\u00e0u s\u1eafc: T\u1ee7 b\u1ebfp nh\u00f4m k\u00ednh s\u01a1n t\u0129nh \u0111i\u1ec7n c\u00f3 th\u1ec3 \u0111\u01b0\u1ee3c thi\u1ebft k\u1ebf theo nhi\u1ec1u ki\u1ec3u d\u00e1ng v\u00e0 m\u00e0u s\u1eafc kh\u00e1c nhau, t\u1eeb c\u00e1c m\u00e0u s\u01a1n tr\u01a1n \u0111\u1ebfn c\u00e1c lo\u1ea1i s\u01a1n gi\u1ea3 g\u1ed7, ph\u00f9 h\u1ee3p v\u1edbi m\u1ecdi nhu c\u1ea7u v\u00e0 phong c\u00e1ch trang tr\u00ed c\u1ee7a ng\u01b0\u1eddi s\u1eed d\u1ee5ng.<\/span><\/li>\n<li style=\"font-weight: 400;\" aria-level=\"1\"><span style=\"font-weight: 400;\">An to\u00e0n cho s\u1ee9c kh\u1ecfe: S\u1eed d\u1ee5ng nh\u00f4m v\u00e0 k\u00ednh l\u00e0m v\u1eadt li\u1ec7u ch\u00ednh, t\u1ee7 b\u1ebfp nh\u00f4m k\u00ednh s\u01a1n t\u0129nh \u0111i\u1ec7n kh\u00f4ng g\u00e2y \u0111\u1ed9c h\u1ea1i cho s\u1ee9c kh\u1ecfe, kh\u00f4ng th\u1ea5m n\u01b0\u1edbc v\u00e0 ch\u1ed1ng ch\u00e1y.<\/span><\/li>\n<li style=\"font-weight: 400;\" aria-level=\"1\"><span style=\"font-weight: 400;\">Gi\u00e1 th\u00e0nh h\u1ee3p l\u00fd: So v\u1edbi c\u00e1c lo\u1ea1i t\u1ee7 b\u1ebfp kh\u00e1c, t\u1ee7 b\u1ebfp nh\u00f4m k\u00ednh s\u01a1n t\u0129nh \u0111i\u1ec7n c\u00f3 gi\u00e1 th\u00e0nh l\u1eafp \u0111\u1eb7t kh\u00e1 h\u1ee3p l\u00fd.<\/span><\/li>\n<\/ul>\n<h2 style=\"text-align: justify;\"><b>4. M\u00e0u s\u01a1n t\u0129nh \u0111i\u1ec7n th\u00f4ng d\u1ee5ng d\u00e0nh cho t\u1ee7 b\u1ebfp nh\u00f4m k\u00ednh<\/b><\/h2>\n<p style=\"text-align: justify;\"><span style=\"font-weight: 400;\">Hi\u1ec7n nay, hai gam m\u00e0u ph\u1ed5 bi\u1ebfn nh\u1ea5t \u0111\u01b0\u1ee3c s\u1eed d\u1ee5ng cho t\u1ee7 b\u1ebfp nh\u00f4m s\u01a1n t\u0129nh \u0111i\u1ec7n l\u00e0 m\u00e0u tr\u1eafng s\u1ee9 v\u00e0 m\u00e0u v\u00e2n g\u1ed7:<\/span><\/p>\n<ul style=\"text-align: justify;\">\n<li style=\"font-weight: 400;\" aria-level=\"1\"><span style=\"font-weight: 400;\">M\u00e0u tr\u1eafng s\u1ee9 t\u1ea1o c\u1ea3m gi\u00e1c tinh t\u1ebf v\u00e0 hi\u1ec7n \u0111\u1ea1i cho c\u0103n b\u1ebfp, ph\u00f9 h\u1ee3p cho gia \u0111\u00ecnh theo phong c\u00e1ch nh\u1eb9 nh\u00e0ng ho\u1eb7c c\u0103n b\u1ebfp c\u00f3 di\u1ec7n t\u00edch nh\u1ecf.<\/span><\/li>\n<li style=\"font-weight: 400;\" aria-level=\"1\"><span style=\"font-weight: 400;\">M\u00e0u v\u00e2n g\u1ed7 mang l\u1ea1i v\u1ebb \u0111\u1eb9p t\u1ef1 nhi\u00ean v\u00e0 \u1ea5m \u00e1p c\u1ee7a g\u1ed7 truy\u1ec1n th\u1ed1ng, v\u1edbi c\u00e1c \u0111\u01b0\u1eddng v\u00e2n g\u1ed7 tinh t\u1ebf. Khi k\u1ebft h\u1ee3p v\u1edbi c\u00f4ng ngh\u1ec7 s\u01a1n t\u0129nh \u0111i\u1ec7n, t\u1ea1o ra s\u1ef1 b\u00f3ng b\u1ea9y v\u00e0 sang tr\u1ecdng cho t\u1ee7 b\u1ebfp.<\/span><\/li>\n<\/ul>\n<p style=\"text-align: justify;\"><span style=\"font-weight: 400;\">Ngo\u00e0i ra, c\u00f2n c\u00f3 m\u1ed9t s\u1ed1 l\u1ef1a ch\u1ecdn m\u00e0u s\u1eafc kh\u00e1c nh\u01b0 \u0111en tuy\u1ec1n, x\u00e1m tr\u1eafng, x\u00e1m ghi. <\/span><span style=\"font-weight: 400;\">Th\u1ef1c t\u1ebf, t\u1ee7 b\u1ebfp nh\u00f4m k\u00ednh s\u01a1n t\u0129nh \u0111i\u1ec7n c\u00f3 th\u1ec3 \u0111\u01b0\u1ee3c s\u01a1n theo b\u1ea5t k\u1ef3 m\u00e0u s\u1eafc n\u00e0o t\u00f9y thu\u1ed9c v\u00e0o y\u00eau c\u1ea7u c\u1ee7a kh\u00e1ch h\u00e0ng.<\/span><\/p>\n<h2 style=\"text-align: justify;\"><b>5. M\u1ed9t s\u1ed1 m\u1eabu t\u1ee7 b\u1ebfp nh\u00f4m k\u00ednh s\u01a1n t\u0129nh \u0111i\u1ec7n t\u1ea1i Nh\u1ea5t Nam<\/b><\/h2>\n<h3 style=\"text-align: justify;\"><b>5.1 T\u1ee7 b\u1ebfp nh\u00f4m s\u01a1n t\u0129nh \u0111i\u1ec7n gi\u1ea3 g\u1ed7<\/b><\/h3>\n<p><img loading=\"lazy\" decoding=\"async\" class=\"aligncenter wp-image-4624 size-full\" src=\"https:\/\/nhatnam.org\/wp-content\/uploads\/2025\/02\/Nhom_van_go05.jpg\" alt=\"T\u1ee7 B\u1ebfp Nh\u00f4m K\u00ednh S\u01a1n T\u0129nh \u0110i\u1ec7n\" width=\"1280\" height=\"960\" \/><\/p>\n<p style=\"text-align: justify;\"><span style=\"font-weight: 400;\">T\u1ee7 b\u1ebfp nh\u00f4m s\u01a1n t\u0129nh \u0111i\u1ec7n gi\u1ea3 g\u1ed7 l\u00e0 s\u1ef1 k\u1ebft h\u1ee3p ho\u00e0n h\u1ea3o gi\u1eefa v\u1ebb \u0111\u1eb9p t\u1ef1 nhi\u00ean c\u1ee7a g\u1ed7 v\u00e0 t\u00ednh hi\u1ec7n \u0111\u1ea1i, b\u1ec1n b\u1ec9 c\u1ee7a nh\u00f4m. Nh\u1edd c\u00f4ng ngh\u1ec7 s\u01a1n t\u0129nh \u0111i\u1ec7n, c\u00e1c m\u1eabu t\u1ee7 n\u00e0y c\u00f3 th\u1ec3 t\u00e1i t\u1ea1o l\u1ea1i v\u1ebb \u0111\u1eb9p c\u1ee7a g\u1ed7 t\u1ef1 nhi\u00ean m\u00e0 kh\u00f4ng lo s\u1ee3 \u1ea9m m\u1ed1c, m\u1ed1i m\u1ecdt hay c\u00e1c v\u1ea5n \u0111\u1ec1 kh\u00e1c li\u00ean quan \u0111\u1ebfn g\u1ed7 truy\u1ec1n th\u1ed1ng.\u00a0<\/span><\/p>\n<h3 style=\"text-align: justify;\"><b>5.2 T\u1ee7 b\u1ebfp nh\u00f4m k\u00ednh s\u01a1n m\u00e0u<\/b><\/h3>\n<p><img loading=\"lazy\" decoding=\"async\" class=\"aligncenter wp-image-2171 size-full\" src=\"https:\/\/nhatnam.org\/wp-content\/uploads\/2024\/12\/NTNN02.jpg\" alt=\"T\u1ee7 b\u1ebfp nh\u00f4m k\u00ednh s\u01a1n t\u0129nh \u0111i\u1ec7n\" width=\"1200\" height=\"630\" \/><\/p>\n<p style=\"text-align: justify;\"><span style=\"font-weight: 400;\">T\u1ee7 b\u1ebfp nh\u00f4m k\u00ednh s\u01a1n m\u00e0u k\u1ebft h\u1ee3p khung nh\u00f4m h\u1ec7 s\u01a1n t\u0129nh \u0111i\u1ec7n v\u00e0 k\u00ednh m\u00e0u cao c\u1ea5p, mang \u0111\u1ebfn nhi\u1ec1u m\u00e0u s\u1eafc \u0111a d\u1ea1ng. S\u1ea3n ph\u1ea9m cung c\u1ea5p l\u1ef1a ch\u1ecdn \u0111a d\u1ea1ng v\u1edbi gi\u00e1 ph\u1ea3i ch\u0103ng, ph\u00f9 h\u1ee3p v\u1edbi m\u1ecdi kh\u00e1ch h\u00e0ng.<\/span><\/p>\n<h2 style=\"text-align: justify;\"><b>6. B\u00e1o gi\u00e1 t\u1ee7 b\u1ebfp nh\u00f4m k\u00ednh s\u01a1n t\u0129nh \u0111i\u1ec7n t\u1ea1i Nh\u1ea5t Nam<\/b><\/h2>\n<p style=\"text-align: justify;\"><span style=\"font-weight: 400;\">Gi\u00e1 c\u1ee7a t\u1ee7 b\u1ebfp nh\u00f4m k\u00ednh s\u01a1n t\u0129nh \u0111i\u1ec7n ph\u1ee5 thu\u1ed9c v\u00e0o lo\u1ea1i h\u1ec7 nh\u00f4m, lo\u1ea1i k\u00ednh v\u00e0 k\u00edch th\u01b0\u1edbc c\u1ee7a t\u1ee7. <\/span><span style=\"font-weight: 400;\">Qu\u00fd kh\u00e1ch c\u00f3 nhu c\u1ea7u l\u1eafp \u0111\u1eb7t t\u1ee7 b\u1ebfp nh\u00f4m k\u00ednh s\u01a1n t\u0129nh \u0111i\u1ec7n b\u1ec1n, \u0111\u1eb9p vui l\u00f2ng li\u00ean h\u1ec7 v\u1edbi Nh\u1ea5t Nam \u0111\u1ec3 \u0111\u01b0\u1ee3c t\u01b0 v\u1ea5n v\u00e0 nh\u1eadn b\u00e1o gi\u00e1 chi ti\u1ebft.<\/span><\/p>\n<p style=\"text-align: justify;\"><span style=\"font-weight: 400;\">T\u1ee7 b\u1ebfp nh\u00f4m t\u0129nh \u0111i\u1ec7n kh\u00f4ng ch\u1ec9 l\u00e0 s\u1ef1 l\u1ef1a ch\u1ecdn ho\u00e0n h\u1ea3o, \u0111em l\u1ea1i s\u1ef1 sang tr\u1ecdng v\u00e0 ti\u1ec7n \u00edch cho c\u0103n b\u1ebfp c\u1ee7a b\u1ea1n. V\u1edbi \u0111\u1ed9 b\u1ec1n cao v\u00e0 s\u1ef1 \u0111a d\u1ea1ng trong thi\u1ebft k\u1ebf, ch\u00fang mang \u0111\u1ebfn kh\u00f4ng gian s\u1ed1ng t\u1ed1i \u01b0u v\u00e0 phong c\u00e1ch cho ng\u00f4i nh\u00e0 c\u1ee7a b\u1ea1n.\u00a0<\/span><\/p>\n<p style=\"text-align: justify;\"><span style=\"font-weight: 400;\">H\u00e3y \u0111\u1ec3 Nh\u1ea5t Nam l\u00e0m n\u1ed5i b\u1eadt kh\u00f4ng gian b\u1ebfp c\u1ee7a b\u1ea1n v\u00e0 mang l\u1ea1i tr\u1ea3i nghi\u1ec7m tuy\u1ec7t v\u1eddi cho m\u1ed7i th\u00e0nh vi\u00ean trong gia \u0111\u00ecnh.<\/span><\/p>\n","protected":false},"excerpt":{"rendered":"<p><span style=\"font-weight: 400;\">B\u1ea1n \u0111ang t\u00ecm ki\u1ebfm gi\u1ea3i ph\u00e1p t\u1ed1i \u01b0u cho c\u0103n b\u1ebfp c\u1ee7a m\u00ecnh? B\u1ea1n \u0111\u00e3 nghe \u0111\u1ebfn s\u1ea3n ph\u1ea9m t\u1ee7 b\u1ebfp nh\u00f4m k\u00ednh s\u01a1n t\u0129nh \u0111i\u1ec7n ch\u01b0a?<\/span><span style=\"font-weight: 400;\"> H\u00e3y c\u00f9ng Nh\u1ea5t Nam kh\u00e1m ph\u00e1 nh\u1eefng \u0111\u1eb7c \u0111i\u1ec3m n\u1ed5i b\u1eadt v\u00e0 \u01b0u \u0111i\u1ec3m c\u1ee7a s\u1ea3n ph\u1ea9m n\u00e0y qua b\u00e0i vi\u1ebft d\u01b0\u1edbi \u0111\u00e2y nh\u00e9!<\/span><\/p>\n","protected":false},"featured_media":1268,"comment_status":"open","ping_status":"closed","template":"","meta":{"_acf_changed":false,"_gspb_post_css":""},"book-author":[],"product_brand":[],"product_cat":[113,117,116,119],"product_tag":[],"class_list":{"0":"post-1339","1":"product","2":"type-product","3":"status-publish","4":"has-post-thumbnail","6":"product_cat-tu-bep-nhom","7":"product_cat-tu-bep-nhom-canh-kinh","8":"product_cat-tu-bep-nhom-kinh","9":"product_cat-tu-bep-nhom-kinh-mau","11":"first","12":"instock","13":"shipping-taxable","14":"product-type-simple"},"acf":[],"_links":{"self":[{"href":"https:\/\/nhatnam.libion.me\/index.php\/wp-json\/wp\/v2\/product\/1339","targetHints":{"allow":["GET"]}}],"collection":[{"href":"https:\/\/nhatnam.libion.me\/index.php\/wp-json\/wp\/v2\/product"}],"about":[{"href":"https:\/\/nhatnam.libion.me\/index.php\/wp-json\/wp\/v2\/types\/product"}],"replies":[{"embeddable":true,"href":"https:\/\/nhatnam.libion.me\/index.php\/wp-json\/wp\/v2\/comments?post=1339"}],"wp:featuredmedia":[{"embeddable":true,"href":"https:\/\/nhatnam.libion.me\/index.php\/wp-json\/wp\/v2\/media\/1268"}],"wp:attachment":[{"href":"https:\/\/nhatnam.libion.me\/index.php\/wp-json\/wp\/v2\/media?parent=1339"}],"wp:term":[{"taxonomy":"book-author","embeddable":true,"href":"https:\/\/nhatnam.libion.me\/index.php\/wp-json\/wp\/v2\/book-author?post=1339"},{"taxonomy":"product_brand","embeddable":true,"href":"https:\/\/nhatnam.libion.me\/index.php\/wp-json\/wp\/v2\/product_brand?post=1339"},{"taxonomy":"product_cat","embeddable":true,"href":"https:\/\/nhatnam.libion.me\/index.php\/wp-json\/wp\/v2\/product_cat?post=1339"},{"taxonomy":"product_tag","embeddable":true,"href":"https:\/\/nhatnam.libion.me\/index.php\/wp-json\/wp\/v2\/product_tag?post=1339"}],"curies":[{"name":"wp","href":"https:\/\/api.w.org\/{rel}","templated":true}]}}