{"id":1337,"date":"2026-04-07T10:05:54","date_gmt":"2026-04-07T10:05:54","guid":{"rendered":"https:\/\/nhatnam.libion.me\/index.php\/product\/tu-bep-nhom-van-go\/"},"modified":"2026-04-07T10:05:54","modified_gmt":"2026-04-07T10:05:54","slug":"tu-bep-nhom-van-go","status":"publish","type":"product","link":"https:\/\/nhatnam.libion.me\/index.php\/product\/tu-bep-nhom-van-go\/","title":{"rendered":"T\u1ee7 B\u1ebfp Nh\u00f4m V\u00e2n G\u1ed7"},"content":{"rendered":"<p style=\"text-align: justify;\"><span style=\"font-weight: 300;\">T\u1ee7 b\u1ebfp nh\u00f4m v\u00e2n g\u1ed7 s\u1ef1 thay th\u1ebf l\u00fd t\u01b0\u1edfng cho t\u1ee7 g\u1ed7 truy\u1ec1n th\u1ed1ng v\u1edbi \u01b0u \u0111i\u1ec3m v\u01b0\u1ee3t tr\u1ed9i nh\u01b0 ch\u1ed1ng m\u1ed1i m\u1ecdt, \u0111\u1ed9 b\u1ec1n cao v\u00e0 kh\u00f4ng cong v\u00eanh. \u0110\u1eb7c bi\u1ec7t, t\u1ee7 n\u00e0y c\u00f3 gi\u00e1 th\u00e0nh h\u1ee3p l\u00fd h\u01a1n r\u1ea5t nhi\u1ec1u so v\u1edbi c\u00e1c m\u1eabu t\u1ee7 g\u1ed7 kh\u00e1c.<\/span><\/p>\n<h2 style=\"text-align: justify;\"><strong>1. S\u01a1 l\u01b0\u1ee3c v\u1ec1 t\u1ee7 b\u1ebfp nh\u00f4m v\u00e2n g\u1ed7<\/strong><img loading=\"lazy\" decoding=\"async\" class=\"aligncenter wp-image-2624\" src=\"https:\/\/nhatnam.org\/wp-content\/uploads\/2024\/12\/image9-300x204.jpg\" alt=\"T\u1ee7 B\u1ebfp Nh\u00f4m V\u00e2n G\u1ed7\" width=\"1200\" height=\"817\" \/><\/h2>\n<p style=\"text-align: justify;\">T\u1ee7 b\u1ebfp nh\u00f4m c\u00e1nh k\u00ednh v\u00e2n g\u1ed7 l\u00e0 c\u00f2n c\u00f3 t\u00ean g\u1ecdi kh\u00e1c l\u00e0 t\u1ee7 b\u1ebfp nh\u00f4m k\u00ednh gi\u1ea3 g\u1ed7. T\u1ee7 b\u1ebfp nh\u00f4m v\u00e2n g\u1ed7 s\u1ef1 k\u1ebft h\u1ee3p ho\u00e0n h\u1ea3o gi\u1eefa ch\u1ea5t li\u1ec7u nh\u00f4m v\u00e0 k\u00ednh, mang l\u1ea1i s\u1ef1 b\u1ec1n b\u1ec9 v\u00e0 v\u1ebb \u0111\u1eb9p t\u1ef1 nhi\u00ean gi\u1ed1ng nh\u01b0 g\u1ed7 th\u1eadt. \u0110\u00e2y l\u00e0 gi\u1ea3i ph\u00e1p t\u1ed1i \u01b0u cho nh\u1eefng gia \u0111\u00ecnh mu\u1ed1n s\u1edf h\u1eefu kh\u00f4ng gian b\u1ebfp sang tr\u1ecdng, hi\u1ec7n \u0111\u1ea1i nh\u01b0ng v\u1eabn \u0111\u1ea3m b\u1ea3o t\u00ednh kinh t\u1ebf.<\/p>\n<p style=\"text-align: justify;\">Gi\u00e1 th\u00e0nh c\u1ee7a t\u1ee7 b\u1ebfp nh\u00f4m v\u00e2n g\u1ed7 kh\u00e1 \u0111a d\u1ea1ng, ph\u00f9 h\u1ee3p v\u1edbi nhi\u1ec1u ph\u00e2n kh\u00fac kh\u00e1ch h\u00e0ng t\u1eeb ph\u1ed5 th\u00f4ng \u0111\u1ebfn cao c\u1ea5p. B\u1ea1n ho\u00e0n to\u00e0n c\u00f3 th\u1ec3 t\u00ecm th\u1ea5y m\u1eabu t\u1ee7 ph\u00f9 h\u1ee3p v\u1edbi s\u1edf th\u00edch v\u00e0 ng\u00e2n s\u00e1ch c\u1ee7a m\u00ecnh.<\/p>\n<p style=\"text-align: justify;\">V\u1edbi kh\u1ea3 n\u0103ng ch\u1ed1ng \u1ea9m, ch\u1ed1ng m\u1ed1i m\u1ecdt v\u00e0 \u0111\u1ed9 b\u1ec1n cao, t\u1ee7 b\u1ebfp nh\u00f4m v\u00e2n g\u1ed7 kh\u00f4ng ch\u1ec9 l\u00e0 s\u1ea3n ph\u1ea9m n\u1ed9i th\u1ea5t m\u00e0 c\u00f2n l\u00e0 \u0111i\u1ec3m nh\u1ea5n tinh t\u1ebf cho kh\u00f4ng gian b\u1ebfp c\u1ee7a b\u1ea1n.<\/p>\n<h2 style=\"text-align: justify;\"><strong>2. T\u1ea1i sao t\u1ee7 b\u1ebfp nh\u00f4m c\u00e1nh k\u00ednh v\u00e2n g\u1ed7 l\u1ea1i ph\u1ed5 bi\u1ebfn?<\/strong><\/h2>\n<p style=\"text-align: justify;\"><img loading=\"lazy\" decoding=\"async\" class=\"aligncenter wp-image-2625\" src=\"https:\/\/nhatnam.org\/wp-content\/uploads\/2024\/12\/image1-1-300x199.jpg\" alt=\"T\u1ee7 B\u1ebfp Nh\u00f4m V\u00e2n G\u1ed7\" width=\"1200\" height=\"797\" \/><\/p>\n<p style=\"text-align: justify;\">T\u1ee7 b\u1ebfp nh\u00f4m v\u00e2n g\u1ed7 ng\u00e0y c\u00e0ng \u0111\u01b0\u1ee3c nhi\u1ec1u gia \u0111\u00ecnh \u01b0a chu\u1ed9ng nh\u1edd s\u1ef1 k\u1ebft h\u1ee3p tinh t\u1ebf gi\u1eefa ch\u1ea5t li\u1ec7u nh\u00f4m k\u00ednh hi\u1ec7n \u0111\u1ea1i v\u00e0 l\u1edbp ph\u1ee7 v\u00e2n g\u1ed7 ch\u00e2n th\u1ef1c \u0111\u1ebfn 99%. Kh\u00f4ng ch\u1ec9 mang \u0111\u1ebfn v\u1ebb \u0111\u1eb9p sang tr\u1ecdng, \u1ea5m \u00e1p nh\u01b0 g\u1ed7 t\u1ef1 nhi\u00ean, t\u1ee7 b\u1ebfp nh\u00f4m v\u00e2n g\u1ed7 c\u00f2n s\u1edf h\u1eefu nhi\u1ec1u \u01b0u \u0111i\u1ec3m v\u01b0\u1ee3t tr\u1ed9i, \u0111\u00e1p \u1ee9ng nhu c\u1ea7u s\u1eed d\u1ee5ng l\u00e2u d\u00e0i.<\/p>\n<ul style=\"text-align: justify;\">\n<li style=\"font-weight: 400;\" aria-level=\"1\"><span style=\"font-weight: 300;\">Gi\u00e1 c\u1ea3 h\u1ee3p l\u00fd, ti\u1ebft ki\u1ec7m chi ph\u00ed cho kh\u00e1ch h\u00e0ng<\/span><\/li>\n<li style=\"font-weight: 400;\" aria-level=\"1\"><span style=\"font-weight: 300;\">\u0110a d\u1ea1ng v\u1ec1 m\u1eabu m\u00e3, m\u00e0u s\u1eafc, nhi\u1ec1u ki\u1ec3u d\u00e1ng ph\u00f9 h\u1ee3p<\/span><\/li>\n<li style=\"font-weight: 400;\" aria-level=\"1\"><span style=\"font-weight: 300;\">C\u00f3 \u0111\u1ed9 b\u1ec1n cao, d\u1ec5 d\u00e0ng v\u1ec7 sinh, lau ch\u00f9i, d\u1ec5 b\u1ea3o d\u01b0\u1ee1ng<\/span><\/li>\n<li style=\"font-weight: 400;\" aria-level=\"1\"><span style=\"font-weight: 300;\">Ch\u1ed1ng \u1ea9m, ch\u1ecbu nhi\u1ec7t t\u1ed1t, t\u0103ng \u0111\u1ed9 b\u1ec1n theo th\u1eddi gian<\/span><\/li>\n<\/ul>\n<h2 style=\"text-align: justify;\"><strong>3. Gi\u00e1 t\u1ee7 b\u1ebfp nh\u00f4m v\u00e2n g\u1ed7<\/strong><\/h2>\n<p style=\"text-align: justify;\"><span style=\"font-weight: 400;\">Kh\u00e1m ph\u00e1 m\u1ee9c gi\u00e1 \u0111a d\u1ea1ng c\u1ee7a t\u1ee7 b\u1ebfp nh\u00f4m v\u00e2n g\u1ed7 t\u1ea1i N\u1ed9i Th\u1ea5t Nh\u1ea5t Nam. Ch\u00fang t\u00f4i cung c\u1ea5p c\u00e1c h\u1ec7 nh\u00f4m \u0111a d\u1ea1ng \u0111\u1ec3 ph\u00f9 h\u1ee3p v\u1edbi nhu c\u1ea7u v\u00e0 ng\u00e2n s\u00e1ch c\u1ee7a b\u1ea1n. N\u1ebfu b\u1ea1n c\u1ea7n s\u1ef1 t\u01b0 v\u1ea5n, h\u00e3y li\u00ean h\u1ec7 ngay v\u1edbi ch\u00fang t\u00f4i qua hotline \u0111\u1ec3 nh\u1eadn b\u00e1o gi\u00e1 mi\u1ec5n ph\u00ed v\u00e0 \u0111\u01b0\u1ee3c h\u1ed7 tr\u1ee3 t\u1eadn t\u00ecnh. Ch\u00fang t\u00f4i cam k\u1ebft mang \u0111\u1ebfn nh\u1eefng gi\u1ea3i ph\u00e1p t\u1ed1i \u01b0u nh\u1ea5t cho kh\u00f4ng gian b\u1ebfp c\u1ee7a b\u1ea1n.<\/span><\/p>\n<h2 style=\"text-align: justify;\"><strong>4. M\u1ed9t s\u1ed1 s\u1ea3n ph\u1ea9m t\u1ee7 b\u1ebfp nh\u00f4m k\u00ednh v\u00e2n g\u1ed7<\/strong><\/h2>\n<p style=\"text-align: justify;\"><img loading=\"lazy\" decoding=\"async\" class=\"aligncenter wp-image-2626 size-full\" src=\"https:\/\/nhatnam.org\/wp-content\/uploads\/2024\/12\/image2-3.png\" alt=\"T\u1ee7 B\u1ebfp Nh\u00f4m V\u00e2n G\u1ed7\" width=\"1200\" height=\"850\" \/><\/p>\n<h3 style=\"text-align: justify;\"><strong>4.1 T\u1ee7 b\u1ebfp nh\u00f4m s\u01a1n t\u0129nh \u0111i\u1ec7n gi\u1ea3 g\u1ed7<\/strong><\/h3>\n<ul style=\"text-align: justify;\">\n<li style=\"font-weight: 300;\" aria-level=\"1\"><span style=\"font-weight: 300;\">T\u1ee7 b\u1ebfp nh\u00f4m gi\u1ea3 g\u1ed7 h\u1ec7 s\u01a1n t\u0129nh \u0111i\u1ec7n l\u00e0 s\u1ef1 l\u1ef1a ch\u1ecdn l\u00fd t\u01b0\u1edfng cho c\u00e1c kh\u00e1ch h\u00e0ng c\u00f3 ng\u00e2n s\u00e1ch h\u1ea1n ch\u1ebf. D\u00f9 c\u00f3 gi\u00e1 th\u00e0nh r\u1ebb h\u01a1n so v\u1edbi c\u00e1c t\u1ee7 b\u1ebfp nh\u00f4m k\u00ednh cao c\u1ea5p, nh\u01b0ng v\u1eabn \u0111\u1ea3m b\u1ea3o \u0111\u01b0\u1ee3c ch\u1ea5t l\u01b0\u1ee3ng v\u00e0 \u0111\u1ed9 b\u1ec1n b\u1ec9.<\/span><\/li>\n<li style=\"font-weight: 300;\" aria-level=\"1\"><span style=\"font-weight: 300;\">V\u1edbi vi\u1ec7c s\u1eed d\u1ee5ng h\u1ec7 s\u01a1n t\u0129nh \u0111i\u1ec7n, t\u1ee7 b\u1ebfp nh\u00f4m gi\u1ea3 g\u1ed7 tr\u1edf n\u00ean b\u1ec1n m\u00e0u v\u00e0 d\u1ec5 d\u00e0ng v\u1ec7 sinh. \u0110\u1ed3ng th\u1eddi, nh\u1eefng \u01b0u \u0111i\u1ec3m v\u1ec1 t\u00ednh ch\u1ea5t ch\u1ed1ng \u1ea9m, m\u1ed1c, v\u00e0 m\u1ed1i m\u1ecdt c\u1ee7a nh\u00f4m v\u1eabn \u0111\u01b0\u1ee3c gi\u1eef nguy\u00ean, gi\u00fap t\u1ee7 b\u1ec1n b\u1ec9 v\u00e0 \u0111\u00e1ng tin c\u1eady trong th\u1eddi gian d\u00e0i s\u1eed d\u1ee5ng.<\/span><\/li>\n<\/ul>\n<h3 style=\"text-align: justify;\"><strong>4.2 T\u1ee7 b\u1ebfp nh\u00f4m v\u00e2n g\u1ed7 cao c\u1ea5p<\/strong><\/h3>\n<ul style=\"text-align: justify;\">\n<li style=\"font-weight: 300;\" aria-level=\"1\"><span style=\"font-weight: 300;\">\u0110\u00e2y l\u00e0 lo\u1ea1i t\u1ee7 b\u1ebfp \u0111\u01b0\u1ee3c kh\u00e1ch h\u00e0ng \u0111\u00e1nh gi\u00e1 kh\u00e1 cao tong t\u1ea5t c\u1ea3 c\u00e1c lo\u1ea1i lo\u1ea1i t\u1ee7 b\u1ebfp nh\u00f4m th\u00f4ng th\u01b0\u1eddng<\/span><\/li>\n<li style=\"font-weight: 300;\" aria-level=\"1\"><span style=\"font-weight: 300;\">V\u1ebb ngo\u00e0i t\u1ef1 nhi\u00ean nh\u00ecn gi\u1ed1ng g\u1ed7 th\u1eadt \u0111\u1ebfn t\u1eebng chi ti\u1ebft\u00a0 nh\u1ecf nh\u1ea5t. \u0110\u01b0\u1eddng v\u00e2n g\u1ed7 tr\u00ean t\u1ea5m nh\u00f4m \u0111\u01b0\u1ee3c t\u1ea1o ra m\u1ed9t c\u00e1ch s\u1eafc n\u00e9t, \u0111\u1ebfn m\u1ee9c r\u1ea5t kh\u00f3 c\u00f3 th\u1ec3 ph\u00e2n bi\u1ec7t \u0111\u01b0\u1ee3c \u0111\u00e2u l\u00e0 g\u1ed7 th\u1eadt v\u00e0 \u0111\u00e2u l\u00e0 gi\u1ea3.<\/span><\/li>\n<li style=\"font-weight: 300;\" aria-level=\"1\"><span style=\"font-weight: 300;\">Ch\u00ednh v\u00ec nh\u1eefng ti\u1ec7n \u00edch v\u00e0 gi\u00e1 c\u1ea3 h\u1ee3p l\u00fd nh\u01b0 v\u1eady n\u00ean \u0111\u00e2y l\u00e0 lo\u1ea1i s\u1ea3n ph\u1ea9m \u0111\u01b0\u1ee3c kh\u00e1ch h\u00e0ng \u0111\u00e1nh gi\u00e1 cao<\/span><\/li>\n<\/ul>\n<h2 style=\"text-align: justify;\"><strong>5. H\u01b0\u1edbng d\u1eabn l\u1ef1a ch\u1ecdn t\u1ee7 b\u1ebfp nh\u00f4m gi\u1ea3 g\u1ed7 ph\u00f9 h\u1ee3p<\/strong><\/h2>\n<ul style=\"text-align: justify;\">\n<li style=\"font-weight: 300;\" aria-level=\"1\"><span style=\"font-weight: 300;\">T\u00ecm ki\u1ebfm m\u1eabu m\u00e3 v\u00e0 ki\u1ec3u d\u00e1ng: \u0110\u00e2y l\u00e0 b\u01b0\u1edbc \u0111\u1ea7u ti\u00ean khi kh\u00e1ch h\u00e0ng c\u00f3 nhu c\u1ea7u t\u00ecm ki\u1ebfm cho m\u00ecnh m\u1ed9t chi\u1ebfc t\u1ee7 b\u1ebfp ph\u00f9 h\u1ee3p v\u1edbi kh\u00f4ng gian b\u1ebfp nh\u00e0 m\u00ecnh. L\u1ef1a ch\u1ecdn v\u00e0 xem x\u00e9t c\u00e1c ki\u1ec3u d\u00e1ng, m\u00e0u s\u1eafc v\u00e0 thi\u1ebft k\u1ebf \u0111\u1ec3 ph\u00f9 h\u1ee3p v\u1edbi phong c\u00e1ch c\u1ee7a b\u1ea3n th\u00e2n.<\/span><\/li>\n<li style=\"font-weight: 300;\" aria-level=\"1\"><span style=\"font-weight: 300;\">Nghi\u00ean c\u1ee9u v\u00e0 so s\u00e1nh gi\u00e1 c\u1ea3 th\u1ecb tr\u01b0\u1eddng: Khi quy\u1ebft \u0111\u1ecbnh \u0111\u01b0\u1ee3c m\u1eabu m\u00e3 v\u00e0 ki\u1ec3u d\u00e1ng ph\u00f9 h\u1ee3p, kh\u00e1ch h\u00e0ng n\u00ean so s\u00e1nh k\u1ef9 v\u1edbi gi\u00e1 c\u1ea3 th\u1ecb tr\u01b0\u1eddng \u0111\u1ec3 kh\u00f4ng b\u1ecb nh\u1ea7m gi\u00e1, ho\u1eb7c b\u1ecb mua v\u1edbi gi\u00e1 qu\u00e1 cao. \u0110i\u1ec1u n\u00e0y gi\u00fap b\u1ea1n hi\u1ec3u r\u00f5 h\u01a1n v\u1ec1 ph\u1ea1m vi gi\u00e1 c\u1ea3 v\u00e0 ch\u1ecdn m\u1ed9t s\u1ea3n ph\u1ea9m c\u00f3 gi\u00e1 tr\u1ecb<\/span><\/li>\n<li style=\"font-weight: 300;\" aria-level=\"1\"><span style=\"font-weight: 300;\">Ch\u1ea5t l\u01b0\u1ee3ng v\u00e0 \u0111\u1ed9 b\u1ec1n: H\u00e3y nh\u1edb r\u1eb1ng s\u1ea3n ph\u1ea9m b\u1ea1n l\u1ef1a ch\u1ecdn l\u00e0 s\u1ea3n ph\u1ea9m c\u00f3 ch\u1ea5t l\u01b0\u1ee3ng cao v\u00e0 \u0111\u1ed9 b\u1ec1n t\u1ed1t, Khi mu\u1ed1n \u0111\u01b0a ra quy\u1ebft \u0111\u1ecbnh b\u1ea1n n\u00ean xem c\u00e1c \u0111\u00e1nh gi\u00e1 c\u1ee7a kh\u00e1ch h\u00e0ng tr\u01b0\u1edbc \u0111\u00f3 \u0111\u1ec3 ki\u1ec3m tra \u0111\u01b0\u1ee3c \u0111\u1ed9 uy t\u00edn v\u00e0 ch\u1ea5t l\u01b0\u1ee3ng c\u1ee7a m\u1ed9t \u0111\u01a1n v\u1ecb s\u1ea3n xu\u1ea5t.<\/span><\/li>\n<li style=\"font-weight: 300;\" aria-level=\"1\"><span style=\"font-weight: 300;\">Y\u00eau c\u1ea7u b\u00e1o gi\u00e1: Tr\u01b0\u1edbc khi quy\u1ebft \u0111\u1ecbnh mua b\u1ea1n \u0111\u1eebng ng\u1ea7n ng\u1ea1i m\u00e0 h\u1ecfi gi\u00e1 b\u00ean s\u1ea3n xu\u1ea5t v\u00ec \u0111i\u1ec1u n\u00e0y s\u1ebd gi\u00fap b\u1ea1n c\u00f3 c\u00e1i nh\u00ecn t\u1ed5ng quan h\u01a1n v\u1ec1 gi\u00e1 c\u1ea3 v\u00e0 d\u1ecbch v\u1ee5 b\u1ea1n s\u1ebd \u0111\u01b0\u1ee3c nh\u1eadn.<\/span><\/li>\n<\/ul>\n<h2 style=\"text-align: justify;\"><strong>6. M\u1ed9t s\u1ed1 m\u1eabu t\u1ee7 b\u1ebfp nh\u00f4m k\u00ednh \u0111\u1eb9p m\u1edbi nh\u1ea5t\u00a0<\/strong><\/h2>\n<p style=\"text-align: justify;\"><span style=\"font-weight: 300;\">D\u01b0\u1edbi \u0111\u00e2y l\u00e0 nh\u1eefng m\u1eabu t\u1ee7 b\u1ebfp nh\u00f4m k\u00ednh v\u00e2n g\u1ed7 \u0111\u1eb9p \u0111\u01b0\u1ee3c c\u1eadp nh\u1eadt m\u1edbi nh\u1ea5t t\u1ea1i Nh\u1ea5t Nam<\/span><\/p>\n<p style=\"text-align: justify;\"><img loading=\"lazy\" decoding=\"async\" class=\"aligncenter wp-image-2627\" src=\"https:\/\/nhatnam.org\/wp-content\/uploads\/2024\/12\/image3-2-300x185.jpg\" alt=\"T\u1ee7 B\u1ebfp Nh\u00f4m V\u00e2n G\u1ed7\" width=\"1200\" height=\"738\" \/><\/p>\n<p style=\"text-align: justify;\"><img loading=\"lazy\" decoding=\"async\" class=\"aligncenter wp-image-2623\" src=\"https:\/\/nhatnam.org\/wp-content\/uploads\/2024\/12\/image8-1-300x224.jpg\" alt=\"T\u1ee7 B\u1ebfp Nh\u00f4m V\u00e2n G\u1ed7\" width=\"1200\" height=\"897\" \/><\/p>\n<p style=\"text-align: justify;\"><img loading=\"lazy\" decoding=\"async\" class=\"aligncenter wp-image-2622\" src=\"https:\/\/nhatnam.org\/wp-content\/uploads\/2024\/12\/image7-1-300x192.jpg\" alt=\"T\u1ee7 B\u1ebfp Nh\u00f4m V\u00e2n G\u1ed7\" width=\"1200\" height=\"769\" \/><\/p>\n<p style=\"text-align: justify;\"><img loading=\"lazy\" decoding=\"async\" class=\"aligncenter wp-image-2621\" src=\"https:\/\/nhatnam.org\/wp-content\/uploads\/2024\/12\/image6-1-300x225.jpg\" alt=\"T\u1ee7 B\u1ebfp Nh\u00f4m V\u00e2n G\u1ed7\" width=\"1200\" height=\"900\" \/><\/p>\n<p style=\"text-align: justify;\"><img loading=\"lazy\" decoding=\"async\" class=\"aligncenter wp-image-2620\" src=\"https:\/\/nhatnam.org\/wp-content\/uploads\/2024\/12\/image5-1-300x225.jpg\" alt=\"T\u1ee7 B\u1ebfp Nh\u00f4m V\u00e2n G\u1ed7\" width=\"1200\" height=\"900\" \/><\/p>\n<p style=\"text-align: justify;\"><img loading=\"lazy\" decoding=\"async\" class=\"aligncenter wp-image-2619\" src=\"https:\/\/nhatnam.org\/wp-content\/uploads\/2024\/12\/image4-1-300x225.jpg\" alt=\"T\u1ee7 B\u1ebfp Nh\u00f4m V\u00e2n G\u1ed7\" width=\"1200\" height=\"900\" \/><\/p>\n","protected":false},"excerpt":{"rendered":"<p><span style=\"font-weight: 300;\">T\u1ee7 b\u1ebfp nh\u00f4m v\u00e2n g\u1ed7 s\u1ef1 thay th\u1ebf l\u00fd t\u01b0\u1edfng cho t\u1ee7 g\u1ed7 truy\u1ec1n th\u1ed1ng v\u1edbi \u01b0u \u0111i\u1ec3m v\u01b0\u1ee3t tr\u1ed9i nh\u01b0 ch\u1ed1ng m\u1ed1i m\u1ecdt, \u0111\u1ed9 b\u1ec1n cao v\u00e0 kh\u00f4ng cong v\u00eanh. \u0110\u1eb7c bi\u1ec7t, t\u1ee7 n\u00e0y c\u00f3 gi\u00e1 th\u00e0nh h\u1ee3p l\u00fd h\u01a1n r\u1ea5t nhi\u1ec1u so v\u1edbi c\u00e1c m\u1eabu t\u1ee7 g\u1ed7 kh\u00e1c.<\/span><\/p>\n","protected":false},"featured_media":1254,"comment_status":"open","ping_status":"closed","template":"","meta":{"_acf_changed":false,"_gspb_post_css":""},"book-author":[],"product_brand":[],"product_cat":[113,115,116],"product_tag":[],"class_list":{"0":"post-1337","1":"product","2":"type-product","3":"status-publish","4":"has-post-thumbnail","6":"product_cat-tu-bep-nhom","7":"product_cat-tu-bep-nhom-hop-kim","8":"product_cat-tu-bep-nhom-kinh","10":"first","11":"instock","12":"shipping-taxable","13":"product-type-simple"},"acf":[],"_links":{"self":[{"href":"https:\/\/nhatnam.libion.me\/index.php\/wp-json\/wp\/v2\/product\/1337","targetHints":{"allow":["GET"]}}],"collection":[{"href":"https:\/\/nhatnam.libion.me\/index.php\/wp-json\/wp\/v2\/product"}],"about":[{"href":"https:\/\/nhatnam.libion.me\/index.php\/wp-json\/wp\/v2\/types\/product"}],"replies":[{"embeddable":true,"href":"https:\/\/nhatnam.libion.me\/index.php\/wp-json\/wp\/v2\/comments?post=1337"}],"wp:featuredmedia":[{"embeddable":true,"href":"https:\/\/nhatnam.libion.me\/index.php\/wp-json\/wp\/v2\/media\/1254"}],"wp:attachment":[{"href":"https:\/\/nhatnam.libion.me\/index.php\/wp-json\/wp\/v2\/media?parent=1337"}],"wp:term":[{"taxonomy":"book-author","embeddable":true,"href":"https:\/\/nhatnam.libion.me\/index.php\/wp-json\/wp\/v2\/book-author?post=1337"},{"taxonomy":"product_brand","embeddable":true,"href":"https:\/\/nhatnam.libion.me\/index.php\/wp-json\/wp\/v2\/product_brand?post=1337"},{"taxonomy":"product_cat","embeddable":true,"href":"https:\/\/nhatnam.libion.me\/index.php\/wp-json\/wp\/v2\/product_cat?post=1337"},{"taxonomy":"product_tag","embeddable":true,"href":"https:\/\/nhatnam.libion.me\/index.php\/wp-json\/wp\/v2\/product_tag?post=1337"}],"curies":[{"name":"wp","href":"https:\/\/api.w.org\/{rel}","templated":true}]}}