{"id":1336,"date":"2026-04-07T10:05:54","date_gmt":"2026-04-07T10:05:54","guid":{"rendered":"https:\/\/nhatnam.libion.me\/index.php\/product\/tu-bep-nhom-hop-kim\/"},"modified":"2026-04-07T10:05:54","modified_gmt":"2026-04-07T10:05:54","slug":"tu-bep-nhom-hop-kim","status":"publish","type":"product","link":"https:\/\/nhatnam.libion.me\/index.php\/product\/tu-bep-nhom-hop-kim\/","title":{"rendered":"T\u1ee7 B\u1ebfp Nh\u00f4m H\u1ee3p Kim"},"content":{"rendered":"<p style=\"text-align: justify;\"><span style=\"font-weight: 400;\">Tr\u00ean th\u1ecb tr\u01b0\u1eddng n\u1ed9i th\u1ea5t hi\u1ec7n nay, t\u1ee7 b\u1ebfp nh\u00f4m h\u1ee3p kim \u0111ang tr\u1edf th\u00e0nh m\u1ed9t trong nh\u1eefng l\u1ef1a ch\u1ecdn h\u00e0ng \u0111\u1ea7u cho c\u00e1c gia \u0111\u00ecnh hi\u1ec7n \u0111\u1ea1i. V\u1edbi s\u1ef1 k\u1ebft h\u1ee3p gi\u1eefa t\u00ednh n\u0103ng v\u01b0\u1ee3t tr\u1ed9i v\u00e0 thi\u1ebft k\u1ebf tinh t\u1ebf, t\u1ee7 b\u1ebfp n\u00e0y kh\u00f4ng ch\u1ec9 \u0111em l\u1ea1i s\u1ef1 ti\u1ec7n nghi m\u00e0 c\u00f2n t\u00f4n l\u00ean v\u1ebb \u0111\u1eb9p sang tr\u1ecdng cho kh\u00f4ng gian b\u1ebfp c\u1ee7a b\u1ea1n. M\u1eddi Q\u00fay kh\u00e1ch h\u00e0ng c\u00f9ng N\u1ed9i Th\u1ea5t Nh\u1ea5t Nam kh\u00e1m ph\u00e1 chi ti\u1ebft h\u01a1n v\u1ec1 t\u1ee7 b\u1ebfp h\u1ee3p kim nh\u00f4m qua b\u00e0i vi\u1ebft sau \u0111\u00e2y.<\/span><\/p>\n<h2 style=\"text-align: justify;\"><b>1. Th\u1ebf n\u00e0o l\u00e0 t\u1ee7 b\u1ebfp nh\u00f4m h\u1ee3p kim?<br \/>\n<img loading=\"lazy\" decoding=\"async\" class=\"aligncenter wp-image-4848 size-full\" src=\"https:\/\/nhatnam.org\/wp-content\/uploads\/2025\/02\/33tc.jpg\" alt=\"T\u1ee7 B\u1ebfp Nh\u00f4m H\u1ee3p Kim\" width=\"1280\" height=\"960\" \/><br \/>\n<\/b><\/h2>\n<p style=\"text-align: justify;\"><span style=\"font-weight: 400;\">T\u1ee7 b\u1ebfp nh\u00f4m h\u1ee3p kim l\u00e0 s\u1ea3n ph\u1ea9m \u0111\u01b0\u1ee3c ch\u1ebf t\u1ea1o t\u1eeb h\u1ee3p kim nh\u00f4m tr\u00e1ng men k\u1ebft h\u1ee3p v\u1edbi c\u00e1c v\u1eadt li\u1ec7u v\u00e0 c\u00f4ng ngh\u1ec7 hi\u1ec7n \u0111\u1ea1i nh\u1eb1m t\u1ea1o ra m\u1ed9t s\u1ea3n ph\u1ea9m ch\u1ea5t l\u01b0\u1ee3ng v\u00e0 \u0111\u1eb3ng c\u1ea5p. T\u1ea5m nh\u00f4m h\u1ee3p kim \u0111\u01b0\u1ee3c s\u1ea3n xu\u1ea5t t\u1eeb 2 ch\u1ea5t li\u1ec7u ch\u00ednh l\u00e0 h\u1ee3p kim nh\u00f4m v\u00e0 s\u1ee3i th\u1ee7y tinh.\u00a0<\/span><\/p>\n<p style=\"text-align: justify;\"><span style=\"font-weight: 400;\">T\u00ednh n\u0103ng ch\u1ed1ng \u0103n m\u00f2n, ch\u1ecbu l\u1ef1c, kh\u1ea3 n\u0103ng ch\u1ed1ng n\u01b0\u1edbc, ch\u1ed1ng ch\u00e1y l\u00e0 nh\u1eefng \u0111i\u1ec3m n\u1ed5i b\u1eadt c\u1ee7a lo\u1ea1i t\u1ee7 b\u1ebfp n\u00e0y.\u00a0<\/span><\/p>\n<p style=\"text-align: justify;\"><span style=\"font-weight: 400;\">T\u1ee7 b\u1ebfp nh\u00f4m h\u1ee3p kim l\u00e0m t\u1eeb h\u1ec7 t\u1ea5m n\u00e0y c\u00f3 t\u00ednh th\u1ea9m m\u1ef9 cao, th\u00e2n thi\u1ec7n v\u1edbi m\u00f4i tr\u01b0\u1eddng v\u00e0 ho\u00e0n to\u00e0n an to\u00e0n s\u1ee9c kh\u1ecfe cho c\u00e1c th\u00e0nh vi\u00ean trong gia \u0111\u00ecnh.<\/span><\/p>\n<p>[block id=&#8221;7478&#8243;]<\/p>\n<h2 style=\"text-align: justify;\"><b>3. C\u1ea5u t\u1ea1o c\u1ee7a t\u1ee7 b\u1ebfp nh\u00f4m h\u1ee3p kim<br \/>\n<\/b><\/h2>\n<figure id=\"attachment_4426\" aria-describedby=\"caption-attachment-4426\" style=\"width: 1280px\" class=\"wp-caption aligncenter\"><img loading=\"lazy\" decoding=\"async\" class=\"wp-image-4426 size-full\" src=\"https:\/\/nhatnam.org\/wp-content\/uploads\/2025\/02\/nhom_la_ghep_NHAT_NAM05.jpg\" alt=\"T\u1ee7 B\u1ebfp Nh\u00f4m H\u1ee3p Kim\" width=\"1280\" height=\"960\" \/><figcaption id=\"caption-attachment-4426\" class=\"wp-caption-text\">Th\u00f9ng t\u1ee7 b\u1ebfp nh\u00f4m h\u1ee3p kim v\u1edbi c\u1ea5u tr\u00fac ch\u1eafc ch\u1eafn<\/figcaption><\/figure>\n<p style=\"text-align: justify;\"><span style=\"font-weight: 400;\">Khung, th\u00f9ng t\u1ee7: Khung v\u00e0 th\u00f9ng t\u1ee7 \u0111\u01b0\u1ee3c ch\u1ebf t\u1ea1o t\u1eeb h\u1ee3p kim nh\u00f4m, m\u1ed9t ch\u1ea5t li\u1ec7u nh\u1eb9 nh\u01b0ng v\u00f4 c\u00f9ng ch\u1eafc ch\u1eafn.<\/span><\/p>\n<p style=\"text-align: justify;\"><span style=\"font-weight: 400;\">C\u00e1nh c\u1eeda t\u1ee7 b\u1ebfp: Hi\u1ec7n N\u1ed9i Th\u1ea5t Nh\u1ea5t Nam c\u00f3 c\u00e1c h\u1ec7 c\u00e1nh t\u1ee7 b\u1ebfp h\u1ee3p kim nh\u00f4m nh\u01b0 c\u00e1nh k\u00ednh khung nh\u00f4m, c\u00e1nh nh\u00f4m h\u1ee3p kim, c\u00e1nh Acrylic\u2026 T\u1ea5t c\u1ea3 \u0111\u1ec1u \u0111\u01b0\u1ee3c s\u1eed d\u1ee5ng v\u1eadt li\u1ec7u cao c\u1ea5p, c\u00f3 \u0111\u1ed9 b\u1ec1n t\u1ed1t \u0111i k\u00e8m gi\u00e1 th\u00e0nh h\u1ee3p l\u00fd.<\/span><\/p>\n<p style=\"text-align: justify;\"><span style=\"font-weight: 400;\">Ph\u1ee5 ki\u1ec7n t\u1ee7 b\u1ebfp : C\u00e1c ph\u1ee5 ki\u1ec7n nh\u01b0 ray tr\u01b0\u1ee3t, tay n\u1eafm, b\u1ea3n l\u1ec1 \u0111\u01b0\u1ee3c ch\u1ebf t\u1ea1o t\u1eeb v\u1eadt li\u1ec7u ch\u1ed1ng g\u1ec9 s\u00e9t v\u00e0 ch\u1ecbu l\u1ef1c, \u0111\u1ea3m b\u1ea3o ho\u1ea1t \u0111\u1ed9ng nh\u1eb9 nh\u00e0ng.<\/span><\/p>\n<p style=\"text-align: justify;\"><span style=\"font-weight: 400;\">B\u00ean c\u1ea1nh \u0111\u00f3 c\u00f2n c\u00f3 nh\u1eefng ph\u1ee5 ki\u1ec7n ri\u00eang nh\u01b0 k\u1ec7 \u0111\u1ef1ng ch\u00e9n b\u00e1t, dao mu\u1ed7ng \u0111\u0169a, ch\u1eadu r\u1eeda\u2026 Nh\u1ea5t Nam s\u1ebd t\u01b0 v\u1ea5n v\u00e0 l\u1eafp \u0111\u1eb7t th\u00eam theo y\u00eau c\u1ea7u c\u1ee7a kh\u00e1ch h\u00e0ng.<\/span><\/p>\n<p style=\"text-align: justify;\"><span style=\"font-weight: 400;\">M\u1eb7t b\u00e0n \u1ed1p b\u1ebfp: M\u1eb7t b\u00e0n \u1ed1p b\u1ebfp c\u1ee7a t\u1ee7 b\u1ebfp nh\u00f4m h\u1ee3p kim th\u01b0\u1eddng \u0111\u01b0\u1ee3c l\u00e0m t\u1eeb c\u00e1c lo\u1ea1i v\u1eadt li\u1ec7u ch\u1ea5t l\u01b0\u1ee3ng cao, ch\u1ed1ng tr\u1ea7y x\u01b0\u1edbc nh\u01b0 \u0111\u00e1 granite, \u0111\u00e1 marble, ho\u1eb7c composite.<\/span><\/p>\n<h2 style=\"text-align: justify;\"><b>4. \u01afu \u0111i\u1ec3m v\u00e0 nh\u01b0\u1ee3c \u0111i\u1ec3m c\u1ee7a t\u1ee7 b\u1ebfp h\u1ee3p kim nh\u00f4m<br \/>\n<img loading=\"lazy\" decoding=\"async\" class=\"aligncenter wp-image-4639 size-full\" src=\"https:\/\/nhatnam.org\/wp-content\/uploads\/2025\/02\/Nhom_hop_kim04.jpg\" alt=\"T\u1ee7 B\u1ebfp Nh\u00f4m H\u1ee3p Kim\" width=\"1280\" height=\"960\" \/><br \/>\n<\/b><\/h2>\n<ul style=\"text-align: justify;\">\n<li style=\"font-weight: 400;\"><span style=\"font-weight: 400;\">\u0110\u1ed9 b\u1ec1n cao: H\u1ee3p kim nh\u00f4m \u0111\u01b0\u1ee3c ch\u1ebf t\u1ea1o t\u1eeb nguy\u00ean li\u1ec7u ch\u1ea5t l\u01b0\u1ee3ng cao, gi\u00fap t\u1ee7 b\u1ebfp c\u00f3 kh\u1ea3 n\u0103ng ch\u1ecbu l\u1ef1c t\u1ed1t v\u00e0 kh\u00f4ng b\u1ecb bi\u1ebfn d\u1ea1ng trong qu\u00e1 tr\u00ecnh s\u1eed d\u1ee5ng.<\/span><\/li>\n<li style=\"font-weight: 400;\"><span style=\"font-weight: 400;\">Ch\u1ed1ng \u0103n m\u00f2n v\u00e0 ch\u1ed1ng n\u01b0\u1edbc t\u1ed1t: T\u00ednh ch\u1ea5t kh\u00f4ng b\u1ecb oxi h\u00f3a c\u1ee7a nh\u00f4m gi\u00fap t\u1ee7 b\u1ebfp h\u1ee3p kim nh\u00f4m kh\u00f4ng b\u1ecb \u0103n m\u00f2n khi ti\u1ebfp x\u00fac v\u1edbi m\u00f4i tr\u01b0\u1eddng \u1ea9m \u01b0\u1edbt ho\u1eb7c n\u01b0\u1edbc.<\/span><\/li>\n<li style=\"font-weight: 400;\"><span style=\"font-weight: 400;\">D\u1ec5 d\u00e0ng v\u1ec7 sinh v\u00e0 b\u1ea3o d\u01b0\u1ee1ng: B\u1ec1 m\u1eb7t nh\u00f4m nh\u1eb5n, kh\u00f4ng \u0111\u1ecdng b\u1ea9n, d\u1ec5 d\u00e0ng lau ch\u00f9i v\u00e0 b\u1ea3o qu\u1ea3n, gi\u00fap ti\u1ebft ki\u1ec7m th\u1eddi gian v\u00e0 c\u00f4ng s\u1ee9c trong vi\u1ec7c v\u1ec7 sinh t\u1ee7 b\u1ebfp.<\/span><\/li>\n<li style=\"font-weight: 400;\"><span style=\"font-weight: 400;\">Tr\u1ecdng l\u01b0\u1ee3ng nh\u1eb9: Gi\u00fap d\u1ec5 d\u00e0ng v\u1eadn chuy\u1ec3n, thi c\u00f4ng, l\u1eafp \u0111\u1eb7t.<\/span><\/li>\n<li style=\"font-weight: 400;\"><span style=\"font-weight: 400;\">Thi\u1ebft k\u1ebf \u0111a d\u1ea1ng: T\u1ee7 b\u1ebfp h\u1ee3p kim nh\u00f4m c\u00f3 nhi\u1ec1u m\u1eabu m\u00e3 \u0111a d\u1ea1ng, sang tr\u1ecdng, ph\u00f9 h\u1ee3p v\u1edbi kh\u00f4ng gian ph\u00f2ng b\u1ebfp hi\u1ec7n \u0111\u1ea1i.<\/span><\/li>\n<li style=\"font-weight: 400;\"><span style=\"font-weight: 400;\">An to\u00e0n cho s\u1ee9c kh\u1ecfe: T\u1ee7 b\u1ebfp s\u1eed d\u1ee5ng men tr\u00e1ng kh\u00f4ng s\u1eed d\u1ee5ng s\u01a1n ph\u1ee7 an to\u00e0n tuy\u1ec7t \u0111\u1ed1i, kh\u00f4ng g\u00e2y h\u1ea1i cho s\u1ee9c kh\u1ecfe.<\/span><\/li>\n<li style=\"font-weight: 400;\"><span style=\"font-weight: 400;\">D\u1ec5 v\u1ec7 sinh: Qu\u00e1 tr\u00ecnh tr\u00e1ng men b\u00ean ngo\u00e0i gi\u00fap ng\u01b0\u1eddi d\u00f9ng v\u1ec7 sinh d\u1ec5 d\u00e0ng, ch\u1ecbu \u0111\u01b0\u1ee3c t\u00e1c \u0111\u1ed9ng c\u1ee7a c\u00e1c ch\u1ea5t t\u1ea9y r\u1eeda th\u00f4ng th\u01b0\u1eddng, kh\u00f4ng b\u00e1m b\u1ea9n, kh\u00f4ng \u00e1m m\u00f9i.<\/span><\/li>\n<\/ul>\n<p>[block id=&#8221;7478&#8243;]<\/p>\n<h2 style=\"text-align: justify;\"><b>5. B\u00e1o gi\u00e1 t\u1ee7 b\u1ebfp nh\u00f4m h\u1ee3p kim<br \/>\n<\/b><\/h2>\n<figure id=\"attachment_2763\" aria-describedby=\"caption-attachment-2763\" style=\"width: 1280px\" class=\"wp-caption aligncenter\"><img loading=\"lazy\" decoding=\"async\" class=\"wp-image-2763\" src=\"https:\/\/nhatnam.org\/wp-content\/uploads\/2024\/12\/z6154723894106_50b0ef0103bcc49d945130edc93218fe-300x225.jpg\" alt=\"T\u1ee7 B\u1ebfp Nh\u00f4m H\u1ee3p Kim\" width=\"01280\" height=\"960\" \/><figcaption id=\"caption-attachment-2763\" class=\"wp-caption-text\"><span style=\"font-weight: 400;\">N\u1ed9i Th\u1ea5t Nh\u1ea5t Nam \u2013 chuy\u00ean thi\u1ebft k\u1ebf thi c\u00f4ng t\u1ee7 b\u1ebfp uy t\u00edn<\/span><\/figcaption><\/figure>\n<p style=\"text-align: justify;\"><span style=\"font-weight: 400;\">Gi\u00e1 c\u1ea3 cho t\u1ee7 b\u1ebfp nh\u00f4m h\u1ee3p kim ph\u1ee5 thu\u1ed9c v\u00e0o k\u00edch th\u01b0\u1edbc, thi\u1ebft k\u1ebf v\u00e0 c\u00e1c t\u00ednh n\u0103ng b\u1ed5 sung theo y\u00eau c\u1ea7u c\u1ee7a qu\u00fd kh\u00e1ch h\u00e0ng. Vui l\u00f2ng li\u00ean h\u1ec7 Nh\u1ea5t Nam \u0111\u1ec3 nh\u1eadn b\u00e1o gi\u00e1 chi ti\u1ebft v\u00e0 t\u01b0 v\u1ea5n ph\u00f9 h\u1ee3p v\u1edbi nhu c\u1ea7u c\u1ee7a Qu\u00fd kh\u00e1ch ho\u1eb7c<\/span><span style=\"font-weight: 400;\"> truy c\u1eadp Link:<\/span><\/p>\n<h2 style=\"text-align: justify;\"><b>6. Quy\u1ec1n l\u1ee3i kh\u00e1ch h\u00e0ng khi l\u1eafp \u0111\u1eb7t t\u1ee7 b\u1ebfp t\u1ea1i Nh\u1ea5t Nam<\/b><\/h2>\n<ul style=\"text-align: justify;\">\n<li style=\"font-weight: 400;\"><span style=\"font-weight: 400;\">Nh\u1ea5t Nam c\u00f3 \u0111\u1ed9i ng\u0169 t\u01b0 v\u1ea5n gi\u00e0u kinh nghi\u1ec7m v\u00e0 chuy\u00ean nghi\u1ec7p, s\u1eb5n s\u00e0ng l\u1eafng nghe v\u00e0 hi\u1ec3u r\u00f5 nhu c\u1ea7u c\u1ee7a kh\u00e1ch h\u00e0ng \u0111\u1ec3 \u0111\u01b0a ra nh\u1eefng gi\u1ea3i ph\u00e1p thi\u1ebft k\u1ebf t\u1ed1i \u01b0u nh\u1ea5t.<\/span><\/li>\n<li style=\"font-weight: 400;\"><span style=\"font-weight: 400;\">T\u1ee7 b\u1ebfp c\u1ee7a Nh\u1ea5t Nam \u0111\u01b0\u1ee3c s\u1ea3n xu\u1ea5t t\u1eeb c\u00e1c nguy\u00ean li\u1ec7u ch\u1ea5t l\u01b0\u1ee3ng cao v\u00e0 qua qu\u00e1 tr\u00ecnh gia c\u00f4ng c\u00f4ng ngh\u1ec7 hi\u1ec7n \u0111\u1ea1i, \u0111\u1ea3m b\u1ea3o \u0111\u1ed9 b\u1ec1n, an to\u00e0n v\u00e0 t\u00ednh th\u1ea9m m\u1ef9 cao.<\/span><\/li>\n<li style=\"font-weight: 400;\"><span style=\"font-weight: 400;\">B\u1ea3o \u0111\u1ea3m ti\u1ebfn \u0111\u1ed9 thi c\u00f4ng, \u0111\u1ea3m b\u1ea3o ch\u1ea5t l\u01b0\u1ee3ng s\u1ea3n ph\u1ea9m v\u00e0 s\u1ef1 h\u00e0i l\u00f2ng c\u1ee7a kh\u00e1ch h\u00e0ng.<\/span><\/li>\n<li style=\"font-weight: 400;\"><span style=\"font-weight: 400;\">Nh\u1ea5t Nam cam k\u1ebft h\u1ed7 tr\u1ee3 kh\u00e1ch h\u00e0ng trong qu\u00e1 tr\u00ecnh s\u1eed d\u1ee5ng s\u1ea3n ph\u1ea9m, \u0111\u1ea3m b\u1ea3o s\u1ef1 h\u00e0i l\u00f2ng v\u00e0 tin c\u1eady t\u1eeb ph\u00eda kh\u00e1ch h\u00e0ng.<\/span><\/li>\n<li style=\"font-weight: 400;\"><span style=\"font-weight: 400;\">H\u1ee3p \u0111\u1ed3ng v\u00e0 h\u00f3a \u0111\u01a1n r\u00f5 r\u00e0ng, minh b\u1ea1ch gi\u00fap cho qu\u00e1 tr\u00ecnh b\u1ea3o h\u00e0nh v\u00e0 b\u1ea3o tr\u00ec di\u1ec5n ra thu\u1eadn l\u1ee3i v\u00e0 d\u1ec5 d\u00e0ng h\u01a1n.<\/span><\/li>\n<li style=\"font-weight: 400;\"><span style=\"font-weight: 400;\">Li\u00ean h\u1ec7 v\u1edbi Nh\u1ea5t Nam ngay \u0111\u1ec3 \u0111\u01b0\u1ee3c h\u1ed7 tr\u1ee3 v\u00e0 t\u01b0 v\u1ea5n chi ti\u1ebft h\u01a1n v\u1ec1 s\u1ea3n ph\u1ea9m v\u00e0 d\u1ecbch v\u1ee5.<\/span><\/li>\n<\/ul>\n<p style=\"text-align: justify;\"><span style=\"font-weight: 400;\">Ch\u00fang t\u00f4i t\u1ef1 h\u00e0o mang \u0111\u1ebfn cho b\u1ea1n nh\u1eefng m\u1eabu t\u1ee7 b\u1ebfp nh\u00f4m h\u1ee3p kim \u0111\u1eb9p v\u00e0 \u0111a d\u1ea1ng, \u0111\u1ea3m b\u1ea3o \u0111\u00e1p \u1ee9ng m\u1ecdi nhu c\u1ea7u trang tr\u00ed v\u00e0 s\u1eed d\u1ee5ng c\u1ee7a b\u1ea1n. H\u00e3y \u0111\u1ebfn N\u1ed9i Th\u1ea5t Nh\u1ea5t Nam \u0111\u1ec3 s\u1edf h\u1eefu kh\u00f4ng gian b\u1ebfp l\u00fd t\u01b0\u1edfng v\u00e0 \u0111\u1eb3ng c\u1ea5p!<\/span><\/p>\n<p>[block id=&#8221;7478&#8243;]<\/p>\n","protected":false},"excerpt":{"rendered":"<p><span style=\"font-weight: 400;\">Tr\u00ean th\u1ecb tr\u01b0\u1eddng n\u1ed9i th\u1ea5t hi\u1ec7n nay, t\u1ee7 b\u1ebfp h\u1ee3p kim nh\u00f4m \u0111ang tr\u1edf th\u00e0nh m\u1ed9t trong nh\u1eefng l\u1ef1a ch\u1ecdn h\u00e0ng \u0111\u1ea7u cho c\u00e1c gia \u0111\u00ecnh hi\u1ec7n \u0111\u1ea1i. V\u1edbi s\u1ef1 k\u1ebft h\u1ee3p gi\u1eefa t\u00ednh n\u0103ng v\u01b0\u1ee3t tr\u1ed9i v\u00e0 thi\u1ebft k\u1ebf tinh t\u1ebf, t\u1ee7 b\u1ebfp n\u00e0y kh\u00f4ng ch\u1ec9 \u0111em l\u1ea1i s\u1ef1 ti\u1ec7n nghi m\u00e0 c\u00f2n t\u00f4n l\u00ean v\u1ebb \u0111\u1eb9p sang tr\u1ecdng cho kh\u00f4ng gian b\u1ebfp c\u1ee7a b\u1ea1n. M\u1eddi Q\u00fay kh\u00e1ch h\u00e0ng c\u00f9ng N\u1ed9i Th\u1ea5t Nh\u1ea5t Nam kh\u00e1m ph\u00e1 chi ti\u1ebft h\u01a1n v\u1ec1 t\u1ee7 b\u1ebfp h\u1ee3p kim nh\u00f4m qua b\u00e0i vi\u1ebft sau \u0111\u00e2y.<\/span><\/p>\n","protected":false},"featured_media":1249,"comment_status":"open","ping_status":"closed","template":"","meta":{"_acf_changed":false,"_gspb_post_css":""},"book-author":[],"product_brand":[],"product_cat":[113,115],"product_tag":[],"class_list":{"0":"post-1336","1":"product","2":"type-product","3":"status-publish","4":"has-post-thumbnail","6":"product_cat-tu-bep-nhom","7":"product_cat-tu-bep-nhom-hop-kim","9":"first","10":"instock","11":"shipping-taxable","12":"product-type-simple"},"acf":[],"_links":{"self":[{"href":"https:\/\/nhatnam.libion.me\/index.php\/wp-json\/wp\/v2\/product\/1336","targetHints":{"allow":["GET"]}}],"collection":[{"href":"https:\/\/nhatnam.libion.me\/index.php\/wp-json\/wp\/v2\/product"}],"about":[{"href":"https:\/\/nhatnam.libion.me\/index.php\/wp-json\/wp\/v2\/types\/product"}],"replies":[{"embeddable":true,"href":"https:\/\/nhatnam.libion.me\/index.php\/wp-json\/wp\/v2\/comments?post=1336"}],"wp:featuredmedia":[{"embeddable":true,"href":"https:\/\/nhatnam.libion.me\/index.php\/wp-json\/wp\/v2\/media\/1249"}],"wp:attachment":[{"href":"https:\/\/nhatnam.libion.me\/index.php\/wp-json\/wp\/v2\/media?parent=1336"}],"wp:term":[{"taxonomy":"book-author","embeddable":true,"href":"https:\/\/nhatnam.libion.me\/index.php\/wp-json\/wp\/v2\/book-author?post=1336"},{"taxonomy":"product_brand","embeddable":true,"href":"https:\/\/nhatnam.libion.me\/index.php\/wp-json\/wp\/v2\/product_brand?post=1336"},{"taxonomy":"product_cat","embeddable":true,"href":"https:\/\/nhatnam.libion.me\/index.php\/wp-json\/wp\/v2\/product_cat?post=1336"},{"taxonomy":"product_tag","embeddable":true,"href":"https:\/\/nhatnam.libion.me\/index.php\/wp-json\/wp\/v2\/product_tag?post=1336"}],"curies":[{"name":"wp","href":"https:\/\/api.w.org\/{rel}","templated":true}]}}