{"id":1334,"date":"2026-04-07T10:05:53","date_gmt":"2026-04-07T10:05:53","guid":{"rendered":"https:\/\/nhatnam.libion.me\/index.php\/product\/tu-bep-nhom-canh-acrylic\/"},"modified":"2026-04-07T10:05:53","modified_gmt":"2026-04-07T10:05:53","slug":"tu-bep-nhom-canh-acrylic","status":"publish","type":"product","link":"https:\/\/nhatnam.libion.me\/index.php\/product\/tu-bep-nhom-canh-acrylic\/","title":{"rendered":"T\u1ee7 B\u1ebfp Nh\u00f4m C\u00e1nh Acrylic"},"content":{"rendered":"<p style=\"text-align: justify;\"><span style=\"font-weight: 400;\">T\u1ee7 b\u1ebfp nh\u00f4m c\u00e1nh Acrylic l\u00e0 s\u1ef1 l\u1ef1a ch\u1ecdn \u0111\u00e1ng ch\u00fa \u00fd \u0111\u01b0\u1ee3c nhi\u1ec1u gia \u0111\u00ecnh quan t\u00e2m hi\u1ec7n nay. V\u1edbi v\u1eadt li\u1ec7u nh\u00f4m c\u00e1nh \u0111\u01b0\u1ee3c ph\u1ee7 l\u1edbp Acrylic, s\u1ea3n ph\u1ea9m n\u00e0y kh\u00f4ng ch\u1ec9 mang l\u1ea1i \u0111\u1ed9 b\u1ec1n cao, kh\u1ea3 n\u0103ng ch\u1ed1ng tr\u1ea7y x\u01b0\u1edbc t\u1ed1t m\u00e0 c\u00f2n c\u00f3 s\u1ef1 \u0111a d\u1ea1ng v\u1ec1 m\u00e0u s\u1eafc ph\u00f9 h\u1ee3p v\u1edbi m\u1ecdi kh\u00f4ng gian n\u1ed9i th\u1ea5t. <\/span><\/p>\n<p style=\"text-align: justify;\"><span style=\"font-weight: 400;\">\u0110\u1ec3 hi\u1ec3u r\u00f5 h\u01a1n v\u1ec1 \u0111\u1eb7c \u0111i\u1ec3m c\u1ee7a t\u1ee7 b\u1ebfp nh\u00f4m Acrylic c\u00f9ng N\u1ed9i Th\u1ea5t Nh\u1ea5t Nam t\u00ecm hi\u1ec3u qua b\u00e0i vi\u1ebft d\u01b0\u1edbi \u0111\u00e2y nh\u00e9.<\/span><\/p>\n<h2 style=\"text-align: justify;\"><strong>1. \u0110\u00f4i n\u00e9t v\u1ec1 t\u1ee7 b\u1ebfp nh\u00f4m c\u00e1nh Acrylic<br \/>\n<img loading=\"lazy\" decoding=\"async\" class=\"aligncenter wp-image-4359 size-full\" src=\"https:\/\/nhatnam.org\/wp-content\/uploads\/2024\/12\/48a1d045-b5ae-4cad-a4f6-e8a4dc554b26.jpg\" alt=\"T\u1ee7 B\u1ebfp Nh\u00f4m C\u00e1nh Acrylic\" width=\"1280\" height=\"720\" \/><\/strong><\/h2>\n<p style=\"text-align: justify;\"><span style=\"font-weight: 400;\">T\u1ee7 b\u1ebfp nh\u00f4m c\u00e1nh Acrylic l\u00e0 s\u1ef1 k\u1ebft h\u1ee3p ho\u00e0n h\u1ea3o gi\u1eefa t\u1ee7 b\u1ebfp nh\u00f4m v\u00e0 c\u00e1nh Acrylic. V\u1edbi ph\u1ea7n khung th\u00f9ng t\u1ee7 \u0111\u01b0\u1ee3c l\u00e0m t\u1eeb c\u00e1c lo\u1ea1i nh\u00f4m h\u1ec7 ch\u1ea5t l\u01b0\u1ee3ng cao, v\u00e0 ph\u1ea7n c\u00e1nh \u0111\u01b0\u1ee3c l\u1ef1a ch\u1ecdn t\u1eeb nh\u1ef1a Acrylic ho\u1eb7c g\u1ed7 Acrylic, s\u1ea3n ph\u1ea9m n\u00e0y mang l\u1ea1i s\u1ef1 \u0111a d\u1ea1ng v\u00e0 t\u00ednh ch\u1ea5t \u0111\u1ed9c \u0111\u00e1o trong thi\u1ebft k\u1ebf n\u1ed9i th\u1ea5t.<\/span><\/p>\n<p style=\"text-align: justify;\"><span style=\"font-weight: 400;\">T\u1ee7 b\u1ebfp nh\u00f4m c\u00e1nh Acrylic \u0111\u01b0\u1ee3c \u0111\u00e1nh gi\u00e1 cao v\u1ec1 \u0111\u1ed9 b\u1ec1n v\u00e0 kh\u1ea3 n\u0103ng ch\u1ed1ng \u1ea9m. S\u1eed d\u1ee5ng v\u1eadt li\u1ec7u h\u1ee3p nh\u00f4m, s\u1ea3n ph\u1ea9m kh\u00f4ng ch\u1ec9 ch\u1ed1ng oxy h\u00f3a m\u00e0 c\u00f2n kh\u00f4ng b\u1ecb \u0103n m\u00f2n theo th\u1eddi gian. \u0110\u1eb7c bi\u1ec7t, t\u00ednh n\u0103ng d\u1ec5 lau ch\u00f9i v\u00e0 kh\u00e1ng tr\u1ea7y x\u01b0\u1edbc c\u1ee7a t\u1ee7 b\u1ebfp nh\u00f4m c\u00e1nh Acrylic gi\u00fap duy tr\u00ec v\u1ebb \u0111\u1eb9p v\u00e0 s\u1ef1 m\u1edbi m\u1ebb trong su\u1ed1t nhi\u1ec1u n\u0103m s\u1eed d\u1ee5ng, <\/span><span style=\"font-weight: 400;\">l\u00e0 l\u1ef1a ch\u1ecdn t\u1ed1t cho kh\u00f4ng gian b\u1ebfp c\u1ee7a m\u1ecdi gia \u0111\u00ecnh.<\/span><\/p>\n<h2 style=\"text-align: justify;\"><strong>2. \u01afu \u0111i\u1ec3m n\u1ed5i b\u1eadt c\u1ee7a t\u1ee7 b\u1ebfp nh\u00f4m c\u00e1nh Acrylic<br \/>\n<\/strong><\/h2>\n<h2 style=\"text-align: justify;\"><strong><img loading=\"lazy\" decoding=\"async\" class=\"aligncenter wp-image-4357 size-full\" src=\"https:\/\/nhatnam.org\/wp-content\/uploads\/2024\/12\/0f8c182d-e282-4921-8bce-c42a62d765aa.jpg\" alt=\"T\u1ee7 B\u1ebfp Nh\u00f4m C\u00e1nh Acrylic\" width=\"1280\" height=\"720\" \/><\/strong><\/h2>\n<p style=\"text-align: justify;\"><span style=\"font-weight: 400;\">T\u1ee7 b\u1ebfp nh\u00f4m c\u00e1nh Acrylic mang \u0111\u1ebfn nhi\u1ec1u \u01b0u \u0111i\u1ec3m h\u1ea5p d\u1eabn cho kh\u00f4ng gian b\u1ebfp hi\u1ec7n \u0111\u1ea1i:<\/span><\/p>\n<ul style=\"text-align: justify;\">\n<li style=\"font-weight: 400;\" aria-level=\"1\"><span style=\"font-weight: 400;\">Th\u00f9ng nh\u00f4m c\u00f3 \u0111\u1ed9 b\u1ec1n cao v\u00e0 kh\u1ea3 n\u0103ng ch\u1ecbu l\u1ef1c t\u1ed1t, gi\u00fap s\u1ea3n ph\u1ea9m t\u1ed3n t\u1ea1i l\u00e2u d\u00e0i v\u00e0 ch\u1ecbu \u0111\u01b0\u1ee3c nh\u1eefng t\u00e1c \u0111\u1ed9ng m\u1ea1nh m\u1ebd khi s\u1eed d\u1ee5ng.<\/span><\/li>\n<li style=\"font-weight: 400;\" aria-level=\"1\"><span style=\"font-weight: 400;\">B\u1ec1 m\u1eb7t ph\u1ee7 c\u00e1nh Acrylic mang l\u1ea1i v\u1ebb \u0111\u1eb9p sang tr\u1ecdng, m\u1ecbn m\u00e0ng v\u00e0 \u0111a d\u1ea1ng m\u00e0u s\u1eafc, l\u00e0m t\u0103ng t\u00ednh th\u1ea9m m\u1ef9 cho kh\u00f4ng gian b\u1ebfp.<\/span><\/li>\n<li style=\"font-weight: 400;\" aria-level=\"1\"><span style=\"font-weight: 400;\">Nh\u00f4m c\u00f3 kh\u1ea3 n\u0103ng ch\u1ed1ng oxy h\u00f3a t\u1ed1t, ch\u1ed1ng tr\u1ea7y x\u01b0\u1edbc gi\u00fap t\u1ee7 b\u1ebfp duy tr\u00ec v\u1ebb \u0111\u1eb9p c\u1ee7a b\u1ebfp qua th\u1eddi gian s\u1eed d\u1ee5ng.<\/span><\/li>\n<li style=\"font-weight: 400;\" aria-level=\"1\"><span style=\"font-weight: 400;\">D\u1ec5 d\u00e0ng v\u1ec7 sinh v\u00e0 b\u1ea3o d\u01b0\u1ee1ng.<\/span><\/li>\n<li style=\"font-weight: 400;\" aria-level=\"1\"><span style=\"font-weight: 400;\">Kh\u1ea3 n\u0103ng ch\u1ed1ng \u1ea9m m\u1ed1c, m\u1ed1i m\u1ecdt<\/span><\/li>\n<\/ul>\n<p style=\"text-align: justify;\"><span style=\"font-weight: 400;\">Ngo\u00e0i nh\u1eefng \u01b0u \u0111i\u1ec3m t\u1ee7 b\u1ebfp nh\u00f4m c\u00e1nh Acrylic c\u0169ng c\u00f3 m\u1ed9t s\u1ed1 nh\u01b0\u1ee3c \u0111i\u1ec3m:\u00a0<\/span>G\u00eda th\u00e0nh cao h\u01a1n so v\u1edbi t\u1ee7 b\u1ebfp th\u00f4ng th\u01b0\u1eddng.<\/p>\n<h2 style=\"text-align: justify;\"><strong>3. C\u1ea5u t\u1ea1o c\u1ee7a t\u1ee7 b\u1ebfp nh\u00f4m c\u00e1nh Acrylic<\/strong><\/h2>\n<p data-start=\"44\" data-end=\"178\">T\u1ee7 b\u1ebfp nh\u00f4m c\u00e1nh Acrylic s\u1edf h\u1eefu thi\u1ebft k\u1ebf hi\u1ec7n \u0111\u1ea1i, k\u1ebft c\u1ea5u v\u1eefng ch\u1eafc v\u00e0 \u0111\u1ed9 b\u1ec1n v\u01b0\u1ee3t tr\u1ed9i. D\u01b0\u1edbi \u0111\u00e2y l\u00e0 chi ti\u1ebft c\u1ea5u t\u1ea1o c\u1ee7a s\u1ea3n ph\u1ea9m:<\/p>\n<h4 data-start=\"180\" data-end=\"206\"><strong data-start=\"185\" data-end=\"204\">Khung t\u1ee7 b\u1ebfp<br \/>\n<img loading=\"lazy\" decoding=\"async\" class=\"aligncenter wp-image-2878 size-full\" src=\"https:\/\/nhatnam.org\/wp-content\/uploads\/2024\/12\/image2-3.jpg\" alt=\"\" width=\"800\" height=\"533\" \/><br \/>\n<\/strong><\/h4>\n<ul data-start=\"207\" data-end=\"561\">\n<li data-start=\"207\" data-end=\"274\">S\u1eed d\u1ee5ng khung nh\u00f4m h\u1ec7 700 ho\u1eb7c h\u1ec7 1000, \u0111\u1ea3m b\u1ea3o \u0111\u1ed9 b\u1ec1n cao.<\/li>\n<li data-start=\"275\" data-end=\"429\">Kh\u00e1ch h\u00e0ng c\u00f3 th\u1ec3 l\u1ef1a ch\u1ecdn c\u00e1c d\u00f2ng cao c\u1ea5p h\u01a1n nh\u01b0 khung nh\u00f4m Xingfa, khung h\u1ee3p kim nh\u00f4m, khung nh\u00f4m n\u1ed9i th\u1ea5t, gi\u00fap t\u0103ng \u0111\u1ed9 ch\u1eafc ch\u1eafn v\u00e0 th\u1ea9m m\u1ef9.<\/li>\n<\/ul>\n<h4 data-start=\"563\" data-end=\"585\"><strong data-start=\"568\" data-end=\"583\">Th\u00f9ng t\u1ee7<\/strong><\/h4>\n<figure id=\"attachment_3317\" aria-describedby=\"caption-attachment-3317\" style=\"width: 1280px\" class=\"wp-caption aligncenter\"><img loading=\"lazy\" decoding=\"async\" class=\"wp-image-3317 size-full\" src=\"https:\/\/nhatnam.org\/wp-content\/uploads\/2024\/12\/tu-bep-inox-Nhat-Nam-11-1.jpg\" alt=\"T\u1ee7 B\u1ebfp Nh\u00f4m C\u00e1nh Acrylic\" width=\"1280\" height=\"960\" \/><figcaption id=\"caption-attachment-3317\" class=\"wp-caption-text\">Khung, th\u00f9ng t\u1ee7 thi\u1ebft k\u1ebf theo h\u1ec7 module<\/figcaption><\/figure>\n<ul data-start=\"586\" data-end=\"901\">\n<li data-start=\"586\" data-end=\"712\">L\u00e0m t\u1eeb nh\u00f4m t\u1ea5m d\u00e0y 1mm (so v\u1edbi \u0111\u1ed9 d\u00e0y ph\u1ed5 bi\u1ebfn 0,75mm tr\u00ean th\u1ecb tr\u01b0\u1eddng), gi\u00fap t\u1ee7 nh\u1eb9 h\u01a1n nh\u01b0ng v\u1eabn \u0111\u1ea3m b\u1ea3o \u0111\u1ed9 b\u1ec1n cao.<\/li>\n<li data-start=\"713\" data-end=\"794\">Tr\u1ecdng l\u01b0\u1ee3ng si\u00eau nh\u1eb9, l\u00fd t\u01b0\u1edfng cho c\u00e1c kh\u00f4ng gian b\u1ebfp c\u00f3 thi\u1ebft k\u1ebf treo t\u01b0\u1eddng.<\/li>\n<li data-start=\"795\" data-end=\"901\">Ch\u1ed1ng n\u01b0\u1edbc, ch\u1ed1ng m\u1ed1i m\u1ecdt, ch\u1ed1ng cong v\u00eanh tuy\u1ec7t \u0111\u1ed1i, ph\u00f9 h\u1ee3p v\u1edbi m\u00f4i tr\u01b0\u1eddng \u1ea9m \u01b0\u1edbt c\u1ee7a ph\u00f2ng b\u1ebfp.<\/li>\n<\/ul>\n<h4 data-start=\"903\" data-end=\"932\"><strong data-start=\"908\" data-end=\"930\">C\u00e1nh t\u1ee7 Acrylic<\/strong><\/h4>\n<ul data-start=\"933\" data-end=\"1396\">\n<li data-start=\"933\" data-end=\"1149\">C\u00f3 hai t\u00f9y ch\u1ecdn ch\u1ea5t li\u1ec7u:\n<ul data-start=\"966\" data-end=\"1149\">\n<li data-start=\"966\" data-end=\"1044\">G\u1ed7 MDF l\u00f5i xanh ph\u1ee7 Acrylic \u2013 b\u1ec1n \u0111\u1eb9p, h\u1ea1n ch\u1ebf cong v\u00eanh, ch\u1ecbu \u1ea9m t\u1ed1t.<\/li>\n<li data-start=\"1047\" data-end=\"1149\">Nh\u1ef1a Picomat ph\u1ee7 Acrylic \u2013 kh\u1ea3 n\u0103ng ch\u1ed1ng n\u01b0\u1edbc tuy\u1ec7t \u0111\u1ed1i, ph\u00f9 h\u1ee3p v\u1edbi m\u00f4i tr\u01b0\u1eddng c\u00f3 \u0111\u1ed9 \u1ea9m cao.<\/li>\n<\/ul>\n<\/li>\n<li data-start=\"1150\" data-end=\"1255\">B\u1ec1 m\u1eb7t Acrylic b\u00f3ng g\u01b0\u01a1ng mang \u0111\u1ebfn v\u1ebb \u0111\u1eb9p sang tr\u1ecdng, d\u1ec5 d\u00e0ng lau ch\u00f9i, gi\u1eef cho t\u1ee7 lu\u00f4n s\u00e1ng m\u1edbi.<\/li>\n<li data-start=\"1256\" data-end=\"1396\">B\u1ea3ng m\u00e0u \u0111a d\u1ea1ng v\u1edbi h\u01a1n 100 m\u00e0u s\u1eafc, t\u1eeb m\u00e0u tr\u01a1n \u0111\u1ebfn v\u00e2n g\u1ed7 tinh t\u1ebf, ph\u00f9 h\u1ee3p v\u1edbi m\u1ecdi phong c\u00e1ch n\u1ed9i th\u1ea5t v\u00e0 phong th\u1ee7y gia ch\u1ee7.<\/li>\n<\/ul>\n<h4 data-start=\"1398\" data-end=\"1427\"><strong data-start=\"1403\" data-end=\"1425\">Ph\u1ee5 ki\u1ec7n t\u1ee7 b\u1ebfp<\/strong><\/h4>\n<ul data-start=\"1428\" data-end=\"1598\">\n<li data-start=\"1428\" data-end=\"1515\">G\u1ed3m b\u1ea3n l\u1ec1, tay n\u00e2ng, bas treo, c\u00e1c chi ti\u1ebft gh\u00e9p n\u1ed1i gi\u00fap ho\u00e0n thi\u1ec7n s\u1ea3n ph\u1ea9m.<\/li>\n<li data-start=\"1516\" data-end=\"1598\">S\u1eed d\u1ee5ng ph\u1ee5 ki\u1ec7n cao c\u1ea5p, \u0111\u1ea3m b\u1ea3o \u0111\u1ed9 b\u1ec1n v\u00e0 ti\u1ec7n d\u1ee5ng trong qu\u00e1 tr\u00ecnh s\u1eed d\u1ee5ng<\/li>\n<\/ul>\n<h2 style=\"text-align: justify;\"><strong>4. Ma\u0300u s\u0103\u0301c t\u1ee7 b\u1ebfp nh\u00f4m c\u00e1nh Acrylic ph\u00f4\u0309 bi\u00ea\u0301n<\/strong><\/h2>\n<h2 style=\"text-align: justify;\"><strong><img loading=\"lazy\" decoding=\"async\" class=\"aligncenter wp-image-4361 size-full\" src=\"https:\/\/nhatnam.org\/wp-content\/uploads\/2024\/12\/c7ae18c7-0d1f-44fb-89d2-2b9ea9d11357.jpg\" alt=\"\" width=\"1280\" height=\"720\" \/><\/strong><\/h2>\n<p style=\"text-align: justify;\"><span style=\"font-weight: 400;\">T\u1ee7 b\u1ebfp nh\u00f4m c\u00e1nh Acrylic cung c\u1ea5p s\u1ef1 \u0111a d\u1ea1ng m\u00e0u s\u1eafc, gi\u00fap b\u1ea1n d\u1ec5 d\u00e0ng l\u1ef1a ch\u1ecdn phong c\u00e1ch b\u1ebfp c\u1ee7a m\u00ecnh. C\u00e1c m\u00e0u ph\u1ed5 bi\u1ebfn nh\u01b0 Tr\u1eafng, X\u00e1m, \u0110en, Xanh, v\u00e0 H\u1ed3ng \u0111\u1ec1u l\u00e0 s\u1ef1 l\u1ef1a ch\u1ecdn \u0111\u01b0\u1ee3c \u01b0a chu\u1ed9ng hi\u1ec7n nay.<\/span><\/p>\n<p style=\"text-align: justify;\"><span style=\"font-weight: 400;\">Nh\u1eefng m\u00e0u s\u1eafc n\u00e0y kh\u00f4ng ch\u1ec9 l\u00e0m cho t\u1ee7 b\u1ebfp tr\u1edf n\u00ean n\u1ed5i b\u1eadt v\u00e0 thu h\u00fat s\u1ef1 ch\u00fa \u00fd, m\u00e0 c\u00f2n gi\u00fap t\u1ea1o ra m\u1ed9t kh\u00f4ng gian b\u1ebfp \u1ea5m \u00e1p v\u00e0 th\u00fa v\u1ecb. Khi ch\u1ecdn m\u00e0u s\u1eafc, b\u1ea1n n\u00ean c\u00e2n nh\u1eafc d\u1ef1a tr\u00ean phong c\u00e1ch c\u00e1 nh\u00e2n v\u00e0 y\u1ebfu t\u1ed1 phong th\u1ee7y \u0111\u1ec3 t\u1ea1o ra m\u1ed9t kh\u00f4ng gian b\u1ebfp ho\u00e0n h\u1ea3o nh\u1ea5t.<\/span><\/p>\n<h2 style=\"text-align: justify;\"><strong>5. B\u00e1o gi\u00e1 t\u1ee7 b\u1ebfp nh\u00f4m acrylic gi\u00e1 t\u1ed1t n\u0103m 2024 t\u1ea1i Nh\u1ea5t Nam<\/strong><\/h2>\n<figure id=\"attachment_4292\" aria-describedby=\"caption-attachment-4292\" style=\"width: 1280px\" class=\"wp-caption aligncenter\"><img loading=\"lazy\" decoding=\"async\" class=\"wp-image-4292\" src=\"https:\/\/nhatnam.org\/wp-content\/uploads\/2025\/02\/tu_bep_inox16-300x225.jpg\" alt=\" \u00a0 \" width=\"1280\" height=\"960\" \/><figcaption id=\"caption-attachment-4292\" class=\"wp-caption-text\">Nh\u1ea5t Nam &#8211; \u0110\u01a1n v\u1ecb chuy\u00ean thi\u1ebft k\u1ebf t\u1ee7 b\u1ebfp nh\u00f4m c\u00e1nh Acrylic uy t\u00edn<\/figcaption><\/figure>\n<p style=\"text-align: justify;\">Gi\u00e1 t\u1ee7 b\u1ebfp nh\u00f4m ph\u1ee7 acrylic c\u00f3 th\u1ec3 thay \u0111\u1ed5i t\u00f9y thu\u1ed9c v\u00e0o c\u00e1c y\u1ebfu t\u1ed1 nh\u01b0 k\u00edch th\u01b0\u1edbc, thi\u1ebft k\u1ebf, ch\u1ea5t li\u1ec7u, th\u01b0\u01a1ng hi\u1ec7u v\u00e0 \u0111\u01a1n v\u1ecb thi c\u00f4ng. \u0110\u1ec3 nh\u1eadn b\u00e1o gi\u00e1 chi ti\u1ebft v\u00e0 ch\u00ednh x\u00e1c, h\u00e3y li\u00ean h\u1ec7 v\u1edbi N\u1ed9i th\u1ea5t Nh\u1ea5t Nam \u2013 \u0111\u01a1n v\u1ecb uy t\u00edn trong thi\u1ebft k\u1ebf v\u00e0 thi c\u00f4ng t\u1ee7 b\u1ebfp. Ch\u00fang t\u00f4i cam k\u1ebft t\u01b0 v\u1ea5n t\u1eadn t\u00e2m, \u0111\u01b0a ra gi\u1ea3i ph\u00e1p ph\u00f9 h\u1ee3p v\u1edbi nhu c\u1ea7u c\u1ee7a b\u1ea1n, \u0111\u1ea3m b\u1ea3o ch\u1ea5t l\u01b0\u1ee3ng v\u01b0\u1ee3t tr\u1ed9i v\u00e0 t\u1ed1i \u01b0u chi ph\u00ed cho kh\u00e1ch h\u00e0ng.<\/p>\n<h2 style=\"text-align: justify;\"><strong>6. M\u1ed9t s\u1ed1 m\u1eabu t\u1ee7 b\u1ebfp khung nh\u00f4m c\u00e1nh Acrylic \u0111\u1eb9p t\u1ea1i Nh\u1ea5t Nam<\/strong><\/h2>\n<p><img loading=\"lazy\" decoding=\"async\" class=\"aligncenter wp-image-2202 size-full\" src=\"https:\/\/nhatnam.org\/wp-content\/uploads\/2024\/12\/Tu-bep-inox-canh-kinh-nhat-nam-23.jpg\" alt=\"\" width=\"1200\" height=\"630\" \/><\/p>\n<p style=\"text-align: justify;\"><strong><img loading=\"lazy\" decoding=\"async\" class=\"aligncenter wp-image-4360 size-full\" src=\"https:\/\/nhatnam.org\/wp-content\/uploads\/2024\/12\/096afba2-f7a3-4398-bac7-1fb33d56886f.jpg\" alt=\" \u00a0 \" width=\"1280\" height=\"720\" \/> \u00a0<\/strong><strong><img loading=\"lazy\" decoding=\"async\" class=\"aligncenter wp-image-4362\" src=\"https:\/\/nhatnam.org\/wp-content\/uploads\/2024\/12\/tu_bep_acrylic04-300x169.jpg\" alt=\"\" width=\"1280\" height=\"720\" \/> <\/strong><\/p>\n<p style=\"text-align: justify;\"><strong><img loading=\"lazy\" decoding=\"async\" class=\"aligncenter wp-image-4363 size-full\" src=\"https:\/\/nhatnam.org\/wp-content\/uploads\/2024\/12\/tu_bep_acrylic06.jpg\" alt=\"\" width=\"1280\" height=\"720\" \/> <\/strong><\/p>\n<p style=\"text-align: justify;\"><strong><img loading=\"lazy\" decoding=\"async\" class=\"aligncenter wp-image-4364 size-full\" src=\"https:\/\/nhatnam.org\/wp-content\/uploads\/2024\/12\/tu_bep_acrylic07.jpg\" alt=\"\" width=\"1280\" height=\"720\" \/> <\/strong><\/p>\n<p style=\"text-align: justify;\"><strong><img loading=\"lazy\" decoding=\"async\" class=\"aligncenter wp-image-4365 size-full\" src=\"https:\/\/nhatnam.org\/wp-content\/uploads\/2024\/12\/tu_bep_acrylic08.jpg\" alt=\"\" width=\"1280\" height=\"720\" \/><\/strong><\/p>\n","protected":false},"excerpt":{"rendered":"<p style=\"text-align: justify;\"><span style=\"font-weight: 400;\">T\u1ee7 b\u1ebfp nh\u00f4m c\u00e1nh Acrylic l\u00e0 s\u1ef1 l\u1ef1a ch\u1ecdn \u0111\u00e1ng ch\u00fa \u00fd \u0111\u01b0\u1ee3c nhi\u1ec1u gia \u0111\u00ecnh quan t\u00e2m hi\u1ec7n nay. V\u1edbi v\u1eadt li\u1ec7u nh\u00f4m c\u00e1nh \u0111\u01b0\u1ee3c ph\u1ee7 l\u1edbp Acrylic, s\u1ea3n ph\u1ea9m n\u00e0y kh\u00f4ng ch\u1ec9 mang l\u1ea1i \u0111\u1ed9 b\u1ec1n cao, kh\u1ea3 n\u0103ng ch\u1ed1ng tr\u1ea7y x\u01b0\u1edbc t\u1ed1t m\u00e0 c\u00f2n c\u00f3 s\u1ef1 \u0111a d\u1ea1ng v\u1ec1 m\u00e0u s\u1eafc ph\u00f9 h\u1ee3p v\u1edbi m\u1ecdi kh\u00f4ng gian n\u1ed9i th\u1ea5t. <\/span><\/p>\n<p style=\"text-align: justify;\"><span style=\"font-weight: 400;\">\u0110\u1ec3 hi\u1ec3u r\u00f5 h\u01a1n v\u1ec1 \u0111\u1eb7c \u0111i\u1ec3m c\u1ee7a t\u1ee7 b\u1ebfp nh\u00f4m Acrylic c\u00f9ng N\u1ed9i Th\u1ea5t Nh\u1ea5t Nam t\u00ecm hi\u1ec3u qua b\u00e0i vi\u1ebft d\u01b0\u1edbi \u0111\u00e2y nh\u00e9.<\/span><\/p>\n","protected":false},"featured_media":1224,"comment_status":"open","ping_status":"closed","template":"","meta":{"_acf_changed":false,"_gspb_post_css":""},"book-author":[],"product_brand":[],"product_cat":[113,115,116],"product_tag":[],"class_list":{"0":"post-1334","1":"product","2":"type-product","3":"status-publish","4":"has-post-thumbnail","6":"product_cat-tu-bep-nhom","7":"product_cat-tu-bep-nhom-hop-kim","8":"product_cat-tu-bep-nhom-kinh","10":"first","11":"instock","12":"shipping-taxable","13":"product-type-simple"},"acf":[],"_links":{"self":[{"href":"https:\/\/nhatnam.libion.me\/index.php\/wp-json\/wp\/v2\/product\/1334","targetHints":{"allow":["GET"]}}],"collection":[{"href":"https:\/\/nhatnam.libion.me\/index.php\/wp-json\/wp\/v2\/product"}],"about":[{"href":"https:\/\/nhatnam.libion.me\/index.php\/wp-json\/wp\/v2\/types\/product"}],"replies":[{"embeddable":true,"href":"https:\/\/nhatnam.libion.me\/index.php\/wp-json\/wp\/v2\/comments?post=1334"}],"wp:featuredmedia":[{"embeddable":true,"href":"https:\/\/nhatnam.libion.me\/index.php\/wp-json\/wp\/v2\/media\/1224"}],"wp:attachment":[{"href":"https:\/\/nhatnam.libion.me\/index.php\/wp-json\/wp\/v2\/media?parent=1334"}],"wp:term":[{"taxonomy":"book-author","embeddable":true,"href":"https:\/\/nhatnam.libion.me\/index.php\/wp-json\/wp\/v2\/book-author?post=1334"},{"taxonomy":"product_brand","embeddable":true,"href":"https:\/\/nhatnam.libion.me\/index.php\/wp-json\/wp\/v2\/product_brand?post=1334"},{"taxonomy":"product_cat","embeddable":true,"href":"https:\/\/nhatnam.libion.me\/index.php\/wp-json\/wp\/v2\/product_cat?post=1334"},{"taxonomy":"product_tag","embeddable":true,"href":"https:\/\/nhatnam.libion.me\/index.php\/wp-json\/wp\/v2\/product_tag?post=1334"}],"curies":[{"name":"wp","href":"https:\/\/api.w.org\/{rel}","templated":true}]}}