{"id":1332,"date":"2026-04-07T10:05:41","date_gmt":"2026-04-07T10:05:41","guid":{"rendered":"https:\/\/nhatnam.libion.me\/index.php\/product\/tu-bep-mini\/"},"modified":"2026-04-07T10:05:53","modified_gmt":"2026-04-07T10:05:53","slug":"tu-bep-mini","status":"publish","type":"product","link":"https:\/\/nhatnam.libion.me\/product\/tu-bep-mini\/","title":{"rendered":"T\u1ee7 B\u1ebfp Mini"},"content":{"rendered":"<p style=\"text-align: justify;\"><span style=\"font-weight: 400;\">V\u1edbi nh\u1eefng c\u0103n nh\u00e0 ho\u1eb7c c\u0103n h\u1ed9 c\u00f3 di\u1ec7n t\u00edch nh\u1ecf, vi\u1ec7c ch\u1ecdn l\u1ef1a t\u1ee7 b\u1ebfp mini \u0111\u01b0\u1ee3c coi l\u00e0 m\u1ed9t ph\u01b0\u01a1ng \u00e1n l\u00fd t\u01b0\u1edfng, kh\u00f4ng ch\u1ec9 \u0111\u1ea3m b\u1ea3o \u0111\u1ea7y \u0111\u1ee7 c\u00e1c ch\u1ee9c n\u0103ng c\u1ea7n thi\u1ebft m\u00e0 c\u00f2n gi\u00fap t\u1ed1i \u01b0u h\u00f3a kh\u00f4ng gian s\u1eed d\u1ee5ng. T\u1ee7 b\u1ebfp mini kh\u00f4ng ch\u1ec9 l\u00e0m cho c\u0103n b\u1ebfp tr\u1edf n\u00ean ti\u1ec7n nghi m\u00e0 c\u00f2n t\u1ea1o ra m\u1ed9t kh\u00f4ng gian ti\u1ec7n nghi v\u00e0 tho\u1ea3i m\u00e1i cho ng\u01b0\u1eddi s\u1eed d\u1ee5ng.<\/span><\/p>\n<h2 style=\"text-align: justify;\"><strong>1. V\u00e0i n\u00e9t v\u1ec1 t\u1ee7 b\u1ebfp mini<\/strong><\/h2>\n<p><img loading=\"lazy\" decoding=\"async\" class=\"aligncenter wp-image-3069\" src=\"https:\/\/nhatnam.org\/wp-content\/uploads\/2024\/12\/tu-bep-mini-5-300x280.jpg\" alt=\"T\u1ee7 b\u1ebfp mini\" width=\"1000\" height=\"935\" \/><\/p>\n<p style=\"text-align: justify;\"><span style=\"font-weight: 400;\">T\u1ee7 b\u1ebfp mini l\u00e0 m\u1ed9t d\u1ea1ng t\u1ee7 b\u1ebfp nh\u1ecf g\u1ecdn, \u0111\u01b0\u1ee3c thi\u1ebft k\u1ebf \u0111\u1eb7c bi\u1ec7t cho c\u00e1c kh\u00f4ng gian b\u1ebfp nh\u1ecf, ph\u00f2ng kh\u00e1ch hay ph\u00f2ng \u0103n c\u00f3 di\u1ec7n t\u00edch h\u1ea1n ch\u1ebf. Ch\u00fang th\u01b0\u1eddng c\u00f3 k\u00edch th\u01b0\u1edbc chi\u1ec1u cao t\u1eeb 1,2m \u0111\u1ebfn 1,5m v\u00e0 chi\u1ec1u r\u1ed9ng dao \u0111\u1ed9ng t\u1eeb 60cm \u0111\u1ebfn 90cm. \u0110i\u1ec1u n\u00e0y gi\u00fap t\u1ed1i \u01b0u h\u00f3a kh\u00f4ng gian v\u00e0 mang l\u1ea1i s\u1ef1 ti\u1ec7n \u00edch cho ng\u01b0\u1eddi s\u1eed d\u1ee5ng.<\/span><\/p>\n<h2 style=\"text-align: justify;\"><strong>2. Ch\u1ea5t li\u1ec7u ph\u1ed5 bi\u1ebfn l\u00e0m t\u1ee7 b\u1ebfp mini<\/strong><\/h2>\n<p><img loading=\"lazy\" decoding=\"async\" class=\"aligncenter wp-image-3068\" src=\"https:\/\/nhatnam.org\/wp-content\/uploads\/2024\/12\/tu-bep-mini-4-300x300.jpg\" alt=\"T\u1ee7 b\u1ebfp mini\" width=\"1000\" height=\"1000\" \/><\/p>\n<p style=\"text-align: justify;\"><span style=\"font-weight: 400;\">D\u01b0\u1edbi \u0111\u00e2y l\u00e0 m\u1ed9t s\u1ed1 ch\u1ea5t li\u1ec7u ph\u1ed5 bi\u1ebfn \u0111\u01b0\u1ee3c s\u1eed d\u1ee5ng \u0111\u1ec3 l\u00e0m t\u1ee7 b\u1ebfp mini<\/span><\/p>\n<ul style=\"text-align: justify;\">\n<li style=\"font-weight: 400;\" aria-level=\"1\"><span style=\"font-weight: 400;\">G\u1ed7 T\u1ef1 Nhi\u00ean: G\u1ed7 t\u1ef1 nhi\u00ean l\u00e0 l\u1ef1a ch\u1ecdn ph\u1ed5 bi\u1ebfn nh\u1edd t\u00ednh b\u1ec1n v\u00e0 \u0111\u1eb9p t\u1ef1 nhi\u00ean. G\u1ed7 c\u00f3 th\u1ec3 \u0111\u01b0\u1ee3c s\u01a1n ho\u1eb7c ph\u1ee7 l\u1edbp ch\u1ed1ng tr\u1ea7y x\u01b0\u1edbc \u0111\u1ec3 t\u0103ng \u0111\u1ed9 b\u1ec1n v\u00e0 th\u1ea9m m\u1ef9 cho t\u1ee7 b\u1ebfp mini.<\/span><\/li>\n<li style=\"font-weight: 400;\" aria-level=\"1\"><span style=\"font-weight: 400;\">MDF (Medium Density Fiberboard): Ch\u1ea5t li\u1ec7u n\u00e0y th\u01b0\u1eddng \u0111\u01b0\u1ee3c s\u1eed d\u1ee5ng cho c\u00e1c m\u1eb7t t\u1ee7 v\u00e0 ng\u0103n k\u00e9o. MDF c\u00f3 \u0111\u1ed9 b\u1ec1n cao v\u00e0 d\u1ec5 d\u00e0ng gia c\u00f4ng th\u00e0nh c\u00e1c ki\u1ec3u d\u00e1ng v\u00e0 m\u1eabu m\u00e3 \u0111a d\u1ea1ng.<\/span><\/li>\n<li style=\"font-weight: 400;\" aria-level=\"1\"><span style=\"font-weight: 400;\">Inox: Inox l\u00e0 s\u1ef1 l\u1ef1a ch\u1ecdn v\u1eefng ch\u1eafc, d\u1ec5 v\u1ec7 sinh v\u00e0 kh\u00f4ng b\u1ecb \u1ea3nh h\u01b0\u1edfng b\u1edfi \u0111i\u1ec1u ki\u1ec7n m\u00f4i tr\u01b0\u1eddng. Tuy nhi\u00ean, t\u1ee7 b\u1ebfp inox c\u00f3 \u00edt m\u1eabu m\u00e3 v\u00e0 ki\u1ec3u d\u00e1ng so v\u1edbi c\u00e1c ch\u1ea5t li\u1ec7u kh\u00e1c.<\/span><\/li>\n<li style=\"font-weight: 400;\" aria-level=\"1\"><span style=\"font-weight: 400;\">Nh\u1ef1a PVC: Nh\u1ef1a PVC \u0111\u01b0\u1ee3c \u01b0a chu\u1ed9ng v\u00ec kh\u1ea3 n\u0103ng ch\u1ed1ng n\u01b0\u1edbc v\u00e0 d\u1ec5 d\u00e0ng v\u1ec7 sinh. \u0110\u1ed3ng th\u1eddi, n\u00f3 c\u0169ng linh ho\u1ea1t trong vi\u1ec7c t\u1ea1o ra nhi\u1ec1u ki\u1ec3u d\u00e1ng v\u00e0 m\u00e0u s\u1eafc cho t\u1ee7 b\u1ebfp mini.<\/span><\/li>\n<li style=\"font-weight: 400;\" aria-level=\"1\"><span style=\"font-weight: 400;\">Nh\u00f4m K\u00ednh: S\u1ef1 k\u1ebft h\u1ee3p gi\u1eefa khung nh\u00f4m v\u00e0 k\u00ednh t\u1ea1o ra s\u1ea3n ph\u1ea9m nh\u1eb9 v\u00e0 \u0111\u1eb9p m\u1eaft. Nh\u00f4m k\u00ednh c\u00f3 \u0111\u1ed9 b\u1ec1n cao, ch\u1ed1ng va \u0111\u1eadp v\u00e0 tr\u1ea7y x\u01b0\u1edbc, \u0111\u1ed3ng th\u1eddi d\u1ec5 d\u00e0ng v\u1ec7 sinh v\u00e0 c\u00f3 th\u1ec3 t\u1ea1o ra nhi\u1ec1u ki\u1ec3u d\u00e1ng ph\u00f9 h\u1ee3p v\u1edbi phong c\u00e1ch thi\u1ebft k\u1ebf n\u1ed9i th\u1ea5t.\u00a0<\/span><\/li>\n<\/ul>\n<h2 style=\"text-align: justify;\"><strong>3. T\u1ea1i sao n\u00ean ch\u1ecdn t\u1ee7 b\u1ebfp mini cho nh\u00e0 c\u00f3 di\u1ec7n t\u00edch nh\u1ecf?<\/strong><\/h2>\n<p><img loading=\"lazy\" decoding=\"async\" class=\"aligncenter wp-image-3062\" src=\"https:\/\/nhatnam.org\/wp-content\/uploads\/2024\/12\/3-4-300x240.jpg\" alt=\"T\u1ee7 b\u1ebfp mini\" width=\"1000\" height=\"800\" \/><\/p>\n<p style=\"text-align: justify;\"><span style=\"font-weight: 400;\">T\u1ee7 b\u1ebfp mini l\u00e0 s\u1ef1 l\u1ef1a ch\u1ecdn l\u00fd t\u01b0\u1edfng cho c\u00e1c kh\u00f4ng gian nh\u1ecf nh\u01b0 c\u0103n h\u1ed9, chung c\u01b0 ho\u1eb7c ph\u00f2ng b\u1ebfp c\u00f3 di\u1ec7n t\u00edch h\u1ea1n ch\u1ebf. V\u1edbi thi\u1ebft k\u1ebf nh\u1ecf g\u1ecdn v\u00e0 ti\u1ec7n \u00edch, t\u1ee7 b\u1ebfp mini mang l\u1ea1i nhi\u1ec1u \u01b0u \u0111i\u1ec3m:<\/span><\/p>\n<ul style=\"text-align: justify;\">\n<li style=\"font-weight: 400;\" aria-level=\"1\"><span style=\"font-weight: 400;\">T\u1ed1i \u01b0u kh\u00f4ng gian: T\u1ee7 b\u1ebfp mini v\u1edbi k\u00edch th\u01b0\u1edbc th\u01b0\u1eddng nh\u1ecf h\u01a1n so v\u1edbi t\u1ee7 b\u1ebfp th\u00f4ng th\u01b0\u1eddng n\u00ean t\u1eadn d\u1ee5ng \u0111\u01b0\u1ee3c t\u1ed1i \u0111a kh\u00f4ng gian, l\u00e0 s\u1ef1 l\u1ef1a ch\u1ecdn l\u00fd t\u01b0\u1edfng cho c\u00e1c kh\u00f4ng gian b\u1ebfp c\u00f3 di\u1ec7n t\u00edch h\u1ea1n ch\u1ebf.<\/span><\/li>\n<li style=\"font-weight: 400;\" aria-level=\"1\"><span style=\"font-weight: 400;\">Ti\u1ec7n \u00edch: M\u1eb7c k\u00edch th\u01b0\u1edbc nh\u1ecf, t\u1ee7 b\u1ebfp mini v\u1eabn cung c\u1ea5p \u0111\u1ee7 kh\u00f4ng gian l\u01b0u tr\u1eef cho c\u00e1c v\u1eadt d\u1ee5ng b\u1ebfp c\u1ea7n thi\u1ebft nh\u01b0 ch\u00e9n b\u00e1t, n\u1ed3i ch\u1ea3o, gia v\u1ecb, v\u00e0 c\u00e1c \u0111\u1ed3 d\u00f9ng kh\u00e1c.<\/span><\/li>\n<li style=\"font-weight: 400;\" aria-level=\"1\"><span style=\"font-weight: 400;\">D\u1ec5 d\u00e0ng l\u1eafp \u0111\u1eb7t v\u00e0 di chuy\u1ec3n: T\u1ee7 b\u1ebfp mini d\u1ec5 d\u00e0ng l\u1eafp \u0111\u1eb7t c\u0169ng nh\u01b0 di chuy\u1ec3n khi d\u1ecdn nh\u00e0 m\u00e0 kh\u00f4ng t\u1ed1n qu\u00e1 nhi\u1ec1u c\u00f4ng s\u1ee9c v\u00e0 k\u1ef9 thu\u1eadt chuy\u00ean m\u00f4n.<\/span><\/li>\n<li style=\"font-weight: 400;\" aria-level=\"1\"><span style=\"font-weight: 400;\">Ti\u1ebft ki\u1ec7m chi ph\u00ed: M\u1eb7c k\u00edch th\u01b0\u1edbc nh\u1ecf, t\u1ee7 b\u1ebfp mini v\u1eabn cung c\u1ea5p \u0111\u1ee7 kh\u00f4ng gian l\u01b0u tr\u1eef cho c\u00e1c v\u1eadt d\u1ee5ng b\u1ebfp c\u1ea7n thi\u1ebft nh\u01b0 ch\u00e9n b\u00e1t, n\u1ed3i ch\u1ea3o, gia v\u1ecb, v\u00e0 c\u00e1c \u0111\u1ed3 d\u00f9ng kh\u00e1c.<\/span><\/li>\n<li style=\"font-weight: 400;\" aria-level=\"1\"><span style=\"font-weight: 400;\">Th\u1ea9m m\u1ef9: V\u1edbi nhi\u1ec1u ki\u1ec3u d\u00e1ng, m\u00e0u s\u1eafc v\u00e0 ch\u1ea5t li\u1ec7u kh\u00e1c nhau, t\u1ee7 b\u1ebfp mini kh\u00f4ng ch\u1ec9 ti\u1ebft ki\u1ec7m kh\u00f4ng gian m\u00e0 c\u00f2n t\u1ea1o \u0111i\u1ec3m nh\u1ea5n trang nh\u00e3 cho kh\u00f4ng gian b\u1ebfp.<\/span><\/li>\n<\/ul>\n<h2 style=\"text-align: justify;\"><strong>4. L\u01b0u \u00fd khi ch\u1ecdn t\u1ee7 b\u1ebfp mini cho kh\u00f4ng gian nh\u1ecf<\/strong><\/h2>\n<p><img loading=\"lazy\" decoding=\"async\" class=\"aligncenter wp-image-3061\" src=\"https:\/\/nhatnam.org\/wp-content\/uploads\/2024\/12\/2-4-300x240.jpg\" alt=\"T\u1ee7 b\u1ebfp mini\" width=\"1000\" height=\"800\" \/><\/p>\n<ul style=\"text-align: justify;\">\n<li style=\"font-weight: 400;\" aria-level=\"1\"><span style=\"font-weight: 400;\">\u0110o k\u00edch th\u01b0\u1edbc k\u1ef9 l\u01b0\u1ee1ng v\u00e0 ch\u1ecdn t\u1ee7 v\u1eeba v\u1eb7n v\u1edbi kh\u00f4ng gian, tr\u00e1nh l\u00e3ng ph\u00ed di\u1ec7n t\u00edch.<\/span><\/li>\n<li style=\"font-weight: 400;\" aria-level=\"1\"><span style=\"font-weight: 400;\">Ch\u1ecdn m\u00e0u s\u1eafc ph\u1ed1i h\u1ee3p t\u1ea1o c\u1ea3m gi\u00e1c r\u1ed9ng r\u00e3i, \u01b0u ti\u00ean c\u00e1c t\u00f4ng m\u00e0u s\u00e1ng.<\/span><\/li>\n<li style=\"font-weight: 400;\" aria-level=\"1\"><span style=\"font-weight: 400;\">Ch\u1ecdn t\u1ee7 c\u00f3 \u0111\u1ee7 ng\u0103n k\u00e9o v\u00e0 k\u1ec7 \u0111\u1ec3 t\u1ed1i \u01b0u h\u00f3a kh\u00f4ng gian l\u01b0u tr\u1eef.<\/span><\/li>\n<li style=\"font-weight: 400;\" aria-level=\"1\"><span style=\"font-weight: 400;\">Ch\u1ecdn ch\u1ea5t li\u1ec7u b\u1ec1n \u0111\u1eb9p v\u00e0 d\u1ec5 v\u1ec7 sinh, ph\u00f9 h\u1ee3p v\u1edbi phong c\u00e1ch thi\u1ebft k\u1ebf.<\/span><\/li>\n<li style=\"font-weight: 400;\" aria-level=\"1\"><span style=\"font-weight: 400;\">X\u00e1c \u0111\u1ecbnh ng\u00e2n s\u00e1ch v\u00e0 ch\u1ecdn s\u1ea3n ph\u1ea9m c\u00f3 gi\u00e1 ph\u00f9 h\u1ee3p, tr\u00e1nh l\u1ef1a ch\u1ecdn qu\u00e1 r\u1ebb c\u00f3 th\u1ec3 \u1ea3nh h\u01b0\u1edfng \u0111\u1ebfn ch\u1ea5t l\u01b0\u1ee3ng.<\/span><\/li>\n<\/ul>\n<h2 style=\"text-align: justify;\"><strong>5. M\u1ed9t s\u1ed1 m\u1eabu t\u1ee7 b\u1ebfp mini \u0111\u1eb9p<\/strong><\/h2>\n<figure id=\"attachment_3067\" aria-describedby=\"caption-attachment-3067\" style=\"width: 1000px\" class=\"wp-caption aligncenter\"><img loading=\"lazy\" decoding=\"async\" class=\"wp-image-3067\" src=\"https:\/\/nhatnam.org\/wp-content\/uploads\/2024\/12\/tu-bep-mini-3.jpg\" alt=\"T\u1ee7 b\u1ebfp mini\" width=\"1000\" height=\"1374\" \/><figcaption id=\"caption-attachment-3067\" class=\"wp-caption-text\">M\u1eabu t\u1ee7 b\u1ebfp mini hi\u1ec7n \u0111\u1ea1i \u0111\u1eb9p<\/figcaption><\/figure>\n<figure id=\"attachment_3066\" aria-describedby=\"caption-attachment-3066\" style=\"width: 1000px\" class=\"wp-caption aligncenter\"><img loading=\"lazy\" decoding=\"async\" class=\"wp-image-3066\" src=\"https:\/\/nhatnam.org\/wp-content\/uploads\/2024\/12\/tu-bep-mini-2-200x300.jpg\" alt=\"T\u1ee7 b\u1ebfp mini\" width=\"1000\" height=\"1502\" \/><figcaption id=\"caption-attachment-3066\" class=\"wp-caption-text\">M\u1eabu t\u1ee7 b\u1ebfp nh\u1ecf cho ph\u00f2ng tr\u1ecd<\/figcaption><\/figure>\n<figure id=\"attachment_3065\" aria-describedby=\"caption-attachment-3065\" style=\"width: 1000px\" class=\"wp-caption aligncenter\"><img loading=\"lazy\" decoding=\"async\" class=\"wp-image-3065\" src=\"https:\/\/nhatnam.org\/wp-content\/uploads\/2024\/12\/tu-bep-mini-1-300x300.jpg\" alt=\"T\u1ee7 b\u1ebfp mini\" width=\"1000\" height=\"1002\" \/><figcaption id=\"caption-attachment-3065\" class=\"wp-caption-text\">M\u1eabu t\u1ee7 b\u1ebfp mini cho c\u0103n h\u1ed9<\/figcaption><\/figure>\n<figure id=\"attachment_3064\" aria-describedby=\"caption-attachment-3064\" style=\"width: 1000px\" class=\"wp-caption aligncenter\"><img loading=\"lazy\" decoding=\"async\" class=\"wp-image-3064\" src=\"https:\/\/nhatnam.org\/wp-content\/uploads\/2024\/12\/5-2-300x240.jpg\" alt=\"T\u1ee7 b\u1ebfp mini\" width=\"1000\" height=\"800\" \/><figcaption id=\"caption-attachment-3064\" class=\"wp-caption-text\">M\u1eabu t\u1ee7 b\u1ebfp nh\u1ef1a mini<\/figcaption><\/figure>\n<figure id=\"attachment_3063\" aria-describedby=\"caption-attachment-3063\" style=\"width: 1000px\" class=\"wp-caption aligncenter\"><img loading=\"lazy\" decoding=\"async\" class=\"wp-image-3063\" src=\"https:\/\/nhatnam.org\/wp-content\/uploads\/2024\/12\/4-2-300x240.jpg\" alt=\"T\u1ee7 b\u1ebfp mini\" width=\"1000\" height=\"800\" \/><figcaption id=\"caption-attachment-3063\" class=\"wp-caption-text\">M\u1eabu t\u1ee7 b\u1ebfp mini chung c\u01b0 hot nh\u1ea5t 2024<\/figcaption><\/figure>\n<figure id=\"attachment_3060\" aria-describedby=\"caption-attachment-3060\" style=\"width: 1000px\" class=\"wp-caption aligncenter\"><img loading=\"lazy\" decoding=\"async\" class=\"wp-image-3060\" src=\"https:\/\/nhatnam.org\/wp-content\/uploads\/2024\/12\/1-4-300x240.jpg\" alt=\"T\u1ee7 b\u1ebfp mini\" width=\"1000\" height=\"800\" \/><figcaption id=\"caption-attachment-3060\" class=\"wp-caption-text\">M\u1eabu t\u1ee7 b\u1ebfp mini gi\u00e1 r\u1ebb<\/figcaption><\/figure>\n<h2>\u00a0<strong>6. B\u00e1o gi\u00e1 t\u1ee7 b\u1ebfp mini t\u1ea1i N\u1ed9i Th\u1ea5t Nh\u1ea5t Nam<\/strong><\/h2>\n<p style=\"text-align: justify;\"><span style=\"font-weight: 400;\">Nh\u1ea5t Nam t\u1ef1 h\u00e0o l\u00e0 \u0111\u01a1n v\u1ecb d\u1eabn \u0111\u1ea7u trong vi\u1ec7c thi c\u00f4ng t\u1ee7 b\u1ebfp mini nh\u00f4m k\u00ednh, \u0111em \u0111\u1ebfn cho qu\u00fd kh\u00e1ch h\u00e0ng s\u1ef1 \u0111a d\u1ea1ng v\u1edbi nhi\u1ec1u m\u1eabu m\u00e3 v\u00e0 ki\u1ec3u d\u00e1ng phong ph\u00fa. Ch\u00fang t\u00f4i cung c\u1ea5p c\u00e1c s\u1ea3n ph\u1ea9m t\u1ee7 b\u1ebfp mini nh\u00f4m k\u00ednh c\u00f3 nhi\u1ec1u m\u00e0u s\u1eafc kh\u00e1c nhau nh\u01b0 nh\u00f4m s\u01a1n t\u0129nh \u0111i\u1ec7n, nh\u00f4m gi\u1ea3 g\u1ed7 v\u00e0 nhi\u1ec1u lo\u1ea1i kh\u00e1c, v\u1edbi m\u1ee9c gi\u00e1 linh ho\u1ea1t , t\u00f9y thu\u1ed9c v\u00e0o k\u00edch th\u01b0\u1edbc v\u00e0 ch\u1ea5t li\u1ec7u nh\u00f4m \u0111\u01b0\u1ee3c l\u1ef1a ch\u1ecdn. V\u1edbi d\u1ecbch v\u1ee5 t\u01b0 v\u1ea5n mi\u1ec5n ph\u00ed, Nh\u1ea5t Nam Door cam k\u1ebft h\u1ed7 tr\u1ee3 qu\u00fd kh\u00e1ch h\u00e0ng t\u00ecm ki\u1ebfm s\u1ea3n ph\u1ea9m ph\u00f9 h\u1ee3p nh\u1ea5t cho kh\u00f4ng gian b\u1ebfp c\u1ee7a m\u00ecnh.\u00a0<\/span><\/p>\n<p style=\"text-align: justify;\"><span style=\"font-weight: 400;\">H\u00e3y li\u00ean h\u1ec7 ngay v\u1edbi ch\u00fang t\u00f4i \u0111\u1ec3 nh\u1eadn \u0111\u01b0\u1ee3c s\u1ef1 t\u01b0 v\u1ea5n chuy\u00ean nghi\u1ec7p v\u00e0 gi\u1ea3i ph\u00e1p t\u1ed1i \u01b0u cho c\u0103n b\u1ebfp c\u1ee7a b\u1ea1n.<\/span><\/p>\n","protected":false},"excerpt":{"rendered":"<p><span style=\"font-weight: 400;\">V\u1edbi nh\u1eefng c\u0103n nh\u00e0 ho\u1eb7c c\u0103n h\u1ed9 c\u00f3 di\u1ec7n t\u00edch nh\u1ecf, vi\u1ec7c ch\u1ecdn l\u1ef1a t\u1ee7 b\u1ebfp mini \u0111\u01b0\u1ee3c coi l\u00e0 m\u1ed9t ph\u01b0\u01a1ng \u00e1n l\u00fd t\u01b0\u1edfng, kh\u00f4ng ch\u1ec9 \u0111\u1ea3m b\u1ea3o \u0111\u1ea7y \u0111\u1ee7 c\u00e1c ch\u1ee9c n\u0103ng c\u1ea7n thi\u1ebft m\u00e0 c\u00f2n gi\u00fap t\u1ed1i \u01b0u h\u00f3a kh\u00f4ng gian s\u1eed d\u1ee5ng. T\u1ee7 b\u1ebfp mini kh\u00f4ng ch\u1ec9 l\u00e0m cho c\u0103n b\u1ebfp tr\u1edf n\u00ean ti\u1ec7n nghi m\u00e0 c\u00f2n t\u1ea1o ra m\u1ed9t kh\u00f4ng gian ti\u1ec7n nghi v\u00e0 tho\u1ea3i m\u00e1i cho ng\u01b0\u1eddi s\u1eed d\u1ee5ng.<\/span><\/p>\n","protected":false},"featured_media":1219,"comment_status":"open","ping_status":"closed","template":"","meta":{"_acf_changed":false,"_gspb_post_css":""},"book-author":[],"product_brand":[],"product_cat":[109,113],"product_tag":[],"class_list":{"0":"post-1332","1":"product","2":"type-product","3":"status-publish","4":"has-post-thumbnail","6":"product_cat-tu-bep-inox","7":"product_cat-tu-bep-nhom","9":"first","10":"instock","11":"shipping-taxable","12":"product-type-simple"},"acf":[],"_links":{"self":[{"href":"https:\/\/nhatnam.libion.me\/wp-json\/wp\/v2\/product\/1332","targetHints":{"allow":["GET"]}}],"collection":[{"href":"https:\/\/nhatnam.libion.me\/wp-json\/wp\/v2\/product"}],"about":[{"href":"https:\/\/nhatnam.libion.me\/wp-json\/wp\/v2\/types\/product"}],"replies":[{"embeddable":true,"href":"https:\/\/nhatnam.libion.me\/wp-json\/wp\/v2\/comments?post=1332"}],"wp:featuredmedia":[{"embeddable":true,"href":"https:\/\/nhatnam.libion.me\/wp-json\/wp\/v2\/media\/1219"}],"wp:attachment":[{"href":"https:\/\/nhatnam.libion.me\/wp-json\/wp\/v2\/media?parent=1332"}],"wp:term":[{"taxonomy":"book-author","embeddable":true,"href":"https:\/\/nhatnam.libion.me\/wp-json\/wp\/v2\/book-author?post=1332"},{"taxonomy":"product_brand","embeddable":true,"href":"https:\/\/nhatnam.libion.me\/wp-json\/wp\/v2\/product_brand?post=1332"},{"taxonomy":"product_cat","embeddable":true,"href":"https:\/\/nhatnam.libion.me\/wp-json\/wp\/v2\/product_cat?post=1332"},{"taxonomy":"product_tag","embeddable":true,"href":"https:\/\/nhatnam.libion.me\/wp-json\/wp\/v2\/product_tag?post=1332"}],"curies":[{"name":"wp","href":"https:\/\/api.w.org\/{rel}","templated":true}]}}