{"id":1323,"date":"2026-04-07T10:04:48","date_gmt":"2026-04-07T10:04:48","guid":{"rendered":"https:\/\/nhatnam.libion.me\/index.php\/product\/quay-bar-nhom-kinh\/"},"modified":"2026-04-07T10:05:39","modified_gmt":"2026-04-07T10:05:39","slug":"quay-bar-nhom-kinh","status":"publish","type":"product","link":"https:\/\/nhatnam.libion.me\/index.php\/product\/quay-bar-nhom-kinh\/","title":{"rendered":"Qu\u1ea7y Bar Nh\u00f4m K\u00ednh"},"content":{"rendered":"<p style=\"text-align: justify;\">Qu\u1ea7y bar nh\u00f4m k\u00ednh \u0111\u01b0\u1ee3c thi\u1ebft k\u1ebf v\u1edbi khung nh\u00f4m ch\u1eafc ch\u1eafn k\u1ebft h\u1ee3p b\u1ec1 m\u1eb7t k\u00ednh sang tr\u1ecdng, t\u1ea1o n\u00ean v\u1ebb \u0111\u1eb9p hi\u1ec7n \u0111\u1ea1i v\u00e0 tinh t\u1ebf. S\u1ea3n ph\u1ea9m c\u00f3 \u0111\u1ed9 b\u1ec1n cao, kh\u1ea3 n\u0103ng ch\u1ed1ng \u0103n m\u00f2n t\u1ed1t, d\u1ec5 d\u00e0ng v\u1ec7 sinh v\u00e0 ph\u00f9 h\u1ee3p v\u1edbi nhi\u1ec1u kh\u00f4ng gian nh\u01b0 qu\u00e1n cafe, nh\u00e0 h\u00e0ng, kh\u00e1ch s\u1ea1n hay gia \u0111\u00ecnh. V\u1edbi ki\u1ec3u d\u00e1ng \u0111a d\u1ea1ng v\u00e0 t\u00ednh \u1ee9ng d\u1ee5ng cao, qu\u1ea7y bar nh\u00f4m k\u00ednh l\u00e0 gi\u1ea3i ph\u00e1p l\u00fd t\u01b0\u1edfng \u0111\u1ec3 v\u1eeba t\u1ed1i \u01b0u c\u00f4ng n\u0103ng v\u1eeba l\u00e0m n\u1ed5i b\u1eadt kh\u00f4ng gian s\u1eed d\u1ee5ng.<\/p>\n<h2 style=\"text-align: justify;\">1. Qu\u1ea7y bar b\u1ebfp l\u00e0 g\u00ec?<\/h2>\n<p><img loading=\"lazy\" decoding=\"async\" class=\"aligncenter wp-image-2611 size-full\" src=\"https:\/\/nhatnam.org\/wp-content\/uploads\/2024\/12\/image3-1.jpg\" alt=\"Qu\u1ea7y bar nh\u00f4m k\u00ednh\" width=\"1200\" height=\"800\" \/><\/p>\n<p style=\"text-align: justify;\">Qu\u1ea7y bar b\u1ebfp l\u00e0 m\u1ed9t ph\u1ea7n c\u1ee7a thi\u1ebft k\u1ebf t\u1ee7 b\u1ebfp, n\u01a1i \u0111\u01b0\u1ee3c thi\u1ebft k\u1ebf \u0111\u1ec3 t\u1ea1o ra kh\u00f4ng gian gi\u1ed1ng nh\u01b0 qu\u1ea7y bar. Qu\u1ea7y bar b\u1ebfp th\u01b0\u1eddng l\u00e0 d\u1ea1ng mini bao g\u1ed3m c\u00e1c th\u00e0nh ph\u1ea7n nh\u01b0 t\u1ee7 qu\u1ea7y, b\u00e0n cao, gh\u1ebf ng\u1ed3i cao, gi\u00e1 treo ly v\u00e0 t\u1ee7 tr\u01b0ng b\u00e0y r\u01b0\u1ee3u. \u0110\u1eb7c \u0111i\u1ec3m c\u1ee7a qu\u1ea7y bar b\u1ebfp \u0111\u01a1n gi\u1ea3n l\u00e0 cao h\u01a1n m\u1eb7t b\u00e0n b\u1ebfp kho\u1ea3ng 30cm.<\/p>\n<h2 style=\"text-align: justify;\">2. Tham kh\u1ea3o m\u1eabu qu\u1ea7y bar b\u1ebfp \u0111\u01b0\u1ee3c \u01b0a chu\u1ed9ng hi\u1ec7n nay<\/h2>\n<p style=\"text-align: justify;\"><strong>2.1 Qu\u1ea7y bar t\u1ee7 b\u1ebfp nh\u00f4m k\u00ednh<\/strong><\/p>\n<p><img loading=\"lazy\" decoding=\"async\" class=\"aligncenter wp-image-2613 size-full\" src=\"https:\/\/nhatnam.org\/wp-content\/uploads\/2024\/12\/image5.jpg\" alt=\"Qu\u1ea7y bar nh\u00f4m k\u00ednh\" width=\"1200\" height=\"804\" \/><\/p>\n<p style=\"text-align: justify;\">Qu\u1ea7y bar nh\u00f4m k\u00ednh l\u00e0 s\u1ef1 k\u1ebft h\u1ee3p ho\u00e0n h\u1ea3o gi\u1eefa v\u1eadt li\u1ec7u k\u00ednh v\u00e0 khung nh\u00f4m ch\u1eafc ch\u1eafn. \u0110\u00e2y l\u00e0 m\u1ed9t trong nh\u1eefng v\u1eadt li\u1ec7u \u0111\u01b0\u1ee3c \u01b0a chu\u1ed9ng b\u1edfi gi\u00e1 c\u1ea3 ph\u1ea3i ch\u0103ng, m\u00e0u s\u1eafc \u0111a d\u1ea1ng, \u0111\u1ed9 b\u1ec1n v\u00e0 tu\u1ed5i th\u1ecd cao, d\u1ec5 d\u00e0ng v\u1ec7 sinh v\u00e0 lau ch\u00f9i. S\u1ea3n ph\u1ea9m n\u00e0y th\u00edch h\u1ee3p s\u1eed d\u1ee5ng trong m\u00f4i tr\u01b0\u1eddng \u1ea9m \u01b0\u1edbt v\u00e0 d\u1ea7u m\u1ee1 nh\u01b0 b\u1ebfp, \u0111\u1ed3ng th\u1eddi mang l\u1ea1i gi\u00e1 tr\u1ecb th\u1ea9m m\u1ef9 cao cho kh\u00f4ng gian s\u1eed d\u1ee5ng.<\/p>\n<p style=\"text-align: justify;\"><strong>2.2 Qu\u1ea7y bar b\u1ebfp nh\u00f4m s\u01a1n t\u0129nh \u0111i\u1ec7n<\/strong><\/p>\n<p><img loading=\"lazy\" decoding=\"async\" class=\"aligncenter wp-image-2604\" src=\"https:\/\/nhatnam.org\/wp-content\/uploads\/2024\/12\/image2-2-300x167.png\" alt=\"Qu\u1ea7y bar nh\u00f4m k\u00ednh\" width=\"1200\" height=\"667\" \/><\/p>\n<p style=\"text-align: justify;\">N\u1ebfu kh\u00e1ch h\u00e0ng mu\u1ed1n ti\u1ebft ki\u1ec7m chi ph\u00ed nh\u01b0ng v\u1eabn mong mu\u1ed1n c\u00f3 m\u1ed9t qu\u1ea7y bar nh\u01b0 \u00fd, h\u00e3y xem x\u00e9t vi\u1ec7c s\u1eed d\u1ee5ng nh\u00f4m s\u01a1n t\u0129nh \u0111i\u1ec7n thay v\u00ec k\u00ednh m\u00e0u \u1ed1p b\u1ebfp.<\/p>\n<p style=\"text-align: justify;\">N\u1ebfu Q\u00fay kh\u00e1ch c\u1ea7n th\u00eam th\u00f4ng tin ho\u1eb7c mu\u1ed1n tham kh\u1ea3o tr\u1ef1c ti\u1ebfp c\u00e1c m\u1eabu s\u1ea3n ph\u1ea9m, h\u00e3y gh\u00e9 th\u0103m showroom c\u1ee7a Nh\u1ea5t Nam \u0111\u1ec3 \u0111\u01b0\u1ee3c t\u01b0 v\u1ea5n chi ti\u1ebft v\u00e0 xem tr\u1ef1c ti\u1ebfp c\u00e1c m\u1eabu s\u1ea3n ph\u1ea9m.<\/p>\n<p style=\"text-align: justify;\"><strong>2.3 Qu\u1ea7y bar t\u1ee7 b\u1ebfp nh\u00f4m gi\u1ea3 g\u1ed7 Omega<\/strong><\/p>\n<p><img loading=\"lazy\" decoding=\"async\" class=\"aligncenter wp-image-2600\" src=\"https:\/\/nhatnam.org\/wp-content\/uploads\/2024\/12\/image7-300x183.png\" alt=\"Qu\u1ea7y bar nh\u00f4m k\u00ednh\" width=\"1200\" height=\"731\" \/><\/p>\n<p style=\"text-align: justify;\">Qu\u1ea7y bar b\u1ebfp nh\u00f4m gi\u1ea3 g\u1ed7 l\u00e0 l\u1ef1a ch\u1ecdn ho\u00e0n h\u1ea3o cho nh\u1eefng ng\u01b0\u1eddi mu\u1ed1n s\u1edf h\u1eefu v\u1ebb \u0111\u1eb9p t\u1ef1 nhi\u00ean c\u1ee7a g\u1ed7 m\u00e0 kh\u00f4ng ph\u1ea3i lo l\u1eafng v\u1ec1 v\u1ea5n \u0111\u1ec1 b\u1ea3o qu\u1ea3n.<\/p>\n<p style=\"text-align: justify;\">\u0110\u00e2y l\u00e0 m\u1eabu qu\u1ea7y bar ng\u0103n b\u1ebfp d\u00e0nh cho nh\u1eefng ng\u01b0\u1eddi y\u00eau th\u00edch v\u1ebb \u0111\u1eb9p t\u1ef1 nhi\u00ean c\u1ee7a g\u1ed7 nh\u01b0ng mu\u1ed1n t\u00ecm m\u1ed9t gi\u1ea3i ph\u00e1p v\u1edbi gi\u00e1 th\u00e0nh h\u1ee3p l\u00fd v\u00e0 \u0111\u1ed9 b\u1ec1n cao h\u01a1n. Nh\u00f4m n\u1ed9i th\u1ea5t Omega l\u00e0 d\u00f2ng nh\u00f4m gi\u1ea3 g\u1ed7 c\u00f3 t\u1ef7 l\u1ec7 t\u01b0\u01a1ng \u0111\u1ed3ng v\u1edbi g\u1ed7 t\u1ef1 nhi\u00ean l\u00ean \u0111\u1ebfn 95%.<\/p>\n<p style=\"text-align: justify;\">Nh\u00ecn chung, \u0111\u1ec3 c\u00f3 \u0111\u01b0\u1ee3c m\u1ed9t qu\u1ea7y bar b\u1ebfp nh\u00f4m k\u00ednh \u0111\u1eb9p v\u00e0 ch\u1ea5t l\u01b0\u1ee3ng, y\u00eau c\u1ea7u s\u1ef1 k\u1ef9 l\u01b0\u1ee1ng, tinh t\u1ebf v\u00e0 chuy\u00ean nghi\u1ec7p t\u1eeb \u0111\u01a1n v\u1ecb thi c\u00f4ng. \u0110\u1ec3 \u0111\u01b0\u1ee3c t\u01b0 v\u1ea5n v\u00e0 ch\u1ecdn l\u1ef1a s\u1ea3n ph\u1ea9m ph\u00f9 h\u1ee3p nh\u1ea5t m\u1eddi Qu\u00fd kh\u00e1ch h\u00e0ng gh\u00e9 th\u0103m Showroom c\u1ee7a Nh\u1ea5t Nam \u0111\u1ec3 c\u00f3 tr\u1ea3i nghi\u1ec7m tr\u1ef1c ti\u1ebfp v\u00e0 nh\u1eadn \u0111\u01b0\u1ee3c s\u1ef1 h\u1ed7 tr\u1ee3 t\u1eadn t\u00ecnh.<\/p>\n<h2 style=\"text-align: justify;\">3. L\u00fd do n\u00ean l\u1eafp \u0111\u1eb7t qu\u1ea7y bar nh\u00f4m k\u00ednh<\/h2>\n<p style=\"text-align: justify;\">L\u1eafp \u0111\u1eb7t qu\u1ea7y bar nh\u00f4m k\u00ednh mang l\u1ea1i nhi\u1ec1u l\u1ee3i \u00edch nh\u01b0 sau:<\/p>\n<ul style=\"text-align: justify;\">\n<li aria-level=\"1\">T\u1eadn d\u1ee5ng kh\u00f4ng gian tr\u1ed1ng t\u1ed1t v\u00e0 t\u1ea1o th\u00eam c\u00f4ng n\u0103ng s\u1eed d\u1ee5ng cho khu v\u1ef1c b\u1ebfp.<\/li>\n<\/ul>\n<ul style=\"text-align: justify;\">\n<li aria-level=\"1\">Qu\u1ea7y bar b\u1ebfp \u0111\u01b0\u1ee3c s\u1eed d\u1ee5ng \u0111\u1ec3 trang tr\u00ed t\u1ea1o \u0111i\u1ec3m nh\u1ea5n t\u0103ng th\u00eam v\u1ebb \u0111\u1eb9p sang tr\u1ecdng, \u0111\u1eb3ng c\u1ea5p cho c\u0103n nh\u00e0<\/li>\n<\/ul>\n<ul style=\"text-align: justify;\">\n<li aria-level=\"1\">S\u1eed d\u1ee5ng l\u00e0m n\u01a1i ti\u1ebfp kh\u00e1ch, th\u01b0 gi\u00e3n, u\u1ed1ng r\u01b0\u1ee3u, cafe sau m\u1ed9t ng\u00e0y l\u00e0m vi\u1ec7c m\u1ec7t m\u1ecfi.<\/li>\n<\/ul>\n<ul style=\"text-align: justify;\">\n<li aria-level=\"1\">Thi\u1ebft k\u1ebf qu\u1ea7y bar nh\u00f4m k\u00ednh th\u00e0nh v\u00e1ch ng\u0103n ph\u00e2n chia ph\u00f2ng kh\u00e1ch v\u00e0 nh\u00e0 b\u1ebfp gi\u00fap ti\u1ebft ki\u1ec7m chi ph\u00ed v\u00e0 t\u1ea1o kh\u00f4ng gian nh\u00e0 th\u00f4ng tho\u00e1ng.<\/li>\n<\/ul>\n<ul style=\"text-align: justify;\">\n<li aria-level=\"1\">Cung c\u1ea5p kh\u00f4ng gian l\u01b0u tr\u1eef \u0111\u1ed3 \u0111\u1ea1c v\u00e0 l\u00e0 n\u01a1i chu\u1ea9n b\u1ecb, b\u00e0y bi\u1ec7n th\u1ee9c \u0103n khi n\u1ea5u n\u01b0\u1edbng<\/li>\n<\/ul>\n<h2 style=\"text-align: justify;\">4. M\u1ed9t s\u1ed1 l\u01b0u \u00fd khi thi\u1ebft k\u1ebf qu\u1ea7y bar nh\u00f4m k\u00ednh<\/h2>\n<p style=\"text-align: justify;\">\u0110\u1ec3 thi\u1ebft k\u1ebf qu\u1ea7y bar b\u1ebfp \u0111\u01a1n gi\u1ea3n nh\u01b0ng hi\u1ec7u qu\u1ea3, c\u1ea7n ch\u00fa \u00fd \u0111\u1ebfn c\u00e1c y\u1ebfu t\u1ed1 sau:<\/p>\n<ul style=\"text-align: justify;\">\n<li aria-level=\"1\">V\u1ecb tr\u00ed l\u1eafp \u0111\u1eb7t: Qu\u1ea7y bar c\u1ea7n \u0111\u01b0\u1ee3c \u0111\u1eb7t \u1edf v\u1ecb tr\u00ed thu\u1eadn ti\u1ec7n v\u00e0 kh\u00f4ng c\u1ea3n tr\u1edf l\u01b0u th\u00f4ng trong kh\u00f4ng gian b\u1ebfp. B\u1ed1 tr\u00ed qu\u1ea7y bar g\u1ea7n t\u01b0\u1eddng ho\u1eb7c t\u1ea1o m\u1ed9t kh\u00f4ng gian nh\u1ecf \u1edf gi\u1eefa c\u0103n b\u1ebfp \u0111\u1ec3 ng\u0103n c\u00e1ch v\u1edbi c\u00e1c kh\u00f4ng gian kh\u00e1c.<\/li>\n<\/ul>\n<ul style=\"text-align: justify;\">\n<li aria-level=\"1\">K\u00edch th\u01b0\u1edbc chu\u1ea9n: K\u00edch th\u01b0\u1edbc c\u1ee7a qu\u1ea7y bar c\u1ea7n \u0111\u01b0\u1ee3c t\u00ednh to\u00e1n h\u1ee3p l\u00fd, ph\u00f9 h\u1ee3p v\u1edbi kh\u00f4ng gian ph\u00f2ng b\u1ebfp v\u00e0 ti\u1ec7n l\u1ee3i cho ng\u01b0\u1eddi s\u1eed d\u1ee5ng. Chi\u1ec1u cao v\u00e0 chi\u1ec1u r\u1ed9ng c\u1ee7a qu\u1ea7y bar c\u0169ng c\u1ea7n \u0111\u01b0\u1ee3c \u0111i\u1ec1u ch\u1ec9nh ph\u00f9 h\u1ee3p.<\/li>\n<\/ul>\n<ul style=\"text-align: justify;\">\n<li aria-level=\"1\">Gh\u1ebf ph\u00f9 h\u1ee3p: Ch\u1ecdn gh\u1ebf c\u00f3 th\u1ec3 \u0111i\u1ec1u ch\u1ec9nh \u0111\u1ed9 cao v\u00e0 c\u00f3 gi\u00e1 \u0111\u1ec3 ch\u00e2n, ph\u00f9 h\u1ee3p v\u1edbi k\u00edch th\u01b0\u1edbc qu\u1ea7y bar v\u00e0 \u0111a d\u1ea1ng \u0111\u1ed9 tu\u1ed5i c\u1ee7a ng\u01b0\u1eddi s\u1eed d\u1ee5ng. \u0110\u1ed3ng th\u1eddi, c\u0169ng c\u1ea7n ch\u1ecdn gh\u1ebf kh\u00f4ng chi\u1ebfm qu\u00e1 nhi\u1ec1u di\u1ec7n t\u00edch kh\u00f4ng gian qu\u1ea7y bar.<\/li>\n<\/ul>\n<ul style=\"text-align: justify;\">\n<li aria-level=\"1\">S\u1eed d\u1ee5ng \u00e1nh s\u00e1ng h\u1ee3p l\u00fd: L\u1eafp \u0111\u00e8n ri\u00eang cho qu\u1ea7y bar \u0111\u1ec3 l\u00e0m n\u1ed5i b\u1eadt kh\u00f4ng gian v\u00e0 c\u00f3 th\u1ec3 s\u1eed d\u1ee5ng qu\u1ea7y bar m\u00e0 kh\u00f4ng c\u1ea7n b\u1eadt \u0111\u00e8n ph\u00f2ng b\u1ebfp.<\/li>\n<\/ul>\n<p style=\"text-align: justify;\">T\u1ea5t c\u1ea3 nh\u1eefng \u0111i\u1ec1u n\u00e0y c\u00f9ng nhau t\u1ea1o n\u00ean m\u1ed9t qu\u1ea7y bar b\u1ebfp \u0111\u1eb9p v\u00e0 ti\u1ec7n \u00edch trong kh\u00f4ng gian nh\u00e0 b\u1ebfp hi\u1ec7n \u0111\u1ea1i c\u1ee7a b\u1ea1n.<\/p>\n<h2 style=\"text-align: justify;\">5. M\u1ed9t s\u1ed1 qu\u1ea7y bar nh\u00f4m k\u00ednh \u0111\u1eb9p t\u1ea1i Nh\u1ea5t Nam<\/h2>\n<p><img loading=\"lazy\" decoding=\"async\" class=\"aligncenter wp-image-2603\" src=\"https:\/\/nhatnam.org\/wp-content\/uploads\/2024\/12\/image1-3-300x200.png\" alt=\"\" width=\"1200\" height=\"801\" \/><\/p>\n<p><img loading=\"lazy\" decoding=\"async\" class=\"aligncenter wp-image-2602\" src=\"https:\/\/nhatnam.org\/wp-content\/uploads\/2024\/12\/image9-300x140.png\" alt=\"\" width=\"1200\" height=\"562\" \/><\/p>\n<p><img loading=\"lazy\" decoding=\"async\" class=\"aligncenter wp-image-2198 size-full\" src=\"https:\/\/nhatnam.org\/wp-content\/uploads\/2024\/12\/Tu-bep-inox-canh-kinh-nhat-nam-19.jpg\" alt=\"Qu\u1ea7y bar nh\u00f4m k\u00ednh\" width=\"1200\" height=\"630\" \/><\/p>\n<p><img loading=\"lazy\" decoding=\"async\" class=\"aligncenter wp-image-2169\" src=\"https:\/\/nhatnam.org\/wp-content\/uploads\/2024\/12\/NTNN01-300x157.jpg\" alt=\"Qu\u1ea7y bar nh\u00f4m k\u00ednh\" width=\"1200\" height=\"629\" \/><\/p>\n<p><img loading=\"lazy\" decoding=\"async\" class=\"aligncenter wp-image-2101\" src=\"https:\/\/nhatnam.org\/wp-content\/uploads\/2024\/12\/5-300x169.jpg\" alt=\"Qu\u1ea7y bar nh\u00f4m k\u00ednh\" width=\"1200\" height=\"675\" \/><\/p>\n<p><img loading=\"lazy\" decoding=\"async\" class=\"aligncenter wp-image-2171 size-full\" src=\"https:\/\/nhatnam.org\/wp-content\/uploads\/2024\/12\/NTNN02.jpg\" alt=\"Qu\u1ea7y bar nh\u00f4m k\u00ednh\" width=\"1200\" height=\"630\" \/><\/p>\n<h2 style=\"text-align: justify;\">6. Nh\u1ea5t Nam &#8211; \u0111\u01a1n v\u1ecb thi c\u00f4ng, l\u1eafp \u0111\u1eb7t qu\u1ea7y bar nh\u00f4m k\u00ednh uy t\u00edn<\/h2>\n<div class=\"flex-shrink-0 flex flex-col relative items-end\">\n<div>\n<div class=\"pt-0\">\n<div class=\"gizmo-bot-avatar flex h-8 w-8 items-center justify-center overflow-hidden rounded-full\">\n<div class=\"relative p-1 rounded-sm flex items-center justify-center bg-token-main-surface-primary text-token-text-primary h-8 w-8\" style=\"text-align: justify;\">Nh\u1ea5t Nam t\u1ef1 h\u00e0o l\u00e0 \u0111\u01a1n v\u1ecb uy t\u00edn, chuy\u00ean nghi\u1ec7p trong l\u0129nh v\u1ef1c thi c\u00f4ng v\u00e0 l\u1eafp \u0111\u1eb7t qu\u1ea7y bar nh\u00f4m k\u00ednh.<\/div>\n<\/div>\n<\/div>\n<\/div>\n<\/div>\n<div class=\"group\/conversation-turn relative flex w-full min-w-0 flex-col agent-turn\">\n<div class=\"flex-col gap-1 md:gap-3\">\n<div class=\"flex max-w-full flex-col flex-grow\">\n<div class=\"min-h-8 text-message flex w-full flex-col items-end gap-2 whitespace-normal break-words text-start [.text-message+&amp;]:mt-5\" dir=\"auto\" data-message-author-role=\"assistant\" data-message-id=\"09215443-00cc-4da4-83ae-5b965113bd01\" data-message-model-slug=\"gpt-4o\">\n<div class=\"flex w-full flex-col gap-1 empty:hidden first:pt-[3px]\">\n<div class=\"markdown prose w-full break-words dark:prose-invert light\">\n<p style=\"text-align: justify;\">S\u1edf h\u1eefu \u0111\u1ed9i ng\u0169 gi\u00e0u kinh nghi\u1ec7m, ch\u00fang t\u00f4i cam k\u1ebft mang \u0111\u1ebfn cho kh\u00e1ch h\u00e0ng nh\u1eefng s\u1ea3n ph\u1ea9m b\u1ec1n \u0111\u1eb9p, tinh t\u1ebf v\u00e0 \u0111\u00e1p \u1ee9ng t\u1ed1i \u0111a nhu c\u1ea7u s\u1eed d\u1ee5ng.<\/p>\n<p style=\"text-align: justify;\">N\u1ebfu b\u1ea1n c\u1ea7n l\u1eafp \u0111\u1eb7t qu\u1ea7y bar nh\u00f4m k\u00ednh, h\u00e3y li\u00ean h\u1ec7 ngay v\u1edbi Nh\u1ea5t Nam \u0111\u1ec3 nh\u1eadn t\u01b0 v\u1ea5n chi ti\u1ebft v\u00e0 b\u00e1o gi\u00e1 t\u1ed1t nh\u1ea5t tr\u00ean th\u1ecb tr\u01b0\u1eddng.<\/p>\n<\/div>\n<\/div>\n<\/div>\n<\/div>\n<\/div>\n<\/div>\n","protected":false},"excerpt":{"rendered":"<p>Qu\u1ea7y bar nh\u00f4m k\u00ednh \u0111\u01b0\u1ee3c thi\u1ebft k\u1ebf v\u1edbi khung nh\u00f4m ch\u1eafc ch\u1eafn k\u1ebft h\u1ee3p b\u1ec1 m\u1eb7t k\u00ednh sang tr\u1ecdng, t\u1ea1o n\u00ean v\u1ebb \u0111\u1eb9p hi\u1ec7n \u0111\u1ea1i v\u00e0 tinh t\u1ebf. S\u1ea3n ph\u1ea9m c\u00f3 \u0111\u1ed9 b\u1ec1n cao, kh\u1ea3 n\u0103ng ch\u1ed1ng \u0103n m\u00f2n t\u1ed1t, d\u1ec5 d\u00e0ng v\u1ec7 sinh v\u00e0 ph\u00f9 h\u1ee3p v\u1edbi nhi\u1ec1u kh\u00f4ng gian nh\u01b0 qu\u00e1n cafe, nh\u00e0 h\u00e0ng, kh\u00e1ch s\u1ea1n hay gia \u0111\u00ecnh. V\u1edbi ki\u1ec3u d\u00e1ng \u0111a d\u1ea1ng v\u00e0 t\u00ednh \u1ee9ng d\u1ee5ng cao, qu\u1ea7y bar nh\u00f4m k\u00ednh l\u00e0 gi\u1ea3i ph\u00e1p l\u00fd t\u01b0\u1edfng \u0111\u1ec3 v\u1eeba t\u1ed1i \u01b0u c\u00f4ng n\u0103ng v\u1eeba l\u00e0m n\u1ed5i b\u1eadt kh\u00f4ng gian s\u1eed d\u1ee5ng.<\/p>\n","protected":false},"featured_media":1216,"comment_status":"open","ping_status":"closed","template":"","meta":{"_acf_changed":false,"_gspb_post_css":""},"book-author":[],"product_brand":[],"product_cat":[114,113],"product_tag":[],"class_list":{"0":"post-1323","1":"product","2":"type-product","3":"status-publish","4":"has-post-thumbnail","6":"product_cat-quay-bar-nhom-kinh","7":"product_cat-tu-bep-nhom","9":"first","10":"instock","11":"shipping-taxable","12":"product-type-simple"},"acf":[],"_links":{"self":[{"href":"https:\/\/nhatnam.libion.me\/index.php\/wp-json\/wp\/v2\/product\/1323","targetHints":{"allow":["GET"]}}],"collection":[{"href":"https:\/\/nhatnam.libion.me\/index.php\/wp-json\/wp\/v2\/product"}],"about":[{"href":"https:\/\/nhatnam.libion.me\/index.php\/wp-json\/wp\/v2\/types\/product"}],"replies":[{"embeddable":true,"href":"https:\/\/nhatnam.libion.me\/index.php\/wp-json\/wp\/v2\/comments?post=1323"}],"wp:featuredmedia":[{"embeddable":true,"href":"https:\/\/nhatnam.libion.me\/index.php\/wp-json\/wp\/v2\/media\/1216"}],"wp:attachment":[{"href":"https:\/\/nhatnam.libion.me\/index.php\/wp-json\/wp\/v2\/media?parent=1323"}],"wp:term":[{"taxonomy":"book-author","embeddable":true,"href":"https:\/\/nhatnam.libion.me\/index.php\/wp-json\/wp\/v2\/book-author?post=1323"},{"taxonomy":"product_brand","embeddable":true,"href":"https:\/\/nhatnam.libion.me\/index.php\/wp-json\/wp\/v2\/product_brand?post=1323"},{"taxonomy":"product_cat","embeddable":true,"href":"https:\/\/nhatnam.libion.me\/index.php\/wp-json\/wp\/v2\/product_cat?post=1323"},{"taxonomy":"product_tag","embeddable":true,"href":"https:\/\/nhatnam.libion.me\/index.php\/wp-json\/wp\/v2\/product_tag?post=1323"}],"curies":[{"name":"wp","href":"https:\/\/api.w.org\/{rel}","templated":true}]}}