{"id":1318,"date":"2026-04-07T10:04:42","date_gmt":"2026-04-07T10:04:42","guid":{"rendered":"https:\/\/nhatnam.libion.me\/index.php\/product\/tu-bep-inox-xuoc-3-lop-he-module\/"},"modified":"2026-04-07T10:04:42","modified_gmt":"2026-04-07T10:04:42","slug":"tu-bep-inox-xuoc-3-lop-he-module","status":"publish","type":"product","link":"https:\/\/nhatnam.libion.me\/product\/tu-bep-inox-xuoc-3-lop-he-module\/","title":{"rendered":"T\u1ee7 B\u1ebfp Inox X\u01b0\u1edbc 3 L\u1edbp H\u1ec7 Module"},"content":{"rendered":"<p style=\"text-align: justify;\"><span style=\"font-weight: 400;\">T\u1ee7 b\u1ebfp Inox x\u01b0\u1edbc 3 l\u1edbp h\u1ec7 module hi\u1ec7n \u0111ang l\u00e0 m\u1ed9t gi\u1ea3i ph\u00e1p ph\u1ed5 bi\u1ebfn v\u00e0 \u0111\u01b0\u1ee3c \u01b0a chu\u1ed9ng tr\u00ean th\u1ecb tr\u01b0\u1eddng n\u1ed9i th\u1ea5t hi\u1ec7n nay. V\u1edbi t\u00ednh linh ho\u1ea1t v\u00e0 ti\u1ec7n \u00edch cao h\u01a1n so v\u1edbi c\u00e1c d\u00f2ng t\u1ee7 truy\u1ec1n th\u1ed1ng, c\u00f9ng s\u1ef1 \u0111a d\u1ea1ng v\u1ec1 ki\u1ec3u d\u00e1ng, t\u1ee7 b\u1ebfp module thu h\u00fat s\u1ef1 quan t\u00e2m c\u1ee7a nhi\u1ec1u kh\u00e1ch h\u00e0ng.\u00a0<\/span><\/p>\n<p style=\"text-align: justify;\"><span style=\"font-weight: 400;\">H\u00e3y c\u00f9ng Nh\u1ea5t Nam kh\u00e1m ph\u00e1 nh\u1eefng \u0111\u1eb7c \u0111i\u1ec3m \u0111\u00e1ng ch\u00fa \u00fd c\u1ee7a t\u1ee7 b\u1ebfp Inox 3 l\u1edbp qua b\u00e0i vi\u1ebft d\u01b0\u1edbi \u0111\u00e2y nh\u00e9.<\/span><\/p>\n<h2 style=\"text-align: justify;\"><strong>1. T\u1ee7 b\u1ebfp Inox x\u01b0\u1edbc 3 l\u1edbp h\u1ec7 module l\u00e0 g\u00ec?<\/strong><\/h2>\n<p><img loading=\"lazy\" decoding=\"async\" class=\"aligncenter wp-image-2877\" src=\"https:\/\/nhatnam.org\/wp-content\/uploads\/2024\/12\/image1-3-300x228.jpg\" alt=\"T\u1ee7 B\u1ebfp Inox X\u01b0\u1edbc 3 L\u1edbp H\u1ec7 Module\" width=\"1200\" height=\"912\" \/><\/p>\n<p style=\"text-align: justify;\"><span style=\"font-weight: 400;\">T\u1ee7 b\u1ebfp inox x\u01b0\u1edbc 3 l\u1edbp h\u1ec7 module l\u00e0 t\u1ee7 b\u1ebfp s\u1eed d\u1ee5ng inox m\u1ecfng ch\u1ea5n g\u1ea5p, t\u1ea1o th\u00e0nh c\u00e1c t\u1ea5m v\u00e1n h\u1ed9p d\u00e0y 1,8cm v\u1edbi l\u00f5i &#8220;nh\u00f4m t\u1ed5 ong&#8221;. C\u00e1c t\u1ea5m inox n\u00e0y \u0111\u01b0\u1ee3c gh\u00e9p n\u1ed1i b\u1eb1ng ch\u1ed1t cam, bu-l\u00f4ng, t\u1ea1o th\u00e0nh nh\u1eefng khoang th\u00f9ng t\u1ee7 ri\u00eang bi\u1ec7t.<\/span><\/p>\n<p style=\"text-align: justify;\"><span style=\"font-weight: 400;\">V\u1eadt li\u1ec7u ch\u1ee7 \u0111\u1ea1o l\u00e0 inox 304 d\u00e0y 0,7mm, d\u1eadp ch\u1ea5n k\u00e9p t\u1ea1o ra 3 l\u1edbp bao g\u1ed3m:<\/span><\/p>\n<p style=\"text-align: justify;\"><span style=\"font-weight: 400;\">L\u1edbp inox m\u1eb7t ngo\u00e0i d\u1eadp ch\u1ea5n k\u00e9p, l\u1edbp nh\u00f4m t\u1ed5 ong \u1edf gi\u1eefa, v\u00e0 l\u1edbp l\u00f3t inox m\u1eb7t sau kh\u00e9p k\u00edn l\u1ea1i. M\u1ed7i t\u1ea5m inox ho\u00e0n ch\u1ec9nh \u0111\u01b0\u1ee3c thi\u1ebft k\u1ebf v\u1edbi k\u00edch th\u01b0\u1edbc kh\u00e1c nhau, t\u1ea1o th\u00e0nh c\u00e1c module th\u00f9ng inox v\u1edbi ch\u1ee9c n\u0103ng \u0111a d\u1ea1ng.<\/span><\/p>\n<p style=\"text-align: justify;\"><span style=\"font-weight: 400;\">V\u1edbi l\u1edbp <\/span><span style=\"font-weight: 400;\">inox 304 x\u01b0\u1edbc m\u1edd hairline<\/span><span style=\"font-weight: 400;\">, gi\u00fap t\u1ee7 <\/span><span style=\"font-weight: 400;\">c\u00f3 kh\u1ea3 n\u0103ng ch\u1ed1ng oxy h\u00f3a \u2013 ch\u1ed1ng \u0103n m\u00f2n, ch\u1ed1ng m\u1ed1i m\u1ecdt, ch\u1ed1ng \u1ea9m t\u1ed1t v\u00e0 d\u1ec5 d\u00e0ng v\u1ec7 sinh<\/span><\/p>\n<p style=\"text-align: justify;\"><span style=\"font-weight: 400;\">C\u1ea5u tr\u00fac module linh ho\u1ea1t n\u00e0y gi\u00fap t\u1ed1i \u01b0u h\u00f3a kh\u00f4ng gian b\u1ebfp, cho ph\u00e9p ng\u01b0\u1eddi d\u00f9ng t\u00f9y bi\u1ebfn v\u00e0 \u0111i\u1ec1u ch\u1ec9nh theo nhu c\u1ea7u s\u1eed d\u1ee5ng c\u1ee5 th\u1ec3 c\u1ee7a h\u1ecd.<\/span><\/p>\n<p style=\"text-align: justify;\"><span style=\"font-weight: 400;\">Hi\u1ec7n nay tr\u00ean th\u1ecb tr\u01b0\u1eddng c\u00f3 2 d\u00f2ng t\u1ee7 b\u1ebfp inox 3 l\u1edbp: <\/span><span style=\"font-weight: 400;\">1 lo\u1ea1i l\u00e0 h\u00e0ng nh\u1eadp kh\u1ea9u t\u1eeb Trung Qu\u1ed1c v\u1edbi k\u00edch th\u01b0\u1edbc c\u00f3 s\u1eb5n cho t\u1eebng module t\u1ee7 ri\u00eang bi\u1ec7t, lo\u1ea1i n\u00e0y c\u00f3 k\u00edch th\u01b0\u1edbc c\u1ed1 \u0111\u1ecbnh. 2 l\u00e0 t\u1ee7 b\u1ebfp inox 3 l\u1edbp nh\u1eadp kh\u1ea9u v\u1eadt li\u1ec7u t\u1ea5m inox 3 l\u1edbp v\u00e0 \u0111\u01b0\u1ee3c s\u1ea3n xu\u1ea5t t\u1ea1i Vi\u1ec7t Nam theo k\u00edch th\u01b0\u1edbc \u0111o ri\u00eang bi\u1ec7t<\/span><i><span style=\"font-weight: 400;\">.<\/span><\/i><\/p>\n<h2 style=\"text-align: justify;\"><strong>2. C\u1ea5u t\u1ea1o c\u1ee7a t\u1ee7 b\u1ebfp Inox x\u01b0\u1edbc 3 l\u1edbp h\u1ec7 module<\/strong><\/h2>\n<p><img loading=\"lazy\" decoding=\"async\" class=\"aligncenter wp-image-2878\" src=\"https:\/\/nhatnam.org\/wp-content\/uploads\/2024\/12\/image2-3-300x200.jpg\" alt=\"T\u1ee7 B\u1ebfp Inox X\u01b0\u1edbc 3 L\u1edbp H\u1ec7 Module\" width=\"1200\" height=\"800\" \/><\/p>\n<p style=\"text-align: justify;\"><i><span style=\"font-weight: 400;\">Khung, th\u00f9ng t\u1ee7 b\u1ebfp inox<\/span><\/i><span style=\"font-weight: 400;\">: <\/span><\/p>\n<ul>\n<li style=\"text-align: justify;\"><span style=\"font-weight: 400;\">\u0110\u01b0\u1ee3c k\u1ebft n\u1ed1i ho\u00e0n to\u00e0n b\u1eb1ng bulong, lo\u1ea1i b\u1ecf ho\u00e0n to\u00e0n m\u1ed1i h\u00e0n truy\u1ec1n th\u1ed1ng ch\u1ea5m d\u1ee9t t\u00ecnh tr\u1ea1ng b\u1ecb r\u1ec9 s\u00e9t hay ch\u00e1y \u0111en.<\/span><\/li>\n<li style=\"text-align: justify;\"><span style=\"font-weight: 400;\">M\u1ed7i t\u1ea5m inox d\u00e0y 1,8cm \u0111\u01b0\u1ee3c gia c\u00f4ng v\u00e0 gh\u00e9p n\u1ed1i b\u1eb1ng h\u1ec7 th\u1ed1ng bulong v\u00e0 \u1ed1c v\u00edt, t\u1ea1o ra s\u1ef1 ch\u1eafc ch\u1eafn v\u00e0 \u0111\u1ed3ng nh\u1ea5t trong c\u1ea5u tr\u00fac t\u1ee7.\u00a0<\/span><\/li>\n<li style=\"text-align: justify;\"><span style=\"font-weight: 400;\">C\u1ea5u tr\u00fac module r\u1eddi cho ph\u00e9p m\u1ed7i khoang t\u1ee7 c\u00f3 ch\u1ee9c n\u0103ng ri\u00eang bi\u1ec7t, v\u1edbi c\u00e1c th\u00f4ng s\u1ed1 v\u00e0 k\u00edch th\u01b0\u1edbc ti\u00eau chu\u1ea9n ph\u00f9 h\u1ee3p v\u1edbi m\u1ecdi kh\u00f4ng gian b\u1ebfp.<\/span><\/li>\n<\/ul>\n<p style=\"text-align: justify;\"><i><span style=\"font-weight: 400;\">C\u00e1nh t\u1ee7<\/span><\/i><span style=\"font-weight: 400;\">: l\u00e0 m\u1ed9t t\u1ea5m inox x\u01b0\u1edbc d\u00e0y 1,8cm v\u1edbi k\u00edch th\u01b0\u1edbc d\u1ef1a tr\u00ean th\u00f4ng s\u1ed1 m\u1ed7i module th\u00f9ng.<\/span><\/p>\n<p style=\"text-align: justify;\"><i><span style=\"font-weight: 400;\">M\u1eb7t b\u00e0n c\u1ee7a t\u1ee7 b\u1ebfp inox: <\/span><\/i><span style=\"font-weight: 400;\">\u00a0Ngo\u00e0i m\u1eb7t b\u00e0n \u0111\u00e1 th\u00f4ng th\u01b0\u1eddng hay s\u1eed d\u1ee5ng, th\u00ec m\u1eb7t b\u00e0n inox c\u00f3 \u01b0u \u0111i\u1ec3m v\u01b0\u1ee3t tr\u1ed9i b\u1edfi \u0111\u1ed9 b\u1ec1n \u0111\u1eb9p, ch\u1eafc kh\u1ecfe, ch\u1ed1ng x\u01b0\u1edbc r\u1ea5t t\u1ed1t. V\u1edbi \u0111\u1ed9 d\u00e0y 4cm, c\u00f3 \u0111\u1ed9 d\u00e0y g\u1ea5p hai l\u1ea7n so v\u1edbi m\u1eb7t b\u00e0n \u0111\u00e1 th\u00f4ng th\u01b0\u1eddng, m\u1eb7t b\u00e0n inox gia t\u0103ng \u0111\u1ed9 c\u1ee9ng cho b\u1ec1 m\u1eb7t, ch\u1ed1ng x\u01b0\u1edbc, v\u1ec7 sinh d\u1ec5 d\u00e0ng, c\u00f3 t\u00ednh th\u1ea9m m\u1ef9 v\u00e0 \u0111\u1ed9 b\u1ec1n cao.<\/span><\/p>\n<p style=\"text-align: justify;\"><em><span style=\"font-weight: 400;\">Tay n\u1eafm <\/span><\/em><span style=\"font-weight: 400;\"><em>t\u1ee7:<\/em> \u0110\u01b0\u1ee3c thi\u1ebft k\u1ebf d\u1ea1ng m\u00f3c, g\u1eafn ph\u00eda tr\u00ean c\u00e1nh t\u1ee7, t\u1ea1o \u0111i\u1ec3m nh\u1ea5n v\u00e0 ti\u1ec7n \u00edch cho vi\u1ec7c m\u1edf c\u1eeda.<\/span><\/p>\n<p style=\"text-align: justify;\"><i><span style=\"font-weight: 400;\">Ph\u1ee5 ki\u1ec7n t\u1ee7 b\u1ebfp<\/span><\/i><span style=\"font-weight: 400;\">: <\/span><span style=\"font-weight: 400;\">\u0110\u1ec3 c\u00f3 m\u1ed9t t\u1ee7 b\u1ebfp hi\u1ec7n \u0111\u1ea1i v\u00e0 ti\u1ec7n nghi, kh\u00f4ng th\u1ec3 thi\u1ebfu c\u00e1c ph\u1ee5 ki\u1ec7n b\u1ebfp l\u00e0m t\u1eeb inox 304, ch\u1ed1ng han g\u1ec9, ch\u1ecbu l\u1ef1c t\u1ed1t v\u00e0 b\u1ec1n b\u1ec9. C\u00e1c ph\u1ee5 ki\u1ec7n n\u00e0y bao g\u1ed3m gi\u00e1 \u0111\u1ef1ng b\u00e1t \u0111\u0129a, xoong n\u1ed3i, gia v\u1ecb, gi\u00e1 g\u00f3c li\u00ean ho\u00e0n, m\u00e2m xoay, v\u00e0 tay n\u00e2ng t\u1ee7 b\u1ebfp.<\/span><\/p>\n<h2 style=\"text-align: justify;\"><strong>3. \u01afu \u0111i\u1ec3m &amp; nh\u01b0\u1ee3c \u0111i\u1ec3m c\u1ee7a t\u1ee7 b\u1ebfp inox 3 l\u1edbp h\u1ec7 module<\/strong><\/h2>\n<p><img loading=\"lazy\" decoding=\"async\" class=\"aligncenter wp-image-2241\" src=\"https:\/\/nhatnam.org\/wp-content\/uploads\/2024\/12\/Tu-bep-inox-nhat-nam-09-300x225.jpg\" alt=\"T\u1ee7 B\u1ebfp Inox X\u01b0\u1edbc 3 L\u1edbp H\u1ec7 Module\" width=\"1200\" height=\"900\" \/><\/p>\n<h3 style=\"text-align: justify;\"><strong>3.1 \u01afu \u0111i\u1ec3m c\u1ee7a t\u1ee7 b\u1ebfp inox h\u1ec7 module<\/strong><\/h3>\n<ul style=\"text-align: justify;\">\n<li style=\"font-weight: 400;\" aria-level=\"1\"><span style=\"font-weight: 400;\">M\u1ed9t \u01b0u \u0111i\u1ec3m n\u1ed5i b\u1eadt c\u1ee7a t\u1ee7 b\u1ebfp inox cao c\u1ea5p ch\u00ednh l\u00e0 <\/span><span style=\"font-weight: 400;\">qu\u00e1 tr\u00ecnh s\u1ea3n xu\u1ea5t kh\u00f4ng m\u1ed1i h\u00e0n<\/span><\/li>\n<li style=\"font-weight: 400;\" aria-level=\"1\"><span style=\"font-weight: 400;\">Thi\u1ebft k\u1ebf th\u00f9ng inox d\u1ea1ng module r\u1eddi d\u1ec5 v\u1eadn chuy\u1ec3n, thi c\u00f4ng, thay th\u1ebf, s\u1eeda ch\u1eefa<\/span><\/li>\n<li style=\"font-weight: 400;\" aria-level=\"1\"><span style=\"font-weight: 400;\">K\u00edch th\u01b0\u1edbc th\u00e0nh v\u00e1ch \u0111\u1ed3ng \u0111\u1ec1u d\u00e0y 1,8cm ch\u1ed1ng l\u00f3a, ch\u1ecbu l\u1ef1c, c\u00e1ch \u1ea9m c\u1ef1c k\u1ef3 t\u1ed1t<\/span><\/li>\n<li style=\"font-weight: 400;\" aria-level=\"1\"><span style=\"font-weight: 400;\">\u0110\u1ed9 b\u1ec1n v\u01b0\u1ee3t tr\u1ed9i khi s\u1eed d\u1ee5ng inox 304 x\u01b0\u1edbc m\u1edd cao c\u1ea5p<\/span><\/li>\n<li style=\"font-weight: 400;\" aria-level=\"1\"><span style=\"font-weight: 400;\">An to\u00e0n s\u1eed d\u1ee5ng v\u00e0 v\u1ec7 sinh d\u1ec5 d\u00e0ng<\/span><\/li>\n<li style=\"font-weight: 400;\" aria-level=\"1\"><span style=\"font-weight: 400;\">Ti\u1ebft ki\u1ec7m chi ph\u00ed s\u1eed d\u1ee5ng l\u00e2u d\u00e0i b\u1edfi \u0111\u1ed9 b\u1ec1n, tu\u1ed5i th\u1ecd cao<\/span><\/li>\n<li style=\"font-weight: 400;\" aria-level=\"1\"><span style=\"font-weight: 400;\">C\u00f3 nhi\u1ec1u ki\u1ec3u d\u00e1ng kh\u00e1c nhau, ph\u00f9 h\u1ee3p v\u1edbi m\u1ecdi phong c\u00e1ch n\u1ed9i th\u1ea5t v\u00e0 s\u1edf th\u00edch c\u00e1 nh\u00e2n<\/span><\/li>\n<li style=\"font-weight: 400;\" aria-level=\"1\"><span style=\"font-weight: 400;\">Cho ph\u00e9p t\u1eadn d\u1ee5ng m\u1ecdi kho\u1ea3ng tr\u1ed1ng trong nh\u00e0 b\u1ebfp, bao g\u1ed3m c\u00e1c g\u00f3c kh\u00f4ng s\u1eed d\u1ee5ng ho\u1eb7c kh\u00f4ng gian tr\u00ean cao<\/span><\/li>\n<li style=\"font-weight: 400;\" aria-level=\"1\"><span style=\"font-weight: 400;\">\u0110i k\u00e8m v\u1edbi nhi\u1ec1u t\u00ednh n\u0103ng v\u00e0 ti\u1ec7n \u00edch th\u00f4ng minh nh\u01b0 ng\u0103n k\u00e9o, h\u1ec7 th\u1ed1ng gi\u00e1 \u0111\u1ee1 \u0111a n\u0103ng, khay ch\u1ee9a \u0111\u1ed3 ti\u1ec7n l\u1ee3i v\u00e0 thi\u1ebft b\u1ecb gia d\u1ee5ng t\u00edch h\u1ee3p.<\/span><\/li>\n<\/ul>\n<h3 style=\"text-align: justify;\"><strong>3.2 Nh\u01b0\u1ee3c \u0111i\u1ec3m c\u1ee7a t\u1ee7 b\u1ebfp inox h\u1ec7 module<\/strong><\/h3>\n<p style=\"text-align: justify;\"><span style=\"font-weight: 400;\">Chi ph\u00ed l\u00e0m t\u1ee7 b\u1ebfp inox module kh\u00e1 cao so v\u1edbi c\u00e1c gi\u1ea3i ph\u00e1p kh\u00e1c nh\u01b0 t\u1ee7 b\u1ebfp nh\u1ef1a \u0111\u1ecbnh h\u00ecnh ho\u1eb7c g\u1ed7 t\u1ef1 nhi\u00ean. Tuy nhi\u00ean, v\u1edbi \u0111\u1ed9 b\u1ec1n b\u1ec9 v\u00e0 s\u1ef1 ti\u1ec7n \u00edch m\u00e0 n\u00f3 mang l\u1ea1i th\u00ec qu\u1ea3 th\u1ef1c l\u00e0 x\u1ee9ng \u0111\u00e1ng.<\/span><\/p>\n<p style=\"text-align: justify;\"><span style=\"font-weight: 400;\">D\u1ec5 b\u1ecb x\u01b0\u1edbc v\u00e0 tr\u1ea7y: B\u1ec1 m\u1eb7t inox d\u1ec5 b\u1ecb x\u01b0\u1edbc v\u00e0 tr\u1ea7y khi ti\u1ebfp x\u00fac v\u1edbi c\u00e1c v\u1eadt d\u1ee5ng s\u1eafc nh\u1ecdn ho\u1eb7c ch\u1ea5t li\u1ec7u c\u1ee9ng.<\/span><\/p>\n<p style=\"text-align: justify;\"><span style=\"font-weight: 400;\">D\u1ec5 b\u00e1m b\u1ea9n: V\u1edbi \u0111\u1eb7c t\u00ednh d\u1ec5 b\u00e1m d\u1ea5u v\u00e2n tay v\u00e0 b\u1ee5i b\u1ea9n, vi\u1ec7c lau ch\u00f9i th\u01b0\u1eddng xuy\u00ean l\u00e0 \u0111i\u1ec1u c\u1ea7n thi\u1ebft \u0111\u1ec3 duy tr\u00ec s\u1ef1 s\u1ea1ch s\u1ebd v\u00e0 b\u00f3ng b\u1ea9y c\u1ee7a b\u1ec1 m\u1eb7t.<\/span><\/p>\n<p style=\"text-align: justify;\"><span style=\"font-weight: 400;\">D\u1ec5 b\u00e1m n\u01b0\u1edbc v\u00e0 v\u1ebft c\u1ee9ng: N\u1ebfu kh\u00f4ng \u0111\u01b0\u1ee3c v\u1ec7 sinh \u0111\u1ecbnh k\u1ef3, b\u1ec1 m\u1eb7t inox c\u00f3 th\u1ec3 d\u1ec5 b\u00e1m v\u1ebft n\u01b0\u1edbc v\u00e0 c\u00e1c v\u1ebft c\u1ee9ng, l\u00e0m m\u1ea5t \u0111i v\u1ebb \u0111\u1eb9p t\u1ef1 nhi\u00ean c\u1ee7a s\u1ea3n ph\u1ea9m.<\/span><\/p>\n<p style=\"text-align: justify;\"><span style=\"font-weight: 400;\">Tuy nhi\u00ean, c\u00e1c nh\u01b0\u1ee3c \u0111i\u1ec3m n\u00e0y c\u00f3 th\u1ec3 \u0111\u01b0\u1ee3c gi\u1ea3m thi\u1ec3u th\u00f4ng qua vi\u1ec7c l\u1ef1a ch\u1ecdn s\u1ea3n ph\u1ea9m ch\u1ea5t l\u01b0\u1ee3ng v\u00e0 b\u1ea3o d\u01b0\u1ee1ng \u0111\u00fang c\u00e1ch.<\/span><\/p>\n<h2><strong>4. M\u1ed9t s\u1ed1 m\u1eabu t\u1ee7 b\u1ebfp inox \u00a0inox x\u01b0\u1edbc 3 l\u1edbp h\u1ec7 module<\/strong><\/h2>\n<p><img loading=\"lazy\" decoding=\"async\" class=\"aligncenter wp-image-2246\" src=\"https:\/\/nhatnam.org\/wp-content\/uploads\/2024\/12\/Tu-bep-inox-nhat-nam-14-300x169.jpg\" alt=\"T\u1ee7 B\u1ebfp Inox X\u01b0\u1edbc 3 L\u1edbp H\u1ec7 Module\" width=\"1200\" height=\"675\" \/><\/p>\n<p><img loading=\"lazy\" decoding=\"async\" class=\"aligncenter wp-image-2245\" src=\"https:\/\/nhatnam.org\/wp-content\/uploads\/2024\/12\/Tu-bep-inox-nhat-nam-13-300x188.jpg\" alt=\"T\u1ee7 B\u1ebfp Inox X\u01b0\u1edbc 3 L\u1edbp H\u1ec7 Module\" width=\"1200\" height=\"750\" \/><\/p>\n<p><img loading=\"lazy\" decoding=\"async\" class=\"aligncenter wp-image-2243\" src=\"https:\/\/nhatnam.org\/wp-content\/uploads\/2024\/12\/Tu-bep-inox-nhat-nam-11-300x200.jpg\" alt=\"T\u1ee7 B\u1ebfp Inox X\u01b0\u1edbc 3 L\u1edbp H\u1ec7 Module\" width=\"1200\" height=\"802\" \/><\/p>\n<p><img loading=\"lazy\" decoding=\"async\" class=\"aligncenter wp-image-2242\" src=\"https:\/\/nhatnam.org\/wp-content\/uploads\/2024\/12\/Tu-bep-inox-nhat-nam-10-300x169.jpg\" alt=\"\" width=\"1200\" height=\"675\" \/><\/p>\n<h2 style=\"text-align: justify;\"><strong>5. B\u00e1o gi\u00e1 t\u1ee7 b\u1ebfp inox x\u01b0\u1edbc 3 l\u1edbp h\u1ec7 module<\/strong><\/h2>\n<p style=\"text-align: justify;\"><span style=\"font-weight: 400;\">Gi\u00e1 t\u1ee7 b\u1ebfp inox c\u00f3 s\u1ef1 ch\u00eanh l\u1ec7ch gi\u00e1 b\u1edfi c\u00e1c ch\u1ea5t li\u1ec7u kh\u00e1c nhau. C\u00f3 nhi\u1ec1u lo\u1ea1i ch\u1ea5t li\u1ec7u c\u00e1nh kh\u00e1c nhau nh\u01b0 t\u1ee7 b\u1ebfp inox c\u00e1nh k\u00ednh, c\u00e1nh acrylic, c\u00e1nh Laminate, c\u00e1nh nh\u1ef1a, c\u00e1nh g\u1ed7 t\u1ef1 nhi\u00ean hay c\u00e1nh s\u01a1n. <\/span><span style=\"font-weight: 400;\">Vui l\u00f2ng li\u00ean h\u1ec7 ngay v\u1edbi N\u1ed9i Th\u1ea5t Nh\u1ea5t Nam \u0111\u1ec3 nh\u1eadn b\u00e1o gi\u00e1 chi ti\u1ebft v\u00e0 t\u01b0 v\u1ea5n v\u1ec1 t\u1ee7 b\u1ebfp inox x\u01b0\u1edbc 3 l\u1edbp h\u1ec7 module c\u00f9ng c\u00e1c ph\u1ee5 ki\u1ec7n v\u00e0 thi\u1ebft b\u1ecb b\u1ebfp.<\/span><\/p>\n<p style=\"text-align: justify;\"><span style=\"font-weight: 400;\">Tr\u00ean th\u1ecb tr\u01b0\u1eddng ng\u00e0y nay, ng\u00e0nh n\u1ed9i th\u1ea5t t\u1ee7 b\u1ebfp \u0111ang ph\u00e1t tri\u1ec3n m\u1ea1nh m\u1ebd, v\u1edbi s\u1ef1 gia t\u0103ng nhu c\u1ea7u t\u1eeb ph\u00eda kh\u00e1ch h\u00e0ng. Tuy nhi\u00ean, vi\u1ec7c ch\u1ecdn l\u1ef1a \u0111\u01a1n v\u1ecb s\u1ea3n xu\u1ea5t t\u1ee7 b\u1ebfp inox uy t\u00edn, ch\u1ea5t l\u01b0\u1ee3ng v\u00e0 gi\u00e1 c\u1ea3 h\u1ee3p l\u00fd kh\u00f4ng ph\u1ea3i l\u00e0 \u0111i\u1ec1u d\u1ec5 d\u00e0ng. N\u1ed9i Th\u1ea5t Nh\u1ea5t Nam l\u00e0 m\u1ed9t trong nh\u1eefng l\u1ef1a ch\u1ecdn h\u00e0ng \u0111\u1ea7u cho nh\u1eefng ai \u0111ang t\u00ecm ki\u1ebfm thi\u1ebft k\u1ebf t\u1ee7 b\u1ebfp \u0111\u1eb9p. V\u1edbi \u0111\u1ed9i ng\u0169 thi\u1ebft k\u1ebf c\u00f3 chuy\u00ean m\u00f4n, gi\u00e0u kinh nghi\u1ec7m v\u00e0 lu\u00f4n c\u1eadp nh\u1eadt xu h\u01b0\u1edbng m\u1edbi, ch\u00fang t\u00f4i cam k\u1ebft mang \u0111\u1ebfn s\u1ea3n ph\u1ea9m ch\u1ea5t l\u01b0\u1ee3ng cao v\u00e0 \u0111\u1eb9p m\u1eaft.\u00a0<\/span><\/p>\n<p style=\"text-align: justify;\"><span style=\"font-weight: 400;\">\u00a0H\u00e3y \u0111\u1ec3 N\u1ed9i Th\u1ea5t Nh\u1ea5t Nam \u0111\u1ed3ng h\u00e0nh c\u00f9ng b\u1ea1n trong vi\u1ec7c t\u1ea1o ra kh\u00f4ng gian b\u1ebfp ho\u00e0n h\u1ea3o cho ng\u00f4i nh\u00e0 c\u1ee7a b\u1ea1n.<\/span><\/p>\n","protected":false},"excerpt":{"rendered":"<p>T\u1ee7 b\u1ebfp Inox x\u01b0\u1edbc 3 l\u1edbp h\u1ec7 module hi\u1ec7n \u0111ang l\u00e0 m\u1ed9t gi\u1ea3i ph\u00e1p ph\u1ed5 bi\u1ebfn v\u00e0 \u0111\u01b0\u1ee3c \u01b0a chu\u1ed9ng tr\u00ean th\u1ecb tr\u01b0\u1eddng n\u1ed9i th\u1ea5t hi\u1ec7n nay. V\u1edbi t\u00ednh linh ho\u1ea1t v\u00e0 ti\u1ec7n \u00edch cao h\u01a1n so v\u1edbi c\u00e1c d\u00f2ng t\u1ee7 truy\u1ec1n th\u1ed1ng, c\u00f9ng s\u1ef1 \u0111a d\u1ea1ng v\u1ec1 ki\u1ec3u d\u00e1ng, t\u1ee7 b\u1ebfp module thu h\u00fat [&hellip;]<\/p>\n","protected":false},"featured_media":1197,"comment_status":"open","ping_status":"closed","template":"","meta":{"_acf_changed":false,"_gspb_post_css":""},"book-author":[],"product_brand":[],"product_cat":[109,111],"product_tag":[],"class_list":{"0":"post-1318","1":"product","2":"type-product","3":"status-publish","4":"has-post-thumbnail","6":"product_cat-tu-bep-inox","7":"product_cat-tu-bep-inox-soc-hairline","9":"first","10":"instock","11":"shipping-taxable","12":"product-type-simple"},"acf":[],"_links":{"self":[{"href":"https:\/\/nhatnam.libion.me\/wp-json\/wp\/v2\/product\/1318","targetHints":{"allow":["GET"]}}],"collection":[{"href":"https:\/\/nhatnam.libion.me\/wp-json\/wp\/v2\/product"}],"about":[{"href":"https:\/\/nhatnam.libion.me\/wp-json\/wp\/v2\/types\/product"}],"replies":[{"embeddable":true,"href":"https:\/\/nhatnam.libion.me\/wp-json\/wp\/v2\/comments?post=1318"}],"wp:featuredmedia":[{"embeddable":true,"href":"https:\/\/nhatnam.libion.me\/wp-json\/wp\/v2\/media\/1197"}],"wp:attachment":[{"href":"https:\/\/nhatnam.libion.me\/wp-json\/wp\/v2\/media?parent=1318"}],"wp:term":[{"taxonomy":"book-author","embeddable":true,"href":"https:\/\/nhatnam.libion.me\/wp-json\/wp\/v2\/book-author?post=1318"},{"taxonomy":"product_brand","embeddable":true,"href":"https:\/\/nhatnam.libion.me\/wp-json\/wp\/v2\/product_brand?post=1318"},{"taxonomy":"product_cat","embeddable":true,"href":"https:\/\/nhatnam.libion.me\/wp-json\/wp\/v2\/product_cat?post=1318"},{"taxonomy":"product_tag","embeddable":true,"href":"https:\/\/nhatnam.libion.me\/wp-json\/wp\/v2\/product_tag?post=1318"}],"curies":[{"name":"wp","href":"https:\/\/api.w.org\/{rel}","templated":true}]}}