{"id":1311,"date":"2026-04-07T10:04:23","date_gmt":"2026-04-07T10:04:23","guid":{"rendered":"https:\/\/nhatnam.libion.me\/index.php\/product\/tu-bep-inox-xuoc-1-lop-he-module\/"},"modified":"2026-04-07T10:04:41","modified_gmt":"2026-04-07T10:04:41","slug":"tu-bep-inox-xuoc-1-lop-he-module","status":"publish","type":"product","link":"https:\/\/nhatnam.libion.me\/product\/tu-bep-inox-xuoc-1-lop-he-module\/","title":{"rendered":"T\u1ee7 B\u1ebfp Inox X\u01b0\u1edbc 1 L\u1edbp H\u1ec7 Module"},"content":{"rendered":"<p style=\"text-align: justify;\"><span style=\"font-weight: 400;\">Xu h\u01b0\u1edbng t\u1ee7 b\u1ebfp inox h\u1ec7 module \u0111ang l\u00e0 \u0111i\u1ec3m n\u00f3ng thu h\u00fat s\u1ef1 ch\u00fa \u00fd c\u1ee7a nhi\u1ec1u gia \u0111\u00ecnh. Trong d\u00f2ng s\u1ea3n ph\u1ea9m n\u00e0y, t\u1ee7 b\u1ebfp inox x\u01b0\u1edbc 1 l\u1edbp h\u1ec7 module l\u00e0 m\u1ed9t l\u1ef1a ch\u1ecdn \u0111\u00e1ng c\u00e2n nh\u1eafc, h\u1ee9a h\u1eb9n mang \u0111\u1ebfn kh\u00f4ng gian b\u1ebfp ti\u1ec7n nghi v\u00e0 sang tr\u1ecdng.<\/span><\/p>\n<p style=\"text-align: justify;\"><span style=\"font-weight: 400;\">C\u00f9ng Nh\u1ea5t Nam kh\u00e1m ph\u00e1 \u0111\u1eb7c \u0111i\u1ec3m v\u00e0 ti\u1ec7n \u00edch \u0111\u1ed9c \u0111\u00e1o c\u1ee7a s\u1ea3n ph\u1ea9m n\u00e0y qua b\u00e0i vi\u1ebft d\u01b0\u1edbi \u0111\u00e2y nh\u00e9!\u00a0<\/span><\/p>\n<h2 style=\"text-align: justify;\"><b>1. T\u1ee7 b\u1ebfp inox x\u01b0\u1edbc 1 l\u1edbp h\u1ec7 module l\u00e0 g\u00ec?<\/b><span style=\"font-weight: 400;\"> \u00a0<\/span><\/h2>\n<figure id=\"attachment_2178\" aria-describedby=\"caption-attachment-2178\" style=\"width: 1280px\" class=\"wp-caption aligncenter\"><img loading=\"lazy\" decoding=\"async\" class=\"wp-image-2178\" src=\"https:\/\/nhatnam.org\/wp-content\/uploads\/2024\/12\/NTNN09-300x158.jpg\" alt=\"T\u1ee7 B\u1ebfp Inox X\u01b0\u1edbc 1 L\u1edbp H\u1ec7 Module\" width=\"1280\" height=\"672\" \/><figcaption id=\"caption-attachment-2178\" class=\"wp-caption-text\">M\u1eabu t\u1ee7 b\u1ebfp Inox ch\u1eef I ti\u1ebft ki\u1ec7m di\u1ec7n t\u00edch<\/figcaption><\/figure>\n<p style=\"text-align: justify;\"><span style=\"font-weight: 400;\">T\u1ee7 b\u1ebfp Inox x\u01b0\u1edbc 1 l\u1edbp h\u1ec7 module, l\u00e0 s\u1ef1 k\u1ebft h\u1ee3p ho\u00e0n h\u1ea3o gi\u1eefa ch\u1ea5t li\u1ec7u inox 304 cao c\u1ea5p v\u00e0 thi\u1ebft k\u1ebf linh ho\u1ea1t theo h\u1ec7 module kh\u00e1c nhau c\u00f3 th\u1ec3 l\u1eafp r\u00e1p l\u1ea1i v\u1edbi nhau \u0111\u1ec3 t\u1ea1o th\u00e0nh m\u1ed9t t\u1ee7 b\u1ebfp ho\u00e0n ch\u1ec9nh. <\/span><span style=\"font-weight: 400;\">M\u1ed7i h\u1ec7 module inox th\u01b0\u1eddng c\u00f3 k\u00edch th\u01b0\u1edbc v\u00e0 ch\u1ee9c n\u0103ng kh\u00e1c nhau, v\u00ed d\u1ee5 nh\u01b0 m\u00f4-\u0111un d\u00e0nh cho b\u1ebfp ga, m\u00f4-\u0111un d\u00e0nh cho t\u1ee7 l\u1ea1nh, m\u00f4-\u0111un d\u00e0nh cho b\u1ed3n r\u1eeda ch\u00e9n\u2026<\/span><\/p>\n<p style=\"text-align: justify;\"><span style=\"font-weight: 400;\">S\u1ef1 \u0111a d\u1ea1ng trong c\u1ea5u tr\u00fac v\u00e0 ch\u1ea5t li\u1ec7u t\u1ea1o ra m\u1ed9t s\u1ea3n ph\u1ea9m \u0111\u00e1ng gi\u00e1 cho m\u1ecdi kh\u00f4ng gian b\u1ebfp.<\/span><\/p>\n<h2 style=\"text-align: justify;\"><b>2. C\u1ea5u t\u1ea1o c\u01a1 b\u1ea3n c\u1ee7a t\u1ee7 b\u1ebfp inox x\u01b0\u1edbc 1 l\u1edbp h\u1ec7 module\u00a0<\/b><\/h2>\n<figure id=\"attachment_4576\" aria-describedby=\"caption-attachment-4576\" style=\"width: 1280px\" class=\"wp-caption aligncenter\"><img loading=\"lazy\" decoding=\"async\" class=\"wp-image-4576 size-full\" src=\"https:\/\/nhatnam.org\/wp-content\/uploads\/2025\/02\/inox_NHAT_NAM83.jpg\" alt=\"T\u1ee7 B\u1ebfp Inox X\u01b0\u1edbc 1 L\u1edbp H\u1ec7 Module\" width=\"1280\" height=\"960\" \/><figcaption id=\"caption-attachment-4576\" class=\"wp-caption-text\">H\u1ec7 th\u1ed1ng khung, th\u00f9ng t\u1ee7 \u0111\u01b0\u1ee3c gia c\u00f4ng t\u1eeb Inox 304 cao c\u1ea5p<\/figcaption><\/figure>\n<p style=\"text-align: justify;\"><i><span style=\"font-weight: 400;\">Khung, th\u00f9ng t\u1ee7 b\u1ebfp inox<\/span><\/i><span style=\"font-weight: 400;\">:\u00a0<\/span><\/p>\n<p style=\"text-align: justify;\"><span style=\"font-weight: 400;\">\u0110\u01b0\u1ee3c x\u00e2y d\u1ef1ng v\u1eefng ch\u1eafc v\u00e0 kh\u00f4ng s\u1eed d\u1ee5ng m\u1ed1i h\u00e0n, thay v\u00e0o \u0111\u00f3, khung t\u1ee7 \u0111\u01b0\u1ee3c k\u1ebft n\u1ed1i ho\u00e0n to\u00e0n b\u1eb1ng bulong v\u00e0 \u1ed1c v\u00edt.<\/span><\/p>\n<p style=\"text-align: justify;\"><span style=\"font-weight: 400;\">T\u1ee7 \u0111\u01b0\u1ee3c thi\u1ebft k\u1ebf theo h\u1ec7 module, c\u00f3 ngh\u0129a l\u00e0 c\u00e1c ph\u1ea7n c\u1ee7a t\u1ee7 c\u00f3 th\u1ec3 t\u00f9y ch\u1ec9nh k\u00edch th\u01b0\u1edbc v\u00e0 ch\u1ee9c n\u0103ng \u0111\u1ec3 ph\u00f9 h\u1ee3p v\u1edbi nhu c\u1ea7u s\u1eed d\u1ee5ng c\u1ee5 th\u1ec3 c\u1ee7a t\u1eebng gia \u0111\u00ecnh.<\/span><\/p>\n<p style=\"text-align: justify;\"><span style=\"font-weight: 400;\">\u00a0T\u1ee7 b\u1ebfp inox \u0111\u01b0\u1ee3c x\u00e2y d\u1ef1ng tr\u00ean khung v\u00e0 c\u1ed9t \u0111\u1ec3 t\u1ea1o n\u00ean c\u1ea5u tr\u00fac ch\u1eafc ch\u1eafn. Ch\u00fang th\u01b0\u1eddng \u0111\u01b0\u1ee3c l\u00e0m t\u1eeb th\u00e9p kh\u00f4ng g\u1ec9 \u0111\u1ec3 \u0111\u1ea3m b\u1ea3o \u0111\u1ed9 b\u1ec1n v\u00e0 kh\u1ea3 n\u0103ng ch\u1ed1ng oxy h\u00f3a.<\/span><\/p>\n<p style=\"text-align: justify;\"><span style=\"font-weight: 400;\">C\u00e1c t\u1ea5m inox \u0111\u01b0\u1ee3c <\/span><span style=\"font-weight: 400;\">l\u00e0m t\u1eeb ch\u1ea5t li\u1ec7u inox 304 x\u01b0\u1edbc m\u1edd hairline<\/span><span style=\"font-weight: 400;\">, <\/span><span style=\"font-weight: 400;\">c\u00f3 kh\u1ea3 n\u0103ng ch\u1ed1ng oxy h\u00f3a, ch\u1ed1ng \u0103n m\u00f2n, ch\u1ed1ng m\u1ed1i m\u1ecdt, ch\u1ed1ng \u1ea9m t\u1ed1t v\u00e0 d\u1ec5 d\u00e0ng v\u1ec7 sinh.<\/span><\/p>\n<p style=\"text-align: justify;\"><i><span style=\"font-weight: 400;\">Ph\u1ee5 ki\u1ec7n v\u00e0 thi\u1ebft b\u1ecb t\u1ee7 b\u1ebfp inox<\/span><\/i><span style=\"font-weight: 400;\">: T\u1ee7 b\u1ebfp \u0111\u01b0\u1ee3c trang b\u1ecb \u0111\u1ea7y \u0111\u1ee7 ph\u1ee5 ki\u1ec7n v\u00e0 thi\u1ebft b\u1ecb nh\u01b0 gi\u00e1 \u0111\u1ef1ng b\u00e1t \u0111\u0129a, gi\u00e1 \u0111\u1ef1ng gia v\u1ecb, gi\u00e1 g\u00f3c li\u00ean ho\u00e0n, m\u00e2m xoay, tay n\u00e2ng t\u1ee7 b\u1ebfp,&#8230; \u0111\u1ec3 t\u1ed1i \u01b0u h\u00f3a kh\u00f4ng gian v\u00e0 ti\u1ec7n \u00edch trong vi\u1ec7c s\u1eed d\u1ee5ng.<\/span><\/p>\n<p style=\"text-align: justify;\"><i><span style=\"font-weight: 400;\">C\u00e1nh t\u1ee7<\/span><\/i><span style=\"font-weight: 400;\">: C\u00e1nh t\u1ee7 \u0111\u01b0\u1ee3c l\u00e0m t\u1eeb t\u1ea5m inox v\u00e0 c\u00f3 th\u1ec3<\/span><span style=\"font-weight: 400;\"> c\u00f3 th\u1ec3 ph\u1ed1i k\u1ebft h\u1ee3p v\u1edbi nhi\u1ec1u lo\u1ea1i v\u1eadt li\u1ec7u kh\u00e1c, \u0111a d\u1ea1ng phong c\u00e1ch<\/span><\/p>\n<h2 style=\"text-align: justify;\"><b>3. \u01afu \u0111i\u1ec3m c\u1ee7a t\u1ee7 b\u1ebfp inox x\u01b0\u1edbc 1 l\u1edbp h\u1ec7 module<br \/>\n<img loading=\"lazy\" decoding=\"async\" class=\"aligncenter wp-image-5012\" src=\"https:\/\/nhatnam.org\/wp-content\/uploads\/2025\/03\/Tu_bep_Nhat_Nam78-300x183.jpg\" alt=\"T\u1ee7 B\u1ebfp Inox X\u01b0\u1edbc 1 L\u1edbp H\u1ec7 Module\" width=\"1280\" height=\"780\" \/><\/b><\/h2>\n<ul style=\"text-align: justify;\">\n<li style=\"font-weight: 400;\" aria-level=\"1\"><span style=\"font-weight: 400;\">\u0110\u01b0\u1ee3c l\u00e0m b\u1eb1ng Inox 304 x\u01b0\u1edbc m\u1edd Hairline cao c\u1ea5p, c\u00f3 kh\u1ea3 n\u0103ng ch\u1ed1ng oxy h\u00f3a (ch\u1ed1ng \u0103n m\u00f2n), ch\u1ed1ng n\u01b0\u1edbc, ch\u1ed1ng \u1ea9m m\u1ed1c, m\u1ed1i m\u1ecdt tuy\u1ec7t \u0111\u1ed1i\u2026 D\u00f2ng t\u1ee7 b\u1ebfp Inox n\u00e0y \u0111\u01b0\u1ee3c \u0111\u00e1nh gi\u00e1 c\u00f3 \u0111\u1ed9 b\u1ec1n l\u00ean \u0111\u1ebfn 30 n\u0103m.<\/span><\/li>\n<li style=\"font-weight: 400;\" aria-level=\"1\"><span style=\"font-weight: 400;\">V\u1edbi kh\u1ea3 n\u0103ng ch\u1ed1ng th\u1ea5m n\u01b0\u1edbc vi\u1ec7c v\u1ec7 sinh t\u1ee7 b\u1ebfp inox module tr\u1edf n\u00ean \u0111\u01a1n gi\u1ea3n v\u00e0 ti\u1ec7n l\u1ee3i, ti\u1ebft ki\u1ec7m th\u1eddi gian v\u00e0 c\u00f4ng s\u1ee9c.<\/span><\/li>\n<li style=\"font-weight: 400;\" aria-level=\"1\"><span style=\"font-weight: 400;\">Thi\u1ebft k\u1ebf th\u00f4ng minh gi\u00fap t\u1ee7 b\u1ebfp module t\u1ed1i \u01b0u h\u00f3a di\u1ec7n t\u00edch v\u00e0 t\u1ea1o ra kh\u00f4ng gian b\u1ebfp r\u1ed9ng r\u00e3i h\u01a1n, ph\u00f9 h\u1ee3p v\u1edbi m\u1ecdi ki\u1ec3u thi\u1ebft k\u1ebf v\u00e0 di\u1ec7n t\u00edch.<\/span><\/li>\n<li style=\"font-weight: 400;\" aria-level=\"1\"><span style=\"font-weight: 400;\">Inox kh\u00f4ng ph\u1ea3n \u1ee9ng v\u1edbi th\u1ee9c \u0103n v\u00e0 kh\u00f4ng ch\u1ee9a ch\u1ea5t \u0111\u1ed9c h\u1ea1i, \u0111\u1ea3m b\u1ea3o an to\u00e0n cho s\u1ee9c kh\u1ecfe c\u1ee7a gia \u0111\u00ecnh b\u1ea1n.<\/span><\/li>\n<li style=\"font-weight: 400;\" aria-level=\"1\"><span style=\"font-weight: 400;\">C\u1ea5u tr\u00fac module linh ho\u1ea1t v\u00e0 d\u1ec5 d\u00e0ng l\u1eafp \u0111\u1eb7t, gi\u00fap vi\u1ec7c b\u1ea3o tr\u00ec v\u00e0 s\u1eeda ch\u1eefa tr\u1edf n\u00ean \u0111\u01a1n gi\u1ea3n v\u00e0 ti\u1ebft ki\u1ec7m th\u1eddi gian.<\/span><\/li>\n<li style=\"font-weight: 400;\" aria-level=\"1\"><span style=\"font-weight: 400;\">C\u00f3 kh\u1ea3 n\u0103ng t\u01b0\u01a1ng th\u00edch v\u1edbi nhi\u1ec1u lo\u1ea1i v\u1eadt li\u1ec7u v\u00e0 ph\u1ee5 ki\u1ec7n kh\u00e1c nhau, gi\u00fap t\u1ea1o ra nhi\u1ec1u phong c\u00e1ch thi\u1ebft k\u1ebf \u0111a d\u1ea1ng v\u00e0 ph\u00f9 h\u1ee3p v\u1edbi m\u1ecdi nhu c\u1ea7u s\u1eed d\u1ee5ng.<\/span><\/li>\n<\/ul>\n<p>Ngo\u00e0i \u01b0u \u0111i\u1ec3m th\u00ec t\u1ee7 b\u1ebfp Inox x\u01b0\u1edbc c\u00f2n t\u1ed3n t\u1ea1i nh\u01b0\u1ee3c \u0111i\u1ec3m nh\u01b0 <span style=\"font-weight: 400;\">gi\u00e1 th\u00e0nh cao h\u01a1n so v\u1edbi c\u00e1c lo\u1ea1i v\u1eadt li\u1ec7u kh\u00e1c, l\u00e0m t\u0103ng chi ph\u00ed thi\u1ebft k\u1ebf v\u00e0 x\u00e2y d\u1ef1ng b\u1ebfp.<\/span><\/p>\n<h2 style=\"text-align: justify;\"><b>4. B\u00e1o gi\u00e1 t\u1ee7 b\u1ebfp inox x\u01b0\u1edbc 1 l\u1edbp h\u1ec7 module<br \/>\n<\/b><\/h2>\n<p style=\"text-align: justify;\"><span style=\"font-weight: 400;\">Gi\u00e1 t\u1ee7 b\u1ebfp inox c\u00f3 s\u1ef1 ch\u00eanh l\u1ec7ch gi\u00e1 b\u1edfi c\u00e1c ch\u1ea5t li\u1ec7u v\u00e0 k\u00edch th\u01b0\u1edbc t\u1ee7 theo mong mu\u1ed1n c\u1ee7a ch\u1ee7 nh\u00e0. <\/span><span style=\"font-weight: 400;\">Vui l\u00f2ng li\u00ean h\u1ec7 ngay v\u1edbi Nh\u1ea5t Nam \u0111\u1ec3 nh\u1eadn b\u00e1o gi\u00e1 chi ti\u1ebft v\u00e0 t\u01b0 v\u1ea5n v\u1ec1 t\u1ee7 b\u1ebfp inox h\u1ec7 module.<\/span><\/p>\n<h2 style=\"text-align: justify;\"><b>5. Nh\u1ea5t Nam &#8211; \u0111\u01a1n v\u1ecb thi\u1ebft k\u1ebf thi c\u00f4ng t\u1ee7 b\u1ebfp uy t\u00edn<br \/>\n<\/b><\/h2>\n<figure id=\"attachment_4987\" aria-describedby=\"caption-attachment-4987\" style=\"width: 1280px\" class=\"wp-caption aligncenter\"><img loading=\"lazy\" decoding=\"async\" class=\"wp-image-4987 size-full\" src=\"https:\/\/nhatnam.org\/wp-content\/uploads\/2025\/03\/Tu_bep_Nhat_Nam53.jpg\" alt=\"T\u1ee7 B\u1ebfp Inox X\u01b0\u1edbc 1 L\u1edbp H\u1ec7 Module\" width=\"1280\" height=\"960\" \/><figcaption id=\"caption-attachment-4987\" class=\"wp-caption-text\">Nh\u1ea5t Nam- \u0110\u1ecba ch\u1ec9 uy t\u00edn chuy\u00ean t\u01b0 v\u1ea5n thi\u1ebft k\u1ebf, thi c\u00f4ng t\u1ee7 b\u1ebfp Inox<\/figcaption><\/figure>\n<p style=\"text-align: justify;\"><span style=\"font-weight: 400;\">Nh\u1ea5t Nam t\u1ef1 h\u00e0o l\u00e0 m\u1ed9t \u0111\u1ecba ch\u1ec9 uy t\u00edn trong l\u0129nh v\u1ef1c thi\u1ebft k\u1ebf v\u00e0 thi c\u00f4ng t\u1ee7 b\u1ebfp inox. V\u1edbi nhi\u1ec1u n\u0103m ho\u1ea1t \u0111\u1ed9ng, ch\u00fang t\u00f4i \u0111\u00e3 x\u00e2y d\u1ef1ng uy t\u00edn d\u1ef1a tr\u00ean ch\u1ea5t l\u01b0\u1ee3ng s\u1ea3n ph\u1ea9m, t\u00ednh th\u1ea9m m\u1ef9, v\u00e0 s\u1ef1 t\u1eadn t\u00e2m \u0111\u1ebfn t\u1eebng chi ti\u1ebft.<\/span><\/p>\n<p style=\"text-align: justify;\"><span style=\"font-weight: 400;\">\u0110\u1ed9i ng\u0169 chuy\u00ean gia v\u00e0 th\u1ee3 l\u00e0nh ngh\u1ec1 c\u1ee7a ch\u00fang t\u00f4i c\u00f3 kinh nghi\u1ec7m l\u00e2u n\u0103m trong vi\u1ec7c thi\u1ebft k\u1ebf v\u00e0 thi c\u00f4ng t\u1ee7 b\u1ebfp inox, cam k\u1ebft \u0111\u00e1p \u1ee9ng m\u1ecdi y\u00eau c\u1ea7u c\u1ee7a kh\u00e1ch h\u00e0ng v\u00e0 mang \u0111\u1ebfn kh\u00f4ng gian b\u1ebfp ho\u00e0n h\u1ea3o.<\/span><\/p>\n<p style=\"text-align: justify;\"><span style=\"font-weight: 400;\">Tr\u00ean \u0111\u00e2y l\u00e0 m\u1ed9t s\u1ed1 chia s\u1ebb c\u1ee7a <a href=\"https:\/\/www.facebook.com\/ctynhatnam2011\" target=\"_blank\" rel=\"noopener\">Nh\u1ea5t Nam<\/a> v\u1ec1 t\u1ee7 b\u1ebfp inox x\u01b0\u1edbc 1 l\u1edbp h\u1ec7 module. Hy v\u1ecdng nh\u1eefng th\u00f4ng tin n\u00e0y s\u1ebd h\u1eefu \u00edch v\u1edbi Qu\u00fd kh\u00e1ch h\u00e0ng trong qu\u00e1 tr\u00ecnh t\u00ecm ki\u1ebfm s\u1ea3n ph\u1ea9m t\u1ee7 b\u1ebfp ph\u00f9 h\u1ee3p v\u1edbi c\u0103n h\u1ed9 c\u1ee7a nh\u00e0 m\u00ecnh.<\/span><\/p>\n<h2><strong>6. M\u1ed9t s\u1ed1 m\u1eabu t\u1ee7 b\u1ebfp Inox \u0111\u1eb9p<\/strong><\/h2>\n<p>D\u01b0\u1edbi \u0111\u00e2y l\u00e0 m\u1ed9t s\u1ed1 m\u1eabu t\u1ee7 b\u1ebfp inox \u0111\u01b0\u1ee3c thi\u1ebft k\u1ebf, thi c\u00f4ng b\u1edfi Nh\u1ea5t Nam. V\u1edbi thi\u1ebft k\u1ebf hi\u1ec7n \u0111\u1ea1i, b\u1ec1n \u0111\u1eb9p, \u0111\u01b0\u1ee3c gia c\u00f4ng t\u1ec9 m\u1ec9 t\u1eeb inox 304 cao c\u1ea5p C\u00e1c m\u1eabu t\u1ee7 kh\u00f4ng ch\u1ec9 \u0111\u1ea3m b\u1ea3o \u0111\u1ed9 b\u1ec1n v\u01b0\u1ee3t tr\u1ed9i m\u00e0 c\u00f2n mang \u0111\u1ebfn s\u1ef1 ti\u1ec7n nghi, sang tr\u1ecdng, ph\u00f9 h\u1ee3p v\u1edbi nhi\u1ec1u kh\u00f4ng gian b\u1ebfp kh\u00e1c nhau.<\/p>\n<figure id=\"attachment_4833\" aria-describedby=\"caption-attachment-4833\" style=\"width: 1280px\" class=\"wp-caption aligncenter\"><img loading=\"lazy\" decoding=\"async\" class=\"wp-image-4833 size-full\" src=\"https:\/\/nhatnam.org\/wp-content\/uploads\/2025\/02\/29-10.jpg\" alt=\"T\u1ee7 B\u1ebfp Inox X\u01b0\u1edbc 1 L\u1edbp H\u1ec7 Module\" width=\"1280\" height=\"960\" \/><figcaption id=\"caption-attachment-4833\" class=\"wp-caption-text\">M\u1eabu t\u1ee7 b\u1ebfp ch\u1eef I ti\u1ebft ki\u1ec7m di\u1ec7n t\u00edch<\/figcaption><\/figure>\n<figure id=\"attachment_4810\" aria-describedby=\"caption-attachment-4810\" style=\"width: 1280px\" class=\"wp-caption aligncenter\"><img loading=\"lazy\" decoding=\"async\" class=\"wp-image-4810 size-full\" src=\"https:\/\/nhatnam.org\/wp-content\/uploads\/2025\/02\/28-1.jpg\" alt=\"T\u1ee7 B\u1ebfp Inox X\u01b0\u1edbc 1 L\u1edbp H\u1ec7 Module\" width=\"1280\" height=\"960\" \/><figcaption id=\"caption-attachment-4810\" class=\"wp-caption-text\">M\u1eabu t\u1ee7 b\u1ebfp c\u00e1nh k\u00ednh c\u01b0\u1eddng l\u1ef1c thi\u1ebft k\u1ebf hi\u1ec7n \u0111\u1ea1i<\/figcaption><\/figure>\n<figure id=\"attachment_4752\" aria-describedby=\"caption-attachment-4752\" style=\"width: 1280px\" class=\"wp-caption aligncenter\"><img loading=\"lazy\" decoding=\"async\" class=\"wp-image-4752 size-full\" src=\"https:\/\/nhatnam.org\/wp-content\/uploads\/2025\/02\/21-2.jpg\" alt=\"T\u1ee7 B\u1ebfp Inox X\u01b0\u1edbc 1 L\u1edbp H\u1ec7 Module\" width=\"1280\" height=\"960\" \/><figcaption id=\"caption-attachment-4752\" class=\"wp-caption-text\">M\u1eabu t\u1ee7 b\u1ebfp c\u00e1nh k\u00ednh \u0111\u1eb9p, hi\u1ec7n \u0111\u1ea1i<\/figcaption><\/figure>\n<figure id=\"attachment_5066\" aria-describedby=\"caption-attachment-5066\" style=\"width: 1280px\" class=\"wp-caption aligncenter\"><img loading=\"lazy\" decoding=\"async\" class=\"wp-image-5066 size-full\" src=\"https:\/\/nhatnam.org\/wp-content\/uploads\/2025\/03\/Inox_canh_kinh_son_mau05.jpg\" alt=\"T\u1ee7 B\u1ebfp Inox X\u01b0\u1edbc 1 L\u1edbp H\u1ec7 Module\" width=\"1280\" height=\"960\" \/><figcaption id=\"caption-attachment-5066\" class=\"wp-caption-text\">M\u1eabu t\u1ee7 b\u1ebfp g\u00f3c ch\u1eef L<\/figcaption><\/figure>\n<figure id=\"attachment_5011\" aria-describedby=\"caption-attachment-5011\" style=\"width: 1280px\" class=\"wp-caption aligncenter\"><img loading=\"lazy\" decoding=\"async\" class=\"wp-image-5011 size-full\" src=\"https:\/\/nhatnam.org\/wp-content\/uploads\/2025\/03\/Tu_bep_Nhat_Nam77.jpg\" alt=\"T\u1ee7 B\u1ebfp Inox Module L\u1eafp Gh\u00e9p\" width=\"1280\" height=\"960\" \/><figcaption id=\"caption-attachment-5011\" class=\"wp-caption-text\">M\u1eabu t\u1ee7 b\u1ebfp c\u00e1nh k\u00ednh s\u01a1n m\u00e0u sang tr\u1ecdng<\/figcaption><\/figure>\n<figure id=\"attachment_3494\" aria-describedby=\"caption-attachment-3494\" style=\"width: 1280px\" class=\"wp-caption aligncenter\"><img loading=\"lazy\" decoding=\"async\" class=\"wp-image-3494 size-full\" src=\"https:\/\/nhatnam.org\/wp-content\/uploads\/2024\/12\/1-5.jpg\" alt=\"T\u1ee7 B\u1ebfp Inox X\u01b0\u1edbc 1 L\u1edbp H\u1ec7 Module\" width=\"1280\" height=\"960\" \/><figcaption id=\"caption-attachment-3494\" class=\"wp-caption-text\">M\u1eabu b\u1ebfp Inox \u0111\u1eb9p<\/figcaption><\/figure>\n","protected":false},"excerpt":{"rendered":"<p style=\"text-align: justify;\"><span style=\"font-weight: 400;\">Xu h\u01b0\u1edbng t\u1ee7 b\u1ebfp inox h\u1ec7 module \u0111ang l\u00e0 \u0111i\u1ec3m n\u00f3ng thu h\u00fat s\u1ef1 ch\u00fa \u00fd c\u1ee7a nhi\u1ec1u gia \u0111\u00ecnh. Trong d\u00f2ng s\u1ea3n ph\u1ea9m n\u00e0y, t\u1ee7 b\u1ebfp inox x\u01b0\u1edbc 1 l\u1edbp h\u1ec7 module l\u00e0 m\u1ed9t l\u1ef1a ch\u1ecdn \u0111\u00e1ng c\u00e2n nh\u1eafc, h\u1ee9a h\u1eb9n mang \u0111\u1ebfn kh\u00f4ng gian b\u1ebfp ti\u1ec7n nghi v\u00e0 sang tr\u1ecdng.<\/span><\/p>\n<p style=\"text-align: justify;\"><span style=\"font-weight: 400;\">C\u00f9ng Nh\u1ea5t Nam kh\u00e1m ph\u00e1 \u0111\u1eb7c \u0111i\u1ec3m v\u00e0 ti\u1ec7n \u00edch \u0111\u1ed9c \u0111\u00e1o c\u1ee7a s\u1ea3n ph\u1ea9m n\u00e0y qua b\u00e0i vi\u1ebft d\u01b0\u1edbi \u0111\u00e2y nh\u00e9!<\/span><\/p>\n","protected":false},"featured_media":1195,"comment_status":"open","ping_status":"closed","template":"","meta":{"_acf_changed":false,"_gspb_post_css":""},"book-author":[],"product_brand":[],"product_cat":[109,111],"product_tag":[],"class_list":{"0":"post-1311","1":"product","2":"type-product","3":"status-publish","4":"has-post-thumbnail","6":"product_cat-tu-bep-inox","7":"product_cat-tu-bep-inox-soc-hairline","9":"first","10":"instock","11":"shipping-taxable","12":"product-type-simple"},"acf":[],"_links":{"self":[{"href":"https:\/\/nhatnam.libion.me\/wp-json\/wp\/v2\/product\/1311","targetHints":{"allow":["GET"]}}],"collection":[{"href":"https:\/\/nhatnam.libion.me\/wp-json\/wp\/v2\/product"}],"about":[{"href":"https:\/\/nhatnam.libion.me\/wp-json\/wp\/v2\/types\/product"}],"replies":[{"embeddable":true,"href":"https:\/\/nhatnam.libion.me\/wp-json\/wp\/v2\/comments?post=1311"}],"wp:featuredmedia":[{"embeddable":true,"href":"https:\/\/nhatnam.libion.me\/wp-json\/wp\/v2\/media\/1195"}],"wp:attachment":[{"href":"https:\/\/nhatnam.libion.me\/wp-json\/wp\/v2\/media?parent=1311"}],"wp:term":[{"taxonomy":"book-author","embeddable":true,"href":"https:\/\/nhatnam.libion.me\/wp-json\/wp\/v2\/book-author?post=1311"},{"taxonomy":"product_brand","embeddable":true,"href":"https:\/\/nhatnam.libion.me\/wp-json\/wp\/v2\/product_brand?post=1311"},{"taxonomy":"product_cat","embeddable":true,"href":"https:\/\/nhatnam.libion.me\/wp-json\/wp\/v2\/product_cat?post=1311"},{"taxonomy":"product_tag","embeddable":true,"href":"https:\/\/nhatnam.libion.me\/wp-json\/wp\/v2\/product_tag?post=1311"}],"curies":[{"name":"wp","href":"https:\/\/api.w.org\/{rel}","templated":true}]}}