{"id":1308,"date":"2026-04-07T10:04:22","date_gmt":"2026-04-07T10:04:22","guid":{"rendered":"https:\/\/nhatnam.libion.me\/index.php\/product\/tu-quan-ao-nhom-omega\/"},"modified":"2026-04-07T10:04:22","modified_gmt":"2026-04-07T10:04:22","slug":"tu-quan-ao-nhom-omega","status":"publish","type":"product","link":"https:\/\/nhatnam.libion.me\/product\/tu-quan-ao-nhom-omega\/","title":{"rendered":"T\u1ee7 Qu\u1ea7n \u00c1o Nh\u00f4m Omega"},"content":{"rendered":"<p style=\"text-align: justify;\">T\u1ee7 qu\u1ea7n \u00e1o nh\u00f4m Omega l\u00e0 gi\u1ea3i ph\u00e1p n\u1ed9i th\u1ea5t ho\u00e0n h\u1ea3o cho nh\u1eefng ai t\u00ecm ki\u1ebfm s\u1ef1 b\u1ec1n b\u1ec9 v\u00e0 th\u1ea9m m\u1ef9 trong kh\u00f4ng gian s\u1ed1ng. V\u1edbi ch\u1ea5t li\u1ec7u nh\u00f4m cao c\u1ea5p, t\u1ee7 kh\u00f4ng ch\u1ec9 ch\u1ed1ng m\u1ed1i m\u1ecdt, cong v\u00eanh m\u00e0 c\u00f2n c\u00f3 tu\u1ed5i th\u1ecd v\u01b0\u1ee3t tr\u1ed9i so v\u1edbi c\u00e1c lo\u1ea1i t\u1ee7 th\u00f4ng th\u01b0\u1eddng. Thi\u1ebft k\u1ebf hi\u1ec7n \u0111\u1ea1i, ki\u1ec3u d\u00e1ng \u0111a d\u1ea1ng c\u00f9ng m\u00e0u s\u1eafc phong ph\u00fa gi\u00fap t\u1ee7 qu\u1ea7n \u00e1o nh\u00f4m Omega d\u1ec5 d\u00e0ng ph\u00f9 h\u1ee3p v\u1edbi m\u1ecdi phong c\u00e1ch n\u1ed9i th\u1ea5t. \u0110\u00e2y ch\u00ednh l\u00e0 l\u1ef1a ch\u1ecdn l\u00fd t\u01b0\u1edfng \u0111\u1ec3 mang l\u1ea1i s\u1ef1 ti\u1ec7n nghi v\u00e0 sang tr\u1ecdng cho kh\u00f4ng gian c\u1ee7a b\u1ea1n.<\/p>\n<h2 style=\"text-align: justify;\"><strong>1. S\u01a1 l\u01b0\u1ee3c v\u1ec1 t\u1ee7 qu\u1ea7n \u00e1o nh\u00f4m omega\u00a0<\/strong><\/h2>\n<p><img loading=\"lazy\" decoding=\"async\" class=\"aligncenter wp-image-2861 size-full\" src=\"https:\/\/nhatnam.org\/wp-content\/uploads\/2024\/12\/3-2.jpg\" alt=\"T\u1ee7 qu\u1ea7n \u00e1o nh\u00f4m k\u00ednh Omega\" width=\"1200\" height=\"960\" \/><\/p>\n<p style=\"text-align: justify;\"><span style=\"font-weight: 400;\">Trong xu h\u01b0\u1edbng n\u1ed9i th\u1ea5t hi\u1ec7n \u0111\u1ea1i, d\u00f2ng s\u1ea3n ph\u1ea9m nh\u00f4m n\u1ed9i th\u1ea5t Omega \u0111ang thu h\u00fat s\u1ef1 quan t\u00e2m c\u1ee7a ng\u01b0\u1eddi ti\u00eau d\u00f9ng. \u0110\u01b0\u1ee3c l\u00e0m t\u1eeb nh\u1eefng thanh nh\u00f4m Omega cao c\u1ea5p, t\u1ee7 qu\u1ea7n \u00e1o nh\u00f4m Omega mang \u0111\u1ebfn nh\u1eefng \u01b0u \u0111i\u1ec3m v\u01b0\u1ee3t tr\u1ed9i nh\u01b0 nh\u1eb9 nh\u00e0ng, \u0111\u1eb9p m\u1eaft v\u00e0 kh\u1eafc ph\u1ee5c nh\u01b0\u1ee3c \u0111i\u1ec3m c\u1ee7a n\u1ed9i th\u1ea5t g\u1ed7 truy\u1ec1n th\u1ed1ng. V\u1edbi hai m\u00e0u s\u1eafc ch\u00ednh l\u00e0 m\u00e0u v\u00e2n g\u1ed7 v\u00e0 m\u00e0u tr\u1eafng, t\u1ee7 qu\u1ea7n \u00e1o nh\u00f4m Omega mang \u0111\u1ebfn kh\u00f4ng gian n\u1ed9i th\u1ea5t sang tr\u1ecdng v\u00e0 hi\u1ec7n \u0111\u1ea1i cho c\u0103n nh\u00e0 c\u1ee7a b\u1ea1n.<\/span><\/p>\n<h2 style=\"text-align: justify;\"><strong>2. C\u1ea5u tr\u00fac c\u1ee7a t\u1ee7 qu\u1ea7n \u00e1o nh\u00f4m omega<\/strong><\/h2>\n<p><img loading=\"lazy\" decoding=\"async\" class=\"aligncenter wp-image-2860 size-full\" src=\"https:\/\/nhatnam.org\/wp-content\/uploads\/2024\/12\/2-2.jpg\" alt=\"T\u1ee7 qu\u1ea7n \u00e1o nh\u00f4m k\u00ednh Omega\" width=\"1200\" height=\"960\" \/><\/p>\n<ul style=\"text-align: justify;\">\n<li style=\"font-weight: 400;\" aria-level=\"1\"><span style=\"font-weight: 400;\">Khung t\u1ee7: L\u00e0 n\u1ec1n m\u00f3ng ch\u1eafc ch\u1eafn c\u1ee7a t\u1ee7, \u0111\u01b0\u1ee3c l\u00e0m t\u1eeb nh\u00f4m n\u1ed9i th\u1ea5t Omega ch\u1ea5t l\u01b0\u1ee3ng cao, v\u1edbi h\u01a1n 90% l\u00e0 nh\u00f4m cao c\u1ea5p. Khung t\u1ee7 \u0111\u1ea3m b\u1ea3o c\u1ea5u tr\u00fac v\u1eefng ch\u1eafc v\u00e0 h\u1ed7 tr\u1ee3 c\u00e1c ph\u1ea7n kh\u00e1c c\u1ee7a t\u1ee7.<\/span><\/li>\n<li style=\"font-weight: 400;\" aria-level=\"1\"><span style=\"font-weight: 400;\">C\u00e1nh t\u1ee7: L\u00e0 ph\u1ea7n m\u1edf v\u00e0 \u0111\u00f3ng c\u1ee7a t\u1ee7, c\u00f3 th\u1ec3 l\u00e0 m\u1ed9t ho\u1eb7c nhi\u1ec1u c\u00e1nh t\u00f9y thu\u1ed9c v\u00e0o thi\u1ebft k\u1ebf v\u00e0 k\u00edch th\u01b0\u1edbc. Th\u01b0\u1eddng \u0111\u01b0\u1ee3c l\u00e0m t\u1eeb k\u00ednh ho\u1eb7c g\u1ed7, c\u00e1nh t\u1ee7 gi\u00fap ho\u00e0n thi\u1ec7n c\u1ea5u tr\u00fac v\u00e0 t\u1ea1o \u0111i\u1ec3m nh\u1ea5n cho t\u1ee7.<\/span><\/li>\n<li style=\"font-weight: 400;\" aria-level=\"1\"><span style=\"font-weight: 400;\">Ng\u0103n k\u00e9o: \u0110\u01b0\u1ee3c s\u1eed d\u1ee5ng \u0111\u1ec3 l\u01b0u tr\u1eef c\u00e1c \u0111\u1ed3 d\u00f9ng nh\u1ecf nh\u01b0 qu\u1ea7n \u00e1o, ph\u1ee5 ki\u1ec7n, ho\u1eb7c \u0111\u1ed3 trang \u0111i\u1ec3m. S\u1ed1 l\u01b0\u1ee3ng v\u00e0 k\u00edch th\u01b0\u1edbc c\u1ee7a ng\u0103n k\u00e9o th\u01b0\u1eddng ph\u1ee5 thu\u1ed9c v\u00e0o thi\u1ebft k\u1ebf c\u1ee7a t\u1ee7 qu\u1ea7n \u00e1o nh\u00f4m Omega.<\/span><\/li>\n<li style=\"font-weight: 400;\" aria-level=\"1\"><span style=\"font-weight: 400;\">Gi\u00e1 treo qu\u1ea7n \u00e1o: L\u00e0 c\u00e1c thanh ngang trong t\u1ee7 \u0111\u1ec3 treo qu\u1ea7n \u00e1o, th\u01b0\u1eddng \u0111\u01b0\u1ee3c l\u00e0m t\u1eeb g\u1ed7 ho\u1eb7c kim lo\u1ea1i c\u00f3 th\u1ec3 \u0111i\u1ec1u ch\u1ec9nh \u0111\u1ed9 cao \u0111\u1ec3 ph\u00f9 h\u1ee3p v\u1edbi chi\u1ec1u cao c\u1ee7a qu\u1ea7n \u00e1o.<\/span><\/li>\n<li style=\"font-weight: 400;\" aria-level=\"1\"><span style=\"font-weight: 400;\">K\u1ec7: L\u00e0 c\u00e1c b\u1ec1 m\u1eb7t ngang trong t\u1ee7 \u0111\u01b0\u1ee3c s\u1eed d\u1ee5ng \u0111\u1ec3 ch\u1ee9a c\u00e1c \u0111\u1ed3 d\u00f9ng kh\u00e1c nh\u01b0 h\u1ed9p, t\u00fai x\u00e1ch, gi\u00e0y d\u00e9p, ho\u1eb7c \u0111\u1ed3 trang \u0111i\u1ec3m. S\u1ed1 l\u01b0\u1ee3ng k\u1ec7 c\u00f3 th\u1ec3 thay \u0111\u1ed5i t\u00f9y thu\u1ed9c v\u00e0o thi\u1ebft k\u1ebf c\u1ee7a t\u1ee7.<\/span><\/li>\n<li style=\"font-weight: 400;\" aria-level=\"1\"><span style=\"font-weight: 400;\">H\u1ec7 th\u1ed1ng \u0111\u00f3ng m\u1edf: T\u1ee7 qu\u1ea7n \u00e1o nh\u00f4m Omega th\u01b0\u1eddng s\u1eed d\u1ee5ng c\u00e1c h\u1ec7 th\u1ed1ng \u0111\u00f3ng m\u1edf nh\u01b0 c\u01a1 c\u1ea5u tr\u01b0\u1ee3t, c\u01a1 c\u1ea5u xo\u00e1y ho\u1eb7c c\u01a1 c\u1ea5u m\u1edf truy\u1ec1n th\u1ed1ng, \u0111\u01b0\u1ee3c k\u1ebft h\u1ee3p v\u1edbi c\u00e1c lo\u1ea1i b\u1ea3n l\u1ec1 t\u1eeb c\u00e1c nh\u00e0 s\u1ea3n xu\u1ea5t uy t\u00edn nh\u01b0 Hafele, Blum, Hettich&#8230;<\/span><\/li>\n<\/ul>\n<h2 style=\"text-align: justify;\"><strong>3. \u01afu \u0111i\u1ec3m c\u1ee7a t\u1ee7 qu\u1ea7n \u00e1o nh\u00f4m k\u00ednh omega<\/strong><\/h2>\n<p><img loading=\"lazy\" decoding=\"async\" class=\"aligncenter wp-image-2859 size-full\" src=\"https:\/\/nhatnam.org\/wp-content\/uploads\/2024\/12\/1-2.jpg\" alt=\"T\u1ee7 qu\u1ea7n \u00e1o nh\u00f4m k\u00ednh Omega\" width=\"1200\" height=\"960\" \/><\/p>\n<p style=\"text-align: justify;\"><span style=\"font-weight: 400;\">D\u01b0\u1edbi \u0111\u00e2y l\u00e0 m\u1ed9t s\u1ed1 \u01b0u \u0111i\u1ec3m c\u1ee7a t\u1ee7 qu\u1ea7n \u00e1o nh\u00f4m k\u00ednh Omega:<\/span><\/p>\n<ul style=\"text-align: justify;\">\n<li style=\"font-weight: 400;\" aria-level=\"1\"><span style=\"font-weight: 400;\">Th\u1ea9m m\u1ef9 cao: T\u1ee7 qu\u1ea7n \u00e1o nh\u00f4m k\u00ednh Omega th\u01b0\u1eddng c\u00f3 thi\u1ebft k\u1ebf hi\u1ec7n \u0111\u1ea1i, sang tr\u1ecdng, t\u1ea1o \u0111i\u1ec3m nh\u1ea5n cho kh\u00f4ng gian n\u1ed9i th\u1ea5t. S\u1ef1 k\u1ebft h\u1ee3p gi\u1eefa nh\u00f4m v\u00e0 k\u00ednh t\u1ea1o n\u00ean v\u1ebb \u0111\u1eb9p thanh l\u1ecbch v\u00e0 hi\u1ec7n \u0111\u1ea1i.<\/span><\/li>\n<li style=\"font-weight: 400;\" aria-level=\"1\"><span style=\"font-weight: 400;\">\u0110a d\u1ea1ng m\u1eabu m\u00e3: T\u1ee7 qu\u1ea7n \u00e1o nh\u00f4m k\u00ednh Omega c\u00f3 nhi\u1ec1u m\u1eabu m\u00e3, ki\u1ec3u d\u00e1ng \u0111\u1ec3 kh\u00e1ch h\u00e0ng l\u1ef1a ch\u1ecdn, t\u1eeb t\u1ee7 c\u00e1nh l\u00f9a \u0111\u1ebfn t\u1ee7 c\u00e1nh m\u1edf, t\u1eeb t\u1ee7 \u0111\u01a1n gi\u1ea3n \u0111\u1ebfn t\u1ee7 ph\u1ee9c t\u1ea1p, \u0111\u00e1p \u1ee9ng \u0111\u01b0\u1ee3c nhi\u1ec1u nhu c\u1ea7u v\u00e0 phong c\u00e1ch s\u1eed d\u1ee5ng.<\/span><\/li>\n<li style=\"font-weight: 400;\" aria-level=\"1\"><span style=\"font-weight: 400;\">Ch\u1ea5t l\u01b0\u1ee3ng v\u00e0 b\u1ec1n b\u1ec9: S\u1eed d\u1ee5ng nh\u00f4m v\u00e0 k\u00ednh ch\u1ea5t l\u01b0\u1ee3ng cao, t\u1ee7 qu\u1ea7n \u00e1o nh\u00f4m k\u00ednh Omega th\u01b0\u1eddng c\u00f3 \u0111\u1ed9 b\u1ec1n v\u00e0 tu\u1ed5i th\u1ecd cao, kh\u00e1ng n\u01b0\u1edbc, ch\u1ed1ng \u1ea9m t\u1ed1t, kh\u00f4ng b\u1ecb oxi h\u00f3a hay bi\u1ebfn d\u1ea1ng sau th\u1eddi gian s\u1eed d\u1ee5ng.<\/span><\/li>\n<li style=\"font-weight: 400;\" aria-level=\"1\"><span style=\"font-weight: 400;\">D\u1ec5 d\u00e0ng v\u1ec7 sinh v\u00e0 b\u1ea3o qu\u1ea3n: B\u1ec1 m\u1eb7t nh\u00f4m v\u00e0 k\u00ednh d\u1ec5 lau ch\u00f9i, v\u1ec7 sinh, kh\u00f4ng b\u00e1m b\u1ee5i, kh\u00f4ng m\u1ed1i m\u1ecdt, gi\u00fap cho vi\u1ec7c b\u1ea3o qu\u1ea3n v\u00e0 duy tr\u00ec s\u1ef1 s\u1ea1ch s\u1ebd c\u1ee7a t\u1ee7 tr\u1edf n\u00ean d\u1ec5 d\u00e0ng h\u01a1n.<\/span><\/li>\n<\/ul>\n<h2 style=\"text-align: justify;\"><strong>4. C\u00e1ch ch\u1ecdn t\u1ee7 qu\u1ea7n \u00e1o nh\u00f4m omega ph\u00f9 h\u1ee3p<\/strong><\/h2>\n<p style=\"text-align: justify;\"><span style=\"font-weight: 400;\">Khi l\u1ef1a ch\u1ecdn mua m\u1ed9t chi\u1ebfc t\u1ee7 qu\u1ea7n \u00e1o nh\u00f4m n\u1ed9i th\u1ea5t Omega, b\u1ea1n n\u00ean xem x\u00e9t c\u00e1c y\u1ebfu t\u1ed1 sau:<\/span><\/p>\n<ul style=\"text-align: justify;\">\n<li style=\"font-weight: 400;\" aria-level=\"1\"><span style=\"font-weight: 400;\">K\u00edch th\u01b0\u1edbc: \u0110o \u0111\u1ea1c k\u00edch th\u01b0\u1edbc kh\u00f4ng gian n\u01a1i b\u1ea1n d\u1ef1 \u0111\u1ecbnh \u0111\u1eb7t t\u1ee7 \u0111\u1ec3 ch\u1ecdn m\u1ed9t chi\u1ebfc t\u1ee7 ph\u00f9 h\u1ee3p v\u1edbi kh\u00f4ng gian \u0111\u00f3.<\/span><\/li>\n<li style=\"font-weight: 400;\" aria-level=\"1\"><span style=\"font-weight: 400;\">Thi\u1ebft k\u1ebf v\u00e0 m\u1eabu m\u00e3: Ch\u1ecdn m\u1ed9t thi\u1ebft k\u1ebf v\u00e0 m\u1eabu m\u00e3 ph\u00f9 h\u1ee3p v\u1edbi phong c\u00e1ch n\u1ed9i th\u1ea5t v\u00e0 s\u1edf th\u00edch c\u00e1 nh\u00e2n c\u1ee7a b\u1ea1n.<\/span><\/li>\n<li style=\"font-weight: 400;\" aria-level=\"1\"><span style=\"font-weight: 400;\">Ch\u1ea5t li\u1ec7u: \u0110\u1ea3m b\u1ea3o t\u1ee7 \u0111\u01b0\u1ee3c l\u00e0m t\u1eeb nh\u00f4m v\u00e0 k\u00ednh ch\u1ea5t l\u01b0\u1ee3ng cao, \u0111\u1ea3m b\u1ea3o t\u00ednh b\u1ec1n b\u1ec9 v\u00e0 \u0111\u1ed9 b\u1ec1n c\u1ee7a s\u1ea3n ph\u1ea9m.<\/span><\/li>\n<li style=\"font-weight: 400;\" aria-level=\"1\"><span style=\"font-weight: 400;\">Ti\u1ec7n \u00edch v\u00e0 b\u1ed1 tr\u00ed n\u1ed9i th\u1ea5t b\u00ean trong: Xem x\u00e9t c\u00e1c t\u00ednh n\u0103ng ti\u1ec7n \u00edch nh\u01b0 ng\u0103n k\u00e9o, gi\u00e1 treo qu\u1ea7n \u00e1o, k\u1ec7 \u0111\u1ec3 \u0111\u1ed3 \u0111\u1ec3 \u0111\u1ea3m b\u1ea3o t\u1ee7 \u0111\u00e1p \u1ee9ng \u0111\u01b0\u1ee3c nhu c\u1ea7u l\u01b0u tr\u1eef c\u1ee7a b\u1ea1n.<\/span><\/li>\n<li style=\"font-weight: 400;\" aria-level=\"1\"><span style=\"font-weight: 400;\">Ng\u00e2n s\u00e1ch: X\u00e1c \u0111\u1ecbnh ng\u00e2n s\u00e1ch c\u1ee7a b\u1ea1n tr\u01b0\u1edbc khi mua \u0111\u1ec3 ch\u1ecdn \u0111\u01b0\u1ee3c chi\u1ebfc t\u1ee7 ph\u00f9 h\u1ee3p v\u1edbi t\u00fai ti\u1ec1n c\u1ee7a b\u1ea1n m\u00e0 v\u1eabn \u0111\u1ea3m b\u1ea3o ch\u1ea5t l\u01b0\u1ee3ng s\u1ea3n ph\u1ea9m.<\/span><\/li>\n<\/ul>\n<h2 style=\"text-align: justify;\"><strong>5. Tham kh\u1ea3o m\u1ed9t s\u1ed1 m\u1eabu t\u1ee7 nh\u00f4m omega t\u1ea1i Nh\u1ea5t Nam<\/strong><\/h2>\n<p><img loading=\"lazy\" decoding=\"async\" class=\"aligncenter wp-image-2862\" src=\"https:\/\/nhatnam.org\/wp-content\/uploads\/2024\/12\/tu-ao-omega-1-300x300.jpg\" alt=\"T\u1ee7 qu\u1ea7n \u00e1o nh\u00f4m k\u00ednh Omega\" width=\"1200\" height=\"1200\" \/><\/p>\n<p><img loading=\"lazy\" decoding=\"async\" class=\"aligncenter wp-image-2863\" src=\"https:\/\/nhatnam.org\/wp-content\/uploads\/2024\/12\/tu-ao-omega-2-225x300.jpg\" alt=\"T\u1ee7 qu\u1ea7n \u00e1o nh\u00f4m k\u00ednh Omega\" width=\"1200\" height=\"1600\" \/><\/p>\n<p><img loading=\"lazy\" decoding=\"async\" class=\"aligncenter wp-image-2864\" src=\"https:\/\/nhatnam.org\/wp-content\/uploads\/2024\/12\/tu-ao-omega-3-225x300.jpg\" alt=\"T\u1ee7 qu\u1ea7n \u00e1o nh\u00f4m k\u00ednh Omega\" width=\"1200\" height=\"1600\" \/><\/p>\n<p style=\"text-align: justify;\"><span style=\"font-weight: 400;\">T\u1ee7 qu\u1ea7n \u00e1o nh\u00f4m k\u00ednh Omega kh\u00f4ng ch\u1ec9 l\u00e0 m\u1ed9t l\u1ef1a ch\u1ecdn th\u00f4ng minh v\u1ec1 n\u1ed9i th\u1ea5t cho kh\u00f4ng gian s\u1ed1ng c\u1ee7a b\u1ea1n m\u00e0 c\u00f2n l\u00e0 bi\u1ec3u t\u01b0\u1ee3ng c\u1ee7a s\u1ef1 ti\u1ec7n \u00edch, \u0111\u1eb3ng c\u1ea5p v\u00e0 s\u1ef1 hi\u1ec7n \u0111\u1ea1i. V\u1edbi s\u1ef1 k\u1ebft h\u1ee3p ho\u00e0n h\u1ea3o gi\u1eefa ch\u1ea5t l\u01b0\u1ee3ng v\u01b0\u1ee3t tr\u1ed9i, thi\u1ebft k\u1ebf tinh t\u1ebf v\u00e0 t\u00ednh ti\u1ec7n d\u1ee5ng, t\u1ee7 qu\u1ea7n \u00e1o nh\u00f4m k\u00ednh Omega h\u1ee9a h\u1eb9n s\u1ebd l\u00e0m cho kh\u00f4ng gian s\u1ed1ng c\u1ee7a b\u1ea1n tr\u1edf n\u00ean sang tr\u1ecdng, g\u1ecdn g\u00e0ng v\u00e0 phong c\u00e1ch h\u01a1n bao gi\u1edd h\u1ebft.<\/span><\/p>\n<p style=\"text-align: justify;\"><span style=\"font-weight: 400;\">\u0110\u1ec3 s\u1edf h\u1eefu ngay m\u1ed9t chi\u1ebfc t\u1ee7 qu\u1ea7n \u00e1o nh\u00f4m k\u00ednh Omega \u0111\u1eb3ng c\u1ea5p, h\u00e3y li\u00ean h\u1ec7 ngay v\u1edbi N\u1ed9i Th\u1ea5t Nh\u1ea5t Nam &#8211; \u0111\u01a1n v\u1ecb chuy\u00ean cung c\u1ea5p c\u00e1c s\u1ea3n ph\u1ea9m n\u1ed9i th\u1ea5t uy t\u00edn v\u00e0 ch\u1ea5t l\u01b0\u1ee3ng. Ch\u00fang t\u00f4i cam k\u1ebft mang \u0111\u1ebfn cho b\u1ea1n tr\u1ea3i nghi\u1ec7m mua s\u1eafm tuy\u1ec7t v\u1eddi nh\u1ea5t v\u00e0 gi\u1ea3i ph\u00e1p n\u1ed9i th\u1ea5t ho\u00e0n h\u1ea3o cho ng\u00f4i nh\u00e0 c\u1ee7a b\u1ea1n.<\/span><\/p>\n","protected":false},"excerpt":{"rendered":"<p>T\u1ee7 qu\u1ea7n \u00e1o nh\u00f4m Omega l\u00e0 gi\u1ea3i ph\u00e1p n\u1ed9i th\u1ea5t ho\u00e0n h\u1ea3o cho nh\u1eefng ai t\u00ecm ki\u1ebfm s\u1ef1 b\u1ec1n b\u1ec9 v\u00e0 th\u1ea9m m\u1ef9 trong kh\u00f4ng gian s\u1ed1ng. V\u1edbi ch\u1ea5t li\u1ec7u nh\u00f4m cao c\u1ea5p, t\u1ee7 kh\u00f4ng ch\u1ec9 ch\u1ed1ng m\u1ed1i m\u1ecdt, cong v\u00eanh m\u00e0 c\u00f2n c\u00f3 tu\u1ed5i th\u1ecd v\u01b0\u1ee3t tr\u1ed9i so v\u1edbi c\u00e1c lo\u1ea1i t\u1ee7 th\u00f4ng th\u01b0\u1eddng. Thi\u1ebft k\u1ebf hi\u1ec7n \u0111\u1ea1i, ki\u1ec3u d\u00e1ng \u0111a d\u1ea1ng c\u00f9ng m\u00e0u s\u1eafc phong ph\u00fa gi\u00fap t\u1ee7 qu\u1ea7n \u00e1o nh\u00f4m Omega d\u1ec5 d\u00e0ng ph\u00f9 h\u1ee3p v\u1edbi m\u1ecdi phong c\u00e1ch n\u1ed9i th\u1ea5t. \u0110\u00e2y ch\u00ednh l\u00e0 l\u1ef1a ch\u1ecdn l\u00fd t\u01b0\u1edfng \u0111\u1ec3 mang l\u1ea1i s\u1ef1 ti\u1ec7n nghi v\u00e0 sang tr\u1ecdng cho kh\u00f4ng gian c\u1ee7a b\u1ea1n.<\/p>\n","protected":false},"featured_media":1175,"comment_status":"open","ping_status":"closed","template":"","meta":{"_acf_changed":false,"_gspb_post_css":""},"book-author":[],"product_brand":[],"product_cat":[104,108],"product_tag":[],"class_list":{"0":"post-1308","1":"product","2":"type-product","3":"status-publish","4":"has-post-thumbnail","6":"product_cat-noi-that-phong-ngu","7":"product_cat-tu-quan-ao-nhom-hop-kim","9":"first","10":"instock","11":"shipping-taxable","12":"product-type-simple"},"acf":[],"_links":{"self":[{"href":"https:\/\/nhatnam.libion.me\/wp-json\/wp\/v2\/product\/1308","targetHints":{"allow":["GET"]}}],"collection":[{"href":"https:\/\/nhatnam.libion.me\/wp-json\/wp\/v2\/product"}],"about":[{"href":"https:\/\/nhatnam.libion.me\/wp-json\/wp\/v2\/types\/product"}],"replies":[{"embeddable":true,"href":"https:\/\/nhatnam.libion.me\/wp-json\/wp\/v2\/comments?post=1308"}],"wp:featuredmedia":[{"embeddable":true,"href":"https:\/\/nhatnam.libion.me\/wp-json\/wp\/v2\/media\/1175"}],"wp:attachment":[{"href":"https:\/\/nhatnam.libion.me\/wp-json\/wp\/v2\/media?parent=1308"}],"wp:term":[{"taxonomy":"book-author","embeddable":true,"href":"https:\/\/nhatnam.libion.me\/wp-json\/wp\/v2\/book-author?post=1308"},{"taxonomy":"product_brand","embeddable":true,"href":"https:\/\/nhatnam.libion.me\/wp-json\/wp\/v2\/product_brand?post=1308"},{"taxonomy":"product_cat","embeddable":true,"href":"https:\/\/nhatnam.libion.me\/wp-json\/wp\/v2\/product_cat?post=1308"},{"taxonomy":"product_tag","embeddable":true,"href":"https:\/\/nhatnam.libion.me\/wp-json\/wp\/v2\/product_tag?post=1308"}],"curies":[{"name":"wp","href":"https:\/\/api.w.org\/{rel}","templated":true}]}}