{"id":1307,"date":"2026-04-07T10:04:21","date_gmt":"2026-04-07T10:04:21","guid":{"rendered":"https:\/\/nhatnam.libion.me\/index.php\/product\/tu-quan-ao-kich-tran\/"},"modified":"2026-04-07T10:04:22","modified_gmt":"2026-04-07T10:04:22","slug":"tu-quan-ao-kich-tran","status":"publish","type":"product","link":"https:\/\/nhatnam.libion.me\/product\/tu-quan-ao-kich-tran\/","title":{"rendered":"T\u1ee7 Qu\u1ea7n \u00c1o K\u1ecbch Tr\u1ea7n"},"content":{"rendered":"<p style=\"text-align: justify;\"><span style=\"font-weight: 400;\">Cu\u1ed9c s\u1ed1ng ng\u00e0y c\u00e0ng ph\u00e1t tri\u1ec3n k\u00e9o theo nhu c\u1ea7u v\u1ec1 n\u1ed9i th\u1ea5t gia \u0111\u00ecnh ng\u00e0y c\u00e0ng \u0111a d\u1ea1ng v\u00e0 hi\u1ec7n \u0111\u1ea1i h\u01a1n. Trong \u0111\u00f3, t\u1ee7 qu\u1ea7n \u00e1o k\u1ecbch tr\u1ea7n \u0111\u00f3ng vai tr\u00f2 quan tr\u1ecdng kh\u00f4ng th\u1ec3 thi\u1ebfu trong kh\u00f4ng gian ph\u00f2ng ng\u1ee7. V\u1edbi kh\u1ea3 n\u0103ng t\u1eadn d\u1ee5ng kh\u00f4ng gian hi\u1ec7u qu\u1ea3, n\u00f3 mang l\u1ea1i v\u1ebb \u0111\u1eb9p tinh t\u1ebf v\u00e0 th\u1ea9m m\u1ef9 cao cho c\u0103n ph\u00f2ng c\u1ee7a b\u1ea1n. C\u00f9ng N\u1ed9i Th\u1ea5t Nh\u1ea5t Nam t\u00ecm hi\u1ec3u chi ti\u1ebft v\u1ec1 d\u00f2ng s\u1ea3n ph\u1ea9m n\u00e0y qua b\u00e0i vi\u1ebft d\u01b0\u1edbi \u0111\u00e2y nh\u00e9.<\/span><\/p>\n<h2 style=\"text-align: justify;\"><b>1. T\u1ee7 qu\u1ea7n \u00e1o k\u1ecbch tr\u1ea7n l\u00e0 g\u00ec?<\/b><\/h2>\n<p><img loading=\"lazy\" decoding=\"async\" class=\"aligncenter wp-image-2277\" src=\"https:\/\/nhatnam.org\/wp-content\/uploads\/2024\/12\/z6148420055648_7dc09e19cfcb5bb49e12c000ef78c220-300x300.jpg\" alt=\"T\u1ee7 qu\u1ea7n \u00e1o k\u1ecbch tr\u1ea7n\" width=\"1200\" height=\"1200\" \/><\/p>\n<p style=\"text-align: justify;\"><span style=\"font-weight: 400;\">T\u1ee7 qu\u1ea7n \u00e1o k\u1ecbch tr\u1ea7n, c\u00f2n \u0111\u01b0\u1ee3c bi\u1ebft \u0111\u1ebfn v\u1edbi c\u00e1c t\u00ean g\u1ecdi nh\u01b0 t\u1ee7 s\u00e1t tr\u1ea7n ho\u1eb7c t\u1ee7 \u0111\u1ee5ng tr\u1ea7n, l\u00e0 m\u1ed9t ki\u1ec3u t\u1ee7 qu\u1ea7n \u00e1o \u0111\u01b0\u1ee3c thi\u1ebft k\u1ebf c\u00f3 chi\u1ec1u cao \u0111\u1ee7 \u0111\u1ec3 \u0111\u1ee5ng tr\u1ea7n nh\u00e0, t\u1eeb \u0111\u00f3 t\u1eadn d\u1ee5ng t\u1ed1i \u0111a di\u1ec7n t\u00edch kho\u1ea3ng tr\u1ed1ng tr\u00ean cao c\u1ee7a c\u0103n ph\u00f2ng.\u00a0<\/span><\/p>\n<p style=\"text-align: justify;\"><span style=\"font-weight: 400;\">M\u1eabu t\u1ee7 n\u00e0y kh\u00f4ng ch\u1ec9 gi\u00fap ti\u1ebft ki\u1ec7m kh\u00f4ng gian l\u01b0u tr\u1eef m\u00e0 c\u00f2n mang l\u1ea1i v\u1ebb \u0111\u1eb9p th\u1ea9m m\u1ef9 v\u00e0 hi\u1ec7n \u0111\u1ea1i cho kh\u00f4ng gian n\u1ed9i th\u1ea5t ph\u00f2ng ng\u1ee7. \u0110\u00e2y l\u00e0 gi\u1ea3i ph\u00e1p hi\u1ec7u qu\u1ea3 cho nh\u1eefng ph\u00f2ng ng\u1ee7 c\u00f3 di\u1ec7n t\u00edch nh\u1ecf, \u0111\u1eb7c bi\u1ec7t l\u00e0 \u1edf c\u00e1c c\u0103n h\u1ed9 chung c\u01b0.<\/span><\/p>\n<h2 style=\"text-align: justify;\"><b>2. \u01afu v\u00e0 nh\u01b0\u1ee3c \u0111i\u1ec3m c\u1ee7a t\u1ee7 qu\u1ea7n \u00e1o k\u1ecbch tr\u1ea7n<\/b><\/h2>\n<p><img loading=\"lazy\" decoding=\"async\" class=\"aligncenter wp-image-2301\" src=\"https:\/\/nhatnam.org\/wp-content\/uploads\/2024\/12\/z6148420774365_63903fb9b5d45db3c424ec3fecdf2ce9-300x240.jpg\" alt=\"\" width=\"1200\" height=\"961\" \/><\/p>\n<h3 style=\"text-align: justify;\"><strong>\u01afu \u0111i\u1ec3m c\u1ee7a t\u1ee7 qu\u1ea7n \u00e1o k\u1ecbch tr\u1ea7n<\/strong><\/h3>\n<ul style=\"text-align: justify;\">\n<li style=\"font-weight: 400;\" aria-level=\"1\"><span style=\"font-weight: 400;\">T\u00ednh th\u1ea9m m\u1ef9: T\u1ee7 k\u00edch tr\u1ea7n mang l\u1ea1i v\u1ebb \u0111\u1eb9p hi\u1ec7n \u0111\u1ea1i v\u00e0 sang tr\u1ecdng cho kh\u00f4ng gian n\u1ed9i th\u1ea5t ph\u00f2ng ng\u1ee7, t\u1ea1o \u0111i\u1ec3m nh\u1ea5n estetik v\u00e0 n\u00e2ng cao gi\u00e1 tr\u1ecb th\u1ea9m m\u1ef9 c\u1ee7a c\u0103n ph\u00f2ng<\/span><\/li>\n<li style=\"font-weight: 400;\" aria-level=\"1\"><i><span style=\"font-weight: 400;\">T\u1ed1i \u01b0u h\u00f3a kh\u00f4ng gian:<\/span><\/i><span style=\"font-weight: 400;\"> Thi\u1ebft k\u1ebf th\u00f4ng minh gi\u00fap t\u1ee7 qu\u1ea7n \u00e1o k\u1ecbch tr\u1ea7n t\u1eadn d\u1ee5ng kh\u00f4ng gian l\u01b0u tr\u1eef m\u1ed9t c\u00e1ch hi\u1ec7u qu\u1ea3, s\u1eafp x\u1ebfp qu\u1ea7n \u00e1o v\u00e0 ph\u1ee5 ki\u1ec7n g\u1ecdn g\u00e0ng, hi\u1ec7u qu\u1ea3.<\/span><\/li>\n<li style=\"font-weight: 400;\" aria-level=\"1\"><span style=\"font-weight: 400;\">\u0110a d\u1ea1ng v\u1ec1 thi\u1ebft k\u1ebf: C\u00f3 nhi\u1ec1u m\u1eabu m\u00e3 v\u00e0 ki\u1ec3u d\u00e1ng kh\u00e1c nhau, ph\u00f9 h\u1ee3p v\u1edbi m\u1ecdi phong c\u00e1ch trang tr\u00ed v\u00e0 s\u1edf th\u00edch c\u00e1 nh\u00e2n c\u1ee7a ng\u01b0\u1eddi d\u00f9ng.<\/span><\/li>\n<li style=\"font-weight: 400;\" aria-level=\"1\"><i><span style=\"font-weight: 400;\">\u0110\u1ed9 B\u1ec1n v\u00e0 Ch\u1ea5t l\u01b0\u1ee3ng:<\/span><\/i><span style=\"font-weight: 400;\"> S\u1eed d\u1ee5ng c\u00e1c ch\u1ea5t li\u1ec7u cao c\u1ea5p \u0111\u1ea3m b\u1ea3o \u0111\u1ed9 b\u1ec1n v\u00e0 ch\u1ea5t l\u01b0\u1ee3ng s\u1ea3n ph\u1ea9m, l\u00e0 l\u1ef1a ch\u1ecdn \u0111\u1ea7u t\u01b0 l\u00e2u d\u00e0i cho kh\u00f4ng gian s\u1ed1ng.<\/span><\/li>\n<\/ul>\n<h3 style=\"text-align: justify;\"><strong>Nh\u01b0\u1ee3c \u0111i\u1ec3m c\u1ee7a t\u1ee7 qu\u1ea7n \u00e1o k\u1ecbch tr\u1ea7n<\/strong><\/h3>\n<ul style=\"text-align: justify;\">\n<li><span style=\"font-weight: 400;\">Kh\u00f3 b\u1ea3o d\u01b0\u1ee1ng: Vi\u1ec7c d\u1ecdn d\u1eb9p v\u00e0 b\u1ea3o d\u01b0\u1ee1ng c\u00f3 th\u1ec3 ph\u1ee9c t\u1ea1p do c\u00e1c chi ti\u1ebft ph\u1ee9c t\u1ea1p v\u00e0 ch\u1ea5t li\u1ec7u \u0111\u1eb7c bi\u1ec7t c\u1ee7a t\u1ee7.<\/span><\/li>\n<li style=\"font-weight: 400;\" aria-level=\"1\"><span style=\"font-weight: 400;\">Kh\u00f3 di chuy\u1ec3n ho\u1eb7c th\u00e1o l\u1eafp: V\u1edbi chi\u1ec1u cao l\u1edbn v\u00e0 tr\u1ecdng l\u01b0\u1ee3ng kh\u00e1 l\u1edbn, vi\u1ec7c di chuy\u1ec3n ho\u1eb7c th\u00e1o l\u1eafp t\u1ee7 qu\u1ea7n \u00e1o k\u1ecbch tr\u1ea7n c\u00f3 th\u1ec3 g\u1eb7p ph\u1ea3i m\u1ed9t s\u1ed1 kh\u00f3 kh\u0103n.<\/span><\/li>\n<li style=\"font-weight: 400;\" aria-level=\"1\"><span style=\"font-weight: 400;\">Gi\u00e1 c\u1ea3: Gi\u00e1 th\u00e0nh cao h\u01a1n so v\u1edbi c\u00e1c lo\u1ea1i t\u1ee7 th\u00f4ng th\u01b0\u1eddng, \u0111\u00f2i h\u1ecfi s\u1ef1 \u0111\u1ea7u t\u01b0 v\u1ec1 m\u1eb7t t\u00e0i ch\u00ednh t\u1eeb ng\u01b0\u1eddi ti\u00eau d\u00f9ng.<\/span><\/li>\n<\/ul>\n<h2 style=\"text-align: justify;\"><strong>3. T\u00ecm hi\u1ec3u phong c\u00e1ch thi\u1ebft k\u1ebf t\u1ee7 qu\u1ea7n \u00e1o hi\u1ec7n nay<\/strong><\/h2>\n<p style=\"text-align: justify;\"><span style=\"font-weight: 400;\">Phong c\u00e1ch thi\u1ebft k\u1ebf t\u1ee7 qu\u1ea7n \u00e1o hi\u1ec7n nay \u0111a d\u1ea1ng v\u00e0 phong ph\u00fa, \u0111\u00e1p \u1ee9ng nhu c\u1ea7u \u0111a d\u1ea1ng c\u1ee7a ng\u01b0\u1eddi ti\u00eau d\u00f9ng. D\u01b0\u1edbi \u0111\u00e2y l\u00e0 m\u1ed9t s\u1ed1 phong c\u00e1ch thi\u1ebft k\u1ebf ph\u1ed5 bi\u1ebfn:<\/span><\/p>\n<h3 style=\"text-align: justify;\"><strong>Phong c\u00e1ch thi\u1ebft k\u1ebf t\u1ee7 qu\u1ea7n \u00e1o hi\u1ec7n \u0111\u1ea1i<\/strong><\/h3>\n<p style=\"text-align: justify;\"><span style=\"font-weight: 400;\">Phong c\u00e1ch hi\u1ec7n \u0111\u1ea1i trong thi\u1ebft k\u1ebf t\u1ee7 qu\u1ea7n \u00e1o th\u01b0\u1eddng s\u1eed d\u1ee5ng c\u00e1c v\u1eadt li\u1ec7u nh\u01b0 g\u1ed7 c\u00f4ng nghi\u1ec7p, ho\u1eb7c kim lo\u1ea1i nh\u01b0 nh\u00f4m v\u00e0 inox. C\u00e1c v\u1eadt li\u1ec7u n\u00e0y \u0111\u1ec1u ph\u1ed5 bi\u1ebfn v\u00e0 th\u01b0\u1eddng \u0111\u01b0\u1ee3c s\u1eed d\u1ee5ng \u0111\u1ec3 t\u1ea1o ra c\u00e1c s\u1ea3n ph\u1ea9m t\u1ee7 qu\u1ea7n \u00e1o v\u1edbi v\u1ebb ngo\u00e0i hi\u1ec7n \u0111\u1ea1i v\u00e0 \u0111\u1eb3ng c\u1ea5p. Th\u00f4ng th\u01b0\u1eddng, vi\u1ec7c l\u1ef1a ch\u1ecdn v\u1eadt li\u1ec7u ph\u1ee5 thu\u1ed9c v\u00e0o s\u1edf th\u00edch c\u00e1 nh\u00e2n c\u1ee7a ng\u01b0\u1eddi d\u00f9ng, phong c\u00e1ch trang tr\u00ed c\u1ee7a kh\u00f4ng gian s\u1ed1ng, v\u00e0 c\u0169ng nh\u01b0 ng\u00e2n s\u00e1ch d\u00e0nh cho mua s\u1eafm.<\/span><\/p>\n<h3 style=\"text-align: justify;\"><strong>Phong c\u00e1ch thi\u1ebft k\u1ebf t\u1ee7 qu\u1ea7n \u00e1o c\u1ed5 \u0111i\u1ec3n<\/strong><\/h3>\n<p style=\"text-align: justify;\"><span style=\"font-weight: 400;\">T\u1ee7 qu\u1ea7n \u00e1o c\u1ed5 \u0111i\u1ec3n th\u01b0\u1eddng \u0111\u01b0\u1ee3c l\u00e0m t\u1eeb g\u1ed7 t\u1ef1 nhi\u00ean, v\u1edbi thi\u1ebft k\u1ebf t\u1eadp trung v\u00e0o c\u00e1c h\u1ecda ti\u1ebft c\u1ea7u k\u1ef3, hoa v\u0103n, v\u00e0 \u0111\u01b0\u1eddng cong ph\u1ee9c t\u1ea1p. Qu\u00e1 tr\u00ecnh thi c\u00f4ng c\u1ee7a t\u1ee7 qu\u1ea7n \u00e1o c\u1ed5 \u0111i\u1ec3n th\u01b0\u1eddng m\u1ea5t nhi\u1ec1u th\u1eddi gian h\u01a1n so v\u1edbi phong c\u00e1ch hi\u1ec7n \u0111\u1ea1i. Tuy nhi\u00ean, s\u1ef1 \u0111\u1ea7u t\u01b0 v\u00e0 c\u00f4ng s\u1ee9c n\u00e0y mang l\u1ea1i kh\u00f4ng gian s\u1ed1ng tinh t\u1ebf v\u00e0 ho\u00e0n h\u1ea3o, \u0111\u1eb7c bi\u1ec7t ph\u00f9 h\u1ee3p v\u1edbi nh\u1eefng gia ch\u1ee7 y\u00eau th\u00edch kh\u00f4ng gian t\u1ef1 nhi\u00ean.<\/span><\/p>\n<h2 style=\"text-align: justify;\"><b>4. M\u1ed9t s\u1ed1 m\u1eabu t\u1ee7 qu\u1ea7n \u00e1o k\u1ecbch tr\u1ea7n \u0111\u1eb9p t\u1ea1i Nh\u1ea5t Nam<\/b><\/h2>\n<p><img loading=\"lazy\" decoding=\"async\" class=\"aligncenter wp-image-2288\" src=\"https:\/\/nhatnam.org\/wp-content\/uploads\/2024\/12\/z6148420541789_f04a2333523773e8ae05b92eb6f66351-225x300.jpg\" alt=\"\" width=\"1200\" height=\"1602\" \/><\/p>\n<p><img loading=\"lazy\" decoding=\"async\" class=\"aligncenter wp-image-2286\" src=\"https:\/\/nhatnam.org\/wp-content\/uploads\/2024\/12\/z6148420511246_213250531ee4877c183d1663e1e011a7-300x225.jpg\" alt=\"\" width=\"1200\" height=\"900\" \/><\/p>\n<p><img loading=\"lazy\" decoding=\"async\" class=\"aligncenter wp-image-2272\" src=\"https:\/\/nhatnam.org\/wp-content\/uploads\/2024\/12\/z6148419871030_81632b03cb63cff489ea575e82822cd7-300x240.jpg\" alt=\"\" width=\"1200\" height=\"961\" \/><\/p>\n<p><img loading=\"lazy\" decoding=\"async\" class=\"aligncenter wp-image-2492\" src=\"https:\/\/nhatnam.org\/wp-content\/uploads\/2024\/12\/tu-ao07-300x225.jpg\" alt=\"\" width=\"1200\" height=\"900\" \/><\/p>\n<p><img loading=\"lazy\" decoding=\"async\" class=\"aligncenter wp-image-2494\" src=\"https:\/\/nhatnam.org\/wp-content\/uploads\/2024\/12\/tu-ao10-300x225.jpg\" alt=\"\" width=\"1200\" height=\"900\" \/><\/p>\n<h2 style=\"text-align: justify;\"><strong>5. N\u1ed9i Th\u1ea5t Nh\u1ea5t Nam &#8211; \u0111\u01a1n v\u1ecb chuy\u00ean thi\u1ebft k\u1ebf thi c\u00f4ng t\u1ee7 \u00e1o k\u1ecbch tr\u1ea7n ch\u1ea5t l\u01b0\u1ee3ng, gi\u00e1 t\u1ed1t<\/strong><\/h2>\n<p style=\"text-align: justify;\">N\u1ed9i Th\u1ea5t Nh\u1ea5t Nam l\u00e0 \u0111\u01a1n v\u1ecb chuy\u00ean thi\u1ebft k\u1ebf v\u00e0 thi c\u00f4ng t\u1ee7 \u00e1o k\u1ecbch tr\u1ea7n, mang \u0111\u1ebfn nh\u1eefng gi\u1ea3i ph\u00e1p n\u1ed9i th\u1ea5t ti\u1ec7n nghi v\u00e0 sang tr\u1ecdng cho m\u1ecdi gia \u0111\u00ecnh. V\u1edbi nhi\u1ec1u n\u0103m kinh nghi\u1ec7m trong ng\u00e0nh, ch\u00fang t\u00f4i t\u1eadp trung v\u00e0o vi\u1ec7c k\u1ebft h\u1ee3p ho\u00e0n h\u1ea3o gi\u1eefa t\u00ednh th\u1ea9m m\u1ef9, c\u00f4ng n\u0103ng v\u00e0 phong c\u00e1ch thi\u1ebft k\u1ebf ri\u00eang c\u1ee7a t\u1eebng kh\u00e1ch h\u00e0ng.<\/p>\n<p style=\"text-align: justify;\">T\u1ee7 \u00e1o k\u1ecbch tr\u1ea7n l\u00e0 l\u1ef1a ch\u1ecdn l\u00fd t\u01b0\u1edfng \u0111\u1ec3 t\u1ed1i \u01b0u h\u00f3a kh\u00f4ng gian, gi\u00fap c\u0103n ph\u00f2ng tr\u1edf n\u00ean g\u1ecdn g\u00e0ng, hi\u1ec7n \u0111\u1ea1i h\u01a1n. S\u1ea3n ph\u1ea9m c\u1ee7a ch\u00fang t\u00f4i \u0111\u01b0\u1ee3c s\u1ea3n xu\u1ea5t t\u1eeb ch\u1ea5t li\u1ec7u b\u1ec1n b\u1ec9, ch\u1ed1ng m\u1ed1i m\u1ecdt, cong v\u00eanh, v\u00e0 \u0111a d\u1ea1ng v\u1ec1 m\u1eabu m\u00e3 c\u0169ng nh\u01b0 m\u00e0u s\u1eafc, \u0111\u00e1p \u1ee9ng m\u1ecdi nhu c\u1ea7u s\u1eed d\u1ee5ng.<\/p>\n<p style=\"text-align: justify;\">\u0110\u1ed9i ng\u0169 chuy\u00ean gia c\u1ee7a N\u1ed9i Th\u1ea5t Nh\u1ea5t Nam lu\u00f4n l\u00e0m vi\u1ec7c v\u1edbi tinh th\u1ea7n tr\u00e1ch nhi\u1ec7m cao, t\u1ec9 m\u1ec9 trong t\u1eebng chi ti\u1ebft \u0111\u1ec3 t\u1ea1o ra nh\u1eefng s\u1ea3n ph\u1ea9m ch\u1ea5t l\u01b0\u1ee3ng nh\u1ea5t. B\u00ean c\u1ea1nh \u0111\u00f3, ch\u00fang t\u00f4i cam k\u1ebft m\u1ee9c gi\u00e1 c\u1ea1nh tranh c\u00f9ng ch\u00ednh s\u00e1ch b\u1ea3o h\u00e0nh r\u00f5 r\u00e0ng, mang l\u1ea1i s\u1ef1 y\u00ean t\u00e2m cho kh\u00e1ch h\u00e0ng.<\/p>\n<p style=\"text-align: justify;\">\u0110\u1ed3ng h\u00e0nh c\u00f9ng N\u1ed9i Th\u1ea5t Nh\u1ea5t Nam, b\u1ea1n s\u1ebd c\u00f3 m\u1ed9t kh\u00f4ng gian s\u1ed1ng hi\u1ec7n \u0111\u1ea1i, ti\u1ec7n \u00edch v\u00e0 \u0111\u1eadm d\u1ea5u \u1ea5n c\u00e1 nh\u00e2n!<\/p>\n","protected":false},"excerpt":{"rendered":"<p>Cu\u1ed9c s\u1ed1ng ng\u00e0y c\u00e0ng ph\u00e1t tri\u1ec3n k\u00e9o theo nhu c\u1ea7u v\u1ec1 n\u1ed9i th\u1ea5t gia \u0111\u00ecnh ng\u00e0y c\u00e0ng \u0111a d\u1ea1ng v\u00e0 hi\u1ec7n \u0111\u1ea1i h\u01a1n. Trong \u0111\u00f3, t\u1ee7 qu\u1ea7n \u00e1o k\u1ecbch tr\u1ea7n \u0111\u00f3ng vai tr\u00f2 quan tr\u1ecdng kh\u00f4ng th\u1ec3 thi\u1ebfu trong kh\u00f4ng gian ph\u00f2ng ng\u1ee7. V\u1edbi kh\u1ea3 n\u0103ng t\u1eadn d\u1ee5ng kh\u00f4ng gian hi\u1ec7u qu\u1ea3, n\u00f3 mang l\u1ea1i [&hellip;]<\/p>\n","protected":false},"featured_media":1170,"comment_status":"open","ping_status":"closed","template":"","meta":{"_acf_changed":false,"_gspb_post_css":""},"book-author":[],"product_brand":[],"product_cat":[104,105,106,107,108],"product_tag":[],"class_list":{"0":"post-1307","1":"product","2":"type-product","3":"status-publish","4":"has-post-thumbnail","6":"product_cat-noi-that-phong-ngu","7":"product_cat-tu-ao-canh-kinh-cua-lua","8":"product_cat-tu-ao-canh-kinh-cua-mo","9":"product_cat-tu-quan-ao-go-mdf","10":"product_cat-tu-quan-ao-nhom-hop-kim","12":"first","13":"instock","14":"shipping-taxable","15":"product-type-simple"},"acf":[],"_links":{"self":[{"href":"https:\/\/nhatnam.libion.me\/wp-json\/wp\/v2\/product\/1307","targetHints":{"allow":["GET"]}}],"collection":[{"href":"https:\/\/nhatnam.libion.me\/wp-json\/wp\/v2\/product"}],"about":[{"href":"https:\/\/nhatnam.libion.me\/wp-json\/wp\/v2\/types\/product"}],"replies":[{"embeddable":true,"href":"https:\/\/nhatnam.libion.me\/wp-json\/wp\/v2\/comments?post=1307"}],"wp:featuredmedia":[{"embeddable":true,"href":"https:\/\/nhatnam.libion.me\/wp-json\/wp\/v2\/media\/1170"}],"wp:attachment":[{"href":"https:\/\/nhatnam.libion.me\/wp-json\/wp\/v2\/media?parent=1307"}],"wp:term":[{"taxonomy":"book-author","embeddable":true,"href":"https:\/\/nhatnam.libion.me\/wp-json\/wp\/v2\/book-author?post=1307"},{"taxonomy":"product_brand","embeddable":true,"href":"https:\/\/nhatnam.libion.me\/wp-json\/wp\/v2\/product_brand?post=1307"},{"taxonomy":"product_cat","embeddable":true,"href":"https:\/\/nhatnam.libion.me\/wp-json\/wp\/v2\/product_cat?post=1307"},{"taxonomy":"product_tag","embeddable":true,"href":"https:\/\/nhatnam.libion.me\/wp-json\/wp\/v2\/product_tag?post=1307"}],"curies":[{"name":"wp","href":"https:\/\/api.w.org\/{rel}","templated":true}]}}